{"id":15964,"date":"2024-02-13T12:52:52","date_gmt":"2024-02-13T11:52:52","guid":{"rendered":"https:\/\/truusk.store\/product\/solstol-med-solskydd-hopfallbart-justerbart-ryggstod-metallram-187-x-58-x-36-cm-bla\/"},"modified":"2026-03-12T08:59:46","modified_gmt":"2026-03-12T07:59:46","slug":"truusk-solstol-med-solskydd-hopfallbar-och-justerbar-metallram-187-x-58-x-36-cm-bla","status":"publish","type":"product","link":"https:\/\/truusk.store\/sv\/produkt\/truusk-solstol-med-solskydd-hopfallbar-och-justerbar-metallram-187-x-58-x-36-cm-bla\/","title":{"rendered":"TRUUSK Solstol med Solskydd &#8211; Hopf\u00e4llbar och Justerbar &#8211; Metallram &#8211; 187 x 58 x 36 cm &#8211; Bl\u00e5"},"content":{"rendered":"<p>Denna solstol erbjuder inte bara komfort, utan ocks\u00e5 en praktisk, r\u00f6rlig solskydd som skyddar ditt huvud fr\u00e5n UV-str\u00e5lar och l\u00e4tt regn &#8211; vilket minskar risken f\u00f6r v\u00e4rmeslag och v\u00e4ta. Tr\u00e4dg\u00e5rdsstolens ryggst\u00f6d kan justeras i fyra olika l\u00e4gen, s\u00e5 att du kan ligga i en vinkel som passar dig b\u00e4st. Och n\u00e4r du \u00e4r klar vik bara metallramen och f\u00f6rvara solstolen.<\/p>\n<h3>Beskrivning:<\/h3>\n<ul>\n<li>Balkongs\u00e4ng i enkel, platsbesparande design<\/li>\n<li>L\u00e4tt att transportera och reng\u00f6ra<\/li>\n<li>Campings\u00e4ng med multijusterbart ryggst\u00f6d<\/li>\n<li>Med avtagbart solskydd p\u00e5 s\u00e4nggaveln<\/li>\n<li>Perfekt stabilitet<\/li>\n<\/ul>\n<h3>Teknisk data:<\/h3>\n<ul>\n<li>F\u00e4rg bl\u00e5<\/li>\n<li>Material: Oxford polyester, metall<\/li>\n<li>M\u00e5tt p\u00e5 solstol (max utf\u00e4llt): 187L x 58W x 36H cm<\/li>\n<li>Vikm\u00e5tt: 71L x 10,5W x 58H cm<\/li>\n<li>Solskyddsm\u00e5tt: 42L x 50W cm<\/li>\n<li>Lastkapacitet: 120 kg<\/li>\n<\/ul>\n<h3>Leveransens omfattning:<\/h3>\n<ul>\n<li>1 x solstol<\/li>\n<li>1 x Instruktioner<\/li>\n<\/ul>\n","protected":false},"excerpt":{"rendered":"<p>Denna solstol erbjuder inte bara komfort, utan ocks\u00e5 en praktisk, r\u00f6rlig solskydd som skyddar ditt huvud fr\u00e5n UV-str\u00e5lar och l\u00e4tt&#8230;<\/p>\n","protected":false},"featured_media":15965,"template":"","meta":[],"product_brand":[],"product_cat":[451,435,450],"product_tag":[],"class_list":{"0":"post-15964","1":"product","2":"type-product","3":"status-publish","4":"has-post-thumbnail","6":"product_cat-solstolar","7":"product_cat-tradgard-och-terrass","8":"product_cat-tradgardsmobler","10":"first","11":"instock","12":"sale","13":"taxable","14":"shipping-taxable","15":"purchasable","16":"product-type-simple"},"yoast_head":"<!-- This site is optimized with the Yoast SEO plugin v25.4 - https:\/\/yoast.com\/wordpress\/plugins\/seo\/ -->\n<title>TRUUSK Solstol med Solskydd - Hopf\u00e4llbar och Justerbar - Metallram - 187 x 58 x 36 cm - Bl\u00e5 - TRUUSK - Hem, Tr\u00e4dg\u00e5rd &amp; Fritid<\/title>\n<meta name=\"robots\" content=\"index, follow, max-snippet:-1, max-image-preview:large, max-video-preview:-1\" \/>\n<link rel=\"canonical\" href=\"https:\/\/truusk.store\/sv\/produkt\/truusk-solstol-med-solskydd-hopfallbar-och-justerbar-metallram-187-x-58-x-36-cm-bla\/\" \/>\n<meta property=\"og:locale\" content=\"sv_SE\" \/>\n<meta property=\"og:type\" content=\"article\" \/>\n<meta property=\"og:title\" content=\"TRUUSK Solstol med Solskydd - Hopf\u00e4llbar och Justerbar - Metallram - 187 x 58 x 36 cm - Bl\u00e5 - TRUUSK - Hem, Tr\u00e4dg\u00e5rd &amp; Fritid\" \/>\n<meta property=\"og:description\" content=\"Denna solstol erbjuder inte bara komfort, utan ocks\u00e5 en praktisk, r\u00f6rlig solskydd som skyddar ditt huvud fr\u00e5n UV-str\u00e5lar och l\u00e4tt...\" \/>\n<meta property=\"og:url\" content=\"https:\/\/truusk.store\/sv\/produkt\/truusk-solstol-med-solskydd-hopfallbar-och-justerbar-metallram-187-x-58-x-36-cm-bla\/\" \/>\n<meta property=\"og:site_name\" content=\"TRUUSK - Hem, Tr\u00e4dg\u00e5rd &amp; Fritid\" \/>\n<meta property=\"article:modified_time\" content=\"2026-03-12T07:59:46+00:00\" \/>\n<meta property=\"og:image\" content=\"https:\/\/i0.wp.com\/truusk.se\/wp-content\/uploads\/2024\/02\/solstol-med-solskydd-hopfallbart-justerbart-ryggstod-metallram-187-x-58-x-36-cm-bla.webp?fit=800%2C800&ssl=1\" \/>\n\t<meta property=\"og:image:width\" content=\"800\" \/>\n\t<meta property=\"og:image:height\" content=\"800\" \/>\n\t<meta property=\"og:image:type\" content=\"image\/webp\" \/>\n<meta name=\"twitter:card\" content=\"summary_large_image\" \/>\n<meta name=\"twitter:label1\" content=\"Ber\u00e4knad l\u00e4stid\" \/>\n\t<meta name=\"twitter:data1\" content=\"1 minut\" \/>\n<!-- \/ Yoast SEO plugin. -->","yoast_head_json":{"title":"TRUUSK Solstol med Solskydd - Hopf\u00e4llbar och Justerbar - Metallram - 187 x 58 x 36 cm - Bl\u00e5 - TRUUSK - Hem, Tr\u00e4dg\u00e5rd &amp; Fritid","robots":{"index":"index","follow":"follow","max-snippet":"max-snippet:-1","max-image-preview":"max-image-preview:large","max-video-preview":"max-video-preview:-1"},"canonical":"https:\/\/truusk.store\/sv\/produkt\/truusk-solstol-med-solskydd-hopfallbar-och-justerbar-metallram-187-x-58-x-36-cm-bla\/","og_locale":"sv_SE","og_type":"article","og_title":"TRUUSK Solstol med Solskydd - Hopf\u00e4llbar och Justerbar - Metallram - 187 x 58 x 36 cm - Bl\u00e5 - TRUUSK - Hem, Tr\u00e4dg\u00e5rd &amp; Fritid","og_description":"Denna solstol erbjuder inte bara komfort, utan ocks\u00e5 en praktisk, r\u00f6rlig solskydd som skyddar ditt huvud fr\u00e5n UV-str\u00e5lar och l\u00e4tt...","og_url":"https:\/\/truusk.store\/sv\/produkt\/truusk-solstol-med-solskydd-hopfallbar-och-justerbar-metallram-187-x-58-x-36-cm-bla\/","og_site_name":"TRUUSK - Hem, Tr\u00e4dg\u00e5rd &amp; Fritid","article_modified_time":"2026-03-12T07:59:46+00:00","og_image":[{"width":800,"height":800,"url":"https:\/\/i0.wp.com\/truusk.se\/wp-content\/uploads\/2024\/02\/solstol-med-solskydd-hopfallbart-justerbart-ryggstod-metallram-187-x-58-x-36-cm-bla.webp?fit=800%2C800&ssl=1","type":"image\/webp"}],"twitter_card":"summary_large_image","twitter_misc":{"Ber\u00e4knad l\u00e4stid":"1 minut"},"schema":{"@context":"https:\/\/schema.org","@graph":[{"@type":"WebPage","@id":"https:\/\/truusk.store\/sv\/produkt\/truusk-solstol-med-solskydd-hopfallbar-och-justerbar-metallram-187-x-58-x-36-cm-bla\/","url":"https:\/\/truusk.store\/sv\/produkt\/truusk-solstol-med-solskydd-hopfallbar-och-justerbar-metallram-187-x-58-x-36-cm-bla\/","name":"TRUUSK Solstol med Solskydd - Hopf\u00e4llbar och Justerbar - Metallram - 187 x 58 x 36 cm - Bl\u00e5 - TRUUSK - Hem, Tr\u00e4dg\u00e5rd &amp; Fritid","isPartOf":{"@id":"https:\/\/truusk.store\/sv\/#website"},"primaryImageOfPage":{"@id":"https:\/\/truusk.store\/sv\/produkt\/truusk-solstol-med-solskydd-hopfallbar-och-justerbar-metallram-187-x-58-x-36-cm-bla\/#primaryimage"},"image":{"@id":"https:\/\/truusk.store\/sv\/produkt\/truusk-solstol-med-solskydd-hopfallbar-och-justerbar-metallram-187-x-58-x-36-cm-bla\/#primaryimage"},"thumbnailUrl":"https:\/\/i0.wp.com\/truusk.store\/wp-content\/uploads\/2024\/02\/solstol-med-solskydd-hopfallbart-justerbart-ryggstod-metallram-187-x-58-x-36-cm-bla.webp?fit=800%2C800&ssl=1","datePublished":"2024-02-13T11:52:52+00:00","dateModified":"2026-03-12T07:59:46+00:00","breadcrumb":{"@id":"https:\/\/truusk.store\/sv\/produkt\/truusk-solstol-med-solskydd-hopfallbar-och-justerbar-metallram-187-x-58-x-36-cm-bla\/#breadcrumb"},"inLanguage":"sv-SE","potentialAction":[{"@type":"ReadAction","target":["https:\/\/truusk.store\/sv\/produkt\/truusk-solstol-med-solskydd-hopfallbar-och-justerbar-metallram-187-x-58-x-36-cm-bla\/"]}]},{"@type":"ImageObject","inLanguage":"sv-SE","@id":"https:\/\/truusk.store\/sv\/produkt\/truusk-solstol-med-solskydd-hopfallbar-och-justerbar-metallram-187-x-58-x-36-cm-bla\/#primaryimage","url":"https:\/\/i0.wp.com\/truusk.store\/wp-content\/uploads\/2024\/02\/solstol-med-solskydd-hopfallbart-justerbart-ryggstod-metallram-187-x-58-x-36-cm-bla.webp?fit=800%2C800&ssl=1","contentUrl":"https:\/\/i0.wp.com\/truusk.store\/wp-content\/uploads\/2024\/02\/solstol-med-solskydd-hopfallbart-justerbart-ryggstod-metallram-187-x-58-x-36-cm-bla.webp?fit=800%2C800&ssl=1","width":800,"height":800,"caption":"Solstol Med Solskydd, Hopf\u00e4llbart, Justerbart Ryggst\u00f6d, Metallram, 187 X 58 X 36 Cm, Bl\u00e5 1"},{"@type":"BreadcrumbList","@id":"https:\/\/truusk.store\/sv\/produkt\/truusk-solstol-med-solskydd-hopfallbar-och-justerbar-metallram-187-x-58-x-36-cm-bla\/#breadcrumb","itemListElement":[{"@type":"ListItem","position":1,"name":"Home","item":"https:\/\/truusk.store\/sv\/"},{"@type":"ListItem","position":2,"name":"Shop","item":"https:\/\/truusk.store\/shop\/"},{"@type":"ListItem","position":3,"name":"TRUUSK Solstol med Solskydd &#8211; Hopf\u00e4llbar och Justerbar &#8211; Metallram &#8211; 187 x 58 x 36 cm &#8211; Bl\u00e5"}]},{"@type":"WebSite","@id":"https:\/\/truusk.store\/sv\/#website","url":"https:\/\/truusk.store\/sv\/","name":"TRUUSK - Hem, Tr\u00e4dg\u00e5rd & Fritid","description":"","publisher":{"@id":"https:\/\/truusk.store\/sv\/#organization"},"potentialAction":[{"@type":"SearchAction","target":{"@type":"EntryPoint","urlTemplate":"https:\/\/truusk.store\/sv\/?s={search_term_string}"},"query-input":{"@type":"PropertyValueSpecification","valueRequired":true,"valueName":"search_term_string"}}],"inLanguage":"sv-SE"},{"@type":"Organization","@id":"https:\/\/truusk.store\/sv\/#organization","name":"TRUUSK - Hem, Tr\u00e4dg\u00e5rd & Fritid","url":"https:\/\/truusk.store\/sv\/","logo":{"@type":"ImageObject","inLanguage":"sv-SE","@id":"https:\/\/truusk.store\/sv\/#\/schema\/logo\/image\/","url":"https:\/\/i0.wp.com\/truusk.store\/wp-content\/uploads\/2026\/03\/cropped-TRUUSK.png?fit=2032%2C917&ssl=1","contentUrl":"https:\/\/i0.wp.com\/truusk.store\/wp-content\/uploads\/2026\/03\/cropped-TRUUSK.png?fit=2032%2C917&ssl=1","width":2032,"height":917,"caption":"TRUUSK - Hem, Tr\u00e4dg\u00e5rd & Fritid"},"image":{"@id":"https:\/\/truusk.store\/sv\/#\/schema\/logo\/image\/"}}]}},"jetpack_sharing_enabled":true,"_links":{"self":[{"href":"https:\/\/truusk.store\/sv\/wp-json\/wp\/v2\/product\/15964","targetHints":{"allow":["GET"]}}],"collection":[{"href":"https:\/\/truusk.store\/sv\/wp-json\/wp\/v2\/product"}],"about":[{"href":"https:\/\/truusk.store\/sv\/wp-json\/wp\/v2\/types\/product"}],"wp:featuredmedia":[{"embeddable":true,"href":"https:\/\/truusk.store\/sv\/wp-json\/wp\/v2\/media\/15965"}],"wp:attachment":[{"href":"https:\/\/truusk.store\/sv\/wp-json\/wp\/v2\/media?parent=15964"}],"wp:term":[{"taxonomy":"product_brand","embeddable":true,"href":"https:\/\/truusk.store\/sv\/wp-json\/wp\/v2\/product_brand?post=15964"},{"taxonomy":"product_cat","embeddable":true,"href":"https:\/\/truusk.store\/sv\/wp-json\/wp\/v2\/product_cat?post=15964"},{"taxonomy":"product_tag","embeddable":true,"href":"https:\/\/truusk.store\/sv\/wp-json\/wp\/v2\/product_tag?post=15964"}],"curies":[{"name":"wp","href":"https:\/\/api.w.org\/{rel}","templated":true}]}}