{"id":15974,"date":"2024-02-13T12:53:09","date_gmt":"2024-02-13T11:53:09","guid":{"rendered":"https:\/\/truusk.store\/product\/studsmatta-med-skyddsnat-tradgardstrampolin-for-inom-och-utomhusbruk-fitnessstudsmatta-for-barn-och-vuxna-stal-bla-svart-upp-till-1136-kg-305-x-248h-cm\/"},"modified":"2026-03-12T08:59:46","modified_gmt":"2026-03-12T07:59:46","slug":"truusk-tradgardstrampolin-med-skyddsnat-fitnessstudsmatta-for-barn-och-vuxna-stalkonstruktion-bla-svart-305-x-248-cm","status":"publish","type":"product","link":"https:\/\/truusk.store\/sv\/produkt\/truusk-tradgardstrampolin-med-skyddsnat-fitnessstudsmatta-for-barn-och-vuxna-stalkonstruktion-bla-svart-305-x-248-cm\/","title":{"rendered":"TRUUSK Tr\u00e4dg\u00e5rdstrampolin med Skyddsn\u00e4t &#8211; Fitnessstudsmatta f\u00f6r Barn och Vuxna &#8211; St\u00e5lkonstruktion &#8211; Bl\u00e5 + Svart &#8211; 305 x 248 cm &#8211;"},"content":{"rendered":"<p>Om du letar efter ett skonsamt s\u00e4tt att f\u00e5 en bra aerob tr\u00e4ning \u00e4r studsmattan med skyddsn\u00e4t den perfekta l\u00f6sningen f\u00f6r dig. Med den robusta st\u00e5lkonstruktionen och breda hoppplattformen \u00e4r den designad f\u00f6r att f\u00f6rhindra fall och skador. Det \u00e4r den perfekta storleken f\u00f6r att ge timmar av s\u00e4kert hpf-n\u00f6je. En fantastisk f\u00f6rsta studsmatta f\u00f6r dig och ditt barn!<\/p>\n<h3>Beskrivning:<\/h3>\n<ul>\n<li>Kraftig st\u00e5lram och fj\u00e4drar av h\u00f6g kvalitet<\/li>\n<li>Unikt designat h\u00f6ljen\u00e4t ger mer utrymme att hoppa<\/li>\n<li>L\u00e4mplig f\u00f6r inomhus- och utomhusbruk<\/li>\n<li>Helt inneslutningsn\u00e4t och skum f\u00f6r s\u00e4kerhet<\/li>\n<li>En dragkedjef\u00f6rsedd d\u00f6rr med s\u00e4kerhetsl\u00e5s garanterar s\u00e4kerheten och g\u00f6r det enkelt att ta sig in och ur<\/li>\n<li>Perfekt f\u00f6r vuxna och barn, ett bra komplement till ditt stora hem- och utomhusgym<\/li>\n<li>F\u00f6r att bygga muskelmassa och st\u00e4rka axel-, h\u00f6ft- och benmuskler<\/li>\n<\/ul>\n<h3>Teknisk data:<\/h3>\n<ul>\n<li>F\u00e4rg: Bl\u00e5+svart<\/li>\n<li>Material: st\u00e5l, PP PE, PVC, EPE<\/li>\n<li>Totala m\u00e5tt: 305 x 248H cm<\/li>\n<li>Plattform till golv: 68 cm<\/li>\n<li>Storlek p\u00e5 hoppmattan: 270 cm<\/li>\n<li>Storlek p\u00e5 skyddsn\u00e4t: 305 x 180H cm<\/li>\n<li>Lastkapacitet: 113,6 kg<\/li>\n<li>Montering kr\u00e4vs<\/li>\n<\/ul>\n<h3>Leveransens omfattning:<\/h3>\n<ul>\n<li>1 x studsmatta<\/li>\n<li>1 x Instruktioner<\/li>\n<\/ul>\n","protected":false},"excerpt":{"rendered":"<p>Om du letar efter ett skonsamt s\u00e4tt att f\u00e5 en bra aerob tr\u00e4ning \u00e4r studsmattan med skyddsn\u00e4t den perfekta l\u00f6sningen&#8230;<\/p>\n","protected":false},"featured_media":15975,"template":"","meta":[],"product_brand":[],"product_cat":[656,647,657],"product_tag":[],"class_list":{"0":"post-15974","1":"product","2":"type-product","3":"status-publish","4":"has-post-thumbnail","6":"product_cat-spel-hobby","7":"product_cat-sport-fritid","8":"product_cat-studsmattor-tillbehor","10":"first","11":"instock","12":"sale","13":"taxable","14":"shipping-taxable","15":"purchasable","16":"product-type-simple"},"yoast_head":"<!-- This site is optimized with the Yoast SEO plugin v25.4 - https:\/\/yoast.com\/wordpress\/plugins\/seo\/ -->\n<title>TRUUSK Tr\u00e4dg\u00e5rdstrampolin med Skyddsn\u00e4t - Fitnessstudsmatta f\u00f6r Barn och Vuxna - St\u00e5lkonstruktion - Bl\u00e5 + Svart - 305 x 248 cm - TRUUSK - Hem, Tr\u00e4dg\u00e5rd &amp; Fritid<\/title>\n<meta name=\"robots\" content=\"index, follow, max-snippet:-1, max-image-preview:large, max-video-preview:-1\" \/>\n<link rel=\"canonical\" href=\"https:\/\/truusk.store\/sv\/produkt\/truusk-tradgardstrampolin-med-skyddsnat-fitnessstudsmatta-for-barn-och-vuxna-stalkonstruktion-bla-svart-305-x-248-cm\/\" \/>\n<meta property=\"og:locale\" content=\"sv_SE\" \/>\n<meta property=\"og:type\" content=\"article\" \/>\n<meta property=\"og:title\" content=\"TRUUSK Tr\u00e4dg\u00e5rdstrampolin med Skyddsn\u00e4t - Fitnessstudsmatta f\u00f6r Barn och Vuxna - St\u00e5lkonstruktion - Bl\u00e5 + Svart - 305 x 248 cm - TRUUSK - Hem, Tr\u00e4dg\u00e5rd &amp; Fritid\" \/>\n<meta property=\"og:description\" content=\"Om du letar efter ett skonsamt s\u00e4tt att f\u00e5 en bra aerob tr\u00e4ning \u00e4r studsmattan med skyddsn\u00e4t den perfekta l\u00f6sningen...\" \/>\n<meta property=\"og:url\" content=\"https:\/\/truusk.store\/sv\/produkt\/truusk-tradgardstrampolin-med-skyddsnat-fitnessstudsmatta-for-barn-och-vuxna-stalkonstruktion-bla-svart-305-x-248-cm\/\" \/>\n<meta property=\"og:site_name\" content=\"TRUUSK - Hem, Tr\u00e4dg\u00e5rd &amp; Fritid\" \/>\n<meta property=\"article:modified_time\" content=\"2026-03-12T07:59:46+00:00\" \/>\n<meta property=\"og:image\" content=\"https:\/\/i0.wp.com\/truusk.se\/wp-content\/uploads\/2024\/02\/studsmatta-med-skyddsnat-tradgardstrampolin-for-inom-och-utomhusbruk-fitnessstudsmatta-for-barn-och-vuxna-stal-bla-svart-upp-till-1136-kg-305-x-248h-cm.webp?fit=800%2C800&ssl=1\" \/>\n\t<meta property=\"og:image:width\" content=\"800\" \/>\n\t<meta property=\"og:image:height\" content=\"800\" \/>\n\t<meta property=\"og:image:type\" content=\"image\/webp\" \/>\n<meta name=\"twitter:card\" content=\"summary_large_image\" \/>\n<meta name=\"twitter:label1\" content=\"Ber\u00e4knad l\u00e4stid\" \/>\n\t<meta name=\"twitter:data1\" content=\"1 minut\" \/>\n<!-- \/ Yoast SEO plugin. -->","yoast_head_json":{"title":"TRUUSK Tr\u00e4dg\u00e5rdstrampolin med Skyddsn\u00e4t - Fitnessstudsmatta f\u00f6r Barn och Vuxna - St\u00e5lkonstruktion - Bl\u00e5 + Svart - 305 x 248 cm - TRUUSK - Hem, Tr\u00e4dg\u00e5rd &amp; Fritid","robots":{"index":"index","follow":"follow","max-snippet":"max-snippet:-1","max-image-preview":"max-image-preview:large","max-video-preview":"max-video-preview:-1"},"canonical":"https:\/\/truusk.store\/sv\/produkt\/truusk-tradgardstrampolin-med-skyddsnat-fitnessstudsmatta-for-barn-och-vuxna-stalkonstruktion-bla-svart-305-x-248-cm\/","og_locale":"sv_SE","og_type":"article","og_title":"TRUUSK Tr\u00e4dg\u00e5rdstrampolin med Skyddsn\u00e4t - Fitnessstudsmatta f\u00f6r Barn och Vuxna - St\u00e5lkonstruktion - Bl\u00e5 + Svart - 305 x 248 cm - TRUUSK - Hem, Tr\u00e4dg\u00e5rd &amp; Fritid","og_description":"Om du letar efter ett skonsamt s\u00e4tt att f\u00e5 en bra aerob tr\u00e4ning \u00e4r studsmattan med skyddsn\u00e4t den perfekta l\u00f6sningen...","og_url":"https:\/\/truusk.store\/sv\/produkt\/truusk-tradgardstrampolin-med-skyddsnat-fitnessstudsmatta-for-barn-och-vuxna-stalkonstruktion-bla-svart-305-x-248-cm\/","og_site_name":"TRUUSK - Hem, Tr\u00e4dg\u00e5rd &amp; Fritid","article_modified_time":"2026-03-12T07:59:46+00:00","og_image":[{"width":800,"height":800,"url":"https:\/\/i0.wp.com\/truusk.se\/wp-content\/uploads\/2024\/02\/studsmatta-med-skyddsnat-tradgardstrampolin-for-inom-och-utomhusbruk-fitnessstudsmatta-for-barn-och-vuxna-stal-bla-svart-upp-till-1136-kg-305-x-248h-cm.webp?fit=800%2C800&ssl=1","type":"image\/webp"}],"twitter_card":"summary_large_image","twitter_misc":{"Ber\u00e4knad l\u00e4stid":"1 minut"},"schema":{"@context":"https:\/\/schema.org","@graph":[{"@type":"WebPage","@id":"https:\/\/truusk.store\/sv\/produkt\/truusk-tradgardstrampolin-med-skyddsnat-fitnessstudsmatta-for-barn-och-vuxna-stalkonstruktion-bla-svart-305-x-248-cm\/","url":"https:\/\/truusk.store\/sv\/produkt\/truusk-tradgardstrampolin-med-skyddsnat-fitnessstudsmatta-for-barn-och-vuxna-stalkonstruktion-bla-svart-305-x-248-cm\/","name":"TRUUSK Tr\u00e4dg\u00e5rdstrampolin med Skyddsn\u00e4t - Fitnessstudsmatta f\u00f6r Barn och Vuxna - St\u00e5lkonstruktion - Bl\u00e5 + Svart - 305 x 248 cm - TRUUSK - Hem, Tr\u00e4dg\u00e5rd &amp; Fritid","isPartOf":{"@id":"https:\/\/truusk.store\/sv\/#website"},"primaryImageOfPage":{"@id":"https:\/\/truusk.store\/sv\/produkt\/truusk-tradgardstrampolin-med-skyddsnat-fitnessstudsmatta-for-barn-och-vuxna-stalkonstruktion-bla-svart-305-x-248-cm\/#primaryimage"},"image":{"@id":"https:\/\/truusk.store\/sv\/produkt\/truusk-tradgardstrampolin-med-skyddsnat-fitnessstudsmatta-for-barn-och-vuxna-stalkonstruktion-bla-svart-305-x-248-cm\/#primaryimage"},"thumbnailUrl":"https:\/\/i0.wp.com\/truusk.store\/wp-content\/uploads\/2024\/02\/studsmatta-med-skyddsnat-tradgardstrampolin-for-inom-och-utomhusbruk-fitnessstudsmatta-for-barn-och-vuxna-stal-bla-svart-upp-till-1136-kg-305-x-248h-cm.webp?fit=800%2C800&ssl=1","datePublished":"2024-02-13T11:53:09+00:00","dateModified":"2026-03-12T07:59:46+00:00","breadcrumb":{"@id":"https:\/\/truusk.store\/sv\/produkt\/truusk-tradgardstrampolin-med-skyddsnat-fitnessstudsmatta-for-barn-och-vuxna-stalkonstruktion-bla-svart-305-x-248-cm\/#breadcrumb"},"inLanguage":"sv-SE","potentialAction":[{"@type":"ReadAction","target":["https:\/\/truusk.store\/sv\/produkt\/truusk-tradgardstrampolin-med-skyddsnat-fitnessstudsmatta-for-barn-och-vuxna-stalkonstruktion-bla-svart-305-x-248-cm\/"]}]},{"@type":"ImageObject","inLanguage":"sv-SE","@id":"https:\/\/truusk.store\/sv\/produkt\/truusk-tradgardstrampolin-med-skyddsnat-fitnessstudsmatta-for-barn-och-vuxna-stalkonstruktion-bla-svart-305-x-248-cm\/#primaryimage","url":"https:\/\/i0.wp.com\/truusk.store\/wp-content\/uploads\/2024\/02\/studsmatta-med-skyddsnat-tradgardstrampolin-for-inom-och-utomhusbruk-fitnessstudsmatta-for-barn-och-vuxna-stal-bla-svart-upp-till-1136-kg-305-x-248h-cm.webp?fit=800%2C800&ssl=1","contentUrl":"https:\/\/i0.wp.com\/truusk.store\/wp-content\/uploads\/2024\/02\/studsmatta-med-skyddsnat-tradgardstrampolin-for-inom-och-utomhusbruk-fitnessstudsmatta-for-barn-och-vuxna-stal-bla-svart-upp-till-1136-kg-305-x-248h-cm.webp?fit=800%2C800&ssl=1","width":800,"height":800,"caption":"Studsmatta Med Skyddsn\u00e4t Tr\u00e4dg\u00e5rdstrampolin F\u00f6r Inom- Och Utomhusbruk Fitnessstudsmatta F\u00f6r Barn Och Vuxna St\u00e5l Bl\u00e5 + Svart Upp Till 113,6 Kg 305 X 248H Cm 1"},{"@type":"BreadcrumbList","@id":"https:\/\/truusk.store\/sv\/produkt\/truusk-tradgardstrampolin-med-skyddsnat-fitnessstudsmatta-for-barn-och-vuxna-stalkonstruktion-bla-svart-305-x-248-cm\/#breadcrumb","itemListElement":[{"@type":"ListItem","position":1,"name":"Home","item":"https:\/\/truusk.store\/sv\/"},{"@type":"ListItem","position":2,"name":"Shop","item":"https:\/\/truusk.store\/shop\/"},{"@type":"ListItem","position":3,"name":"TRUUSK Tr\u00e4dg\u00e5rdstrampolin med Skyddsn\u00e4t &#8211; Fitnessstudsmatta f\u00f6r Barn och Vuxna &#8211; St\u00e5lkonstruktion &#8211; Bl\u00e5 + Svart &#8211; 305 x 248 cm &#8211;"}]},{"@type":"WebSite","@id":"https:\/\/truusk.store\/sv\/#website","url":"https:\/\/truusk.store\/sv\/","name":"TRUUSK - Hem, Tr\u00e4dg\u00e5rd & Fritid","description":"","publisher":{"@id":"https:\/\/truusk.store\/sv\/#organization"},"potentialAction":[{"@type":"SearchAction","target":{"@type":"EntryPoint","urlTemplate":"https:\/\/truusk.store\/sv\/?s={search_term_string}"},"query-input":{"@type":"PropertyValueSpecification","valueRequired":true,"valueName":"search_term_string"}}],"inLanguage":"sv-SE"},{"@type":"Organization","@id":"https:\/\/truusk.store\/sv\/#organization","name":"TRUUSK - Hem, Tr\u00e4dg\u00e5rd & Fritid","url":"https:\/\/truusk.store\/sv\/","logo":{"@type":"ImageObject","inLanguage":"sv-SE","@id":"https:\/\/truusk.store\/sv\/#\/schema\/logo\/image\/","url":"https:\/\/i0.wp.com\/truusk.store\/wp-content\/uploads\/2026\/03\/cropped-TRUUSK.png?fit=2032%2C917&ssl=1","contentUrl":"https:\/\/i0.wp.com\/truusk.store\/wp-content\/uploads\/2026\/03\/cropped-TRUUSK.png?fit=2032%2C917&ssl=1","width":2032,"height":917,"caption":"TRUUSK - Hem, Tr\u00e4dg\u00e5rd & Fritid"},"image":{"@id":"https:\/\/truusk.store\/sv\/#\/schema\/logo\/image\/"}}]}},"jetpack_sharing_enabled":true,"_links":{"self":[{"href":"https:\/\/truusk.store\/sv\/wp-json\/wp\/v2\/product\/15974","targetHints":{"allow":["GET"]}}],"collection":[{"href":"https:\/\/truusk.store\/sv\/wp-json\/wp\/v2\/product"}],"about":[{"href":"https:\/\/truusk.store\/sv\/wp-json\/wp\/v2\/types\/product"}],"wp:featuredmedia":[{"embeddable":true,"href":"https:\/\/truusk.store\/sv\/wp-json\/wp\/v2\/media\/15975"}],"wp:attachment":[{"href":"https:\/\/truusk.store\/sv\/wp-json\/wp\/v2\/media?parent=15974"}],"wp:term":[{"taxonomy":"product_brand","embeddable":true,"href":"https:\/\/truusk.store\/sv\/wp-json\/wp\/v2\/product_brand?post=15974"},{"taxonomy":"product_cat","embeddable":true,"href":"https:\/\/truusk.store\/sv\/wp-json\/wp\/v2\/product_cat?post=15974"},{"taxonomy":"product_tag","embeddable":true,"href":"https:\/\/truusk.store\/sv\/wp-json\/wp\/v2\/product_tag?post=15974"}],"curies":[{"name":"wp","href":"https:\/\/api.w.org\/{rel}","templated":true}]}}