{"id":16018,"date":"2024-02-13T12:54:21","date_gmt":"2024-02-13T11:54:21","guid":{"rendered":"https:\/\/truusk.store\/product\/vibrationsplatta-vibrationstranare-vibrationsenhet-fitnesstranare-led-display-usb-hogtalare-traningsband-fjarrkontroll\/"},"modified":"2026-03-12T09:00:23","modified_gmt":"2026-03-12T08:00:23","slug":"truusk-vibrationsplatta-med-led-display-usb-hogtalare-traningsband-fjarrkontroll-fitness-hemmatraning-svart","status":"publish","type":"product","link":"https:\/\/truusk.store\/sv\/produkt\/truusk-vibrationsplatta-med-led-display-usb-hogtalare-traningsband-fjarrkontroll-fitness-hemmatraning-svart\/","title":{"rendered":"TRUUSK Vibrationsplatta med LED-display &#8211; USB-h\u00f6gtalare &#8211; Tr\u00e4ningsband &#8211; Fj\u00e4rrkontroll &#8211; Fitness &#8211; Hemmatr\u00e4ning &#8211; Svart"},"content":{"rendered":"<p>Tr\u00e4ning har aldrig varit s\u00e5 l\u00e4tt och trevlig! Placera den helt enkelt p\u00e5 vibrationsplattan, sl\u00e5 p\u00e5 enheten med fj\u00e4rrkontrollen och fettf\u00f6rbr\u00e4nningen b\u00f6rjar. F\u00f6r att specifikt tr\u00e4na specifika muskelgrupper kan du \u00e4ven kombinera din tr\u00e4ning med andra \u00f6vningar s\u00e5som armh\u00e4vningar. Vibrationstr\u00e4naren hj\u00e4lper dig att uppn\u00e5 dina m\u00e5l med liten anstr\u00e4ngning, oavsett om det \u00e4r viktminskning, muskeluppbyggnad eller kondition. Med de 99 vibrationsniv\u00e5erna \u00e4r du s\u00e4ker p\u00e5 att hitta r\u00e4tt intensitet f\u00f6r dig.<\/p>\n<h3>Beskrivning:<\/h3>\n<ul>\n<li>Med 99 vibrationsniv\u00e5er<\/li>\n<li>LED-display f\u00f6r att visa intensitet och tid<\/li>\n<li>Styr vibration och musik med fj\u00e4rrkontrollen<\/li>\n<li>2 avtagbara motst\u00e5ndsband f\u00f6r armtr\u00e4ning<\/li>\n<li>Spela musik under tr\u00e4ning med USB-port (importera musik sj\u00e4lv)<\/li>\n<li>Kompakt storlek<\/li>\n<li>Stor vibrationsyta p\u00e5 54 x 33 cm, kan h\u00e5lla upp till 120 kg<\/li>\n<li>OBSERVERA: Anv\u00e4nd endast av barn under uppsikt av vuxen<\/li>\n<li>Anv\u00e4nd inte denna enhet om du f\u00e5r medicinsk behandling eller har en fysisk skada.<\/li>\n<\/ul>\n<h3>Teknisk data:<\/h3>\n<ul>\n<li>Material: metall, ABS, TPR-gummi<\/li>\n<li>F\u00e4rg: Svart + Beige + Brun<\/li>\n<li>Vikt: 9 kg<\/li>\n<li>\u00d6vergripande m\u00e5tt: L54 x B33 x H14 cm<\/li>\n<li>Effekt: 200W<\/li>\n<li>Sp\u00e4nning: 220240V\/50Hz<\/li>\n<li>Frekvens: 112Hz<\/li>\n<li>Max lastkapacitet: 120 kg<\/li>\n<\/ul>\n<h3>Leveransens omfattning:<\/h3>\n<ul>\n<li>1 x Vibrationsplatta<\/li>\n<li>2 x motst\u00e5ndsband<\/li>\n<li>1 x Fj\u00e4rrkontroll<\/li>\n<li>1 x Anv\u00e4ndarmanual<\/li>\n<\/ul>\n","protected":false},"excerpt":{"rendered":"<p>Tr\u00e4ning har aldrig varit s\u00e5 l\u00e4tt och trevlig! Placera den helt enkelt p\u00e5 vibrationsplattan, sl\u00e5 p\u00e5 enheten med fj\u00e4rrkontrollen och&#8230;<\/p>\n","protected":false},"featured_media":16019,"template":"","meta":[],"product_brand":[],"product_cat":[661,743,647],"product_tag":[],"class_list":{"0":"post-16018","1":"product","2":"type-product","3":"status-publish","4":"has-post-thumbnail","6":"product_cat-kondition-styrketraning","7":"product_cat-quiltbrador-och-mini-stepper","8":"product_cat-sport-fritid","10":"first","11":"instock","12":"sale","13":"taxable","14":"shipping-taxable","15":"purchasable","16":"product-type-simple"},"yoast_head":"<!-- This site is optimized with the Yoast SEO plugin v25.4 - https:\/\/yoast.com\/wordpress\/plugins\/seo\/ -->\n<title>TRUUSK Vibrationsplatta med LED-display - USB-h\u00f6gtalare - Tr\u00e4ningsband - Fj\u00e4rrkontroll - Fitness - Hemmatr\u00e4ning - Svart - TRUUSK - Hem, Tr\u00e4dg\u00e5rd &amp; Fritid<\/title>\n<meta name=\"robots\" content=\"index, follow, max-snippet:-1, max-image-preview:large, max-video-preview:-1\" \/>\n<link rel=\"canonical\" href=\"https:\/\/truusk.store\/sv\/produkt\/truusk-vibrationsplatta-med-led-display-usb-hogtalare-traningsband-fjarrkontroll-fitness-hemmatraning-svart\/\" \/>\n<meta property=\"og:locale\" content=\"sv_SE\" \/>\n<meta property=\"og:type\" content=\"article\" \/>\n<meta property=\"og:title\" content=\"TRUUSK Vibrationsplatta med LED-display - USB-h\u00f6gtalare - Tr\u00e4ningsband - Fj\u00e4rrkontroll - Fitness - Hemmatr\u00e4ning - Svart - TRUUSK - Hem, Tr\u00e4dg\u00e5rd &amp; Fritid\" \/>\n<meta property=\"og:description\" content=\"Tr\u00e4ning har aldrig varit s\u00e5 l\u00e4tt och trevlig! Placera den helt enkelt p\u00e5 vibrationsplattan, sl\u00e5 p\u00e5 enheten med fj\u00e4rrkontrollen och...\" \/>\n<meta property=\"og:url\" content=\"https:\/\/truusk.store\/sv\/produkt\/truusk-vibrationsplatta-med-led-display-usb-hogtalare-traningsband-fjarrkontroll-fitness-hemmatraning-svart\/\" \/>\n<meta property=\"og:site_name\" content=\"TRUUSK - Hem, Tr\u00e4dg\u00e5rd &amp; Fritid\" \/>\n<meta property=\"article:modified_time\" content=\"2026-03-12T08:00:23+00:00\" \/>\n<meta property=\"og:image\" content=\"https:\/\/i0.wp.com\/truusk.se\/wp-content\/uploads\/2024\/02\/vibrationsplatta-vibrationstranare-vibrationsenhet-fitnesstranare-led-display-usb-hogtalare-traningsband-fjarrkontroll.webp?fit=800%2C800&ssl=1\" \/>\n\t<meta property=\"og:image:width\" content=\"800\" \/>\n\t<meta property=\"og:image:height\" content=\"800\" \/>\n\t<meta property=\"og:image:type\" content=\"image\/webp\" \/>\n<meta name=\"twitter:card\" content=\"summary_large_image\" \/>\n<meta name=\"twitter:label1\" content=\"Ber\u00e4knad l\u00e4stid\" \/>\n\t<meta name=\"twitter:data1\" content=\"1 minut\" \/>\n<!-- \/ Yoast SEO plugin. -->","yoast_head_json":{"title":"TRUUSK Vibrationsplatta med LED-display - USB-h\u00f6gtalare - Tr\u00e4ningsband - Fj\u00e4rrkontroll - Fitness - Hemmatr\u00e4ning - Svart - TRUUSK - Hem, Tr\u00e4dg\u00e5rd &amp; Fritid","robots":{"index":"index","follow":"follow","max-snippet":"max-snippet:-1","max-image-preview":"max-image-preview:large","max-video-preview":"max-video-preview:-1"},"canonical":"https:\/\/truusk.store\/sv\/produkt\/truusk-vibrationsplatta-med-led-display-usb-hogtalare-traningsband-fjarrkontroll-fitness-hemmatraning-svart\/","og_locale":"sv_SE","og_type":"article","og_title":"TRUUSK Vibrationsplatta med LED-display - USB-h\u00f6gtalare - Tr\u00e4ningsband - Fj\u00e4rrkontroll - Fitness - Hemmatr\u00e4ning - Svart - TRUUSK - Hem, Tr\u00e4dg\u00e5rd &amp; Fritid","og_description":"Tr\u00e4ning har aldrig varit s\u00e5 l\u00e4tt och trevlig! Placera den helt enkelt p\u00e5 vibrationsplattan, sl\u00e5 p\u00e5 enheten med fj\u00e4rrkontrollen och...","og_url":"https:\/\/truusk.store\/sv\/produkt\/truusk-vibrationsplatta-med-led-display-usb-hogtalare-traningsband-fjarrkontroll-fitness-hemmatraning-svart\/","og_site_name":"TRUUSK - Hem, Tr\u00e4dg\u00e5rd &amp; Fritid","article_modified_time":"2026-03-12T08:00:23+00:00","og_image":[{"width":800,"height":800,"url":"https:\/\/i0.wp.com\/truusk.se\/wp-content\/uploads\/2024\/02\/vibrationsplatta-vibrationstranare-vibrationsenhet-fitnesstranare-led-display-usb-hogtalare-traningsband-fjarrkontroll.webp?fit=800%2C800&ssl=1","type":"image\/webp"}],"twitter_card":"summary_large_image","twitter_misc":{"Ber\u00e4knad l\u00e4stid":"1 minut"},"schema":{"@context":"https:\/\/schema.org","@graph":[{"@type":"WebPage","@id":"https:\/\/truusk.store\/sv\/produkt\/truusk-vibrationsplatta-med-led-display-usb-hogtalare-traningsband-fjarrkontroll-fitness-hemmatraning-svart\/","url":"https:\/\/truusk.store\/sv\/produkt\/truusk-vibrationsplatta-med-led-display-usb-hogtalare-traningsband-fjarrkontroll-fitness-hemmatraning-svart\/","name":"TRUUSK Vibrationsplatta med LED-display - USB-h\u00f6gtalare - Tr\u00e4ningsband - Fj\u00e4rrkontroll - Fitness - Hemmatr\u00e4ning - Svart - TRUUSK - Hem, Tr\u00e4dg\u00e5rd &amp; Fritid","isPartOf":{"@id":"https:\/\/truusk.store\/sv\/#website"},"primaryImageOfPage":{"@id":"https:\/\/truusk.store\/sv\/produkt\/truusk-vibrationsplatta-med-led-display-usb-hogtalare-traningsband-fjarrkontroll-fitness-hemmatraning-svart\/#primaryimage"},"image":{"@id":"https:\/\/truusk.store\/sv\/produkt\/truusk-vibrationsplatta-med-led-display-usb-hogtalare-traningsband-fjarrkontroll-fitness-hemmatraning-svart\/#primaryimage"},"thumbnailUrl":"https:\/\/i0.wp.com\/truusk.store\/wp-content\/uploads\/2024\/02\/vibrationsplatta-vibrationstranare-vibrationsenhet-fitnesstranare-led-display-usb-hogtalare-traningsband-fjarrkontroll.webp?fit=800%2C800&ssl=1","datePublished":"2024-02-13T11:54:21+00:00","dateModified":"2026-03-12T08:00:23+00:00","breadcrumb":{"@id":"https:\/\/truusk.store\/sv\/produkt\/truusk-vibrationsplatta-med-led-display-usb-hogtalare-traningsband-fjarrkontroll-fitness-hemmatraning-svart\/#breadcrumb"},"inLanguage":"sv-SE","potentialAction":[{"@type":"ReadAction","target":["https:\/\/truusk.store\/sv\/produkt\/truusk-vibrationsplatta-med-led-display-usb-hogtalare-traningsband-fjarrkontroll-fitness-hemmatraning-svart\/"]}]},{"@type":"ImageObject","inLanguage":"sv-SE","@id":"https:\/\/truusk.store\/sv\/produkt\/truusk-vibrationsplatta-med-led-display-usb-hogtalare-traningsband-fjarrkontroll-fitness-hemmatraning-svart\/#primaryimage","url":"https:\/\/i0.wp.com\/truusk.store\/wp-content\/uploads\/2024\/02\/vibrationsplatta-vibrationstranare-vibrationsenhet-fitnesstranare-led-display-usb-hogtalare-traningsband-fjarrkontroll.webp?fit=800%2C800&ssl=1","contentUrl":"https:\/\/i0.wp.com\/truusk.store\/wp-content\/uploads\/2024\/02\/vibrationsplatta-vibrationstranare-vibrationsenhet-fitnesstranare-led-display-usb-hogtalare-traningsband-fjarrkontroll.webp?fit=800%2C800&ssl=1","width":800,"height":800,"caption":"Vibrationsplatta Vibrationstr\u00e4nare Vibrationsenhet Fitnesstr\u00e4nare LED-display USB-h\u00f6gtalare Tr\u00e4ningsband Fj\u00e4rrkontroll 1"},{"@type":"BreadcrumbList","@id":"https:\/\/truusk.store\/sv\/produkt\/truusk-vibrationsplatta-med-led-display-usb-hogtalare-traningsband-fjarrkontroll-fitness-hemmatraning-svart\/#breadcrumb","itemListElement":[{"@type":"ListItem","position":1,"name":"Home","item":"https:\/\/truusk.store\/sv\/"},{"@type":"ListItem","position":2,"name":"Shop","item":"https:\/\/truusk.store\/shop\/"},{"@type":"ListItem","position":3,"name":"TRUUSK Vibrationsplatta med LED-display &#8211; USB-h\u00f6gtalare &#8211; Tr\u00e4ningsband &#8211; Fj\u00e4rrkontroll &#8211; Fitness &#8211; Hemmatr\u00e4ning &#8211; Svart"}]},{"@type":"WebSite","@id":"https:\/\/truusk.store\/sv\/#website","url":"https:\/\/truusk.store\/sv\/","name":"TRUUSK - Hem, Tr\u00e4dg\u00e5rd & Fritid","description":"","publisher":{"@id":"https:\/\/truusk.store\/sv\/#organization"},"potentialAction":[{"@type":"SearchAction","target":{"@type":"EntryPoint","urlTemplate":"https:\/\/truusk.store\/sv\/?s={search_term_string}"},"query-input":{"@type":"PropertyValueSpecification","valueRequired":true,"valueName":"search_term_string"}}],"inLanguage":"sv-SE"},{"@type":"Organization","@id":"https:\/\/truusk.store\/sv\/#organization","name":"TRUUSK - Hem, Tr\u00e4dg\u00e5rd & Fritid","url":"https:\/\/truusk.store\/sv\/","logo":{"@type":"ImageObject","inLanguage":"sv-SE","@id":"https:\/\/truusk.store\/sv\/#\/schema\/logo\/image\/","url":"https:\/\/i0.wp.com\/truusk.store\/wp-content\/uploads\/2026\/03\/cropped-TRUUSK.png?fit=2032%2C917&ssl=1","contentUrl":"https:\/\/i0.wp.com\/truusk.store\/wp-content\/uploads\/2026\/03\/cropped-TRUUSK.png?fit=2032%2C917&ssl=1","width":2032,"height":917,"caption":"TRUUSK - Hem, Tr\u00e4dg\u00e5rd & Fritid"},"image":{"@id":"https:\/\/truusk.store\/sv\/#\/schema\/logo\/image\/"}}]}},"jetpack_sharing_enabled":true,"_links":{"self":[{"href":"https:\/\/truusk.store\/sv\/wp-json\/wp\/v2\/product\/16018","targetHints":{"allow":["GET"]}}],"collection":[{"href":"https:\/\/truusk.store\/sv\/wp-json\/wp\/v2\/product"}],"about":[{"href":"https:\/\/truusk.store\/sv\/wp-json\/wp\/v2\/types\/product"}],"wp:featuredmedia":[{"embeddable":true,"href":"https:\/\/truusk.store\/sv\/wp-json\/wp\/v2\/media\/16019"}],"wp:attachment":[{"href":"https:\/\/truusk.store\/sv\/wp-json\/wp\/v2\/media?parent=16018"}],"wp:term":[{"taxonomy":"product_brand","embeddable":true,"href":"https:\/\/truusk.store\/sv\/wp-json\/wp\/v2\/product_brand?post=16018"},{"taxonomy":"product_cat","embeddable":true,"href":"https:\/\/truusk.store\/sv\/wp-json\/wp\/v2\/product_cat?post=16018"},{"taxonomy":"product_tag","embeddable":true,"href":"https:\/\/truusk.store\/sv\/wp-json\/wp\/v2\/product_tag?post=16018"}],"curies":[{"name":"wp","href":"https:\/\/api.w.org\/{rel}","templated":true}]}}