{"id":16028,"date":"2024-02-13T12:54:40","date_gmt":"2024-02-13T11:54:40","guid":{"rendered":"https:\/\/truusk.store\/product\/hangbank-2-sits-tradgardsgunga-gungbank-hollywood-swing-flytande-bank-med-kedjor-metall-svart-127-x-60-x-53-cm\/"},"modified":"2026-03-12T09:00:23","modified_gmt":"2026-03-12T08:00:23","slug":"truusk-2-sits-tradgardsgunga-hollywood-swing-flytande-bank-kedjor-metall-svart-127-x-60-x-53-cm","status":"publish","type":"product","link":"https:\/\/truusk.store\/sv\/produkt\/truusk-2-sits-tradgardsgunga-hollywood-swing-flytande-bank-kedjor-metall-svart-127-x-60-x-53-cm\/","title":{"rendered":"TRUUSK 2-sits Tr\u00e4dg\u00e5rdsgunga Hollywood Swing &#8211; Flytande B\u00e4nk &#8211; Kedjor &#8211; Metall &#8211; Svart &#8211; 127 x 60 x 53 cm"},"content":{"rendered":"<p>Uppfyll din dr\u00f6m om en romantisk h\u00e4ngb\u00e4nk med v\u00e5r gungb\u00e4nk. V\u00e5r gungb\u00e4nk av stark pulverlackerad metall erbjuder bekv\u00e4mt utrymme f\u00f6r upp till tv\u00e5 personer tack vare sin breda sits. Tack vare de tv\u00e5 metallkedjorna kan du enkelt montera din tr\u00e4dg\u00e5rdsgunga. Njut av varma sommardagar och avkopplande solnedg\u00e5ngar i ditt gr\u00f6na paradis p\u00e5 v\u00e5r verandagunga.<\/p>\n<h3>Beskrivning:<\/h3>\n<ul>\n<li>H\u00e4ngb\u00e4nk i elegant design f\u00f6r tr\u00e4dg\u00e5rden, terrassen eller balkongen<\/li>\n<li>Erbjuder plats f\u00f6r avkoppling f\u00f6r upp till 2 personer<\/li>\n<li>Pulverlackerad metallram: stabil och b\u00e4rande<\/li>\n<li>Bred, bekv\u00e4m sits f\u00f6r h\u00f6g komfort<\/li>\n<li>2 metallkedjor f\u00f6r enkel upph\u00e4ngning<\/li>\n<li>Enkel konstruktion<\/li>\n<\/ul>\n<h3>Teknisk data:<\/h3>\n<ul>\n<li>Material: metall<\/li>\n<li>Svart f\u00e4rg<\/li>\n<li>Totalm\u00e5tt: B127x D60 x H53 cm<\/li>\n<li>Sittyta: B121 x D40,5 cm<\/li>\n<li>H\u00f6jd p\u00e5 ryggst\u00f6d: 34 cm<\/li>\n<li>L\u00e4ngd p\u00e5 metallkedjor: 350 cm<\/li>\n<li>Max lastkapacitet: 240 kg<\/li>\n<\/ul>\n<h3>Leveransens omfattning:<\/h3>\n<ul>\n<li>1 x h\u00e4ngb\u00e4nk inklusive metallkedjor;<\/li>\n<\/ul>\n","protected":false},"excerpt":{"rendered":"<p>Uppfyll din dr\u00f6m om en romantisk h\u00e4ngb\u00e4nk med v\u00e5r gungb\u00e4nk. V\u00e5r gungb\u00e4nk av stark pulverlackerad metall erbjuder bekv\u00e4mt utrymme f\u00f6r&#8230;<\/p>\n","protected":false},"featured_media":16029,"template":"","meta":[],"product_brand":[],"product_cat":[453,435,450],"product_tag":[],"class_list":{"0":"post-16028","1":"product","2":"type-product","3":"status-publish","4":"has-post-thumbnail","6":"product_cat-hollywood-gungor","7":"product_cat-tradgard-och-terrass","8":"product_cat-tradgardsmobler","10":"first","11":"instock","12":"sale","13":"taxable","14":"shipping-taxable","15":"purchasable","16":"product-type-simple"},"yoast_head":"<!-- This site is optimized with the Yoast SEO plugin v25.4 - https:\/\/yoast.com\/wordpress\/plugins\/seo\/ -->\n<title>TRUUSK 2-sits Tr\u00e4dg\u00e5rdsgunga Hollywood Swing - Flytande B\u00e4nk - Kedjor - Metall - Svart - 127 x 60 x 53 cm - TRUUSK - Hem, Tr\u00e4dg\u00e5rd &amp; Fritid<\/title>\n<meta name=\"robots\" content=\"index, follow, max-snippet:-1, max-image-preview:large, max-video-preview:-1\" \/>\n<link rel=\"canonical\" href=\"https:\/\/truusk.store\/sv\/produkt\/truusk-2-sits-tradgardsgunga-hollywood-swing-flytande-bank-kedjor-metall-svart-127-x-60-x-53-cm\/\" \/>\n<meta property=\"og:locale\" content=\"sv_SE\" \/>\n<meta property=\"og:type\" content=\"article\" \/>\n<meta property=\"og:title\" content=\"TRUUSK 2-sits Tr\u00e4dg\u00e5rdsgunga Hollywood Swing - Flytande B\u00e4nk - Kedjor - Metall - Svart - 127 x 60 x 53 cm - TRUUSK - Hem, Tr\u00e4dg\u00e5rd &amp; Fritid\" \/>\n<meta property=\"og:description\" content=\"Uppfyll din dr\u00f6m om en romantisk h\u00e4ngb\u00e4nk med v\u00e5r gungb\u00e4nk. V\u00e5r gungb\u00e4nk av stark pulverlackerad metall erbjuder bekv\u00e4mt utrymme f\u00f6r...\" \/>\n<meta property=\"og:url\" content=\"https:\/\/truusk.store\/sv\/produkt\/truusk-2-sits-tradgardsgunga-hollywood-swing-flytande-bank-kedjor-metall-svart-127-x-60-x-53-cm\/\" \/>\n<meta property=\"og:site_name\" content=\"TRUUSK - Hem, Tr\u00e4dg\u00e5rd &amp; Fritid\" \/>\n<meta property=\"article:modified_time\" content=\"2026-03-12T08:00:23+00:00\" \/>\n<meta property=\"og:image\" content=\"https:\/\/i0.wp.com\/truusk.se\/wp-content\/uploads\/2024\/02\/hangbank-2-sits-tradgardsgunga-gungbank-hollywood-swing-flytande-bank-med-kedjor-metall-svart-127-x-60-x-53-cm.webp?fit=800%2C800&ssl=1\" \/>\n\t<meta property=\"og:image:width\" content=\"800\" \/>\n\t<meta property=\"og:image:height\" content=\"800\" \/>\n\t<meta property=\"og:image:type\" content=\"image\/webp\" \/>\n<meta name=\"twitter:card\" content=\"summary_large_image\" \/>\n<meta name=\"twitter:label1\" content=\"Ber\u00e4knad l\u00e4stid\" \/>\n\t<meta name=\"twitter:data1\" content=\"1 minut\" \/>\n<!-- \/ Yoast SEO plugin. -->","yoast_head_json":{"title":"TRUUSK 2-sits Tr\u00e4dg\u00e5rdsgunga Hollywood Swing - Flytande B\u00e4nk - Kedjor - Metall - Svart - 127 x 60 x 53 cm - TRUUSK - Hem, Tr\u00e4dg\u00e5rd &amp; Fritid","robots":{"index":"index","follow":"follow","max-snippet":"max-snippet:-1","max-image-preview":"max-image-preview:large","max-video-preview":"max-video-preview:-1"},"canonical":"https:\/\/truusk.store\/sv\/produkt\/truusk-2-sits-tradgardsgunga-hollywood-swing-flytande-bank-kedjor-metall-svart-127-x-60-x-53-cm\/","og_locale":"sv_SE","og_type":"article","og_title":"TRUUSK 2-sits Tr\u00e4dg\u00e5rdsgunga Hollywood Swing - Flytande B\u00e4nk - Kedjor - Metall - Svart - 127 x 60 x 53 cm - TRUUSK - Hem, Tr\u00e4dg\u00e5rd &amp; Fritid","og_description":"Uppfyll din dr\u00f6m om en romantisk h\u00e4ngb\u00e4nk med v\u00e5r gungb\u00e4nk. V\u00e5r gungb\u00e4nk av stark pulverlackerad metall erbjuder bekv\u00e4mt utrymme f\u00f6r...","og_url":"https:\/\/truusk.store\/sv\/produkt\/truusk-2-sits-tradgardsgunga-hollywood-swing-flytande-bank-kedjor-metall-svart-127-x-60-x-53-cm\/","og_site_name":"TRUUSK - Hem, Tr\u00e4dg\u00e5rd &amp; Fritid","article_modified_time":"2026-03-12T08:00:23+00:00","og_image":[{"width":800,"height":800,"url":"https:\/\/i0.wp.com\/truusk.se\/wp-content\/uploads\/2024\/02\/hangbank-2-sits-tradgardsgunga-gungbank-hollywood-swing-flytande-bank-med-kedjor-metall-svart-127-x-60-x-53-cm.webp?fit=800%2C800&ssl=1","type":"image\/webp"}],"twitter_card":"summary_large_image","twitter_misc":{"Ber\u00e4knad l\u00e4stid":"1 minut"},"schema":{"@context":"https:\/\/schema.org","@graph":[{"@type":"WebPage","@id":"https:\/\/truusk.store\/sv\/produkt\/truusk-2-sits-tradgardsgunga-hollywood-swing-flytande-bank-kedjor-metall-svart-127-x-60-x-53-cm\/","url":"https:\/\/truusk.store\/sv\/produkt\/truusk-2-sits-tradgardsgunga-hollywood-swing-flytande-bank-kedjor-metall-svart-127-x-60-x-53-cm\/","name":"TRUUSK 2-sits Tr\u00e4dg\u00e5rdsgunga Hollywood Swing - Flytande B\u00e4nk - Kedjor - Metall - Svart - 127 x 60 x 53 cm - TRUUSK - Hem, Tr\u00e4dg\u00e5rd &amp; Fritid","isPartOf":{"@id":"https:\/\/truusk.store\/sv\/#website"},"primaryImageOfPage":{"@id":"https:\/\/truusk.store\/sv\/produkt\/truusk-2-sits-tradgardsgunga-hollywood-swing-flytande-bank-kedjor-metall-svart-127-x-60-x-53-cm\/#primaryimage"},"image":{"@id":"https:\/\/truusk.store\/sv\/produkt\/truusk-2-sits-tradgardsgunga-hollywood-swing-flytande-bank-kedjor-metall-svart-127-x-60-x-53-cm\/#primaryimage"},"thumbnailUrl":"https:\/\/i0.wp.com\/truusk.store\/wp-content\/uploads\/2024\/02\/hangbank-2-sits-tradgardsgunga-gungbank-hollywood-swing-flytande-bank-med-kedjor-metall-svart-127-x-60-x-53-cm.webp?fit=800%2C800&ssl=1","datePublished":"2024-02-13T11:54:40+00:00","dateModified":"2026-03-12T08:00:23+00:00","breadcrumb":{"@id":"https:\/\/truusk.store\/sv\/produkt\/truusk-2-sits-tradgardsgunga-hollywood-swing-flytande-bank-kedjor-metall-svart-127-x-60-x-53-cm\/#breadcrumb"},"inLanguage":"sv-SE","potentialAction":[{"@type":"ReadAction","target":["https:\/\/truusk.store\/sv\/produkt\/truusk-2-sits-tradgardsgunga-hollywood-swing-flytande-bank-kedjor-metall-svart-127-x-60-x-53-cm\/"]}]},{"@type":"ImageObject","inLanguage":"sv-SE","@id":"https:\/\/truusk.store\/sv\/produkt\/truusk-2-sits-tradgardsgunga-hollywood-swing-flytande-bank-kedjor-metall-svart-127-x-60-x-53-cm\/#primaryimage","url":"https:\/\/i0.wp.com\/truusk.store\/wp-content\/uploads\/2024\/02\/hangbank-2-sits-tradgardsgunga-gungbank-hollywood-swing-flytande-bank-med-kedjor-metall-svart-127-x-60-x-53-cm.webp?fit=800%2C800&ssl=1","contentUrl":"https:\/\/i0.wp.com\/truusk.store\/wp-content\/uploads\/2024\/02\/hangbank-2-sits-tradgardsgunga-gungbank-hollywood-swing-flytande-bank-med-kedjor-metall-svart-127-x-60-x-53-cm.webp?fit=800%2C800&ssl=1","width":800,"height":800,"caption":"H\u00e4ngb\u00e4nk 2-sits Tr\u00e4dg\u00e5rdsgunga Gungb\u00e4nk Hollywood Swing Flytande B\u00e4nk Med Kedjor Metall Svart 127 X 60 X 53 Cm 1"},{"@type":"BreadcrumbList","@id":"https:\/\/truusk.store\/sv\/produkt\/truusk-2-sits-tradgardsgunga-hollywood-swing-flytande-bank-kedjor-metall-svart-127-x-60-x-53-cm\/#breadcrumb","itemListElement":[{"@type":"ListItem","position":1,"name":"Home","item":"https:\/\/truusk.store\/sv\/"},{"@type":"ListItem","position":2,"name":"Shop","item":"https:\/\/truusk.store\/shop\/"},{"@type":"ListItem","position":3,"name":"TRUUSK 2-sits Tr\u00e4dg\u00e5rdsgunga Hollywood Swing &#8211; Flytande B\u00e4nk &#8211; Kedjor &#8211; Metall &#8211; Svart &#8211; 127 x 60 x 53 cm"}]},{"@type":"WebSite","@id":"https:\/\/truusk.store\/sv\/#website","url":"https:\/\/truusk.store\/sv\/","name":"TRUUSK - Hem, Tr\u00e4dg\u00e5rd & Fritid","description":"","publisher":{"@id":"https:\/\/truusk.store\/sv\/#organization"},"potentialAction":[{"@type":"SearchAction","target":{"@type":"EntryPoint","urlTemplate":"https:\/\/truusk.store\/sv\/?s={search_term_string}"},"query-input":{"@type":"PropertyValueSpecification","valueRequired":true,"valueName":"search_term_string"}}],"inLanguage":"sv-SE"},{"@type":"Organization","@id":"https:\/\/truusk.store\/sv\/#organization","name":"TRUUSK - Hem, Tr\u00e4dg\u00e5rd & Fritid","url":"https:\/\/truusk.store\/sv\/","logo":{"@type":"ImageObject","inLanguage":"sv-SE","@id":"https:\/\/truusk.store\/sv\/#\/schema\/logo\/image\/","url":"https:\/\/i0.wp.com\/truusk.store\/wp-content\/uploads\/2026\/03\/cropped-TRUUSK.png?fit=2032%2C917&ssl=1","contentUrl":"https:\/\/i0.wp.com\/truusk.store\/wp-content\/uploads\/2026\/03\/cropped-TRUUSK.png?fit=2032%2C917&ssl=1","width":2032,"height":917,"caption":"TRUUSK - Hem, Tr\u00e4dg\u00e5rd & Fritid"},"image":{"@id":"https:\/\/truusk.store\/sv\/#\/schema\/logo\/image\/"}}]}},"jetpack_sharing_enabled":true,"_links":{"self":[{"href":"https:\/\/truusk.store\/sv\/wp-json\/wp\/v2\/product\/16028","targetHints":{"allow":["GET"]}}],"collection":[{"href":"https:\/\/truusk.store\/sv\/wp-json\/wp\/v2\/product"}],"about":[{"href":"https:\/\/truusk.store\/sv\/wp-json\/wp\/v2\/types\/product"}],"wp:featuredmedia":[{"embeddable":true,"href":"https:\/\/truusk.store\/sv\/wp-json\/wp\/v2\/media\/16029"}],"wp:attachment":[{"href":"https:\/\/truusk.store\/sv\/wp-json\/wp\/v2\/media?parent=16028"}],"wp:term":[{"taxonomy":"product_brand","embeddable":true,"href":"https:\/\/truusk.store\/sv\/wp-json\/wp\/v2\/product_brand?post=16028"},{"taxonomy":"product_cat","embeddable":true,"href":"https:\/\/truusk.store\/sv\/wp-json\/wp\/v2\/product_cat?post=16028"},{"taxonomy":"product_tag","embeddable":true,"href":"https:\/\/truusk.store\/sv\/wp-json\/wp\/v2\/product_tag?post=16028"}],"curies":[{"name":"wp","href":"https:\/\/api.w.org\/{rel}","templated":true}]}}