{"id":16043,"date":"2024-02-13T12:55:03","date_gmt":"2024-02-13T11:55:03","guid":{"rendered":"https:\/\/truusk.store\/product\/barbordsset-3-delat-matbord-med-2-barstolar-koksbank-med-barstolar-matgrupp-sittgrupp-for-kok-matsal-och-bistro-metallstomme-mdf-natur-svart-89-x-45-x-87-cm\/"},"modified":"2026-03-12T09:00:26","modified_gmt":"2026-03-12T08:00:26","slug":"truusk-barbordsset-3-delat-matbord-med-2-barstolar-koksbank-med-barstolar-matgrupp-for-kok-och-matsal-metallstomme-mdf","status":"publish","type":"product","link":"https:\/\/truusk.store\/sv\/produkt\/truusk-barbordsset-3-delat-matbord-med-2-barstolar-koksbank-med-barstolar-matgrupp-for-kok-och-matsal-metallstomme-mdf\/","title":{"rendered":"TRUUSK Barbordsset 3-delat &#8211; Matbord med 2 barstolar &#8211; K\u00f6ksb\u00e4nk med barstolar &#8211; Matgrupp f\u00f6r k\u00f6k och matsal &#8211; Metallstomme &#8211; MDF"},"content":{"rendered":"<p>Detta 3-delade barset erbjuder dig ett bra st\u00e4lle att underh\u00e5lla dina v\u00e4nner eller familjemedlemmar, dricka vin eller njuta av middag i bekv\u00e4mligheten av ditt eget utomhus- eller inomhusutrymme. Setet har ett brett barbord och 2 barstolar med h\u00f6ga ryggst\u00f6d och fotst\u00f6d f\u00f6r extra komfort. Snygg och praktisk, ett bra komplement f\u00f6r att f\u00f6rb\u00e4ttra din befintliga inredning!<\/p>\n<h3>Beskrivning:<\/h3>\n<ul>\n<li>3-delat set med barbord och 2 matchande pallar<\/li>\n<li>Tillverkad av solid MDF och metallram f\u00f6r styrka och h\u00e5llbarhet<\/li>\n<li>Metallr\u00f6r med pulverlackering, rostbest\u00e4ndig, h\u00e5llbar och l\u00e4tt att reng\u00f6ra<\/li>\n<li>Den eleganta, moderna designen kompletterar alla inredningar<\/li>\n<li>L\u00e4mplig f\u00f6r utomhus- eller inomhusbruk<\/li>\n<li>H\u00f6g pall med h\u00f6gt ryggst\u00f6d och integrerat fotst\u00f6d f\u00f6r bekv\u00e4mt sittande<\/li>\n<li>Rept\u00e5lig och vattent\u00e4t yta, funktionell och l\u00e4tt att reng\u00f6ra<\/li>\n<\/ul>\n<h3>Teknisk data:<\/h3>\n<ul>\n<li>Material: MDF, metall<\/li>\n<li>M\u00e5tt (bord): L89 x B45 x H87 cm<\/li>\n<li>M\u00e5tt (stol): L39 x B45 x H95 cm<\/li>\n<li>M\u00e5tt (sits): L39 x B38 cm<\/li>\n<li>Sitth\u00f6jd: 64 cm<\/li>\n<li>Lastkapacitet: 100 kg (stol), 60 kg (bord)<\/li>\n<li>F\u00e4rg: Natur+svart<\/li>\n<\/ul>\n<h3>Leveransens omfattning:<\/h3>\n<ul>\n<li>1 x Barbord<\/li>\n<li>2 x Barstolar<\/li>\n<li>1 x Monteringsanvisning<\/li>\n<\/ul>\n","protected":false},"excerpt":{"rendered":"<p>Detta 3-delade barset erbjuder dig ett bra st\u00e4lle att underh\u00e5lla dina v\u00e4nner eller familjemedlemmar, dricka vin eller njuta av middag&#8230;<\/p>\n","protected":false},"featured_media":16044,"template":"","meta":[],"product_brand":[],"product_cat":[513,485,501],"product_tag":[],"class_list":{"0":"post-16043","1":"product","2":"type-product","3":"status-publish","4":"has-post-thumbnail","6":"product_cat-barbordsuppsattning","7":"product_cat-hus-bo","8":"product_cat-tabeller","10":"first","11":"instock","12":"sale","13":"taxable","14":"shipping-taxable","15":"purchasable","16":"product-type-simple"},"yoast_head":"<!-- This site is optimized with the Yoast SEO plugin v25.4 - https:\/\/yoast.com\/wordpress\/plugins\/seo\/ -->\n<title>TRUUSK Barbordsset 3-delat - Matbord med 2 barstolar - K\u00f6ksb\u00e4nk med barstolar - Matgrupp f\u00f6r k\u00f6k och matsal - Metallstomme - MDF - TRUUSK - Hem, Tr\u00e4dg\u00e5rd &amp; Fritid<\/title>\n<meta name=\"robots\" content=\"index, follow, max-snippet:-1, max-image-preview:large, max-video-preview:-1\" \/>\n<link rel=\"canonical\" href=\"https:\/\/truusk.store\/sv\/produkt\/truusk-barbordsset-3-delat-matbord-med-2-barstolar-koksbank-med-barstolar-matgrupp-for-kok-och-matsal-metallstomme-mdf\/\" \/>\n<meta property=\"og:locale\" content=\"sv_SE\" \/>\n<meta property=\"og:type\" content=\"article\" \/>\n<meta property=\"og:title\" content=\"TRUUSK Barbordsset 3-delat - Matbord med 2 barstolar - K\u00f6ksb\u00e4nk med barstolar - Matgrupp f\u00f6r k\u00f6k och matsal - Metallstomme - MDF - TRUUSK - Hem, Tr\u00e4dg\u00e5rd &amp; Fritid\" \/>\n<meta property=\"og:description\" content=\"Detta 3-delade barset erbjuder dig ett bra st\u00e4lle att underh\u00e5lla dina v\u00e4nner eller familjemedlemmar, dricka vin eller njuta av middag...\" \/>\n<meta property=\"og:url\" content=\"https:\/\/truusk.store\/sv\/produkt\/truusk-barbordsset-3-delat-matbord-med-2-barstolar-koksbank-med-barstolar-matgrupp-for-kok-och-matsal-metallstomme-mdf\/\" \/>\n<meta property=\"og:site_name\" content=\"TRUUSK - Hem, Tr\u00e4dg\u00e5rd &amp; Fritid\" \/>\n<meta property=\"article:modified_time\" content=\"2026-03-12T08:00:26+00:00\" \/>\n<meta property=\"og:image\" content=\"https:\/\/i0.wp.com\/truusk.se\/wp-content\/uploads\/2024\/02\/barbordsset-3-delat-matbord-med-2-barstolar-koksbank-med-barstolar-matgrupp-sittgrupp-for-kok-matsal-och-bistro-metallstomme-mdf-natur-svart-89-x-45-x-87-cm.webp?fit=800%2C800&ssl=1\" \/>\n\t<meta property=\"og:image:width\" content=\"800\" \/>\n\t<meta property=\"og:image:height\" content=\"800\" \/>\n\t<meta property=\"og:image:type\" content=\"image\/webp\" \/>\n<meta name=\"twitter:card\" content=\"summary_large_image\" \/>\n<meta name=\"twitter:label1\" content=\"Ber\u00e4knad l\u00e4stid\" \/>\n\t<meta name=\"twitter:data1\" content=\"1 minut\" \/>\n<!-- \/ Yoast SEO plugin. -->","yoast_head_json":{"title":"TRUUSK Barbordsset 3-delat - Matbord med 2 barstolar - K\u00f6ksb\u00e4nk med barstolar - Matgrupp f\u00f6r k\u00f6k och matsal - Metallstomme - MDF - TRUUSK - Hem, Tr\u00e4dg\u00e5rd &amp; Fritid","robots":{"index":"index","follow":"follow","max-snippet":"max-snippet:-1","max-image-preview":"max-image-preview:large","max-video-preview":"max-video-preview:-1"},"canonical":"https:\/\/truusk.store\/sv\/produkt\/truusk-barbordsset-3-delat-matbord-med-2-barstolar-koksbank-med-barstolar-matgrupp-for-kok-och-matsal-metallstomme-mdf\/","og_locale":"sv_SE","og_type":"article","og_title":"TRUUSK Barbordsset 3-delat - Matbord med 2 barstolar - K\u00f6ksb\u00e4nk med barstolar - Matgrupp f\u00f6r k\u00f6k och matsal - Metallstomme - MDF - TRUUSK - Hem, Tr\u00e4dg\u00e5rd &amp; Fritid","og_description":"Detta 3-delade barset erbjuder dig ett bra st\u00e4lle att underh\u00e5lla dina v\u00e4nner eller familjemedlemmar, dricka vin eller njuta av middag...","og_url":"https:\/\/truusk.store\/sv\/produkt\/truusk-barbordsset-3-delat-matbord-med-2-barstolar-koksbank-med-barstolar-matgrupp-for-kok-och-matsal-metallstomme-mdf\/","og_site_name":"TRUUSK - Hem, Tr\u00e4dg\u00e5rd &amp; Fritid","article_modified_time":"2026-03-12T08:00:26+00:00","og_image":[{"width":800,"height":800,"url":"https:\/\/i0.wp.com\/truusk.se\/wp-content\/uploads\/2024\/02\/barbordsset-3-delat-matbord-med-2-barstolar-koksbank-med-barstolar-matgrupp-sittgrupp-for-kok-matsal-och-bistro-metallstomme-mdf-natur-svart-89-x-45-x-87-cm.webp?fit=800%2C800&ssl=1","type":"image\/webp"}],"twitter_card":"summary_large_image","twitter_misc":{"Ber\u00e4knad l\u00e4stid":"1 minut"},"schema":{"@context":"https:\/\/schema.org","@graph":[{"@type":"WebPage","@id":"https:\/\/truusk.store\/sv\/produkt\/truusk-barbordsset-3-delat-matbord-med-2-barstolar-koksbank-med-barstolar-matgrupp-for-kok-och-matsal-metallstomme-mdf\/","url":"https:\/\/truusk.store\/sv\/produkt\/truusk-barbordsset-3-delat-matbord-med-2-barstolar-koksbank-med-barstolar-matgrupp-for-kok-och-matsal-metallstomme-mdf\/","name":"TRUUSK Barbordsset 3-delat - Matbord med 2 barstolar - K\u00f6ksb\u00e4nk med barstolar - Matgrupp f\u00f6r k\u00f6k och matsal - Metallstomme - MDF - TRUUSK - Hem, Tr\u00e4dg\u00e5rd &amp; Fritid","isPartOf":{"@id":"https:\/\/truusk.store\/sv\/#website"},"primaryImageOfPage":{"@id":"https:\/\/truusk.store\/sv\/produkt\/truusk-barbordsset-3-delat-matbord-med-2-barstolar-koksbank-med-barstolar-matgrupp-for-kok-och-matsal-metallstomme-mdf\/#primaryimage"},"image":{"@id":"https:\/\/truusk.store\/sv\/produkt\/truusk-barbordsset-3-delat-matbord-med-2-barstolar-koksbank-med-barstolar-matgrupp-for-kok-och-matsal-metallstomme-mdf\/#primaryimage"},"thumbnailUrl":"https:\/\/i0.wp.com\/truusk.store\/wp-content\/uploads\/2024\/02\/barbordsset-3-delat-matbord-med-2-barstolar-koksbank-med-barstolar-matgrupp-sittgrupp-for-kok-matsal-och-bistro-metallstomme-mdf-natur-svart-89-x-45-x-87-cm.webp?fit=800%2C800&ssl=1","datePublished":"2024-02-13T11:55:03+00:00","dateModified":"2026-03-12T08:00:26+00:00","breadcrumb":{"@id":"https:\/\/truusk.store\/sv\/produkt\/truusk-barbordsset-3-delat-matbord-med-2-barstolar-koksbank-med-barstolar-matgrupp-for-kok-och-matsal-metallstomme-mdf\/#breadcrumb"},"inLanguage":"sv-SE","potentialAction":[{"@type":"ReadAction","target":["https:\/\/truusk.store\/sv\/produkt\/truusk-barbordsset-3-delat-matbord-med-2-barstolar-koksbank-med-barstolar-matgrupp-for-kok-och-matsal-metallstomme-mdf\/"]}]},{"@type":"ImageObject","inLanguage":"sv-SE","@id":"https:\/\/truusk.store\/sv\/produkt\/truusk-barbordsset-3-delat-matbord-med-2-barstolar-koksbank-med-barstolar-matgrupp-for-kok-och-matsal-metallstomme-mdf\/#primaryimage","url":"https:\/\/i0.wp.com\/truusk.store\/wp-content\/uploads\/2024\/02\/barbordsset-3-delat-matbord-med-2-barstolar-koksbank-med-barstolar-matgrupp-sittgrupp-for-kok-matsal-och-bistro-metallstomme-mdf-natur-svart-89-x-45-x-87-cm.webp?fit=800%2C800&ssl=1","contentUrl":"https:\/\/i0.wp.com\/truusk.store\/wp-content\/uploads\/2024\/02\/barbordsset-3-delat-matbord-med-2-barstolar-koksbank-med-barstolar-matgrupp-sittgrupp-for-kok-matsal-och-bistro-metallstomme-mdf-natur-svart-89-x-45-x-87-cm.webp?fit=800%2C800&ssl=1","width":800,"height":800,"caption":"Barbordsset 3-delat, Matbord Med 2 Barstolar, K\u00f6ksb\u00e4nk Med Barstolar, Matgrupp, Sittgrupp F\u00f6r K\u00f6k, Matsal Och Bistro, Metallstomme, MDF, Natur + Svart, 89 X 45 X 87 Cm 1"},{"@type":"BreadcrumbList","@id":"https:\/\/truusk.store\/sv\/produkt\/truusk-barbordsset-3-delat-matbord-med-2-barstolar-koksbank-med-barstolar-matgrupp-for-kok-och-matsal-metallstomme-mdf\/#breadcrumb","itemListElement":[{"@type":"ListItem","position":1,"name":"Home","item":"https:\/\/truusk.store\/sv\/"},{"@type":"ListItem","position":2,"name":"Shop","item":"https:\/\/truusk.store\/shop\/"},{"@type":"ListItem","position":3,"name":"TRUUSK Barbordsset 3-delat &#8211; Matbord med 2 barstolar &#8211; K\u00f6ksb\u00e4nk med barstolar &#8211; Matgrupp f\u00f6r k\u00f6k och matsal &#8211; Metallstomme &#8211; MDF"}]},{"@type":"WebSite","@id":"https:\/\/truusk.store\/sv\/#website","url":"https:\/\/truusk.store\/sv\/","name":"TRUUSK - Hem, Tr\u00e4dg\u00e5rd & Fritid","description":"","publisher":{"@id":"https:\/\/truusk.store\/sv\/#organization"},"potentialAction":[{"@type":"SearchAction","target":{"@type":"EntryPoint","urlTemplate":"https:\/\/truusk.store\/sv\/?s={search_term_string}"},"query-input":{"@type":"PropertyValueSpecification","valueRequired":true,"valueName":"search_term_string"}}],"inLanguage":"sv-SE"},{"@type":"Organization","@id":"https:\/\/truusk.store\/sv\/#organization","name":"TRUUSK - Hem, Tr\u00e4dg\u00e5rd & Fritid","url":"https:\/\/truusk.store\/sv\/","logo":{"@type":"ImageObject","inLanguage":"sv-SE","@id":"https:\/\/truusk.store\/sv\/#\/schema\/logo\/image\/","url":"https:\/\/i0.wp.com\/truusk.store\/wp-content\/uploads\/2026\/03\/cropped-TRUUSK.png?fit=2032%2C917&ssl=1","contentUrl":"https:\/\/i0.wp.com\/truusk.store\/wp-content\/uploads\/2026\/03\/cropped-TRUUSK.png?fit=2032%2C917&ssl=1","width":2032,"height":917,"caption":"TRUUSK - Hem, Tr\u00e4dg\u00e5rd & Fritid"},"image":{"@id":"https:\/\/truusk.store\/sv\/#\/schema\/logo\/image\/"}}]}},"jetpack_sharing_enabled":true,"_links":{"self":[{"href":"https:\/\/truusk.store\/sv\/wp-json\/wp\/v2\/product\/16043","targetHints":{"allow":["GET"]}}],"collection":[{"href":"https:\/\/truusk.store\/sv\/wp-json\/wp\/v2\/product"}],"about":[{"href":"https:\/\/truusk.store\/sv\/wp-json\/wp\/v2\/types\/product"}],"wp:featuredmedia":[{"embeddable":true,"href":"https:\/\/truusk.store\/sv\/wp-json\/wp\/v2\/media\/16044"}],"wp:attachment":[{"href":"https:\/\/truusk.store\/sv\/wp-json\/wp\/v2\/media?parent=16043"}],"wp:term":[{"taxonomy":"product_brand","embeddable":true,"href":"https:\/\/truusk.store\/sv\/wp-json\/wp\/v2\/product_brand?post=16043"},{"taxonomy":"product_cat","embeddable":true,"href":"https:\/\/truusk.store\/sv\/wp-json\/wp\/v2\/product_cat?post=16043"},{"taxonomy":"product_tag","embeddable":true,"href":"https:\/\/truusk.store\/sv\/wp-json\/wp\/v2\/product_tag?post=16043"}],"curies":[{"name":"wp","href":"https:\/\/api.w.org\/{rel}","templated":true}]}}