{"id":16053,"date":"2024-02-13T12:55:20","date_gmt":"2024-02-13T11:55:20","guid":{"rendered":"https:\/\/truusk.store\/product\/badrumsspegel-med-3-hyllor-vaggspegel-badrumsspegel-spegelhylla-for-badrum-vit-60-x-10-x-48-cm\/"},"modified":"2026-03-12T09:00:27","modified_gmt":"2026-03-12T08:00:27","slug":"truusk-badrumsspegel-med-3-hyllor-vaggspegel-spegelhylla-for-badrum-vit-60-x-10-x-48-cm","status":"publish","type":"product","link":"https:\/\/truusk.store\/sv\/produkt\/truusk-badrumsspegel-med-3-hyllor-vaggspegel-spegelhylla-for-badrum-vit-60-x-10-x-48-cm\/","title":{"rendered":"TRUUSK Badrumsspegel med 3 hyllor &#8211; V\u00e4ggspegel &#8211; Spegelhylla f\u00f6r badrum &#8211; Vit &#8211; 60 x 10 x 48 cm"},"content":{"rendered":"<p>Om du letar efter en badrumsv\u00e4ggspegel med tre hyllplan \u00e4r v\u00e5r produkt ditt f\u00f6rsta val. Det finns tre \u00f6ppna hyllor gjorda av h\u00f6gkvalitativ MDF som du kan anv\u00e4nda f\u00f6r att f\u00f6rvara ofta anv\u00e4nda badrumsredskap. Dessutom g\u00f6r dess design att den sm\u00e4lter v\u00e4l in i alla inredningsstilar i ditt hem, vilket ger dig ett rent och snyggt badrum.<\/p>\n<h3>Beskrivning:<\/h3>\n<ul>\n<li>Idealisk f\u00f6r badrum, sovrum, vardagsrum<\/li>\n<li>Tre niv\u00e5er av hyllor med gott om f\u00f6rvaringsutrymme<\/li>\n<li>Hyllorna \u00e4r gjorda av h\u00f6gkvalitativ MDF<\/li>\n<li>V\u00e4ggspegeln passar in i alla levande inredningar och design<\/li>\n<li>Den m\u00e5lade ytan \u00e4r ofarlig f\u00f6r h\u00e4lsan<\/li>\n<li>Enkel konstruktion<\/li>\n<\/ul>\n<h3>Teknisk data:<\/h3>\n<ul>\n<li>Material: E1 klass MDF, spegel<\/li>\n<li>M\u00e5tt: L60 x B10 x H48 cm<\/li>\n<li>M\u00e5tt (spegel): L39,5 x H46,5 cm<\/li>\n<li>M\u00e5tt (h\u00f6ger hylla): L20 x B9 cm<\/li>\n<li>M\u00e5tt (nedre hylla): L60 x B9 cm<\/li>\n<li>Avst\u00e5nd mellan hyllor: 14,5 cm<\/li>\n<li>Lastkapacitet: (totalt) 6 kg, (per hylla) 2 kg<\/li>\n<li>Nettovikt: 4,4 kg<\/li>\n<li>F\u00e4rg vit<\/li>\n<li>Certifieringar: (MDF) E1<\/li>\n<li>Montering kr\u00e4vs<\/li>\n<\/ul>\n<h3>Leveransens omfattning:<\/h3>\n<ul>\n<li>1 x V\u00e4ggspegel<\/li>\n<li>1 x Monteringsanvisning<\/li>\n<\/ul>\n","protected":false},"excerpt":{"rendered":"<p>Om du letar efter en badrumsv\u00e4ggspegel med tre hyllplan \u00e4r v\u00e5r produkt ditt f\u00f6rsta val. Det finns tre \u00f6ppna hyllor&#8230;<\/p>\n","protected":false},"featured_media":16054,"template":"","meta":[],"product_brand":[],"product_cat":[489,491,485],"product_tag":[],"class_list":{"0":"post-16053","1":"product","2":"type-product","3":"status-publish","4":"has-post-thumbnail","6":"product_cat-badrum-sanitar","7":"product_cat-badrumsspeglar-spegelskap","8":"product_cat-hus-bo","10":"first","11":"instock","12":"sale","13":"taxable","14":"shipping-taxable","15":"purchasable","16":"product-type-simple"},"yoast_head":"<!-- This site is optimized with the Yoast SEO plugin v25.4 - https:\/\/yoast.com\/wordpress\/plugins\/seo\/ -->\n<title>TRUUSK Badrumsspegel med 3 hyllor - V\u00e4ggspegel - Spegelhylla f\u00f6r badrum - Vit - 60 x 10 x 48 cm - TRUUSK - Hem, Tr\u00e4dg\u00e5rd &amp; Fritid<\/title>\n<meta name=\"robots\" content=\"index, follow, max-snippet:-1, max-image-preview:large, max-video-preview:-1\" \/>\n<link rel=\"canonical\" href=\"https:\/\/truusk.store\/sv\/produkt\/truusk-badrumsspegel-med-3-hyllor-vaggspegel-spegelhylla-for-badrum-vit-60-x-10-x-48-cm\/\" \/>\n<meta property=\"og:locale\" content=\"sv_SE\" \/>\n<meta property=\"og:type\" content=\"article\" \/>\n<meta property=\"og:title\" content=\"TRUUSK Badrumsspegel med 3 hyllor - V\u00e4ggspegel - Spegelhylla f\u00f6r badrum - Vit - 60 x 10 x 48 cm - TRUUSK - Hem, Tr\u00e4dg\u00e5rd &amp; Fritid\" \/>\n<meta property=\"og:description\" content=\"Om du letar efter en badrumsv\u00e4ggspegel med tre hyllplan \u00e4r v\u00e5r produkt ditt f\u00f6rsta val. Det finns tre \u00f6ppna hyllor...\" \/>\n<meta property=\"og:url\" content=\"https:\/\/truusk.store\/sv\/produkt\/truusk-badrumsspegel-med-3-hyllor-vaggspegel-spegelhylla-for-badrum-vit-60-x-10-x-48-cm\/\" \/>\n<meta property=\"og:site_name\" content=\"TRUUSK - Hem, Tr\u00e4dg\u00e5rd &amp; Fritid\" \/>\n<meta property=\"article:modified_time\" content=\"2026-03-12T08:00:27+00:00\" \/>\n<meta property=\"og:image\" content=\"https:\/\/i0.wp.com\/truusk.se\/wp-content\/uploads\/2024\/02\/badrumsspegel-med-3-hyllor-vaggspegel-badrumsspegel-spegelhylla-for-badrum-vit-60-x-10-x-48-cm.webp?fit=800%2C800&ssl=1\" \/>\n\t<meta property=\"og:image:width\" content=\"800\" \/>\n\t<meta property=\"og:image:height\" content=\"800\" \/>\n\t<meta property=\"og:image:type\" content=\"image\/webp\" \/>\n<meta name=\"twitter:card\" content=\"summary_large_image\" \/>\n<meta name=\"twitter:label1\" content=\"Ber\u00e4knad l\u00e4stid\" \/>\n\t<meta name=\"twitter:data1\" content=\"1 minut\" \/>\n<!-- \/ Yoast SEO plugin. -->","yoast_head_json":{"title":"TRUUSK Badrumsspegel med 3 hyllor - V\u00e4ggspegel - Spegelhylla f\u00f6r badrum - Vit - 60 x 10 x 48 cm - TRUUSK - Hem, Tr\u00e4dg\u00e5rd &amp; Fritid","robots":{"index":"index","follow":"follow","max-snippet":"max-snippet:-1","max-image-preview":"max-image-preview:large","max-video-preview":"max-video-preview:-1"},"canonical":"https:\/\/truusk.store\/sv\/produkt\/truusk-badrumsspegel-med-3-hyllor-vaggspegel-spegelhylla-for-badrum-vit-60-x-10-x-48-cm\/","og_locale":"sv_SE","og_type":"article","og_title":"TRUUSK Badrumsspegel med 3 hyllor - V\u00e4ggspegel - Spegelhylla f\u00f6r badrum - Vit - 60 x 10 x 48 cm - TRUUSK - Hem, Tr\u00e4dg\u00e5rd &amp; Fritid","og_description":"Om du letar efter en badrumsv\u00e4ggspegel med tre hyllplan \u00e4r v\u00e5r produkt ditt f\u00f6rsta val. Det finns tre \u00f6ppna hyllor...","og_url":"https:\/\/truusk.store\/sv\/produkt\/truusk-badrumsspegel-med-3-hyllor-vaggspegel-spegelhylla-for-badrum-vit-60-x-10-x-48-cm\/","og_site_name":"TRUUSK - Hem, Tr\u00e4dg\u00e5rd &amp; Fritid","article_modified_time":"2026-03-12T08:00:27+00:00","og_image":[{"width":800,"height":800,"url":"https:\/\/i0.wp.com\/truusk.se\/wp-content\/uploads\/2024\/02\/badrumsspegel-med-3-hyllor-vaggspegel-badrumsspegel-spegelhylla-for-badrum-vit-60-x-10-x-48-cm.webp?fit=800%2C800&ssl=1","type":"image\/webp"}],"twitter_card":"summary_large_image","twitter_misc":{"Ber\u00e4knad l\u00e4stid":"1 minut"},"schema":{"@context":"https:\/\/schema.org","@graph":[{"@type":"WebPage","@id":"https:\/\/truusk.store\/sv\/produkt\/truusk-badrumsspegel-med-3-hyllor-vaggspegel-spegelhylla-for-badrum-vit-60-x-10-x-48-cm\/","url":"https:\/\/truusk.store\/sv\/produkt\/truusk-badrumsspegel-med-3-hyllor-vaggspegel-spegelhylla-for-badrum-vit-60-x-10-x-48-cm\/","name":"TRUUSK Badrumsspegel med 3 hyllor - V\u00e4ggspegel - Spegelhylla f\u00f6r badrum - Vit - 60 x 10 x 48 cm - TRUUSK - Hem, Tr\u00e4dg\u00e5rd &amp; Fritid","isPartOf":{"@id":"https:\/\/truusk.store\/sv\/#website"},"primaryImageOfPage":{"@id":"https:\/\/truusk.store\/sv\/produkt\/truusk-badrumsspegel-med-3-hyllor-vaggspegel-spegelhylla-for-badrum-vit-60-x-10-x-48-cm\/#primaryimage"},"image":{"@id":"https:\/\/truusk.store\/sv\/produkt\/truusk-badrumsspegel-med-3-hyllor-vaggspegel-spegelhylla-for-badrum-vit-60-x-10-x-48-cm\/#primaryimage"},"thumbnailUrl":"https:\/\/i0.wp.com\/truusk.store\/wp-content\/uploads\/2024\/02\/badrumsspegel-med-3-hyllor-vaggspegel-badrumsspegel-spegelhylla-for-badrum-vit-60-x-10-x-48-cm.webp?fit=800%2C800&ssl=1","datePublished":"2024-02-13T11:55:20+00:00","dateModified":"2026-03-12T08:00:27+00:00","breadcrumb":{"@id":"https:\/\/truusk.store\/sv\/produkt\/truusk-badrumsspegel-med-3-hyllor-vaggspegel-spegelhylla-for-badrum-vit-60-x-10-x-48-cm\/#breadcrumb"},"inLanguage":"sv-SE","potentialAction":[{"@type":"ReadAction","target":["https:\/\/truusk.store\/sv\/produkt\/truusk-badrumsspegel-med-3-hyllor-vaggspegel-spegelhylla-for-badrum-vit-60-x-10-x-48-cm\/"]}]},{"@type":"ImageObject","inLanguage":"sv-SE","@id":"https:\/\/truusk.store\/sv\/produkt\/truusk-badrumsspegel-med-3-hyllor-vaggspegel-spegelhylla-for-badrum-vit-60-x-10-x-48-cm\/#primaryimage","url":"https:\/\/i0.wp.com\/truusk.store\/wp-content\/uploads\/2024\/02\/badrumsspegel-med-3-hyllor-vaggspegel-badrumsspegel-spegelhylla-for-badrum-vit-60-x-10-x-48-cm.webp?fit=800%2C800&ssl=1","contentUrl":"https:\/\/i0.wp.com\/truusk.store\/wp-content\/uploads\/2024\/02\/badrumsspegel-med-3-hyllor-vaggspegel-badrumsspegel-spegelhylla-for-badrum-vit-60-x-10-x-48-cm.webp?fit=800%2C800&ssl=1","width":800,"height":800,"caption":"Badrumsspegel Med 3 Hyllor, V\u00e4ggspegel, Badrumsspegel, Spegelhylla F\u00f6r Badrum, Vit, 60 X 10 X 48 Cm 1"},{"@type":"BreadcrumbList","@id":"https:\/\/truusk.store\/sv\/produkt\/truusk-badrumsspegel-med-3-hyllor-vaggspegel-spegelhylla-for-badrum-vit-60-x-10-x-48-cm\/#breadcrumb","itemListElement":[{"@type":"ListItem","position":1,"name":"Home","item":"https:\/\/truusk.store\/sv\/"},{"@type":"ListItem","position":2,"name":"Shop","item":"https:\/\/truusk.store\/shop\/"},{"@type":"ListItem","position":3,"name":"TRUUSK Badrumsspegel med 3 hyllor &#8211; V\u00e4ggspegel &#8211; Spegelhylla f\u00f6r badrum &#8211; Vit &#8211; 60 x 10 x 48 cm"}]},{"@type":"WebSite","@id":"https:\/\/truusk.store\/sv\/#website","url":"https:\/\/truusk.store\/sv\/","name":"TRUUSK - Hem, Tr\u00e4dg\u00e5rd & Fritid","description":"","publisher":{"@id":"https:\/\/truusk.store\/sv\/#organization"},"potentialAction":[{"@type":"SearchAction","target":{"@type":"EntryPoint","urlTemplate":"https:\/\/truusk.store\/sv\/?s={search_term_string}"},"query-input":{"@type":"PropertyValueSpecification","valueRequired":true,"valueName":"search_term_string"}}],"inLanguage":"sv-SE"},{"@type":"Organization","@id":"https:\/\/truusk.store\/sv\/#organization","name":"TRUUSK - Hem, Tr\u00e4dg\u00e5rd & Fritid","url":"https:\/\/truusk.store\/sv\/","logo":{"@type":"ImageObject","inLanguage":"sv-SE","@id":"https:\/\/truusk.store\/sv\/#\/schema\/logo\/image\/","url":"https:\/\/i0.wp.com\/truusk.store\/wp-content\/uploads\/2026\/03\/cropped-TRUUSK.png?fit=2032%2C917&ssl=1","contentUrl":"https:\/\/i0.wp.com\/truusk.store\/wp-content\/uploads\/2026\/03\/cropped-TRUUSK.png?fit=2032%2C917&ssl=1","width":2032,"height":917,"caption":"TRUUSK - Hem, Tr\u00e4dg\u00e5rd & Fritid"},"image":{"@id":"https:\/\/truusk.store\/sv\/#\/schema\/logo\/image\/"}}]}},"jetpack_sharing_enabled":true,"_links":{"self":[{"href":"https:\/\/truusk.store\/sv\/wp-json\/wp\/v2\/product\/16053","targetHints":{"allow":["GET"]}}],"collection":[{"href":"https:\/\/truusk.store\/sv\/wp-json\/wp\/v2\/product"}],"about":[{"href":"https:\/\/truusk.store\/sv\/wp-json\/wp\/v2\/types\/product"}],"wp:featuredmedia":[{"embeddable":true,"href":"https:\/\/truusk.store\/sv\/wp-json\/wp\/v2\/media\/16054"}],"wp:attachment":[{"href":"https:\/\/truusk.store\/sv\/wp-json\/wp\/v2\/media?parent=16053"}],"wp:term":[{"taxonomy":"product_brand","embeddable":true,"href":"https:\/\/truusk.store\/sv\/wp-json\/wp\/v2\/product_brand?post=16053"},{"taxonomy":"product_cat","embeddable":true,"href":"https:\/\/truusk.store\/sv\/wp-json\/wp\/v2\/product_cat?post=16053"},{"taxonomy":"product_tag","embeddable":true,"href":"https:\/\/truusk.store\/sv\/wp-json\/wp\/v2\/product_tag?post=16053"}],"curies":[{"name":"wp","href":"https:\/\/api.w.org\/{rel}","templated":true}]}}