{"id":16093,"date":"2024-02-13T12:56:30","date_gmt":"2024-02-13T11:56:30","guid":{"rendered":"https:\/\/truusk.store\/product\/minivaxthus-vaderbestandig-latt-att-transportera-99-cm-x-71-cm-x-60-cm-polytunnel-gron\/"},"modified":"2026-03-12T09:00:27","modified_gmt":"2026-03-12T08:00:27","slug":"truusk-minivaxthus-vaderbestandig-latt-att-transportera-99-cm-x-71-cm-x-60-cm-polytunnel-gron","status":"publish","type":"product","link":"https:\/\/truusk.store\/sv\/produkt\/truusk-minivaxthus-vaderbestandig-latt-att-transportera-99-cm-x-71-cm-x-60-cm-polytunnel-gron\/","title":{"rendered":"TRUUSK Miniv\u00e4xthus &#8211; V\u00e4derbest\u00e4ndig &#8211; L\u00e4tt Att Transportera &#8211; 99 cm x 71 cm x 60 cm &#8211; Polytunnel &#8211; Gr\u00f6n"},"content":{"rendered":"<p>Med detta miniv\u00e4xthus kan du odla dina blommor, gr\u00f6nsaker och \u00f6rter \u00e4ven i de minsta utrymmen. Den pulverlackerade st\u00e5lramen \u00e4r stabil, h\u00e5llbar och p\u00e5litlig f\u00f6r att ge dina v\u00e4xter ett hem \u00e5ret runt. Den har \u00e4ven ett UV-best\u00e4ndigt skydd. Plastn\u00e4tet skyddar dina v\u00e4xter fr\u00e5n l\u00e4tt regn och mild vind, men l\u00e5ter \u00e4nd\u00e5 tillr\u00e4ckligt med solljus och frisk luft komma in. Detta miniv\u00e4xthus erbjuder dina v\u00e4xter ett optimalt v\u00e4xtklimat och h\u00e5ller skadedjur borta. Dragkedjan i mitten g\u00f6r det l\u00e4tt att ta sig i och ur. Tr\u00e4dg\u00e5rdsarbete under hela \u00e5ret \u00e4r enkelt med detta miniv\u00e4xthus.<\/p>\n<h3>Beskrivning:<\/h3>\n<ul>\n<li>Den kompakta och b\u00e4rbara designen \u00e4r perfekt f\u00f6r placering i sm\u00e5 ytor<\/li>\n<li>Pulverlackerad st\u00e5lram med plastkopplingar f\u00f6r att s\u00e4kerst\u00e4lla styrka och st\u00f6d<\/li>\n<li>Plastskydd f\u00f6r att skydda mot l\u00e4tt vind och grunt regn, solljus och luft f\u00f6r tillv\u00e4xt kan fortfarande tr\u00e4nga in<\/li>\n<li>Dragkedja i mitten som s\u00e4kert f\u00f6rbinder b\u00e5da sidor och s\u00e4kerst\u00e4ller enkel \u00e5tkomst<\/li>\n<li>Montering kr\u00e4vs<\/li>\n<\/ul>\n<h3>Teknisk data:<\/h3>\n<ul>\n<li>Material: st\u00e5lr\u00f6rsram, PE-n\u00e4tskydd<\/li>\n<li>F\u00e4rg vit<\/li>\n<li>\u00d6vergripande m\u00e5tt: 99L x 71W x 60H cm<\/li>\n<li>Vindt\u00e4t: niv\u00e5 4 (vindhastighet under 28 km\/h)<\/li>\n<li>PE lock: 140g\/m<\/li>\n<li>OBS: Inte l\u00e4mplig f\u00f6r d\u00e5liga v\u00e4derf\u00f6rh\u00e5llanden<\/li>\n<\/ul>\n<h3>Leveransens omfattning:<\/h3>\n<ul>\n<li>1 x V\u00e4xthus<\/li>\n<li>1 x Instruktioner<\/li>\n<\/ul>\n","protected":false},"excerpt":{"rendered":"<p>Med detta miniv\u00e4xthus kan du odla dina blommor, gr\u00f6nsaker och \u00f6rter \u00e4ven i de minsta utrymmen. Den pulverlackerade st\u00e5lramen \u00e4r&#8230;<\/p>\n","protected":false},"featured_media":16094,"template":"","meta":[],"product_brand":[],"product_cat":[444,435,443],"product_tag":[],"class_list":{"0":"post-16093","1":"product","2":"type-product","3":"status-publish","4":"has-post-thumbnail","6":"product_cat-filma-vaxthus","7":"product_cat-tradgard-och-terrass","8":"product_cat-vaxthus-tradgardsskotsel","10":"first","11":"instock","12":"sale","13":"taxable","14":"shipping-taxable","15":"purchasable","16":"product-type-simple"},"yoast_head":"<!-- This site is optimized with the Yoast SEO plugin v25.4 - https:\/\/yoast.com\/wordpress\/plugins\/seo\/ -->\n<title>TRUUSK Miniv\u00e4xthus - V\u00e4derbest\u00e4ndig - L\u00e4tt Att Transportera - 99 cm x 71 cm x 60 cm - Polytunnel - Gr\u00f6n - TRUUSK - Hem, Tr\u00e4dg\u00e5rd &amp; Fritid<\/title>\n<meta name=\"robots\" content=\"index, follow, max-snippet:-1, max-image-preview:large, max-video-preview:-1\" \/>\n<link rel=\"canonical\" href=\"https:\/\/truusk.store\/sv\/produkt\/truusk-minivaxthus-vaderbestandig-latt-att-transportera-99-cm-x-71-cm-x-60-cm-polytunnel-gron\/\" \/>\n<meta property=\"og:locale\" content=\"sv_SE\" \/>\n<meta property=\"og:type\" content=\"article\" \/>\n<meta property=\"og:title\" content=\"TRUUSK Miniv\u00e4xthus - V\u00e4derbest\u00e4ndig - L\u00e4tt Att Transportera - 99 cm x 71 cm x 60 cm - Polytunnel - Gr\u00f6n - TRUUSK - Hem, Tr\u00e4dg\u00e5rd &amp; Fritid\" \/>\n<meta property=\"og:description\" content=\"Med detta miniv\u00e4xthus kan du odla dina blommor, gr\u00f6nsaker och \u00f6rter \u00e4ven i de minsta utrymmen. Den pulverlackerade st\u00e5lramen \u00e4r...\" \/>\n<meta property=\"og:url\" content=\"https:\/\/truusk.store\/sv\/produkt\/truusk-minivaxthus-vaderbestandig-latt-att-transportera-99-cm-x-71-cm-x-60-cm-polytunnel-gron\/\" \/>\n<meta property=\"og:site_name\" content=\"TRUUSK - Hem, Tr\u00e4dg\u00e5rd &amp; Fritid\" \/>\n<meta property=\"article:modified_time\" content=\"2026-03-12T08:00:27+00:00\" \/>\n<meta property=\"og:image\" content=\"https:\/\/i0.wp.com\/truusk.se\/wp-content\/uploads\/2024\/02\/minivaxthus-vaderbestandig-latt-att-transportera-99-cm-x-71-cm-x-60-cm-polytunnel-gron.webp?fit=800%2C800&ssl=1\" \/>\n\t<meta property=\"og:image:width\" content=\"800\" \/>\n\t<meta property=\"og:image:height\" content=\"800\" \/>\n\t<meta property=\"og:image:type\" content=\"image\/webp\" \/>\n<meta name=\"twitter:card\" content=\"summary_large_image\" \/>\n<meta name=\"twitter:label1\" content=\"Ber\u00e4knad l\u00e4stid\" \/>\n\t<meta name=\"twitter:data1\" content=\"1 minut\" \/>\n<!-- \/ Yoast SEO plugin. -->","yoast_head_json":{"title":"TRUUSK Miniv\u00e4xthus - V\u00e4derbest\u00e4ndig - L\u00e4tt Att Transportera - 99 cm x 71 cm x 60 cm - Polytunnel - Gr\u00f6n - TRUUSK - Hem, Tr\u00e4dg\u00e5rd &amp; Fritid","robots":{"index":"index","follow":"follow","max-snippet":"max-snippet:-1","max-image-preview":"max-image-preview:large","max-video-preview":"max-video-preview:-1"},"canonical":"https:\/\/truusk.store\/sv\/produkt\/truusk-minivaxthus-vaderbestandig-latt-att-transportera-99-cm-x-71-cm-x-60-cm-polytunnel-gron\/","og_locale":"sv_SE","og_type":"article","og_title":"TRUUSK Miniv\u00e4xthus - V\u00e4derbest\u00e4ndig - L\u00e4tt Att Transportera - 99 cm x 71 cm x 60 cm - Polytunnel - Gr\u00f6n - TRUUSK - Hem, Tr\u00e4dg\u00e5rd &amp; Fritid","og_description":"Med detta miniv\u00e4xthus kan du odla dina blommor, gr\u00f6nsaker och \u00f6rter \u00e4ven i de minsta utrymmen. Den pulverlackerade st\u00e5lramen \u00e4r...","og_url":"https:\/\/truusk.store\/sv\/produkt\/truusk-minivaxthus-vaderbestandig-latt-att-transportera-99-cm-x-71-cm-x-60-cm-polytunnel-gron\/","og_site_name":"TRUUSK - Hem, Tr\u00e4dg\u00e5rd &amp; Fritid","article_modified_time":"2026-03-12T08:00:27+00:00","og_image":[{"width":800,"height":800,"url":"https:\/\/i0.wp.com\/truusk.se\/wp-content\/uploads\/2024\/02\/minivaxthus-vaderbestandig-latt-att-transportera-99-cm-x-71-cm-x-60-cm-polytunnel-gron.webp?fit=800%2C800&ssl=1","type":"image\/webp"}],"twitter_card":"summary_large_image","twitter_misc":{"Ber\u00e4knad l\u00e4stid":"1 minut"},"schema":{"@context":"https:\/\/schema.org","@graph":[{"@type":"WebPage","@id":"https:\/\/truusk.store\/sv\/produkt\/truusk-minivaxthus-vaderbestandig-latt-att-transportera-99-cm-x-71-cm-x-60-cm-polytunnel-gron\/","url":"https:\/\/truusk.store\/sv\/produkt\/truusk-minivaxthus-vaderbestandig-latt-att-transportera-99-cm-x-71-cm-x-60-cm-polytunnel-gron\/","name":"TRUUSK Miniv\u00e4xthus - V\u00e4derbest\u00e4ndig - L\u00e4tt Att Transportera - 99 cm x 71 cm x 60 cm - Polytunnel - Gr\u00f6n - TRUUSK - Hem, Tr\u00e4dg\u00e5rd &amp; Fritid","isPartOf":{"@id":"https:\/\/truusk.store\/sv\/#website"},"primaryImageOfPage":{"@id":"https:\/\/truusk.store\/sv\/produkt\/truusk-minivaxthus-vaderbestandig-latt-att-transportera-99-cm-x-71-cm-x-60-cm-polytunnel-gron\/#primaryimage"},"image":{"@id":"https:\/\/truusk.store\/sv\/produkt\/truusk-minivaxthus-vaderbestandig-latt-att-transportera-99-cm-x-71-cm-x-60-cm-polytunnel-gron\/#primaryimage"},"thumbnailUrl":"https:\/\/i0.wp.com\/truusk.store\/wp-content\/uploads\/2024\/02\/minivaxthus-vaderbestandig-latt-att-transportera-99-cm-x-71-cm-x-60-cm-polytunnel-gron.webp?fit=800%2C800&ssl=1","datePublished":"2024-02-13T11:56:30+00:00","dateModified":"2026-03-12T08:00:27+00:00","breadcrumb":{"@id":"https:\/\/truusk.store\/sv\/produkt\/truusk-minivaxthus-vaderbestandig-latt-att-transportera-99-cm-x-71-cm-x-60-cm-polytunnel-gron\/#breadcrumb"},"inLanguage":"sv-SE","potentialAction":[{"@type":"ReadAction","target":["https:\/\/truusk.store\/sv\/produkt\/truusk-minivaxthus-vaderbestandig-latt-att-transportera-99-cm-x-71-cm-x-60-cm-polytunnel-gron\/"]}]},{"@type":"ImageObject","inLanguage":"sv-SE","@id":"https:\/\/truusk.store\/sv\/produkt\/truusk-minivaxthus-vaderbestandig-latt-att-transportera-99-cm-x-71-cm-x-60-cm-polytunnel-gron\/#primaryimage","url":"https:\/\/i0.wp.com\/truusk.store\/wp-content\/uploads\/2024\/02\/minivaxthus-vaderbestandig-latt-att-transportera-99-cm-x-71-cm-x-60-cm-polytunnel-gron.webp?fit=800%2C800&ssl=1","contentUrl":"https:\/\/i0.wp.com\/truusk.store\/wp-content\/uploads\/2024\/02\/minivaxthus-vaderbestandig-latt-att-transportera-99-cm-x-71-cm-x-60-cm-polytunnel-gron.webp?fit=800%2C800&ssl=1","width":800,"height":800,"caption":"Miniv\u00e4xthus, V\u00e4derbest\u00e4ndig, L\u00e4tt Att Transportera, 99 Cm X 71 Cm X 60 Cm, Polytunnel, Gr\u00f6n 1"},{"@type":"BreadcrumbList","@id":"https:\/\/truusk.store\/sv\/produkt\/truusk-minivaxthus-vaderbestandig-latt-att-transportera-99-cm-x-71-cm-x-60-cm-polytunnel-gron\/#breadcrumb","itemListElement":[{"@type":"ListItem","position":1,"name":"Home","item":"https:\/\/truusk.store\/sv\/"},{"@type":"ListItem","position":2,"name":"Shop","item":"https:\/\/truusk.store\/shop\/"},{"@type":"ListItem","position":3,"name":"TRUUSK Miniv\u00e4xthus &#8211; V\u00e4derbest\u00e4ndig &#8211; L\u00e4tt Att Transportera &#8211; 99 cm x 71 cm x 60 cm &#8211; Polytunnel &#8211; Gr\u00f6n"}]},{"@type":"WebSite","@id":"https:\/\/truusk.store\/sv\/#website","url":"https:\/\/truusk.store\/sv\/","name":"TRUUSK - Hem, Tr\u00e4dg\u00e5rd & Fritid","description":"","publisher":{"@id":"https:\/\/truusk.store\/sv\/#organization"},"potentialAction":[{"@type":"SearchAction","target":{"@type":"EntryPoint","urlTemplate":"https:\/\/truusk.store\/sv\/?s={search_term_string}"},"query-input":{"@type":"PropertyValueSpecification","valueRequired":true,"valueName":"search_term_string"}}],"inLanguage":"sv-SE"},{"@type":"Organization","@id":"https:\/\/truusk.store\/sv\/#organization","name":"TRUUSK - Hem, Tr\u00e4dg\u00e5rd & Fritid","url":"https:\/\/truusk.store\/sv\/","logo":{"@type":"ImageObject","inLanguage":"sv-SE","@id":"https:\/\/truusk.store\/sv\/#\/schema\/logo\/image\/","url":"https:\/\/i0.wp.com\/truusk.store\/wp-content\/uploads\/2026\/03\/cropped-TRUUSK.png?fit=2032%2C917&ssl=1","contentUrl":"https:\/\/i0.wp.com\/truusk.store\/wp-content\/uploads\/2026\/03\/cropped-TRUUSK.png?fit=2032%2C917&ssl=1","width":2032,"height":917,"caption":"TRUUSK - Hem, Tr\u00e4dg\u00e5rd & Fritid"},"image":{"@id":"https:\/\/truusk.store\/sv\/#\/schema\/logo\/image\/"}}]}},"jetpack_sharing_enabled":true,"_links":{"self":[{"href":"https:\/\/truusk.store\/sv\/wp-json\/wp\/v2\/product\/16093","targetHints":{"allow":["GET"]}}],"collection":[{"href":"https:\/\/truusk.store\/sv\/wp-json\/wp\/v2\/product"}],"about":[{"href":"https:\/\/truusk.store\/sv\/wp-json\/wp\/v2\/types\/product"}],"wp:featuredmedia":[{"embeddable":true,"href":"https:\/\/truusk.store\/sv\/wp-json\/wp\/v2\/media\/16094"}],"wp:attachment":[{"href":"https:\/\/truusk.store\/sv\/wp-json\/wp\/v2\/media?parent=16093"}],"wp:term":[{"taxonomy":"product_brand","embeddable":true,"href":"https:\/\/truusk.store\/sv\/wp-json\/wp\/v2\/product_brand?post=16093"},{"taxonomy":"product_cat","embeddable":true,"href":"https:\/\/truusk.store\/sv\/wp-json\/wp\/v2\/product_cat?post=16093"},{"taxonomy":"product_tag","embeddable":true,"href":"https:\/\/truusk.store\/sv\/wp-json\/wp\/v2\/product_tag?post=16093"}],"curies":[{"name":"wp","href":"https:\/\/api.w.org\/{rel}","templated":true}]}}