{"id":16149,"date":"2024-02-13T12:57:53","date_gmt":"2024-02-13T11:57:53","guid":{"rendered":"https:\/\/truusk.store\/product\/kladhangare-kladstall-med-hjul-hojdjusterbar-och-utdragbar-kladstang-kladstallning-fristaende-kladhangare-for-entren-rostfritt-stal-86-x-45-x-95-cm\/"},"modified":"2026-03-12T09:00:28","modified_gmt":"2026-03-12T08:00:28","slug":"truusk-justerbar-kladhangare-med-hjul-rostfritt-stal-fristaende-kladstall-86-x-45-x-95-cm","status":"publish","type":"product","link":"https:\/\/truusk.store\/sv\/produkt\/truusk-justerbar-kladhangare-med-hjul-rostfritt-stal-fristaende-kladstall-86-x-45-x-95-cm\/","title":{"rendered":"TRUUSK Justerbar Kl\u00e4dh\u00e4ngare med Hjul &#8211; Rostfritt St\u00e5l &#8211; Frist\u00e5ende Kl\u00e4dst\u00e4ll &#8211; 86 x 45 x 95 cm"},"content":{"rendered":"<p>\u00c4r din garderob f\u00f6r liten f\u00f6r att lagra alla dina kl\u00e4der? Ja, denna kl\u00e4dh\u00e4ngare kommer att l\u00f6sa ditt problem med brist p\u00e5 lagringsutrymme. Vi erbjuder dig detta set med ett utm\u00e4rkt pris- och kvalitetsf\u00f6rh\u00e5llande. Sk\u00e5pslisten kan \u00e4ven justeras i bredd och h\u00f6jd och anpassar sig d\u00e4rmed perfekt efter dina behov!<\/p>\n<h3>Beskrivning:<\/h3>\n<ul>\n<li>stabilt och sp\u00e4nstigt kl\u00e4dst\u00e4ll<\/li>\n<li>tillverkad av rostfritt st\u00e5l och plast<\/li>\n<li>bearbetad av h\u00f6g kvalitet<\/li>\n<li>bra, l\u00e5ngvarig kvalitet<\/li>\n<li>med 4 hjul, 2 hjul har broms, l\u00e4tt att flytta<\/li>\n<li>Variabel i h\u00f6jd och bredd f\u00f6r att passa individuella behov<\/li>\n<li>justerbar h\u00f6jd mellan 95-170 cm<\/li>\n<li>justerbar bredd mellan 86-160 cm<\/li>\n<\/ul>\n<h3>Teknisk data:<\/h3>\n<ul>\n<li>M\u00e5tt: ca (86-160) x 45 x (95-170) cm (BxDxH)<\/li>\n<li>Material: rostfritt st\u00e5l och plast<\/li>\n<li>Nettovikt: 2,2 kg<\/li>\n<li>Lastkapacitet: 25 kg<\/li>\n<\/ul>\n<h3>Leveransens omfattning:<\/h3>\n<ul>\n<li>1 x Kl\u00e4dst\u00e4ll;<\/li>\n<\/ul>\n","protected":false},"excerpt":{"rendered":"<p>\u00c4r din garderob f\u00f6r liten f\u00f6r att lagra alla dina kl\u00e4der? Ja, denna kl\u00e4dh\u00e4ngare kommer att l\u00f6sa ditt problem med&#8230;<\/p>\n","protected":false},"featured_media":16150,"template":"","meta":[],"product_brand":[],"product_cat":[558,485,560],"product_tag":[],"class_list":{"0":"post-16149","1":"product","2":"type-product","3":"status-publish","4":"has-post-thumbnail","6":"product_cat-garderober","7":"product_cat-hus-bo","8":"product_cat-kladhangare","10":"first","11":"instock","12":"sale","13":"taxable","14":"shipping-taxable","15":"purchasable","16":"product-type-simple"},"yoast_head":"<!-- This site is optimized with the Yoast SEO plugin v25.4 - https:\/\/yoast.com\/wordpress\/plugins\/seo\/ -->\n<title>TRUUSK Justerbar Kl\u00e4dh\u00e4ngare med Hjul - Rostfritt St\u00e5l - Frist\u00e5ende Kl\u00e4dst\u00e4ll - 86 x 45 x 95 cm - TRUUSK - Hem, Tr\u00e4dg\u00e5rd &amp; Fritid<\/title>\n<meta name=\"robots\" content=\"index, follow, max-snippet:-1, max-image-preview:large, max-video-preview:-1\" \/>\n<link rel=\"canonical\" href=\"https:\/\/truusk.store\/sv\/produkt\/truusk-justerbar-kladhangare-med-hjul-rostfritt-stal-fristaende-kladstall-86-x-45-x-95-cm\/\" \/>\n<meta property=\"og:locale\" content=\"sv_SE\" \/>\n<meta property=\"og:type\" content=\"article\" \/>\n<meta property=\"og:title\" content=\"TRUUSK Justerbar Kl\u00e4dh\u00e4ngare med Hjul - Rostfritt St\u00e5l - Frist\u00e5ende Kl\u00e4dst\u00e4ll - 86 x 45 x 95 cm - TRUUSK - Hem, Tr\u00e4dg\u00e5rd &amp; Fritid\" \/>\n<meta property=\"og:description\" content=\"\u00c4r din garderob f\u00f6r liten f\u00f6r att lagra alla dina kl\u00e4der? Ja, denna kl\u00e4dh\u00e4ngare kommer att l\u00f6sa ditt problem med...\" \/>\n<meta property=\"og:url\" content=\"https:\/\/truusk.store\/sv\/produkt\/truusk-justerbar-kladhangare-med-hjul-rostfritt-stal-fristaende-kladstall-86-x-45-x-95-cm\/\" \/>\n<meta property=\"og:site_name\" content=\"TRUUSK - Hem, Tr\u00e4dg\u00e5rd &amp; Fritid\" \/>\n<meta property=\"article:modified_time\" content=\"2026-03-12T08:00:28+00:00\" \/>\n<meta property=\"og:image\" content=\"https:\/\/i0.wp.com\/truusk.se\/wp-content\/uploads\/2024\/02\/kladhangare-kladstall-med-hjul-hojdjusterbar-och-utdragbar-kladstang-kladstallning-fristaende-kladhangare-for-entren-rostfritt-stal-86-x-45-x-95-cm.webp?fit=800%2C800&ssl=1\" \/>\n\t<meta property=\"og:image:width\" content=\"800\" \/>\n\t<meta property=\"og:image:height\" content=\"800\" \/>\n\t<meta property=\"og:image:type\" content=\"image\/webp\" \/>\n<meta name=\"twitter:card\" content=\"summary_large_image\" \/>\n<meta name=\"twitter:label1\" content=\"Ber\u00e4knad l\u00e4stid\" \/>\n\t<meta name=\"twitter:data1\" content=\"1 minut\" \/>\n<!-- \/ Yoast SEO plugin. -->","yoast_head_json":{"title":"TRUUSK Justerbar Kl\u00e4dh\u00e4ngare med Hjul - Rostfritt St\u00e5l - Frist\u00e5ende Kl\u00e4dst\u00e4ll - 86 x 45 x 95 cm - TRUUSK - Hem, Tr\u00e4dg\u00e5rd &amp; Fritid","robots":{"index":"index","follow":"follow","max-snippet":"max-snippet:-1","max-image-preview":"max-image-preview:large","max-video-preview":"max-video-preview:-1"},"canonical":"https:\/\/truusk.store\/sv\/produkt\/truusk-justerbar-kladhangare-med-hjul-rostfritt-stal-fristaende-kladstall-86-x-45-x-95-cm\/","og_locale":"sv_SE","og_type":"article","og_title":"TRUUSK Justerbar Kl\u00e4dh\u00e4ngare med Hjul - Rostfritt St\u00e5l - Frist\u00e5ende Kl\u00e4dst\u00e4ll - 86 x 45 x 95 cm - TRUUSK - Hem, Tr\u00e4dg\u00e5rd &amp; Fritid","og_description":"\u00c4r din garderob f\u00f6r liten f\u00f6r att lagra alla dina kl\u00e4der? Ja, denna kl\u00e4dh\u00e4ngare kommer att l\u00f6sa ditt problem med...","og_url":"https:\/\/truusk.store\/sv\/produkt\/truusk-justerbar-kladhangare-med-hjul-rostfritt-stal-fristaende-kladstall-86-x-45-x-95-cm\/","og_site_name":"TRUUSK - Hem, Tr\u00e4dg\u00e5rd &amp; Fritid","article_modified_time":"2026-03-12T08:00:28+00:00","og_image":[{"width":800,"height":800,"url":"https:\/\/i0.wp.com\/truusk.se\/wp-content\/uploads\/2024\/02\/kladhangare-kladstall-med-hjul-hojdjusterbar-och-utdragbar-kladstang-kladstallning-fristaende-kladhangare-for-entren-rostfritt-stal-86-x-45-x-95-cm.webp?fit=800%2C800&ssl=1","type":"image\/webp"}],"twitter_card":"summary_large_image","twitter_misc":{"Ber\u00e4knad l\u00e4stid":"1 minut"},"schema":{"@context":"https:\/\/schema.org","@graph":[{"@type":"WebPage","@id":"https:\/\/truusk.store\/sv\/produkt\/truusk-justerbar-kladhangare-med-hjul-rostfritt-stal-fristaende-kladstall-86-x-45-x-95-cm\/","url":"https:\/\/truusk.store\/sv\/produkt\/truusk-justerbar-kladhangare-med-hjul-rostfritt-stal-fristaende-kladstall-86-x-45-x-95-cm\/","name":"TRUUSK Justerbar Kl\u00e4dh\u00e4ngare med Hjul - Rostfritt St\u00e5l - Frist\u00e5ende Kl\u00e4dst\u00e4ll - 86 x 45 x 95 cm - TRUUSK - Hem, Tr\u00e4dg\u00e5rd &amp; Fritid","isPartOf":{"@id":"https:\/\/truusk.store\/sv\/#website"},"primaryImageOfPage":{"@id":"https:\/\/truusk.store\/sv\/produkt\/truusk-justerbar-kladhangare-med-hjul-rostfritt-stal-fristaende-kladstall-86-x-45-x-95-cm\/#primaryimage"},"image":{"@id":"https:\/\/truusk.store\/sv\/produkt\/truusk-justerbar-kladhangare-med-hjul-rostfritt-stal-fristaende-kladstall-86-x-45-x-95-cm\/#primaryimage"},"thumbnailUrl":"https:\/\/i0.wp.com\/truusk.store\/wp-content\/uploads\/2024\/02\/kladhangare-kladstall-med-hjul-hojdjusterbar-och-utdragbar-kladstang-kladstallning-fristaende-kladhangare-for-entren-rostfritt-stal-86-x-45-x-95-cm.webp?fit=800%2C800&ssl=1","datePublished":"2024-02-13T11:57:53+00:00","dateModified":"2026-03-12T08:00:28+00:00","breadcrumb":{"@id":"https:\/\/truusk.store\/sv\/produkt\/truusk-justerbar-kladhangare-med-hjul-rostfritt-stal-fristaende-kladstall-86-x-45-x-95-cm\/#breadcrumb"},"inLanguage":"sv-SE","potentialAction":[{"@type":"ReadAction","target":["https:\/\/truusk.store\/sv\/produkt\/truusk-justerbar-kladhangare-med-hjul-rostfritt-stal-fristaende-kladstall-86-x-45-x-95-cm\/"]}]},{"@type":"ImageObject","inLanguage":"sv-SE","@id":"https:\/\/truusk.store\/sv\/produkt\/truusk-justerbar-kladhangare-med-hjul-rostfritt-stal-fristaende-kladstall-86-x-45-x-95-cm\/#primaryimage","url":"https:\/\/i0.wp.com\/truusk.store\/wp-content\/uploads\/2024\/02\/kladhangare-kladstall-med-hjul-hojdjusterbar-och-utdragbar-kladstang-kladstallning-fristaende-kladhangare-for-entren-rostfritt-stal-86-x-45-x-95-cm.webp?fit=800%2C800&ssl=1","contentUrl":"https:\/\/i0.wp.com\/truusk.store\/wp-content\/uploads\/2024\/02\/kladhangare-kladstall-med-hjul-hojdjusterbar-och-utdragbar-kladstang-kladstallning-fristaende-kladhangare-for-entren-rostfritt-stal-86-x-45-x-95-cm.webp?fit=800%2C800&ssl=1","width":800,"height":800,"caption":"Kl\u00e4dh\u00e4ngare Kl\u00e4dst\u00e4ll Med Hjul H\u00f6jdjusterbar Och Utdragbar Kl\u00e4dst\u00e5ng Kl\u00e4dst\u00e4llning Frist\u00e5ende Kl\u00e4dh\u00e4ngare F\u00f6r Entr\u00e9n Rostfritt St\u00e5l 86 X 45 X 95 Cm 1"},{"@type":"BreadcrumbList","@id":"https:\/\/truusk.store\/sv\/produkt\/truusk-justerbar-kladhangare-med-hjul-rostfritt-stal-fristaende-kladstall-86-x-45-x-95-cm\/#breadcrumb","itemListElement":[{"@type":"ListItem","position":1,"name":"Home","item":"https:\/\/truusk.store\/sv\/"},{"@type":"ListItem","position":2,"name":"Shop","item":"https:\/\/truusk.store\/shop\/"},{"@type":"ListItem","position":3,"name":"TRUUSK Justerbar Kl\u00e4dh\u00e4ngare med Hjul &#8211; Rostfritt St\u00e5l &#8211; Frist\u00e5ende Kl\u00e4dst\u00e4ll &#8211; 86 x 45 x 95 cm"}]},{"@type":"WebSite","@id":"https:\/\/truusk.store\/sv\/#website","url":"https:\/\/truusk.store\/sv\/","name":"TRUUSK - Hem, Tr\u00e4dg\u00e5rd & Fritid","description":"","publisher":{"@id":"https:\/\/truusk.store\/sv\/#organization"},"potentialAction":[{"@type":"SearchAction","target":{"@type":"EntryPoint","urlTemplate":"https:\/\/truusk.store\/sv\/?s={search_term_string}"},"query-input":{"@type":"PropertyValueSpecification","valueRequired":true,"valueName":"search_term_string"}}],"inLanguage":"sv-SE"},{"@type":"Organization","@id":"https:\/\/truusk.store\/sv\/#organization","name":"TRUUSK - Hem, Tr\u00e4dg\u00e5rd & Fritid","url":"https:\/\/truusk.store\/sv\/","logo":{"@type":"ImageObject","inLanguage":"sv-SE","@id":"https:\/\/truusk.store\/sv\/#\/schema\/logo\/image\/","url":"https:\/\/i0.wp.com\/truusk.store\/wp-content\/uploads\/2026\/03\/cropped-TRUUSK.png?fit=2032%2C917&ssl=1","contentUrl":"https:\/\/i0.wp.com\/truusk.store\/wp-content\/uploads\/2026\/03\/cropped-TRUUSK.png?fit=2032%2C917&ssl=1","width":2032,"height":917,"caption":"TRUUSK - Hem, Tr\u00e4dg\u00e5rd & Fritid"},"image":{"@id":"https:\/\/truusk.store\/sv\/#\/schema\/logo\/image\/"}}]}},"jetpack_sharing_enabled":true,"_links":{"self":[{"href":"https:\/\/truusk.store\/sv\/wp-json\/wp\/v2\/product\/16149","targetHints":{"allow":["GET"]}}],"collection":[{"href":"https:\/\/truusk.store\/sv\/wp-json\/wp\/v2\/product"}],"about":[{"href":"https:\/\/truusk.store\/sv\/wp-json\/wp\/v2\/types\/product"}],"wp:featuredmedia":[{"embeddable":true,"href":"https:\/\/truusk.store\/sv\/wp-json\/wp\/v2\/media\/16150"}],"wp:attachment":[{"href":"https:\/\/truusk.store\/sv\/wp-json\/wp\/v2\/media?parent=16149"}],"wp:term":[{"taxonomy":"product_brand","embeddable":true,"href":"https:\/\/truusk.store\/sv\/wp-json\/wp\/v2\/product_brand?post=16149"},{"taxonomy":"product_cat","embeddable":true,"href":"https:\/\/truusk.store\/sv\/wp-json\/wp\/v2\/product_cat?post=16149"},{"taxonomy":"product_tag","embeddable":true,"href":"https:\/\/truusk.store\/sv\/wp-json\/wp\/v2\/product_tag?post=16149"}],"curies":[{"name":"wp","href":"https:\/\/api.w.org\/{rel}","templated":true}]}}