{"id":16212,"date":"2024-02-13T12:59:35","date_gmt":"2024-02-13T11:59:35","guid":{"rendered":"https:\/\/truusk.store\/product\/hollywood-swing-3-sits-tradgardsgungbank-med-justerbart-soltak-tebord-stal-polyester-gra-svart-271-x-125-x-177-cm\/"},"modified":"2026-03-12T09:00:29","modified_gmt":"2026-03-12T08:00:29","slug":"truusk-hollywood-swing-3-sits-tradgardsgungbank-justerbart-soltak-tebord-stal-och-polyester-gra-svart-271-x-125-x-177","status":"publish","type":"product","link":"https:\/\/truusk.store\/sv\/produkt\/truusk-hollywood-swing-3-sits-tradgardsgungbank-justerbart-soltak-tebord-stal-och-polyester-gra-svart-271-x-125-x-177\/","title":{"rendered":"TRUUSK Hollywood Swing 3-sits Tr\u00e4dg\u00e5rdsgungb\u00e4nk &#8211; Justerbart Soltak &#8211; Tebord &#8211; St\u00e5l och Polyester &#8211; Gr\u00e5 + Svart &#8211; 271 x 125 x 177"},"content":{"rendered":"<p>Denna baldakingunga f\u00f6r tre personer kommer att tillf\u00f6ra modern charm och stil till din tr\u00e4dg\u00e5rd! Tr\u00e4dg\u00e5rdsgungan \u00e4r gjord av kraftigt st\u00e5l och har ett justerbart soltak i polyester. Verandans gungstolar med armst\u00f6d och soffbord p\u00e5 varje sida s\u00e4kerst\u00e4ller komfort. Du kan njuta av afternoon tea eller l\u00e4sa tidningar p\u00e5 denna gungb\u00e4nk.<\/p>\n<h3>Beskrivning:<\/h3>\n<ul>\n<li>Perfekt f\u00f6r en tr\u00e4dg\u00e5rd, park, uteplats, g\u00e5rd, bakg\u00e5rd och andra utomhusomr\u00e5den<\/li>\n<li>Bekv\u00e4m gunga f\u00f6r upp till 3 personer f\u00f6r den perfekta loungen utomhus<\/li>\n<li>Solid st\u00e5lram f\u00f6r stabilitet<\/li>\n<li>Justerbar kapell ger solskydd<\/li>\n<li>Du kan \u00e4ndra vinkeln<\/li>\n<li>Soffbord i glas p\u00e5 v\u00e4nster och h\u00f6ger sida f\u00f6r komfort och bekv\u00e4mlighet<\/li>\n<li>Kudde fylld med tjock bomull f\u00f6r b\u00e4ttre komfort<\/li>\n<li>Montering kr\u00e4vs<\/li>\n<\/ul>\n<h3>Teknisk data:<\/h3>\n<ul>\n<li>F\u00e4rg: Gr\u00e5+svart<\/li>\n<li>Material: st\u00e5l, polyester<\/li>\n<li>\u00d6vergripande m\u00e5tt: 271L x 125W x 177H cm<\/li>\n<li>Sitth\u00f6jd: 45 cm<\/li>\n<li>Ryggh\u00f6jd: 54 cm<\/li>\n<li>Canopy tygstorlek: 202L x 112W cm<\/li>\n<li>Armst\u00f6dets bredd: 4,2 cm<\/li>\n<li>Soffbordsstorlek: 40 cm<\/li>\n<li>Lastkapacitet: 300 kg<\/li>\n<\/ul>\n<h3>Leveransens omfattning:<\/h3>\n<ul>\n<li>1 x 3-sits tr\u00e4dg\u00e5rdsgunga<\/li>\n<li>1 x Instruktioner;<\/li>\n<\/ul>\n","protected":false},"excerpt":{"rendered":"<p>Denna baldakingunga f\u00f6r tre personer kommer att tillf\u00f6ra modern charm och stil till din tr\u00e4dg\u00e5rd! Tr\u00e4dg\u00e5rdsgungan \u00e4r gjord av kraftigt&#8230;<\/p>\n","protected":false},"featured_media":16213,"template":"","meta":[],"product_brand":[],"product_cat":[453,435,450],"product_tag":[],"class_list":{"0":"post-16212","1":"product","2":"type-product","3":"status-publish","4":"has-post-thumbnail","6":"product_cat-hollywood-gungor","7":"product_cat-tradgard-och-terrass","8":"product_cat-tradgardsmobler","10":"first","11":"instock","12":"sale","13":"taxable","14":"shipping-taxable","15":"purchasable","16":"product-type-simple"},"yoast_head":"<!-- This site is optimized with the Yoast SEO plugin v25.4 - https:\/\/yoast.com\/wordpress\/plugins\/seo\/ -->\n<title>TRUUSK Hollywood Swing 3-sits Tr\u00e4dg\u00e5rdsgungb\u00e4nk - Justerbart Soltak - Tebord - St\u00e5l och Polyester - Gr\u00e5 + Svart - 271 x 125 x 177 - TRUUSK - Hem, Tr\u00e4dg\u00e5rd &amp; Fritid<\/title>\n<meta name=\"robots\" content=\"index, follow, max-snippet:-1, max-image-preview:large, max-video-preview:-1\" \/>\n<link rel=\"canonical\" href=\"https:\/\/truusk.store\/sv\/produkt\/truusk-hollywood-swing-3-sits-tradgardsgungbank-justerbart-soltak-tebord-stal-och-polyester-gra-svart-271-x-125-x-177\/\" \/>\n<meta property=\"og:locale\" content=\"sv_SE\" \/>\n<meta property=\"og:type\" content=\"article\" \/>\n<meta property=\"og:title\" content=\"TRUUSK Hollywood Swing 3-sits Tr\u00e4dg\u00e5rdsgungb\u00e4nk - Justerbart Soltak - Tebord - St\u00e5l och Polyester - Gr\u00e5 + Svart - 271 x 125 x 177 - TRUUSK - Hem, Tr\u00e4dg\u00e5rd &amp; Fritid\" \/>\n<meta property=\"og:description\" content=\"Denna baldakingunga f\u00f6r tre personer kommer att tillf\u00f6ra modern charm och stil till din tr\u00e4dg\u00e5rd! Tr\u00e4dg\u00e5rdsgungan \u00e4r gjord av kraftigt...\" \/>\n<meta property=\"og:url\" content=\"https:\/\/truusk.store\/sv\/produkt\/truusk-hollywood-swing-3-sits-tradgardsgungbank-justerbart-soltak-tebord-stal-och-polyester-gra-svart-271-x-125-x-177\/\" \/>\n<meta property=\"og:site_name\" content=\"TRUUSK - Hem, Tr\u00e4dg\u00e5rd &amp; Fritid\" \/>\n<meta property=\"article:modified_time\" content=\"2026-03-12T08:00:29+00:00\" \/>\n<meta property=\"og:image\" content=\"https:\/\/i0.wp.com\/truusk.se\/wp-content\/uploads\/2024\/02\/hollywood-swing-3-sits-tradgardsgungbank-med-justerbart-soltak-tebord-stal-polyester-gra-svart-271-x-125-x-177-cm.webp?fit=800%2C800&ssl=1\" \/>\n\t<meta property=\"og:image:width\" content=\"800\" \/>\n\t<meta property=\"og:image:height\" content=\"800\" \/>\n\t<meta property=\"og:image:type\" content=\"image\/webp\" \/>\n<meta name=\"twitter:card\" content=\"summary_large_image\" \/>\n<meta name=\"twitter:label1\" content=\"Ber\u00e4knad l\u00e4stid\" \/>\n\t<meta name=\"twitter:data1\" content=\"1 minut\" \/>\n<!-- \/ Yoast SEO plugin. -->","yoast_head_json":{"title":"TRUUSK Hollywood Swing 3-sits Tr\u00e4dg\u00e5rdsgungb\u00e4nk - Justerbart Soltak - Tebord - St\u00e5l och Polyester - Gr\u00e5 + Svart - 271 x 125 x 177 - TRUUSK - Hem, Tr\u00e4dg\u00e5rd &amp; Fritid","robots":{"index":"index","follow":"follow","max-snippet":"max-snippet:-1","max-image-preview":"max-image-preview:large","max-video-preview":"max-video-preview:-1"},"canonical":"https:\/\/truusk.store\/sv\/produkt\/truusk-hollywood-swing-3-sits-tradgardsgungbank-justerbart-soltak-tebord-stal-och-polyester-gra-svart-271-x-125-x-177\/","og_locale":"sv_SE","og_type":"article","og_title":"TRUUSK Hollywood Swing 3-sits Tr\u00e4dg\u00e5rdsgungb\u00e4nk - Justerbart Soltak - Tebord - St\u00e5l och Polyester - Gr\u00e5 + Svart - 271 x 125 x 177 - TRUUSK - Hem, Tr\u00e4dg\u00e5rd &amp; Fritid","og_description":"Denna baldakingunga f\u00f6r tre personer kommer att tillf\u00f6ra modern charm och stil till din tr\u00e4dg\u00e5rd! Tr\u00e4dg\u00e5rdsgungan \u00e4r gjord av kraftigt...","og_url":"https:\/\/truusk.store\/sv\/produkt\/truusk-hollywood-swing-3-sits-tradgardsgungbank-justerbart-soltak-tebord-stal-och-polyester-gra-svart-271-x-125-x-177\/","og_site_name":"TRUUSK - Hem, Tr\u00e4dg\u00e5rd &amp; Fritid","article_modified_time":"2026-03-12T08:00:29+00:00","og_image":[{"width":800,"height":800,"url":"https:\/\/i0.wp.com\/truusk.se\/wp-content\/uploads\/2024\/02\/hollywood-swing-3-sits-tradgardsgungbank-med-justerbart-soltak-tebord-stal-polyester-gra-svart-271-x-125-x-177-cm.webp?fit=800%2C800&ssl=1","type":"image\/webp"}],"twitter_card":"summary_large_image","twitter_misc":{"Ber\u00e4knad l\u00e4stid":"1 minut"},"schema":{"@context":"https:\/\/schema.org","@graph":[{"@type":"WebPage","@id":"https:\/\/truusk.store\/sv\/produkt\/truusk-hollywood-swing-3-sits-tradgardsgungbank-justerbart-soltak-tebord-stal-och-polyester-gra-svart-271-x-125-x-177\/","url":"https:\/\/truusk.store\/sv\/produkt\/truusk-hollywood-swing-3-sits-tradgardsgungbank-justerbart-soltak-tebord-stal-och-polyester-gra-svart-271-x-125-x-177\/","name":"TRUUSK Hollywood Swing 3-sits Tr\u00e4dg\u00e5rdsgungb\u00e4nk - Justerbart Soltak - Tebord - St\u00e5l och Polyester - Gr\u00e5 + Svart - 271 x 125 x 177 - TRUUSK - Hem, Tr\u00e4dg\u00e5rd &amp; Fritid","isPartOf":{"@id":"https:\/\/truusk.store\/sv\/#website"},"primaryImageOfPage":{"@id":"https:\/\/truusk.store\/sv\/produkt\/truusk-hollywood-swing-3-sits-tradgardsgungbank-justerbart-soltak-tebord-stal-och-polyester-gra-svart-271-x-125-x-177\/#primaryimage"},"image":{"@id":"https:\/\/truusk.store\/sv\/produkt\/truusk-hollywood-swing-3-sits-tradgardsgungbank-justerbart-soltak-tebord-stal-och-polyester-gra-svart-271-x-125-x-177\/#primaryimage"},"thumbnailUrl":"https:\/\/i0.wp.com\/truusk.store\/wp-content\/uploads\/2024\/02\/hollywood-swing-3-sits-tradgardsgungbank-med-justerbart-soltak-tebord-stal-polyester-gra-svart-271-x-125-x-177-cm.webp?fit=800%2C800&ssl=1","datePublished":"2024-02-13T11:59:35+00:00","dateModified":"2026-03-12T08:00:29+00:00","breadcrumb":{"@id":"https:\/\/truusk.store\/sv\/produkt\/truusk-hollywood-swing-3-sits-tradgardsgungbank-justerbart-soltak-tebord-stal-och-polyester-gra-svart-271-x-125-x-177\/#breadcrumb"},"inLanguage":"sv-SE","potentialAction":[{"@type":"ReadAction","target":["https:\/\/truusk.store\/sv\/produkt\/truusk-hollywood-swing-3-sits-tradgardsgungbank-justerbart-soltak-tebord-stal-och-polyester-gra-svart-271-x-125-x-177\/"]}]},{"@type":"ImageObject","inLanguage":"sv-SE","@id":"https:\/\/truusk.store\/sv\/produkt\/truusk-hollywood-swing-3-sits-tradgardsgungbank-justerbart-soltak-tebord-stal-och-polyester-gra-svart-271-x-125-x-177\/#primaryimage","url":"https:\/\/i0.wp.com\/truusk.store\/wp-content\/uploads\/2024\/02\/hollywood-swing-3-sits-tradgardsgungbank-med-justerbart-soltak-tebord-stal-polyester-gra-svart-271-x-125-x-177-cm.webp?fit=800%2C800&ssl=1","contentUrl":"https:\/\/i0.wp.com\/truusk.store\/wp-content\/uploads\/2024\/02\/hollywood-swing-3-sits-tradgardsgungbank-med-justerbart-soltak-tebord-stal-polyester-gra-svart-271-x-125-x-177-cm.webp?fit=800%2C800&ssl=1","width":800,"height":800,"caption":"Hollywood Swing 3-sits Tr\u00e4dg\u00e5rdsgungb\u00e4nk Med Justerbart Soltak Tebord St\u00e5l Polyester Gr\u00e5 + Svart 271 X 125 X 177 Cm 1"},{"@type":"BreadcrumbList","@id":"https:\/\/truusk.store\/sv\/produkt\/truusk-hollywood-swing-3-sits-tradgardsgungbank-justerbart-soltak-tebord-stal-och-polyester-gra-svart-271-x-125-x-177\/#breadcrumb","itemListElement":[{"@type":"ListItem","position":1,"name":"Home","item":"https:\/\/truusk.store\/sv\/"},{"@type":"ListItem","position":2,"name":"Shop","item":"https:\/\/truusk.store\/shop\/"},{"@type":"ListItem","position":3,"name":"TRUUSK Hollywood Swing 3-sits Tr\u00e4dg\u00e5rdsgungb\u00e4nk &#8211; Justerbart Soltak &#8211; Tebord &#8211; St\u00e5l och Polyester &#8211; Gr\u00e5 + Svart &#8211; 271 x 125 x 177"}]},{"@type":"WebSite","@id":"https:\/\/truusk.store\/sv\/#website","url":"https:\/\/truusk.store\/sv\/","name":"TRUUSK - Hem, Tr\u00e4dg\u00e5rd & Fritid","description":"","publisher":{"@id":"https:\/\/truusk.store\/sv\/#organization"},"potentialAction":[{"@type":"SearchAction","target":{"@type":"EntryPoint","urlTemplate":"https:\/\/truusk.store\/sv\/?s={search_term_string}"},"query-input":{"@type":"PropertyValueSpecification","valueRequired":true,"valueName":"search_term_string"}}],"inLanguage":"sv-SE"},{"@type":"Organization","@id":"https:\/\/truusk.store\/sv\/#organization","name":"TRUUSK - Hem, Tr\u00e4dg\u00e5rd & Fritid","url":"https:\/\/truusk.store\/sv\/","logo":{"@type":"ImageObject","inLanguage":"sv-SE","@id":"https:\/\/truusk.store\/sv\/#\/schema\/logo\/image\/","url":"https:\/\/i0.wp.com\/truusk.store\/wp-content\/uploads\/2026\/03\/cropped-TRUUSK.png?fit=2032%2C917&ssl=1","contentUrl":"https:\/\/i0.wp.com\/truusk.store\/wp-content\/uploads\/2026\/03\/cropped-TRUUSK.png?fit=2032%2C917&ssl=1","width":2032,"height":917,"caption":"TRUUSK - Hem, Tr\u00e4dg\u00e5rd & Fritid"},"image":{"@id":"https:\/\/truusk.store\/sv\/#\/schema\/logo\/image\/"}}]}},"jetpack_sharing_enabled":true,"_links":{"self":[{"href":"https:\/\/truusk.store\/sv\/wp-json\/wp\/v2\/product\/16212","targetHints":{"allow":["GET"]}}],"collection":[{"href":"https:\/\/truusk.store\/sv\/wp-json\/wp\/v2\/product"}],"about":[{"href":"https:\/\/truusk.store\/sv\/wp-json\/wp\/v2\/types\/product"}],"wp:featuredmedia":[{"embeddable":true,"href":"https:\/\/truusk.store\/sv\/wp-json\/wp\/v2\/media\/16213"}],"wp:attachment":[{"href":"https:\/\/truusk.store\/sv\/wp-json\/wp\/v2\/media?parent=16212"}],"wp:term":[{"taxonomy":"product_brand","embeddable":true,"href":"https:\/\/truusk.store\/sv\/wp-json\/wp\/v2\/product_brand?post=16212"},{"taxonomy":"product_cat","embeddable":true,"href":"https:\/\/truusk.store\/sv\/wp-json\/wp\/v2\/product_cat?post=16212"},{"taxonomy":"product_tag","embeddable":true,"href":"https:\/\/truusk.store\/sv\/wp-json\/wp\/v2\/product_tag?post=16212"}],"curies":[{"name":"wp","href":"https:\/\/api.w.org\/{rel}","templated":true}]}}