{"id":16277,"date":"2024-02-13T13:01:26","date_gmt":"2024-02-13T12:01:26","guid":{"rendered":"https:\/\/truusk.store\/product\/dorrskydd-trappgrind-utan-borrning-hundsparr-skyddsgrind-for-husdjur-hundgrind-klamfaste-metall-vit-76-107-x-76-cm\/"},"modified":"2026-03-12T09:00:30","modified_gmt":"2026-03-12T08:00:30","slug":"truusk-dorrskydd-trappgrind-utan-borrning-hundsparr-skyddsgrind-for-husdjur-klamfaste-metall-vit-76-107-x-76-cm","status":"publish","type":"product","link":"https:\/\/truusk.store\/sv\/produkt\/truusk-dorrskydd-trappgrind-utan-borrning-hundsparr-skyddsgrind-for-husdjur-klamfaste-metall-vit-76-107-x-76-cm\/","title":{"rendered":"TRUUSK D\u00f6rrskydd &#8211; Trappgrind utan borrning &#8211; Hundsp\u00e4rr &#8211; Skyddsgrind f\u00f6r husdjur &#8211; Kl\u00e4mf\u00e4ste &#8211; Metall &#8211; Vit &#8211; 76-107 x 76 cm"},"content":{"rendered":"<p>V\u00e5r stilfullt designade barri\u00e4r ger dig ett enkelt och effektivt s\u00e4tt att l\u00e5sa in ditt husdjur som en katt eller hund i ett specifikt rum. Den \u00e4r l\u00e4tt att montera p\u00e5 d\u00f6rren tack vare kl\u00e4mf\u00e4stmekanismen utan att beh\u00f6va borra. Med ytterligare tv\u00e5 f\u00f6rl\u00e4ngningsdelar kan skyddsporten justeras fr\u00e5n 76 cm till 107 cm f\u00f6r olika d\u00f6rrbredder. Skydda b\u00e5de husdjur och inredning med v\u00e5r barri\u00e4r.<\/p>\n<h3>Beskrivning:<\/h3>\n<ul>\n<li>Barri\u00e4rgrind f\u00f6r att h\u00e5lla in sm\u00e5 husdjur<\/li>\n<li>Expanderbar storlek, justerbar mellan 76-82cm, 86-97cm, 101-107cm<\/li>\n<li>Best\u00e5r av robust, m\u00e5lad metall f\u00f6r h\u00e5llbarhet och s\u00e4kerhet<\/li>\n<li>3 enskilda delar f\u00f6rbundna med metallg\u00e5ngj\u00e4rn, kan s\u00e4ttas upp flexibelt<\/li>\n<li>Med stativ p\u00e5 botten f\u00f6r ett s\u00e4kert stativ<\/li>\n<li>Rundad topp skyddar mot skador och ger ett dekorativt utseende<\/li>\n<li>L\u00e4mplig f\u00f6r d\u00f6rr\u00f6ppningar, korridorer, trappor, etc<\/li>\n<\/ul>\n<h3>Teknisk data:<\/h3>\n<ul>\n<li>Material: metall, plast<\/li>\n<li>F\u00e4rg vit<\/li>\n<li>Totala m\u00e5tt: L95 x H76 cm (utan f\u00f6rl\u00e4ngning)<\/li>\n<li>Skyddsb\u00e4rare storlek: L68 x H76cm<\/li>\n<li>Storlek p\u00e5 f\u00f6rl\u00e4ngningarna: L10 x H76 cm, L15 x H76 cm<\/li>\n<li>Breddomr\u00e5de: 76cm-82cm, 86cm-97cm, 101-107cm (med f\u00f6rl\u00e4ngning)<\/li>\n<li>Storlek p\u00e5 entr\u00e9: 49 cm<\/li>\n<li>Staketets avst\u00e5nd: 5 cm<\/li>\n<\/ul>\n<h3>Leveransens omfattning:<\/h3>\n<ul>\n<li>1 x skyddsd\u00f6rr<\/li>\n<li>2 x f\u00f6rl\u00e4ngningar<\/li>\n<li>1 x Monteringsanvisning<\/li>\n<\/ul>\n","protected":false},"excerpt":{"rendered":"<p>V\u00e5r stilfullt designade barri\u00e4r ger dig ett enkelt och effektivt s\u00e4tt att l\u00e5sa in ditt husdjur som en katt eller&#8230;<\/p>\n","protected":false},"featured_media":16278,"template":"","meta":[],"product_brand":[],"product_cat":[577,574,573],"product_tag":[],"class_list":{"0":"post-16277","1":"product","2":"type-product","3":"status-publish","4":"has-post-thumbnail","6":"product_cat-hundgrindar-avdelare","7":"product_cat-hundtillbehor","8":"product_cat-husdjursmaterial","10":"first","11":"instock","12":"sale","13":"taxable","14":"shipping-taxable","15":"purchasable","16":"product-type-simple"},"yoast_head":"<!-- This site is optimized with the Yoast SEO plugin v25.4 - https:\/\/yoast.com\/wordpress\/plugins\/seo\/ -->\n<title>TRUUSK D\u00f6rrskydd - Trappgrind utan borrning - Hundsp\u00e4rr - Skyddsgrind f\u00f6r husdjur - Kl\u00e4mf\u00e4ste - Metall - Vit - 76-107 x 76 cm - TRUUSK - Hem, Tr\u00e4dg\u00e5rd &amp; Fritid<\/title>\n<meta name=\"robots\" content=\"index, follow, max-snippet:-1, max-image-preview:large, max-video-preview:-1\" \/>\n<link rel=\"canonical\" href=\"https:\/\/truusk.store\/sv\/produkt\/truusk-dorrskydd-trappgrind-utan-borrning-hundsparr-skyddsgrind-for-husdjur-klamfaste-metall-vit-76-107-x-76-cm\/\" \/>\n<meta property=\"og:locale\" content=\"sv_SE\" \/>\n<meta property=\"og:type\" content=\"article\" \/>\n<meta property=\"og:title\" content=\"TRUUSK D\u00f6rrskydd - Trappgrind utan borrning - Hundsp\u00e4rr - Skyddsgrind f\u00f6r husdjur - Kl\u00e4mf\u00e4ste - Metall - Vit - 76-107 x 76 cm - TRUUSK - Hem, Tr\u00e4dg\u00e5rd &amp; Fritid\" \/>\n<meta property=\"og:description\" content=\"V\u00e5r stilfullt designade barri\u00e4r ger dig ett enkelt och effektivt s\u00e4tt att l\u00e5sa in ditt husdjur som en katt eller...\" \/>\n<meta property=\"og:url\" content=\"https:\/\/truusk.store\/sv\/produkt\/truusk-dorrskydd-trappgrind-utan-borrning-hundsparr-skyddsgrind-for-husdjur-klamfaste-metall-vit-76-107-x-76-cm\/\" \/>\n<meta property=\"og:site_name\" content=\"TRUUSK - Hem, Tr\u00e4dg\u00e5rd &amp; Fritid\" \/>\n<meta property=\"article:modified_time\" content=\"2026-03-12T08:00:30+00:00\" \/>\n<meta property=\"og:image\" content=\"https:\/\/i0.wp.com\/truusk.se\/wp-content\/uploads\/2024\/02\/dorrskydd-trappgrind-utan-borrning-hundsparr-skyddsgrind-for-husdjur-hundgrind-klamfaste-metall-vit-76-107-x-76-cm.webp?fit=800%2C800&ssl=1\" \/>\n\t<meta property=\"og:image:width\" content=\"800\" \/>\n\t<meta property=\"og:image:height\" content=\"800\" \/>\n\t<meta property=\"og:image:type\" content=\"image\/webp\" \/>\n<meta name=\"twitter:card\" content=\"summary_large_image\" \/>\n<meta name=\"twitter:label1\" content=\"Ber\u00e4knad l\u00e4stid\" \/>\n\t<meta name=\"twitter:data1\" content=\"1 minut\" \/>\n<!-- \/ Yoast SEO plugin. -->","yoast_head_json":{"title":"TRUUSK D\u00f6rrskydd - Trappgrind utan borrning - Hundsp\u00e4rr - Skyddsgrind f\u00f6r husdjur - Kl\u00e4mf\u00e4ste - Metall - Vit - 76-107 x 76 cm - TRUUSK - Hem, Tr\u00e4dg\u00e5rd &amp; Fritid","robots":{"index":"index","follow":"follow","max-snippet":"max-snippet:-1","max-image-preview":"max-image-preview:large","max-video-preview":"max-video-preview:-1"},"canonical":"https:\/\/truusk.store\/sv\/produkt\/truusk-dorrskydd-trappgrind-utan-borrning-hundsparr-skyddsgrind-for-husdjur-klamfaste-metall-vit-76-107-x-76-cm\/","og_locale":"sv_SE","og_type":"article","og_title":"TRUUSK D\u00f6rrskydd - Trappgrind utan borrning - Hundsp\u00e4rr - Skyddsgrind f\u00f6r husdjur - Kl\u00e4mf\u00e4ste - Metall - Vit - 76-107 x 76 cm - TRUUSK - Hem, Tr\u00e4dg\u00e5rd &amp; Fritid","og_description":"V\u00e5r stilfullt designade barri\u00e4r ger dig ett enkelt och effektivt s\u00e4tt att l\u00e5sa in ditt husdjur som en katt eller...","og_url":"https:\/\/truusk.store\/sv\/produkt\/truusk-dorrskydd-trappgrind-utan-borrning-hundsparr-skyddsgrind-for-husdjur-klamfaste-metall-vit-76-107-x-76-cm\/","og_site_name":"TRUUSK - Hem, Tr\u00e4dg\u00e5rd &amp; Fritid","article_modified_time":"2026-03-12T08:00:30+00:00","og_image":[{"width":800,"height":800,"url":"https:\/\/i0.wp.com\/truusk.se\/wp-content\/uploads\/2024\/02\/dorrskydd-trappgrind-utan-borrning-hundsparr-skyddsgrind-for-husdjur-hundgrind-klamfaste-metall-vit-76-107-x-76-cm.webp?fit=800%2C800&ssl=1","type":"image\/webp"}],"twitter_card":"summary_large_image","twitter_misc":{"Ber\u00e4knad l\u00e4stid":"1 minut"},"schema":{"@context":"https:\/\/schema.org","@graph":[{"@type":"WebPage","@id":"https:\/\/truusk.store\/sv\/produkt\/truusk-dorrskydd-trappgrind-utan-borrning-hundsparr-skyddsgrind-for-husdjur-klamfaste-metall-vit-76-107-x-76-cm\/","url":"https:\/\/truusk.store\/sv\/produkt\/truusk-dorrskydd-trappgrind-utan-borrning-hundsparr-skyddsgrind-for-husdjur-klamfaste-metall-vit-76-107-x-76-cm\/","name":"TRUUSK D\u00f6rrskydd - Trappgrind utan borrning - Hundsp\u00e4rr - Skyddsgrind f\u00f6r husdjur - Kl\u00e4mf\u00e4ste - Metall - Vit - 76-107 x 76 cm - TRUUSK - Hem, Tr\u00e4dg\u00e5rd &amp; Fritid","isPartOf":{"@id":"https:\/\/truusk.store\/sv\/#website"},"primaryImageOfPage":{"@id":"https:\/\/truusk.store\/sv\/produkt\/truusk-dorrskydd-trappgrind-utan-borrning-hundsparr-skyddsgrind-for-husdjur-klamfaste-metall-vit-76-107-x-76-cm\/#primaryimage"},"image":{"@id":"https:\/\/truusk.store\/sv\/produkt\/truusk-dorrskydd-trappgrind-utan-borrning-hundsparr-skyddsgrind-for-husdjur-klamfaste-metall-vit-76-107-x-76-cm\/#primaryimage"},"thumbnailUrl":"https:\/\/i0.wp.com\/truusk.store\/wp-content\/uploads\/2024\/02\/dorrskydd-trappgrind-utan-borrning-hundsparr-skyddsgrind-for-husdjur-hundgrind-klamfaste-metall-vit-76-107-x-76-cm.webp?fit=800%2C800&ssl=1","datePublished":"2024-02-13T12:01:26+00:00","dateModified":"2026-03-12T08:00:30+00:00","breadcrumb":{"@id":"https:\/\/truusk.store\/sv\/produkt\/truusk-dorrskydd-trappgrind-utan-borrning-hundsparr-skyddsgrind-for-husdjur-klamfaste-metall-vit-76-107-x-76-cm\/#breadcrumb"},"inLanguage":"sv-SE","potentialAction":[{"@type":"ReadAction","target":["https:\/\/truusk.store\/sv\/produkt\/truusk-dorrskydd-trappgrind-utan-borrning-hundsparr-skyddsgrind-for-husdjur-klamfaste-metall-vit-76-107-x-76-cm\/"]}]},{"@type":"ImageObject","inLanguage":"sv-SE","@id":"https:\/\/truusk.store\/sv\/produkt\/truusk-dorrskydd-trappgrind-utan-borrning-hundsparr-skyddsgrind-for-husdjur-klamfaste-metall-vit-76-107-x-76-cm\/#primaryimage","url":"https:\/\/i0.wp.com\/truusk.store\/wp-content\/uploads\/2024\/02\/dorrskydd-trappgrind-utan-borrning-hundsparr-skyddsgrind-for-husdjur-hundgrind-klamfaste-metall-vit-76-107-x-76-cm.webp?fit=800%2C800&ssl=1","contentUrl":"https:\/\/i0.wp.com\/truusk.store\/wp-content\/uploads\/2024\/02\/dorrskydd-trappgrind-utan-borrning-hundsparr-skyddsgrind-for-husdjur-hundgrind-klamfaste-metall-vit-76-107-x-76-cm.webp?fit=800%2C800&ssl=1","width":800,"height":800,"caption":"D\u00f6rrskydd, Trappgrind Utan Borrning, Hundsp\u00e4rr, Skyddsgrind F\u00f6r Husdjur, Hundgrind, Kl\u00e4mf\u00e4ste, Metall, Vit, 76-107 X 76 Cm 1"},{"@type":"BreadcrumbList","@id":"https:\/\/truusk.store\/sv\/produkt\/truusk-dorrskydd-trappgrind-utan-borrning-hundsparr-skyddsgrind-for-husdjur-klamfaste-metall-vit-76-107-x-76-cm\/#breadcrumb","itemListElement":[{"@type":"ListItem","position":1,"name":"Home","item":"https:\/\/truusk.store\/sv\/"},{"@type":"ListItem","position":2,"name":"Shop","item":"https:\/\/truusk.store\/shop\/"},{"@type":"ListItem","position":3,"name":"TRUUSK D\u00f6rrskydd &#8211; Trappgrind utan borrning &#8211; Hundsp\u00e4rr &#8211; Skyddsgrind f\u00f6r husdjur &#8211; Kl\u00e4mf\u00e4ste &#8211; Metall &#8211; Vit &#8211; 76-107 x 76 cm"}]},{"@type":"WebSite","@id":"https:\/\/truusk.store\/sv\/#website","url":"https:\/\/truusk.store\/sv\/","name":"TRUUSK - Hem, Tr\u00e4dg\u00e5rd & Fritid","description":"","publisher":{"@id":"https:\/\/truusk.store\/sv\/#organization"},"potentialAction":[{"@type":"SearchAction","target":{"@type":"EntryPoint","urlTemplate":"https:\/\/truusk.store\/sv\/?s={search_term_string}"},"query-input":{"@type":"PropertyValueSpecification","valueRequired":true,"valueName":"search_term_string"}}],"inLanguage":"sv-SE"},{"@type":"Organization","@id":"https:\/\/truusk.store\/sv\/#organization","name":"TRUUSK - Hem, Tr\u00e4dg\u00e5rd & Fritid","url":"https:\/\/truusk.store\/sv\/","logo":{"@type":"ImageObject","inLanguage":"sv-SE","@id":"https:\/\/truusk.store\/sv\/#\/schema\/logo\/image\/","url":"https:\/\/i0.wp.com\/truusk.store\/wp-content\/uploads\/2026\/03\/cropped-TRUUSK.png?fit=2032%2C917&ssl=1","contentUrl":"https:\/\/i0.wp.com\/truusk.store\/wp-content\/uploads\/2026\/03\/cropped-TRUUSK.png?fit=2032%2C917&ssl=1","width":2032,"height":917,"caption":"TRUUSK - Hem, Tr\u00e4dg\u00e5rd & Fritid"},"image":{"@id":"https:\/\/truusk.store\/sv\/#\/schema\/logo\/image\/"}}]}},"jetpack_sharing_enabled":true,"_links":{"self":[{"href":"https:\/\/truusk.store\/sv\/wp-json\/wp\/v2\/product\/16277","targetHints":{"allow":["GET"]}}],"collection":[{"href":"https:\/\/truusk.store\/sv\/wp-json\/wp\/v2\/product"}],"about":[{"href":"https:\/\/truusk.store\/sv\/wp-json\/wp\/v2\/types\/product"}],"wp:featuredmedia":[{"embeddable":true,"href":"https:\/\/truusk.store\/sv\/wp-json\/wp\/v2\/media\/16278"}],"wp:attachment":[{"href":"https:\/\/truusk.store\/sv\/wp-json\/wp\/v2\/media?parent=16277"}],"wp:term":[{"taxonomy":"product_brand","embeddable":true,"href":"https:\/\/truusk.store\/sv\/wp-json\/wp\/v2\/product_brand?post=16277"},{"taxonomy":"product_cat","embeddable":true,"href":"https:\/\/truusk.store\/sv\/wp-json\/wp\/v2\/product_cat?post=16277"},{"taxonomy":"product_tag","embeddable":true,"href":"https:\/\/truusk.store\/sv\/wp-json\/wp\/v2\/product_tag?post=16277"}],"curies":[{"name":"wp","href":"https:\/\/api.w.org\/{rel}","templated":true}]}}