{"id":16298,"date":"2024-02-13T13:02:04","date_gmt":"2024-02-13T12:02:04","guid":{"rendered":"https:\/\/truusk.store\/product\/verktygslada-verktygslada-med-5-fack-45-x-20-x-345cm-stalrod\/"},"modified":"2026-03-12T09:00:30","modified_gmt":"2026-03-12T08:00:30","slug":"truusk-verktygslada-med-5-fack-stalrod-45-x-20-x-345cm-praktisk-forvaring-robust-konstruktion","status":"publish","type":"product","link":"https:\/\/truusk.store\/sv\/produkt\/truusk-verktygslada-med-5-fack-stalrod-45-x-20-x-345cm-praktisk-forvaring-robust-konstruktion\/","title":{"rendered":"TRUUSK Verktygsl\u00e5da Med 5 Fack &#8211; St\u00e5lr\u00f6d &#8211; 45 X 20 X 34,5cm &#8211; Praktisk F\u00f6rvaring &#8211; Robust Konstruktion"},"content":{"rendered":"<p>Med denna praktiska verktygsl\u00e5da har du alltid dina verktyg till hands. Tre niv\u00e5er och fem fack ger gott om plats f\u00f6r verktyg, sm\u00e5delar och tillbeh\u00f6r. Verktygsl\u00e5dan \u00e4r tillverkad av h\u00f6gkvalitativt st\u00e5l, som inte rostar och \u00e4r rept\u00e5ligt. Verktygsl\u00e5dan kan enkelt transporteras tack vare dess b\u00e4rhandtag. Oavsett om det g\u00e4ller verkstaden, garaget eller lagret &#8211; denna verktygsl\u00e5da b\u00f6r inte saknas i n\u00e5got byggprojekt!<\/p>\n<h3>Beskrivning:<\/h3>\n<ul>\n<li>3 niv\u00e5er med 5 vikbara hyllor ger gott om f\u00f6rvaringsutrymme f\u00f6r dina verktyg<\/li>\n<li>Praktiskt handtag g\u00f6r transporten till en lek<\/li>\n<li>Tillverkad av pulverlackerat och slitstarkt st\u00e5l<\/li>\n<li>Rept\u00e5lig och rosts\u00e4ker<\/li>\n<li>Ingen montering kr\u00e4vs<\/li>\n<\/ul>\n<h3>Teknisk data:<\/h3>\n<ul>\n<li>r\u00f6d f\u00e4rg<\/li>\n<li>Material: St\u00e5l (SPCC)<\/li>\n<li>Totala m\u00e5tt: 45L x 20W x 34,5H cm<\/li>\n<li>M\u00e5tt (ovikt): 69L x 45W x 23H cm<\/li>\n<li>M\u00e5tt p\u00e5 hyllan: 41,5L x 9,5W x 5H cm (liten), 41,5L x 20W x 10H cm (stor)<\/li>\n<li>Max belastning: 20 kg<\/li>\n<\/ul>\n<h3>Leveransens omfattning:<\/h3>\n<ul>\n<li>1 x Verktygsl\u00e5da<\/li>\n<li>1 x Instruktioner<\/li>\n<\/ul>\n","protected":false},"excerpt":{"rendered":"<p>Med denna praktiska verktygsl\u00e5da har du alltid dina verktyg till hands. Tre niv\u00e5er och fem fack ger gott om plats&#8230;<\/p>\n","protected":false},"featured_media":16299,"template":"","meta":[],"product_brand":[],"product_cat":[688,671,692],"product_tag":[],"class_list":{"0":"post-16298","1":"product","2":"type-product","3":"status-publish","4":"has-post-thumbnail","6":"product_cat-diy","7":"product_cat-jarnaffar","8":"product_cat-ordersystem","10":"first","11":"instock","12":"sale","13":"taxable","14":"shipping-taxable","15":"purchasable","16":"product-type-simple"},"yoast_head":"<!-- This site is optimized with the Yoast SEO plugin v25.4 - https:\/\/yoast.com\/wordpress\/plugins\/seo\/ -->\n<title>TRUUSK Verktygsl\u00e5da Med 5 Fack - St\u00e5lr\u00f6d - 45 X 20 X 34,5cm - Praktisk F\u00f6rvaring - Robust Konstruktion - TRUUSK - Hem, Tr\u00e4dg\u00e5rd &amp; Fritid<\/title>\n<meta name=\"robots\" content=\"index, follow, max-snippet:-1, max-image-preview:large, max-video-preview:-1\" \/>\n<link rel=\"canonical\" href=\"https:\/\/truusk.store\/sv\/produkt\/truusk-verktygslada-med-5-fack-stalrod-45-x-20-x-345cm-praktisk-forvaring-robust-konstruktion\/\" \/>\n<meta property=\"og:locale\" content=\"sv_SE\" \/>\n<meta property=\"og:type\" content=\"article\" \/>\n<meta property=\"og:title\" content=\"TRUUSK Verktygsl\u00e5da Med 5 Fack - St\u00e5lr\u00f6d - 45 X 20 X 34,5cm - Praktisk F\u00f6rvaring - Robust Konstruktion - TRUUSK - Hem, Tr\u00e4dg\u00e5rd &amp; Fritid\" \/>\n<meta property=\"og:description\" content=\"Med denna praktiska verktygsl\u00e5da har du alltid dina verktyg till hands. Tre niv\u00e5er och fem fack ger gott om plats...\" \/>\n<meta property=\"og:url\" content=\"https:\/\/truusk.store\/sv\/produkt\/truusk-verktygslada-med-5-fack-stalrod-45-x-20-x-345cm-praktisk-forvaring-robust-konstruktion\/\" \/>\n<meta property=\"og:site_name\" content=\"TRUUSK - Hem, Tr\u00e4dg\u00e5rd &amp; Fritid\" \/>\n<meta property=\"article:modified_time\" content=\"2026-03-12T08:00:30+00:00\" \/>\n<meta property=\"og:image\" content=\"https:\/\/i0.wp.com\/truusk.se\/wp-content\/uploads\/2024\/02\/verktygslada-verktygslada-med-5-fack-45-x-20-x-345cm-stalrod.webp?fit=800%2C800&ssl=1\" \/>\n\t<meta property=\"og:image:width\" content=\"800\" \/>\n\t<meta property=\"og:image:height\" content=\"800\" \/>\n\t<meta property=\"og:image:type\" content=\"image\/webp\" \/>\n<meta name=\"twitter:card\" content=\"summary_large_image\" \/>\n<meta name=\"twitter:label1\" content=\"Ber\u00e4knad l\u00e4stid\" \/>\n\t<meta name=\"twitter:data1\" content=\"1 minut\" \/>\n<!-- \/ Yoast SEO plugin. -->","yoast_head_json":{"title":"TRUUSK Verktygsl\u00e5da Med 5 Fack - St\u00e5lr\u00f6d - 45 X 20 X 34,5cm - Praktisk F\u00f6rvaring - Robust Konstruktion - TRUUSK - Hem, Tr\u00e4dg\u00e5rd &amp; Fritid","robots":{"index":"index","follow":"follow","max-snippet":"max-snippet:-1","max-image-preview":"max-image-preview:large","max-video-preview":"max-video-preview:-1"},"canonical":"https:\/\/truusk.store\/sv\/produkt\/truusk-verktygslada-med-5-fack-stalrod-45-x-20-x-345cm-praktisk-forvaring-robust-konstruktion\/","og_locale":"sv_SE","og_type":"article","og_title":"TRUUSK Verktygsl\u00e5da Med 5 Fack - St\u00e5lr\u00f6d - 45 X 20 X 34,5cm - Praktisk F\u00f6rvaring - Robust Konstruktion - TRUUSK - Hem, Tr\u00e4dg\u00e5rd &amp; Fritid","og_description":"Med denna praktiska verktygsl\u00e5da har du alltid dina verktyg till hands. Tre niv\u00e5er och fem fack ger gott om plats...","og_url":"https:\/\/truusk.store\/sv\/produkt\/truusk-verktygslada-med-5-fack-stalrod-45-x-20-x-345cm-praktisk-forvaring-robust-konstruktion\/","og_site_name":"TRUUSK - Hem, Tr\u00e4dg\u00e5rd &amp; Fritid","article_modified_time":"2026-03-12T08:00:30+00:00","og_image":[{"width":800,"height":800,"url":"https:\/\/i0.wp.com\/truusk.se\/wp-content\/uploads\/2024\/02\/verktygslada-verktygslada-med-5-fack-45-x-20-x-345cm-stalrod.webp?fit=800%2C800&ssl=1","type":"image\/webp"}],"twitter_card":"summary_large_image","twitter_misc":{"Ber\u00e4knad l\u00e4stid":"1 minut"},"schema":{"@context":"https:\/\/schema.org","@graph":[{"@type":"WebPage","@id":"https:\/\/truusk.store\/sv\/produkt\/truusk-verktygslada-med-5-fack-stalrod-45-x-20-x-345cm-praktisk-forvaring-robust-konstruktion\/","url":"https:\/\/truusk.store\/sv\/produkt\/truusk-verktygslada-med-5-fack-stalrod-45-x-20-x-345cm-praktisk-forvaring-robust-konstruktion\/","name":"TRUUSK Verktygsl\u00e5da Med 5 Fack - St\u00e5lr\u00f6d - 45 X 20 X 34,5cm - Praktisk F\u00f6rvaring - Robust Konstruktion - TRUUSK - Hem, Tr\u00e4dg\u00e5rd &amp; Fritid","isPartOf":{"@id":"https:\/\/truusk.store\/sv\/#website"},"primaryImageOfPage":{"@id":"https:\/\/truusk.store\/sv\/produkt\/truusk-verktygslada-med-5-fack-stalrod-45-x-20-x-345cm-praktisk-forvaring-robust-konstruktion\/#primaryimage"},"image":{"@id":"https:\/\/truusk.store\/sv\/produkt\/truusk-verktygslada-med-5-fack-stalrod-45-x-20-x-345cm-praktisk-forvaring-robust-konstruktion\/#primaryimage"},"thumbnailUrl":"https:\/\/i0.wp.com\/truusk.store\/wp-content\/uploads\/2024\/02\/verktygslada-verktygslada-med-5-fack-45-x-20-x-345cm-stalrod.webp?fit=800%2C800&ssl=1","datePublished":"2024-02-13T12:02:04+00:00","dateModified":"2026-03-12T08:00:30+00:00","breadcrumb":{"@id":"https:\/\/truusk.store\/sv\/produkt\/truusk-verktygslada-med-5-fack-stalrod-45-x-20-x-345cm-praktisk-forvaring-robust-konstruktion\/#breadcrumb"},"inLanguage":"sv-SE","potentialAction":[{"@type":"ReadAction","target":["https:\/\/truusk.store\/sv\/produkt\/truusk-verktygslada-med-5-fack-stalrod-45-x-20-x-345cm-praktisk-forvaring-robust-konstruktion\/"]}]},{"@type":"ImageObject","inLanguage":"sv-SE","@id":"https:\/\/truusk.store\/sv\/produkt\/truusk-verktygslada-med-5-fack-stalrod-45-x-20-x-345cm-praktisk-forvaring-robust-konstruktion\/#primaryimage","url":"https:\/\/i0.wp.com\/truusk.store\/wp-content\/uploads\/2024\/02\/verktygslada-verktygslada-med-5-fack-45-x-20-x-345cm-stalrod.webp?fit=800%2C800&ssl=1","contentUrl":"https:\/\/i0.wp.com\/truusk.store\/wp-content\/uploads\/2024\/02\/verktygslada-verktygslada-med-5-fack-45-x-20-x-345cm-stalrod.webp?fit=800%2C800&ssl=1","width":800,"height":800,"caption":"Verktygsl\u00e5da Verktygsl\u00e5da Med 5 Fack 45 X 20 X 34,5cm St\u00e5lr\u00f6d 1"},{"@type":"BreadcrumbList","@id":"https:\/\/truusk.store\/sv\/produkt\/truusk-verktygslada-med-5-fack-stalrod-45-x-20-x-345cm-praktisk-forvaring-robust-konstruktion\/#breadcrumb","itemListElement":[{"@type":"ListItem","position":1,"name":"Home","item":"https:\/\/truusk.store\/sv\/"},{"@type":"ListItem","position":2,"name":"Shop","item":"https:\/\/truusk.store\/shop\/"},{"@type":"ListItem","position":3,"name":"TRUUSK Verktygsl\u00e5da Med 5 Fack &#8211; St\u00e5lr\u00f6d &#8211; 45 X 20 X 34,5cm &#8211; Praktisk F\u00f6rvaring &#8211; Robust Konstruktion"}]},{"@type":"WebSite","@id":"https:\/\/truusk.store\/sv\/#website","url":"https:\/\/truusk.store\/sv\/","name":"TRUUSK - Hem, Tr\u00e4dg\u00e5rd & Fritid","description":"","publisher":{"@id":"https:\/\/truusk.store\/sv\/#organization"},"potentialAction":[{"@type":"SearchAction","target":{"@type":"EntryPoint","urlTemplate":"https:\/\/truusk.store\/sv\/?s={search_term_string}"},"query-input":{"@type":"PropertyValueSpecification","valueRequired":true,"valueName":"search_term_string"}}],"inLanguage":"sv-SE"},{"@type":"Organization","@id":"https:\/\/truusk.store\/sv\/#organization","name":"TRUUSK - Hem, Tr\u00e4dg\u00e5rd & Fritid","url":"https:\/\/truusk.store\/sv\/","logo":{"@type":"ImageObject","inLanguage":"sv-SE","@id":"https:\/\/truusk.store\/sv\/#\/schema\/logo\/image\/","url":"https:\/\/i0.wp.com\/truusk.store\/wp-content\/uploads\/2026\/03\/cropped-TRUUSK.png?fit=2032%2C917&ssl=1","contentUrl":"https:\/\/i0.wp.com\/truusk.store\/wp-content\/uploads\/2026\/03\/cropped-TRUUSK.png?fit=2032%2C917&ssl=1","width":2032,"height":917,"caption":"TRUUSK - Hem, Tr\u00e4dg\u00e5rd & Fritid"},"image":{"@id":"https:\/\/truusk.store\/sv\/#\/schema\/logo\/image\/"}}]}},"jetpack_sharing_enabled":true,"_links":{"self":[{"href":"https:\/\/truusk.store\/sv\/wp-json\/wp\/v2\/product\/16298","targetHints":{"allow":["GET"]}}],"collection":[{"href":"https:\/\/truusk.store\/sv\/wp-json\/wp\/v2\/product"}],"about":[{"href":"https:\/\/truusk.store\/sv\/wp-json\/wp\/v2\/types\/product"}],"wp:featuredmedia":[{"embeddable":true,"href":"https:\/\/truusk.store\/sv\/wp-json\/wp\/v2\/media\/16299"}],"wp:attachment":[{"href":"https:\/\/truusk.store\/sv\/wp-json\/wp\/v2\/media?parent=16298"}],"wp:term":[{"taxonomy":"product_brand","embeddable":true,"href":"https:\/\/truusk.store\/sv\/wp-json\/wp\/v2\/product_brand?post=16298"},{"taxonomy":"product_cat","embeddable":true,"href":"https:\/\/truusk.store\/sv\/wp-json\/wp\/v2\/product_cat?post=16298"},{"taxonomy":"product_tag","embeddable":true,"href":"https:\/\/truusk.store\/sv\/wp-json\/wp\/v2\/product_tag?post=16298"}],"curies":[{"name":"wp","href":"https:\/\/api.w.org\/{rel}","templated":true}]}}