{"id":16319,"date":"2024-02-13T13:03:20","date_gmt":"2024-02-13T12:03:20","guid":{"rendered":"https:\/\/truusk.store\/product\/tornflakt-med-fjarrkontroll-kolumnflakt-med-timerfunktion-3-tysta-hastighetsnivaer-45w-piedestalflakt-fyra-lagen-70-oscillation-abs-svart-315-x-h117-cm\/"},"modified":"2026-03-12T09:00:31","modified_gmt":"2026-03-12T08:00:31","slug":"truusk-piedestalflakt-med-fjarrkontroll-timerfunktion-3-hastighetsnivaer-70-oscillation-45w-svart-315-x-h117-cm","status":"publish","type":"product","link":"https:\/\/truusk.store\/sv\/produkt\/truusk-piedestalflakt-med-fjarrkontroll-timerfunktion-3-hastighetsnivaer-70-oscillation-45w-svart-315-x-h117-cm\/","title":{"rendered":"TRUUSK Piedestalfl\u00e4kt med Fj\u00e4rrkontroll &#8211; Timerfunktion &#8211; 3 Hastighetsniv\u00e5er &#8211; 70 Oscillation &#8211; 45W &#8211; Svart &#8211; 31,5 x H117 cm"},"content":{"rendered":"<p>Perfekt f\u00f6r alla varma och kvav milj\u00f6er \u00e4r golvfl\u00e4kt med fj\u00e4rrkontroll. Denna kostnadseffektiva och h\u00f6geffektiva kyll\u00f6sning f\u00f6r stora och sm\u00e5 rum under varma dagar kan enkelt justeras i h\u00f6jdled. Dess utbredda oscillation hj\u00e4lper till att ers\u00e4tta stillast\u00e5ende varm luft med snabbt fl\u00f6de och h\u00f6g volym kall luft. Bekv\u00e4m drift tack vare bordsfl\u00e4ktens justerbara timer upp till 12 timmar och fj\u00e4rrkontrollen.<\/p>\n<h3>Beskrivning:<\/h3>\n<ul>\n<li>Perfekt f\u00f6r alla delar av hemmet eller arbetsplatsen<\/li>\n<li>Justerbart vridhuvud och omkopplingsbar horisontell sv\u00e4ngning<\/li>\n<li>Med timerfunktionen<\/li>\n<li>Med fj\u00e4rrkontroll<\/li>\n<li>3 l\u00e4gen att v\u00e4lja mellan, s\u00e5 att du kan justera enheten som du vill<\/li>\n<li>4 vindl\u00e4gen, enligt dina \u00f6nskem\u00e5l<\/li>\n<li>LED-display med temperaturdisplay<\/li>\n<li>Enkel montering kr\u00e4vs<\/li>\n<\/ul>\n<h3>Teknisk data:<\/h3>\n<ul>\n<li>Material: ABS<\/li>\n<li>M\u00e5tt: 31,5 x H117 cm<\/li>\n<li>Max fj\u00e4rrkontrollavst\u00e5nd: 5 m<\/li>\n<li>Effekt: 45W<\/li>\n<li>Sp\u00e4nning: 220-240V, 50-60Hz<\/li>\n<li>Certifieringar: CE-LVD, EMC, RoHS, ERP<\/li>\n<li>Nettovikt: 4 kg<\/li>\n<li>Svart f\u00e4rg<\/li>\n<\/ul>\n<h3>Leveransens omfattning:<\/h3>\n<ul>\n<li>1 x tornfl\u00e4kt<\/li>\n<li>1 x bruksanvisning<\/li>\n<\/ul>\n","protected":false},"excerpt":{"rendered":"<p>Perfekt f\u00f6r alla varma och kvav milj\u00f6er \u00e4r golvfl\u00e4kt med fj\u00e4rrkontroll. Denna kostnadseffektiva och h\u00f6geffektiva kyll\u00f6sning f\u00f6r stora och sm\u00e5&#8230;<\/p>\n","protected":false},"featured_media":16320,"template":"","meta":[],"product_brand":[],"product_cat":[697,671,696],"product_tag":[],"class_list":{"0":"post-16319","1":"product","2":"type-product","3":"status-publish","4":"has-post-thumbnail","6":"product_cat-flaktar-och-luftkonditioneringsapparater","7":"product_cat-jarnaffar","8":"product_cat-luftkonditionering-och-flaktar","10":"first","11":"instock","12":"sale","13":"taxable","14":"shipping-taxable","15":"purchasable","16":"product-type-simple"},"yoast_head":"<!-- This site is optimized with the Yoast SEO plugin v25.4 - https:\/\/yoast.com\/wordpress\/plugins\/seo\/ -->\n<title>TRUUSK Piedestalfl\u00e4kt med Fj\u00e4rrkontroll - Timerfunktion - 3 Hastighetsniv\u00e5er - 70 Oscillation - 45W - Svart - 31,5 x H117 cm - TRUUSK - Hem, Tr\u00e4dg\u00e5rd &amp; Fritid<\/title>\n<meta name=\"robots\" content=\"index, follow, max-snippet:-1, max-image-preview:large, max-video-preview:-1\" \/>\n<link rel=\"canonical\" href=\"https:\/\/truusk.store\/sv\/produkt\/truusk-piedestalflakt-med-fjarrkontroll-timerfunktion-3-hastighetsnivaer-70-oscillation-45w-svart-315-x-h117-cm\/\" \/>\n<meta property=\"og:locale\" content=\"sv_SE\" \/>\n<meta property=\"og:type\" content=\"article\" \/>\n<meta property=\"og:title\" content=\"TRUUSK Piedestalfl\u00e4kt med Fj\u00e4rrkontroll - Timerfunktion - 3 Hastighetsniv\u00e5er - 70 Oscillation - 45W - Svart - 31,5 x H117 cm - TRUUSK - Hem, Tr\u00e4dg\u00e5rd &amp; Fritid\" \/>\n<meta property=\"og:description\" content=\"Perfekt f\u00f6r alla varma och kvav milj\u00f6er \u00e4r golvfl\u00e4kt med fj\u00e4rrkontroll. Denna kostnadseffektiva och h\u00f6geffektiva kyll\u00f6sning f\u00f6r stora och sm\u00e5...\" \/>\n<meta property=\"og:url\" content=\"https:\/\/truusk.store\/sv\/produkt\/truusk-piedestalflakt-med-fjarrkontroll-timerfunktion-3-hastighetsnivaer-70-oscillation-45w-svart-315-x-h117-cm\/\" \/>\n<meta property=\"og:site_name\" content=\"TRUUSK - Hem, Tr\u00e4dg\u00e5rd &amp; Fritid\" \/>\n<meta property=\"article:modified_time\" content=\"2026-03-12T08:00:31+00:00\" \/>\n<meta property=\"og:image\" content=\"https:\/\/i0.wp.com\/truusk.se\/wp-content\/uploads\/2024\/02\/tornflakt-med-fjarrkontroll-kolumnflakt-med-timerfunktion-3-tysta-hastighetsnivaer-45w-piedestalflakt-fyra-lagen-70-oscillation-abs-svart-315-x-h117-cm.webp?fit=800%2C800&ssl=1\" \/>\n\t<meta property=\"og:image:width\" content=\"800\" \/>\n\t<meta property=\"og:image:height\" content=\"800\" \/>\n\t<meta property=\"og:image:type\" content=\"image\/webp\" \/>\n<meta name=\"twitter:card\" content=\"summary_large_image\" \/>\n<meta name=\"twitter:label1\" content=\"Ber\u00e4knad l\u00e4stid\" \/>\n\t<meta name=\"twitter:data1\" content=\"1 minut\" \/>\n<!-- \/ Yoast SEO plugin. -->","yoast_head_json":{"title":"TRUUSK Piedestalfl\u00e4kt med Fj\u00e4rrkontroll - Timerfunktion - 3 Hastighetsniv\u00e5er - 70 Oscillation - 45W - Svart - 31,5 x H117 cm - TRUUSK - Hem, Tr\u00e4dg\u00e5rd &amp; Fritid","robots":{"index":"index","follow":"follow","max-snippet":"max-snippet:-1","max-image-preview":"max-image-preview:large","max-video-preview":"max-video-preview:-1"},"canonical":"https:\/\/truusk.store\/sv\/produkt\/truusk-piedestalflakt-med-fjarrkontroll-timerfunktion-3-hastighetsnivaer-70-oscillation-45w-svart-315-x-h117-cm\/","og_locale":"sv_SE","og_type":"article","og_title":"TRUUSK Piedestalfl\u00e4kt med Fj\u00e4rrkontroll - Timerfunktion - 3 Hastighetsniv\u00e5er - 70 Oscillation - 45W - Svart - 31,5 x H117 cm - TRUUSK - Hem, Tr\u00e4dg\u00e5rd &amp; Fritid","og_description":"Perfekt f\u00f6r alla varma och kvav milj\u00f6er \u00e4r golvfl\u00e4kt med fj\u00e4rrkontroll. Denna kostnadseffektiva och h\u00f6geffektiva kyll\u00f6sning f\u00f6r stora och sm\u00e5...","og_url":"https:\/\/truusk.store\/sv\/produkt\/truusk-piedestalflakt-med-fjarrkontroll-timerfunktion-3-hastighetsnivaer-70-oscillation-45w-svart-315-x-h117-cm\/","og_site_name":"TRUUSK - Hem, Tr\u00e4dg\u00e5rd &amp; Fritid","article_modified_time":"2026-03-12T08:00:31+00:00","og_image":[{"width":800,"height":800,"url":"https:\/\/i0.wp.com\/truusk.se\/wp-content\/uploads\/2024\/02\/tornflakt-med-fjarrkontroll-kolumnflakt-med-timerfunktion-3-tysta-hastighetsnivaer-45w-piedestalflakt-fyra-lagen-70-oscillation-abs-svart-315-x-h117-cm.webp?fit=800%2C800&ssl=1","type":"image\/webp"}],"twitter_card":"summary_large_image","twitter_misc":{"Ber\u00e4knad l\u00e4stid":"1 minut"},"schema":{"@context":"https:\/\/schema.org","@graph":[{"@type":"WebPage","@id":"https:\/\/truusk.store\/sv\/produkt\/truusk-piedestalflakt-med-fjarrkontroll-timerfunktion-3-hastighetsnivaer-70-oscillation-45w-svart-315-x-h117-cm\/","url":"https:\/\/truusk.store\/sv\/produkt\/truusk-piedestalflakt-med-fjarrkontroll-timerfunktion-3-hastighetsnivaer-70-oscillation-45w-svart-315-x-h117-cm\/","name":"TRUUSK Piedestalfl\u00e4kt med Fj\u00e4rrkontroll - Timerfunktion - 3 Hastighetsniv\u00e5er - 70 Oscillation - 45W - Svart - 31,5 x H117 cm - TRUUSK - Hem, Tr\u00e4dg\u00e5rd &amp; Fritid","isPartOf":{"@id":"https:\/\/truusk.store\/sv\/#website"},"primaryImageOfPage":{"@id":"https:\/\/truusk.store\/sv\/produkt\/truusk-piedestalflakt-med-fjarrkontroll-timerfunktion-3-hastighetsnivaer-70-oscillation-45w-svart-315-x-h117-cm\/#primaryimage"},"image":{"@id":"https:\/\/truusk.store\/sv\/produkt\/truusk-piedestalflakt-med-fjarrkontroll-timerfunktion-3-hastighetsnivaer-70-oscillation-45w-svart-315-x-h117-cm\/#primaryimage"},"thumbnailUrl":"https:\/\/i0.wp.com\/truusk.store\/wp-content\/uploads\/2024\/02\/tornflakt-med-fjarrkontroll-kolumnflakt-med-timerfunktion-3-tysta-hastighetsnivaer-45w-piedestalflakt-fyra-lagen-70-oscillation-abs-svart-315-x-h117-cm.webp?fit=800%2C800&ssl=1","datePublished":"2024-02-13T12:03:20+00:00","dateModified":"2026-03-12T08:00:31+00:00","breadcrumb":{"@id":"https:\/\/truusk.store\/sv\/produkt\/truusk-piedestalflakt-med-fjarrkontroll-timerfunktion-3-hastighetsnivaer-70-oscillation-45w-svart-315-x-h117-cm\/#breadcrumb"},"inLanguage":"sv-SE","potentialAction":[{"@type":"ReadAction","target":["https:\/\/truusk.store\/sv\/produkt\/truusk-piedestalflakt-med-fjarrkontroll-timerfunktion-3-hastighetsnivaer-70-oscillation-45w-svart-315-x-h117-cm\/"]}]},{"@type":"ImageObject","inLanguage":"sv-SE","@id":"https:\/\/truusk.store\/sv\/produkt\/truusk-piedestalflakt-med-fjarrkontroll-timerfunktion-3-hastighetsnivaer-70-oscillation-45w-svart-315-x-h117-cm\/#primaryimage","url":"https:\/\/i0.wp.com\/truusk.store\/wp-content\/uploads\/2024\/02\/tornflakt-med-fjarrkontroll-kolumnflakt-med-timerfunktion-3-tysta-hastighetsnivaer-45w-piedestalflakt-fyra-lagen-70-oscillation-abs-svart-315-x-h117-cm.webp?fit=800%2C800&ssl=1","contentUrl":"https:\/\/i0.wp.com\/truusk.store\/wp-content\/uploads\/2024\/02\/tornflakt-med-fjarrkontroll-kolumnflakt-med-timerfunktion-3-tysta-hastighetsnivaer-45w-piedestalflakt-fyra-lagen-70-oscillation-abs-svart-315-x-h117-cm.webp?fit=800%2C800&ssl=1","width":800,"height":800,"caption":"Tornfl\u00e4kt Med Fj\u00e4rrkontroll, Kolumnfl\u00e4kt Med Timerfunktion, 3 Tysta Hastighetsniv\u00e5er, 45W Piedestalfl\u00e4kt, Fyra L\u00e4gen, 70 Oscillation, ABS, Svart, 31,5 X H117 Cm 1"},{"@type":"BreadcrumbList","@id":"https:\/\/truusk.store\/sv\/produkt\/truusk-piedestalflakt-med-fjarrkontroll-timerfunktion-3-hastighetsnivaer-70-oscillation-45w-svart-315-x-h117-cm\/#breadcrumb","itemListElement":[{"@type":"ListItem","position":1,"name":"Home","item":"https:\/\/truusk.store\/sv\/"},{"@type":"ListItem","position":2,"name":"Shop","item":"https:\/\/truusk.store\/shop\/"},{"@type":"ListItem","position":3,"name":"TRUUSK Piedestalfl\u00e4kt med Fj\u00e4rrkontroll &#8211; Timerfunktion &#8211; 3 Hastighetsniv\u00e5er &#8211; 70 Oscillation &#8211; 45W &#8211; Svart &#8211; 31,5 x H117 cm"}]},{"@type":"WebSite","@id":"https:\/\/truusk.store\/sv\/#website","url":"https:\/\/truusk.store\/sv\/","name":"TRUUSK - Hem, Tr\u00e4dg\u00e5rd & Fritid","description":"","publisher":{"@id":"https:\/\/truusk.store\/sv\/#organization"},"potentialAction":[{"@type":"SearchAction","target":{"@type":"EntryPoint","urlTemplate":"https:\/\/truusk.store\/sv\/?s={search_term_string}"},"query-input":{"@type":"PropertyValueSpecification","valueRequired":true,"valueName":"search_term_string"}}],"inLanguage":"sv-SE"},{"@type":"Organization","@id":"https:\/\/truusk.store\/sv\/#organization","name":"TRUUSK - Hem, Tr\u00e4dg\u00e5rd & Fritid","url":"https:\/\/truusk.store\/sv\/","logo":{"@type":"ImageObject","inLanguage":"sv-SE","@id":"https:\/\/truusk.store\/sv\/#\/schema\/logo\/image\/","url":"https:\/\/i0.wp.com\/truusk.store\/wp-content\/uploads\/2026\/03\/cropped-TRUUSK.png?fit=2032%2C917&ssl=1","contentUrl":"https:\/\/i0.wp.com\/truusk.store\/wp-content\/uploads\/2026\/03\/cropped-TRUUSK.png?fit=2032%2C917&ssl=1","width":2032,"height":917,"caption":"TRUUSK - Hem, Tr\u00e4dg\u00e5rd & Fritid"},"image":{"@id":"https:\/\/truusk.store\/sv\/#\/schema\/logo\/image\/"}}]}},"jetpack_sharing_enabled":true,"_links":{"self":[{"href":"https:\/\/truusk.store\/sv\/wp-json\/wp\/v2\/product\/16319","targetHints":{"allow":["GET"]}}],"collection":[{"href":"https:\/\/truusk.store\/sv\/wp-json\/wp\/v2\/product"}],"about":[{"href":"https:\/\/truusk.store\/sv\/wp-json\/wp\/v2\/types\/product"}],"wp:featuredmedia":[{"embeddable":true,"href":"https:\/\/truusk.store\/sv\/wp-json\/wp\/v2\/media\/16320"}],"wp:attachment":[{"href":"https:\/\/truusk.store\/sv\/wp-json\/wp\/v2\/media?parent=16319"}],"wp:term":[{"taxonomy":"product_brand","embeddable":true,"href":"https:\/\/truusk.store\/sv\/wp-json\/wp\/v2\/product_brand?post=16319"},{"taxonomy":"product_cat","embeddable":true,"href":"https:\/\/truusk.store\/sv\/wp-json\/wp\/v2\/product_cat?post=16319"},{"taxonomy":"product_tag","embeddable":true,"href":"https:\/\/truusk.store\/sv\/wp-json\/wp\/v2\/product_tag?post=16319"}],"curies":[{"name":"wp","href":"https:\/\/api.w.org\/{rel}","templated":true}]}}