{"id":16339,"date":"2024-02-13T13:03:57","date_gmt":"2024-02-13T12:03:57","guid":{"rendered":"https:\/\/truusk.store\/product\/bank-sangbank-tidlos-design-mjuk-stoppning-upp-till-130-kg-svart-102-x-36-x-51-cm\/"},"modified":"2026-03-12T09:00:32","modified_gmt":"2026-03-12T08:00:32","slug":"truusk-bank-och-sangbank-tidlos-design-mjuk-stoppning-upp-till-130-kg-svart-102-x-36-x-51-cm","status":"publish","type":"product","link":"https:\/\/truusk.store\/sv\/produkt\/truusk-bank-och-sangbank-tidlos-design-mjuk-stoppning-upp-till-130-kg-svart-102-x-36-x-51-cm\/","title":{"rendered":"TRUUSK B\u00e4nk och S\u00e4ngb\u00e4nk &#8211; Tidl\u00f6s Design &#8211; Mjuk Stoppning &#8211; Upp Till 130 Kg &#8211; Svart &#8211; 102 x 36 x 51 cm"},"content":{"rendered":"<p>B\u00e4nken berikar varje rum i ditt hem b\u00e5de visuellt och praktiskt: oavsett om den \u00e4r en s\u00e4ngb\u00e4nk i sovrummet eller som en bekv\u00e4m sittplats i korridoren, fyller denna b\u00e4nk en m\u00e4ngd olika funktioner. Utrustad med en robust ram och gener\u00f6s, mjuk stoppning, inbjuder den dig att sl\u00e5 dig ner bekv\u00e4mt. Den tidl\u00f6sa designen passar m\u00e5nga inredningsstilar. Oavsett om du tar p\u00e5 dig dina skor eller byter kl\u00e4der, kommer du att njuta av lite mer komfort!<\/p>\n<h3>Beskrivning:<\/h3>\n<ul>\n<li>B\u00e4nk tillverkad av robust MDF<\/li>\n<li>Kompakt storlek \u00e4r bra f\u00f6r sm\u00e5 utrymmen<\/li>\n<li>Ben i massivt tr\u00e4<\/li>\n<li>17,5 cm tjock stoppning<\/li>\n<li>Enkel design<\/li>\n<li>Enkel konstruktion<\/li>\n<\/ul>\n<h3>Teknisk data:<\/h3>\n<ul>\n<li>Material: MDF-skiva, skum, polyester<\/li>\n<li>\u00d6vergripande m\u00e5tt: L102 x B36 x H51 cm<\/li>\n<li>Sitsm\u00e5tt: L67,5 x B34 x H39,5 cm<\/li>\n<li>Benm\u00e5tt: 4 x H22 cm<\/li>\n<li>Armst\u00f6dsm\u00e5tt: L36 x D17,25 cm<\/li>\n<li>Sittdynas tjocklek: D17,5 cm<\/li>\n<li>Vikt: 7,6 kg<\/li>\n<li>Max belastning: 130 kg<\/li>\n<li>Svart f\u00e4rg<\/li>\n<\/ul>\n<h3>Leveransens omfattning:<\/h3>\n<ul>\n<li>1 x b\u00e4nk<\/li>\n<li>1 x Monteringsanvisning<\/li>\n<\/ul>\n","protected":false},"excerpt":{"rendered":"<p>B\u00e4nken berikar varje rum i ditt hem b\u00e5de visuellt och praktiskt: oavsett om den \u00e4r en s\u00e4ngb\u00e4nk i sovrummet eller&#8230;<\/p>\n","protected":false},"featured_media":16340,"template":"","meta":[],"product_brand":[],"product_cat":[485,537,540],"product_tag":[],"class_list":{"0":"post-16339","1":"product","2":"type-product","3":"status-publish","4":"has-post-thumbnail","6":"product_cat-hus-bo","7":"product_cat-sittplatser-bankar","8":"product_cat-stoppade-bankar","10":"first","11":"instock","12":"sale","13":"taxable","14":"shipping-taxable","15":"purchasable","16":"product-type-simple"},"yoast_head":"<!-- This site is optimized with the Yoast SEO plugin v25.4 - https:\/\/yoast.com\/wordpress\/plugins\/seo\/ -->\n<title>TRUUSK B\u00e4nk och S\u00e4ngb\u00e4nk - Tidl\u00f6s Design - Mjuk Stoppning - Upp Till 130 Kg - Svart - 102 x 36 x 51 cm - TRUUSK - Hem, Tr\u00e4dg\u00e5rd &amp; Fritid<\/title>\n<meta name=\"robots\" content=\"index, follow, max-snippet:-1, max-image-preview:large, max-video-preview:-1\" \/>\n<link rel=\"canonical\" href=\"https:\/\/truusk.store\/sv\/produkt\/truusk-bank-och-sangbank-tidlos-design-mjuk-stoppning-upp-till-130-kg-svart-102-x-36-x-51-cm\/\" \/>\n<meta property=\"og:locale\" content=\"sv_SE\" \/>\n<meta property=\"og:type\" content=\"article\" \/>\n<meta property=\"og:title\" content=\"TRUUSK B\u00e4nk och S\u00e4ngb\u00e4nk - Tidl\u00f6s Design - Mjuk Stoppning - Upp Till 130 Kg - Svart - 102 x 36 x 51 cm - TRUUSK - Hem, Tr\u00e4dg\u00e5rd &amp; Fritid\" \/>\n<meta property=\"og:description\" content=\"B\u00e4nken berikar varje rum i ditt hem b\u00e5de visuellt och praktiskt: oavsett om den \u00e4r en s\u00e4ngb\u00e4nk i sovrummet eller...\" \/>\n<meta property=\"og:url\" content=\"https:\/\/truusk.store\/sv\/produkt\/truusk-bank-och-sangbank-tidlos-design-mjuk-stoppning-upp-till-130-kg-svart-102-x-36-x-51-cm\/\" \/>\n<meta property=\"og:site_name\" content=\"TRUUSK - Hem, Tr\u00e4dg\u00e5rd &amp; Fritid\" \/>\n<meta property=\"article:modified_time\" content=\"2026-03-12T08:00:32+00:00\" \/>\n<meta property=\"og:image\" content=\"https:\/\/i0.wp.com\/truusk.se\/wp-content\/uploads\/2024\/02\/bank-sangbank-tidlos-design-mjuk-stoppning-upp-till-130-kg-svart-102-x-36-x-51-cm.webp?fit=800%2C800&ssl=1\" \/>\n\t<meta property=\"og:image:width\" content=\"800\" \/>\n\t<meta property=\"og:image:height\" content=\"800\" \/>\n\t<meta property=\"og:image:type\" content=\"image\/webp\" \/>\n<meta name=\"twitter:card\" content=\"summary_large_image\" \/>\n<meta name=\"twitter:label1\" content=\"Ber\u00e4knad l\u00e4stid\" \/>\n\t<meta name=\"twitter:data1\" content=\"1 minut\" \/>\n<!-- \/ Yoast SEO plugin. -->","yoast_head_json":{"title":"TRUUSK B\u00e4nk och S\u00e4ngb\u00e4nk - Tidl\u00f6s Design - Mjuk Stoppning - Upp Till 130 Kg - Svart - 102 x 36 x 51 cm - TRUUSK - Hem, Tr\u00e4dg\u00e5rd &amp; Fritid","robots":{"index":"index","follow":"follow","max-snippet":"max-snippet:-1","max-image-preview":"max-image-preview:large","max-video-preview":"max-video-preview:-1"},"canonical":"https:\/\/truusk.store\/sv\/produkt\/truusk-bank-och-sangbank-tidlos-design-mjuk-stoppning-upp-till-130-kg-svart-102-x-36-x-51-cm\/","og_locale":"sv_SE","og_type":"article","og_title":"TRUUSK B\u00e4nk och S\u00e4ngb\u00e4nk - Tidl\u00f6s Design - Mjuk Stoppning - Upp Till 130 Kg - Svart - 102 x 36 x 51 cm - TRUUSK - Hem, Tr\u00e4dg\u00e5rd &amp; Fritid","og_description":"B\u00e4nken berikar varje rum i ditt hem b\u00e5de visuellt och praktiskt: oavsett om den \u00e4r en s\u00e4ngb\u00e4nk i sovrummet eller...","og_url":"https:\/\/truusk.store\/sv\/produkt\/truusk-bank-och-sangbank-tidlos-design-mjuk-stoppning-upp-till-130-kg-svart-102-x-36-x-51-cm\/","og_site_name":"TRUUSK - Hem, Tr\u00e4dg\u00e5rd &amp; Fritid","article_modified_time":"2026-03-12T08:00:32+00:00","og_image":[{"width":800,"height":800,"url":"https:\/\/i0.wp.com\/truusk.se\/wp-content\/uploads\/2024\/02\/bank-sangbank-tidlos-design-mjuk-stoppning-upp-till-130-kg-svart-102-x-36-x-51-cm.webp?fit=800%2C800&ssl=1","type":"image\/webp"}],"twitter_card":"summary_large_image","twitter_misc":{"Ber\u00e4knad l\u00e4stid":"1 minut"},"schema":{"@context":"https:\/\/schema.org","@graph":[{"@type":"WebPage","@id":"https:\/\/truusk.store\/sv\/produkt\/truusk-bank-och-sangbank-tidlos-design-mjuk-stoppning-upp-till-130-kg-svart-102-x-36-x-51-cm\/","url":"https:\/\/truusk.store\/sv\/produkt\/truusk-bank-och-sangbank-tidlos-design-mjuk-stoppning-upp-till-130-kg-svart-102-x-36-x-51-cm\/","name":"TRUUSK B\u00e4nk och S\u00e4ngb\u00e4nk - Tidl\u00f6s Design - Mjuk Stoppning - Upp Till 130 Kg - Svart - 102 x 36 x 51 cm - TRUUSK - Hem, Tr\u00e4dg\u00e5rd &amp; Fritid","isPartOf":{"@id":"https:\/\/truusk.store\/sv\/#website"},"primaryImageOfPage":{"@id":"https:\/\/truusk.store\/sv\/produkt\/truusk-bank-och-sangbank-tidlos-design-mjuk-stoppning-upp-till-130-kg-svart-102-x-36-x-51-cm\/#primaryimage"},"image":{"@id":"https:\/\/truusk.store\/sv\/produkt\/truusk-bank-och-sangbank-tidlos-design-mjuk-stoppning-upp-till-130-kg-svart-102-x-36-x-51-cm\/#primaryimage"},"thumbnailUrl":"https:\/\/i0.wp.com\/truusk.store\/wp-content\/uploads\/2024\/02\/bank-sangbank-tidlos-design-mjuk-stoppning-upp-till-130-kg-svart-102-x-36-x-51-cm.webp?fit=800%2C800&ssl=1","datePublished":"2024-02-13T12:03:57+00:00","dateModified":"2026-03-12T08:00:32+00:00","breadcrumb":{"@id":"https:\/\/truusk.store\/sv\/produkt\/truusk-bank-och-sangbank-tidlos-design-mjuk-stoppning-upp-till-130-kg-svart-102-x-36-x-51-cm\/#breadcrumb"},"inLanguage":"sv-SE","potentialAction":[{"@type":"ReadAction","target":["https:\/\/truusk.store\/sv\/produkt\/truusk-bank-och-sangbank-tidlos-design-mjuk-stoppning-upp-till-130-kg-svart-102-x-36-x-51-cm\/"]}]},{"@type":"ImageObject","inLanguage":"sv-SE","@id":"https:\/\/truusk.store\/sv\/produkt\/truusk-bank-och-sangbank-tidlos-design-mjuk-stoppning-upp-till-130-kg-svart-102-x-36-x-51-cm\/#primaryimage","url":"https:\/\/i0.wp.com\/truusk.store\/wp-content\/uploads\/2024\/02\/bank-sangbank-tidlos-design-mjuk-stoppning-upp-till-130-kg-svart-102-x-36-x-51-cm.webp?fit=800%2C800&ssl=1","contentUrl":"https:\/\/i0.wp.com\/truusk.store\/wp-content\/uploads\/2024\/02\/bank-sangbank-tidlos-design-mjuk-stoppning-upp-till-130-kg-svart-102-x-36-x-51-cm.webp?fit=800%2C800&ssl=1","width":800,"height":800,"caption":"B\u00e4nk, S\u00e4ngb\u00e4nk, Tidl\u00f6s Design, Mjuk Stoppning, Upp Till 130 Kg, Svart, 102 X 36 X 51 Cm 1"},{"@type":"BreadcrumbList","@id":"https:\/\/truusk.store\/sv\/produkt\/truusk-bank-och-sangbank-tidlos-design-mjuk-stoppning-upp-till-130-kg-svart-102-x-36-x-51-cm\/#breadcrumb","itemListElement":[{"@type":"ListItem","position":1,"name":"Home","item":"https:\/\/truusk.store\/sv\/"},{"@type":"ListItem","position":2,"name":"Shop","item":"https:\/\/truusk.store\/shop\/"},{"@type":"ListItem","position":3,"name":"TRUUSK B\u00e4nk och S\u00e4ngb\u00e4nk &#8211; Tidl\u00f6s Design &#8211; Mjuk Stoppning &#8211; Upp Till 130 Kg &#8211; Svart &#8211; 102 x 36 x 51 cm"}]},{"@type":"WebSite","@id":"https:\/\/truusk.store\/sv\/#website","url":"https:\/\/truusk.store\/sv\/","name":"TRUUSK - Hem, Tr\u00e4dg\u00e5rd & Fritid","description":"","publisher":{"@id":"https:\/\/truusk.store\/sv\/#organization"},"potentialAction":[{"@type":"SearchAction","target":{"@type":"EntryPoint","urlTemplate":"https:\/\/truusk.store\/sv\/?s={search_term_string}"},"query-input":{"@type":"PropertyValueSpecification","valueRequired":true,"valueName":"search_term_string"}}],"inLanguage":"sv-SE"},{"@type":"Organization","@id":"https:\/\/truusk.store\/sv\/#organization","name":"TRUUSK - Hem, Tr\u00e4dg\u00e5rd & Fritid","url":"https:\/\/truusk.store\/sv\/","logo":{"@type":"ImageObject","inLanguage":"sv-SE","@id":"https:\/\/truusk.store\/sv\/#\/schema\/logo\/image\/","url":"https:\/\/i0.wp.com\/truusk.store\/wp-content\/uploads\/2026\/03\/cropped-TRUUSK.png?fit=2032%2C917&ssl=1","contentUrl":"https:\/\/i0.wp.com\/truusk.store\/wp-content\/uploads\/2026\/03\/cropped-TRUUSK.png?fit=2032%2C917&ssl=1","width":2032,"height":917,"caption":"TRUUSK - Hem, Tr\u00e4dg\u00e5rd & Fritid"},"image":{"@id":"https:\/\/truusk.store\/sv\/#\/schema\/logo\/image\/"}}]}},"jetpack_sharing_enabled":true,"_links":{"self":[{"href":"https:\/\/truusk.store\/sv\/wp-json\/wp\/v2\/product\/16339","targetHints":{"allow":["GET"]}}],"collection":[{"href":"https:\/\/truusk.store\/sv\/wp-json\/wp\/v2\/product"}],"about":[{"href":"https:\/\/truusk.store\/sv\/wp-json\/wp\/v2\/types\/product"}],"wp:featuredmedia":[{"embeddable":true,"href":"https:\/\/truusk.store\/sv\/wp-json\/wp\/v2\/media\/16340"}],"wp:attachment":[{"href":"https:\/\/truusk.store\/sv\/wp-json\/wp\/v2\/media?parent=16339"}],"wp:term":[{"taxonomy":"product_brand","embeddable":true,"href":"https:\/\/truusk.store\/sv\/wp-json\/wp\/v2\/product_brand?post=16339"},{"taxonomy":"product_cat","embeddable":true,"href":"https:\/\/truusk.store\/sv\/wp-json\/wp\/v2\/product_cat?post=16339"},{"taxonomy":"product_tag","embeddable":true,"href":"https:\/\/truusk.store\/sv\/wp-json\/wp\/v2\/product_tag?post=16339"}],"curies":[{"name":"wp","href":"https:\/\/api.w.org\/{rel}","templated":true}]}}