{"id":16434,"date":"2024-02-13T13:06:49","date_gmt":"2024-02-13T12:06:49","guid":{"rendered":"https:\/\/truusk.store\/product\/massagebank-mobil-massagebank-hoj-och-sankbar-kosmetikbank-poppeltra-skum-svart-186-x-60-x-58-81-cm\/"},"modified":"2026-03-12T09:00:33","modified_gmt":"2026-03-12T08:00:33","slug":"truusk-mobil-massagebank-hoj-och-sankbar-poppeltra-skum-svart-186-x-60-x-58-81-cm","status":"publish","type":"product","link":"https:\/\/truusk.store\/sv\/produkt\/truusk-mobil-massagebank-hoj-och-sankbar-poppeltra-skum-svart-186-x-60-x-58-81-cm\/","title":{"rendered":"TRUUSK Mobil Massageb\u00e4nk &#8211; H\u00f6j- och s\u00e4nkbar &#8211; Poppeltr\u00e4 &#8211; Skum &#8211; Svart &#8211; 186 x 60 x 58-81 cm"},"content":{"rendered":"<p>V\u00e5r transportabla massages\u00e4ng med b\u00e4rv\u00e4ska och handtag hj\u00e4lper dig att f\u00e5 din v\u00e4lf\u00f6rtj\u00e4nta massage n\u00e4r som helst, var som helst. S\u00e4ngen \u00e4r gjord av kraftigt boktr\u00e4 och kan h\u00e5lla en vikt p\u00e5 upp till 150 kg. Den mjuka stoppningen ger dig behaglig komfort och den justerbara h\u00f6jden kan justeras efter dina behov.<\/p>\n<h3>Beskrivning:<\/h3>\n<ul>\n<li>Deluxe massages\u00e4ng i stilren look<\/li>\n<li>Idealisk f\u00f6r mass\u00f6rer och privat bruk<\/li>\n<li>Robust tr\u00e4ram och lastkapacitet upp till 150 kg<\/li>\n<li>8-v\u00e4gs h\u00f6jd justerbar fr\u00e5n 58 cm till 81 cm<\/li>\n<li>Mjukt vadderad f\u00f6r ultimat komfort<\/li>\n<li>Avtagbart nackst\u00f6d f\u00f6r komfort och bra ventilation n\u00e4r du ligger p\u00e5 mage<\/li>\n<li>Sm\u00e5 ben sparar utrymme och \u00e4r l\u00e4tta att reng\u00f6ra<\/li>\n<li>Yta med PVC-skydd f\u00f6r olje- och vattenskydd<\/li>\n<li>L\u00e4tt att transportera med b\u00e4rv\u00e4ska och handtag<\/li>\n<li>Enkel montering kr\u00e4vs<\/li>\n<\/ul>\n<h3>Teknisk data:<\/h3>\n<ul>\n<li>Material: poppeltr\u00e4, PVC, skum<\/li>\n<li>M\u00e5tt: L186 x B60 x H58-81 cm<\/li>\n<li>M\u00e5tt (nackst\u00f6d): L18 x B12 x H4 cm<\/li>\n<li>M\u00e5tt (vikt): L93 x B60 x H13 cm<\/li>\n<li>Lastkapacitet: 150 kg<\/li>\n<li>Nettovikt: 20 kg<\/li>\n<li>Svart f\u00e4rg<\/li>\n<\/ul>\n<h3>Leveransens omfattning:<\/h3>\n<ul>\n<li>1 x massageb\u00e4nk<\/li>\n<li>1 x bruksanvisning<\/li>\n<\/ul>\n","protected":false},"excerpt":{"rendered":"<p>V\u00e5r transportabla massages\u00e4ng med b\u00e4rv\u00e4ska och handtag hj\u00e4lper dig att f\u00e5 din v\u00e4lf\u00f6rtj\u00e4nta massage n\u00e4r som helst, var som helst&#8230;.<\/p>\n","protected":false},"featured_media":16435,"template":"","meta":[],"product_brand":[],"product_cat":[562,485],"product_tag":[],"class_list":{"0":"post-16434","1":"product","2":"type-product","3":"status-publish","4":"has-post-thumbnail","6":"product_cat-halsa-och-rorlighet","7":"product_cat-hus-bo","9":"first","10":"instock","11":"sale","12":"taxable","13":"shipping-taxable","14":"purchasable","15":"product-type-simple"},"yoast_head":"<!-- This site is optimized with the Yoast SEO plugin v25.4 - https:\/\/yoast.com\/wordpress\/plugins\/seo\/ -->\n<title>TRUUSK Mobil Massageb\u00e4nk - H\u00f6j- och s\u00e4nkbar - Poppeltr\u00e4 - Skum - Svart - 186 x 60 x 58-81 cm - TRUUSK - Hem, Tr\u00e4dg\u00e5rd &amp; Fritid<\/title>\n<meta name=\"robots\" content=\"index, follow, max-snippet:-1, max-image-preview:large, max-video-preview:-1\" \/>\n<link rel=\"canonical\" href=\"https:\/\/truusk.store\/sv\/produkt\/truusk-mobil-massagebank-hoj-och-sankbar-poppeltra-skum-svart-186-x-60-x-58-81-cm\/\" \/>\n<meta property=\"og:locale\" content=\"sv_SE\" \/>\n<meta property=\"og:type\" content=\"article\" \/>\n<meta property=\"og:title\" content=\"TRUUSK Mobil Massageb\u00e4nk - H\u00f6j- och s\u00e4nkbar - Poppeltr\u00e4 - Skum - Svart - 186 x 60 x 58-81 cm - TRUUSK - Hem, Tr\u00e4dg\u00e5rd &amp; Fritid\" \/>\n<meta property=\"og:description\" content=\"V\u00e5r transportabla massages\u00e4ng med b\u00e4rv\u00e4ska och handtag hj\u00e4lper dig att f\u00e5 din v\u00e4lf\u00f6rtj\u00e4nta massage n\u00e4r som helst, var som helst....\" \/>\n<meta property=\"og:url\" content=\"https:\/\/truusk.store\/sv\/produkt\/truusk-mobil-massagebank-hoj-och-sankbar-poppeltra-skum-svart-186-x-60-x-58-81-cm\/\" \/>\n<meta property=\"og:site_name\" content=\"TRUUSK - Hem, Tr\u00e4dg\u00e5rd &amp; Fritid\" \/>\n<meta property=\"article:modified_time\" content=\"2026-03-12T08:00:33+00:00\" \/>\n<meta property=\"og:image\" content=\"https:\/\/i0.wp.com\/truusk.se\/wp-content\/uploads\/2024\/02\/massagebank-mobil-massagebank-hoj-och-sankbar-kosmetikbank-poppeltra-skum-svart-186-x-60-x-58-81-cm.webp?fit=800%2C800&ssl=1\" \/>\n\t<meta property=\"og:image:width\" content=\"800\" \/>\n\t<meta property=\"og:image:height\" content=\"800\" \/>\n\t<meta property=\"og:image:type\" content=\"image\/webp\" \/>\n<meta name=\"twitter:card\" content=\"summary_large_image\" \/>\n<meta name=\"twitter:label1\" content=\"Ber\u00e4knad l\u00e4stid\" \/>\n\t<meta name=\"twitter:data1\" content=\"1 minut\" \/>\n<!-- \/ Yoast SEO plugin. -->","yoast_head_json":{"title":"TRUUSK Mobil Massageb\u00e4nk - H\u00f6j- och s\u00e4nkbar - Poppeltr\u00e4 - Skum - Svart - 186 x 60 x 58-81 cm - TRUUSK - Hem, Tr\u00e4dg\u00e5rd &amp; Fritid","robots":{"index":"index","follow":"follow","max-snippet":"max-snippet:-1","max-image-preview":"max-image-preview:large","max-video-preview":"max-video-preview:-1"},"canonical":"https:\/\/truusk.store\/sv\/produkt\/truusk-mobil-massagebank-hoj-och-sankbar-poppeltra-skum-svart-186-x-60-x-58-81-cm\/","og_locale":"sv_SE","og_type":"article","og_title":"TRUUSK Mobil Massageb\u00e4nk - H\u00f6j- och s\u00e4nkbar - Poppeltr\u00e4 - Skum - Svart - 186 x 60 x 58-81 cm - TRUUSK - Hem, Tr\u00e4dg\u00e5rd &amp; Fritid","og_description":"V\u00e5r transportabla massages\u00e4ng med b\u00e4rv\u00e4ska och handtag hj\u00e4lper dig att f\u00e5 din v\u00e4lf\u00f6rtj\u00e4nta massage n\u00e4r som helst, var som helst....","og_url":"https:\/\/truusk.store\/sv\/produkt\/truusk-mobil-massagebank-hoj-och-sankbar-poppeltra-skum-svart-186-x-60-x-58-81-cm\/","og_site_name":"TRUUSK - Hem, Tr\u00e4dg\u00e5rd &amp; Fritid","article_modified_time":"2026-03-12T08:00:33+00:00","og_image":[{"width":800,"height":800,"url":"https:\/\/i0.wp.com\/truusk.se\/wp-content\/uploads\/2024\/02\/massagebank-mobil-massagebank-hoj-och-sankbar-kosmetikbank-poppeltra-skum-svart-186-x-60-x-58-81-cm.webp?fit=800%2C800&ssl=1","type":"image\/webp"}],"twitter_card":"summary_large_image","twitter_misc":{"Ber\u00e4knad l\u00e4stid":"1 minut"},"schema":{"@context":"https:\/\/schema.org","@graph":[{"@type":"WebPage","@id":"https:\/\/truusk.store\/sv\/produkt\/truusk-mobil-massagebank-hoj-och-sankbar-poppeltra-skum-svart-186-x-60-x-58-81-cm\/","url":"https:\/\/truusk.store\/sv\/produkt\/truusk-mobil-massagebank-hoj-och-sankbar-poppeltra-skum-svart-186-x-60-x-58-81-cm\/","name":"TRUUSK Mobil Massageb\u00e4nk - H\u00f6j- och s\u00e4nkbar - Poppeltr\u00e4 - Skum - Svart - 186 x 60 x 58-81 cm - TRUUSK - Hem, Tr\u00e4dg\u00e5rd &amp; Fritid","isPartOf":{"@id":"https:\/\/truusk.store\/sv\/#website"},"primaryImageOfPage":{"@id":"https:\/\/truusk.store\/sv\/produkt\/truusk-mobil-massagebank-hoj-och-sankbar-poppeltra-skum-svart-186-x-60-x-58-81-cm\/#primaryimage"},"image":{"@id":"https:\/\/truusk.store\/sv\/produkt\/truusk-mobil-massagebank-hoj-och-sankbar-poppeltra-skum-svart-186-x-60-x-58-81-cm\/#primaryimage"},"thumbnailUrl":"https:\/\/i0.wp.com\/truusk.store\/wp-content\/uploads\/2024\/02\/massagebank-mobil-massagebank-hoj-och-sankbar-kosmetikbank-poppeltra-skum-svart-186-x-60-x-58-81-cm.webp?fit=800%2C800&ssl=1","datePublished":"2024-02-13T12:06:49+00:00","dateModified":"2026-03-12T08:00:33+00:00","breadcrumb":{"@id":"https:\/\/truusk.store\/sv\/produkt\/truusk-mobil-massagebank-hoj-och-sankbar-poppeltra-skum-svart-186-x-60-x-58-81-cm\/#breadcrumb"},"inLanguage":"sv-SE","potentialAction":[{"@type":"ReadAction","target":["https:\/\/truusk.store\/sv\/produkt\/truusk-mobil-massagebank-hoj-och-sankbar-poppeltra-skum-svart-186-x-60-x-58-81-cm\/"]}]},{"@type":"ImageObject","inLanguage":"sv-SE","@id":"https:\/\/truusk.store\/sv\/produkt\/truusk-mobil-massagebank-hoj-och-sankbar-poppeltra-skum-svart-186-x-60-x-58-81-cm\/#primaryimage","url":"https:\/\/i0.wp.com\/truusk.store\/wp-content\/uploads\/2024\/02\/massagebank-mobil-massagebank-hoj-och-sankbar-kosmetikbank-poppeltra-skum-svart-186-x-60-x-58-81-cm.webp?fit=800%2C800&ssl=1","contentUrl":"https:\/\/i0.wp.com\/truusk.store\/wp-content\/uploads\/2024\/02\/massagebank-mobil-massagebank-hoj-och-sankbar-kosmetikbank-poppeltra-skum-svart-186-x-60-x-58-81-cm.webp?fit=800%2C800&ssl=1","width":800,"height":800,"caption":"Massageb\u00e4nk, Mobil Massageb\u00e4nk, H\u00f6j- Och S\u00e4nkbar Kosmetikb\u00e4nk, Poppeltr\u00e4, Skum, Svart, 186 X 60 X 58-81 Cm 1"},{"@type":"BreadcrumbList","@id":"https:\/\/truusk.store\/sv\/produkt\/truusk-mobil-massagebank-hoj-och-sankbar-poppeltra-skum-svart-186-x-60-x-58-81-cm\/#breadcrumb","itemListElement":[{"@type":"ListItem","position":1,"name":"Home","item":"https:\/\/truusk.store\/sv\/"},{"@type":"ListItem","position":2,"name":"Shop","item":"https:\/\/truusk.store\/shop\/"},{"@type":"ListItem","position":3,"name":"TRUUSK Mobil Massageb\u00e4nk &#8211; H\u00f6j- och s\u00e4nkbar &#8211; Poppeltr\u00e4 &#8211; Skum &#8211; Svart &#8211; 186 x 60 x 58-81 cm"}]},{"@type":"WebSite","@id":"https:\/\/truusk.store\/sv\/#website","url":"https:\/\/truusk.store\/sv\/","name":"TRUUSK - Hem, Tr\u00e4dg\u00e5rd & Fritid","description":"","publisher":{"@id":"https:\/\/truusk.store\/sv\/#organization"},"potentialAction":[{"@type":"SearchAction","target":{"@type":"EntryPoint","urlTemplate":"https:\/\/truusk.store\/sv\/?s={search_term_string}"},"query-input":{"@type":"PropertyValueSpecification","valueRequired":true,"valueName":"search_term_string"}}],"inLanguage":"sv-SE"},{"@type":"Organization","@id":"https:\/\/truusk.store\/sv\/#organization","name":"TRUUSK - Hem, Tr\u00e4dg\u00e5rd & Fritid","url":"https:\/\/truusk.store\/sv\/","logo":{"@type":"ImageObject","inLanguage":"sv-SE","@id":"https:\/\/truusk.store\/sv\/#\/schema\/logo\/image\/","url":"https:\/\/i0.wp.com\/truusk.store\/wp-content\/uploads\/2026\/03\/cropped-TRUUSK.png?fit=2032%2C917&ssl=1","contentUrl":"https:\/\/i0.wp.com\/truusk.store\/wp-content\/uploads\/2026\/03\/cropped-TRUUSK.png?fit=2032%2C917&ssl=1","width":2032,"height":917,"caption":"TRUUSK - Hem, Tr\u00e4dg\u00e5rd & Fritid"},"image":{"@id":"https:\/\/truusk.store\/sv\/#\/schema\/logo\/image\/"}}]}},"jetpack_sharing_enabled":true,"_links":{"self":[{"href":"https:\/\/truusk.store\/sv\/wp-json\/wp\/v2\/product\/16434","targetHints":{"allow":["GET"]}}],"collection":[{"href":"https:\/\/truusk.store\/sv\/wp-json\/wp\/v2\/product"}],"about":[{"href":"https:\/\/truusk.store\/sv\/wp-json\/wp\/v2\/types\/product"}],"wp:featuredmedia":[{"embeddable":true,"href":"https:\/\/truusk.store\/sv\/wp-json\/wp\/v2\/media\/16435"}],"wp:attachment":[{"href":"https:\/\/truusk.store\/sv\/wp-json\/wp\/v2\/media?parent=16434"}],"wp:term":[{"taxonomy":"product_brand","embeddable":true,"href":"https:\/\/truusk.store\/sv\/wp-json\/wp\/v2\/product_brand?post=16434"},{"taxonomy":"product_cat","embeddable":true,"href":"https:\/\/truusk.store\/sv\/wp-json\/wp\/v2\/product_cat?post=16434"},{"taxonomy":"product_tag","embeddable":true,"href":"https:\/\/truusk.store\/sv\/wp-json\/wp\/v2\/product_tag?post=16434"}],"curies":[{"name":"wp","href":"https:\/\/api.w.org\/{rel}","templated":true}]}}