{"id":16444,"date":"2024-02-13T13:07:05","date_gmt":"2024-02-13T12:07:05","guid":{"rendered":"https:\/\/truusk.store\/product\/upphojd-baddkruka-ortbaddskruka-samsk-rabatt-blomsterlada-gran-120-x-40-x-40-cm\/"},"modified":"2026-03-12T09:00:33","modified_gmt":"2026-03-12T08:00:33","slug":"truusk-upphojd-blomsterlada-samsk-rabatt-gran-120-x-40-x-40-cm","status":"publish","type":"product","link":"https:\/\/truusk.store\/sv\/produkt\/truusk-upphojd-blomsterlada-samsk-rabatt-gran-120-x-40-x-40-cm\/","title":{"rendered":"TRUUSK Upph\u00f6jd Blomsterl\u00e5da &#8211; S\u00e4msk Rabatt &#8211; Gran &#8211; 120 x 40 x 40 cm"},"content":{"rendered":"<p>Denna upph\u00f6jda tr\u00e4dg\u00e5rdsb\u00e4dd erbjuder ett utm\u00e4rkt s\u00e4tt att odla dina favoritv\u00e4xter hemma. Den upph\u00f6jda strukturen h\u00e5ller ogr\u00e4s borta fr\u00e5n v\u00e4xtjorden och skyddar dina v\u00e4xter fr\u00e5n skadedjur. En praktisk golvspalta dr\u00e4nerar \u00f6verfl\u00f6digt vatten och skyddar dina blommor och gr\u00f6nsaksv\u00e4xter fr\u00e5n \u00f6vervattning. Tack vare den rustika, naturliga designen kommer denna v\u00e4xtl\u00e5da att berika din tr\u00e4dg\u00e5rds- och terrassmilj\u00f6.<\/p>\n<h3>Beskrivning:<\/h3>\n<ul>\n<li>L\u00e4mplig f\u00f6r v\u00e4xter, gr\u00f6nsaker, \u00f6rter, blommor etc.<\/li>\n<li>Upph\u00f6jd rabatt h\u00e5ller ogr\u00e4s ute<\/li>\n<li>Golvspalt s\u00e4kerst\u00e4ller god dr\u00e4nering<\/li>\n<li>Tillverkad av massivt grantr\u00e4 f\u00f6r h\u00e5llbarhet och stabilitet<\/li>\n<li>Montering kr\u00e4vs<\/li>\n<\/ul>\n<h3>Teknisk data:<\/h3>\n<ul>\n<li>F\u00e4rg: F\u00f6rkolad<\/li>\n<li>Material: gran<\/li>\n<li>\u00d6vergripande m\u00e5tt: 120L x 40W x 40H cm<\/li>\n<li>Lastkapacitet: 50 kg<\/li>\n<\/ul>\n<h3>Leveransens omfattning:<\/h3>\n<ul>\n<li>1 x upph\u00f6jd s\u00e4ng<\/li>\n<li>1 x Instruktioner<\/li>\n<\/ul>\n","protected":false},"excerpt":{"rendered":"<p>Denna upph\u00f6jda tr\u00e4dg\u00e5rdsb\u00e4dd erbjuder ett utm\u00e4rkt s\u00e4tt att odla dina favoritv\u00e4xter hemma. Den upph\u00f6jda strukturen h\u00e5ller ogr\u00e4s borta fr\u00e5n v\u00e4xtjorden&#8230;<\/p>\n","protected":false},"featured_media":16445,"template":"","meta":[],"product_brand":[],"product_cat":[447,435,443],"product_tag":[],"class_list":{"0":"post-16444","1":"product","2":"type-product","3":"status-publish","4":"has-post-thumbnail","6":"product_cat-planteringsmaskiner","7":"product_cat-tradgard-och-terrass","8":"product_cat-vaxthus-tradgardsskotsel","10":"first","11":"instock","12":"sale","13":"taxable","14":"shipping-taxable","15":"purchasable","16":"product-type-simple"},"yoast_head":"<!-- This site is optimized with the Yoast SEO plugin v25.4 - https:\/\/yoast.com\/wordpress\/plugins\/seo\/ -->\n<title>TRUUSK Upph\u00f6jd Blomsterl\u00e5da - S\u00e4msk Rabatt - Gran - 120 x 40 x 40 cm - TRUUSK - Hem, Tr\u00e4dg\u00e5rd &amp; Fritid<\/title>\n<meta name=\"robots\" content=\"index, follow, max-snippet:-1, max-image-preview:large, max-video-preview:-1\" \/>\n<link rel=\"canonical\" href=\"https:\/\/truusk.store\/sv\/produkt\/truusk-upphojd-blomsterlada-samsk-rabatt-gran-120-x-40-x-40-cm\/\" \/>\n<meta property=\"og:locale\" content=\"sv_SE\" \/>\n<meta property=\"og:type\" content=\"article\" \/>\n<meta property=\"og:title\" content=\"TRUUSK Upph\u00f6jd Blomsterl\u00e5da - S\u00e4msk Rabatt - Gran - 120 x 40 x 40 cm - TRUUSK - Hem, Tr\u00e4dg\u00e5rd &amp; Fritid\" \/>\n<meta property=\"og:description\" content=\"Denna upph\u00f6jda tr\u00e4dg\u00e5rdsb\u00e4dd erbjuder ett utm\u00e4rkt s\u00e4tt att odla dina favoritv\u00e4xter hemma. Den upph\u00f6jda strukturen h\u00e5ller ogr\u00e4s borta fr\u00e5n v\u00e4xtjorden...\" \/>\n<meta property=\"og:url\" content=\"https:\/\/truusk.store\/sv\/produkt\/truusk-upphojd-blomsterlada-samsk-rabatt-gran-120-x-40-x-40-cm\/\" \/>\n<meta property=\"og:site_name\" content=\"TRUUSK - Hem, Tr\u00e4dg\u00e5rd &amp; Fritid\" \/>\n<meta property=\"article:modified_time\" content=\"2026-03-12T08:00:33+00:00\" \/>\n<meta property=\"og:image\" content=\"https:\/\/i0.wp.com\/truusk.se\/wp-content\/uploads\/2024\/02\/upphojd-baddkruka-ortbaddskruka-samsk-rabatt-blomsterlada-gran-120-x-40-x-40-cm.webp?fit=800%2C800&ssl=1\" \/>\n\t<meta property=\"og:image:width\" content=\"800\" \/>\n\t<meta property=\"og:image:height\" content=\"800\" \/>\n\t<meta property=\"og:image:type\" content=\"image\/webp\" \/>\n<meta name=\"twitter:card\" content=\"summary_large_image\" \/>\n<meta name=\"twitter:label1\" content=\"Ber\u00e4knad l\u00e4stid\" \/>\n\t<meta name=\"twitter:data1\" content=\"1 minut\" \/>\n<!-- \/ Yoast SEO plugin. -->","yoast_head_json":{"title":"TRUUSK Upph\u00f6jd Blomsterl\u00e5da - S\u00e4msk Rabatt - Gran - 120 x 40 x 40 cm - TRUUSK - Hem, Tr\u00e4dg\u00e5rd &amp; Fritid","robots":{"index":"index","follow":"follow","max-snippet":"max-snippet:-1","max-image-preview":"max-image-preview:large","max-video-preview":"max-video-preview:-1"},"canonical":"https:\/\/truusk.store\/sv\/produkt\/truusk-upphojd-blomsterlada-samsk-rabatt-gran-120-x-40-x-40-cm\/","og_locale":"sv_SE","og_type":"article","og_title":"TRUUSK Upph\u00f6jd Blomsterl\u00e5da - S\u00e4msk Rabatt - Gran - 120 x 40 x 40 cm - TRUUSK - Hem, Tr\u00e4dg\u00e5rd &amp; Fritid","og_description":"Denna upph\u00f6jda tr\u00e4dg\u00e5rdsb\u00e4dd erbjuder ett utm\u00e4rkt s\u00e4tt att odla dina favoritv\u00e4xter hemma. Den upph\u00f6jda strukturen h\u00e5ller ogr\u00e4s borta fr\u00e5n v\u00e4xtjorden...","og_url":"https:\/\/truusk.store\/sv\/produkt\/truusk-upphojd-blomsterlada-samsk-rabatt-gran-120-x-40-x-40-cm\/","og_site_name":"TRUUSK - Hem, Tr\u00e4dg\u00e5rd &amp; Fritid","article_modified_time":"2026-03-12T08:00:33+00:00","og_image":[{"width":800,"height":800,"url":"https:\/\/i0.wp.com\/truusk.se\/wp-content\/uploads\/2024\/02\/upphojd-baddkruka-ortbaddskruka-samsk-rabatt-blomsterlada-gran-120-x-40-x-40-cm.webp?fit=800%2C800&ssl=1","type":"image\/webp"}],"twitter_card":"summary_large_image","twitter_misc":{"Ber\u00e4knad l\u00e4stid":"1 minut"},"schema":{"@context":"https:\/\/schema.org","@graph":[{"@type":"WebPage","@id":"https:\/\/truusk.store\/sv\/produkt\/truusk-upphojd-blomsterlada-samsk-rabatt-gran-120-x-40-x-40-cm\/","url":"https:\/\/truusk.store\/sv\/produkt\/truusk-upphojd-blomsterlada-samsk-rabatt-gran-120-x-40-x-40-cm\/","name":"TRUUSK Upph\u00f6jd Blomsterl\u00e5da - S\u00e4msk Rabatt - Gran - 120 x 40 x 40 cm - TRUUSK - Hem, Tr\u00e4dg\u00e5rd &amp; Fritid","isPartOf":{"@id":"https:\/\/truusk.store\/sv\/#website"},"primaryImageOfPage":{"@id":"https:\/\/truusk.store\/sv\/produkt\/truusk-upphojd-blomsterlada-samsk-rabatt-gran-120-x-40-x-40-cm\/#primaryimage"},"image":{"@id":"https:\/\/truusk.store\/sv\/produkt\/truusk-upphojd-blomsterlada-samsk-rabatt-gran-120-x-40-x-40-cm\/#primaryimage"},"thumbnailUrl":"https:\/\/i0.wp.com\/truusk.store\/wp-content\/uploads\/2024\/02\/upphojd-baddkruka-ortbaddskruka-samsk-rabatt-blomsterlada-gran-120-x-40-x-40-cm.webp?fit=800%2C800&ssl=1","datePublished":"2024-02-13T12:07:05+00:00","dateModified":"2026-03-12T08:00:33+00:00","breadcrumb":{"@id":"https:\/\/truusk.store\/sv\/produkt\/truusk-upphojd-blomsterlada-samsk-rabatt-gran-120-x-40-x-40-cm\/#breadcrumb"},"inLanguage":"sv-SE","potentialAction":[{"@type":"ReadAction","target":["https:\/\/truusk.store\/sv\/produkt\/truusk-upphojd-blomsterlada-samsk-rabatt-gran-120-x-40-x-40-cm\/"]}]},{"@type":"ImageObject","inLanguage":"sv-SE","@id":"https:\/\/truusk.store\/sv\/produkt\/truusk-upphojd-blomsterlada-samsk-rabatt-gran-120-x-40-x-40-cm\/#primaryimage","url":"https:\/\/i0.wp.com\/truusk.store\/wp-content\/uploads\/2024\/02\/upphojd-baddkruka-ortbaddskruka-samsk-rabatt-blomsterlada-gran-120-x-40-x-40-cm.webp?fit=800%2C800&ssl=1","contentUrl":"https:\/\/i0.wp.com\/truusk.store\/wp-content\/uploads\/2024\/02\/upphojd-baddkruka-ortbaddskruka-samsk-rabatt-blomsterlada-gran-120-x-40-x-40-cm.webp?fit=800%2C800&ssl=1","width":800,"height":800,"caption":"Upph\u00f6jd B\u00e4ddkruka \u00f6rtb\u00e4ddskruka S\u00e4msk Rabatt Blomsterl\u00e5da Gran 120 X 40 X 40 Cm 1"},{"@type":"BreadcrumbList","@id":"https:\/\/truusk.store\/sv\/produkt\/truusk-upphojd-blomsterlada-samsk-rabatt-gran-120-x-40-x-40-cm\/#breadcrumb","itemListElement":[{"@type":"ListItem","position":1,"name":"Home","item":"https:\/\/truusk.store\/sv\/"},{"@type":"ListItem","position":2,"name":"Shop","item":"https:\/\/truusk.store\/shop\/"},{"@type":"ListItem","position":3,"name":"TRUUSK Upph\u00f6jd Blomsterl\u00e5da &#8211; S\u00e4msk Rabatt &#8211; Gran &#8211; 120 x 40 x 40 cm"}]},{"@type":"WebSite","@id":"https:\/\/truusk.store\/sv\/#website","url":"https:\/\/truusk.store\/sv\/","name":"TRUUSK - Hem, Tr\u00e4dg\u00e5rd & Fritid","description":"","publisher":{"@id":"https:\/\/truusk.store\/sv\/#organization"},"potentialAction":[{"@type":"SearchAction","target":{"@type":"EntryPoint","urlTemplate":"https:\/\/truusk.store\/sv\/?s={search_term_string}"},"query-input":{"@type":"PropertyValueSpecification","valueRequired":true,"valueName":"search_term_string"}}],"inLanguage":"sv-SE"},{"@type":"Organization","@id":"https:\/\/truusk.store\/sv\/#organization","name":"TRUUSK - Hem, Tr\u00e4dg\u00e5rd & Fritid","url":"https:\/\/truusk.store\/sv\/","logo":{"@type":"ImageObject","inLanguage":"sv-SE","@id":"https:\/\/truusk.store\/sv\/#\/schema\/logo\/image\/","url":"https:\/\/i0.wp.com\/truusk.store\/wp-content\/uploads\/2026\/03\/cropped-TRUUSK.png?fit=2032%2C917&ssl=1","contentUrl":"https:\/\/i0.wp.com\/truusk.store\/wp-content\/uploads\/2026\/03\/cropped-TRUUSK.png?fit=2032%2C917&ssl=1","width":2032,"height":917,"caption":"TRUUSK - Hem, Tr\u00e4dg\u00e5rd & Fritid"},"image":{"@id":"https:\/\/truusk.store\/sv\/#\/schema\/logo\/image\/"}}]}},"jetpack_sharing_enabled":true,"_links":{"self":[{"href":"https:\/\/truusk.store\/sv\/wp-json\/wp\/v2\/product\/16444","targetHints":{"allow":["GET"]}}],"collection":[{"href":"https:\/\/truusk.store\/sv\/wp-json\/wp\/v2\/product"}],"about":[{"href":"https:\/\/truusk.store\/sv\/wp-json\/wp\/v2\/types\/product"}],"wp:featuredmedia":[{"embeddable":true,"href":"https:\/\/truusk.store\/sv\/wp-json\/wp\/v2\/media\/16445"}],"wp:attachment":[{"href":"https:\/\/truusk.store\/sv\/wp-json\/wp\/v2\/media?parent=16444"}],"wp:term":[{"taxonomy":"product_brand","embeddable":true,"href":"https:\/\/truusk.store\/sv\/wp-json\/wp\/v2\/product_brand?post=16444"},{"taxonomy":"product_cat","embeddable":true,"href":"https:\/\/truusk.store\/sv\/wp-json\/wp\/v2\/product_cat?post=16444"},{"taxonomy":"product_tag","embeddable":true,"href":"https:\/\/truusk.store\/sv\/wp-json\/wp\/v2\/product_tag?post=16444"}],"curies":[{"name":"wp","href":"https:\/\/api.w.org\/{rel}","templated":true}]}}