{"id":16493,"date":"2024-02-13T13:08:50","date_gmt":"2024-02-13T12:08:50","guid":{"rendered":"https:\/\/truusk.store\/product\/rullbock-rullstod-hojdjusterbar-arbetsbock-rullstativ-extra-bock-stodbock-upp-till-90-kg-metall-svart-44-x-50-x-68-110-cm\/"},"modified":"2026-03-12T09:00:34","modified_gmt":"2026-03-12T08:00:34","slug":"truusk-rullbock-justerbar-hojd-upp-till-90-kg-metall-svart-44-x-50-x-68-110-cm","status":"publish","type":"product","link":"https:\/\/truusk.store\/sv\/produkt\/truusk-rullbock-justerbar-hojd-upp-till-90-kg-metall-svart-44-x-50-x-68-110-cm\/","title":{"rendered":"TRUUSK Rullbock &#8211; Justerbar H\u00f6jd &#8211; Upp Till 90 Kg &#8211; Metall &#8211; Svart &#8211; 44 x 50 x 68-110 cm"},"content":{"rendered":"<p>V\u00e5r h\u00f6jdjusterbara rullbock l\u00f6ser problemet med att kr\u00e4va stabilt st\u00f6d och fri r\u00f6relse vid anv\u00e4ndning av st\u00f6rre tr\u00e4bitar p\u00e5 oj\u00e4mn mark. Det \u00e4r ett m\u00e5ste f\u00f6r varje snickeri eller verkstad. Kompakt struktur, vikbar design, installerad p\u00e5 n\u00e5gra minuter. Detta verktyg v\u00e4ger endast 3,5 kg s\u00e5 det \u00e4r l\u00e4tt att b\u00e4ra, du kan f\u00e4lla det platt och placera det i valfritt h\u00f6rn av garaget eller verkstaden. Allt detta g\u00f6r den till den perfekta f\u00f6ljeslagaren p\u00e5 jobbet!<\/p>\n<h3>Beskrivning:<\/h3>\n<ul>\n<li>Tillverkad av slitstark pulverlackerad metall f\u00f6r l\u00e5ngvarig anv\u00e4ndning<\/li>\n<li>H\u00f6jden \u00e4r fullt justerbar tack vare en l\u00e4ttl\u00e5sbar spak<\/li>\n<li>Halkfria f\u00f6tter h\u00e5ller stativet p\u00e5 plats samtidigt som de styr l\u00e5nga material<\/li>\n<li>F\u00e4lls platt p\u00e5 n\u00e5gra sekunder f\u00f6r kompakt f\u00f6rvaring och enkel transport<\/li>\n<li>Montering kr\u00e4vs<\/li>\n<li>N\u00e4r h\u00f6jden stiger till den h\u00f6gsta punkten kan den h\u00e5lla upp till 60 kg, n\u00e4r till den l\u00e4gsta punkten: 90 kg<\/li>\n<\/ul>\n<h3>Teknisk data:<\/h3>\n<ul>\n<li>F\u00e4rg: Svart+Silver<\/li>\n<li>Material: metall<\/li>\n<li>Totalm\u00e5tt (ovikt): 44L x 50W x 68-110H cm<\/li>\n<li>M\u00e5tt (vikt): 76L x 44W x 6,5H cm<\/li>\n<li>M\u00e5tt p\u00e5 rullen: 4,8cm<\/li>\n<li>Lastkapacitet: 60-90kg<\/li>\n<\/ul>\n<h3>Leveransens omfattning:<\/h3>\n<ul>\n<li>1 x rullstativ<\/li>\n<li>1 x Instruktioner<\/li>\n<\/ul>\n","protected":false},"excerpt":{"rendered":"<p>V\u00e5r h\u00f6jdjusterbara rullbock l\u00f6ser problemet med att kr\u00e4va stabilt st\u00f6d och fri r\u00f6relse vid anv\u00e4ndning av st\u00f6rre tr\u00e4bitar p\u00e5 oj\u00e4mn&#8230;<\/p>\n","protected":false},"featured_media":16494,"template":"","meta":[],"product_brand":[],"product_cat":[691,688,671],"product_tag":[],"class_list":{"0":"post-16493","1":"product","2":"type-product","3":"status-publish","4":"has-post-thumbnail","6":"product_cat-arbetsbankar-arbetsbockar","7":"product_cat-diy","8":"product_cat-jarnaffar","10":"first","11":"instock","12":"sale","13":"taxable","14":"shipping-taxable","15":"purchasable","16":"product-type-simple"},"yoast_head":"<!-- This site is optimized with the Yoast SEO plugin v25.4 - https:\/\/yoast.com\/wordpress\/plugins\/seo\/ -->\n<title>TRUUSK Rullbock - Justerbar H\u00f6jd - Upp Till 90 Kg - Metall - Svart - 44 x 50 x 68-110 cm - TRUUSK - Hem, Tr\u00e4dg\u00e5rd &amp; Fritid<\/title>\n<meta name=\"robots\" content=\"index, follow, max-snippet:-1, max-image-preview:large, max-video-preview:-1\" \/>\n<link rel=\"canonical\" href=\"https:\/\/truusk.store\/sv\/produkt\/truusk-rullbock-justerbar-hojd-upp-till-90-kg-metall-svart-44-x-50-x-68-110-cm\/\" \/>\n<meta property=\"og:locale\" content=\"sv_SE\" \/>\n<meta property=\"og:type\" content=\"article\" \/>\n<meta property=\"og:title\" content=\"TRUUSK Rullbock - Justerbar H\u00f6jd - Upp Till 90 Kg - Metall - Svart - 44 x 50 x 68-110 cm - TRUUSK - Hem, Tr\u00e4dg\u00e5rd &amp; Fritid\" \/>\n<meta property=\"og:description\" content=\"V\u00e5r h\u00f6jdjusterbara rullbock l\u00f6ser problemet med att kr\u00e4va stabilt st\u00f6d och fri r\u00f6relse vid anv\u00e4ndning av st\u00f6rre tr\u00e4bitar p\u00e5 oj\u00e4mn...\" \/>\n<meta property=\"og:url\" content=\"https:\/\/truusk.store\/sv\/produkt\/truusk-rullbock-justerbar-hojd-upp-till-90-kg-metall-svart-44-x-50-x-68-110-cm\/\" \/>\n<meta property=\"og:site_name\" content=\"TRUUSK - Hem, Tr\u00e4dg\u00e5rd &amp; Fritid\" \/>\n<meta property=\"article:modified_time\" content=\"2026-03-12T08:00:34+00:00\" \/>\n<meta property=\"og:image\" content=\"https:\/\/i0.wp.com\/truusk.se\/wp-content\/uploads\/2024\/02\/rullbock-rullstod-hojdjusterbar-arbetsbock-rullstativ-extra-bock-stodbock-upp-till-90-kg-metall-svart-44-x-50-x-68-110-cm.webp?fit=800%2C800&ssl=1\" \/>\n\t<meta property=\"og:image:width\" content=\"800\" \/>\n\t<meta property=\"og:image:height\" content=\"800\" \/>\n\t<meta property=\"og:image:type\" content=\"image\/webp\" \/>\n<meta name=\"twitter:card\" content=\"summary_large_image\" \/>\n<meta name=\"twitter:label1\" content=\"Ber\u00e4knad l\u00e4stid\" \/>\n\t<meta name=\"twitter:data1\" content=\"1 minut\" \/>\n<!-- \/ Yoast SEO plugin. -->","yoast_head_json":{"title":"TRUUSK Rullbock - Justerbar H\u00f6jd - Upp Till 90 Kg - Metall - Svart - 44 x 50 x 68-110 cm - TRUUSK - Hem, Tr\u00e4dg\u00e5rd &amp; Fritid","robots":{"index":"index","follow":"follow","max-snippet":"max-snippet:-1","max-image-preview":"max-image-preview:large","max-video-preview":"max-video-preview:-1"},"canonical":"https:\/\/truusk.store\/sv\/produkt\/truusk-rullbock-justerbar-hojd-upp-till-90-kg-metall-svart-44-x-50-x-68-110-cm\/","og_locale":"sv_SE","og_type":"article","og_title":"TRUUSK Rullbock - Justerbar H\u00f6jd - Upp Till 90 Kg - Metall - Svart - 44 x 50 x 68-110 cm - TRUUSK - Hem, Tr\u00e4dg\u00e5rd &amp; Fritid","og_description":"V\u00e5r h\u00f6jdjusterbara rullbock l\u00f6ser problemet med att kr\u00e4va stabilt st\u00f6d och fri r\u00f6relse vid anv\u00e4ndning av st\u00f6rre tr\u00e4bitar p\u00e5 oj\u00e4mn...","og_url":"https:\/\/truusk.store\/sv\/produkt\/truusk-rullbock-justerbar-hojd-upp-till-90-kg-metall-svart-44-x-50-x-68-110-cm\/","og_site_name":"TRUUSK - Hem, Tr\u00e4dg\u00e5rd &amp; Fritid","article_modified_time":"2026-03-12T08:00:34+00:00","og_image":[{"width":800,"height":800,"url":"https:\/\/i0.wp.com\/truusk.se\/wp-content\/uploads\/2024\/02\/rullbock-rullstod-hojdjusterbar-arbetsbock-rullstativ-extra-bock-stodbock-upp-till-90-kg-metall-svart-44-x-50-x-68-110-cm.webp?fit=800%2C800&ssl=1","type":"image\/webp"}],"twitter_card":"summary_large_image","twitter_misc":{"Ber\u00e4knad l\u00e4stid":"1 minut"},"schema":{"@context":"https:\/\/schema.org","@graph":[{"@type":"WebPage","@id":"https:\/\/truusk.store\/sv\/produkt\/truusk-rullbock-justerbar-hojd-upp-till-90-kg-metall-svart-44-x-50-x-68-110-cm\/","url":"https:\/\/truusk.store\/sv\/produkt\/truusk-rullbock-justerbar-hojd-upp-till-90-kg-metall-svart-44-x-50-x-68-110-cm\/","name":"TRUUSK Rullbock - Justerbar H\u00f6jd - Upp Till 90 Kg - Metall - Svart - 44 x 50 x 68-110 cm - TRUUSK - Hem, Tr\u00e4dg\u00e5rd &amp; Fritid","isPartOf":{"@id":"https:\/\/truusk.store\/sv\/#website"},"primaryImageOfPage":{"@id":"https:\/\/truusk.store\/sv\/produkt\/truusk-rullbock-justerbar-hojd-upp-till-90-kg-metall-svart-44-x-50-x-68-110-cm\/#primaryimage"},"image":{"@id":"https:\/\/truusk.store\/sv\/produkt\/truusk-rullbock-justerbar-hojd-upp-till-90-kg-metall-svart-44-x-50-x-68-110-cm\/#primaryimage"},"thumbnailUrl":"https:\/\/i0.wp.com\/truusk.store\/wp-content\/uploads\/2024\/02\/rullbock-rullstod-hojdjusterbar-arbetsbock-rullstativ-extra-bock-stodbock-upp-till-90-kg-metall-svart-44-x-50-x-68-110-cm.webp?fit=800%2C800&ssl=1","datePublished":"2024-02-13T12:08:50+00:00","dateModified":"2026-03-12T08:00:34+00:00","breadcrumb":{"@id":"https:\/\/truusk.store\/sv\/produkt\/truusk-rullbock-justerbar-hojd-upp-till-90-kg-metall-svart-44-x-50-x-68-110-cm\/#breadcrumb"},"inLanguage":"sv-SE","potentialAction":[{"@type":"ReadAction","target":["https:\/\/truusk.store\/sv\/produkt\/truusk-rullbock-justerbar-hojd-upp-till-90-kg-metall-svart-44-x-50-x-68-110-cm\/"]}]},{"@type":"ImageObject","inLanguage":"sv-SE","@id":"https:\/\/truusk.store\/sv\/produkt\/truusk-rullbock-justerbar-hojd-upp-till-90-kg-metall-svart-44-x-50-x-68-110-cm\/#primaryimage","url":"https:\/\/i0.wp.com\/truusk.store\/wp-content\/uploads\/2024\/02\/rullbock-rullstod-hojdjusterbar-arbetsbock-rullstativ-extra-bock-stodbock-upp-till-90-kg-metall-svart-44-x-50-x-68-110-cm.webp?fit=800%2C800&ssl=1","contentUrl":"https:\/\/i0.wp.com\/truusk.store\/wp-content\/uploads\/2024\/02\/rullbock-rullstod-hojdjusterbar-arbetsbock-rullstativ-extra-bock-stodbock-upp-till-90-kg-metall-svart-44-x-50-x-68-110-cm.webp?fit=800%2C800&ssl=1","width":800,"height":800,"caption":"Rullbock, Rullst\u00f6d, H\u00f6jdjusterbar Arbetsbock, Rullstativ, Extra Bock, St\u00f6dbock, Upp Till 90 Kg, Metall, Svart, 44 X 50 X 68-110 Cm 1"},{"@type":"BreadcrumbList","@id":"https:\/\/truusk.store\/sv\/produkt\/truusk-rullbock-justerbar-hojd-upp-till-90-kg-metall-svart-44-x-50-x-68-110-cm\/#breadcrumb","itemListElement":[{"@type":"ListItem","position":1,"name":"Home","item":"https:\/\/truusk.store\/sv\/"},{"@type":"ListItem","position":2,"name":"Shop","item":"https:\/\/truusk.store\/shop\/"},{"@type":"ListItem","position":3,"name":"TRUUSK Rullbock &#8211; Justerbar H\u00f6jd &#8211; Upp Till 90 Kg &#8211; Metall &#8211; Svart &#8211; 44 x 50 x 68-110 cm"}]},{"@type":"WebSite","@id":"https:\/\/truusk.store\/sv\/#website","url":"https:\/\/truusk.store\/sv\/","name":"TRUUSK - Hem, Tr\u00e4dg\u00e5rd & Fritid","description":"","publisher":{"@id":"https:\/\/truusk.store\/sv\/#organization"},"potentialAction":[{"@type":"SearchAction","target":{"@type":"EntryPoint","urlTemplate":"https:\/\/truusk.store\/sv\/?s={search_term_string}"},"query-input":{"@type":"PropertyValueSpecification","valueRequired":true,"valueName":"search_term_string"}}],"inLanguage":"sv-SE"},{"@type":"Organization","@id":"https:\/\/truusk.store\/sv\/#organization","name":"TRUUSK - Hem, Tr\u00e4dg\u00e5rd & Fritid","url":"https:\/\/truusk.store\/sv\/","logo":{"@type":"ImageObject","inLanguage":"sv-SE","@id":"https:\/\/truusk.store\/sv\/#\/schema\/logo\/image\/","url":"https:\/\/i0.wp.com\/truusk.store\/wp-content\/uploads\/2026\/03\/cropped-TRUUSK.png?fit=2032%2C917&ssl=1","contentUrl":"https:\/\/i0.wp.com\/truusk.store\/wp-content\/uploads\/2026\/03\/cropped-TRUUSK.png?fit=2032%2C917&ssl=1","width":2032,"height":917,"caption":"TRUUSK - Hem, Tr\u00e4dg\u00e5rd & Fritid"},"image":{"@id":"https:\/\/truusk.store\/sv\/#\/schema\/logo\/image\/"}}]}},"jetpack_sharing_enabled":true,"_links":{"self":[{"href":"https:\/\/truusk.store\/sv\/wp-json\/wp\/v2\/product\/16493","targetHints":{"allow":["GET"]}}],"collection":[{"href":"https:\/\/truusk.store\/sv\/wp-json\/wp\/v2\/product"}],"about":[{"href":"https:\/\/truusk.store\/sv\/wp-json\/wp\/v2\/types\/product"}],"wp:featuredmedia":[{"embeddable":true,"href":"https:\/\/truusk.store\/sv\/wp-json\/wp\/v2\/media\/16494"}],"wp:attachment":[{"href":"https:\/\/truusk.store\/sv\/wp-json\/wp\/v2\/media?parent=16493"}],"wp:term":[{"taxonomy":"product_brand","embeddable":true,"href":"https:\/\/truusk.store\/sv\/wp-json\/wp\/v2\/product_brand?post=16493"},{"taxonomy":"product_cat","embeddable":true,"href":"https:\/\/truusk.store\/sv\/wp-json\/wp\/v2\/product_cat?post=16493"},{"taxonomy":"product_tag","embeddable":true,"href":"https:\/\/truusk.store\/sv\/wp-json\/wp\/v2\/product_tag?post=16493"}],"curies":[{"name":"wp","href":"https:\/\/api.w.org\/{rel}","templated":true}]}}