{"id":16527,"date":"2024-02-13T13:09:46","date_gmt":"2024-02-13T12:09:46","guid":{"rendered":"https:\/\/truusk.store\/product\/konstgjord-julgran-21-m-julgran-julgran-505-tjocka-tata-grenar-latt-att-montera-akta-julgran-med-metallstativ-pet-metall-gron-90-x-210-cm\/"},"modified":"2026-03-12T09:00:35","modified_gmt":"2026-03-12T08:00:35","slug":"truusk-hantverk-julgran-21-m-tjocka-tata-grenar-latt-att-montera-akta-design-metallstativ-gron-90-x-210-cm","status":"publish","type":"product","link":"https:\/\/truusk.store\/sv\/produkt\/truusk-hantverk-julgran-21-m-tjocka-tata-grenar-latt-att-montera-akta-design-metallstativ-gron-90-x-210-cm\/","title":{"rendered":"TRUUSK Hantverk Julgran 2,1 M &#8211; Tjocka T\u00e4ta Grenar &#8211; L\u00e4tt Att Montera &#8211; \u00c4kta Design &#8211; Metallstativ &#8211; Gr\u00f6n &#8211; 90 X 210 cm"},"content":{"rendered":"<p>V\u00e5r konstgjorda gran \u00e4r tillverkad av PET, ett h\u00e5llbart och ekologiskt material. Vackra och tjocka stenar ger en realistisk effekt. Metallstativet garanterar mycket stabilitet. Den konstgjorda julgranen \u00e4r perfekt att anv\u00e4nda i ditt hem, kontor eller p\u00e5 julfester. Det \u00e4r en utm\u00e4rkt julgran som kommer att ge en magisk och festlig touch till alla dekorationer. Denna julgran skapar en festlig och julst\u00e4mning.<\/p>\n<h3>Beskrivning:<\/h3>\n<ul>\n<li>Fantastisk julgran som kommer att s\u00e4tta en magisk och festlig touch till ditt hem<\/li>\n<li>Perfekt f\u00f6r anv\u00e4ndning i ditt hem, kontor och mer<\/li>\n<li>Den har 505 tjocka och realistiska grenar<\/li>\n<li>Tillverkad av h\u00f6gkvalitativa material och utm\u00e4rkt utf\u00f6rande<\/li>\n<li>Grenarna \u00e4r gjorda av PET, tjocka och mycket slitstarka<\/li>\n<li>Med stabilt stativ<\/li>\n<li>Snabb och enkel montering<\/li>\n<\/ul>\n<h3>Teknisk data:<\/h3>\n<ul>\n<li>F\u00e4rg: gr\u00f6n<\/li>\n<li>Material: PET, metall<\/li>\n<li>Totala m\u00e5tt: 90 x 210H cm<\/li>\n<li>Basm\u00e5tt: 45 cm<\/li>\n<\/ul>\n<h3>Leveransens omfattning:<\/h3>\n<ul>\n<li>1 x julgran<\/li>\n<li>1 x Instruktioner<\/li>\n<\/ul>\n","protected":false},"excerpt":{"rendered":"<p>V\u00e5r konstgjorda gran \u00e4r tillverkad av PET, ett h\u00e5llbart och ekologiskt material. Vackra och tjocka stenar ger en realistisk effekt&#8230;.<\/p>\n","protected":false},"featured_media":16528,"template":"","meta":[],"product_brand":[],"product_cat":[705,706,744,709],"product_tag":[],"class_list":{"0":"post-16527","1":"product","2":"type-product","3":"status-publish","4":"has-post-thumbnail","6":"product_cat-julens-varld","7":"product_cat-julgranar","8":"product_cat-julgranar-210-cm","9":"product_cat-julgranar-over-180cm","11":"first","12":"instock","13":"sale","14":"taxable","15":"shipping-taxable","16":"purchasable","17":"product-type-simple"},"yoast_head":"<!-- This site is optimized with the Yoast SEO plugin v25.4 - https:\/\/yoast.com\/wordpress\/plugins\/seo\/ -->\n<title>TRUUSK Hantverk Julgran 2,1 M - Tjocka T\u00e4ta Grenar - L\u00e4tt Att Montera - \u00c4kta Design - Metallstativ - Gr\u00f6n - 90 X 210 cm - TRUUSK - Hem, Tr\u00e4dg\u00e5rd &amp; Fritid<\/title>\n<meta name=\"robots\" content=\"index, follow, max-snippet:-1, max-image-preview:large, max-video-preview:-1\" \/>\n<link rel=\"canonical\" href=\"https:\/\/truusk.store\/sv\/produkt\/truusk-hantverk-julgran-21-m-tjocka-tata-grenar-latt-att-montera-akta-design-metallstativ-gron-90-x-210-cm\/\" \/>\n<meta property=\"og:locale\" content=\"sv_SE\" \/>\n<meta property=\"og:type\" content=\"article\" \/>\n<meta property=\"og:title\" content=\"TRUUSK Hantverk Julgran 2,1 M - Tjocka T\u00e4ta Grenar - L\u00e4tt Att Montera - \u00c4kta Design - Metallstativ - Gr\u00f6n - 90 X 210 cm - TRUUSK - Hem, Tr\u00e4dg\u00e5rd &amp; Fritid\" \/>\n<meta property=\"og:description\" content=\"V\u00e5r konstgjorda gran \u00e4r tillverkad av PET, ett h\u00e5llbart och ekologiskt material. Vackra och tjocka stenar ger en realistisk effekt....\" \/>\n<meta property=\"og:url\" content=\"https:\/\/truusk.store\/sv\/produkt\/truusk-hantverk-julgran-21-m-tjocka-tata-grenar-latt-att-montera-akta-design-metallstativ-gron-90-x-210-cm\/\" \/>\n<meta property=\"og:site_name\" content=\"TRUUSK - Hem, Tr\u00e4dg\u00e5rd &amp; Fritid\" \/>\n<meta property=\"article:modified_time\" content=\"2026-03-12T08:00:35+00:00\" \/>\n<meta property=\"og:image\" content=\"https:\/\/i0.wp.com\/truusk.se\/wp-content\/uploads\/2024\/02\/konstgjord-julgran-21-m-julgran-julgran-505-tjocka-tata-grenar-latt-att-montera-akta-julgran-med-metallstativ-pet-metall-gron-90-x-210-cm.webp?fit=800%2C800&ssl=1\" \/>\n\t<meta property=\"og:image:width\" content=\"800\" \/>\n\t<meta property=\"og:image:height\" content=\"800\" \/>\n\t<meta property=\"og:image:type\" content=\"image\/webp\" \/>\n<meta name=\"twitter:card\" content=\"summary_large_image\" \/>\n<meta name=\"twitter:label1\" content=\"Ber\u00e4knad l\u00e4stid\" \/>\n\t<meta name=\"twitter:data1\" content=\"1 minut\" \/>\n<!-- \/ Yoast SEO plugin. -->","yoast_head_json":{"title":"TRUUSK Hantverk Julgran 2,1 M - Tjocka T\u00e4ta Grenar - L\u00e4tt Att Montera - \u00c4kta Design - Metallstativ - Gr\u00f6n - 90 X 210 cm - TRUUSK - Hem, Tr\u00e4dg\u00e5rd &amp; Fritid","robots":{"index":"index","follow":"follow","max-snippet":"max-snippet:-1","max-image-preview":"max-image-preview:large","max-video-preview":"max-video-preview:-1"},"canonical":"https:\/\/truusk.store\/sv\/produkt\/truusk-hantverk-julgran-21-m-tjocka-tata-grenar-latt-att-montera-akta-design-metallstativ-gron-90-x-210-cm\/","og_locale":"sv_SE","og_type":"article","og_title":"TRUUSK Hantverk Julgran 2,1 M - Tjocka T\u00e4ta Grenar - L\u00e4tt Att Montera - \u00c4kta Design - Metallstativ - Gr\u00f6n - 90 X 210 cm - TRUUSK - Hem, Tr\u00e4dg\u00e5rd &amp; Fritid","og_description":"V\u00e5r konstgjorda gran \u00e4r tillverkad av PET, ett h\u00e5llbart och ekologiskt material. Vackra och tjocka stenar ger en realistisk effekt....","og_url":"https:\/\/truusk.store\/sv\/produkt\/truusk-hantverk-julgran-21-m-tjocka-tata-grenar-latt-att-montera-akta-design-metallstativ-gron-90-x-210-cm\/","og_site_name":"TRUUSK - Hem, Tr\u00e4dg\u00e5rd &amp; Fritid","article_modified_time":"2026-03-12T08:00:35+00:00","og_image":[{"width":800,"height":800,"url":"https:\/\/i0.wp.com\/truusk.se\/wp-content\/uploads\/2024\/02\/konstgjord-julgran-21-m-julgran-julgran-505-tjocka-tata-grenar-latt-att-montera-akta-julgran-med-metallstativ-pet-metall-gron-90-x-210-cm.webp?fit=800%2C800&ssl=1","type":"image\/webp"}],"twitter_card":"summary_large_image","twitter_misc":{"Ber\u00e4knad l\u00e4stid":"1 minut"},"schema":{"@context":"https:\/\/schema.org","@graph":[{"@type":"WebPage","@id":"https:\/\/truusk.store\/sv\/produkt\/truusk-hantverk-julgran-21-m-tjocka-tata-grenar-latt-att-montera-akta-design-metallstativ-gron-90-x-210-cm\/","url":"https:\/\/truusk.store\/sv\/produkt\/truusk-hantverk-julgran-21-m-tjocka-tata-grenar-latt-att-montera-akta-design-metallstativ-gron-90-x-210-cm\/","name":"TRUUSK Hantverk Julgran 2,1 M - Tjocka T\u00e4ta Grenar - L\u00e4tt Att Montera - \u00c4kta Design - Metallstativ - Gr\u00f6n - 90 X 210 cm - TRUUSK - Hem, Tr\u00e4dg\u00e5rd &amp; Fritid","isPartOf":{"@id":"https:\/\/truusk.store\/sv\/#website"},"primaryImageOfPage":{"@id":"https:\/\/truusk.store\/sv\/produkt\/truusk-hantverk-julgran-21-m-tjocka-tata-grenar-latt-att-montera-akta-design-metallstativ-gron-90-x-210-cm\/#primaryimage"},"image":{"@id":"https:\/\/truusk.store\/sv\/produkt\/truusk-hantverk-julgran-21-m-tjocka-tata-grenar-latt-att-montera-akta-design-metallstativ-gron-90-x-210-cm\/#primaryimage"},"thumbnailUrl":"https:\/\/i0.wp.com\/truusk.store\/wp-content\/uploads\/2024\/02\/konstgjord-julgran-21-m-julgran-julgran-505-tjocka-tata-grenar-latt-att-montera-akta-julgran-med-metallstativ-pet-metall-gron-90-x-210-cm.webp?fit=800%2C800&ssl=1","datePublished":"2024-02-13T12:09:46+00:00","dateModified":"2026-03-12T08:00:35+00:00","breadcrumb":{"@id":"https:\/\/truusk.store\/sv\/produkt\/truusk-hantverk-julgran-21-m-tjocka-tata-grenar-latt-att-montera-akta-design-metallstativ-gron-90-x-210-cm\/#breadcrumb"},"inLanguage":"sv-SE","potentialAction":[{"@type":"ReadAction","target":["https:\/\/truusk.store\/sv\/produkt\/truusk-hantverk-julgran-21-m-tjocka-tata-grenar-latt-att-montera-akta-design-metallstativ-gron-90-x-210-cm\/"]}]},{"@type":"ImageObject","inLanguage":"sv-SE","@id":"https:\/\/truusk.store\/sv\/produkt\/truusk-hantverk-julgran-21-m-tjocka-tata-grenar-latt-att-montera-akta-design-metallstativ-gron-90-x-210-cm\/#primaryimage","url":"https:\/\/i0.wp.com\/truusk.store\/wp-content\/uploads\/2024\/02\/konstgjord-julgran-21-m-julgran-julgran-505-tjocka-tata-grenar-latt-att-montera-akta-julgran-med-metallstativ-pet-metall-gron-90-x-210-cm.webp?fit=800%2C800&ssl=1","contentUrl":"https:\/\/i0.wp.com\/truusk.store\/wp-content\/uploads\/2024\/02\/konstgjord-julgran-21-m-julgran-julgran-505-tjocka-tata-grenar-latt-att-montera-akta-julgran-med-metallstativ-pet-metall-gron-90-x-210-cm.webp?fit=800%2C800&ssl=1","width":800,"height":800,"caption":"Konstgjord Julgran 2,1 M Julgran Julgran 505 Tjocka T\u00e4ta Grenar L\u00e4tt Att Montera \u00c4kta Julgran Med Metallstativ PET Metall Gr\u00f6n 90 X 210 Cm 1"},{"@type":"BreadcrumbList","@id":"https:\/\/truusk.store\/sv\/produkt\/truusk-hantverk-julgran-21-m-tjocka-tata-grenar-latt-att-montera-akta-design-metallstativ-gron-90-x-210-cm\/#breadcrumb","itemListElement":[{"@type":"ListItem","position":1,"name":"Home","item":"https:\/\/truusk.store\/sv\/"},{"@type":"ListItem","position":2,"name":"Shop","item":"https:\/\/truusk.store\/shop\/"},{"@type":"ListItem","position":3,"name":"TRUUSK Hantverk Julgran 2,1 M &#8211; Tjocka T\u00e4ta Grenar &#8211; L\u00e4tt Att Montera &#8211; \u00c4kta Design &#8211; Metallstativ &#8211; Gr\u00f6n &#8211; 90 X 210 cm"}]},{"@type":"WebSite","@id":"https:\/\/truusk.store\/sv\/#website","url":"https:\/\/truusk.store\/sv\/","name":"TRUUSK - Hem, Tr\u00e4dg\u00e5rd & Fritid","description":"","publisher":{"@id":"https:\/\/truusk.store\/sv\/#organization"},"potentialAction":[{"@type":"SearchAction","target":{"@type":"EntryPoint","urlTemplate":"https:\/\/truusk.store\/sv\/?s={search_term_string}"},"query-input":{"@type":"PropertyValueSpecification","valueRequired":true,"valueName":"search_term_string"}}],"inLanguage":"sv-SE"},{"@type":"Organization","@id":"https:\/\/truusk.store\/sv\/#organization","name":"TRUUSK - Hem, Tr\u00e4dg\u00e5rd & Fritid","url":"https:\/\/truusk.store\/sv\/","logo":{"@type":"ImageObject","inLanguage":"sv-SE","@id":"https:\/\/truusk.store\/sv\/#\/schema\/logo\/image\/","url":"https:\/\/i0.wp.com\/truusk.store\/wp-content\/uploads\/2026\/03\/cropped-TRUUSK.png?fit=2032%2C917&ssl=1","contentUrl":"https:\/\/i0.wp.com\/truusk.store\/wp-content\/uploads\/2026\/03\/cropped-TRUUSK.png?fit=2032%2C917&ssl=1","width":2032,"height":917,"caption":"TRUUSK - Hem, Tr\u00e4dg\u00e5rd & Fritid"},"image":{"@id":"https:\/\/truusk.store\/sv\/#\/schema\/logo\/image\/"}}]}},"jetpack_sharing_enabled":true,"_links":{"self":[{"href":"https:\/\/truusk.store\/sv\/wp-json\/wp\/v2\/product\/16527","targetHints":{"allow":["GET"]}}],"collection":[{"href":"https:\/\/truusk.store\/sv\/wp-json\/wp\/v2\/product"}],"about":[{"href":"https:\/\/truusk.store\/sv\/wp-json\/wp\/v2\/types\/product"}],"wp:featuredmedia":[{"embeddable":true,"href":"https:\/\/truusk.store\/sv\/wp-json\/wp\/v2\/media\/16528"}],"wp:attachment":[{"href":"https:\/\/truusk.store\/sv\/wp-json\/wp\/v2\/media?parent=16527"}],"wp:term":[{"taxonomy":"product_brand","embeddable":true,"href":"https:\/\/truusk.store\/sv\/wp-json\/wp\/v2\/product_brand?post=16527"},{"taxonomy":"product_cat","embeddable":true,"href":"https:\/\/truusk.store\/sv\/wp-json\/wp\/v2\/product_cat?post=16527"},{"taxonomy":"product_tag","embeddable":true,"href":"https:\/\/truusk.store\/sv\/wp-json\/wp\/v2\/product_tag?post=16527"}],"curies":[{"name":"wp","href":"https:\/\/api.w.org\/{rel}","templated":true}]}}