{"id":16592,"date":"2024-02-13T13:11:48","date_gmt":"2024-02-13T12:11:48","guid":{"rendered":"https:\/\/truusk.store\/product\/kontorsstol-arbetsstol-skrivbordsstol-snurrstol-360-ergonomisk-vippfunktion-hojdjusterbar-gratt-linne-64-x-75-x-111-121-cm\/"},"modified":"2026-03-12T09:00:36","modified_gmt":"2026-03-12T08:00:36","slug":"truusk-kontorsstol-ergonomisk-snurrstol-justerbar-hojd-gratt-linne-64x75x111-121-cm","status":"publish","type":"product","link":"https:\/\/truusk.store\/sv\/produkt\/truusk-kontorsstol-ergonomisk-snurrstol-justerbar-hojd-gratt-linne-64x75x111-121-cm\/","title":{"rendered":"TRUUSK Kontorsstol &#8211; Ergonomisk Snurrstol &#8211; Justerbar H\u00f6jd &#8211; Gr\u00e5tt Linne &#8211; 64x75x111-121 cm"},"content":{"rendered":"<p>Stressiga arbetsdagar, sp\u00e4nda muskler, huvudv\u00e4rk: varje br\u00f6ddjur beh\u00f6ver absolut en bra datorstol. Denna nya kontorsstol kommer nu att r\u00e4dda dig fr\u00e5n sm\u00e4rtan! Det vadderade ergonomiska ryggst\u00f6det och s\u00e4tet f\u00f6rhindrar effektivt sp\u00e4nningar i rygg och nacke, \u00e4ven n\u00e4r du sitter under l\u00e5nga perioder. Det andningsbara linneskyddet s\u00e4kerst\u00e4ller bekv\u00e4mt sittande vid alla temperaturer och det snygga ryggst\u00f6det \u00e4r utrustat med en vippmekanism, men kan givetvis \u00e4ven l\u00e5sas. Den stegl\u00f6st justerbara sitth\u00f6jden, den breda sitsen och lastkapaciteten p\u00e5 upp till 120 kg g\u00f6r att skrivbordsstolen passar alla kroppsstorlekar. Med de smidigt rullande universalhjulen och 360-vridsitsen \u00e4r du alltid mobil p\u00e5 kontoret, vilket g\u00f6r det \u00e4nnu bekv\u00e4mare att arbeta tillsammans.<\/p>\n<h3>Beskrivning:<\/h3>\n<ul>\n<li>H\u00f6gt, ergonomiskt ryggst\u00f6d<\/li>\n<li>H\u00f6gkvalitativt linne\u00f6verdrag f\u00f6r extra komfort<\/li>\n<li>Bekv\u00e4ma armst\u00f6d och smidig gungmekanism f\u00f6r avkoppling d\u00e4remellan<\/li>\n<li>Tjock stoppning i sits och ryggst\u00f6d<\/li>\n<li>H\u00f6jdjusterbar och b\u00e4rande upp till 120 kg: l\u00e4mplig f\u00f6r olika kroppsstorlekar<\/li>\n<li>5 mjukt l\u00f6pande universalhjul och 360 roterande s\u00e4te f\u00f6r mer flexibilitet<\/li>\n<li>Modern design, h\u00f6g kvalitet: perfekt f\u00f6r dagligt kontorsbruk eller hemmabruk<\/li>\n<li>Snabb och enkel montering<\/li>\n<\/ul>\n<h3>Teknisk data:<\/h3>\n<ul>\n<li>Material: skum, linneliknande polyester, plast<\/li>\n<li>F\u00e4rg gr\u00e5<\/li>\n<li>\u00d6vergripande m\u00e5tt: L64 x B75 x H111-121 cm<\/li>\n<li>H\u00f6jd armst\u00f6d: 66-74 cm<\/li>\n<li>Sitsstorlek: B54 x D54 cm<\/li>\n<li>Sitth\u00f6jd: 52-62 cm<\/li>\n<li>Max lastkapacitet: 120 kg<\/li>\n<\/ul>\n<h3>Leveransens omfattning:<\/h3>\n<ul>\n<li>1 x Kontorsstol<\/li>\n<li>1 x Monteringsanvisning<\/li>\n<\/ul>\n","protected":false},"excerpt":{"rendered":"<p>Stressiga arbetsdagar, sp\u00e4nda muskler, huvudv\u00e4rk: varje br\u00f6ddjur beh\u00f6ver absolut en bra datorstol. Denna nya kontorsstol kommer nu att r\u00e4dda dig&#8230;<\/p>\n","protected":false},"featured_media":16593,"template":"","meta":[],"product_brand":[],"product_cat":[485,516,515],"product_tag":[],"class_list":{"0":"post-16592","1":"product","2":"type-product","3":"status-publish","4":"has-post-thumbnail","6":"product_cat-hus-bo","7":"product_cat-kontorsstolar","8":"product_cat-stolar","10":"first","11":"instock","12":"sale","13":"taxable","14":"shipping-taxable","15":"purchasable","16":"product-type-simple"},"yoast_head":"<!-- This site is optimized with the Yoast SEO plugin v25.4 - https:\/\/yoast.com\/wordpress\/plugins\/seo\/ -->\n<title>TRUUSK Kontorsstol - Ergonomisk Snurrstol - Justerbar H\u00f6jd - Gr\u00e5tt Linne - 64x75x111-121 cm - TRUUSK - Hem, Tr\u00e4dg\u00e5rd &amp; Fritid<\/title>\n<meta name=\"robots\" content=\"index, follow, max-snippet:-1, max-image-preview:large, max-video-preview:-1\" \/>\n<link rel=\"canonical\" href=\"https:\/\/truusk.store\/sv\/produkt\/truusk-kontorsstol-ergonomisk-snurrstol-justerbar-hojd-gratt-linne-64x75x111-121-cm\/\" \/>\n<meta property=\"og:locale\" content=\"sv_SE\" \/>\n<meta property=\"og:type\" content=\"article\" \/>\n<meta property=\"og:title\" content=\"TRUUSK Kontorsstol - Ergonomisk Snurrstol - Justerbar H\u00f6jd - Gr\u00e5tt Linne - 64x75x111-121 cm - TRUUSK - Hem, Tr\u00e4dg\u00e5rd &amp; Fritid\" \/>\n<meta property=\"og:description\" content=\"Stressiga arbetsdagar, sp\u00e4nda muskler, huvudv\u00e4rk: varje br\u00f6ddjur beh\u00f6ver absolut en bra datorstol. Denna nya kontorsstol kommer nu att r\u00e4dda dig...\" \/>\n<meta property=\"og:url\" content=\"https:\/\/truusk.store\/sv\/produkt\/truusk-kontorsstol-ergonomisk-snurrstol-justerbar-hojd-gratt-linne-64x75x111-121-cm\/\" \/>\n<meta property=\"og:site_name\" content=\"TRUUSK - Hem, Tr\u00e4dg\u00e5rd &amp; Fritid\" \/>\n<meta property=\"article:modified_time\" content=\"2026-03-12T08:00:36+00:00\" \/>\n<meta property=\"og:image\" content=\"https:\/\/i0.wp.com\/truusk.se\/wp-content\/uploads\/2024\/02\/kontorsstol-arbetsstol-skrivbordsstol-snurrstol-360-ergonomisk-vippfunktion-hojdjusterbar-gratt-linne-64-x-75-x-111-121-cm.webp?fit=800%2C800&ssl=1\" \/>\n\t<meta property=\"og:image:width\" content=\"800\" \/>\n\t<meta property=\"og:image:height\" content=\"800\" \/>\n\t<meta property=\"og:image:type\" content=\"image\/webp\" \/>\n<meta name=\"twitter:card\" content=\"summary_large_image\" \/>\n<meta name=\"twitter:label1\" content=\"Ber\u00e4knad l\u00e4stid\" \/>\n\t<meta name=\"twitter:data1\" content=\"1 minut\" \/>\n<!-- \/ Yoast SEO plugin. -->","yoast_head_json":{"title":"TRUUSK Kontorsstol - Ergonomisk Snurrstol - Justerbar H\u00f6jd - Gr\u00e5tt Linne - 64x75x111-121 cm - TRUUSK - Hem, Tr\u00e4dg\u00e5rd &amp; Fritid","robots":{"index":"index","follow":"follow","max-snippet":"max-snippet:-1","max-image-preview":"max-image-preview:large","max-video-preview":"max-video-preview:-1"},"canonical":"https:\/\/truusk.store\/sv\/produkt\/truusk-kontorsstol-ergonomisk-snurrstol-justerbar-hojd-gratt-linne-64x75x111-121-cm\/","og_locale":"sv_SE","og_type":"article","og_title":"TRUUSK Kontorsstol - Ergonomisk Snurrstol - Justerbar H\u00f6jd - Gr\u00e5tt Linne - 64x75x111-121 cm - TRUUSK - Hem, Tr\u00e4dg\u00e5rd &amp; Fritid","og_description":"Stressiga arbetsdagar, sp\u00e4nda muskler, huvudv\u00e4rk: varje br\u00f6ddjur beh\u00f6ver absolut en bra datorstol. Denna nya kontorsstol kommer nu att r\u00e4dda dig...","og_url":"https:\/\/truusk.store\/sv\/produkt\/truusk-kontorsstol-ergonomisk-snurrstol-justerbar-hojd-gratt-linne-64x75x111-121-cm\/","og_site_name":"TRUUSK - Hem, Tr\u00e4dg\u00e5rd &amp; Fritid","article_modified_time":"2026-03-12T08:00:36+00:00","og_image":[{"width":800,"height":800,"url":"https:\/\/i0.wp.com\/truusk.se\/wp-content\/uploads\/2024\/02\/kontorsstol-arbetsstol-skrivbordsstol-snurrstol-360-ergonomisk-vippfunktion-hojdjusterbar-gratt-linne-64-x-75-x-111-121-cm.webp?fit=800%2C800&ssl=1","type":"image\/webp"}],"twitter_card":"summary_large_image","twitter_misc":{"Ber\u00e4knad l\u00e4stid":"1 minut"},"schema":{"@context":"https:\/\/schema.org","@graph":[{"@type":"WebPage","@id":"https:\/\/truusk.store\/sv\/produkt\/truusk-kontorsstol-ergonomisk-snurrstol-justerbar-hojd-gratt-linne-64x75x111-121-cm\/","url":"https:\/\/truusk.store\/sv\/produkt\/truusk-kontorsstol-ergonomisk-snurrstol-justerbar-hojd-gratt-linne-64x75x111-121-cm\/","name":"TRUUSK Kontorsstol - Ergonomisk Snurrstol - Justerbar H\u00f6jd - Gr\u00e5tt Linne - 64x75x111-121 cm - TRUUSK - Hem, Tr\u00e4dg\u00e5rd &amp; Fritid","isPartOf":{"@id":"https:\/\/truusk.store\/sv\/#website"},"primaryImageOfPage":{"@id":"https:\/\/truusk.store\/sv\/produkt\/truusk-kontorsstol-ergonomisk-snurrstol-justerbar-hojd-gratt-linne-64x75x111-121-cm\/#primaryimage"},"image":{"@id":"https:\/\/truusk.store\/sv\/produkt\/truusk-kontorsstol-ergonomisk-snurrstol-justerbar-hojd-gratt-linne-64x75x111-121-cm\/#primaryimage"},"thumbnailUrl":"https:\/\/i0.wp.com\/truusk.store\/wp-content\/uploads\/2024\/02\/kontorsstol-arbetsstol-skrivbordsstol-snurrstol-360-ergonomisk-vippfunktion-hojdjusterbar-gratt-linne-64-x-75-x-111-121-cm.webp?fit=800%2C800&ssl=1","datePublished":"2024-02-13T12:11:48+00:00","dateModified":"2026-03-12T08:00:36+00:00","breadcrumb":{"@id":"https:\/\/truusk.store\/sv\/produkt\/truusk-kontorsstol-ergonomisk-snurrstol-justerbar-hojd-gratt-linne-64x75x111-121-cm\/#breadcrumb"},"inLanguage":"sv-SE","potentialAction":[{"@type":"ReadAction","target":["https:\/\/truusk.store\/sv\/produkt\/truusk-kontorsstol-ergonomisk-snurrstol-justerbar-hojd-gratt-linne-64x75x111-121-cm\/"]}]},{"@type":"ImageObject","inLanguage":"sv-SE","@id":"https:\/\/truusk.store\/sv\/produkt\/truusk-kontorsstol-ergonomisk-snurrstol-justerbar-hojd-gratt-linne-64x75x111-121-cm\/#primaryimage","url":"https:\/\/i0.wp.com\/truusk.store\/wp-content\/uploads\/2024\/02\/kontorsstol-arbetsstol-skrivbordsstol-snurrstol-360-ergonomisk-vippfunktion-hojdjusterbar-gratt-linne-64-x-75-x-111-121-cm.webp?fit=800%2C800&ssl=1","contentUrl":"https:\/\/i0.wp.com\/truusk.store\/wp-content\/uploads\/2024\/02\/kontorsstol-arbetsstol-skrivbordsstol-snurrstol-360-ergonomisk-vippfunktion-hojdjusterbar-gratt-linne-64-x-75-x-111-121-cm.webp?fit=800%2C800&ssl=1","width":800,"height":800,"caption":"Kontorsstol, Arbetsstol, Skrivbordsstol, Snurrstol, 360 Ergonomisk Vippfunktion, H\u00f6jdjusterbar, Gr\u00e5tt Linne, 64 X 75 X 111-121 Cm 1"},{"@type":"BreadcrumbList","@id":"https:\/\/truusk.store\/sv\/produkt\/truusk-kontorsstol-ergonomisk-snurrstol-justerbar-hojd-gratt-linne-64x75x111-121-cm\/#breadcrumb","itemListElement":[{"@type":"ListItem","position":1,"name":"Home","item":"https:\/\/truusk.store\/sv\/"},{"@type":"ListItem","position":2,"name":"Shop","item":"https:\/\/truusk.store\/shop\/"},{"@type":"ListItem","position":3,"name":"TRUUSK Kontorsstol &#8211; Ergonomisk Snurrstol &#8211; Justerbar H\u00f6jd &#8211; Gr\u00e5tt Linne &#8211; 64x75x111-121 cm"}]},{"@type":"WebSite","@id":"https:\/\/truusk.store\/sv\/#website","url":"https:\/\/truusk.store\/sv\/","name":"TRUUSK - Hem, Tr\u00e4dg\u00e5rd & Fritid","description":"","publisher":{"@id":"https:\/\/truusk.store\/sv\/#organization"},"potentialAction":[{"@type":"SearchAction","target":{"@type":"EntryPoint","urlTemplate":"https:\/\/truusk.store\/sv\/?s={search_term_string}"},"query-input":{"@type":"PropertyValueSpecification","valueRequired":true,"valueName":"search_term_string"}}],"inLanguage":"sv-SE"},{"@type":"Organization","@id":"https:\/\/truusk.store\/sv\/#organization","name":"TRUUSK - Hem, Tr\u00e4dg\u00e5rd & Fritid","url":"https:\/\/truusk.store\/sv\/","logo":{"@type":"ImageObject","inLanguage":"sv-SE","@id":"https:\/\/truusk.store\/sv\/#\/schema\/logo\/image\/","url":"https:\/\/i0.wp.com\/truusk.store\/wp-content\/uploads\/2026\/03\/cropped-TRUUSK.png?fit=2032%2C917&ssl=1","contentUrl":"https:\/\/i0.wp.com\/truusk.store\/wp-content\/uploads\/2026\/03\/cropped-TRUUSK.png?fit=2032%2C917&ssl=1","width":2032,"height":917,"caption":"TRUUSK - Hem, Tr\u00e4dg\u00e5rd & Fritid"},"image":{"@id":"https:\/\/truusk.store\/sv\/#\/schema\/logo\/image\/"}}]}},"jetpack_sharing_enabled":true,"_links":{"self":[{"href":"https:\/\/truusk.store\/sv\/wp-json\/wp\/v2\/product\/16592","targetHints":{"allow":["GET"]}}],"collection":[{"href":"https:\/\/truusk.store\/sv\/wp-json\/wp\/v2\/product"}],"about":[{"href":"https:\/\/truusk.store\/sv\/wp-json\/wp\/v2\/types\/product"}],"wp:featuredmedia":[{"embeddable":true,"href":"https:\/\/truusk.store\/sv\/wp-json\/wp\/v2\/media\/16593"}],"wp:attachment":[{"href":"https:\/\/truusk.store\/sv\/wp-json\/wp\/v2\/media?parent=16592"}],"wp:term":[{"taxonomy":"product_brand","embeddable":true,"href":"https:\/\/truusk.store\/sv\/wp-json\/wp\/v2\/product_brand?post=16592"},{"taxonomy":"product_cat","embeddable":true,"href":"https:\/\/truusk.store\/sv\/wp-json\/wp\/v2\/product_cat?post=16592"},{"taxonomy":"product_tag","embeddable":true,"href":"https:\/\/truusk.store\/sv\/wp-json\/wp\/v2\/product_tag?post=16592"}],"curies":[{"name":"wp","href":"https:\/\/api.w.org\/{rel}","templated":true}]}}