{"id":16602,"date":"2024-02-13T13:12:04","date_gmt":"2024-02-13T12:12:04","guid":{"rendered":"https:\/\/truusk.store\/product\/fagelhus-tra-fagelvilla-matare-fagelstall-fagelbord-fagelhus-lekstall-med-vattentatt-tak-for-utomhusbruk-naturlig-52-x-130h-cm\/"},"modified":"2026-03-12T09:00:37","modified_gmt":"2026-03-12T08:00:37","slug":"truusk-fagelhus-i-tra-med-vattentatt-tak-fagelvilla-for-utomhusbruk-naturlig-design-52-x-130h-cm","status":"publish","type":"product","link":"https:\/\/truusk.store\/sv\/produkt\/truusk-fagelhus-i-tra-med-vattentatt-tak-fagelvilla-for-utomhusbruk-naturlig-design-52-x-130h-cm\/","title":{"rendered":"TRUUSK F\u00e5gelhus i Tr\u00e4 med Vattent\u00e4tt Tak &#8211; F\u00e5gelvilla f\u00f6r Utomhusbruk &#8211; Naturlig Design &#8211; 52 x 130H cm"},"content":{"rendered":"<p>Njut av den trevliga melodin av f\u00e5gels\u00e5ng i din bakg\u00e5rd. Hj\u00e4lp till att mata vilda djur samtidigt som du lockar m\u00e5nga och varierande mindre f\u00e5glar f\u00f6r din njutning. Denna matare gjord av h\u00f6gkvalitativt grantr\u00e4 \u00e4r vacker att se p\u00e5. \u00d6ppningen g\u00f6r p\u00e5fyllningen s\u00e5 mycket enklare att du inte l\u00e4ngre beh\u00f6ver oroa dig f\u00f6r att fylla p\u00e5 s\u00e5 ofta. Tr\u00e4konstruktionen med en v\u00e4derbest\u00e4ndig finish betyder att denna f\u00e5gelholk garanterar m\u00e5nga \u00e5rs anv\u00e4ndning med mycket lite underh\u00e5ll.<\/p>\n<h3>Beskrivning:<\/h3>\n<ul>\n<li>Detta f\u00e5gelhus med sin unika utsikt \u00e4r det perfekta tillskottet till din tr\u00e4dg\u00e5rd<\/li>\n<li>En fantastisk plattform f\u00f6r f\u00e5glar att dricka, \u00e4ta, vila och leka<\/li>\n<li>Ramen i massiv gran g\u00f6r denna f\u00e5gelholk stabil och h\u00e5llbar<\/li>\n<li>Giftfri vattenbaserad f\u00e4rgbel\u00e4ggning och ett sluttande tak f\u00f6r att skydda mot v\u00e4der och vind<\/li>\n<li>Tillr\u00e4ckligt utrymme f\u00f6r fr\u00f6n, soett eller frukt<\/li>\n<li>Upph\u00f6jd bas g\u00f6r att basen hamnar fr\u00e5n marken f\u00f6r att f\u00f6rhindra att denna matare ruttnar<\/li>\n<li>L\u00e4tt att montera med f\u00e4rdigskurna paneler, alla beslag och instruktioner<\/li>\n<\/ul>\n<h3>Teknisk data:<\/h3>\n<ul>\n<li>F\u00e4rg: Naturlig<\/li>\n<li>Material: gran<\/li>\n<li>Totalm\u00e5tt: 52 x 130H cm<\/li>\n<li>\u00d6verhusets storlek: 52L x 43W x 37,5H cm<\/li>\n<li>Storlek p\u00e5 st\u00e5plattformen: 46,5L x 41W cm<\/li>\n<li>H\u00f6jd p\u00e5 stativet: 90cm<\/li>\n<li>Basstorlek: 39,5L x 39,5W cm<\/li>\n<\/ul>\n<h3>Leveransens omfattning:<\/h3>\n<ul>\n<li>1 x F\u00e5gelhus<\/li>\n<li>1 x Instruktioner<\/li>\n<\/ul>\n","protected":false},"excerpt":{"rendered":"<p>Njut av den trevliga melodin av f\u00e5gels\u00e5ng i din bakg\u00e5rd. Hj\u00e4lp till att mata vilda djur samtidigt som du lockar&#8230;<\/p>\n","protected":false},"featured_media":16603,"template":"","meta":[],"product_brand":[],"product_cat":[603,601,573],"product_tag":[],"class_list":{"0":"post-16602","1":"product","2":"type-product","3":"status-publish","4":"has-post-thumbnail","6":"product_cat-fagelholkar","7":"product_cat-fageltillbehor","8":"product_cat-husdjursmaterial","10":"first","11":"instock","12":"sale","13":"taxable","14":"shipping-taxable","15":"purchasable","16":"product-type-simple"},"yoast_head":"<!-- This site is optimized with the Yoast SEO plugin v25.4 - https:\/\/yoast.com\/wordpress\/plugins\/seo\/ -->\n<title>TRUUSK F\u00e5gelhus i Tr\u00e4 med Vattent\u00e4tt Tak - F\u00e5gelvilla f\u00f6r Utomhusbruk - Naturlig Design - 52 x 130H cm - TRUUSK - Hem, Tr\u00e4dg\u00e5rd &amp; Fritid<\/title>\n<meta name=\"robots\" content=\"index, follow, max-snippet:-1, max-image-preview:large, max-video-preview:-1\" \/>\n<link rel=\"canonical\" href=\"https:\/\/truusk.store\/sv\/produkt\/truusk-fagelhus-i-tra-med-vattentatt-tak-fagelvilla-for-utomhusbruk-naturlig-design-52-x-130h-cm\/\" \/>\n<meta property=\"og:locale\" content=\"sv_SE\" \/>\n<meta property=\"og:type\" content=\"article\" \/>\n<meta property=\"og:title\" content=\"TRUUSK F\u00e5gelhus i Tr\u00e4 med Vattent\u00e4tt Tak - F\u00e5gelvilla f\u00f6r Utomhusbruk - Naturlig Design - 52 x 130H cm - TRUUSK - Hem, Tr\u00e4dg\u00e5rd &amp; Fritid\" \/>\n<meta property=\"og:description\" content=\"Njut av den trevliga melodin av f\u00e5gels\u00e5ng i din bakg\u00e5rd. Hj\u00e4lp till att mata vilda djur samtidigt som du lockar...\" \/>\n<meta property=\"og:url\" content=\"https:\/\/truusk.store\/sv\/produkt\/truusk-fagelhus-i-tra-med-vattentatt-tak-fagelvilla-for-utomhusbruk-naturlig-design-52-x-130h-cm\/\" \/>\n<meta property=\"og:site_name\" content=\"TRUUSK - Hem, Tr\u00e4dg\u00e5rd &amp; Fritid\" \/>\n<meta property=\"article:modified_time\" content=\"2026-03-12T08:00:37+00:00\" \/>\n<meta property=\"og:image\" content=\"https:\/\/i0.wp.com\/truusk.se\/wp-content\/uploads\/2024\/02\/fagelhus-tra-fagelvilla-matare-fagelstall-fagelbord-fagelhus-lekstall-med-vattentatt-tak-for-utomhusbruk-naturlig-52-x-130h-cm.webp?fit=800%2C800&ssl=1\" \/>\n\t<meta property=\"og:image:width\" content=\"800\" \/>\n\t<meta property=\"og:image:height\" content=\"800\" \/>\n\t<meta property=\"og:image:type\" content=\"image\/webp\" \/>\n<meta name=\"twitter:card\" content=\"summary_large_image\" \/>\n<meta name=\"twitter:label1\" content=\"Ber\u00e4knad l\u00e4stid\" \/>\n\t<meta name=\"twitter:data1\" content=\"1 minut\" \/>\n<!-- \/ Yoast SEO plugin. -->","yoast_head_json":{"title":"TRUUSK F\u00e5gelhus i Tr\u00e4 med Vattent\u00e4tt Tak - F\u00e5gelvilla f\u00f6r Utomhusbruk - Naturlig Design - 52 x 130H cm - TRUUSK - Hem, Tr\u00e4dg\u00e5rd &amp; Fritid","robots":{"index":"index","follow":"follow","max-snippet":"max-snippet:-1","max-image-preview":"max-image-preview:large","max-video-preview":"max-video-preview:-1"},"canonical":"https:\/\/truusk.store\/sv\/produkt\/truusk-fagelhus-i-tra-med-vattentatt-tak-fagelvilla-for-utomhusbruk-naturlig-design-52-x-130h-cm\/","og_locale":"sv_SE","og_type":"article","og_title":"TRUUSK F\u00e5gelhus i Tr\u00e4 med Vattent\u00e4tt Tak - F\u00e5gelvilla f\u00f6r Utomhusbruk - Naturlig Design - 52 x 130H cm - TRUUSK - Hem, Tr\u00e4dg\u00e5rd &amp; Fritid","og_description":"Njut av den trevliga melodin av f\u00e5gels\u00e5ng i din bakg\u00e5rd. Hj\u00e4lp till att mata vilda djur samtidigt som du lockar...","og_url":"https:\/\/truusk.store\/sv\/produkt\/truusk-fagelhus-i-tra-med-vattentatt-tak-fagelvilla-for-utomhusbruk-naturlig-design-52-x-130h-cm\/","og_site_name":"TRUUSK - Hem, Tr\u00e4dg\u00e5rd &amp; Fritid","article_modified_time":"2026-03-12T08:00:37+00:00","og_image":[{"width":800,"height":800,"url":"https:\/\/i0.wp.com\/truusk.se\/wp-content\/uploads\/2024\/02\/fagelhus-tra-fagelvilla-matare-fagelstall-fagelbord-fagelhus-lekstall-med-vattentatt-tak-for-utomhusbruk-naturlig-52-x-130h-cm.webp?fit=800%2C800&ssl=1","type":"image\/webp"}],"twitter_card":"summary_large_image","twitter_misc":{"Ber\u00e4knad l\u00e4stid":"1 minut"},"schema":{"@context":"https:\/\/schema.org","@graph":[{"@type":"WebPage","@id":"https:\/\/truusk.store\/sv\/produkt\/truusk-fagelhus-i-tra-med-vattentatt-tak-fagelvilla-for-utomhusbruk-naturlig-design-52-x-130h-cm\/","url":"https:\/\/truusk.store\/sv\/produkt\/truusk-fagelhus-i-tra-med-vattentatt-tak-fagelvilla-for-utomhusbruk-naturlig-design-52-x-130h-cm\/","name":"TRUUSK F\u00e5gelhus i Tr\u00e4 med Vattent\u00e4tt Tak - F\u00e5gelvilla f\u00f6r Utomhusbruk - Naturlig Design - 52 x 130H cm - TRUUSK - Hem, Tr\u00e4dg\u00e5rd &amp; Fritid","isPartOf":{"@id":"https:\/\/truusk.store\/sv\/#website"},"primaryImageOfPage":{"@id":"https:\/\/truusk.store\/sv\/produkt\/truusk-fagelhus-i-tra-med-vattentatt-tak-fagelvilla-for-utomhusbruk-naturlig-design-52-x-130h-cm\/#primaryimage"},"image":{"@id":"https:\/\/truusk.store\/sv\/produkt\/truusk-fagelhus-i-tra-med-vattentatt-tak-fagelvilla-for-utomhusbruk-naturlig-design-52-x-130h-cm\/#primaryimage"},"thumbnailUrl":"https:\/\/i0.wp.com\/truusk.store\/wp-content\/uploads\/2024\/02\/fagelhus-tra-fagelvilla-matare-fagelstall-fagelbord-fagelhus-lekstall-med-vattentatt-tak-for-utomhusbruk-naturlig-52-x-130h-cm.webp?fit=800%2C800&ssl=1","datePublished":"2024-02-13T12:12:04+00:00","dateModified":"2026-03-12T08:00:37+00:00","breadcrumb":{"@id":"https:\/\/truusk.store\/sv\/produkt\/truusk-fagelhus-i-tra-med-vattentatt-tak-fagelvilla-for-utomhusbruk-naturlig-design-52-x-130h-cm\/#breadcrumb"},"inLanguage":"sv-SE","potentialAction":[{"@type":"ReadAction","target":["https:\/\/truusk.store\/sv\/produkt\/truusk-fagelhus-i-tra-med-vattentatt-tak-fagelvilla-for-utomhusbruk-naturlig-design-52-x-130h-cm\/"]}]},{"@type":"ImageObject","inLanguage":"sv-SE","@id":"https:\/\/truusk.store\/sv\/produkt\/truusk-fagelhus-i-tra-med-vattentatt-tak-fagelvilla-for-utomhusbruk-naturlig-design-52-x-130h-cm\/#primaryimage","url":"https:\/\/i0.wp.com\/truusk.store\/wp-content\/uploads\/2024\/02\/fagelhus-tra-fagelvilla-matare-fagelstall-fagelbord-fagelhus-lekstall-med-vattentatt-tak-for-utomhusbruk-naturlig-52-x-130h-cm.webp?fit=800%2C800&ssl=1","contentUrl":"https:\/\/i0.wp.com\/truusk.store\/wp-content\/uploads\/2024\/02\/fagelhus-tra-fagelvilla-matare-fagelstall-fagelbord-fagelhus-lekstall-med-vattentatt-tak-for-utomhusbruk-naturlig-52-x-130h-cm.webp?fit=800%2C800&ssl=1","width":800,"height":800,"caption":"F\u00e5gelhus Tr\u00e4 F\u00e5gelvilla Matare F\u00e5gelst\u00e4ll F\u00e5gelbord F\u00e5gelhus Lekst\u00e4ll Med Vattent\u00e4tt Tak F\u00f6r Utomhusbruk Naturlig 52 X 130H Cm 1"},{"@type":"BreadcrumbList","@id":"https:\/\/truusk.store\/sv\/produkt\/truusk-fagelhus-i-tra-med-vattentatt-tak-fagelvilla-for-utomhusbruk-naturlig-design-52-x-130h-cm\/#breadcrumb","itemListElement":[{"@type":"ListItem","position":1,"name":"Home","item":"https:\/\/truusk.store\/sv\/"},{"@type":"ListItem","position":2,"name":"Shop","item":"https:\/\/truusk.store\/shop\/"},{"@type":"ListItem","position":3,"name":"TRUUSK F\u00e5gelhus i Tr\u00e4 med Vattent\u00e4tt Tak &#8211; F\u00e5gelvilla f\u00f6r Utomhusbruk &#8211; Naturlig Design &#8211; 52 x 130H cm"}]},{"@type":"WebSite","@id":"https:\/\/truusk.store\/sv\/#website","url":"https:\/\/truusk.store\/sv\/","name":"TRUUSK - Hem, Tr\u00e4dg\u00e5rd & Fritid","description":"","publisher":{"@id":"https:\/\/truusk.store\/sv\/#organization"},"potentialAction":[{"@type":"SearchAction","target":{"@type":"EntryPoint","urlTemplate":"https:\/\/truusk.store\/sv\/?s={search_term_string}"},"query-input":{"@type":"PropertyValueSpecification","valueRequired":true,"valueName":"search_term_string"}}],"inLanguage":"sv-SE"},{"@type":"Organization","@id":"https:\/\/truusk.store\/sv\/#organization","name":"TRUUSK - Hem, Tr\u00e4dg\u00e5rd & Fritid","url":"https:\/\/truusk.store\/sv\/","logo":{"@type":"ImageObject","inLanguage":"sv-SE","@id":"https:\/\/truusk.store\/sv\/#\/schema\/logo\/image\/","url":"https:\/\/i0.wp.com\/truusk.store\/wp-content\/uploads\/2026\/03\/cropped-TRUUSK.png?fit=2032%2C917&ssl=1","contentUrl":"https:\/\/i0.wp.com\/truusk.store\/wp-content\/uploads\/2026\/03\/cropped-TRUUSK.png?fit=2032%2C917&ssl=1","width":2032,"height":917,"caption":"TRUUSK - Hem, Tr\u00e4dg\u00e5rd & Fritid"},"image":{"@id":"https:\/\/truusk.store\/sv\/#\/schema\/logo\/image\/"}}]}},"jetpack_sharing_enabled":true,"_links":{"self":[{"href":"https:\/\/truusk.store\/sv\/wp-json\/wp\/v2\/product\/16602","targetHints":{"allow":["GET"]}}],"collection":[{"href":"https:\/\/truusk.store\/sv\/wp-json\/wp\/v2\/product"}],"about":[{"href":"https:\/\/truusk.store\/sv\/wp-json\/wp\/v2\/types\/product"}],"wp:featuredmedia":[{"embeddable":true,"href":"https:\/\/truusk.store\/sv\/wp-json\/wp\/v2\/media\/16603"}],"wp:attachment":[{"href":"https:\/\/truusk.store\/sv\/wp-json\/wp\/v2\/media?parent=16602"}],"wp:term":[{"taxonomy":"product_brand","embeddable":true,"href":"https:\/\/truusk.store\/sv\/wp-json\/wp\/v2\/product_brand?post=16602"},{"taxonomy":"product_cat","embeddable":true,"href":"https:\/\/truusk.store\/sv\/wp-json\/wp\/v2\/product_cat?post=16602"},{"taxonomy":"product_tag","embeddable":true,"href":"https:\/\/truusk.store\/sv\/wp-json\/wp\/v2\/product_tag?post=16602"}],"curies":[{"name":"wp","href":"https:\/\/api.w.org\/{rel}","templated":true}]}}