{"id":16647,"date":"2024-02-13T13:13:22","date_gmt":"2024-02-13T12:13:22","guid":{"rendered":"https:\/\/truusk.store\/product\/grasmattflakthandtag-langd-justerbar-handfrasare-grasmatta-luftning-spikad-rulle-grasmatta-rullande-grasmatta-flakt-underhall-tradgard-galvaniserat-ror-gron-silver-139-x-435-x-15-cm\/"},"modified":"2026-03-12T09:00:37","modified_gmt":"2026-03-12T08:00:37","slug":"truusk-justerbar-grasmattflakt-luftning-och-underhall-av-grasmatta-galvaniserat-ror-langd-139-cm-gron-silver","status":"publish","type":"product","link":"https:\/\/truusk.store\/sv\/produkt\/truusk-justerbar-grasmattflakt-luftning-och-underhall-av-grasmatta-galvaniserat-ror-langd-139-cm-gron-silver\/","title":{"rendered":"TRUUSK Justerbar Gr\u00e4smattfl\u00e4kt &#8211; Luftning och Underh\u00e5ll av Gr\u00e4smatta &#8211; Galvaniserat R\u00f6r &#8211; L\u00e4ngd 139 cm &#8211; Gr\u00f6n + Silver"},"content":{"rendered":"<p>Denna gr\u00e4smatta fl\u00e4kt f\u00f6r din gr\u00e4smatta \u00e4r ett perfekt tillbeh\u00f6r f\u00f6r att hj\u00e4lpa gr\u00e4smattan att ta emot n\u00e4ring. Med regelbunden luftning blir din gr\u00e4smatta friskare och vattenavloppet f\u00f6rb\u00e4ttras. Handtaget kan justeras i 3 l\u00e4gen, och rullen har \u00e4ven roterande spikar f\u00f6r att gr\u00e4va ner i marken. Tillverkad av galvaniserade metallr\u00f6r och plast, \u00e4r det ett utm\u00e4rkt verktyg f\u00f6r att f\u00e5 ut det mesta av din gr\u00e4smatta.<\/p>\n<h3>Beskrivning:<\/h3>\n<ul>\n<li>Tillverkad av galvaniserat metallr\u00f6r och PP-plast<\/li>\n<li>Effektiv och enkel luftning av gr\u00e4smattan<\/li>\n<li>Efter luftning tillf\u00f6rs gr\u00e4smattor vatten, n\u00e4ring och syre<\/li>\n<li>Handtagets l\u00e4ngd \u00e4r justerbar i 3 niv\u00e5er<\/li>\n<li>Varje metallplatta p\u00e5 rullen har 4-5 spett<\/li>\n<li>L\u00e4tt att anv\u00e4nda<\/li>\n<li>L\u00e4tt och b\u00e4rbar<\/li>\n<\/ul>\n<h3>Teknisk data:<\/h3>\n<ul>\n<li>Material: Galvaniserat r\u00f6r, PP-plast<\/li>\n<li>F\u00e4rg: Gr\u00f6n+Silver<\/li>\n<li>\u00d6vergripande m\u00e5tt: 139L x 43,5W x 15H cm<\/li>\n<li>Justerbar handtagsstorlek: 2,5 x 43L cm2,5 x 35L cm2,5 x 43L cm<\/li>\n<li>Rullstorlek: 14,5 x 42,5B cm<\/li>\n<li>Anslutning f\u00f6r rulle och handtag: 45L x 2,5W cm<\/li>\n<\/ul>\n<h3>Leveransens omfattning:<\/h3>\n<ul>\n<li>gr\u00e4smatta fl\u00e4kt;<\/li>\n<\/ul>\n","protected":false},"excerpt":{"rendered":"<p>Denna gr\u00e4smatta fl\u00e4kt f\u00f6r din gr\u00e4smatta \u00e4r ett perfekt tillbeh\u00f6r f\u00f6r att hj\u00e4lpa gr\u00e4smattan att ta emot n\u00e4ring. Med regelbunden&#8230;<\/p>\n","protected":false},"featured_media":16648,"template":"","meta":[],"product_brand":[],"product_cat":[671,704],"product_tag":[],"class_list":{"0":"post-16647","1":"product","2":"type-product","3":"status-publish","4":"has-post-thumbnail","6":"product_cat-jarnaffar","7":"product_cat-tradgardsskotsel","9":"first","10":"instock","11":"sale","12":"taxable","13":"shipping-taxable","14":"purchasable","15":"product-type-simple"},"yoast_head":"<!-- This site is optimized with the Yoast SEO plugin v25.4 - https:\/\/yoast.com\/wordpress\/plugins\/seo\/ -->\n<title>TRUUSK Justerbar Gr\u00e4smattfl\u00e4kt - Luftning och Underh\u00e5ll av Gr\u00e4smatta - Galvaniserat R\u00f6r - L\u00e4ngd 139 cm - Gr\u00f6n + Silver - TRUUSK - Hem, Tr\u00e4dg\u00e5rd &amp; Fritid<\/title>\n<meta name=\"robots\" content=\"index, follow, max-snippet:-1, max-image-preview:large, max-video-preview:-1\" \/>\n<link rel=\"canonical\" href=\"https:\/\/truusk.store\/sv\/produkt\/truusk-justerbar-grasmattflakt-luftning-och-underhall-av-grasmatta-galvaniserat-ror-langd-139-cm-gron-silver\/\" \/>\n<meta property=\"og:locale\" content=\"sv_SE\" \/>\n<meta property=\"og:type\" content=\"article\" \/>\n<meta property=\"og:title\" content=\"TRUUSK Justerbar Gr\u00e4smattfl\u00e4kt - Luftning och Underh\u00e5ll av Gr\u00e4smatta - Galvaniserat R\u00f6r - L\u00e4ngd 139 cm - Gr\u00f6n + Silver - TRUUSK - Hem, Tr\u00e4dg\u00e5rd &amp; Fritid\" \/>\n<meta property=\"og:description\" content=\"Denna gr\u00e4smatta fl\u00e4kt f\u00f6r din gr\u00e4smatta \u00e4r ett perfekt tillbeh\u00f6r f\u00f6r att hj\u00e4lpa gr\u00e4smattan att ta emot n\u00e4ring. Med regelbunden...\" \/>\n<meta property=\"og:url\" content=\"https:\/\/truusk.store\/sv\/produkt\/truusk-justerbar-grasmattflakt-luftning-och-underhall-av-grasmatta-galvaniserat-ror-langd-139-cm-gron-silver\/\" \/>\n<meta property=\"og:site_name\" content=\"TRUUSK - Hem, Tr\u00e4dg\u00e5rd &amp; Fritid\" \/>\n<meta property=\"article:modified_time\" content=\"2026-03-12T08:00:37+00:00\" \/>\n<meta property=\"og:image\" content=\"https:\/\/i0.wp.com\/truusk.se\/wp-content\/uploads\/2024\/02\/grasmattflakthandtag-langd-justerbar-handfrasare-grasmatta-luftning-spikad-rulle-grasmatta-rullande-grasmatta-flakt-underhall-tradgard-galvaniserat-ror-gron-silver-139-x-435-x-15-cm.webp?fit=800%2C800&ssl=1\" \/>\n\t<meta property=\"og:image:width\" content=\"800\" \/>\n\t<meta property=\"og:image:height\" content=\"800\" \/>\n\t<meta property=\"og:image:type\" content=\"image\/webp\" \/>\n<meta name=\"twitter:card\" content=\"summary_large_image\" \/>\n<meta name=\"twitter:label1\" content=\"Ber\u00e4knad l\u00e4stid\" \/>\n\t<meta name=\"twitter:data1\" content=\"1 minut\" \/>\n<!-- \/ Yoast SEO plugin. -->","yoast_head_json":{"title":"TRUUSK Justerbar Gr\u00e4smattfl\u00e4kt - Luftning och Underh\u00e5ll av Gr\u00e4smatta - Galvaniserat R\u00f6r - L\u00e4ngd 139 cm - Gr\u00f6n + Silver - TRUUSK - Hem, Tr\u00e4dg\u00e5rd &amp; Fritid","robots":{"index":"index","follow":"follow","max-snippet":"max-snippet:-1","max-image-preview":"max-image-preview:large","max-video-preview":"max-video-preview:-1"},"canonical":"https:\/\/truusk.store\/sv\/produkt\/truusk-justerbar-grasmattflakt-luftning-och-underhall-av-grasmatta-galvaniserat-ror-langd-139-cm-gron-silver\/","og_locale":"sv_SE","og_type":"article","og_title":"TRUUSK Justerbar Gr\u00e4smattfl\u00e4kt - Luftning och Underh\u00e5ll av Gr\u00e4smatta - Galvaniserat R\u00f6r - L\u00e4ngd 139 cm - Gr\u00f6n + Silver - TRUUSK - Hem, Tr\u00e4dg\u00e5rd &amp; Fritid","og_description":"Denna gr\u00e4smatta fl\u00e4kt f\u00f6r din gr\u00e4smatta \u00e4r ett perfekt tillbeh\u00f6r f\u00f6r att hj\u00e4lpa gr\u00e4smattan att ta emot n\u00e4ring. Med regelbunden...","og_url":"https:\/\/truusk.store\/sv\/produkt\/truusk-justerbar-grasmattflakt-luftning-och-underhall-av-grasmatta-galvaniserat-ror-langd-139-cm-gron-silver\/","og_site_name":"TRUUSK - Hem, Tr\u00e4dg\u00e5rd &amp; Fritid","article_modified_time":"2026-03-12T08:00:37+00:00","og_image":[{"width":800,"height":800,"url":"https:\/\/i0.wp.com\/truusk.se\/wp-content\/uploads\/2024\/02\/grasmattflakthandtag-langd-justerbar-handfrasare-grasmatta-luftning-spikad-rulle-grasmatta-rullande-grasmatta-flakt-underhall-tradgard-galvaniserat-ror-gron-silver-139-x-435-x-15-cm.webp?fit=800%2C800&ssl=1","type":"image\/webp"}],"twitter_card":"summary_large_image","twitter_misc":{"Ber\u00e4knad l\u00e4stid":"1 minut"},"schema":{"@context":"https:\/\/schema.org","@graph":[{"@type":"WebPage","@id":"https:\/\/truusk.store\/sv\/produkt\/truusk-justerbar-grasmattflakt-luftning-och-underhall-av-grasmatta-galvaniserat-ror-langd-139-cm-gron-silver\/","url":"https:\/\/truusk.store\/sv\/produkt\/truusk-justerbar-grasmattflakt-luftning-och-underhall-av-grasmatta-galvaniserat-ror-langd-139-cm-gron-silver\/","name":"TRUUSK Justerbar Gr\u00e4smattfl\u00e4kt - Luftning och Underh\u00e5ll av Gr\u00e4smatta - Galvaniserat R\u00f6r - L\u00e4ngd 139 cm - Gr\u00f6n + Silver - TRUUSK - Hem, Tr\u00e4dg\u00e5rd &amp; Fritid","isPartOf":{"@id":"https:\/\/truusk.store\/sv\/#website"},"primaryImageOfPage":{"@id":"https:\/\/truusk.store\/sv\/produkt\/truusk-justerbar-grasmattflakt-luftning-och-underhall-av-grasmatta-galvaniserat-ror-langd-139-cm-gron-silver\/#primaryimage"},"image":{"@id":"https:\/\/truusk.store\/sv\/produkt\/truusk-justerbar-grasmattflakt-luftning-och-underhall-av-grasmatta-galvaniserat-ror-langd-139-cm-gron-silver\/#primaryimage"},"thumbnailUrl":"https:\/\/i0.wp.com\/truusk.store\/wp-content\/uploads\/2024\/02\/grasmattflakthandtag-langd-justerbar-handfrasare-grasmatta-luftning-spikad-rulle-grasmatta-rullande-grasmatta-flakt-underhall-tradgard-galvaniserat-ror-gron-silver-139-x-435-x-15-cm.webp?fit=800%2C800&ssl=1","datePublished":"2024-02-13T12:13:22+00:00","dateModified":"2026-03-12T08:00:37+00:00","breadcrumb":{"@id":"https:\/\/truusk.store\/sv\/produkt\/truusk-justerbar-grasmattflakt-luftning-och-underhall-av-grasmatta-galvaniserat-ror-langd-139-cm-gron-silver\/#breadcrumb"},"inLanguage":"sv-SE","potentialAction":[{"@type":"ReadAction","target":["https:\/\/truusk.store\/sv\/produkt\/truusk-justerbar-grasmattflakt-luftning-och-underhall-av-grasmatta-galvaniserat-ror-langd-139-cm-gron-silver\/"]}]},{"@type":"ImageObject","inLanguage":"sv-SE","@id":"https:\/\/truusk.store\/sv\/produkt\/truusk-justerbar-grasmattflakt-luftning-och-underhall-av-grasmatta-galvaniserat-ror-langd-139-cm-gron-silver\/#primaryimage","url":"https:\/\/i0.wp.com\/truusk.store\/wp-content\/uploads\/2024\/02\/grasmattflakthandtag-langd-justerbar-handfrasare-grasmatta-luftning-spikad-rulle-grasmatta-rullande-grasmatta-flakt-underhall-tradgard-galvaniserat-ror-gron-silver-139-x-435-x-15-cm.webp?fit=800%2C800&ssl=1","contentUrl":"https:\/\/i0.wp.com\/truusk.store\/wp-content\/uploads\/2024\/02\/grasmattflakthandtag-langd-justerbar-handfrasare-grasmatta-luftning-spikad-rulle-grasmatta-rullande-grasmatta-flakt-underhall-tradgard-galvaniserat-ror-gron-silver-139-x-435-x-15-cm.webp?fit=800%2C800&ssl=1","width":800,"height":800,"caption":"Gr\u00e4smattfl\u00e4kthandtag L\u00e4ngd Justerbar Handfr\u00e4sare Gr\u00e4smatta Luftning Spikad Rulle Gr\u00e4smatta Rullande Gr\u00e4smatta Fl\u00e4kt Underh\u00e5ll Tr\u00e4dg\u00e5rd Galvaniserat R\u00f6r Gr\u00f6n + Silver 139 X 43,5 X 15 Cm 1"},{"@type":"BreadcrumbList","@id":"https:\/\/truusk.store\/sv\/produkt\/truusk-justerbar-grasmattflakt-luftning-och-underhall-av-grasmatta-galvaniserat-ror-langd-139-cm-gron-silver\/#breadcrumb","itemListElement":[{"@type":"ListItem","position":1,"name":"Home","item":"https:\/\/truusk.store\/sv\/"},{"@type":"ListItem","position":2,"name":"Shop","item":"https:\/\/truusk.store\/shop\/"},{"@type":"ListItem","position":3,"name":"TRUUSK Justerbar Gr\u00e4smattfl\u00e4kt &#8211; Luftning och Underh\u00e5ll av Gr\u00e4smatta &#8211; Galvaniserat R\u00f6r &#8211; L\u00e4ngd 139 cm &#8211; Gr\u00f6n + Silver"}]},{"@type":"WebSite","@id":"https:\/\/truusk.store\/sv\/#website","url":"https:\/\/truusk.store\/sv\/","name":"TRUUSK - Hem, Tr\u00e4dg\u00e5rd & Fritid","description":"","publisher":{"@id":"https:\/\/truusk.store\/sv\/#organization"},"potentialAction":[{"@type":"SearchAction","target":{"@type":"EntryPoint","urlTemplate":"https:\/\/truusk.store\/sv\/?s={search_term_string}"},"query-input":{"@type":"PropertyValueSpecification","valueRequired":true,"valueName":"search_term_string"}}],"inLanguage":"sv-SE"},{"@type":"Organization","@id":"https:\/\/truusk.store\/sv\/#organization","name":"TRUUSK - Hem, Tr\u00e4dg\u00e5rd & Fritid","url":"https:\/\/truusk.store\/sv\/","logo":{"@type":"ImageObject","inLanguage":"sv-SE","@id":"https:\/\/truusk.store\/sv\/#\/schema\/logo\/image\/","url":"https:\/\/i0.wp.com\/truusk.store\/wp-content\/uploads\/2026\/03\/cropped-TRUUSK.png?fit=2032%2C917&ssl=1","contentUrl":"https:\/\/i0.wp.com\/truusk.store\/wp-content\/uploads\/2026\/03\/cropped-TRUUSK.png?fit=2032%2C917&ssl=1","width":2032,"height":917,"caption":"TRUUSK - Hem, Tr\u00e4dg\u00e5rd & Fritid"},"image":{"@id":"https:\/\/truusk.store\/sv\/#\/schema\/logo\/image\/"}}]}},"jetpack_sharing_enabled":true,"_links":{"self":[{"href":"https:\/\/truusk.store\/sv\/wp-json\/wp\/v2\/product\/16647","targetHints":{"allow":["GET"]}}],"collection":[{"href":"https:\/\/truusk.store\/sv\/wp-json\/wp\/v2\/product"}],"about":[{"href":"https:\/\/truusk.store\/sv\/wp-json\/wp\/v2\/types\/product"}],"wp:featuredmedia":[{"embeddable":true,"href":"https:\/\/truusk.store\/sv\/wp-json\/wp\/v2\/media\/16648"}],"wp:attachment":[{"href":"https:\/\/truusk.store\/sv\/wp-json\/wp\/v2\/media?parent=16647"}],"wp:term":[{"taxonomy":"product_brand","embeddable":true,"href":"https:\/\/truusk.store\/sv\/wp-json\/wp\/v2\/product_brand?post=16647"},{"taxonomy":"product_cat","embeddable":true,"href":"https:\/\/truusk.store\/sv\/wp-json\/wp\/v2\/product_cat?post=16647"},{"taxonomy":"product_tag","embeddable":true,"href":"https:\/\/truusk.store\/sv\/wp-json\/wp\/v2\/product_tag?post=16647"}],"curies":[{"name":"wp","href":"https:\/\/api.w.org\/{rel}","templated":true}]}}