{"id":16670,"date":"2024-02-13T13:13:56","date_gmt":"2024-02-13T12:13:56","guid":{"rendered":"https:\/\/truusk.store\/product\/takkorg-bil-justerbar-langd-takracke-tak-universal-bagagehylla-bagagekorg-bagagehylla-hylla-metall-svart-162-x-99-x-16-cm\/"},"modified":"2026-03-12T09:00:38","modified_gmt":"2026-03-12T08:00:38","slug":"truusk-universal-justerbar-bagagehylla-metall-justerbar-langd-162-x-99-x-16-cm-svart","status":"publish","type":"product","link":"https:\/\/truusk.store\/sv\/produkt\/truusk-universal-justerbar-bagagehylla-metall-justerbar-langd-162-x-99-x-16-cm-svart\/","title":{"rendered":"TRUUSK Universal Justerbar Bagagehylla &#8211; Metall &#8211; Justerbar L\u00e4ngd &#8211; 162 x 99 x 16 cm &#8211; Svart"},"content":{"rendered":"<p>Mer utrymme f\u00f6r ditt bagage! Takr\u00e4cket ger dig ytterligare ett alternativ att transportera resv\u00e4skor eller andra stora f\u00f6rem\u00e5l ut\u00f6ver bagageutrymmet. L\u00e4ngden p\u00e5 takr\u00e4cket \u00e4r variabel och kan anpassas till olika bilmodeller. Monteringen \u00e4r enkel och snabb. Det betyder att du \u00e4r v\u00e4l f\u00f6rberedd f\u00f6r \u00e4nnu mer omfattande transporter.<\/p>\n<h3>Beskrivning:<\/h3>\n<ul>\n<li>Montering inom n\u00e5gra minuter<\/li>\n<li>Att transportera den p\u00e5 takr\u00e4cket ger mer utrymme i bilen<\/li>\n<li>F\u00e4sts med fyra stadiga f\u00e4sten<\/li>\n<li>Lutande framkant f\u00f6r l\u00e5gt luftmotst\u00e5nd<\/li>\n<li>L\u00e4ngden kan anpassas till olika bilmodeller<\/li>\n<li>Tillverkad av h\u00f6gkvalitativ metall<\/li>\n<\/ul>\n<h3>Teknisk data:<\/h3>\n<ul>\n<li>Material: metall<\/li>\n<li>Max totalm\u00e5tt: L162 x B99 x H16 cm<\/li>\n<li>Minsta totala m\u00e5tt: L109 x B99 x H16 cm<\/li>\n<li>M\u00e5tt p\u00e5 f\u00e4sten: L15 x B3 cm<\/li>\n<li>Max lastkapacitet: 100 kg<\/li>\n<li>Svart f\u00e4rg<\/li>\n<\/ul>\n<h3>Leveransens omfattning:<\/h3>\n<ul>\n<li>1 x takr\u00e4cke;<\/li>\n<\/ul>\n","protected":false},"excerpt":{"rendered":"<p>Mer utrymme f\u00f6r ditt bagage! Takr\u00e4cket ger dig ytterligare ett alternativ att transportera resv\u00e4skor eller andra stora f\u00f6rem\u00e5l ut\u00f6ver bagageutrymmet&#8230;.<\/p>\n","protected":false},"featured_media":16671,"template":"","meta":[],"product_brand":[],"product_cat":[684,671],"product_tag":[],"class_list":{"0":"post-16670","1":"product","2":"type-product","3":"status-publish","4":"has-post-thumbnail","6":"product_cat-biltillbehor","7":"product_cat-jarnaffar","9":"first","10":"instock","11":"sale","12":"taxable","13":"shipping-taxable","14":"purchasable","15":"product-type-simple"},"yoast_head":"<!-- This site is optimized with the Yoast SEO plugin v25.4 - https:\/\/yoast.com\/wordpress\/plugins\/seo\/ -->\n<title>TRUUSK Universal Justerbar Bagagehylla - Metall - Justerbar L\u00e4ngd - 162 x 99 x 16 cm - Svart - TRUUSK - Hem, Tr\u00e4dg\u00e5rd &amp; Fritid<\/title>\n<meta name=\"robots\" content=\"index, follow, max-snippet:-1, max-image-preview:large, max-video-preview:-1\" \/>\n<link rel=\"canonical\" href=\"https:\/\/truusk.store\/sv\/produkt\/truusk-universal-justerbar-bagagehylla-metall-justerbar-langd-162-x-99-x-16-cm-svart\/\" \/>\n<meta property=\"og:locale\" content=\"sv_SE\" \/>\n<meta property=\"og:type\" content=\"article\" \/>\n<meta property=\"og:title\" content=\"TRUUSK Universal Justerbar Bagagehylla - Metall - Justerbar L\u00e4ngd - 162 x 99 x 16 cm - Svart - TRUUSK - Hem, Tr\u00e4dg\u00e5rd &amp; Fritid\" \/>\n<meta property=\"og:description\" content=\"Mer utrymme f\u00f6r ditt bagage! Takr\u00e4cket ger dig ytterligare ett alternativ att transportera resv\u00e4skor eller andra stora f\u00f6rem\u00e5l ut\u00f6ver bagageutrymmet....\" \/>\n<meta property=\"og:url\" content=\"https:\/\/truusk.store\/sv\/produkt\/truusk-universal-justerbar-bagagehylla-metall-justerbar-langd-162-x-99-x-16-cm-svart\/\" \/>\n<meta property=\"og:site_name\" content=\"TRUUSK - Hem, Tr\u00e4dg\u00e5rd &amp; Fritid\" \/>\n<meta property=\"article:modified_time\" content=\"2026-03-12T08:00:38+00:00\" \/>\n<meta property=\"og:image\" content=\"https:\/\/i0.wp.com\/truusk.se\/wp-content\/uploads\/2024\/02\/takkorg-bil-justerbar-langd-takracke-tak-universal-bagagehylla-bagagekorg-bagagehylla-hylla-metall-svart-162-x-99-x-16-cm.webp?fit=800%2C800&ssl=1\" \/>\n\t<meta property=\"og:image:width\" content=\"800\" \/>\n\t<meta property=\"og:image:height\" content=\"800\" \/>\n\t<meta property=\"og:image:type\" content=\"image\/webp\" \/>\n<meta name=\"twitter:card\" content=\"summary_large_image\" \/>\n<meta name=\"twitter:label1\" content=\"Ber\u00e4knad l\u00e4stid\" \/>\n\t<meta name=\"twitter:data1\" content=\"1 minut\" \/>\n<!-- \/ Yoast SEO plugin. -->","yoast_head_json":{"title":"TRUUSK Universal Justerbar Bagagehylla - Metall - Justerbar L\u00e4ngd - 162 x 99 x 16 cm - Svart - TRUUSK - Hem, Tr\u00e4dg\u00e5rd &amp; Fritid","robots":{"index":"index","follow":"follow","max-snippet":"max-snippet:-1","max-image-preview":"max-image-preview:large","max-video-preview":"max-video-preview:-1"},"canonical":"https:\/\/truusk.store\/sv\/produkt\/truusk-universal-justerbar-bagagehylla-metall-justerbar-langd-162-x-99-x-16-cm-svart\/","og_locale":"sv_SE","og_type":"article","og_title":"TRUUSK Universal Justerbar Bagagehylla - Metall - Justerbar L\u00e4ngd - 162 x 99 x 16 cm - Svart - TRUUSK - Hem, Tr\u00e4dg\u00e5rd &amp; Fritid","og_description":"Mer utrymme f\u00f6r ditt bagage! Takr\u00e4cket ger dig ytterligare ett alternativ att transportera resv\u00e4skor eller andra stora f\u00f6rem\u00e5l ut\u00f6ver bagageutrymmet....","og_url":"https:\/\/truusk.store\/sv\/produkt\/truusk-universal-justerbar-bagagehylla-metall-justerbar-langd-162-x-99-x-16-cm-svart\/","og_site_name":"TRUUSK - Hem, Tr\u00e4dg\u00e5rd &amp; Fritid","article_modified_time":"2026-03-12T08:00:38+00:00","og_image":[{"width":800,"height":800,"url":"https:\/\/i0.wp.com\/truusk.se\/wp-content\/uploads\/2024\/02\/takkorg-bil-justerbar-langd-takracke-tak-universal-bagagehylla-bagagekorg-bagagehylla-hylla-metall-svart-162-x-99-x-16-cm.webp?fit=800%2C800&ssl=1","type":"image\/webp"}],"twitter_card":"summary_large_image","twitter_misc":{"Ber\u00e4knad l\u00e4stid":"1 minut"},"schema":{"@context":"https:\/\/schema.org","@graph":[{"@type":"WebPage","@id":"https:\/\/truusk.store\/sv\/produkt\/truusk-universal-justerbar-bagagehylla-metall-justerbar-langd-162-x-99-x-16-cm-svart\/","url":"https:\/\/truusk.store\/sv\/produkt\/truusk-universal-justerbar-bagagehylla-metall-justerbar-langd-162-x-99-x-16-cm-svart\/","name":"TRUUSK Universal Justerbar Bagagehylla - Metall - Justerbar L\u00e4ngd - 162 x 99 x 16 cm - Svart - TRUUSK - Hem, Tr\u00e4dg\u00e5rd &amp; Fritid","isPartOf":{"@id":"https:\/\/truusk.store\/sv\/#website"},"primaryImageOfPage":{"@id":"https:\/\/truusk.store\/sv\/produkt\/truusk-universal-justerbar-bagagehylla-metall-justerbar-langd-162-x-99-x-16-cm-svart\/#primaryimage"},"image":{"@id":"https:\/\/truusk.store\/sv\/produkt\/truusk-universal-justerbar-bagagehylla-metall-justerbar-langd-162-x-99-x-16-cm-svart\/#primaryimage"},"thumbnailUrl":"https:\/\/i0.wp.com\/truusk.store\/wp-content\/uploads\/2024\/02\/takkorg-bil-justerbar-langd-takracke-tak-universal-bagagehylla-bagagekorg-bagagehylla-hylla-metall-svart-162-x-99-x-16-cm.webp?fit=800%2C800&ssl=1","datePublished":"2024-02-13T12:13:56+00:00","dateModified":"2026-03-12T08:00:38+00:00","breadcrumb":{"@id":"https:\/\/truusk.store\/sv\/produkt\/truusk-universal-justerbar-bagagehylla-metall-justerbar-langd-162-x-99-x-16-cm-svart\/#breadcrumb"},"inLanguage":"sv-SE","potentialAction":[{"@type":"ReadAction","target":["https:\/\/truusk.store\/sv\/produkt\/truusk-universal-justerbar-bagagehylla-metall-justerbar-langd-162-x-99-x-16-cm-svart\/"]}]},{"@type":"ImageObject","inLanguage":"sv-SE","@id":"https:\/\/truusk.store\/sv\/produkt\/truusk-universal-justerbar-bagagehylla-metall-justerbar-langd-162-x-99-x-16-cm-svart\/#primaryimage","url":"https:\/\/i0.wp.com\/truusk.store\/wp-content\/uploads\/2024\/02\/takkorg-bil-justerbar-langd-takracke-tak-universal-bagagehylla-bagagekorg-bagagehylla-hylla-metall-svart-162-x-99-x-16-cm.webp?fit=800%2C800&ssl=1","contentUrl":"https:\/\/i0.wp.com\/truusk.store\/wp-content\/uploads\/2024\/02\/takkorg-bil-justerbar-langd-takracke-tak-universal-bagagehylla-bagagekorg-bagagehylla-hylla-metall-svart-162-x-99-x-16-cm.webp?fit=800%2C800&ssl=1","width":800,"height":800,"caption":"Takkorg Bil Justerbar L\u00e4ngd Takr\u00e4cke Tak Universal Bagagehylla Bagagekorg Bagagehylla Hylla Metall Svart 162 X 99 X 16 Cm 1"},{"@type":"BreadcrumbList","@id":"https:\/\/truusk.store\/sv\/produkt\/truusk-universal-justerbar-bagagehylla-metall-justerbar-langd-162-x-99-x-16-cm-svart\/#breadcrumb","itemListElement":[{"@type":"ListItem","position":1,"name":"Home","item":"https:\/\/truusk.store\/sv\/"},{"@type":"ListItem","position":2,"name":"Shop","item":"https:\/\/truusk.store\/shop\/"},{"@type":"ListItem","position":3,"name":"TRUUSK Universal Justerbar Bagagehylla &#8211; Metall &#8211; Justerbar L\u00e4ngd &#8211; 162 x 99 x 16 cm &#8211; Svart"}]},{"@type":"WebSite","@id":"https:\/\/truusk.store\/sv\/#website","url":"https:\/\/truusk.store\/sv\/","name":"TRUUSK - Hem, Tr\u00e4dg\u00e5rd & Fritid","description":"","publisher":{"@id":"https:\/\/truusk.store\/sv\/#organization"},"potentialAction":[{"@type":"SearchAction","target":{"@type":"EntryPoint","urlTemplate":"https:\/\/truusk.store\/sv\/?s={search_term_string}"},"query-input":{"@type":"PropertyValueSpecification","valueRequired":true,"valueName":"search_term_string"}}],"inLanguage":"sv-SE"},{"@type":"Organization","@id":"https:\/\/truusk.store\/sv\/#organization","name":"TRUUSK - Hem, Tr\u00e4dg\u00e5rd & Fritid","url":"https:\/\/truusk.store\/sv\/","logo":{"@type":"ImageObject","inLanguage":"sv-SE","@id":"https:\/\/truusk.store\/sv\/#\/schema\/logo\/image\/","url":"https:\/\/i0.wp.com\/truusk.store\/wp-content\/uploads\/2026\/03\/cropped-TRUUSK.png?fit=2032%2C917&ssl=1","contentUrl":"https:\/\/i0.wp.com\/truusk.store\/wp-content\/uploads\/2026\/03\/cropped-TRUUSK.png?fit=2032%2C917&ssl=1","width":2032,"height":917,"caption":"TRUUSK - Hem, Tr\u00e4dg\u00e5rd & Fritid"},"image":{"@id":"https:\/\/truusk.store\/sv\/#\/schema\/logo\/image\/"}}]}},"jetpack_sharing_enabled":true,"_links":{"self":[{"href":"https:\/\/truusk.store\/sv\/wp-json\/wp\/v2\/product\/16670","targetHints":{"allow":["GET"]}}],"collection":[{"href":"https:\/\/truusk.store\/sv\/wp-json\/wp\/v2\/product"}],"about":[{"href":"https:\/\/truusk.store\/sv\/wp-json\/wp\/v2\/types\/product"}],"wp:featuredmedia":[{"embeddable":true,"href":"https:\/\/truusk.store\/sv\/wp-json\/wp\/v2\/media\/16671"}],"wp:attachment":[{"href":"https:\/\/truusk.store\/sv\/wp-json\/wp\/v2\/media?parent=16670"}],"wp:term":[{"taxonomy":"product_brand","embeddable":true,"href":"https:\/\/truusk.store\/sv\/wp-json\/wp\/v2\/product_brand?post=16670"},{"taxonomy":"product_cat","embeddable":true,"href":"https:\/\/truusk.store\/sv\/wp-json\/wp\/v2\/product_cat?post=16670"},{"taxonomy":"product_tag","embeddable":true,"href":"https:\/\/truusk.store\/sv\/wp-json\/wp\/v2\/product_tag?post=16670"}],"curies":[{"name":"wp","href":"https:\/\/api.w.org\/{rel}","templated":true}]}}