{"id":16711,"date":"2024-02-13T13:15:16","date_gmt":"2024-02-13T12:15:16","guid":{"rendered":"https:\/\/truusk.store\/product\/elektrisk-barnmotorcykel-barnfordon-licensierad-av-bmw-s1000rr-elektrisk-trehjuling-med-batteri-stalrod-66-x-37-x-44-cm\/"},"modified":"2026-03-12T09:00:39","modified_gmt":"2026-03-12T08:00:39","slug":"truusk-elektrisk-bmw-s1000rr-barnfordon-licensierad-trehjuling-batteridriven-stalrod-66-x-37-x-44-cm","status":"publish","type":"product","link":"https:\/\/truusk.store\/sv\/produkt\/truusk-elektrisk-bmw-s1000rr-barnfordon-licensierad-trehjuling-batteridriven-stalrod-66-x-37-x-44-cm\/","title":{"rendered":"TRUUSK Elektrisk BMW S1000RR Barnfordon &#8211; Licensierad &#8211; Trehjuling &#8211; Batteridriven &#8211; St\u00e5lr\u00f6d &#8211; 66 x 37 x 44 cm"},"content":{"rendered":"<p>Ut p\u00e5 \u00e4ventyr med den officiellt licensierade BMW elektriska trehjulingen! Med en maxhastighet p\u00e5 2,5 km\/h \u00e4r motorcykeln l\u00e4mplig f\u00f6r barn i \u00e5ldrarna 18 till 36 m\u00e5nader. Den breda, vadderade sitsen \u00e4r bekv\u00e4m och den inbyggda musikfunktionen \u00e4r extra rolig. Man\u00f6vreringen med ratt och fotpedal och de funktionella str\u00e5lkastarna g\u00f6r denna leksaksmotorcykel extra realistisk. Tack vare den stabila trehjulingens design och st\u00f6td\u00e4mparen sitter de sm\u00e5 alltid s\u00e4kert och bekv\u00e4mt.<\/p>\n<h3>Beskrivning:<\/h3>\n<ul>\n<li>Officiell BMW-licens: unik, snygg design<\/li>\n<li>Man\u00f6vrering via fotpedal och styre<\/li>\n<li>F\u00f6r barn p\u00e5 1836 m\u00e5nader (l\u00e4mplig f\u00f6r 2-\u00e5riga barn)<\/li>\n<li>Extra stabil trehjuling design<\/li>\n<li>Med ljus- och musikfunktion f\u00f6r en mer realistisk spelupplevelse<\/li>\n<li>Fr\u00e4mjar koordination och balans<\/li>\n<li>Extra bred vadderad sits<\/li>\n<li>6V bakhjulsdrift, batteriladdning f\u00f6r 45 minuters k\u00f6rning<\/li>\n<li>Mycket enkel montering<\/li>\n<\/ul>\n<h3>Teknisk data:<\/h3>\n<ul>\n<li>Material: PP, st\u00e5l<\/li>\n<li>r\u00f6d f\u00e4rg<\/li>\n<li>Vikt: 4 kg<\/li>\n<li>\u00d6vergripande m\u00e5tt: L66 x B37 x H44 cm<\/li>\n<li>Sitsm\u00e5tt: L22 x B14 cm<\/li>\n<li>D\u00e4ckstorlek: 18 x B7,5 cm<\/li>\n<li>Lastkapacitet: 20 kg<\/li>\n<li>Batteri: 6V, 4Ah<\/li>\n<li>Laddare: 6V, 500mA<\/li>\n<li>Motor: 25W<\/li>\n<li>Drifttid: 45 min med full batteriladdning (beroende p\u00e5 anv\u00e4ndning)<\/li>\n<li>L\u00e4mplig f\u00f6r barn i \u00e5ldrarna 18 till 36 m\u00e5nader<\/li>\n<\/ul>\n<h3>Leveransens omfattning:<\/h3>\n<ul>\n<li>1 x barnmotorcykel<\/li>\n<li>1 x batteri<\/li>\n<li>1 x Laddare<\/li>\n<li>1 x bruksanvisning<\/li>\n<\/ul>\n","protected":false},"excerpt":{"rendered":"<p>Ut p\u00e5 \u00e4ventyr med den officiellt licensierade BMW elektriska trehjulingen! Med en maxhastighet p\u00e5 2,5 km\/h \u00e4r motorcykeln l\u00e4mplig f\u00f6r&#8230;<\/p>\n","protected":false},"featured_media":16712,"template":"","meta":[],"product_brand":[],"product_cat":[609,610,612],"product_tag":[],"class_list":{"0":"post-16711","1":"product","2":"type-product","3":"status-publish","4":"has-post-thumbnail","6":"product_cat-baby-barn","7":"product_cat-barnfordon","8":"product_cat-elektriska-fordon","10":"first","11":"instock","12":"sale","13":"taxable","14":"shipping-taxable","15":"purchasable","16":"product-type-simple"},"yoast_head":"<!-- This site is optimized with the Yoast SEO plugin v25.4 - https:\/\/yoast.com\/wordpress\/plugins\/seo\/ -->\n<title>TRUUSK Elektrisk BMW S1000RR Barnfordon - Licensierad - Trehjuling - Batteridriven - St\u00e5lr\u00f6d - 66 x 37 x 44 cm - TRUUSK - Hem, Tr\u00e4dg\u00e5rd &amp; Fritid<\/title>\n<meta name=\"robots\" content=\"index, follow, max-snippet:-1, max-image-preview:large, max-video-preview:-1\" \/>\n<link rel=\"canonical\" href=\"https:\/\/truusk.store\/sv\/produkt\/truusk-elektrisk-bmw-s1000rr-barnfordon-licensierad-trehjuling-batteridriven-stalrod-66-x-37-x-44-cm\/\" \/>\n<meta property=\"og:locale\" content=\"sv_SE\" \/>\n<meta property=\"og:type\" content=\"article\" \/>\n<meta property=\"og:title\" content=\"TRUUSK Elektrisk BMW S1000RR Barnfordon - Licensierad - Trehjuling - Batteridriven - St\u00e5lr\u00f6d - 66 x 37 x 44 cm - TRUUSK - Hem, Tr\u00e4dg\u00e5rd &amp; Fritid\" \/>\n<meta property=\"og:description\" content=\"Ut p\u00e5 \u00e4ventyr med den officiellt licensierade BMW elektriska trehjulingen! Med en maxhastighet p\u00e5 2,5 km\/h \u00e4r motorcykeln l\u00e4mplig f\u00f6r...\" \/>\n<meta property=\"og:url\" content=\"https:\/\/truusk.store\/sv\/produkt\/truusk-elektrisk-bmw-s1000rr-barnfordon-licensierad-trehjuling-batteridriven-stalrod-66-x-37-x-44-cm\/\" \/>\n<meta property=\"og:site_name\" content=\"TRUUSK - Hem, Tr\u00e4dg\u00e5rd &amp; Fritid\" \/>\n<meta property=\"article:modified_time\" content=\"2026-03-12T08:00:39+00:00\" \/>\n<meta property=\"og:image\" content=\"https:\/\/i0.wp.com\/truusk.se\/wp-content\/uploads\/2024\/02\/elektrisk-barnmotorcykel-barnfordon-licensierad-av-bmw-s1000rr-elektrisk-trehjuling-med-batteri-stalrod-66-x-37-x-44-cm.webp?fit=800%2C800&ssl=1\" \/>\n\t<meta property=\"og:image:width\" content=\"800\" \/>\n\t<meta property=\"og:image:height\" content=\"800\" \/>\n\t<meta property=\"og:image:type\" content=\"image\/webp\" \/>\n<meta name=\"twitter:card\" content=\"summary_large_image\" \/>\n<meta name=\"twitter:label1\" content=\"Ber\u00e4knad l\u00e4stid\" \/>\n\t<meta name=\"twitter:data1\" content=\"1 minut\" \/>\n<!-- \/ Yoast SEO plugin. -->","yoast_head_json":{"title":"TRUUSK Elektrisk BMW S1000RR Barnfordon - Licensierad - Trehjuling - Batteridriven - St\u00e5lr\u00f6d - 66 x 37 x 44 cm - TRUUSK - Hem, Tr\u00e4dg\u00e5rd &amp; Fritid","robots":{"index":"index","follow":"follow","max-snippet":"max-snippet:-1","max-image-preview":"max-image-preview:large","max-video-preview":"max-video-preview:-1"},"canonical":"https:\/\/truusk.store\/sv\/produkt\/truusk-elektrisk-bmw-s1000rr-barnfordon-licensierad-trehjuling-batteridriven-stalrod-66-x-37-x-44-cm\/","og_locale":"sv_SE","og_type":"article","og_title":"TRUUSK Elektrisk BMW S1000RR Barnfordon - Licensierad - Trehjuling - Batteridriven - St\u00e5lr\u00f6d - 66 x 37 x 44 cm - TRUUSK - Hem, Tr\u00e4dg\u00e5rd &amp; Fritid","og_description":"Ut p\u00e5 \u00e4ventyr med den officiellt licensierade BMW elektriska trehjulingen! Med en maxhastighet p\u00e5 2,5 km\/h \u00e4r motorcykeln l\u00e4mplig f\u00f6r...","og_url":"https:\/\/truusk.store\/sv\/produkt\/truusk-elektrisk-bmw-s1000rr-barnfordon-licensierad-trehjuling-batteridriven-stalrod-66-x-37-x-44-cm\/","og_site_name":"TRUUSK - Hem, Tr\u00e4dg\u00e5rd &amp; Fritid","article_modified_time":"2026-03-12T08:00:39+00:00","og_image":[{"width":800,"height":800,"url":"https:\/\/i0.wp.com\/truusk.se\/wp-content\/uploads\/2024\/02\/elektrisk-barnmotorcykel-barnfordon-licensierad-av-bmw-s1000rr-elektrisk-trehjuling-med-batteri-stalrod-66-x-37-x-44-cm.webp?fit=800%2C800&ssl=1","type":"image\/webp"}],"twitter_card":"summary_large_image","twitter_misc":{"Ber\u00e4knad l\u00e4stid":"1 minut"},"schema":{"@context":"https:\/\/schema.org","@graph":[{"@type":"WebPage","@id":"https:\/\/truusk.store\/sv\/produkt\/truusk-elektrisk-bmw-s1000rr-barnfordon-licensierad-trehjuling-batteridriven-stalrod-66-x-37-x-44-cm\/","url":"https:\/\/truusk.store\/sv\/produkt\/truusk-elektrisk-bmw-s1000rr-barnfordon-licensierad-trehjuling-batteridriven-stalrod-66-x-37-x-44-cm\/","name":"TRUUSK Elektrisk BMW S1000RR Barnfordon - Licensierad - Trehjuling - Batteridriven - St\u00e5lr\u00f6d - 66 x 37 x 44 cm - TRUUSK - Hem, Tr\u00e4dg\u00e5rd &amp; Fritid","isPartOf":{"@id":"https:\/\/truusk.store\/sv\/#website"},"primaryImageOfPage":{"@id":"https:\/\/truusk.store\/sv\/produkt\/truusk-elektrisk-bmw-s1000rr-barnfordon-licensierad-trehjuling-batteridriven-stalrod-66-x-37-x-44-cm\/#primaryimage"},"image":{"@id":"https:\/\/truusk.store\/sv\/produkt\/truusk-elektrisk-bmw-s1000rr-barnfordon-licensierad-trehjuling-batteridriven-stalrod-66-x-37-x-44-cm\/#primaryimage"},"thumbnailUrl":"https:\/\/i0.wp.com\/truusk.store\/wp-content\/uploads\/2024\/02\/elektrisk-barnmotorcykel-barnfordon-licensierad-av-bmw-s1000rr-elektrisk-trehjuling-med-batteri-stalrod-66-x-37-x-44-cm.webp?fit=800%2C800&ssl=1","datePublished":"2024-02-13T12:15:16+00:00","dateModified":"2026-03-12T08:00:39+00:00","breadcrumb":{"@id":"https:\/\/truusk.store\/sv\/produkt\/truusk-elektrisk-bmw-s1000rr-barnfordon-licensierad-trehjuling-batteridriven-stalrod-66-x-37-x-44-cm\/#breadcrumb"},"inLanguage":"sv-SE","potentialAction":[{"@type":"ReadAction","target":["https:\/\/truusk.store\/sv\/produkt\/truusk-elektrisk-bmw-s1000rr-barnfordon-licensierad-trehjuling-batteridriven-stalrod-66-x-37-x-44-cm\/"]}]},{"@type":"ImageObject","inLanguage":"sv-SE","@id":"https:\/\/truusk.store\/sv\/produkt\/truusk-elektrisk-bmw-s1000rr-barnfordon-licensierad-trehjuling-batteridriven-stalrod-66-x-37-x-44-cm\/#primaryimage","url":"https:\/\/i0.wp.com\/truusk.store\/wp-content\/uploads\/2024\/02\/elektrisk-barnmotorcykel-barnfordon-licensierad-av-bmw-s1000rr-elektrisk-trehjuling-med-batteri-stalrod-66-x-37-x-44-cm.webp?fit=800%2C800&ssl=1","contentUrl":"https:\/\/i0.wp.com\/truusk.store\/wp-content\/uploads\/2024\/02\/elektrisk-barnmotorcykel-barnfordon-licensierad-av-bmw-s1000rr-elektrisk-trehjuling-med-batteri-stalrod-66-x-37-x-44-cm.webp?fit=800%2C800&ssl=1","width":800,"height":800,"caption":"Elektrisk Barnmotorcykel Barnfordon Licensierad Av BMW S1000RR Elektrisk Trehjuling Med Batteri St\u00e5lr\u00f6d 66 X 37 X 44 Cm 1"},{"@type":"BreadcrumbList","@id":"https:\/\/truusk.store\/sv\/produkt\/truusk-elektrisk-bmw-s1000rr-barnfordon-licensierad-trehjuling-batteridriven-stalrod-66-x-37-x-44-cm\/#breadcrumb","itemListElement":[{"@type":"ListItem","position":1,"name":"Home","item":"https:\/\/truusk.store\/sv\/"},{"@type":"ListItem","position":2,"name":"Shop","item":"https:\/\/truusk.store\/shop\/"},{"@type":"ListItem","position":3,"name":"TRUUSK Elektrisk BMW S1000RR Barnfordon &#8211; Licensierad &#8211; Trehjuling &#8211; Batteridriven &#8211; St\u00e5lr\u00f6d &#8211; 66 x 37 x 44 cm"}]},{"@type":"WebSite","@id":"https:\/\/truusk.store\/sv\/#website","url":"https:\/\/truusk.store\/sv\/","name":"TRUUSK - Hem, Tr\u00e4dg\u00e5rd & Fritid","description":"","publisher":{"@id":"https:\/\/truusk.store\/sv\/#organization"},"potentialAction":[{"@type":"SearchAction","target":{"@type":"EntryPoint","urlTemplate":"https:\/\/truusk.store\/sv\/?s={search_term_string}"},"query-input":{"@type":"PropertyValueSpecification","valueRequired":true,"valueName":"search_term_string"}}],"inLanguage":"sv-SE"},{"@type":"Organization","@id":"https:\/\/truusk.store\/sv\/#organization","name":"TRUUSK - Hem, Tr\u00e4dg\u00e5rd & Fritid","url":"https:\/\/truusk.store\/sv\/","logo":{"@type":"ImageObject","inLanguage":"sv-SE","@id":"https:\/\/truusk.store\/sv\/#\/schema\/logo\/image\/","url":"https:\/\/i0.wp.com\/truusk.store\/wp-content\/uploads\/2026\/03\/cropped-TRUUSK.png?fit=2032%2C917&ssl=1","contentUrl":"https:\/\/i0.wp.com\/truusk.store\/wp-content\/uploads\/2026\/03\/cropped-TRUUSK.png?fit=2032%2C917&ssl=1","width":2032,"height":917,"caption":"TRUUSK - Hem, Tr\u00e4dg\u00e5rd & Fritid"},"image":{"@id":"https:\/\/truusk.store\/sv\/#\/schema\/logo\/image\/"}}]}},"jetpack_sharing_enabled":true,"_links":{"self":[{"href":"https:\/\/truusk.store\/sv\/wp-json\/wp\/v2\/product\/16711","targetHints":{"allow":["GET"]}}],"collection":[{"href":"https:\/\/truusk.store\/sv\/wp-json\/wp\/v2\/product"}],"about":[{"href":"https:\/\/truusk.store\/sv\/wp-json\/wp\/v2\/types\/product"}],"wp:featuredmedia":[{"embeddable":true,"href":"https:\/\/truusk.store\/sv\/wp-json\/wp\/v2\/media\/16712"}],"wp:attachment":[{"href":"https:\/\/truusk.store\/sv\/wp-json\/wp\/v2\/media?parent=16711"}],"wp:term":[{"taxonomy":"product_brand","embeddable":true,"href":"https:\/\/truusk.store\/sv\/wp-json\/wp\/v2\/product_brand?post=16711"},{"taxonomy":"product_cat","embeddable":true,"href":"https:\/\/truusk.store\/sv\/wp-json\/wp\/v2\/product_cat?post=16711"},{"taxonomy":"product_tag","embeddable":true,"href":"https:\/\/truusk.store\/sv\/wp-json\/wp\/v2\/product_tag?post=16711"}],"curies":[{"name":"wp","href":"https:\/\/api.w.org\/{rel}","templated":true}]}}