{"id":16720,"date":"2024-02-13T13:15:30","date_gmt":"2024-02-13T12:15:30","guid":{"rendered":"https:\/\/truusk.store\/product\/markis-fallarm-markis-solskydd-med-handvev-35-x-25-m-gravit-aluminium-polyester\/"},"modified":"2026-03-12T09:00:39","modified_gmt":"2026-03-12T08:00:39","slug":"truusk-markis-solskydd-35x25m-handvev-gra-vit-aluminium-polyester","status":"publish","type":"product","link":"https:\/\/truusk.store\/sv\/produkt\/truusk-markis-solskydd-35x25m-handvev-gra-vit-aluminium-polyester\/","title":{"rendered":"TRUUSK Markis Solskydd 3,5&#215;2,5m &#8211; Handvev &#8211; Gr\u00e5\/Vit &#8211; Aluminium\/Polyester"},"content":{"rendered":"<p>V\u00e5r markis \u00e4r idealisk f\u00f6r utomhusomr\u00e5den som balkonger eller terrasser. Kassettt\u00e4ltets markisv\u00e4v \u00e4r tillverkad av robust polyester med en vattenavvisande PU-bel\u00e4ggning och \u00e4r d\u00e4rf\u00f6r mycket v\u00e4derbest\u00e4ndig. Tack vare handveven kan du styra din f\u00e4llbara markis utan n\u00e5gra bekymmer. V\u00e4ggmontering \u00e4r otroligt enkelt. S\u00e5 du har alltid en skuggig plats hemma. Sommaren kan komma!<\/p>\n<h3>Beskrivning:<\/h3>\n<ul>\n<li>H\u00f6gkvalitativ markis f\u00f6r balkonger eller terrasser<\/li>\n<li>Ger skydd mot v\u00e4derf\u00f6rh\u00e5llanden som solljus eller l\u00e4tt regn<\/li>\n<li>L\u00e4mplig f\u00f6r v\u00e4ggmontage<\/li>\n<li>Ram och 2 f\u00e4sten av pulverlackerad aluminium i vitt<\/li>\n<li>Markistyg av 100 % polyester med vattenavvisande PU-bel\u00e4ggning<\/li>\n<li>Lutningsvinkel stegl\u00f6st justerbar mellan 5-45<\/li>\n<li>L\u00e4tt att man\u00f6vrera med hj\u00e4lp av en vev<\/li>\n<li>Inkl monteringsmaterial<\/li>\n<li>Montering kr\u00e4vs<\/li>\n<\/ul>\n<h3>Teknisk data:<\/h3>\n<ul>\n<li>Material: aluminium, polyester<\/li>\n<li>F\u00e4rg: Gr\u00e5+Vit<\/li>\n<li>Totalm\u00e5tt: B3,5 x D2,5 m<\/li>\n<li>Rulldiameter: 70mm, l\u00e4ngd: 106,6\/116,6 cm<\/li>\n<\/ul>\n<h3>Leveransens omfattning:<\/h3>\n<ul>\n<li>1 x Markis<\/li>\n<li>1 x monteringsmaterial<\/li>\n<li>1 x Monteringsanvisning<\/li>\n<\/ul>\n","protected":false},"excerpt":{"rendered":"<p>V\u00e5r markis \u00e4r idealisk f\u00f6r utomhusomr\u00e5den som balkonger eller terrasser. Kassettt\u00e4ltets markisv\u00e4v \u00e4r tillverkad av robust polyester med en vattenavvisande&#8230;<\/p>\n","protected":false},"featured_media":16721,"template":"","meta":[],"product_brand":[],"product_cat":[473,471,435],"product_tag":[],"class_list":{"0":"post-16720","1":"product","2":"type-product","3":"status-publish","4":"has-post-thumbnail","6":"product_cat-markiser","7":"product_cat-solskydd-integritetsskydd","8":"product_cat-tradgard-och-terrass","10":"first","11":"instock","12":"sale","13":"taxable","14":"shipping-taxable","15":"purchasable","16":"product-type-simple"},"yoast_head":"<!-- This site is optimized with the Yoast SEO plugin v25.4 - https:\/\/yoast.com\/wordpress\/plugins\/seo\/ -->\n<title>TRUUSK Markis Solskydd 3,5x2,5m - Handvev - Gr\u00e5\/Vit - Aluminium\/Polyester - TRUUSK - Hem, Tr\u00e4dg\u00e5rd &amp; Fritid<\/title>\n<meta name=\"robots\" content=\"index, follow, max-snippet:-1, max-image-preview:large, max-video-preview:-1\" \/>\n<link rel=\"canonical\" href=\"https:\/\/truusk.store\/sv\/produkt\/truusk-markis-solskydd-35x25m-handvev-gra-vit-aluminium-polyester\/\" \/>\n<meta property=\"og:locale\" content=\"sv_SE\" \/>\n<meta property=\"og:type\" content=\"article\" \/>\n<meta property=\"og:title\" content=\"TRUUSK Markis Solskydd 3,5x2,5m - Handvev - Gr\u00e5\/Vit - Aluminium\/Polyester - TRUUSK - Hem, Tr\u00e4dg\u00e5rd &amp; Fritid\" \/>\n<meta property=\"og:description\" content=\"V\u00e5r markis \u00e4r idealisk f\u00f6r utomhusomr\u00e5den som balkonger eller terrasser. Kassettt\u00e4ltets markisv\u00e4v \u00e4r tillverkad av robust polyester med en vattenavvisande...\" \/>\n<meta property=\"og:url\" content=\"https:\/\/truusk.store\/sv\/produkt\/truusk-markis-solskydd-35x25m-handvev-gra-vit-aluminium-polyester\/\" \/>\n<meta property=\"og:site_name\" content=\"TRUUSK - Hem, Tr\u00e4dg\u00e5rd &amp; Fritid\" \/>\n<meta property=\"article:modified_time\" content=\"2026-03-12T08:00:39+00:00\" \/>\n<meta property=\"og:image\" content=\"https:\/\/i0.wp.com\/truusk.se\/wp-content\/uploads\/2024\/02\/markis-fallarm-markis-solskydd-med-handvev-35-x-25-m-gravit-aluminium-polyester.webp?fit=800%2C800&ssl=1\" \/>\n\t<meta property=\"og:image:width\" content=\"800\" \/>\n\t<meta property=\"og:image:height\" content=\"800\" \/>\n\t<meta property=\"og:image:type\" content=\"image\/webp\" \/>\n<meta name=\"twitter:card\" content=\"summary_large_image\" \/>\n<meta name=\"twitter:label1\" content=\"Ber\u00e4knad l\u00e4stid\" \/>\n\t<meta name=\"twitter:data1\" content=\"1 minut\" \/>\n<!-- \/ Yoast SEO plugin. -->","yoast_head_json":{"title":"TRUUSK Markis Solskydd 3,5x2,5m - Handvev - Gr\u00e5\/Vit - Aluminium\/Polyester - TRUUSK - Hem, Tr\u00e4dg\u00e5rd &amp; Fritid","robots":{"index":"index","follow":"follow","max-snippet":"max-snippet:-1","max-image-preview":"max-image-preview:large","max-video-preview":"max-video-preview:-1"},"canonical":"https:\/\/truusk.store\/sv\/produkt\/truusk-markis-solskydd-35x25m-handvev-gra-vit-aluminium-polyester\/","og_locale":"sv_SE","og_type":"article","og_title":"TRUUSK Markis Solskydd 3,5x2,5m - Handvev - Gr\u00e5\/Vit - Aluminium\/Polyester - TRUUSK - Hem, Tr\u00e4dg\u00e5rd &amp; Fritid","og_description":"V\u00e5r markis \u00e4r idealisk f\u00f6r utomhusomr\u00e5den som balkonger eller terrasser. Kassettt\u00e4ltets markisv\u00e4v \u00e4r tillverkad av robust polyester med en vattenavvisande...","og_url":"https:\/\/truusk.store\/sv\/produkt\/truusk-markis-solskydd-35x25m-handvev-gra-vit-aluminium-polyester\/","og_site_name":"TRUUSK - Hem, Tr\u00e4dg\u00e5rd &amp; Fritid","article_modified_time":"2026-03-12T08:00:39+00:00","og_image":[{"width":800,"height":800,"url":"https:\/\/i0.wp.com\/truusk.se\/wp-content\/uploads\/2024\/02\/markis-fallarm-markis-solskydd-med-handvev-35-x-25-m-gravit-aluminium-polyester.webp?fit=800%2C800&ssl=1","type":"image\/webp"}],"twitter_card":"summary_large_image","twitter_misc":{"Ber\u00e4knad l\u00e4stid":"1 minut"},"schema":{"@context":"https:\/\/schema.org","@graph":[{"@type":"WebPage","@id":"https:\/\/truusk.store\/sv\/produkt\/truusk-markis-solskydd-35x25m-handvev-gra-vit-aluminium-polyester\/","url":"https:\/\/truusk.store\/sv\/produkt\/truusk-markis-solskydd-35x25m-handvev-gra-vit-aluminium-polyester\/","name":"TRUUSK Markis Solskydd 3,5x2,5m - Handvev - Gr\u00e5\/Vit - Aluminium\/Polyester - TRUUSK - Hem, Tr\u00e4dg\u00e5rd &amp; Fritid","isPartOf":{"@id":"https:\/\/truusk.store\/sv\/#website"},"primaryImageOfPage":{"@id":"https:\/\/truusk.store\/sv\/produkt\/truusk-markis-solskydd-35x25m-handvev-gra-vit-aluminium-polyester\/#primaryimage"},"image":{"@id":"https:\/\/truusk.store\/sv\/produkt\/truusk-markis-solskydd-35x25m-handvev-gra-vit-aluminium-polyester\/#primaryimage"},"thumbnailUrl":"https:\/\/i0.wp.com\/truusk.store\/wp-content\/uploads\/2024\/02\/markis-fallarm-markis-solskydd-med-handvev-35-x-25-m-gravit-aluminium-polyester.webp?fit=800%2C800&ssl=1","datePublished":"2024-02-13T12:15:30+00:00","dateModified":"2026-03-12T08:00:39+00:00","breadcrumb":{"@id":"https:\/\/truusk.store\/sv\/produkt\/truusk-markis-solskydd-35x25m-handvev-gra-vit-aluminium-polyester\/#breadcrumb"},"inLanguage":"sv-SE","potentialAction":[{"@type":"ReadAction","target":["https:\/\/truusk.store\/sv\/produkt\/truusk-markis-solskydd-35x25m-handvev-gra-vit-aluminium-polyester\/"]}]},{"@type":"ImageObject","inLanguage":"sv-SE","@id":"https:\/\/truusk.store\/sv\/produkt\/truusk-markis-solskydd-35x25m-handvev-gra-vit-aluminium-polyester\/#primaryimage","url":"https:\/\/i0.wp.com\/truusk.store\/wp-content\/uploads\/2024\/02\/markis-fallarm-markis-solskydd-med-handvev-35-x-25-m-gravit-aluminium-polyester.webp?fit=800%2C800&ssl=1","contentUrl":"https:\/\/i0.wp.com\/truusk.store\/wp-content\/uploads\/2024\/02\/markis-fallarm-markis-solskydd-med-handvev-35-x-25-m-gravit-aluminium-polyester.webp?fit=800%2C800&ssl=1","width":800,"height":800,"caption":"Markis F\u00e4llarm Markis Solskydd Med Handvev 3,5 X 2,5 M Gr\u00e5+vit Aluminium Polyester 1"},{"@type":"BreadcrumbList","@id":"https:\/\/truusk.store\/sv\/produkt\/truusk-markis-solskydd-35x25m-handvev-gra-vit-aluminium-polyester\/#breadcrumb","itemListElement":[{"@type":"ListItem","position":1,"name":"Home","item":"https:\/\/truusk.store\/sv\/"},{"@type":"ListItem","position":2,"name":"Shop","item":"https:\/\/truusk.store\/shop\/"},{"@type":"ListItem","position":3,"name":"TRUUSK Markis Solskydd 3,5&#215;2,5m &#8211; Handvev &#8211; Gr\u00e5\/Vit &#8211; Aluminium\/Polyester"}]},{"@type":"WebSite","@id":"https:\/\/truusk.store\/sv\/#website","url":"https:\/\/truusk.store\/sv\/","name":"TRUUSK - Hem, Tr\u00e4dg\u00e5rd & Fritid","description":"","publisher":{"@id":"https:\/\/truusk.store\/sv\/#organization"},"potentialAction":[{"@type":"SearchAction","target":{"@type":"EntryPoint","urlTemplate":"https:\/\/truusk.store\/sv\/?s={search_term_string}"},"query-input":{"@type":"PropertyValueSpecification","valueRequired":true,"valueName":"search_term_string"}}],"inLanguage":"sv-SE"},{"@type":"Organization","@id":"https:\/\/truusk.store\/sv\/#organization","name":"TRUUSK - Hem, Tr\u00e4dg\u00e5rd & Fritid","url":"https:\/\/truusk.store\/sv\/","logo":{"@type":"ImageObject","inLanguage":"sv-SE","@id":"https:\/\/truusk.store\/sv\/#\/schema\/logo\/image\/","url":"https:\/\/i0.wp.com\/truusk.store\/wp-content\/uploads\/2026\/03\/cropped-TRUUSK.png?fit=2032%2C917&ssl=1","contentUrl":"https:\/\/i0.wp.com\/truusk.store\/wp-content\/uploads\/2026\/03\/cropped-TRUUSK.png?fit=2032%2C917&ssl=1","width":2032,"height":917,"caption":"TRUUSK - Hem, Tr\u00e4dg\u00e5rd & Fritid"},"image":{"@id":"https:\/\/truusk.store\/sv\/#\/schema\/logo\/image\/"}}]}},"jetpack_sharing_enabled":true,"_links":{"self":[{"href":"https:\/\/truusk.store\/sv\/wp-json\/wp\/v2\/product\/16720","targetHints":{"allow":["GET"]}}],"collection":[{"href":"https:\/\/truusk.store\/sv\/wp-json\/wp\/v2\/product"}],"about":[{"href":"https:\/\/truusk.store\/sv\/wp-json\/wp\/v2\/types\/product"}],"wp:featuredmedia":[{"embeddable":true,"href":"https:\/\/truusk.store\/sv\/wp-json\/wp\/v2\/media\/16721"}],"wp:attachment":[{"href":"https:\/\/truusk.store\/sv\/wp-json\/wp\/v2\/media?parent=16720"}],"wp:term":[{"taxonomy":"product_brand","embeddable":true,"href":"https:\/\/truusk.store\/sv\/wp-json\/wp\/v2\/product_brand?post=16720"},{"taxonomy":"product_cat","embeddable":true,"href":"https:\/\/truusk.store\/sv\/wp-json\/wp\/v2\/product_cat?post=16720"},{"taxonomy":"product_tag","embeddable":true,"href":"https:\/\/truusk.store\/sv\/wp-json\/wp\/v2\/product_tag?post=16720"}],"curies":[{"name":"wp","href":"https:\/\/api.w.org\/{rel}","templated":true}]}}