{"id":16761,"date":"2024-02-13T13:16:40","date_gmt":"2024-02-13T12:16:40","guid":{"rendered":"https:\/\/truusk.store\/product\/djurtrappa-katttrappa-hundtrappa-4-stegstrappa-for-katter-och-hundar-plyschgra-60-x-405-x-59-cm\/"},"modified":"2026-03-12T09:00:40","modified_gmt":"2026-03-12T08:00:40","slug":"truusk-djurtrappa-4-stegstrappa-for-katter-och-hundar-plyschgra-60-x-405-x-59-cm","status":"publish","type":"product","link":"https:\/\/truusk.store\/sv\/produkt\/truusk-djurtrappa-4-stegstrappa-for-katter-och-hundar-plyschgra-60-x-405-x-59-cm\/","title":{"rendered":"TRUUSK Djurtrappa 4-stegstrappa &#8211; F\u00f6r Katter Och Hundar &#8211; Plyschgr\u00e5 &#8211; 60 x 40,5 x 59 cm"},"content":{"rendered":"<p>Stort trappparadis f\u00f6r dina husdjur! Den robusta trappan \u00e4r en absolut hj\u00e4lp f\u00f6r djur som katter, valpar och \u00e4ldre hundar. Det g\u00f6r det l\u00e4ttare f\u00f6r dina djur att ta sig upp och ner fr\u00e5n soffan, soffan eller s\u00e4ngen. Samtidigt skyddar den praktiska trappan din \u00e4lskades r\u00f6relseapparat. Hundar och katter som \u00e4r s\u00e4rskilt \u00f6verviktiga, sjuka eller sm\u00e5 f\u00e5r optimalt st\u00f6d n\u00e4r de kl\u00e4ttrar upp och ner.<\/p>\n<h3>Beskrivning:<\/h3>\n<ul>\n<li>L\u00e4mplig f\u00f6r \u00e4ldre, sjuka och sm\u00e5 djur<\/li>\n<li>G\u00f6r det l\u00e4ttare att kl\u00e4ttra till den upph\u00f6jda platsen<\/li>\n<li>H\u00f6gkvalitativt utf\u00f6rande<\/li>\n<li>Kl\u00e4dd med mjuk plysch<\/li>\n<li>Stammar inslagna i sisal<\/li>\n<li>Mycket stabil och halkfri<\/li>\n<li>M\u00e5ngsidig<\/li>\n<\/ul>\n<h3>Teknisk data:<\/h3>\n<ul>\n<li>F\u00e4rg gr\u00e5<\/li>\n<li>Material: sp\u00e5nskiva, plysch<\/li>\n<li>Totala m\u00e5tt: 60L x 40,5W x 59H cm<\/li>\n<li>Stegstorlek: 40,5W x 15L cm<\/li>\n<li>Stegh\u00f6jd: 15cm\/29,5cm\/45cm\/59,5cm<\/li>\n<li>Max lastkapacitet: 50 kg<\/li>\n<\/ul>\n<h3>Leveransens omfattning:<\/h3>\n<ul>\n<li>1 x Djurtrappa<\/li>\n<li>1 x Artikelinstruktioner<\/li>\n<\/ul>\n","protected":false},"excerpt":{"rendered":"<p>Stort trappparadis f\u00f6r dina husdjur! Den robusta trappan \u00e4r en absolut hj\u00e4lp f\u00f6r djur som katter, valpar och \u00e4ldre hundar&#8230;.<\/p>\n","protected":false},"featured_media":16762,"template":"","meta":[],"product_brand":[],"product_cat":[573,588,592],"product_tag":[],"class_list":{"0":"post-16761","1":"product","2":"type-product","3":"status-publish","4":"has-post-thumbnail","6":"product_cat-husdjursmaterial","7":"product_cat-katttillbehor","8":"product_cat-katttrappa","10":"first","11":"instock","12":"sale","13":"taxable","14":"shipping-taxable","15":"purchasable","16":"product-type-simple"},"yoast_head":"<!-- This site is optimized with the Yoast SEO plugin v25.4 - https:\/\/yoast.com\/wordpress\/plugins\/seo\/ -->\n<title>TRUUSK Djurtrappa 4-stegstrappa - F\u00f6r Katter Och Hundar - Plyschgr\u00e5 - 60 x 40,5 x 59 cm - TRUUSK - Hem, Tr\u00e4dg\u00e5rd &amp; Fritid<\/title>\n<meta name=\"robots\" content=\"index, follow, max-snippet:-1, max-image-preview:large, max-video-preview:-1\" \/>\n<link rel=\"canonical\" href=\"https:\/\/truusk.store\/sv\/produkt\/truusk-djurtrappa-4-stegstrappa-for-katter-och-hundar-plyschgra-60-x-405-x-59-cm\/\" \/>\n<meta property=\"og:locale\" content=\"sv_SE\" \/>\n<meta property=\"og:type\" content=\"article\" \/>\n<meta property=\"og:title\" content=\"TRUUSK Djurtrappa 4-stegstrappa - F\u00f6r Katter Och Hundar - Plyschgr\u00e5 - 60 x 40,5 x 59 cm - TRUUSK - Hem, Tr\u00e4dg\u00e5rd &amp; Fritid\" \/>\n<meta property=\"og:description\" content=\"Stort trappparadis f\u00f6r dina husdjur! Den robusta trappan \u00e4r en absolut hj\u00e4lp f\u00f6r djur som katter, valpar och \u00e4ldre hundar....\" \/>\n<meta property=\"og:url\" content=\"https:\/\/truusk.store\/sv\/produkt\/truusk-djurtrappa-4-stegstrappa-for-katter-och-hundar-plyschgra-60-x-405-x-59-cm\/\" \/>\n<meta property=\"og:site_name\" content=\"TRUUSK - Hem, Tr\u00e4dg\u00e5rd &amp; Fritid\" \/>\n<meta property=\"article:modified_time\" content=\"2026-03-12T08:00:40+00:00\" \/>\n<meta property=\"og:image\" content=\"https:\/\/i0.wp.com\/truusk.se\/wp-content\/uploads\/2024\/02\/djurtrappa-katttrappa-hundtrappa-4-stegstrappa-for-katter-och-hundar-plyschgra-60-x-405-x-59-cm.webp?fit=800%2C800&ssl=1\" \/>\n\t<meta property=\"og:image:width\" content=\"800\" \/>\n\t<meta property=\"og:image:height\" content=\"800\" \/>\n\t<meta property=\"og:image:type\" content=\"image\/webp\" \/>\n<meta name=\"twitter:card\" content=\"summary_large_image\" \/>\n<meta name=\"twitter:label1\" content=\"Ber\u00e4knad l\u00e4stid\" \/>\n\t<meta name=\"twitter:data1\" content=\"1 minut\" \/>\n<!-- \/ Yoast SEO plugin. -->","yoast_head_json":{"title":"TRUUSK Djurtrappa 4-stegstrappa - F\u00f6r Katter Och Hundar - Plyschgr\u00e5 - 60 x 40,5 x 59 cm - TRUUSK - Hem, Tr\u00e4dg\u00e5rd &amp; Fritid","robots":{"index":"index","follow":"follow","max-snippet":"max-snippet:-1","max-image-preview":"max-image-preview:large","max-video-preview":"max-video-preview:-1"},"canonical":"https:\/\/truusk.store\/sv\/produkt\/truusk-djurtrappa-4-stegstrappa-for-katter-och-hundar-plyschgra-60-x-405-x-59-cm\/","og_locale":"sv_SE","og_type":"article","og_title":"TRUUSK Djurtrappa 4-stegstrappa - F\u00f6r Katter Och Hundar - Plyschgr\u00e5 - 60 x 40,5 x 59 cm - TRUUSK - Hem, Tr\u00e4dg\u00e5rd &amp; Fritid","og_description":"Stort trappparadis f\u00f6r dina husdjur! Den robusta trappan \u00e4r en absolut hj\u00e4lp f\u00f6r djur som katter, valpar och \u00e4ldre hundar....","og_url":"https:\/\/truusk.store\/sv\/produkt\/truusk-djurtrappa-4-stegstrappa-for-katter-och-hundar-plyschgra-60-x-405-x-59-cm\/","og_site_name":"TRUUSK - Hem, Tr\u00e4dg\u00e5rd &amp; Fritid","article_modified_time":"2026-03-12T08:00:40+00:00","og_image":[{"width":800,"height":800,"url":"https:\/\/i0.wp.com\/truusk.se\/wp-content\/uploads\/2024\/02\/djurtrappa-katttrappa-hundtrappa-4-stegstrappa-for-katter-och-hundar-plyschgra-60-x-405-x-59-cm.webp?fit=800%2C800&ssl=1","type":"image\/webp"}],"twitter_card":"summary_large_image","twitter_misc":{"Ber\u00e4knad l\u00e4stid":"1 minut"},"schema":{"@context":"https:\/\/schema.org","@graph":[{"@type":"WebPage","@id":"https:\/\/truusk.store\/sv\/produkt\/truusk-djurtrappa-4-stegstrappa-for-katter-och-hundar-plyschgra-60-x-405-x-59-cm\/","url":"https:\/\/truusk.store\/sv\/produkt\/truusk-djurtrappa-4-stegstrappa-for-katter-och-hundar-plyschgra-60-x-405-x-59-cm\/","name":"TRUUSK Djurtrappa 4-stegstrappa - F\u00f6r Katter Och Hundar - Plyschgr\u00e5 - 60 x 40,5 x 59 cm - TRUUSK - Hem, Tr\u00e4dg\u00e5rd &amp; Fritid","isPartOf":{"@id":"https:\/\/truusk.store\/sv\/#website"},"primaryImageOfPage":{"@id":"https:\/\/truusk.store\/sv\/produkt\/truusk-djurtrappa-4-stegstrappa-for-katter-och-hundar-plyschgra-60-x-405-x-59-cm\/#primaryimage"},"image":{"@id":"https:\/\/truusk.store\/sv\/produkt\/truusk-djurtrappa-4-stegstrappa-for-katter-och-hundar-plyschgra-60-x-405-x-59-cm\/#primaryimage"},"thumbnailUrl":"https:\/\/i0.wp.com\/truusk.store\/wp-content\/uploads\/2024\/02\/djurtrappa-katttrappa-hundtrappa-4-stegstrappa-for-katter-och-hundar-plyschgra-60-x-405-x-59-cm.webp?fit=800%2C800&ssl=1","datePublished":"2024-02-13T12:16:40+00:00","dateModified":"2026-03-12T08:00:40+00:00","breadcrumb":{"@id":"https:\/\/truusk.store\/sv\/produkt\/truusk-djurtrappa-4-stegstrappa-for-katter-och-hundar-plyschgra-60-x-405-x-59-cm\/#breadcrumb"},"inLanguage":"sv-SE","potentialAction":[{"@type":"ReadAction","target":["https:\/\/truusk.store\/sv\/produkt\/truusk-djurtrappa-4-stegstrappa-for-katter-och-hundar-plyschgra-60-x-405-x-59-cm\/"]}]},{"@type":"ImageObject","inLanguage":"sv-SE","@id":"https:\/\/truusk.store\/sv\/produkt\/truusk-djurtrappa-4-stegstrappa-for-katter-och-hundar-plyschgra-60-x-405-x-59-cm\/#primaryimage","url":"https:\/\/i0.wp.com\/truusk.store\/wp-content\/uploads\/2024\/02\/djurtrappa-katttrappa-hundtrappa-4-stegstrappa-for-katter-och-hundar-plyschgra-60-x-405-x-59-cm.webp?fit=800%2C800&ssl=1","contentUrl":"https:\/\/i0.wp.com\/truusk.store\/wp-content\/uploads\/2024\/02\/djurtrappa-katttrappa-hundtrappa-4-stegstrappa-for-katter-och-hundar-plyschgra-60-x-405-x-59-cm.webp?fit=800%2C800&ssl=1","width":800,"height":800,"caption":"Djurtrappa Katttrappa Hundtrappa 4-stegstrappa F\u00f6r Katter Och Hundar Plyschgr\u00e5 60 X 40,5 X 59 Cm 1"},{"@type":"BreadcrumbList","@id":"https:\/\/truusk.store\/sv\/produkt\/truusk-djurtrappa-4-stegstrappa-for-katter-och-hundar-plyschgra-60-x-405-x-59-cm\/#breadcrumb","itemListElement":[{"@type":"ListItem","position":1,"name":"Home","item":"https:\/\/truusk.store\/sv\/"},{"@type":"ListItem","position":2,"name":"Shop","item":"https:\/\/truusk.store\/shop\/"},{"@type":"ListItem","position":3,"name":"TRUUSK Djurtrappa 4-stegstrappa &#8211; F\u00f6r Katter Och Hundar &#8211; Plyschgr\u00e5 &#8211; 60 x 40,5 x 59 cm"}]},{"@type":"WebSite","@id":"https:\/\/truusk.store\/sv\/#website","url":"https:\/\/truusk.store\/sv\/","name":"TRUUSK - Hem, Tr\u00e4dg\u00e5rd & Fritid","description":"","publisher":{"@id":"https:\/\/truusk.store\/sv\/#organization"},"potentialAction":[{"@type":"SearchAction","target":{"@type":"EntryPoint","urlTemplate":"https:\/\/truusk.store\/sv\/?s={search_term_string}"},"query-input":{"@type":"PropertyValueSpecification","valueRequired":true,"valueName":"search_term_string"}}],"inLanguage":"sv-SE"},{"@type":"Organization","@id":"https:\/\/truusk.store\/sv\/#organization","name":"TRUUSK - Hem, Tr\u00e4dg\u00e5rd & Fritid","url":"https:\/\/truusk.store\/sv\/","logo":{"@type":"ImageObject","inLanguage":"sv-SE","@id":"https:\/\/truusk.store\/sv\/#\/schema\/logo\/image\/","url":"https:\/\/i0.wp.com\/truusk.store\/wp-content\/uploads\/2026\/03\/cropped-TRUUSK.png?fit=2032%2C917&ssl=1","contentUrl":"https:\/\/i0.wp.com\/truusk.store\/wp-content\/uploads\/2026\/03\/cropped-TRUUSK.png?fit=2032%2C917&ssl=1","width":2032,"height":917,"caption":"TRUUSK - Hem, Tr\u00e4dg\u00e5rd & Fritid"},"image":{"@id":"https:\/\/truusk.store\/sv\/#\/schema\/logo\/image\/"}}]}},"jetpack_sharing_enabled":true,"_links":{"self":[{"href":"https:\/\/truusk.store\/sv\/wp-json\/wp\/v2\/product\/16761","targetHints":{"allow":["GET"]}}],"collection":[{"href":"https:\/\/truusk.store\/sv\/wp-json\/wp\/v2\/product"}],"about":[{"href":"https:\/\/truusk.store\/sv\/wp-json\/wp\/v2\/types\/product"}],"wp:featuredmedia":[{"embeddable":true,"href":"https:\/\/truusk.store\/sv\/wp-json\/wp\/v2\/media\/16762"}],"wp:attachment":[{"href":"https:\/\/truusk.store\/sv\/wp-json\/wp\/v2\/media?parent=16761"}],"wp:term":[{"taxonomy":"product_brand","embeddable":true,"href":"https:\/\/truusk.store\/sv\/wp-json\/wp\/v2\/product_brand?post=16761"},{"taxonomy":"product_cat","embeddable":true,"href":"https:\/\/truusk.store\/sv\/wp-json\/wp\/v2\/product_cat?post=16761"},{"taxonomy":"product_tag","embeddable":true,"href":"https:\/\/truusk.store\/sv\/wp-json\/wp\/v2\/product_tag?post=16761"}],"curies":[{"name":"wp","href":"https:\/\/api.w.org\/{rel}","templated":true}]}}