{"id":16813,"date":"2024-02-13T13:18:10","date_gmt":"2024-02-13T12:18:10","guid":{"rendered":"https:\/\/truusk.store\/product\/sidobord-c-formad-vagn-serveringsvagn-laptop-bord-soffbord-sidobord-sangbord-sangbord-med-metallram-industriell-design-sangbord-svart-valnot-korn-51-x-36-x-65-cm\/"},"modified":"2026-03-12T09:00:40","modified_gmt":"2026-03-12T08:00:40","slug":"truusk-sidobord-c-formad-serveringsvagn-med-laptop-bord-industriell-design-svart-valnot-51-x-36-x-65-cm","status":"publish","type":"product","link":"https:\/\/truusk.store\/sv\/produkt\/truusk-sidobord-c-formad-serveringsvagn-med-laptop-bord-industriell-design-svart-valnot-51-x-36-x-65-cm\/","title":{"rendered":"TRUUSK Sidobord C-formad &#8211; Serveringsvagn med Laptop Bord &#8211; Industriell Design &#8211; Svart + Valn\u00f6t &#8211; 51 x 36 x 65 cm"},"content":{"rendered":"<p>Vill du ocks\u00e5 ha ett sidobord som kan mer \u00e4n att bara st\u00e5 runt? har nu ett soffbord p\u00e5 hjul som tack vare sin C-form kan placeras bredvid eller till och med runt soffan och s\u00e4ngen. Med sin klassiska kombination av MDF i valn\u00f6tslook och svart metallram \u00e4r detta kompakta bord inte bara chict, utan \u00e4r \u00e4ven mobilt och troget vid din sida, oavsett om du ligger i s\u00e4ngen eller sitter i soffan. P\u00e5 s\u00e4ngbordets och hyllans bordsskiva finns dina drycker, tidningar och fj\u00e4rrkontroll alltid inom r\u00e4ckh\u00e5ll. S\u00e5 h\u00e4r f\u00f6rvandlas den romantiska frukosten p\u00e5 s\u00e4ngen fr\u00e5n en dr\u00f6m till verklighet!<\/p>\n<h3>Beskrivning:<\/h3>\n<ul>\n<li>Stilrent och multifunktionellt retro soffbord med tr\u00e4 \u00e5dring<\/li>\n<li>C-form glider l\u00e4tt under soffor, f\u00e5t\u00f6ljer eller s\u00e4ngar<\/li>\n<li>Tillverkad av robust MDF och st\u00e5l: h\u00e5llbar och l\u00e5ngvarig<\/li>\n<li>Bordsskivan och den nedre tr\u00e5dhyllan erbjuder gott om f\u00f6rvaringsutrymme f\u00f6r drycker och tidningar<\/li>\n<li>Fyra universalhjul: bekv\u00e4ma och r\u00f6rliga<\/li>\n<li>Melaminyta: vattent\u00e4t och l\u00e4tt att reng\u00f6ra<\/li>\n<li>Enkel och snabb montering<\/li>\n<\/ul>\n<h3>Teknisk data:<\/h3>\n<ul>\n<li>Material: MDF, st\u00e5l<\/li>\n<li>Svart f\u00e4rg<\/li>\n<li>Vikt: 5 kg<\/li>\n<li>\u00d6vergripande m\u00e5tt: L51 x B36 x H65 cm<\/li>\n<li>M\u00e5tt hylla: L50 x B35 cm<\/li>\n<li>Avst\u00e5nd mellan hylla och bordsskiva: 54 cm<\/li>\n<li>Avst\u00e5nd mellan hylla och golv: 6 cm<\/li>\n<li>Max lastkapacitet: 10 kg<\/li>\n<\/ul>\n<h3>Leveransens omfattning:<\/h3>\n<ul>\n<li>1 x Soffbord<\/li>\n<li>1 x Monteringsanvisning<\/li>\n<\/ul>\n","protected":false},"excerpt":{"rendered":"<p>Vill du ocks\u00e5 ha ett sidobord som kan mer \u00e4n att bara st\u00e5 runt? har nu ett soffbord p\u00e5 hjul&#8230;<\/p>\n","protected":false},"featured_media":16814,"template":"","meta":[],"product_brand":[],"product_cat":[485,505,501],"product_tag":[],"class_list":{"0":"post-16813","1":"product","2":"type-product","3":"status-publish","4":"has-post-thumbnail","6":"product_cat-hus-bo","7":"product_cat-soffa-och-sidobord","8":"product_cat-tabeller","10":"first","11":"instock","12":"sale","13":"taxable","14":"shipping-taxable","15":"purchasable","16":"product-type-simple"},"yoast_head":"<!-- This site is optimized with the Yoast SEO plugin v25.4 - https:\/\/yoast.com\/wordpress\/plugins\/seo\/ -->\n<title>TRUUSK Sidobord C-formad - Serveringsvagn med Laptop Bord - Industriell Design - Svart + Valn\u00f6t - 51 x 36 x 65 cm - TRUUSK - Hem, Tr\u00e4dg\u00e5rd &amp; Fritid<\/title>\n<meta name=\"robots\" content=\"index, follow, max-snippet:-1, max-image-preview:large, max-video-preview:-1\" \/>\n<link rel=\"canonical\" href=\"https:\/\/truusk.store\/sv\/produkt\/truusk-sidobord-c-formad-serveringsvagn-med-laptop-bord-industriell-design-svart-valnot-51-x-36-x-65-cm\/\" \/>\n<meta property=\"og:locale\" content=\"sv_SE\" \/>\n<meta property=\"og:type\" content=\"article\" \/>\n<meta property=\"og:title\" content=\"TRUUSK Sidobord C-formad - Serveringsvagn med Laptop Bord - Industriell Design - Svart + Valn\u00f6t - 51 x 36 x 65 cm - TRUUSK - Hem, Tr\u00e4dg\u00e5rd &amp; Fritid\" \/>\n<meta property=\"og:description\" content=\"Vill du ocks\u00e5 ha ett sidobord som kan mer \u00e4n att bara st\u00e5 runt? har nu ett soffbord p\u00e5 hjul...\" \/>\n<meta property=\"og:url\" content=\"https:\/\/truusk.store\/sv\/produkt\/truusk-sidobord-c-formad-serveringsvagn-med-laptop-bord-industriell-design-svart-valnot-51-x-36-x-65-cm\/\" \/>\n<meta property=\"og:site_name\" content=\"TRUUSK - Hem, Tr\u00e4dg\u00e5rd &amp; Fritid\" \/>\n<meta property=\"article:modified_time\" content=\"2026-03-12T08:00:40+00:00\" \/>\n<meta property=\"og:image\" content=\"https:\/\/i0.wp.com\/truusk.se\/wp-content\/uploads\/2024\/02\/sidobord-c-formad-vagn-serveringsvagn-laptop-bord-soffbord-sidobord-sangbord-sangbord-med-metallram-industriell-design-sangbord-svart-valnot-korn-51-x-36-x-65-cm.webp?fit=800%2C800&ssl=1\" \/>\n\t<meta property=\"og:image:width\" content=\"800\" \/>\n\t<meta property=\"og:image:height\" content=\"800\" \/>\n\t<meta property=\"og:image:type\" content=\"image\/webp\" \/>\n<meta name=\"twitter:card\" content=\"summary_large_image\" \/>\n<meta name=\"twitter:label1\" content=\"Ber\u00e4knad l\u00e4stid\" \/>\n\t<meta name=\"twitter:data1\" content=\"1 minut\" \/>\n<!-- \/ Yoast SEO plugin. -->","yoast_head_json":{"title":"TRUUSK Sidobord C-formad - Serveringsvagn med Laptop Bord - Industriell Design - Svart + Valn\u00f6t - 51 x 36 x 65 cm - TRUUSK - Hem, Tr\u00e4dg\u00e5rd &amp; Fritid","robots":{"index":"index","follow":"follow","max-snippet":"max-snippet:-1","max-image-preview":"max-image-preview:large","max-video-preview":"max-video-preview:-1"},"canonical":"https:\/\/truusk.store\/sv\/produkt\/truusk-sidobord-c-formad-serveringsvagn-med-laptop-bord-industriell-design-svart-valnot-51-x-36-x-65-cm\/","og_locale":"sv_SE","og_type":"article","og_title":"TRUUSK Sidobord C-formad - Serveringsvagn med Laptop Bord - Industriell Design - Svart + Valn\u00f6t - 51 x 36 x 65 cm - TRUUSK - Hem, Tr\u00e4dg\u00e5rd &amp; Fritid","og_description":"Vill du ocks\u00e5 ha ett sidobord som kan mer \u00e4n att bara st\u00e5 runt? har nu ett soffbord p\u00e5 hjul...","og_url":"https:\/\/truusk.store\/sv\/produkt\/truusk-sidobord-c-formad-serveringsvagn-med-laptop-bord-industriell-design-svart-valnot-51-x-36-x-65-cm\/","og_site_name":"TRUUSK - Hem, Tr\u00e4dg\u00e5rd &amp; Fritid","article_modified_time":"2026-03-12T08:00:40+00:00","og_image":[{"width":800,"height":800,"url":"https:\/\/i0.wp.com\/truusk.se\/wp-content\/uploads\/2024\/02\/sidobord-c-formad-vagn-serveringsvagn-laptop-bord-soffbord-sidobord-sangbord-sangbord-med-metallram-industriell-design-sangbord-svart-valnot-korn-51-x-36-x-65-cm.webp?fit=800%2C800&ssl=1","type":"image\/webp"}],"twitter_card":"summary_large_image","twitter_misc":{"Ber\u00e4knad l\u00e4stid":"1 minut"},"schema":{"@context":"https:\/\/schema.org","@graph":[{"@type":"WebPage","@id":"https:\/\/truusk.store\/sv\/produkt\/truusk-sidobord-c-formad-serveringsvagn-med-laptop-bord-industriell-design-svart-valnot-51-x-36-x-65-cm\/","url":"https:\/\/truusk.store\/sv\/produkt\/truusk-sidobord-c-formad-serveringsvagn-med-laptop-bord-industriell-design-svart-valnot-51-x-36-x-65-cm\/","name":"TRUUSK Sidobord C-formad - Serveringsvagn med Laptop Bord - Industriell Design - Svart + Valn\u00f6t - 51 x 36 x 65 cm - TRUUSK - Hem, Tr\u00e4dg\u00e5rd &amp; Fritid","isPartOf":{"@id":"https:\/\/truusk.store\/sv\/#website"},"primaryImageOfPage":{"@id":"https:\/\/truusk.store\/sv\/produkt\/truusk-sidobord-c-formad-serveringsvagn-med-laptop-bord-industriell-design-svart-valnot-51-x-36-x-65-cm\/#primaryimage"},"image":{"@id":"https:\/\/truusk.store\/sv\/produkt\/truusk-sidobord-c-formad-serveringsvagn-med-laptop-bord-industriell-design-svart-valnot-51-x-36-x-65-cm\/#primaryimage"},"thumbnailUrl":"https:\/\/i0.wp.com\/truusk.store\/wp-content\/uploads\/2024\/02\/sidobord-c-formad-vagn-serveringsvagn-laptop-bord-soffbord-sidobord-sangbord-sangbord-med-metallram-industriell-design-sangbord-svart-valnot-korn-51-x-36-x-65-cm.webp?fit=800%2C800&ssl=1","datePublished":"2024-02-13T12:18:10+00:00","dateModified":"2026-03-12T08:00:40+00:00","breadcrumb":{"@id":"https:\/\/truusk.store\/sv\/produkt\/truusk-sidobord-c-formad-serveringsvagn-med-laptop-bord-industriell-design-svart-valnot-51-x-36-x-65-cm\/#breadcrumb"},"inLanguage":"sv-SE","potentialAction":[{"@type":"ReadAction","target":["https:\/\/truusk.store\/sv\/produkt\/truusk-sidobord-c-formad-serveringsvagn-med-laptop-bord-industriell-design-svart-valnot-51-x-36-x-65-cm\/"]}]},{"@type":"ImageObject","inLanguage":"sv-SE","@id":"https:\/\/truusk.store\/sv\/produkt\/truusk-sidobord-c-formad-serveringsvagn-med-laptop-bord-industriell-design-svart-valnot-51-x-36-x-65-cm\/#primaryimage","url":"https:\/\/i0.wp.com\/truusk.store\/wp-content\/uploads\/2024\/02\/sidobord-c-formad-vagn-serveringsvagn-laptop-bord-soffbord-sidobord-sangbord-sangbord-med-metallram-industriell-design-sangbord-svart-valnot-korn-51-x-36-x-65-cm.webp?fit=800%2C800&ssl=1","contentUrl":"https:\/\/i0.wp.com\/truusk.store\/wp-content\/uploads\/2024\/02\/sidobord-c-formad-vagn-serveringsvagn-laptop-bord-soffbord-sidobord-sangbord-sangbord-med-metallram-industriell-design-sangbord-svart-valnot-korn-51-x-36-x-65-cm.webp?fit=800%2C800&ssl=1","width":800,"height":800,"caption":"Sidobord C-formad Vagn Serveringsvagn Laptop Bord Soffbord Sidobord S\u00e4ngbord S\u00e4ngbord Med Metallram Industriell Design S\u00e4ngbord Svart + Valn\u00f6t Korn 51 X 36 X 65 Cm 1"},{"@type":"BreadcrumbList","@id":"https:\/\/truusk.store\/sv\/produkt\/truusk-sidobord-c-formad-serveringsvagn-med-laptop-bord-industriell-design-svart-valnot-51-x-36-x-65-cm\/#breadcrumb","itemListElement":[{"@type":"ListItem","position":1,"name":"Home","item":"https:\/\/truusk.store\/sv\/"},{"@type":"ListItem","position":2,"name":"Shop","item":"https:\/\/truusk.store\/shop\/"},{"@type":"ListItem","position":3,"name":"TRUUSK Sidobord C-formad &#8211; Serveringsvagn med Laptop Bord &#8211; Industriell Design &#8211; Svart + Valn\u00f6t &#8211; 51 x 36 x 65 cm"}]},{"@type":"WebSite","@id":"https:\/\/truusk.store\/sv\/#website","url":"https:\/\/truusk.store\/sv\/","name":"TRUUSK - Hem, Tr\u00e4dg\u00e5rd & Fritid","description":"","publisher":{"@id":"https:\/\/truusk.store\/sv\/#organization"},"potentialAction":[{"@type":"SearchAction","target":{"@type":"EntryPoint","urlTemplate":"https:\/\/truusk.store\/sv\/?s={search_term_string}"},"query-input":{"@type":"PropertyValueSpecification","valueRequired":true,"valueName":"search_term_string"}}],"inLanguage":"sv-SE"},{"@type":"Organization","@id":"https:\/\/truusk.store\/sv\/#organization","name":"TRUUSK - Hem, Tr\u00e4dg\u00e5rd & Fritid","url":"https:\/\/truusk.store\/sv\/","logo":{"@type":"ImageObject","inLanguage":"sv-SE","@id":"https:\/\/truusk.store\/sv\/#\/schema\/logo\/image\/","url":"https:\/\/i0.wp.com\/truusk.store\/wp-content\/uploads\/2026\/03\/cropped-TRUUSK.png?fit=2032%2C917&ssl=1","contentUrl":"https:\/\/i0.wp.com\/truusk.store\/wp-content\/uploads\/2026\/03\/cropped-TRUUSK.png?fit=2032%2C917&ssl=1","width":2032,"height":917,"caption":"TRUUSK - Hem, Tr\u00e4dg\u00e5rd & Fritid"},"image":{"@id":"https:\/\/truusk.store\/sv\/#\/schema\/logo\/image\/"}}]}},"jetpack_sharing_enabled":true,"_links":{"self":[{"href":"https:\/\/truusk.store\/sv\/wp-json\/wp\/v2\/product\/16813","targetHints":{"allow":["GET"]}}],"collection":[{"href":"https:\/\/truusk.store\/sv\/wp-json\/wp\/v2\/product"}],"about":[{"href":"https:\/\/truusk.store\/sv\/wp-json\/wp\/v2\/types\/product"}],"wp:featuredmedia":[{"embeddable":true,"href":"https:\/\/truusk.store\/sv\/wp-json\/wp\/v2\/media\/16814"}],"wp:attachment":[{"href":"https:\/\/truusk.store\/sv\/wp-json\/wp\/v2\/media?parent=16813"}],"wp:term":[{"taxonomy":"product_brand","embeddable":true,"href":"https:\/\/truusk.store\/sv\/wp-json\/wp\/v2\/product_brand?post=16813"},{"taxonomy":"product_cat","embeddable":true,"href":"https:\/\/truusk.store\/sv\/wp-json\/wp\/v2\/product_cat?post=16813"},{"taxonomy":"product_tag","embeddable":true,"href":"https:\/\/truusk.store\/sv\/wp-json\/wp\/v2\/product_tag?post=16813"}],"curies":[{"name":"wp","href":"https:\/\/api.w.org\/{rel}","templated":true}]}}