{"id":16833,"date":"2024-02-13T13:18:41","date_gmt":"2024-02-13T12:18:41","guid":{"rendered":"https:\/\/truusk.store\/product\/football-rebounder-kickback-goal-rebound-wall-net-dubbelsidig-rebound-justerbar-i-5-nivaer-stalbla-100-x-95-x-90-cm\/"},"modified":"2026-03-12T09:00:40","modified_gmt":"2026-03-12T08:00:40","slug":"truusk-fotbolls-rebounder-kickback-mal-justerbar-i-5-nivaer-dubbelsidig-rebound-stalbla-100-x-95-x-90-cm","status":"publish","type":"product","link":"https:\/\/truusk.store\/sv\/produkt\/truusk-fotbolls-rebounder-kickback-mal-justerbar-i-5-nivaer-dubbelsidig-rebound-stalbla-100-x-95-x-90-cm\/","title":{"rendered":"TRUUSK Fotbolls Rebounder Kickback M\u00e5l &#8211; Justerbar I 5 Niv\u00e5er &#8211; Dubbelsidig Rebound &#8211; St\u00e5lbl\u00e5 &#8211; 100 x 95 x 90 cm"},"content":{"rendered":"<p>H\u00e5ll dina barn sysselsatta och utveckla deras \u00f6ga mot hand-koordination med detta rebounder-n\u00e4t. Det h\u00e4r \u00e4r en fantastisk enhet som hj\u00e4lper spelare att utveckla sin noggrannhet, kraft och bollkontroll och hj\u00e4lper dem att f\u00f6rb\u00e4ttra passningar, m\u00e5lh\u00e5llning, nickning och skytte. Den \u00e4r mycket enkel att montera med n\u00f6dv\u00e4ndiga installationstillbeh\u00f6r som ing\u00e5r.<\/p>\n<h3>Beskrivning:<\/h3>\n<ul>\n<li>Tillverkad av h\u00f6gkvalitativt pulverlackerat st\u00e5lr\u00f6r, t\u00e5l intensiva st\u00f6tar<\/li>\n<li>Allv\u00e4derbest\u00e4ndigt PE-n\u00e4t<\/li>\n<li>Justerbar vinkel f\u00f6r att b\u00e4ttre passa dina tr\u00e4ningsm\u00e5l<\/li>\n<li>L\u00e4tt att transportera och f\u00f6rvara tack vare dess vikbara design<\/li>\n<li>Perfekt f\u00f6r olika sporter inklusive fotboll, baseboll, fotboll och mer<\/li>\n<li>Hj\u00e4lper spelare att utveckla sina f\u00e4rdigheter i noggrannhet, kraft och bollkontroll<\/li>\n<li>Inkluderar stabilitetsankare f\u00f6r att f\u00f6rhindra att den v\u00e4lter under anv\u00e4ndning<\/li>\n<li>Enkel montering kr\u00e4vs<\/li>\n<\/ul>\n<h3>Teknisk data:<\/h3>\n<ul>\n<li>Material: PE-v\u00e4v, st\u00e5lr\u00f6r<\/li>\n<li>F\u00e4rg bl\u00e5<\/li>\n<li>Totala m\u00e5tt: 100L x 95D x 90H cm<\/li>\n<li>Nettostorlek: 91L x 91W cm<\/li>\n<li>Storlek hopf\u00e4lld: 100L x 99W x 8,5H cm<\/li>\n<li>Nettovikt: 5,9 kg<\/li>\n<\/ul>\n<h3>Leveransens omfattning:<\/h3>\n<ul>\n<li>1 x Rebounder-n\u00e4t<\/li>\n<li>40 x sp\u00e4nne<\/li>\n<li>4 J-formade slipade spikar<\/li>\n<\/ul>\n","protected":false},"excerpt":{"rendered":"<p>H\u00e5ll dina barn sysselsatta och utveckla deras \u00f6ga mot hand-koordination med detta rebounder-n\u00e4t. Det h\u00e4r \u00e4r en fantastisk enhet som&#8230;<\/p>\n","protected":false},"featured_media":16834,"template":"","meta":[],"product_brand":[],"product_cat":[669,647],"product_tag":[],"class_list":{"0":"post-16833","1":"product","2":"type-product","3":"status-publish","4":"has-post-thumbnail","6":"product_cat-bollsporter","7":"product_cat-sport-fritid","9":"first","10":"instock","11":"sale","12":"taxable","13":"shipping-taxable","14":"purchasable","15":"product-type-simple"},"yoast_head":"<!-- This site is optimized with the Yoast SEO plugin v25.4 - https:\/\/yoast.com\/wordpress\/plugins\/seo\/ -->\n<title>TRUUSK Fotbolls Rebounder Kickback M\u00e5l - Justerbar I 5 Niv\u00e5er - Dubbelsidig Rebound - St\u00e5lbl\u00e5 - 100 x 95 x 90 cm - TRUUSK - Hem, Tr\u00e4dg\u00e5rd &amp; Fritid<\/title>\n<meta name=\"robots\" content=\"index, follow, max-snippet:-1, max-image-preview:large, max-video-preview:-1\" \/>\n<link rel=\"canonical\" href=\"https:\/\/truusk.store\/sv\/produkt\/truusk-fotbolls-rebounder-kickback-mal-justerbar-i-5-nivaer-dubbelsidig-rebound-stalbla-100-x-95-x-90-cm\/\" \/>\n<meta property=\"og:locale\" content=\"sv_SE\" \/>\n<meta property=\"og:type\" content=\"article\" \/>\n<meta property=\"og:title\" content=\"TRUUSK Fotbolls Rebounder Kickback M\u00e5l - Justerbar I 5 Niv\u00e5er - Dubbelsidig Rebound - St\u00e5lbl\u00e5 - 100 x 95 x 90 cm - TRUUSK - Hem, Tr\u00e4dg\u00e5rd &amp; Fritid\" \/>\n<meta property=\"og:description\" content=\"H\u00e5ll dina barn sysselsatta och utveckla deras \u00f6ga mot hand-koordination med detta rebounder-n\u00e4t. Det h\u00e4r \u00e4r en fantastisk enhet som...\" \/>\n<meta property=\"og:url\" content=\"https:\/\/truusk.store\/sv\/produkt\/truusk-fotbolls-rebounder-kickback-mal-justerbar-i-5-nivaer-dubbelsidig-rebound-stalbla-100-x-95-x-90-cm\/\" \/>\n<meta property=\"og:site_name\" content=\"TRUUSK - Hem, Tr\u00e4dg\u00e5rd &amp; Fritid\" \/>\n<meta property=\"article:modified_time\" content=\"2026-03-12T08:00:40+00:00\" \/>\n<meta property=\"og:image\" content=\"https:\/\/i0.wp.com\/truusk.se\/wp-content\/uploads\/2024\/02\/football-rebounder-kickback-goal-rebound-wall-net-dubbelsidig-rebound-justerbar-i-5-nivaer-stalbla-100-x-95-x-90-cm.webp?fit=800%2C800&ssl=1\" \/>\n\t<meta property=\"og:image:width\" content=\"800\" \/>\n\t<meta property=\"og:image:height\" content=\"800\" \/>\n\t<meta property=\"og:image:type\" content=\"image\/webp\" \/>\n<meta name=\"twitter:card\" content=\"summary_large_image\" \/>\n<meta name=\"twitter:label1\" content=\"Ber\u00e4knad l\u00e4stid\" \/>\n\t<meta name=\"twitter:data1\" content=\"1 minut\" \/>\n<!-- \/ Yoast SEO plugin. -->","yoast_head_json":{"title":"TRUUSK Fotbolls Rebounder Kickback M\u00e5l - Justerbar I 5 Niv\u00e5er - Dubbelsidig Rebound - St\u00e5lbl\u00e5 - 100 x 95 x 90 cm - TRUUSK - Hem, Tr\u00e4dg\u00e5rd &amp; Fritid","robots":{"index":"index","follow":"follow","max-snippet":"max-snippet:-1","max-image-preview":"max-image-preview:large","max-video-preview":"max-video-preview:-1"},"canonical":"https:\/\/truusk.store\/sv\/produkt\/truusk-fotbolls-rebounder-kickback-mal-justerbar-i-5-nivaer-dubbelsidig-rebound-stalbla-100-x-95-x-90-cm\/","og_locale":"sv_SE","og_type":"article","og_title":"TRUUSK Fotbolls Rebounder Kickback M\u00e5l - Justerbar I 5 Niv\u00e5er - Dubbelsidig Rebound - St\u00e5lbl\u00e5 - 100 x 95 x 90 cm - TRUUSK - Hem, Tr\u00e4dg\u00e5rd &amp; Fritid","og_description":"H\u00e5ll dina barn sysselsatta och utveckla deras \u00f6ga mot hand-koordination med detta rebounder-n\u00e4t. Det h\u00e4r \u00e4r en fantastisk enhet som...","og_url":"https:\/\/truusk.store\/sv\/produkt\/truusk-fotbolls-rebounder-kickback-mal-justerbar-i-5-nivaer-dubbelsidig-rebound-stalbla-100-x-95-x-90-cm\/","og_site_name":"TRUUSK - Hem, Tr\u00e4dg\u00e5rd &amp; Fritid","article_modified_time":"2026-03-12T08:00:40+00:00","og_image":[{"width":800,"height":800,"url":"https:\/\/i0.wp.com\/truusk.se\/wp-content\/uploads\/2024\/02\/football-rebounder-kickback-goal-rebound-wall-net-dubbelsidig-rebound-justerbar-i-5-nivaer-stalbla-100-x-95-x-90-cm.webp?fit=800%2C800&ssl=1","type":"image\/webp"}],"twitter_card":"summary_large_image","twitter_misc":{"Ber\u00e4knad l\u00e4stid":"1 minut"},"schema":{"@context":"https:\/\/schema.org","@graph":[{"@type":"WebPage","@id":"https:\/\/truusk.store\/sv\/produkt\/truusk-fotbolls-rebounder-kickback-mal-justerbar-i-5-nivaer-dubbelsidig-rebound-stalbla-100-x-95-x-90-cm\/","url":"https:\/\/truusk.store\/sv\/produkt\/truusk-fotbolls-rebounder-kickback-mal-justerbar-i-5-nivaer-dubbelsidig-rebound-stalbla-100-x-95-x-90-cm\/","name":"TRUUSK Fotbolls Rebounder Kickback M\u00e5l - Justerbar I 5 Niv\u00e5er - Dubbelsidig Rebound - St\u00e5lbl\u00e5 - 100 x 95 x 90 cm - TRUUSK - Hem, Tr\u00e4dg\u00e5rd &amp; Fritid","isPartOf":{"@id":"https:\/\/truusk.store\/sv\/#website"},"primaryImageOfPage":{"@id":"https:\/\/truusk.store\/sv\/produkt\/truusk-fotbolls-rebounder-kickback-mal-justerbar-i-5-nivaer-dubbelsidig-rebound-stalbla-100-x-95-x-90-cm\/#primaryimage"},"image":{"@id":"https:\/\/truusk.store\/sv\/produkt\/truusk-fotbolls-rebounder-kickback-mal-justerbar-i-5-nivaer-dubbelsidig-rebound-stalbla-100-x-95-x-90-cm\/#primaryimage"},"thumbnailUrl":"https:\/\/i0.wp.com\/truusk.store\/wp-content\/uploads\/2024\/02\/football-rebounder-kickback-goal-rebound-wall-net-dubbelsidig-rebound-justerbar-i-5-nivaer-stalbla-100-x-95-x-90-cm.webp?fit=800%2C800&ssl=1","datePublished":"2024-02-13T12:18:41+00:00","dateModified":"2026-03-12T08:00:40+00:00","breadcrumb":{"@id":"https:\/\/truusk.store\/sv\/produkt\/truusk-fotbolls-rebounder-kickback-mal-justerbar-i-5-nivaer-dubbelsidig-rebound-stalbla-100-x-95-x-90-cm\/#breadcrumb"},"inLanguage":"sv-SE","potentialAction":[{"@type":"ReadAction","target":["https:\/\/truusk.store\/sv\/produkt\/truusk-fotbolls-rebounder-kickback-mal-justerbar-i-5-nivaer-dubbelsidig-rebound-stalbla-100-x-95-x-90-cm\/"]}]},{"@type":"ImageObject","inLanguage":"sv-SE","@id":"https:\/\/truusk.store\/sv\/produkt\/truusk-fotbolls-rebounder-kickback-mal-justerbar-i-5-nivaer-dubbelsidig-rebound-stalbla-100-x-95-x-90-cm\/#primaryimage","url":"https:\/\/i0.wp.com\/truusk.store\/wp-content\/uploads\/2024\/02\/football-rebounder-kickback-goal-rebound-wall-net-dubbelsidig-rebound-justerbar-i-5-nivaer-stalbla-100-x-95-x-90-cm.webp?fit=800%2C800&ssl=1","contentUrl":"https:\/\/i0.wp.com\/truusk.store\/wp-content\/uploads\/2024\/02\/football-rebounder-kickback-goal-rebound-wall-net-dubbelsidig-rebound-justerbar-i-5-nivaer-stalbla-100-x-95-x-90-cm.webp?fit=800%2C800&ssl=1","width":800,"height":800,"caption":"Football Rebounder Kickback Goal Rebound Wall Net Dubbelsidig Rebound Justerbar I 5 Niv\u00e5er St\u00e5lbl\u00e5 100 X 95 X 90 Cm 1"},{"@type":"BreadcrumbList","@id":"https:\/\/truusk.store\/sv\/produkt\/truusk-fotbolls-rebounder-kickback-mal-justerbar-i-5-nivaer-dubbelsidig-rebound-stalbla-100-x-95-x-90-cm\/#breadcrumb","itemListElement":[{"@type":"ListItem","position":1,"name":"Home","item":"https:\/\/truusk.store\/sv\/"},{"@type":"ListItem","position":2,"name":"Shop","item":"https:\/\/truusk.store\/shop\/"},{"@type":"ListItem","position":3,"name":"TRUUSK Fotbolls Rebounder Kickback M\u00e5l &#8211; Justerbar I 5 Niv\u00e5er &#8211; Dubbelsidig Rebound &#8211; St\u00e5lbl\u00e5 &#8211; 100 x 95 x 90 cm"}]},{"@type":"WebSite","@id":"https:\/\/truusk.store\/sv\/#website","url":"https:\/\/truusk.store\/sv\/","name":"TRUUSK - Hem, Tr\u00e4dg\u00e5rd & Fritid","description":"","publisher":{"@id":"https:\/\/truusk.store\/sv\/#organization"},"potentialAction":[{"@type":"SearchAction","target":{"@type":"EntryPoint","urlTemplate":"https:\/\/truusk.store\/sv\/?s={search_term_string}"},"query-input":{"@type":"PropertyValueSpecification","valueRequired":true,"valueName":"search_term_string"}}],"inLanguage":"sv-SE"},{"@type":"Organization","@id":"https:\/\/truusk.store\/sv\/#organization","name":"TRUUSK - Hem, Tr\u00e4dg\u00e5rd & Fritid","url":"https:\/\/truusk.store\/sv\/","logo":{"@type":"ImageObject","inLanguage":"sv-SE","@id":"https:\/\/truusk.store\/sv\/#\/schema\/logo\/image\/","url":"https:\/\/i0.wp.com\/truusk.store\/wp-content\/uploads\/2026\/03\/cropped-TRUUSK.png?fit=2032%2C917&ssl=1","contentUrl":"https:\/\/i0.wp.com\/truusk.store\/wp-content\/uploads\/2026\/03\/cropped-TRUUSK.png?fit=2032%2C917&ssl=1","width":2032,"height":917,"caption":"TRUUSK - Hem, Tr\u00e4dg\u00e5rd & Fritid"},"image":{"@id":"https:\/\/truusk.store\/sv\/#\/schema\/logo\/image\/"}}]}},"jetpack_sharing_enabled":true,"_links":{"self":[{"href":"https:\/\/truusk.store\/sv\/wp-json\/wp\/v2\/product\/16833","targetHints":{"allow":["GET"]}}],"collection":[{"href":"https:\/\/truusk.store\/sv\/wp-json\/wp\/v2\/product"}],"about":[{"href":"https:\/\/truusk.store\/sv\/wp-json\/wp\/v2\/types\/product"}],"wp:featuredmedia":[{"embeddable":true,"href":"https:\/\/truusk.store\/sv\/wp-json\/wp\/v2\/media\/16834"}],"wp:attachment":[{"href":"https:\/\/truusk.store\/sv\/wp-json\/wp\/v2\/media?parent=16833"}],"wp:term":[{"taxonomy":"product_brand","embeddable":true,"href":"https:\/\/truusk.store\/sv\/wp-json\/wp\/v2\/product_brand?post=16833"},{"taxonomy":"product_cat","embeddable":true,"href":"https:\/\/truusk.store\/sv\/wp-json\/wp\/v2\/product_cat?post=16833"},{"taxonomy":"product_tag","embeddable":true,"href":"https:\/\/truusk.store\/sv\/wp-json\/wp\/v2\/product_tag?post=16833"}],"curies":[{"name":"wp","href":"https:\/\/api.w.org\/{rel}","templated":true}]}}