{"id":16864,"date":"2024-02-13T13:19:33","date_gmt":"2024-02-13T12:19:33","guid":{"rendered":"https:\/\/truusk.store\/product\/gym-kraftstation-fitnessstation-multigym-fitnesscenter-fitnessmaskin-inkl-vikter-med-rullstoppning-stal-konstlader-svart-148-x-108-x-207-cm\/"},"modified":"2026-03-12T09:00:40","modified_gmt":"2026-03-12T08:00:40","slug":"truusk-fitnessstation-multigym-inklapbaar-met-gewichten-stalen-frame-kunstleer-zwart-148-x-108-x-207-cm","status":"publish","type":"product","link":"https:\/\/truusk.store\/sv\/produkt\/truusk-fitnessstation-multigym-inklapbaar-met-gewichten-stalen-frame-kunstleer-zwart-148-x-108-x-207-cm\/","title":{"rendered":"TRUUSK Fitnessstation Multigym &#8211; Inklapbaar met Gewichten &#8211; Stalen Frame &#8211; Kunstleer &#8211; Zwart 148 x 108 x 207 cm"},"content":{"rendered":"<p>Med denna multifunktionella tr\u00e4ningsstation kan du ta din tr\u00e4ning i egna h\u00e4nder hemma eller p\u00e5 kontoret. Tr\u00e4na hela din kropp med denna tr\u00e4ningsutrustning. Du kan anv\u00e4nda den f\u00f6r att tr\u00e4na dina armar, ben, midja, h\u00f6fter och mage. Olika avst\u00e5nd och vinklar kan justeras f\u00f6r att m\u00f6ta dina olika behov. Njut av inomhustr\u00e4ning hemma f\u00f6r att h\u00e5lla din kropp frisk.<\/p>\n<h3>Beskrivning:<\/h3>\n<ul>\n<li>Robust st\u00e5l och h\u00f6gkvalitativt konstl\u00e4der med en stabil struktur f\u00f6r l\u00e5ngvarig p\u00e5litlig anv\u00e4ndning<\/li>\n<li>Du kan anv\u00e4nda den f\u00f6r att tr\u00e4na dina armar, ben, midja, h\u00f6fter och mage<\/li>\n<li>Motviktens totala vikt \u00e4r 45 kg, inklusive 9 stycken 4,6 kg motviktsblock och 1 stycke 3,6 kg motviktsblock<\/li>\n<li>L\u00e4mplig f\u00f6r anv\u00e4ndare med en h\u00f6jd p\u00e5 160-200 cm<\/li>\n<li>Halkfria \u00e4ndstycken g\u00f6r enheten stark och stabil<\/li>\n<li>Perfekt f\u00f6r hem, kontor och gym<\/li>\n<li>Montering kr\u00e4vs<\/li>\n<\/ul>\n<h3>Teknisk data:<\/h3>\n<ul>\n<li>Svart f\u00e4rg<\/li>\n<li>Material: st\u00e5l, konstl\u00e4der<\/li>\n<li>\u00d6vergripande m\u00e5tt: 148L x 108W x 207H cm<\/li>\n<li>Sits: 35L x 32W x 4D cm<\/li>\n<li>\u00d6verkroppens r\u00f6relseutrymme: 45L x 60W x 105H cm<\/li>\n<li>Ryggst\u00f6d: 68L x 27W x 4D cm<\/li>\n<li>B\u00f6jarmens rotationsvinkel \u00e4r 0-90<\/li>\n<li>Nedre dragst\u00e5ng: 2,5 x 36L cm<\/li>\n<li>Max lastkapacitet: 120 kg<\/li>\n<\/ul>\n<h3>Leveransens omfattning:<\/h3>\n<ul>\n<li>1 x GYM multigym<\/li>\n<li>10 x Motvikt<\/li>\n<li>1 x Instruktioner<\/li>\n<\/ul>\n","protected":false},"excerpt":{"rendered":"<p>Med denna multifunktionella tr\u00e4ningsstation kan du ta din tr\u00e4ning i egna h\u00e4nder hemma eller p\u00e5 kontoret. Tr\u00e4na hela din kropp&#8230;<\/p>\n","protected":false},"featured_media":16865,"template":"","meta":[],"product_brand":[],"product_cat":[661,647,665],"product_tag":[],"class_list":{"0":"post-16864","1":"product","2":"type-product","3":"status-publish","4":"has-post-thumbnail","6":"product_cat-kondition-styrketraning","7":"product_cat-sport-fritid","8":"product_cat-styrketraning","10":"first","11":"instock","12":"sale","13":"taxable","14":"shipping-taxable","15":"purchasable","16":"product-type-simple"},"yoast_head":"<!-- This site is optimized with the Yoast SEO plugin v25.4 - https:\/\/yoast.com\/wordpress\/plugins\/seo\/ -->\n<title>TRUUSK Fitnessstation Multigym - Inklapbaar met Gewichten - Stalen Frame - Kunstleer - Zwart 148 x 108 x 207 cm - TRUUSK - Hem, Tr\u00e4dg\u00e5rd &amp; Fritid<\/title>\n<meta name=\"robots\" content=\"index, follow, max-snippet:-1, max-image-preview:large, max-video-preview:-1\" \/>\n<link rel=\"canonical\" href=\"https:\/\/truusk.store\/sv\/produkt\/truusk-fitnessstation-multigym-inklapbaar-met-gewichten-stalen-frame-kunstleer-zwart-148-x-108-x-207-cm\/\" \/>\n<meta property=\"og:locale\" content=\"sv_SE\" \/>\n<meta property=\"og:type\" content=\"article\" \/>\n<meta property=\"og:title\" content=\"TRUUSK Fitnessstation Multigym - Inklapbaar met Gewichten - Stalen Frame - Kunstleer - Zwart 148 x 108 x 207 cm - TRUUSK - Hem, Tr\u00e4dg\u00e5rd &amp; Fritid\" \/>\n<meta property=\"og:description\" content=\"Med denna multifunktionella tr\u00e4ningsstation kan du ta din tr\u00e4ning i egna h\u00e4nder hemma eller p\u00e5 kontoret. Tr\u00e4na hela din kropp...\" \/>\n<meta property=\"og:url\" content=\"https:\/\/truusk.store\/sv\/produkt\/truusk-fitnessstation-multigym-inklapbaar-met-gewichten-stalen-frame-kunstleer-zwart-148-x-108-x-207-cm\/\" \/>\n<meta property=\"og:site_name\" content=\"TRUUSK - Hem, Tr\u00e4dg\u00e5rd &amp; Fritid\" \/>\n<meta property=\"article:modified_time\" content=\"2026-03-12T08:00:40+00:00\" \/>\n<meta property=\"og:image\" content=\"https:\/\/i0.wp.com\/truusk.se\/wp-content\/uploads\/2024\/02\/gym-kraftstation-fitnessstation-multigym-fitnesscenter-fitnessmaskin-inkl-vikter-med-rullstoppning-stal-konstlader-svart-148-x-108-x-207-cm.webp?fit=800%2C800&ssl=1\" \/>\n\t<meta property=\"og:image:width\" content=\"800\" \/>\n\t<meta property=\"og:image:height\" content=\"800\" \/>\n\t<meta property=\"og:image:type\" content=\"image\/webp\" \/>\n<meta name=\"twitter:card\" content=\"summary_large_image\" \/>\n<meta name=\"twitter:label1\" content=\"Ber\u00e4knad l\u00e4stid\" \/>\n\t<meta name=\"twitter:data1\" content=\"1 minut\" \/>\n<!-- \/ Yoast SEO plugin. -->","yoast_head_json":{"title":"TRUUSK Fitnessstation Multigym - Inklapbaar met Gewichten - Stalen Frame - Kunstleer - Zwart 148 x 108 x 207 cm - TRUUSK - Hem, Tr\u00e4dg\u00e5rd &amp; Fritid","robots":{"index":"index","follow":"follow","max-snippet":"max-snippet:-1","max-image-preview":"max-image-preview:large","max-video-preview":"max-video-preview:-1"},"canonical":"https:\/\/truusk.store\/sv\/produkt\/truusk-fitnessstation-multigym-inklapbaar-met-gewichten-stalen-frame-kunstleer-zwart-148-x-108-x-207-cm\/","og_locale":"sv_SE","og_type":"article","og_title":"TRUUSK Fitnessstation Multigym - Inklapbaar met Gewichten - Stalen Frame - Kunstleer - Zwart 148 x 108 x 207 cm - TRUUSK - Hem, Tr\u00e4dg\u00e5rd &amp; Fritid","og_description":"Med denna multifunktionella tr\u00e4ningsstation kan du ta din tr\u00e4ning i egna h\u00e4nder hemma eller p\u00e5 kontoret. Tr\u00e4na hela din kropp...","og_url":"https:\/\/truusk.store\/sv\/produkt\/truusk-fitnessstation-multigym-inklapbaar-met-gewichten-stalen-frame-kunstleer-zwart-148-x-108-x-207-cm\/","og_site_name":"TRUUSK - Hem, Tr\u00e4dg\u00e5rd &amp; Fritid","article_modified_time":"2026-03-12T08:00:40+00:00","og_image":[{"width":800,"height":800,"url":"https:\/\/i0.wp.com\/truusk.se\/wp-content\/uploads\/2024\/02\/gym-kraftstation-fitnessstation-multigym-fitnesscenter-fitnessmaskin-inkl-vikter-med-rullstoppning-stal-konstlader-svart-148-x-108-x-207-cm.webp?fit=800%2C800&ssl=1","type":"image\/webp"}],"twitter_card":"summary_large_image","twitter_misc":{"Ber\u00e4knad l\u00e4stid":"1 minut"},"schema":{"@context":"https:\/\/schema.org","@graph":[{"@type":"WebPage","@id":"https:\/\/truusk.store\/sv\/produkt\/truusk-fitnessstation-multigym-inklapbaar-met-gewichten-stalen-frame-kunstleer-zwart-148-x-108-x-207-cm\/","url":"https:\/\/truusk.store\/sv\/produkt\/truusk-fitnessstation-multigym-inklapbaar-met-gewichten-stalen-frame-kunstleer-zwart-148-x-108-x-207-cm\/","name":"TRUUSK Fitnessstation Multigym - Inklapbaar met Gewichten - Stalen Frame - Kunstleer - Zwart 148 x 108 x 207 cm - TRUUSK - Hem, Tr\u00e4dg\u00e5rd &amp; Fritid","isPartOf":{"@id":"https:\/\/truusk.store\/sv\/#website"},"primaryImageOfPage":{"@id":"https:\/\/truusk.store\/sv\/produkt\/truusk-fitnessstation-multigym-inklapbaar-met-gewichten-stalen-frame-kunstleer-zwart-148-x-108-x-207-cm\/#primaryimage"},"image":{"@id":"https:\/\/truusk.store\/sv\/produkt\/truusk-fitnessstation-multigym-inklapbaar-met-gewichten-stalen-frame-kunstleer-zwart-148-x-108-x-207-cm\/#primaryimage"},"thumbnailUrl":"https:\/\/i0.wp.com\/truusk.store\/wp-content\/uploads\/2024\/02\/gym-kraftstation-fitnessstation-multigym-fitnesscenter-fitnessmaskin-inkl-vikter-med-rullstoppning-stal-konstlader-svart-148-x-108-x-207-cm.webp?fit=800%2C800&ssl=1","datePublished":"2024-02-13T12:19:33+00:00","dateModified":"2026-03-12T08:00:40+00:00","breadcrumb":{"@id":"https:\/\/truusk.store\/sv\/produkt\/truusk-fitnessstation-multigym-inklapbaar-met-gewichten-stalen-frame-kunstleer-zwart-148-x-108-x-207-cm\/#breadcrumb"},"inLanguage":"sv-SE","potentialAction":[{"@type":"ReadAction","target":["https:\/\/truusk.store\/sv\/produkt\/truusk-fitnessstation-multigym-inklapbaar-met-gewichten-stalen-frame-kunstleer-zwart-148-x-108-x-207-cm\/"]}]},{"@type":"ImageObject","inLanguage":"sv-SE","@id":"https:\/\/truusk.store\/sv\/produkt\/truusk-fitnessstation-multigym-inklapbaar-met-gewichten-stalen-frame-kunstleer-zwart-148-x-108-x-207-cm\/#primaryimage","url":"https:\/\/i0.wp.com\/truusk.store\/wp-content\/uploads\/2024\/02\/gym-kraftstation-fitnessstation-multigym-fitnesscenter-fitnessmaskin-inkl-vikter-med-rullstoppning-stal-konstlader-svart-148-x-108-x-207-cm.webp?fit=800%2C800&ssl=1","contentUrl":"https:\/\/i0.wp.com\/truusk.store\/wp-content\/uploads\/2024\/02\/gym-kraftstation-fitnessstation-multigym-fitnesscenter-fitnessmaskin-inkl-vikter-med-rullstoppning-stal-konstlader-svart-148-x-108-x-207-cm.webp?fit=800%2C800&ssl=1","width":800,"height":800,"caption":"Gym Kraftstation Fitnessstation Multigym Fitnesscenter Fitnessmaskin Inkl Vikter Med Rullstoppning St\u00e5l Konstl\u00e4der Svart 148 X 108 X 207 Cm 1"},{"@type":"BreadcrumbList","@id":"https:\/\/truusk.store\/sv\/produkt\/truusk-fitnessstation-multigym-inklapbaar-met-gewichten-stalen-frame-kunstleer-zwart-148-x-108-x-207-cm\/#breadcrumb","itemListElement":[{"@type":"ListItem","position":1,"name":"Home","item":"https:\/\/truusk.store\/sv\/"},{"@type":"ListItem","position":2,"name":"Shop","item":"https:\/\/truusk.store\/shop\/"},{"@type":"ListItem","position":3,"name":"TRUUSK Fitnessstation Multigym &#8211; Inklapbaar met Gewichten &#8211; Stalen Frame &#8211; Kunstleer &#8211; Zwart 148 x 108 x 207 cm"}]},{"@type":"WebSite","@id":"https:\/\/truusk.store\/sv\/#website","url":"https:\/\/truusk.store\/sv\/","name":"TRUUSK - Hem, Tr\u00e4dg\u00e5rd & Fritid","description":"","publisher":{"@id":"https:\/\/truusk.store\/sv\/#organization"},"potentialAction":[{"@type":"SearchAction","target":{"@type":"EntryPoint","urlTemplate":"https:\/\/truusk.store\/sv\/?s={search_term_string}"},"query-input":{"@type":"PropertyValueSpecification","valueRequired":true,"valueName":"search_term_string"}}],"inLanguage":"sv-SE"},{"@type":"Organization","@id":"https:\/\/truusk.store\/sv\/#organization","name":"TRUUSK - Hem, Tr\u00e4dg\u00e5rd & Fritid","url":"https:\/\/truusk.store\/sv\/","logo":{"@type":"ImageObject","inLanguage":"sv-SE","@id":"https:\/\/truusk.store\/sv\/#\/schema\/logo\/image\/","url":"https:\/\/i0.wp.com\/truusk.store\/wp-content\/uploads\/2026\/03\/cropped-TRUUSK.png?fit=2032%2C917&ssl=1","contentUrl":"https:\/\/i0.wp.com\/truusk.store\/wp-content\/uploads\/2026\/03\/cropped-TRUUSK.png?fit=2032%2C917&ssl=1","width":2032,"height":917,"caption":"TRUUSK - Hem, Tr\u00e4dg\u00e5rd & Fritid"},"image":{"@id":"https:\/\/truusk.store\/sv\/#\/schema\/logo\/image\/"}}]}},"jetpack_sharing_enabled":true,"_links":{"self":[{"href":"https:\/\/truusk.store\/sv\/wp-json\/wp\/v2\/product\/16864","targetHints":{"allow":["GET"]}}],"collection":[{"href":"https:\/\/truusk.store\/sv\/wp-json\/wp\/v2\/product"}],"about":[{"href":"https:\/\/truusk.store\/sv\/wp-json\/wp\/v2\/types\/product"}],"wp:featuredmedia":[{"embeddable":true,"href":"https:\/\/truusk.store\/sv\/wp-json\/wp\/v2\/media\/16865"}],"wp:attachment":[{"href":"https:\/\/truusk.store\/sv\/wp-json\/wp\/v2\/media?parent=16864"}],"wp:term":[{"taxonomy":"product_brand","embeddable":true,"href":"https:\/\/truusk.store\/sv\/wp-json\/wp\/v2\/product_brand?post=16864"},{"taxonomy":"product_cat","embeddable":true,"href":"https:\/\/truusk.store\/sv\/wp-json\/wp\/v2\/product_cat?post=16864"},{"taxonomy":"product_tag","embeddable":true,"href":"https:\/\/truusk.store\/sv\/wp-json\/wp\/v2\/product_tag?post=16864"}],"curies":[{"name":"wp","href":"https:\/\/api.w.org\/{rel}","templated":true}]}}