{"id":16884,"date":"2024-02-13T13:22:04","date_gmt":"2024-02-13T12:22:04","guid":{"rendered":"https:\/\/truusk.store\/product\/vespa-elmotorcykel-barnmotorcykel-elfordon-18-36-manader-3km-h-led-ljusljud-pp-plast-metallrod-665-x-38-x-52-cm\/"},"modified":"2026-03-12T09:00:41","modified_gmt":"2026-03-12T08:00:41","slug":"truusk-elmotorcykel-for-barn-18-36-manader-led-ljus-ljud-3-km-h-rod-665-x-38-x-52-cm","status":"publish","type":"product","link":"https:\/\/truusk.store\/sv\/produkt\/truusk-elmotorcykel-for-barn-18-36-manader-led-ljus-ljud-3-km-h-rod-665-x-38-x-52-cm\/","title":{"rendered":"TRUUSK Elmotorcykel f\u00f6r barn 18-36 m\u00e5nader &#8211; LED-ljus &amp; ljud &#8211; 3 km\/h &#8211; R\u00f6d &#8211; 66,5 x 38 x 52 cm"},"content":{"rendered":"<p>M\u00e5nga \u00e4ventyr v\u00e4ntar dina barn med denna licensierade Vespa f\u00f6r barn. Den b\u00f6jda stolen i konstl\u00e4der s\u00e4kerst\u00e4ller en h\u00f6g komfort under k\u00f6rning, medan det fungerande tuta och str\u00e5lkastarna ger en verklig och sp\u00e4nnande k\u00f6rupplevelse. Vespa \u00e4r utrustad med tv\u00e5 stora hjul och tv\u00e5 avtagbara stabilisatorer som s\u00e4kerst\u00e4ller st\u00f6rre s\u00e4kerhet och balans. Dina barn kommer att \u00e4lska att leka utomhus med denna elektriska motorcykel.<\/p>\n<h3>Beskrivning:<\/h3>\n<ul>\n<li>VESPA med fungerande str\u00e5lkastare och horn f\u00f6r en riktig k\u00f6rupplevelse<\/li>\n<li>Man\u00f6vreras med pedal, maxhastighet 3 km\/h<\/li>\n<li>Med tv\u00e5 stora hjul och tv\u00e5 sm\u00e5 avtagbara hjul f\u00f6r att h\u00e5lla balansen<\/li>\n<li>Hj\u00e4lper till att utveckla hand-\u00f6ga-koordination<\/li>\n<li>Ytterligare bred vadderad sits f\u00f6r mer komfort<\/li>\n<li>6V batteri f\u00f6r upp till 45 minuters kontinuerlig uppspelning<\/li>\n<li>Max belastning 25kg, l\u00e4tt att montera<\/li>\n<\/ul>\n<h3>Teknisk data:<\/h3>\n<ul>\n<li>r\u00f6d f\u00e4rg<\/li>\n<li>Material: PP-plast, metall<\/li>\n<li>\u00d6vergripande m\u00e5tt: 66,5L x 38W x 52H cm<\/li>\n<li>Sitth\u00f6jd: 30 cm<\/li>\n<li>Laddare: DC 6V, 500mA<\/li>\n<li>Insp\u00e4nning: 220-240V\/50HZ<\/li>\n<li>Uppladdningsbart batteri: 6V, 4Ah<\/li>\n<li>Drifttid: Upp till 45 minuter vid full laddning (beroende p\u00e5 anv\u00e4ndning)<\/li>\n<li>L\u00e4mplig \u00e5lder: 18-36 m\u00e5nader<\/li>\n<li>Lastkapacitet: 25 kg<\/li>\n<\/ul>\n<h3>Leveransens omfattning:<\/h3>\n<ul>\n<li>1 x elmotorcykel<\/li>\n<li>1 x Instruktioner<\/li>\n<\/ul>\n","protected":false},"excerpt":{"rendered":"<p>M\u00e5nga \u00e4ventyr v\u00e4ntar dina barn med denna licensierade Vespa f\u00f6r barn. Den b\u00f6jda stolen i konstl\u00e4der s\u00e4kerst\u00e4ller en h\u00f6g komfort&#8230;<\/p>\n","protected":false},"featured_media":16885,"template":"","meta":[],"product_brand":[],"product_cat":[609,610,612],"product_tag":[],"class_list":{"0":"post-16884","1":"product","2":"type-product","3":"status-publish","4":"has-post-thumbnail","6":"product_cat-baby-barn","7":"product_cat-barnfordon","8":"product_cat-elektriska-fordon","10":"first","11":"instock","12":"sale","13":"taxable","14":"shipping-taxable","15":"purchasable","16":"product-type-simple"},"yoast_head":"<!-- This site is optimized with the Yoast SEO plugin v25.4 - https:\/\/yoast.com\/wordpress\/plugins\/seo\/ -->\n<title>TRUUSK Elmotorcykel f\u00f6r barn 18-36 m\u00e5nader - LED-ljus &amp; ljud - 3 km\/h - R\u00f6d - 66,5 x 38 x 52 cm - TRUUSK - Hem, Tr\u00e4dg\u00e5rd &amp; Fritid<\/title>\n<meta name=\"robots\" content=\"index, follow, max-snippet:-1, max-image-preview:large, max-video-preview:-1\" \/>\n<link rel=\"canonical\" href=\"https:\/\/truusk.store\/sv\/produkt\/truusk-elmotorcykel-for-barn-18-36-manader-led-ljus-ljud-3-km-h-rod-665-x-38-x-52-cm\/\" \/>\n<meta property=\"og:locale\" content=\"sv_SE\" \/>\n<meta property=\"og:type\" content=\"article\" \/>\n<meta property=\"og:title\" content=\"TRUUSK Elmotorcykel f\u00f6r barn 18-36 m\u00e5nader - LED-ljus &amp; ljud - 3 km\/h - R\u00f6d - 66,5 x 38 x 52 cm - TRUUSK - Hem, Tr\u00e4dg\u00e5rd &amp; Fritid\" \/>\n<meta property=\"og:description\" content=\"M\u00e5nga \u00e4ventyr v\u00e4ntar dina barn med denna licensierade Vespa f\u00f6r barn. Den b\u00f6jda stolen i konstl\u00e4der s\u00e4kerst\u00e4ller en h\u00f6g komfort...\" \/>\n<meta property=\"og:url\" content=\"https:\/\/truusk.store\/sv\/produkt\/truusk-elmotorcykel-for-barn-18-36-manader-led-ljus-ljud-3-km-h-rod-665-x-38-x-52-cm\/\" \/>\n<meta property=\"og:site_name\" content=\"TRUUSK - Hem, Tr\u00e4dg\u00e5rd &amp; Fritid\" \/>\n<meta property=\"article:modified_time\" content=\"2026-03-12T08:00:41+00:00\" \/>\n<meta property=\"og:image\" content=\"https:\/\/i0.wp.com\/truusk.se\/wp-content\/uploads\/2024\/02\/vespa-elmotorcykel-barnmotorcykel-elfordon-18-36-manader-3km-h-led-ljusljud-pp-plast-metallrod-665-x-38-x-52-cm.webp?fit=800%2C800&ssl=1\" \/>\n\t<meta property=\"og:image:width\" content=\"800\" \/>\n\t<meta property=\"og:image:height\" content=\"800\" \/>\n\t<meta property=\"og:image:type\" content=\"image\/webp\" \/>\n<meta name=\"twitter:card\" content=\"summary_large_image\" \/>\n<meta name=\"twitter:label1\" content=\"Ber\u00e4knad l\u00e4stid\" \/>\n\t<meta name=\"twitter:data1\" content=\"1 minut\" \/>\n<!-- \/ Yoast SEO plugin. -->","yoast_head_json":{"title":"TRUUSK Elmotorcykel f\u00f6r barn 18-36 m\u00e5nader - LED-ljus &amp; ljud - 3 km\/h - R\u00f6d - 66,5 x 38 x 52 cm - TRUUSK - Hem, Tr\u00e4dg\u00e5rd &amp; Fritid","robots":{"index":"index","follow":"follow","max-snippet":"max-snippet:-1","max-image-preview":"max-image-preview:large","max-video-preview":"max-video-preview:-1"},"canonical":"https:\/\/truusk.store\/sv\/produkt\/truusk-elmotorcykel-for-barn-18-36-manader-led-ljus-ljud-3-km-h-rod-665-x-38-x-52-cm\/","og_locale":"sv_SE","og_type":"article","og_title":"TRUUSK Elmotorcykel f\u00f6r barn 18-36 m\u00e5nader - LED-ljus &amp; ljud - 3 km\/h - R\u00f6d - 66,5 x 38 x 52 cm - TRUUSK - Hem, Tr\u00e4dg\u00e5rd &amp; Fritid","og_description":"M\u00e5nga \u00e4ventyr v\u00e4ntar dina barn med denna licensierade Vespa f\u00f6r barn. Den b\u00f6jda stolen i konstl\u00e4der s\u00e4kerst\u00e4ller en h\u00f6g komfort...","og_url":"https:\/\/truusk.store\/sv\/produkt\/truusk-elmotorcykel-for-barn-18-36-manader-led-ljus-ljud-3-km-h-rod-665-x-38-x-52-cm\/","og_site_name":"TRUUSK - Hem, Tr\u00e4dg\u00e5rd &amp; Fritid","article_modified_time":"2026-03-12T08:00:41+00:00","og_image":[{"width":800,"height":800,"url":"https:\/\/i0.wp.com\/truusk.se\/wp-content\/uploads\/2024\/02\/vespa-elmotorcykel-barnmotorcykel-elfordon-18-36-manader-3km-h-led-ljusljud-pp-plast-metallrod-665-x-38-x-52-cm.webp?fit=800%2C800&ssl=1","type":"image\/webp"}],"twitter_card":"summary_large_image","twitter_misc":{"Ber\u00e4knad l\u00e4stid":"1 minut"},"schema":{"@context":"https:\/\/schema.org","@graph":[{"@type":"WebPage","@id":"https:\/\/truusk.store\/sv\/produkt\/truusk-elmotorcykel-for-barn-18-36-manader-led-ljus-ljud-3-km-h-rod-665-x-38-x-52-cm\/","url":"https:\/\/truusk.store\/sv\/produkt\/truusk-elmotorcykel-for-barn-18-36-manader-led-ljus-ljud-3-km-h-rod-665-x-38-x-52-cm\/","name":"TRUUSK Elmotorcykel f\u00f6r barn 18-36 m\u00e5nader - LED-ljus &amp; ljud - 3 km\/h - R\u00f6d - 66,5 x 38 x 52 cm - TRUUSK - Hem, Tr\u00e4dg\u00e5rd &amp; Fritid","isPartOf":{"@id":"https:\/\/truusk.store\/sv\/#website"},"primaryImageOfPage":{"@id":"https:\/\/truusk.store\/sv\/produkt\/truusk-elmotorcykel-for-barn-18-36-manader-led-ljus-ljud-3-km-h-rod-665-x-38-x-52-cm\/#primaryimage"},"image":{"@id":"https:\/\/truusk.store\/sv\/produkt\/truusk-elmotorcykel-for-barn-18-36-manader-led-ljus-ljud-3-km-h-rod-665-x-38-x-52-cm\/#primaryimage"},"thumbnailUrl":"https:\/\/i0.wp.com\/truusk.store\/wp-content\/uploads\/2024\/02\/vespa-elmotorcykel-barnmotorcykel-elfordon-18-36-manader-3km-h-led-ljusljud-pp-plast-metallrod-665-x-38-x-52-cm.webp?fit=800%2C800&ssl=1","datePublished":"2024-02-13T12:22:04+00:00","dateModified":"2026-03-12T08:00:41+00:00","breadcrumb":{"@id":"https:\/\/truusk.store\/sv\/produkt\/truusk-elmotorcykel-for-barn-18-36-manader-led-ljus-ljud-3-km-h-rod-665-x-38-x-52-cm\/#breadcrumb"},"inLanguage":"sv-SE","potentialAction":[{"@type":"ReadAction","target":["https:\/\/truusk.store\/sv\/produkt\/truusk-elmotorcykel-for-barn-18-36-manader-led-ljus-ljud-3-km-h-rod-665-x-38-x-52-cm\/"]}]},{"@type":"ImageObject","inLanguage":"sv-SE","@id":"https:\/\/truusk.store\/sv\/produkt\/truusk-elmotorcykel-for-barn-18-36-manader-led-ljus-ljud-3-km-h-rod-665-x-38-x-52-cm\/#primaryimage","url":"https:\/\/i0.wp.com\/truusk.store\/wp-content\/uploads\/2024\/02\/vespa-elmotorcykel-barnmotorcykel-elfordon-18-36-manader-3km-h-led-ljusljud-pp-plast-metallrod-665-x-38-x-52-cm.webp?fit=800%2C800&ssl=1","contentUrl":"https:\/\/i0.wp.com\/truusk.store\/wp-content\/uploads\/2024\/02\/vespa-elmotorcykel-barnmotorcykel-elfordon-18-36-manader-3km-h-led-ljusljud-pp-plast-metallrod-665-x-38-x-52-cm.webp?fit=800%2C800&ssl=1","width":800,"height":800,"caption":"VESPA Elmotorcykel Barnmotorcykel Elfordon 18-36 M\u00e5nader 3km\/h LED-ljusljud PP Plast Metallr\u00f6d 66,5 X 38 X 52 Cm 1"},{"@type":"BreadcrumbList","@id":"https:\/\/truusk.store\/sv\/produkt\/truusk-elmotorcykel-for-barn-18-36-manader-led-ljus-ljud-3-km-h-rod-665-x-38-x-52-cm\/#breadcrumb","itemListElement":[{"@type":"ListItem","position":1,"name":"Home","item":"https:\/\/truusk.store\/sv\/"},{"@type":"ListItem","position":2,"name":"Shop","item":"https:\/\/truusk.store\/shop\/"},{"@type":"ListItem","position":3,"name":"TRUUSK Elmotorcykel f\u00f6r barn 18-36 m\u00e5nader &#8211; LED-ljus &amp; ljud &#8211; 3 km\/h &#8211; R\u00f6d &#8211; 66,5 x 38 x 52 cm"}]},{"@type":"WebSite","@id":"https:\/\/truusk.store\/sv\/#website","url":"https:\/\/truusk.store\/sv\/","name":"TRUUSK - Hem, Tr\u00e4dg\u00e5rd & Fritid","description":"","publisher":{"@id":"https:\/\/truusk.store\/sv\/#organization"},"potentialAction":[{"@type":"SearchAction","target":{"@type":"EntryPoint","urlTemplate":"https:\/\/truusk.store\/sv\/?s={search_term_string}"},"query-input":{"@type":"PropertyValueSpecification","valueRequired":true,"valueName":"search_term_string"}}],"inLanguage":"sv-SE"},{"@type":"Organization","@id":"https:\/\/truusk.store\/sv\/#organization","name":"TRUUSK - Hem, Tr\u00e4dg\u00e5rd & Fritid","url":"https:\/\/truusk.store\/sv\/","logo":{"@type":"ImageObject","inLanguage":"sv-SE","@id":"https:\/\/truusk.store\/sv\/#\/schema\/logo\/image\/","url":"https:\/\/i0.wp.com\/truusk.store\/wp-content\/uploads\/2026\/03\/cropped-TRUUSK.png?fit=2032%2C917&ssl=1","contentUrl":"https:\/\/i0.wp.com\/truusk.store\/wp-content\/uploads\/2026\/03\/cropped-TRUUSK.png?fit=2032%2C917&ssl=1","width":2032,"height":917,"caption":"TRUUSK - Hem, Tr\u00e4dg\u00e5rd & Fritid"},"image":{"@id":"https:\/\/truusk.store\/sv\/#\/schema\/logo\/image\/"}}]}},"jetpack_sharing_enabled":true,"_links":{"self":[{"href":"https:\/\/truusk.store\/sv\/wp-json\/wp\/v2\/product\/16884","targetHints":{"allow":["GET"]}}],"collection":[{"href":"https:\/\/truusk.store\/sv\/wp-json\/wp\/v2\/product"}],"about":[{"href":"https:\/\/truusk.store\/sv\/wp-json\/wp\/v2\/types\/product"}],"wp:featuredmedia":[{"embeddable":true,"href":"https:\/\/truusk.store\/sv\/wp-json\/wp\/v2\/media\/16885"}],"wp:attachment":[{"href":"https:\/\/truusk.store\/sv\/wp-json\/wp\/v2\/media?parent=16884"}],"wp:term":[{"taxonomy":"product_brand","embeddable":true,"href":"https:\/\/truusk.store\/sv\/wp-json\/wp\/v2\/product_brand?post=16884"},{"taxonomy":"product_cat","embeddable":true,"href":"https:\/\/truusk.store\/sv\/wp-json\/wp\/v2\/product_cat?post=16884"},{"taxonomy":"product_tag","embeddable":true,"href":"https:\/\/truusk.store\/sv\/wp-json\/wp\/v2\/product_tag?post=16884"}],"curies":[{"name":"wp","href":"https:\/\/api.w.org\/{rel}","templated":true}]}}