{"id":17007,"date":"2024-02-13T13:33:29","date_gmt":"2024-02-13T12:33:29","guid":{"rendered":"https:\/\/truusk.store\/product\/badrumsskap-fristaende-3-hyllplan-smal-hog-lamelldorr-36-x-33-x-140cm\/"},"modified":"2026-03-12T09:00:41","modified_gmt":"2026-03-12T08:00:41","slug":"truusk-badrumsskap-fristaende-3-hyllplan-smal-hog-lamelldorr-36-x-33-x-140cm","status":"publish","type":"product","link":"https:\/\/truusk.store\/sv\/produkt\/truusk-badrumsskap-fristaende-3-hyllplan-smal-hog-lamelldorr-36-x-33-x-140cm\/","title":{"rendered":"TRUUSK Badrumssk\u00e5p &#8211; Frist\u00e5ende &#8211; 3 Hyllplan &#8211; Smal &amp; H\u00f6g &#8211; Lamelld\u00f6rr &#8211; 36 X 33 X 140cm"},"content":{"rendered":"<p>Denna badrumshylla kombinerar stil och funktionalitet f\u00f6r att skapa en vacker f\u00f6rvaringsl\u00f6sning som passar perfekt in i ditt badrum. Med sin smala och h\u00f6ga design passar den l\u00e4tt in i tr\u00e5nga omr\u00e5den. Den har tre gener\u00f6sa \u00f6ppna hyllfack och ett bottensk\u00e5psfack f\u00f6r att m\u00f6ta alla dina f\u00f6rvaringsbehov. Sk\u00e5pd\u00f6rrens lamelldesign s\u00e4kerst\u00e4ller optimal luftcirkulation f\u00f6r att f\u00f6rhindra m\u00f6gelbildning.<\/p>\n<h3>Beskrivning:<\/h3>\n<ul>\n<li>Perfekt f\u00f6r badrum, k\u00f6k, garage och mer<\/li>\n<li>Tre \u00f6ppna hyllor och ett sk\u00e5p erbjuder gott om f\u00f6rvaringsutrymme och organisatoriska m\u00f6jligheter<\/li>\n<li>Tillverkad av naturligt tr\u00e4 med en sl\u00e4t yta f\u00f6r ett attraktivt utseende<\/li>\n<li>Lamelld\u00f6rrar och lamellhyllor fr\u00e4mjar luftcirkulationen och h\u00e5ller saker fr\u00e4scha<\/li>\n<li>L\u00e4tt och l\u00e4tt att flytta<\/li>\n<li>Klarar en maximal belastning p\u00e5 20 kg och \u00e4r l\u00e4tt att montera<\/li>\n<\/ul>\n<h3>Teknisk data:<\/h3>\n<ul>\n<li>F\u00e4rg: naturligt tr\u00e4<\/li>\n<li>Material: Bambu<\/li>\n<li>Totala m\u00e5tt: 36L x 33W x 140H cm<\/li>\n<li>M\u00e5tt p\u00e5 varje fack: 30L x 32,5W cm<\/li>\n<li>H\u00f6jd mellan v\u00e5ningarna: 27 cm<\/li>\n<li>Sk\u00e5pd\u00f6rrens m\u00e5tt: 30W x 39H cm<\/li>\n<li>Lastkapacitet: 20 kg<\/li>\n<\/ul>\n<h3>Leveransens omfattning:<\/h3>\n<ul>\n<li>1 x badrumssk\u00e5p<\/li>\n<li>1 x Instruktioner<\/li>\n<\/ul>\n","protected":false},"excerpt":{"rendered":"<p>Denna badrumshylla kombinerar stil och funktionalitet f\u00f6r att skapa en vacker f\u00f6rvaringsl\u00f6sning som passar perfekt in i ditt badrum. Med&#8230;<\/p>\n","protected":false},"featured_media":17008,"template":"","meta":[],"product_brand":[],"product_cat":[549,485,547],"product_tag":[],"class_list":{"0":"post-17007","1":"product","2":"type-product","3":"status-publish","4":"has-post-thumbnail","6":"product_cat-badrumshyllor","7":"product_cat-hus-bo","8":"product_cat-hyllor","10":"first","11":"instock","12":"sale","13":"taxable","14":"shipping-taxable","15":"purchasable","16":"product-type-simple"},"yoast_head":"<!-- This site is optimized with the Yoast SEO plugin v25.4 - https:\/\/yoast.com\/wordpress\/plugins\/seo\/ -->\n<title>TRUUSK Badrumssk\u00e5p - Frist\u00e5ende - 3 Hyllplan - Smal &amp; H\u00f6g - Lamelld\u00f6rr - 36 X 33 X 140cm - TRUUSK - Hem, Tr\u00e4dg\u00e5rd &amp; Fritid<\/title>\n<meta name=\"robots\" content=\"index, follow, max-snippet:-1, max-image-preview:large, max-video-preview:-1\" \/>\n<link rel=\"canonical\" href=\"https:\/\/truusk.store\/sv\/produkt\/truusk-badrumsskap-fristaende-3-hyllplan-smal-hog-lamelldorr-36-x-33-x-140cm\/\" \/>\n<meta property=\"og:locale\" content=\"sv_SE\" \/>\n<meta property=\"og:type\" content=\"article\" \/>\n<meta property=\"og:title\" content=\"TRUUSK Badrumssk\u00e5p - Frist\u00e5ende - 3 Hyllplan - Smal &amp; H\u00f6g - Lamelld\u00f6rr - 36 X 33 X 140cm - TRUUSK - Hem, Tr\u00e4dg\u00e5rd &amp; Fritid\" \/>\n<meta property=\"og:description\" content=\"Denna badrumshylla kombinerar stil och funktionalitet f\u00f6r att skapa en vacker f\u00f6rvaringsl\u00f6sning som passar perfekt in i ditt badrum. Med...\" \/>\n<meta property=\"og:url\" content=\"https:\/\/truusk.store\/sv\/produkt\/truusk-badrumsskap-fristaende-3-hyllplan-smal-hog-lamelldorr-36-x-33-x-140cm\/\" \/>\n<meta property=\"og:site_name\" content=\"TRUUSK - Hem, Tr\u00e4dg\u00e5rd &amp; Fritid\" \/>\n<meta property=\"article:modified_time\" content=\"2026-03-12T08:00:41+00:00\" \/>\n<meta property=\"og:image\" content=\"https:\/\/i0.wp.com\/truusk.se\/wp-content\/uploads\/2024\/02\/badrumsskap-fristaende-3-hyllplan-smal-hog-lamelldorr-36-x-33-x-140cm.webp?fit=800%2C800&ssl=1\" \/>\n\t<meta property=\"og:image:width\" content=\"800\" \/>\n\t<meta property=\"og:image:height\" content=\"800\" \/>\n\t<meta property=\"og:image:type\" content=\"image\/webp\" \/>\n<meta name=\"twitter:card\" content=\"summary_large_image\" \/>\n<meta name=\"twitter:label1\" content=\"Ber\u00e4knad l\u00e4stid\" \/>\n\t<meta name=\"twitter:data1\" content=\"1 minut\" \/>\n<!-- \/ Yoast SEO plugin. -->","yoast_head_json":{"title":"TRUUSK Badrumssk\u00e5p - Frist\u00e5ende - 3 Hyllplan - Smal &amp; H\u00f6g - Lamelld\u00f6rr - 36 X 33 X 140cm - TRUUSK - Hem, Tr\u00e4dg\u00e5rd &amp; Fritid","robots":{"index":"index","follow":"follow","max-snippet":"max-snippet:-1","max-image-preview":"max-image-preview:large","max-video-preview":"max-video-preview:-1"},"canonical":"https:\/\/truusk.store\/sv\/produkt\/truusk-badrumsskap-fristaende-3-hyllplan-smal-hog-lamelldorr-36-x-33-x-140cm\/","og_locale":"sv_SE","og_type":"article","og_title":"TRUUSK Badrumssk\u00e5p - Frist\u00e5ende - 3 Hyllplan - Smal &amp; H\u00f6g - Lamelld\u00f6rr - 36 X 33 X 140cm - TRUUSK - Hem, Tr\u00e4dg\u00e5rd &amp; Fritid","og_description":"Denna badrumshylla kombinerar stil och funktionalitet f\u00f6r att skapa en vacker f\u00f6rvaringsl\u00f6sning som passar perfekt in i ditt badrum. Med...","og_url":"https:\/\/truusk.store\/sv\/produkt\/truusk-badrumsskap-fristaende-3-hyllplan-smal-hog-lamelldorr-36-x-33-x-140cm\/","og_site_name":"TRUUSK - Hem, Tr\u00e4dg\u00e5rd &amp; Fritid","article_modified_time":"2026-03-12T08:00:41+00:00","og_image":[{"width":800,"height":800,"url":"https:\/\/i0.wp.com\/truusk.se\/wp-content\/uploads\/2024\/02\/badrumsskap-fristaende-3-hyllplan-smal-hog-lamelldorr-36-x-33-x-140cm.webp?fit=800%2C800&ssl=1","type":"image\/webp"}],"twitter_card":"summary_large_image","twitter_misc":{"Ber\u00e4knad l\u00e4stid":"1 minut"},"schema":{"@context":"https:\/\/schema.org","@graph":[{"@type":"WebPage","@id":"https:\/\/truusk.store\/sv\/produkt\/truusk-badrumsskap-fristaende-3-hyllplan-smal-hog-lamelldorr-36-x-33-x-140cm\/","url":"https:\/\/truusk.store\/sv\/produkt\/truusk-badrumsskap-fristaende-3-hyllplan-smal-hog-lamelldorr-36-x-33-x-140cm\/","name":"TRUUSK Badrumssk\u00e5p - Frist\u00e5ende - 3 Hyllplan - Smal &amp; H\u00f6g - Lamelld\u00f6rr - 36 X 33 X 140cm - TRUUSK - Hem, Tr\u00e4dg\u00e5rd &amp; Fritid","isPartOf":{"@id":"https:\/\/truusk.store\/sv\/#website"},"primaryImageOfPage":{"@id":"https:\/\/truusk.store\/sv\/produkt\/truusk-badrumsskap-fristaende-3-hyllplan-smal-hog-lamelldorr-36-x-33-x-140cm\/#primaryimage"},"image":{"@id":"https:\/\/truusk.store\/sv\/produkt\/truusk-badrumsskap-fristaende-3-hyllplan-smal-hog-lamelldorr-36-x-33-x-140cm\/#primaryimage"},"thumbnailUrl":"https:\/\/i0.wp.com\/truusk.store\/wp-content\/uploads\/2024\/02\/badrumsskap-fristaende-3-hyllplan-smal-hog-lamelldorr-36-x-33-x-140cm.webp?fit=800%2C800&ssl=1","datePublished":"2024-02-13T12:33:29+00:00","dateModified":"2026-03-12T08:00:41+00:00","breadcrumb":{"@id":"https:\/\/truusk.store\/sv\/produkt\/truusk-badrumsskap-fristaende-3-hyllplan-smal-hog-lamelldorr-36-x-33-x-140cm\/#breadcrumb"},"inLanguage":"sv-SE","potentialAction":[{"@type":"ReadAction","target":["https:\/\/truusk.store\/sv\/produkt\/truusk-badrumsskap-fristaende-3-hyllplan-smal-hog-lamelldorr-36-x-33-x-140cm\/"]}]},{"@type":"ImageObject","inLanguage":"sv-SE","@id":"https:\/\/truusk.store\/sv\/produkt\/truusk-badrumsskap-fristaende-3-hyllplan-smal-hog-lamelldorr-36-x-33-x-140cm\/#primaryimage","url":"https:\/\/i0.wp.com\/truusk.store\/wp-content\/uploads\/2024\/02\/badrumsskap-fristaende-3-hyllplan-smal-hog-lamelldorr-36-x-33-x-140cm.webp?fit=800%2C800&ssl=1","contentUrl":"https:\/\/i0.wp.com\/truusk.store\/wp-content\/uploads\/2024\/02\/badrumsskap-fristaende-3-hyllplan-smal-hog-lamelldorr-36-x-33-x-140cm.webp?fit=800%2C800&ssl=1","width":800,"height":800,"caption":"Badrumssk\u00e5p, Frist\u00e5ende, 3 Hyllplan, Smal & H\u00f6g, Lamelld\u00f6rr, 36 X 33 X 140cm 1"},{"@type":"BreadcrumbList","@id":"https:\/\/truusk.store\/sv\/produkt\/truusk-badrumsskap-fristaende-3-hyllplan-smal-hog-lamelldorr-36-x-33-x-140cm\/#breadcrumb","itemListElement":[{"@type":"ListItem","position":1,"name":"Home","item":"https:\/\/truusk.store\/sv\/"},{"@type":"ListItem","position":2,"name":"Shop","item":"https:\/\/truusk.store\/shop\/"},{"@type":"ListItem","position":3,"name":"TRUUSK Badrumssk\u00e5p &#8211; Frist\u00e5ende &#8211; 3 Hyllplan &#8211; Smal &amp; H\u00f6g &#8211; Lamelld\u00f6rr &#8211; 36 X 33 X 140cm"}]},{"@type":"WebSite","@id":"https:\/\/truusk.store\/sv\/#website","url":"https:\/\/truusk.store\/sv\/","name":"TRUUSK - Hem, Tr\u00e4dg\u00e5rd & Fritid","description":"","publisher":{"@id":"https:\/\/truusk.store\/sv\/#organization"},"potentialAction":[{"@type":"SearchAction","target":{"@type":"EntryPoint","urlTemplate":"https:\/\/truusk.store\/sv\/?s={search_term_string}"},"query-input":{"@type":"PropertyValueSpecification","valueRequired":true,"valueName":"search_term_string"}}],"inLanguage":"sv-SE"},{"@type":"Organization","@id":"https:\/\/truusk.store\/sv\/#organization","name":"TRUUSK - Hem, Tr\u00e4dg\u00e5rd & Fritid","url":"https:\/\/truusk.store\/sv\/","logo":{"@type":"ImageObject","inLanguage":"sv-SE","@id":"https:\/\/truusk.store\/sv\/#\/schema\/logo\/image\/","url":"https:\/\/i0.wp.com\/truusk.store\/wp-content\/uploads\/2026\/03\/cropped-TRUUSK.png?fit=2032%2C917&ssl=1","contentUrl":"https:\/\/i0.wp.com\/truusk.store\/wp-content\/uploads\/2026\/03\/cropped-TRUUSK.png?fit=2032%2C917&ssl=1","width":2032,"height":917,"caption":"TRUUSK - Hem, Tr\u00e4dg\u00e5rd & Fritid"},"image":{"@id":"https:\/\/truusk.store\/sv\/#\/schema\/logo\/image\/"}}]}},"jetpack_sharing_enabled":true,"_links":{"self":[{"href":"https:\/\/truusk.store\/sv\/wp-json\/wp\/v2\/product\/17007","targetHints":{"allow":["GET"]}}],"collection":[{"href":"https:\/\/truusk.store\/sv\/wp-json\/wp\/v2\/product"}],"about":[{"href":"https:\/\/truusk.store\/sv\/wp-json\/wp\/v2\/types\/product"}],"wp:featuredmedia":[{"embeddable":true,"href":"https:\/\/truusk.store\/sv\/wp-json\/wp\/v2\/media\/17008"}],"wp:attachment":[{"href":"https:\/\/truusk.store\/sv\/wp-json\/wp\/v2\/media?parent=17007"}],"wp:term":[{"taxonomy":"product_brand","embeddable":true,"href":"https:\/\/truusk.store\/sv\/wp-json\/wp\/v2\/product_brand?post=17007"},{"taxonomy":"product_cat","embeddable":true,"href":"https:\/\/truusk.store\/sv\/wp-json\/wp\/v2\/product_cat?post=17007"},{"taxonomy":"product_tag","embeddable":true,"href":"https:\/\/truusk.store\/sv\/wp-json\/wp\/v2\/product_tag?post=17007"}],"curies":[{"name":"wp","href":"https:\/\/api.w.org\/{rel}","templated":true}]}}