{"id":17024,"date":"2024-02-13T13:34:04","date_gmt":"2024-02-13T12:34:04","guid":{"rendered":"https:\/\/truusk.store\/product\/elfordon-barnfordon-barnmotorcykel-elmotorcykel-med-mp3-musikbelysning-3-6-ar-pp-vit-108-x-49-x-75-cm\/"},"modified":"2026-03-12T09:00:42","modified_gmt":"2026-03-12T08:00:42","slug":"truusk-elektrisk-barnfordon-med-mp3-vit-for-barn-3-6-ar-108-x-49-x-75-cm","status":"publish","type":"product","link":"https:\/\/truusk.store\/sv\/produkt\/truusk-elektrisk-barnfordon-med-mp3-vit-for-barn-3-6-ar-108-x-49-x-75-cm\/","title":{"rendered":"TRUUSK Elektrisk Barnfordon Med MP3 &#8211; Vit &#8211; F\u00f6r Barn 3-6 \u00e5r &#8211; 108 x 49 x 75 cm"},"content":{"rendered":"<p>\u00c4ventyr v\u00e4ntar barnen med denna licensierade VESPA-\u00e5kning! Med sin innovativa form och vackra f\u00e4rgschema \u00e4r den attraktiv f\u00f6r barn i \u00e5ldrarna 3-6 \u00e5r. Det bekv\u00e4ma s\u00e4tet och den inbyggda musikknappen s\u00e4kerst\u00e4ller en bekv\u00e4m milj\u00f6 f\u00f6r dina barn n\u00e4r de styr. En riktig fj\u00e4derst\u00f6td\u00e4mpare och dess breda vadderade s\u00e4te ger en tyst och bekv\u00e4m \u00e5ktur. Ta hem den h\u00e4r leksaksmotorcykeln f\u00f6r att uppmuntra dina barn att leka mer utomhus.<\/p>\n<h3>Beskrivning:<\/h3>\n<ul>\n<li>VESPA-licensierad, unikt utseende, str\u00f6mlinjeformad och elegant design<\/li>\n<li>Man\u00f6vrering via fotpedal och rattar f\u00f6r 3-6 \u00e5r gamla barn<\/li>\n<li>Superstabilitet med 4-hjulsdesign (2 hj\u00e4lphjul f\u00f6r b\u00e4ttre grepp)<\/li>\n<li>Arbetsbelysning, inbyggd musik och fram\u00e5tfunktion, fotpedalkontroll, mer realistiskt<\/li>\n<li>Utvecklar naturligt hand-\u00f6ga-koordinationsf\u00f6rm\u00e5ga medan du spelar och skrattar<\/li>\n<li>Extra brett vadderat s\u00e4te och fj\u00e4derst\u00f6td\u00e4mpare f\u00f6r mjuk och bekv\u00e4m styrning<\/li>\n<li>6V motor f\u00f6r kraftfull bakhjulsdrift och fulladdad f\u00f6r 45 minuters kontinuerligt spel<\/li>\n<li>Superenkel att montera<\/li>\n<\/ul>\n<h3>Teknisk data:<\/h3>\n<ul>\n<li>F\u00e4rg vit<\/li>\n<li>Material: PP, st\u00e5l<\/li>\n<li>\u00d6vergripande m\u00e5tt: 108L x 49W x 75H cm<\/li>\n<li>Sitth\u00f6jd: 50 cm<\/li>\n<li>Laddare: 6V, 500MA<\/li>\n<li>Uppladdningsbart batteri: 6V, 4,5Ah<\/li>\n<li>K\u00f6rtid: Upp till 45 minuter fr\u00e5n full laddning (beroende p\u00e5 typ av anv\u00e4ndning)<\/li>\n<li>L\u00e4mplig \u00e5lder: 3-6 \u00e5r<\/li>\n<li>Lastkapacitet: 30 kg<\/li>\n<\/ul>\n<h3>Leveransens omfattning:<\/h3>\n<ul>\n<li>1 x elfordon<\/li>\n<li>1 x Instruktioner<\/li>\n<\/ul>\n","protected":false},"excerpt":{"rendered":"<p>\u00c4ventyr v\u00e4ntar barnen med denna licensierade VESPA-\u00e5kning! Med sin innovativa form och vackra f\u00e4rgschema \u00e4r den attraktiv f\u00f6r barn i&#8230;<\/p>\n","protected":false},"featured_media":17025,"template":"","meta":[],"product_brand":[],"product_cat":[609,610,612],"product_tag":[],"class_list":{"0":"post-17024","1":"product","2":"type-product","3":"status-publish","4":"has-post-thumbnail","6":"product_cat-baby-barn","7":"product_cat-barnfordon","8":"product_cat-elektriska-fordon","10":"first","11":"instock","12":"sale","13":"taxable","14":"shipping-taxable","15":"purchasable","16":"product-type-simple"},"yoast_head":"<!-- This site is optimized with the Yoast SEO plugin v25.4 - https:\/\/yoast.com\/wordpress\/plugins\/seo\/ -->\n<title>TRUUSK Elektrisk Barnfordon Med MP3 - Vit - F\u00f6r Barn 3-6 \u00e5r - 108 x 49 x 75 cm - TRUUSK - Hem, Tr\u00e4dg\u00e5rd &amp; Fritid<\/title>\n<meta name=\"robots\" content=\"index, follow, max-snippet:-1, max-image-preview:large, max-video-preview:-1\" \/>\n<link rel=\"canonical\" href=\"https:\/\/truusk.store\/sv\/produkt\/truusk-elektrisk-barnfordon-med-mp3-vit-for-barn-3-6-ar-108-x-49-x-75-cm\/\" \/>\n<meta property=\"og:locale\" content=\"sv_SE\" \/>\n<meta property=\"og:type\" content=\"article\" \/>\n<meta property=\"og:title\" content=\"TRUUSK Elektrisk Barnfordon Med MP3 - Vit - F\u00f6r Barn 3-6 \u00e5r - 108 x 49 x 75 cm - TRUUSK - Hem, Tr\u00e4dg\u00e5rd &amp; Fritid\" \/>\n<meta property=\"og:description\" content=\"\u00c4ventyr v\u00e4ntar barnen med denna licensierade VESPA-\u00e5kning! Med sin innovativa form och vackra f\u00e4rgschema \u00e4r den attraktiv f\u00f6r barn i...\" \/>\n<meta property=\"og:url\" content=\"https:\/\/truusk.store\/sv\/produkt\/truusk-elektrisk-barnfordon-med-mp3-vit-for-barn-3-6-ar-108-x-49-x-75-cm\/\" \/>\n<meta property=\"og:site_name\" content=\"TRUUSK - Hem, Tr\u00e4dg\u00e5rd &amp; Fritid\" \/>\n<meta property=\"article:modified_time\" content=\"2026-03-12T08:00:42+00:00\" \/>\n<meta property=\"og:image\" content=\"https:\/\/i0.wp.com\/truusk.se\/wp-content\/uploads\/2024\/02\/elfordon-barnfordon-barnmotorcykel-elmotorcykel-med-mp3-musikbelysning-3-6-ar-pp-vit-108-x-49-x-75-cm.webp?fit=800%2C800&ssl=1\" \/>\n\t<meta property=\"og:image:width\" content=\"800\" \/>\n\t<meta property=\"og:image:height\" content=\"800\" \/>\n\t<meta property=\"og:image:type\" content=\"image\/webp\" \/>\n<meta name=\"twitter:card\" content=\"summary_large_image\" \/>\n<meta name=\"twitter:label1\" content=\"Ber\u00e4knad l\u00e4stid\" \/>\n\t<meta name=\"twitter:data1\" content=\"1 minut\" \/>\n<!-- \/ Yoast SEO plugin. -->","yoast_head_json":{"title":"TRUUSK Elektrisk Barnfordon Med MP3 - Vit - F\u00f6r Barn 3-6 \u00e5r - 108 x 49 x 75 cm - TRUUSK - Hem, Tr\u00e4dg\u00e5rd &amp; Fritid","robots":{"index":"index","follow":"follow","max-snippet":"max-snippet:-1","max-image-preview":"max-image-preview:large","max-video-preview":"max-video-preview:-1"},"canonical":"https:\/\/truusk.store\/sv\/produkt\/truusk-elektrisk-barnfordon-med-mp3-vit-for-barn-3-6-ar-108-x-49-x-75-cm\/","og_locale":"sv_SE","og_type":"article","og_title":"TRUUSK Elektrisk Barnfordon Med MP3 - Vit - F\u00f6r Barn 3-6 \u00e5r - 108 x 49 x 75 cm - TRUUSK - Hem, Tr\u00e4dg\u00e5rd &amp; Fritid","og_description":"\u00c4ventyr v\u00e4ntar barnen med denna licensierade VESPA-\u00e5kning! Med sin innovativa form och vackra f\u00e4rgschema \u00e4r den attraktiv f\u00f6r barn i...","og_url":"https:\/\/truusk.store\/sv\/produkt\/truusk-elektrisk-barnfordon-med-mp3-vit-for-barn-3-6-ar-108-x-49-x-75-cm\/","og_site_name":"TRUUSK - Hem, Tr\u00e4dg\u00e5rd &amp; Fritid","article_modified_time":"2026-03-12T08:00:42+00:00","og_image":[{"width":800,"height":800,"url":"https:\/\/i0.wp.com\/truusk.se\/wp-content\/uploads\/2024\/02\/elfordon-barnfordon-barnmotorcykel-elmotorcykel-med-mp3-musikbelysning-3-6-ar-pp-vit-108-x-49-x-75-cm.webp?fit=800%2C800&ssl=1","type":"image\/webp"}],"twitter_card":"summary_large_image","twitter_misc":{"Ber\u00e4knad l\u00e4stid":"1 minut"},"schema":{"@context":"https:\/\/schema.org","@graph":[{"@type":"WebPage","@id":"https:\/\/truusk.store\/sv\/produkt\/truusk-elektrisk-barnfordon-med-mp3-vit-for-barn-3-6-ar-108-x-49-x-75-cm\/","url":"https:\/\/truusk.store\/sv\/produkt\/truusk-elektrisk-barnfordon-med-mp3-vit-for-barn-3-6-ar-108-x-49-x-75-cm\/","name":"TRUUSK Elektrisk Barnfordon Med MP3 - Vit - F\u00f6r Barn 3-6 \u00e5r - 108 x 49 x 75 cm - TRUUSK - Hem, Tr\u00e4dg\u00e5rd &amp; Fritid","isPartOf":{"@id":"https:\/\/truusk.store\/sv\/#website"},"primaryImageOfPage":{"@id":"https:\/\/truusk.store\/sv\/produkt\/truusk-elektrisk-barnfordon-med-mp3-vit-for-barn-3-6-ar-108-x-49-x-75-cm\/#primaryimage"},"image":{"@id":"https:\/\/truusk.store\/sv\/produkt\/truusk-elektrisk-barnfordon-med-mp3-vit-for-barn-3-6-ar-108-x-49-x-75-cm\/#primaryimage"},"thumbnailUrl":"https:\/\/i0.wp.com\/truusk.store\/wp-content\/uploads\/2024\/02\/elfordon-barnfordon-barnmotorcykel-elmotorcykel-med-mp3-musikbelysning-3-6-ar-pp-vit-108-x-49-x-75-cm.webp?fit=800%2C800&ssl=1","datePublished":"2024-02-13T12:34:04+00:00","dateModified":"2026-03-12T08:00:42+00:00","breadcrumb":{"@id":"https:\/\/truusk.store\/sv\/produkt\/truusk-elektrisk-barnfordon-med-mp3-vit-for-barn-3-6-ar-108-x-49-x-75-cm\/#breadcrumb"},"inLanguage":"sv-SE","potentialAction":[{"@type":"ReadAction","target":["https:\/\/truusk.store\/sv\/produkt\/truusk-elektrisk-barnfordon-med-mp3-vit-for-barn-3-6-ar-108-x-49-x-75-cm\/"]}]},{"@type":"ImageObject","inLanguage":"sv-SE","@id":"https:\/\/truusk.store\/sv\/produkt\/truusk-elektrisk-barnfordon-med-mp3-vit-for-barn-3-6-ar-108-x-49-x-75-cm\/#primaryimage","url":"https:\/\/i0.wp.com\/truusk.store\/wp-content\/uploads\/2024\/02\/elfordon-barnfordon-barnmotorcykel-elmotorcykel-med-mp3-musikbelysning-3-6-ar-pp-vit-108-x-49-x-75-cm.webp?fit=800%2C800&ssl=1","contentUrl":"https:\/\/i0.wp.com\/truusk.store\/wp-content\/uploads\/2024\/02\/elfordon-barnfordon-barnmotorcykel-elmotorcykel-med-mp3-musikbelysning-3-6-ar-pp-vit-108-x-49-x-75-cm.webp?fit=800%2C800&ssl=1","width":800,"height":800,"caption":"Elfordon, Barnfordon, Barnmotorcykel, Elmotorcykel Med MP3-musikbelysning, 3-6 \u00e5r, PP, Vit, 108 X 49 X 75 Cm 1"},{"@type":"BreadcrumbList","@id":"https:\/\/truusk.store\/sv\/produkt\/truusk-elektrisk-barnfordon-med-mp3-vit-for-barn-3-6-ar-108-x-49-x-75-cm\/#breadcrumb","itemListElement":[{"@type":"ListItem","position":1,"name":"Home","item":"https:\/\/truusk.store\/sv\/"},{"@type":"ListItem","position":2,"name":"Shop","item":"https:\/\/truusk.store\/shop\/"},{"@type":"ListItem","position":3,"name":"TRUUSK Elektrisk Barnfordon Med MP3 &#8211; Vit &#8211; F\u00f6r Barn 3-6 \u00e5r &#8211; 108 x 49 x 75 cm"}]},{"@type":"WebSite","@id":"https:\/\/truusk.store\/sv\/#website","url":"https:\/\/truusk.store\/sv\/","name":"TRUUSK - Hem, Tr\u00e4dg\u00e5rd & Fritid","description":"","publisher":{"@id":"https:\/\/truusk.store\/sv\/#organization"},"potentialAction":[{"@type":"SearchAction","target":{"@type":"EntryPoint","urlTemplate":"https:\/\/truusk.store\/sv\/?s={search_term_string}"},"query-input":{"@type":"PropertyValueSpecification","valueRequired":true,"valueName":"search_term_string"}}],"inLanguage":"sv-SE"},{"@type":"Organization","@id":"https:\/\/truusk.store\/sv\/#organization","name":"TRUUSK - Hem, Tr\u00e4dg\u00e5rd & Fritid","url":"https:\/\/truusk.store\/sv\/","logo":{"@type":"ImageObject","inLanguage":"sv-SE","@id":"https:\/\/truusk.store\/sv\/#\/schema\/logo\/image\/","url":"https:\/\/i0.wp.com\/truusk.store\/wp-content\/uploads\/2026\/03\/cropped-TRUUSK.png?fit=2032%2C917&ssl=1","contentUrl":"https:\/\/i0.wp.com\/truusk.store\/wp-content\/uploads\/2026\/03\/cropped-TRUUSK.png?fit=2032%2C917&ssl=1","width":2032,"height":917,"caption":"TRUUSK - Hem, Tr\u00e4dg\u00e5rd & Fritid"},"image":{"@id":"https:\/\/truusk.store\/sv\/#\/schema\/logo\/image\/"}}]}},"jetpack_sharing_enabled":true,"_links":{"self":[{"href":"https:\/\/truusk.store\/sv\/wp-json\/wp\/v2\/product\/17024","targetHints":{"allow":["GET"]}}],"collection":[{"href":"https:\/\/truusk.store\/sv\/wp-json\/wp\/v2\/product"}],"about":[{"href":"https:\/\/truusk.store\/sv\/wp-json\/wp\/v2\/types\/product"}],"wp:featuredmedia":[{"embeddable":true,"href":"https:\/\/truusk.store\/sv\/wp-json\/wp\/v2\/media\/17025"}],"wp:attachment":[{"href":"https:\/\/truusk.store\/sv\/wp-json\/wp\/v2\/media?parent=17024"}],"wp:term":[{"taxonomy":"product_brand","embeddable":true,"href":"https:\/\/truusk.store\/sv\/wp-json\/wp\/v2\/product_brand?post=17024"},{"taxonomy":"product_cat","embeddable":true,"href":"https:\/\/truusk.store\/sv\/wp-json\/wp\/v2\/product_cat?post=17024"},{"taxonomy":"product_tag","embeddable":true,"href":"https:\/\/truusk.store\/sv\/wp-json\/wp\/v2\/product_tag?post=17024"}],"curies":[{"name":"wp","href":"https:\/\/api.w.org\/{rel}","templated":true}]}}