{"id":17034,"date":"2024-02-13T13:34:24","date_gmt":"2024-02-13T12:34:24","guid":{"rendered":"https:\/\/truusk.store\/product\/barnelbil-12v-elektrisk-barnbil-med-24-g-fjarrkontroll-mp3-anslutning-barnbil-med-stralkastare-upp-till-3-km-h-for-barn-3-5-ar-rod\/"},"modified":"2026-03-12T09:01:04","modified_gmt":"2026-03-12T08:01:04","slug":"truusk-12v-elektrisk-barnbil-med-fjarrkontroll-mp3-anslutning-stralkastare-upp-till-3-km-h-for-barn-3-5-ar-rod","status":"publish","type":"product","link":"https:\/\/truusk.store\/sv\/produkt\/truusk-12v-elektrisk-barnbil-med-fjarrkontroll-mp3-anslutning-stralkastare-upp-till-3-km-h-for-barn-3-5-ar-rod\/","title":{"rendered":"TRUUSK 12V Elektrisk Barnbil med Fj\u00e4rrkontroll &#8211; MP3 Anslutning &#8211; Str\u00e5lkastare &#8211; Upp Till 3 Km\/h &#8211; F\u00f6r Barn 3-5 \u00e5r &#8211; R\u00f6d"},"content":{"rendered":"<p>Den h\u00e4r snygga bilen ser precis ut som en riktig sportbil: ljusa str\u00e5lkastare och bakljus ger tydlig sikt, medan instrumentbr\u00e4dan \u00e4r utrustad med en hastighetsm\u00e4tare och musikspelare med USB- och TF-kortportar. Det robusta s\u00e4kerhetsb\u00e4ltet garanterar mer s\u00e4kerhet medan din lilla f\u00f6rare accelererar upp till 3 km\/h &#8211; perfekt f\u00f6r barn mellan 3 och 5 \u00e5r. Vid behov kan du \u00e4ven fj\u00e4rrstyra bilen med hj\u00e4lp av den medf\u00f6ljande fj\u00e4rrkontrollen.<\/p>\n<h3>Beskrivning:<\/h3>\n<ul>\n<li>Elbil f\u00f6r barn i \u00e5ldrarna 3 till 5 \u00e5r<\/li>\n<li>Man\u00f6vrering med pedal och ratt<\/li>\n<li>Fj\u00e4drande hjul<\/li>\n<li>Med str\u00e5lkastare och bakljus<\/li>\n<li>Med s\u00e4kerhetsb\u00e4lte och h\u00f6gljutt horn<\/li>\n<li>USB-port f\u00f6r din egen musik i MP3-format<\/li>\n<li>Musikknappar p\u00e5 ratten<\/li>\n<li>1 timmes k\u00f6rgl\u00e4dje n\u00e4r den \u00e4r fulladdad<\/li>\n<li>Displayen i instrumentpanelen visar aktuell batteriniv\u00e5<\/li>\n<li>2,4G fj\u00e4rrkontroll med 2 AAA-batterier (batterier ing\u00e5r ej)<\/li>\n<li>Enkel konstruktion<\/li>\n<\/ul>\n<h3>Teknisk data:<\/h3>\n<ul>\n<li>Material: plast, j\u00e4rn<\/li>\n<li>r\u00f6d f\u00e4rg<\/li>\n<li>\u00d6vergripande m\u00e5tt: 102L x 60W x 44H cm<\/li>\n<li>Sitsstorlek: 35,5L x 19,5W x 21,5H cm<\/li>\n<li>Hjulstorlek: 21 x B6,5 cm<\/li>\n<li>Laddningstid: 812 timmar<\/li>\n<li>Motor: 30W<\/li>\n<li>Hastighet: max 3 km\/h<\/li>\n<li>Laddare: 12V\/500mA<\/li>\n<li>L\u00e4mplig f\u00f6r barn mellan 3 och 5 \u00e5r<\/li>\n<li>Max belastning: 25 kg<\/li>\n<\/ul>\n<h3>Leveransens omfattning:<\/h3>\n<ul>\n<li>1 x barnbil<\/li>\n<li>1 x Laddare<\/li>\n<li>1 x Monteringsanvisning<\/li>\n<\/ul>\n","protected":false},"excerpt":{"rendered":"<p>Den h\u00e4r snygga bilen ser precis ut som en riktig sportbil: ljusa str\u00e5lkastare och bakljus ger tydlig sikt, medan instrumentbr\u00e4dan&#8230;<\/p>\n","protected":false},"featured_media":17035,"template":"","meta":[],"product_brand":[],"product_cat":[609,610,612],"product_tag":[],"class_list":{"0":"post-17034","1":"product","2":"type-product","3":"status-publish","4":"has-post-thumbnail","6":"product_cat-baby-barn","7":"product_cat-barnfordon","8":"product_cat-elektriska-fordon","10":"first","11":"instock","12":"sale","13":"taxable","14":"shipping-taxable","15":"purchasable","16":"product-type-simple"},"yoast_head":"<!-- This site is optimized with the Yoast SEO plugin v25.4 - https:\/\/yoast.com\/wordpress\/plugins\/seo\/ -->\n<title>TRUUSK 12V Elektrisk Barnbil med Fj\u00e4rrkontroll - MP3 Anslutning - Str\u00e5lkastare - Upp Till 3 Km\/h - F\u00f6r Barn 3-5 \u00e5r - R\u00f6d - TRUUSK - Hem, Tr\u00e4dg\u00e5rd &amp; Fritid<\/title>\n<meta name=\"robots\" content=\"index, follow, max-snippet:-1, max-image-preview:large, max-video-preview:-1\" \/>\n<link rel=\"canonical\" href=\"https:\/\/truusk.store\/sv\/produkt\/truusk-12v-elektrisk-barnbil-med-fjarrkontroll-mp3-anslutning-stralkastare-upp-till-3-km-h-for-barn-3-5-ar-rod\/\" \/>\n<meta property=\"og:locale\" content=\"sv_SE\" \/>\n<meta property=\"og:type\" content=\"article\" \/>\n<meta property=\"og:title\" content=\"TRUUSK 12V Elektrisk Barnbil med Fj\u00e4rrkontroll - MP3 Anslutning - Str\u00e5lkastare - Upp Till 3 Km\/h - F\u00f6r Barn 3-5 \u00e5r - R\u00f6d - TRUUSK - Hem, Tr\u00e4dg\u00e5rd &amp; Fritid\" \/>\n<meta property=\"og:description\" content=\"Den h\u00e4r snygga bilen ser precis ut som en riktig sportbil: ljusa str\u00e5lkastare och bakljus ger tydlig sikt, medan instrumentbr\u00e4dan...\" \/>\n<meta property=\"og:url\" content=\"https:\/\/truusk.store\/sv\/produkt\/truusk-12v-elektrisk-barnbil-med-fjarrkontroll-mp3-anslutning-stralkastare-upp-till-3-km-h-for-barn-3-5-ar-rod\/\" \/>\n<meta property=\"og:site_name\" content=\"TRUUSK - Hem, Tr\u00e4dg\u00e5rd &amp; Fritid\" \/>\n<meta property=\"article:modified_time\" content=\"2026-03-12T08:01:04+00:00\" \/>\n<meta property=\"og:image\" content=\"https:\/\/i0.wp.com\/truusk.se\/wp-content\/uploads\/2024\/02\/barnelbil-12v-elektrisk-barnbil-med-24-g-fjarrkontroll-mp3-anslutning-barnbil-med-stralkastare-upp-till-3-km-h-for-barn-3-5-ar-rod.webp?fit=800%2C800&ssl=1\" \/>\n\t<meta property=\"og:image:width\" content=\"800\" \/>\n\t<meta property=\"og:image:height\" content=\"800\" \/>\n\t<meta property=\"og:image:type\" content=\"image\/webp\" \/>\n<meta name=\"twitter:card\" content=\"summary_large_image\" \/>\n<meta name=\"twitter:label1\" content=\"Ber\u00e4knad l\u00e4stid\" \/>\n\t<meta name=\"twitter:data1\" content=\"1 minut\" \/>\n<!-- \/ Yoast SEO plugin. -->","yoast_head_json":{"title":"TRUUSK 12V Elektrisk Barnbil med Fj\u00e4rrkontroll - MP3 Anslutning - Str\u00e5lkastare - Upp Till 3 Km\/h - F\u00f6r Barn 3-5 \u00e5r - R\u00f6d - TRUUSK - Hem, Tr\u00e4dg\u00e5rd &amp; Fritid","robots":{"index":"index","follow":"follow","max-snippet":"max-snippet:-1","max-image-preview":"max-image-preview:large","max-video-preview":"max-video-preview:-1"},"canonical":"https:\/\/truusk.store\/sv\/produkt\/truusk-12v-elektrisk-barnbil-med-fjarrkontroll-mp3-anslutning-stralkastare-upp-till-3-km-h-for-barn-3-5-ar-rod\/","og_locale":"sv_SE","og_type":"article","og_title":"TRUUSK 12V Elektrisk Barnbil med Fj\u00e4rrkontroll - MP3 Anslutning - Str\u00e5lkastare - Upp Till 3 Km\/h - F\u00f6r Barn 3-5 \u00e5r - R\u00f6d - TRUUSK - Hem, Tr\u00e4dg\u00e5rd &amp; Fritid","og_description":"Den h\u00e4r snygga bilen ser precis ut som en riktig sportbil: ljusa str\u00e5lkastare och bakljus ger tydlig sikt, medan instrumentbr\u00e4dan...","og_url":"https:\/\/truusk.store\/sv\/produkt\/truusk-12v-elektrisk-barnbil-med-fjarrkontroll-mp3-anslutning-stralkastare-upp-till-3-km-h-for-barn-3-5-ar-rod\/","og_site_name":"TRUUSK - Hem, Tr\u00e4dg\u00e5rd &amp; Fritid","article_modified_time":"2026-03-12T08:01:04+00:00","og_image":[{"width":800,"height":800,"url":"https:\/\/i0.wp.com\/truusk.se\/wp-content\/uploads\/2024\/02\/barnelbil-12v-elektrisk-barnbil-med-24-g-fjarrkontroll-mp3-anslutning-barnbil-med-stralkastare-upp-till-3-km-h-for-barn-3-5-ar-rod.webp?fit=800%2C800&ssl=1","type":"image\/webp"}],"twitter_card":"summary_large_image","twitter_misc":{"Ber\u00e4knad l\u00e4stid":"1 minut"},"schema":{"@context":"https:\/\/schema.org","@graph":[{"@type":"WebPage","@id":"https:\/\/truusk.store\/sv\/produkt\/truusk-12v-elektrisk-barnbil-med-fjarrkontroll-mp3-anslutning-stralkastare-upp-till-3-km-h-for-barn-3-5-ar-rod\/","url":"https:\/\/truusk.store\/sv\/produkt\/truusk-12v-elektrisk-barnbil-med-fjarrkontroll-mp3-anslutning-stralkastare-upp-till-3-km-h-for-barn-3-5-ar-rod\/","name":"TRUUSK 12V Elektrisk Barnbil med Fj\u00e4rrkontroll - MP3 Anslutning - Str\u00e5lkastare - Upp Till 3 Km\/h - F\u00f6r Barn 3-5 \u00e5r - R\u00f6d - TRUUSK - Hem, Tr\u00e4dg\u00e5rd &amp; Fritid","isPartOf":{"@id":"https:\/\/truusk.store\/sv\/#website"},"primaryImageOfPage":{"@id":"https:\/\/truusk.store\/sv\/produkt\/truusk-12v-elektrisk-barnbil-med-fjarrkontroll-mp3-anslutning-stralkastare-upp-till-3-km-h-for-barn-3-5-ar-rod\/#primaryimage"},"image":{"@id":"https:\/\/truusk.store\/sv\/produkt\/truusk-12v-elektrisk-barnbil-med-fjarrkontroll-mp3-anslutning-stralkastare-upp-till-3-km-h-for-barn-3-5-ar-rod\/#primaryimage"},"thumbnailUrl":"https:\/\/i0.wp.com\/truusk.store\/wp-content\/uploads\/2024\/02\/barnelbil-12v-elektrisk-barnbil-med-24-g-fjarrkontroll-mp3-anslutning-barnbil-med-stralkastare-upp-till-3-km-h-for-barn-3-5-ar-rod.webp?fit=800%2C800&ssl=1","datePublished":"2024-02-13T12:34:24+00:00","dateModified":"2026-03-12T08:01:04+00:00","breadcrumb":{"@id":"https:\/\/truusk.store\/sv\/produkt\/truusk-12v-elektrisk-barnbil-med-fjarrkontroll-mp3-anslutning-stralkastare-upp-till-3-km-h-for-barn-3-5-ar-rod\/#breadcrumb"},"inLanguage":"sv-SE","potentialAction":[{"@type":"ReadAction","target":["https:\/\/truusk.store\/sv\/produkt\/truusk-12v-elektrisk-barnbil-med-fjarrkontroll-mp3-anslutning-stralkastare-upp-till-3-km-h-for-barn-3-5-ar-rod\/"]}]},{"@type":"ImageObject","inLanguage":"sv-SE","@id":"https:\/\/truusk.store\/sv\/produkt\/truusk-12v-elektrisk-barnbil-med-fjarrkontroll-mp3-anslutning-stralkastare-upp-till-3-km-h-for-barn-3-5-ar-rod\/#primaryimage","url":"https:\/\/i0.wp.com\/truusk.store\/wp-content\/uploads\/2024\/02\/barnelbil-12v-elektrisk-barnbil-med-24-g-fjarrkontroll-mp3-anslutning-barnbil-med-stralkastare-upp-till-3-km-h-for-barn-3-5-ar-rod.webp?fit=800%2C800&ssl=1","contentUrl":"https:\/\/i0.wp.com\/truusk.store\/wp-content\/uploads\/2024\/02\/barnelbil-12v-elektrisk-barnbil-med-24-g-fjarrkontroll-mp3-anslutning-barnbil-med-stralkastare-upp-till-3-km-h-for-barn-3-5-ar-rod.webp?fit=800%2C800&ssl=1","width":800,"height":800,"caption":"Barnelbil 12V Elektrisk Barnbil Med 2,4 G Fj\u00e4rrkontroll, MP3-anslutning, Barnbil Med Str\u00e5lkastare, Upp Till 3 Km\/h, F\u00f6r Barn 3-5 \u00e5r, R\u00f6d 1"},{"@type":"BreadcrumbList","@id":"https:\/\/truusk.store\/sv\/produkt\/truusk-12v-elektrisk-barnbil-med-fjarrkontroll-mp3-anslutning-stralkastare-upp-till-3-km-h-for-barn-3-5-ar-rod\/#breadcrumb","itemListElement":[{"@type":"ListItem","position":1,"name":"Home","item":"https:\/\/truusk.store\/sv\/"},{"@type":"ListItem","position":2,"name":"Shop","item":"https:\/\/truusk.store\/shop\/"},{"@type":"ListItem","position":3,"name":"TRUUSK 12V Elektrisk Barnbil med Fj\u00e4rrkontroll &#8211; MP3 Anslutning &#8211; Str\u00e5lkastare &#8211; Upp Till 3 Km\/h &#8211; F\u00f6r Barn 3-5 \u00e5r &#8211; R\u00f6d"}]},{"@type":"WebSite","@id":"https:\/\/truusk.store\/sv\/#website","url":"https:\/\/truusk.store\/sv\/","name":"TRUUSK - Hem, Tr\u00e4dg\u00e5rd & Fritid","description":"","publisher":{"@id":"https:\/\/truusk.store\/sv\/#organization"},"potentialAction":[{"@type":"SearchAction","target":{"@type":"EntryPoint","urlTemplate":"https:\/\/truusk.store\/sv\/?s={search_term_string}"},"query-input":{"@type":"PropertyValueSpecification","valueRequired":true,"valueName":"search_term_string"}}],"inLanguage":"sv-SE"},{"@type":"Organization","@id":"https:\/\/truusk.store\/sv\/#organization","name":"TRUUSK - Hem, Tr\u00e4dg\u00e5rd & Fritid","url":"https:\/\/truusk.store\/sv\/","logo":{"@type":"ImageObject","inLanguage":"sv-SE","@id":"https:\/\/truusk.store\/sv\/#\/schema\/logo\/image\/","url":"https:\/\/i0.wp.com\/truusk.store\/wp-content\/uploads\/2026\/03\/cropped-TRUUSK.png?fit=2032%2C917&ssl=1","contentUrl":"https:\/\/i0.wp.com\/truusk.store\/wp-content\/uploads\/2026\/03\/cropped-TRUUSK.png?fit=2032%2C917&ssl=1","width":2032,"height":917,"caption":"TRUUSK - Hem, Tr\u00e4dg\u00e5rd & Fritid"},"image":{"@id":"https:\/\/truusk.store\/sv\/#\/schema\/logo\/image\/"}}]}},"jetpack_sharing_enabled":true,"_links":{"self":[{"href":"https:\/\/truusk.store\/sv\/wp-json\/wp\/v2\/product\/17034","targetHints":{"allow":["GET"]}}],"collection":[{"href":"https:\/\/truusk.store\/sv\/wp-json\/wp\/v2\/product"}],"about":[{"href":"https:\/\/truusk.store\/sv\/wp-json\/wp\/v2\/types\/product"}],"wp:featuredmedia":[{"embeddable":true,"href":"https:\/\/truusk.store\/sv\/wp-json\/wp\/v2\/media\/17035"}],"wp:attachment":[{"href":"https:\/\/truusk.store\/sv\/wp-json\/wp\/v2\/media?parent=17034"}],"wp:term":[{"taxonomy":"product_brand","embeddable":true,"href":"https:\/\/truusk.store\/sv\/wp-json\/wp\/v2\/product_brand?post=17034"},{"taxonomy":"product_cat","embeddable":true,"href":"https:\/\/truusk.store\/sv\/wp-json\/wp\/v2\/product_cat?post=17034"},{"taxonomy":"product_tag","embeddable":true,"href":"https:\/\/truusk.store\/sv\/wp-json\/wp\/v2\/product_tag?post=17034"}],"curies":[{"name":"wp","href":"https:\/\/api.w.org\/{rel}","templated":true}]}}