{"id":17044,"date":"2024-02-13T13:34:46","date_gmt":"2024-02-13T12:34:46","guid":{"rendered":"https:\/\/truusk.store\/product\/frigaende-inhagnad-for-smadjur-gangjarnstak-gran-apelsin\/"},"modified":"2026-03-12T09:01:04","modified_gmt":"2026-03-12T08:01:04","slug":"truusk-frigaende-inhagnad-for-smadjur-gangjarnstak-gran-apelsin","status":"publish","type":"product","link":"https:\/\/truusk.store\/sv\/produkt\/truusk-frigaende-inhagnad-for-smadjur-gangjarnstak-gran-apelsin\/","title":{"rendered":"TRUUSK Frig\u00e5ende Inh\u00e4gnad F\u00f6r Sm\u00e5djur &#8211; G\u00e5ngj\u00e4rnstak &#8211; Gran &#8211; Apelsin"},"content":{"rendered":"<p>Denna stora dv\u00e4rgkaninhydda erbjuder dina sm\u00e5 djur m\u00f6jligheten att leka, \u00e4ta och sova i frisk luft. K\u00e5pan \u00e4r gjord av t\u00e4tt, robust och h\u00e5llbart grantr\u00e4 och tr\u00e5dn\u00e4t. Taket och en sidogallerpanel kan l\u00e4tt \u00f6ppnas f\u00f6r enkel matning och sk\u00f6tsel. Utomhussk\u00e5pet \u00e4r inte bara stabilt utan \u00e4ven v\u00e4derbest\u00e4ndigt. Denna kaninbur \u00e4r den perfekta lekplatsen f\u00f6r dina sm\u00e5 djur.<\/p>\n<h3>Beskrivning:<\/h3>\n<ul>\n<li>Ett stort tr\u00e4ningsomr\u00e5de f\u00f6r att leka, \u00e4ta och sova i frisk luft<\/li>\n<li>Taket och en sidopanel kan \u00f6ppnas<\/li>\n<li>Utomhussk\u00e5pet kan anv\u00e4ndas i kombination med ett stall<\/li>\n<li>Tillverkad av f\u00f6rseglat grantr\u00e4 och tr\u00e5dn\u00e4t<\/li>\n<li>Tr\u00e5dn\u00e4tet ger tillr\u00e4cklig ventilation och god sikt\/insikt<\/li>\n<li>Materialet \u00e4r v\u00e4derbest\u00e4ndigt, robust och h\u00e5llbart<\/li>\n<\/ul>\n<h3>Teknisk data:<\/h3>\n<ul>\n<li>Material: gran, metalltr\u00e5d<\/li>\n<li>F\u00e4rgen orange<\/li>\n<li>\u00d6vergripande m\u00e5tt: 180L x 90W x 48H cm<\/li>\n<li>Toppd\u00f6rrstorlek (enkel) 45L x 90W cm<\/li>\n<li>Sidod\u00f6rrens storlek: 79L x 38W cm<\/li>\n<\/ul>\n<h3>Leveransens omfattning:<\/h3>\n<ul>\n<li>1 x sm\u00e5djurshydda<\/li>\n<li>1 x Instruktioner<\/li>\n<\/ul>\n","protected":false},"excerpt":{"rendered":"<p>Denna stora dv\u00e4rgkaninhydda erbjuder dina sm\u00e5 djur m\u00f6jligheten att leka, \u00e4ta och sova i frisk luft. K\u00e5pan \u00e4r gjord av&#8230;<\/p>\n","protected":false},"featured_media":17045,"template":"","meta":[],"product_brand":[],"product_cat":[573,598,597],"product_tag":[],"class_list":{"0":"post-17044","1":"product","2":"type-product","3":"status-publish","4":"has-post-thumbnail","6":"product_cat-husdjursmaterial","7":"product_cat-sma-djurstallar","8":"product_cat-sma-djurtillbehor","10":"first","11":"instock","12":"sale","13":"taxable","14":"shipping-taxable","15":"purchasable","16":"product-type-simple"},"yoast_head":"<!-- This site is optimized with the Yoast SEO plugin v25.4 - https:\/\/yoast.com\/wordpress\/plugins\/seo\/ -->\n<title>TRUUSK Frig\u00e5ende Inh\u00e4gnad F\u00f6r Sm\u00e5djur - G\u00e5ngj\u00e4rnstak - Gran - Apelsin - TRUUSK - Hem, Tr\u00e4dg\u00e5rd &amp; Fritid<\/title>\n<meta name=\"robots\" content=\"index, follow, max-snippet:-1, max-image-preview:large, max-video-preview:-1\" \/>\n<link rel=\"canonical\" href=\"https:\/\/truusk.store\/sv\/produkt\/truusk-frigaende-inhagnad-for-smadjur-gangjarnstak-gran-apelsin\/\" \/>\n<meta property=\"og:locale\" content=\"sv_SE\" \/>\n<meta property=\"og:type\" content=\"article\" \/>\n<meta property=\"og:title\" content=\"TRUUSK Frig\u00e5ende Inh\u00e4gnad F\u00f6r Sm\u00e5djur - G\u00e5ngj\u00e4rnstak - Gran - Apelsin - TRUUSK - Hem, Tr\u00e4dg\u00e5rd &amp; Fritid\" \/>\n<meta property=\"og:description\" content=\"Denna stora dv\u00e4rgkaninhydda erbjuder dina sm\u00e5 djur m\u00f6jligheten att leka, \u00e4ta och sova i frisk luft. K\u00e5pan \u00e4r gjord av...\" \/>\n<meta property=\"og:url\" content=\"https:\/\/truusk.store\/sv\/produkt\/truusk-frigaende-inhagnad-for-smadjur-gangjarnstak-gran-apelsin\/\" \/>\n<meta property=\"og:site_name\" content=\"TRUUSK - Hem, Tr\u00e4dg\u00e5rd &amp; Fritid\" \/>\n<meta property=\"article:modified_time\" content=\"2026-03-12T08:01:04+00:00\" \/>\n<meta property=\"og:image\" content=\"https:\/\/i0.wp.com\/truusk.se\/wp-content\/uploads\/2024\/02\/frigaende-inhagnad-for-smadjur-gangjarnstak-gran-apelsin.webp?fit=800%2C800&ssl=1\" \/>\n\t<meta property=\"og:image:width\" content=\"800\" \/>\n\t<meta property=\"og:image:height\" content=\"800\" \/>\n\t<meta property=\"og:image:type\" content=\"image\/webp\" \/>\n<meta name=\"twitter:card\" content=\"summary_large_image\" \/>\n<meta name=\"twitter:label1\" content=\"Ber\u00e4knad l\u00e4stid\" \/>\n\t<meta name=\"twitter:data1\" content=\"1 minut\" \/>\n<!-- \/ Yoast SEO plugin. -->","yoast_head_json":{"title":"TRUUSK Frig\u00e5ende Inh\u00e4gnad F\u00f6r Sm\u00e5djur - G\u00e5ngj\u00e4rnstak - Gran - Apelsin - TRUUSK - Hem, Tr\u00e4dg\u00e5rd &amp; Fritid","robots":{"index":"index","follow":"follow","max-snippet":"max-snippet:-1","max-image-preview":"max-image-preview:large","max-video-preview":"max-video-preview:-1"},"canonical":"https:\/\/truusk.store\/sv\/produkt\/truusk-frigaende-inhagnad-for-smadjur-gangjarnstak-gran-apelsin\/","og_locale":"sv_SE","og_type":"article","og_title":"TRUUSK Frig\u00e5ende Inh\u00e4gnad F\u00f6r Sm\u00e5djur - G\u00e5ngj\u00e4rnstak - Gran - Apelsin - TRUUSK - Hem, Tr\u00e4dg\u00e5rd &amp; Fritid","og_description":"Denna stora dv\u00e4rgkaninhydda erbjuder dina sm\u00e5 djur m\u00f6jligheten att leka, \u00e4ta och sova i frisk luft. K\u00e5pan \u00e4r gjord av...","og_url":"https:\/\/truusk.store\/sv\/produkt\/truusk-frigaende-inhagnad-for-smadjur-gangjarnstak-gran-apelsin\/","og_site_name":"TRUUSK - Hem, Tr\u00e4dg\u00e5rd &amp; Fritid","article_modified_time":"2026-03-12T08:01:04+00:00","og_image":[{"width":800,"height":800,"url":"https:\/\/i0.wp.com\/truusk.se\/wp-content\/uploads\/2024\/02\/frigaende-inhagnad-for-smadjur-gangjarnstak-gran-apelsin.webp?fit=800%2C800&ssl=1","type":"image\/webp"}],"twitter_card":"summary_large_image","twitter_misc":{"Ber\u00e4knad l\u00e4stid":"1 minut"},"schema":{"@context":"https:\/\/schema.org","@graph":[{"@type":"WebPage","@id":"https:\/\/truusk.store\/sv\/produkt\/truusk-frigaende-inhagnad-for-smadjur-gangjarnstak-gran-apelsin\/","url":"https:\/\/truusk.store\/sv\/produkt\/truusk-frigaende-inhagnad-for-smadjur-gangjarnstak-gran-apelsin\/","name":"TRUUSK Frig\u00e5ende Inh\u00e4gnad F\u00f6r Sm\u00e5djur - G\u00e5ngj\u00e4rnstak - Gran - Apelsin - TRUUSK - Hem, Tr\u00e4dg\u00e5rd &amp; Fritid","isPartOf":{"@id":"https:\/\/truusk.store\/sv\/#website"},"primaryImageOfPage":{"@id":"https:\/\/truusk.store\/sv\/produkt\/truusk-frigaende-inhagnad-for-smadjur-gangjarnstak-gran-apelsin\/#primaryimage"},"image":{"@id":"https:\/\/truusk.store\/sv\/produkt\/truusk-frigaende-inhagnad-for-smadjur-gangjarnstak-gran-apelsin\/#primaryimage"},"thumbnailUrl":"https:\/\/i0.wp.com\/truusk.store\/wp-content\/uploads\/2024\/02\/frigaende-inhagnad-for-smadjur-gangjarnstak-gran-apelsin.webp?fit=800%2C800&ssl=1","datePublished":"2024-02-13T12:34:46+00:00","dateModified":"2026-03-12T08:01:04+00:00","breadcrumb":{"@id":"https:\/\/truusk.store\/sv\/produkt\/truusk-frigaende-inhagnad-for-smadjur-gangjarnstak-gran-apelsin\/#breadcrumb"},"inLanguage":"sv-SE","potentialAction":[{"@type":"ReadAction","target":["https:\/\/truusk.store\/sv\/produkt\/truusk-frigaende-inhagnad-for-smadjur-gangjarnstak-gran-apelsin\/"]}]},{"@type":"ImageObject","inLanguage":"sv-SE","@id":"https:\/\/truusk.store\/sv\/produkt\/truusk-frigaende-inhagnad-for-smadjur-gangjarnstak-gran-apelsin\/#primaryimage","url":"https:\/\/i0.wp.com\/truusk.store\/wp-content\/uploads\/2024\/02\/frigaende-inhagnad-for-smadjur-gangjarnstak-gran-apelsin.webp?fit=800%2C800&ssl=1","contentUrl":"https:\/\/i0.wp.com\/truusk.store\/wp-content\/uploads\/2024\/02\/frigaende-inhagnad-for-smadjur-gangjarnstak-gran-apelsin.webp?fit=800%2C800&ssl=1","width":800,"height":800,"caption":"Frig\u00e5ende Inh\u00e4gnad F\u00f6r Sm\u00e5djur, G\u00e5ngj\u00e4rnstak, Gran, Apelsin 1"},{"@type":"BreadcrumbList","@id":"https:\/\/truusk.store\/sv\/produkt\/truusk-frigaende-inhagnad-for-smadjur-gangjarnstak-gran-apelsin\/#breadcrumb","itemListElement":[{"@type":"ListItem","position":1,"name":"Home","item":"https:\/\/truusk.store\/sv\/"},{"@type":"ListItem","position":2,"name":"Shop","item":"https:\/\/truusk.store\/shop\/"},{"@type":"ListItem","position":3,"name":"TRUUSK Frig\u00e5ende Inh\u00e4gnad F\u00f6r Sm\u00e5djur &#8211; G\u00e5ngj\u00e4rnstak &#8211; Gran &#8211; Apelsin"}]},{"@type":"WebSite","@id":"https:\/\/truusk.store\/sv\/#website","url":"https:\/\/truusk.store\/sv\/","name":"TRUUSK - Hem, Tr\u00e4dg\u00e5rd & Fritid","description":"","publisher":{"@id":"https:\/\/truusk.store\/sv\/#organization"},"potentialAction":[{"@type":"SearchAction","target":{"@type":"EntryPoint","urlTemplate":"https:\/\/truusk.store\/sv\/?s={search_term_string}"},"query-input":{"@type":"PropertyValueSpecification","valueRequired":true,"valueName":"search_term_string"}}],"inLanguage":"sv-SE"},{"@type":"Organization","@id":"https:\/\/truusk.store\/sv\/#organization","name":"TRUUSK - Hem, Tr\u00e4dg\u00e5rd & Fritid","url":"https:\/\/truusk.store\/sv\/","logo":{"@type":"ImageObject","inLanguage":"sv-SE","@id":"https:\/\/truusk.store\/sv\/#\/schema\/logo\/image\/","url":"https:\/\/i0.wp.com\/truusk.store\/wp-content\/uploads\/2026\/03\/cropped-TRUUSK.png?fit=2032%2C917&ssl=1","contentUrl":"https:\/\/i0.wp.com\/truusk.store\/wp-content\/uploads\/2026\/03\/cropped-TRUUSK.png?fit=2032%2C917&ssl=1","width":2032,"height":917,"caption":"TRUUSK - Hem, Tr\u00e4dg\u00e5rd & Fritid"},"image":{"@id":"https:\/\/truusk.store\/sv\/#\/schema\/logo\/image\/"}}]}},"jetpack_sharing_enabled":true,"_links":{"self":[{"href":"https:\/\/truusk.store\/sv\/wp-json\/wp\/v2\/product\/17044","targetHints":{"allow":["GET"]}}],"collection":[{"href":"https:\/\/truusk.store\/sv\/wp-json\/wp\/v2\/product"}],"about":[{"href":"https:\/\/truusk.store\/sv\/wp-json\/wp\/v2\/types\/product"}],"wp:featuredmedia":[{"embeddable":true,"href":"https:\/\/truusk.store\/sv\/wp-json\/wp\/v2\/media\/17045"}],"wp:attachment":[{"href":"https:\/\/truusk.store\/sv\/wp-json\/wp\/v2\/media?parent=17044"}],"wp:term":[{"taxonomy":"product_brand","embeddable":true,"href":"https:\/\/truusk.store\/sv\/wp-json\/wp\/v2\/product_brand?post=17044"},{"taxonomy":"product_cat","embeddable":true,"href":"https:\/\/truusk.store\/sv\/wp-json\/wp\/v2\/product_cat?post=17044"},{"taxonomy":"product_tag","embeddable":true,"href":"https:\/\/truusk.store\/sv\/wp-json\/wp\/v2\/product_tag?post=17044"}],"curies":[{"name":"wp","href":"https:\/\/api.w.org\/{rel}","templated":true}]}}