{"id":17056,"date":"2024-02-13T13:35:04","date_gmt":"2024-02-13T12:35:04","guid":{"rendered":"https:\/\/truusk.store\/product\/paraplyvikt-4-st-paraplystall-kan-fyllas-med-80-kg-vatten-eller-120-kg-sand-hdpe-svart-100-x-100-x-95-cm\/"},"modified":"2026-03-12T09:01:05","modified_gmt":"2026-03-12T08:01:05","slug":"truusk-paraplystall-4-st-kan-fyllas-med-80-kg-vatten-eller-120-kg-sand-hdpe-svart-100-x-100-x-95-cm","status":"publish","type":"product","link":"https:\/\/truusk.store\/sv\/produkt\/truusk-paraplystall-4-st-kan-fyllas-med-80-kg-vatten-eller-120-kg-sand-hdpe-svart-100-x-100-x-95-cm\/","title":{"rendered":"TRUUSK Paraplyst\u00e4ll 4 St. &#8211; Kan Fyllas Med 80 kg Vatten eller 120 kg Sand &#8211; HDPE &#8211; Svart &#8211; 100 x 100 x 9,5 cm"},"content":{"rendered":"<p>Sluta oroa dig f\u00f6r s\u00e4kerheten f\u00f6r dina paraplyer. V\u00e5ra h\u00e5llarplattor f\u00f6r paraplyer \u00e4r tillverkade av robust HDPE-plast och har en v\u00e4der- och UV-best\u00e4ndig bel\u00e4ggning. Varje del kan enkelt fyllas med 20 kg vatten eller 30 kg sand, vilket f\u00f6rhindrar att dina paraplyer flyger iv\u00e4g i h\u00e5rda vindar. Perfekt f\u00f6r alla utomhusomr\u00e5den och de flesta paraplyer.<\/p>\n<h3>Beskrivning:<\/h3>\n<ul>\n<li>Paraplyst\u00e4llet passar de flesta Roma frib\u00e4rande paraplyer och parasoller<\/li>\n<li>Tillverkad av robust HDPE-plast med v\u00e4der- och UV-best\u00e4ndig f\u00e4rg<\/li>\n<li>Varje del har en kapacitet p\u00e5 20 kg vatten eller 30 kg sand<\/li>\n<li>H\u00e5ller ditt paraply s\u00e4kert i din tr\u00e4dg\u00e5rd, uteplats eller andra utomhusomr\u00e5den<\/li>\n<li>Korsstag p\u00e5 golvet f\u00f6r extremt st\u00f6d<\/li>\n<li>L\u00e4tt att fylla med vatten eller sand och har ett praktiskt avloppsh\u00e5l p\u00e5 varje del<\/li>\n<li>L\u00e4tt att reng\u00f6ra, transportera och f\u00f6rvara<\/li>\n<li>OBS: L\u00e4mplig f\u00f6r bananparaplyer och romerska paraplyer utan roterande funktion. M\u00e4t paraplystativet i f\u00f6rv\u00e4g f\u00f6r att s\u00e4kerst\u00e4lla att v\u00e5ra vikter passar bra.<\/li>\n<\/ul>\n<h3>Teknisk data:<\/h3>\n<ul>\n<li>Material: HDPE<\/li>\n<li>M\u00e5tt: L100 x B100 x H9,5 cm<\/li>\n<li>Kapacitet: 20 kg vatten eller 30 kg sand (per del)<\/li>\n<li>Nettovikt: 10,2 kg<\/li>\n<li>Svart f\u00e4rg<\/li>\n<li>L\u00e4mplig stativstorlek: L100 x B100 cm<\/li>\n<li>\u00d6ppning f\u00f6r vatten eller sand: 5,5 cm<\/li>\n<\/ul>\n<h3>Leveransens omfattning:<\/h3>\n<ul>\n<li>1 x 4 st. Paraplyst\u00e4ll;<\/li>\n<\/ul>\n","protected":false},"excerpt":{"rendered":"<p>Sluta oroa dig f\u00f6r s\u00e4kerheten f\u00f6r dina paraplyer. V\u00e5ra h\u00e5llarplattor f\u00f6r paraplyer \u00e4r tillverkade av robust HDPE-plast och har en&#8230;<\/p>\n","protected":false},"featured_media":17057,"template":"","meta":[],"product_brand":[],"product_cat":[723,472,471,435],"product_tag":[],"class_list":{"0":"post-17056","1":"product","2":"type-product","3":"status-publish","4":"has-post-thumbnail","6":"product_cat-paraplystall","7":"product_cat-parasoller","8":"product_cat-solskydd-integritetsskydd","9":"product_cat-tradgard-och-terrass","11":"first","12":"instock","13":"sale","14":"taxable","15":"shipping-taxable","16":"purchasable","17":"product-type-simple"},"yoast_head":"<!-- This site is optimized with the Yoast SEO plugin v25.4 - https:\/\/yoast.com\/wordpress\/plugins\/seo\/ -->\n<title>TRUUSK Paraplyst\u00e4ll 4 St. - Kan Fyllas Med 80 kg Vatten eller 120 kg Sand - HDPE - Svart - 100 x 100 x 9,5 cm - TRUUSK - Hem, Tr\u00e4dg\u00e5rd &amp; Fritid<\/title>\n<meta name=\"robots\" content=\"index, follow, max-snippet:-1, max-image-preview:large, max-video-preview:-1\" \/>\n<link rel=\"canonical\" href=\"https:\/\/truusk.store\/sv\/produkt\/truusk-paraplystall-4-st-kan-fyllas-med-80-kg-vatten-eller-120-kg-sand-hdpe-svart-100-x-100-x-95-cm\/\" \/>\n<meta property=\"og:locale\" content=\"sv_SE\" \/>\n<meta property=\"og:type\" content=\"article\" \/>\n<meta property=\"og:title\" content=\"TRUUSK Paraplyst\u00e4ll 4 St. - Kan Fyllas Med 80 kg Vatten eller 120 kg Sand - HDPE - Svart - 100 x 100 x 9,5 cm - TRUUSK - Hem, Tr\u00e4dg\u00e5rd &amp; Fritid\" \/>\n<meta property=\"og:description\" content=\"Sluta oroa dig f\u00f6r s\u00e4kerheten f\u00f6r dina paraplyer. V\u00e5ra h\u00e5llarplattor f\u00f6r paraplyer \u00e4r tillverkade av robust HDPE-plast och har en...\" \/>\n<meta property=\"og:url\" content=\"https:\/\/truusk.store\/sv\/produkt\/truusk-paraplystall-4-st-kan-fyllas-med-80-kg-vatten-eller-120-kg-sand-hdpe-svart-100-x-100-x-95-cm\/\" \/>\n<meta property=\"og:site_name\" content=\"TRUUSK - Hem, Tr\u00e4dg\u00e5rd &amp; Fritid\" \/>\n<meta property=\"article:modified_time\" content=\"2026-03-12T08:01:05+00:00\" \/>\n<meta property=\"og:image\" content=\"https:\/\/i0.wp.com\/truusk.se\/wp-content\/uploads\/2024\/02\/paraplyvikt-4-st-paraplystall-kan-fyllas-med-80-kg-vatten-eller-120-kg-sand-hdpe-svart-100-x-100-x-95-cm.webp?fit=800%2C800&ssl=1\" \/>\n\t<meta property=\"og:image:width\" content=\"800\" \/>\n\t<meta property=\"og:image:height\" content=\"800\" \/>\n\t<meta property=\"og:image:type\" content=\"image\/webp\" \/>\n<meta name=\"twitter:card\" content=\"summary_large_image\" \/>\n<meta name=\"twitter:label1\" content=\"Ber\u00e4knad l\u00e4stid\" \/>\n\t<meta name=\"twitter:data1\" content=\"1 minut\" \/>\n<!-- \/ Yoast SEO plugin. -->","yoast_head_json":{"title":"TRUUSK Paraplyst\u00e4ll 4 St. - Kan Fyllas Med 80 kg Vatten eller 120 kg Sand - HDPE - Svart - 100 x 100 x 9,5 cm - TRUUSK - Hem, Tr\u00e4dg\u00e5rd &amp; Fritid","robots":{"index":"index","follow":"follow","max-snippet":"max-snippet:-1","max-image-preview":"max-image-preview:large","max-video-preview":"max-video-preview:-1"},"canonical":"https:\/\/truusk.store\/sv\/produkt\/truusk-paraplystall-4-st-kan-fyllas-med-80-kg-vatten-eller-120-kg-sand-hdpe-svart-100-x-100-x-95-cm\/","og_locale":"sv_SE","og_type":"article","og_title":"TRUUSK Paraplyst\u00e4ll 4 St. - Kan Fyllas Med 80 kg Vatten eller 120 kg Sand - HDPE - Svart - 100 x 100 x 9,5 cm - TRUUSK - Hem, Tr\u00e4dg\u00e5rd &amp; Fritid","og_description":"Sluta oroa dig f\u00f6r s\u00e4kerheten f\u00f6r dina paraplyer. V\u00e5ra h\u00e5llarplattor f\u00f6r paraplyer \u00e4r tillverkade av robust HDPE-plast och har en...","og_url":"https:\/\/truusk.store\/sv\/produkt\/truusk-paraplystall-4-st-kan-fyllas-med-80-kg-vatten-eller-120-kg-sand-hdpe-svart-100-x-100-x-95-cm\/","og_site_name":"TRUUSK - Hem, Tr\u00e4dg\u00e5rd &amp; Fritid","article_modified_time":"2026-03-12T08:01:05+00:00","og_image":[{"width":800,"height":800,"url":"https:\/\/i0.wp.com\/truusk.se\/wp-content\/uploads\/2024\/02\/paraplyvikt-4-st-paraplystall-kan-fyllas-med-80-kg-vatten-eller-120-kg-sand-hdpe-svart-100-x-100-x-95-cm.webp?fit=800%2C800&ssl=1","type":"image\/webp"}],"twitter_card":"summary_large_image","twitter_misc":{"Ber\u00e4knad l\u00e4stid":"1 minut"},"schema":{"@context":"https:\/\/schema.org","@graph":[{"@type":"WebPage","@id":"https:\/\/truusk.store\/sv\/produkt\/truusk-paraplystall-4-st-kan-fyllas-med-80-kg-vatten-eller-120-kg-sand-hdpe-svart-100-x-100-x-95-cm\/","url":"https:\/\/truusk.store\/sv\/produkt\/truusk-paraplystall-4-st-kan-fyllas-med-80-kg-vatten-eller-120-kg-sand-hdpe-svart-100-x-100-x-95-cm\/","name":"TRUUSK Paraplyst\u00e4ll 4 St. - Kan Fyllas Med 80 kg Vatten eller 120 kg Sand - HDPE - Svart - 100 x 100 x 9,5 cm - TRUUSK - Hem, Tr\u00e4dg\u00e5rd &amp; Fritid","isPartOf":{"@id":"https:\/\/truusk.store\/sv\/#website"},"primaryImageOfPage":{"@id":"https:\/\/truusk.store\/sv\/produkt\/truusk-paraplystall-4-st-kan-fyllas-med-80-kg-vatten-eller-120-kg-sand-hdpe-svart-100-x-100-x-95-cm\/#primaryimage"},"image":{"@id":"https:\/\/truusk.store\/sv\/produkt\/truusk-paraplystall-4-st-kan-fyllas-med-80-kg-vatten-eller-120-kg-sand-hdpe-svart-100-x-100-x-95-cm\/#primaryimage"},"thumbnailUrl":"https:\/\/i0.wp.com\/truusk.store\/wp-content\/uploads\/2024\/02\/paraplyvikt-4-st-paraplystall-kan-fyllas-med-80-kg-vatten-eller-120-kg-sand-hdpe-svart-100-x-100-x-95-cm.webp?fit=800%2C800&ssl=1","datePublished":"2024-02-13T12:35:04+00:00","dateModified":"2026-03-12T08:01:05+00:00","breadcrumb":{"@id":"https:\/\/truusk.store\/sv\/produkt\/truusk-paraplystall-4-st-kan-fyllas-med-80-kg-vatten-eller-120-kg-sand-hdpe-svart-100-x-100-x-95-cm\/#breadcrumb"},"inLanguage":"sv-SE","potentialAction":[{"@type":"ReadAction","target":["https:\/\/truusk.store\/sv\/produkt\/truusk-paraplystall-4-st-kan-fyllas-med-80-kg-vatten-eller-120-kg-sand-hdpe-svart-100-x-100-x-95-cm\/"]}]},{"@type":"ImageObject","inLanguage":"sv-SE","@id":"https:\/\/truusk.store\/sv\/produkt\/truusk-paraplystall-4-st-kan-fyllas-med-80-kg-vatten-eller-120-kg-sand-hdpe-svart-100-x-100-x-95-cm\/#primaryimage","url":"https:\/\/i0.wp.com\/truusk.store\/wp-content\/uploads\/2024\/02\/paraplyvikt-4-st-paraplystall-kan-fyllas-med-80-kg-vatten-eller-120-kg-sand-hdpe-svart-100-x-100-x-95-cm.webp?fit=800%2C800&ssl=1","contentUrl":"https:\/\/i0.wp.com\/truusk.store\/wp-content\/uploads\/2024\/02\/paraplyvikt-4-st-paraplystall-kan-fyllas-med-80-kg-vatten-eller-120-kg-sand-hdpe-svart-100-x-100-x-95-cm.webp?fit=800%2C800&ssl=1","width":800,"height":800,"caption":"Paraplyvikt, 4 St. Paraplyst\u00e4ll, Kan Fyllas Med 80 Kg Vatten Eller 120 Kg Sand, HDPE, Svart, 100 X 100 X 9,5 Cm 1"},{"@type":"BreadcrumbList","@id":"https:\/\/truusk.store\/sv\/produkt\/truusk-paraplystall-4-st-kan-fyllas-med-80-kg-vatten-eller-120-kg-sand-hdpe-svart-100-x-100-x-95-cm\/#breadcrumb","itemListElement":[{"@type":"ListItem","position":1,"name":"Home","item":"https:\/\/truusk.store\/sv\/"},{"@type":"ListItem","position":2,"name":"Shop","item":"https:\/\/truusk.store\/shop\/"},{"@type":"ListItem","position":3,"name":"TRUUSK Paraplyst\u00e4ll 4 St. &#8211; Kan Fyllas Med 80 kg Vatten eller 120 kg Sand &#8211; HDPE &#8211; Svart &#8211; 100 x 100 x 9,5 cm"}]},{"@type":"WebSite","@id":"https:\/\/truusk.store\/sv\/#website","url":"https:\/\/truusk.store\/sv\/","name":"TRUUSK - Hem, Tr\u00e4dg\u00e5rd & Fritid","description":"","publisher":{"@id":"https:\/\/truusk.store\/sv\/#organization"},"potentialAction":[{"@type":"SearchAction","target":{"@type":"EntryPoint","urlTemplate":"https:\/\/truusk.store\/sv\/?s={search_term_string}"},"query-input":{"@type":"PropertyValueSpecification","valueRequired":true,"valueName":"search_term_string"}}],"inLanguage":"sv-SE"},{"@type":"Organization","@id":"https:\/\/truusk.store\/sv\/#organization","name":"TRUUSK - Hem, Tr\u00e4dg\u00e5rd & Fritid","url":"https:\/\/truusk.store\/sv\/","logo":{"@type":"ImageObject","inLanguage":"sv-SE","@id":"https:\/\/truusk.store\/sv\/#\/schema\/logo\/image\/","url":"https:\/\/i0.wp.com\/truusk.store\/wp-content\/uploads\/2026\/03\/cropped-TRUUSK.png?fit=2032%2C917&ssl=1","contentUrl":"https:\/\/i0.wp.com\/truusk.store\/wp-content\/uploads\/2026\/03\/cropped-TRUUSK.png?fit=2032%2C917&ssl=1","width":2032,"height":917,"caption":"TRUUSK - Hem, Tr\u00e4dg\u00e5rd & Fritid"},"image":{"@id":"https:\/\/truusk.store\/sv\/#\/schema\/logo\/image\/"}}]}},"jetpack_sharing_enabled":true,"_links":{"self":[{"href":"https:\/\/truusk.store\/sv\/wp-json\/wp\/v2\/product\/17056","targetHints":{"allow":["GET"]}}],"collection":[{"href":"https:\/\/truusk.store\/sv\/wp-json\/wp\/v2\/product"}],"about":[{"href":"https:\/\/truusk.store\/sv\/wp-json\/wp\/v2\/types\/product"}],"wp:featuredmedia":[{"embeddable":true,"href":"https:\/\/truusk.store\/sv\/wp-json\/wp\/v2\/media\/17057"}],"wp:attachment":[{"href":"https:\/\/truusk.store\/sv\/wp-json\/wp\/v2\/media?parent=17056"}],"wp:term":[{"taxonomy":"product_brand","embeddable":true,"href":"https:\/\/truusk.store\/sv\/wp-json\/wp\/v2\/product_brand?post=17056"},{"taxonomy":"product_cat","embeddable":true,"href":"https:\/\/truusk.store\/sv\/wp-json\/wp\/v2\/product_cat?post=17056"},{"taxonomy":"product_tag","embeddable":true,"href":"https:\/\/truusk.store\/sv\/wp-json\/wp\/v2\/product_tag?post=17056"}],"curies":[{"name":"wp","href":"https:\/\/api.w.org\/{rel}","templated":true}]}}