{"id":17141,"date":"2024-02-13T13:37:49","date_gmt":"2024-02-13T12:37:49","guid":{"rendered":"https:\/\/truusk.store\/product\/barnskoter-fran-5-ar-skoter-barnskoter-stadsskoter-barnskoter-kickboard-med-pneumatiska-dack-12-tum-gummi-aluminium-vit-120-x-58-x-85-95-cm\/"},"modified":"2026-03-12T09:01:10","modified_gmt":"2026-03-12T08:01:10","slug":"truusk-barnskoter-for-barn-fran-5-ar-stadsskoter-med-pneumatiska-12-tums-dack-justerbar-hojd-aluminiumram-vit-120-x-58","status":"publish","type":"product","link":"https:\/\/truusk.store\/sv\/produkt\/truusk-barnskoter-for-barn-fran-5-ar-stadsskoter-med-pneumatiska-12-tums-dack-justerbar-hojd-aluminiumram-vit-120-x-58\/","title":{"rendered":"TRUUSK Barnskoter f\u00f6r barn fr\u00e5n 5 \u00e5r &#8211; Stadsskoter med pneumatiska 12-tums d\u00e4ck &#8211; Justerbar h\u00f6jd &#8211; Aluminiumram &#8211; Vit &#8211; 120 x 58"},"content":{"rendered":"<p>Denna skoter erbjuder k\u00f6rgl\u00e4dje p\u00e5 h\u00f6gsta niv\u00e5! Uppbl\u00e5sbara d\u00e4ck s\u00e4kerst\u00e4ller en smidig k\u00f6rning. Ett dubbelt bromssystem g\u00f6r inbromsningen enklare. Den l\u00e5ga vikten g\u00f6r den l\u00e4tt att transportera n\u00e4r den inte anv\u00e4nds. Med denna skoter kommer dina barn att \u00e4lska att spendera mer tid utomhus.<\/p>\n<h3>Beskrivning:<\/h3>\n<ul>\n<li>F\u00f6rb\u00e4ttra dina barns k\u00e4nsla f\u00f6r balans och bygg styrka<\/li>\n<li>Bred texturerad fotd\u00e4ck som \u00e4r halkfri och hj\u00e4lper till att uppr\u00e4tth\u00e5lla balansen<\/li>\n<li>Mjukt inlindat styre g\u00f6r greppet bekv\u00e4mare<\/li>\n<li>Det justerbara styret g\u00f6r det anv\u00e4ndbart f\u00f6r barn i m\u00e5nga \u00e5ldrar<\/li>\n<li>En l\u00e4tt men \u00e4nd\u00e5 robust ram m\u00f6jligg\u00f6r enkel transport n\u00e4r den inte anv\u00e4nds<\/li>\n<li>H\u00e5llbar fotbollsdesign uppbl\u00e5sbara gummihjul kan anv\u00e4ndas b\u00e5de inomhus och utomhus<\/li>\n<li>St\u00e5lram med rostbest\u00e4ndig pulverlack f\u00f6r l\u00e5ngvarig anv\u00e4ndning<\/li>\n<\/ul>\n<h3>Teknisk data:<\/h3>\n<ul>\n<li>F\u00e4rg vit<\/li>\n<li>Material: st\u00e5l, aluminium, gummi<\/li>\n<li>Totala m\u00e5tt: 120L x 58W x 85-95H cm<\/li>\n<li>D\u00e4ckdiameter: 30 cm<\/li>\n<li>L\u00e4mplig \u00e5lder: 5+<\/li>\n<li>Lastkapacitet: 100 kg<\/li>\n<li>Enkel montering kr\u00e4vs<\/li>\n<\/ul>\n<h3>Leveransens omfattning:<\/h3>\n<ul>\n<li>1 x sparkcykel<\/li>\n<li>1 x Instruktioner<\/li>\n<\/ul>\n","protected":false},"excerpt":{"rendered":"<p>Denna skoter erbjuder k\u00f6rgl\u00e4dje p\u00e5 h\u00f6gsta niv\u00e5! Uppbl\u00e5sbara d\u00e4ck s\u00e4kerst\u00e4ller en smidig k\u00f6rning. Ett dubbelt bromssystem g\u00f6r inbromsningen enklare. Den&#8230;<\/p>\n","protected":false},"featured_media":17142,"template":"","meta":[],"product_brand":[],"product_cat":[609,610,611],"product_tag":[],"class_list":{"0":"post-17141","1":"product","2":"type-product","3":"status-publish","4":"has-post-thumbnail","6":"product_cat-baby-barn","7":"product_cat-barnfordon","8":"product_cat-skoter","10":"first","11":"instock","12":"sale","13":"taxable","14":"shipping-taxable","15":"purchasable","16":"product-type-simple"},"yoast_head":"<!-- This site is optimized with the Yoast SEO plugin v25.4 - https:\/\/yoast.com\/wordpress\/plugins\/seo\/ -->\n<title>TRUUSK Barnskoter f\u00f6r barn fr\u00e5n 5 \u00e5r - Stadsskoter med pneumatiska 12-tums d\u00e4ck - Justerbar h\u00f6jd - Aluminiumram - Vit - 120 x 58 - TRUUSK - Hem, Tr\u00e4dg\u00e5rd &amp; Fritid<\/title>\n<meta name=\"robots\" content=\"index, follow, max-snippet:-1, max-image-preview:large, max-video-preview:-1\" \/>\n<link rel=\"canonical\" href=\"https:\/\/truusk.store\/sv\/produkt\/truusk-barnskoter-for-barn-fran-5-ar-stadsskoter-med-pneumatiska-12-tums-dack-justerbar-hojd-aluminiumram-vit-120-x-58\/\" \/>\n<meta property=\"og:locale\" content=\"sv_SE\" \/>\n<meta property=\"og:type\" content=\"article\" \/>\n<meta property=\"og:title\" content=\"TRUUSK Barnskoter f\u00f6r barn fr\u00e5n 5 \u00e5r - Stadsskoter med pneumatiska 12-tums d\u00e4ck - Justerbar h\u00f6jd - Aluminiumram - Vit - 120 x 58 - TRUUSK - Hem, Tr\u00e4dg\u00e5rd &amp; Fritid\" \/>\n<meta property=\"og:description\" content=\"Denna skoter erbjuder k\u00f6rgl\u00e4dje p\u00e5 h\u00f6gsta niv\u00e5! Uppbl\u00e5sbara d\u00e4ck s\u00e4kerst\u00e4ller en smidig k\u00f6rning. Ett dubbelt bromssystem g\u00f6r inbromsningen enklare. Den...\" \/>\n<meta property=\"og:url\" content=\"https:\/\/truusk.store\/sv\/produkt\/truusk-barnskoter-for-barn-fran-5-ar-stadsskoter-med-pneumatiska-12-tums-dack-justerbar-hojd-aluminiumram-vit-120-x-58\/\" \/>\n<meta property=\"og:site_name\" content=\"TRUUSK - Hem, Tr\u00e4dg\u00e5rd &amp; Fritid\" \/>\n<meta property=\"article:modified_time\" content=\"2026-03-12T08:01:10+00:00\" \/>\n<meta property=\"og:image\" content=\"https:\/\/i0.wp.com\/truusk.se\/wp-content\/uploads\/2024\/02\/barnskoter-fran-5-ar-skoter-barnskoter-stadsskoter-barnskoter-kickboard-med-pneumatiska-dack-12-tum-gummi-aluminium-vit-120-x-58-x-85-95-cm.webp?fit=800%2C800&ssl=1\" \/>\n\t<meta property=\"og:image:width\" content=\"800\" \/>\n\t<meta property=\"og:image:height\" content=\"800\" \/>\n\t<meta property=\"og:image:type\" content=\"image\/webp\" \/>\n<meta name=\"twitter:card\" content=\"summary_large_image\" \/>\n<meta name=\"twitter:label1\" content=\"Ber\u00e4knad l\u00e4stid\" \/>\n\t<meta name=\"twitter:data1\" content=\"1 minut\" \/>\n<!-- \/ Yoast SEO plugin. -->","yoast_head_json":{"title":"TRUUSK Barnskoter f\u00f6r barn fr\u00e5n 5 \u00e5r - Stadsskoter med pneumatiska 12-tums d\u00e4ck - Justerbar h\u00f6jd - Aluminiumram - Vit - 120 x 58 - TRUUSK - Hem, Tr\u00e4dg\u00e5rd &amp; Fritid","robots":{"index":"index","follow":"follow","max-snippet":"max-snippet:-1","max-image-preview":"max-image-preview:large","max-video-preview":"max-video-preview:-1"},"canonical":"https:\/\/truusk.store\/sv\/produkt\/truusk-barnskoter-for-barn-fran-5-ar-stadsskoter-med-pneumatiska-12-tums-dack-justerbar-hojd-aluminiumram-vit-120-x-58\/","og_locale":"sv_SE","og_type":"article","og_title":"TRUUSK Barnskoter f\u00f6r barn fr\u00e5n 5 \u00e5r - Stadsskoter med pneumatiska 12-tums d\u00e4ck - Justerbar h\u00f6jd - Aluminiumram - Vit - 120 x 58 - TRUUSK - Hem, Tr\u00e4dg\u00e5rd &amp; Fritid","og_description":"Denna skoter erbjuder k\u00f6rgl\u00e4dje p\u00e5 h\u00f6gsta niv\u00e5! Uppbl\u00e5sbara d\u00e4ck s\u00e4kerst\u00e4ller en smidig k\u00f6rning. Ett dubbelt bromssystem g\u00f6r inbromsningen enklare. Den...","og_url":"https:\/\/truusk.store\/sv\/produkt\/truusk-barnskoter-for-barn-fran-5-ar-stadsskoter-med-pneumatiska-12-tums-dack-justerbar-hojd-aluminiumram-vit-120-x-58\/","og_site_name":"TRUUSK - Hem, Tr\u00e4dg\u00e5rd &amp; Fritid","article_modified_time":"2026-03-12T08:01:10+00:00","og_image":[{"width":800,"height":800,"url":"https:\/\/i0.wp.com\/truusk.se\/wp-content\/uploads\/2024\/02\/barnskoter-fran-5-ar-skoter-barnskoter-stadsskoter-barnskoter-kickboard-med-pneumatiska-dack-12-tum-gummi-aluminium-vit-120-x-58-x-85-95-cm.webp?fit=800%2C800&ssl=1","type":"image\/webp"}],"twitter_card":"summary_large_image","twitter_misc":{"Ber\u00e4knad l\u00e4stid":"1 minut"},"schema":{"@context":"https:\/\/schema.org","@graph":[{"@type":"WebPage","@id":"https:\/\/truusk.store\/sv\/produkt\/truusk-barnskoter-for-barn-fran-5-ar-stadsskoter-med-pneumatiska-12-tums-dack-justerbar-hojd-aluminiumram-vit-120-x-58\/","url":"https:\/\/truusk.store\/sv\/produkt\/truusk-barnskoter-for-barn-fran-5-ar-stadsskoter-med-pneumatiska-12-tums-dack-justerbar-hojd-aluminiumram-vit-120-x-58\/","name":"TRUUSK Barnskoter f\u00f6r barn fr\u00e5n 5 \u00e5r - Stadsskoter med pneumatiska 12-tums d\u00e4ck - Justerbar h\u00f6jd - Aluminiumram - Vit - 120 x 58 - TRUUSK - Hem, Tr\u00e4dg\u00e5rd &amp; Fritid","isPartOf":{"@id":"https:\/\/truusk.store\/sv\/#website"},"primaryImageOfPage":{"@id":"https:\/\/truusk.store\/sv\/produkt\/truusk-barnskoter-for-barn-fran-5-ar-stadsskoter-med-pneumatiska-12-tums-dack-justerbar-hojd-aluminiumram-vit-120-x-58\/#primaryimage"},"image":{"@id":"https:\/\/truusk.store\/sv\/produkt\/truusk-barnskoter-for-barn-fran-5-ar-stadsskoter-med-pneumatiska-12-tums-dack-justerbar-hojd-aluminiumram-vit-120-x-58\/#primaryimage"},"thumbnailUrl":"https:\/\/i0.wp.com\/truusk.store\/wp-content\/uploads\/2024\/02\/barnskoter-fran-5-ar-skoter-barnskoter-stadsskoter-barnskoter-kickboard-med-pneumatiska-dack-12-tum-gummi-aluminium-vit-120-x-58-x-85-95-cm.webp?fit=800%2C800&ssl=1","datePublished":"2024-02-13T12:37:49+00:00","dateModified":"2026-03-12T08:01:10+00:00","breadcrumb":{"@id":"https:\/\/truusk.store\/sv\/produkt\/truusk-barnskoter-for-barn-fran-5-ar-stadsskoter-med-pneumatiska-12-tums-dack-justerbar-hojd-aluminiumram-vit-120-x-58\/#breadcrumb"},"inLanguage":"sv-SE","potentialAction":[{"@type":"ReadAction","target":["https:\/\/truusk.store\/sv\/produkt\/truusk-barnskoter-for-barn-fran-5-ar-stadsskoter-med-pneumatiska-12-tums-dack-justerbar-hojd-aluminiumram-vit-120-x-58\/"]}]},{"@type":"ImageObject","inLanguage":"sv-SE","@id":"https:\/\/truusk.store\/sv\/produkt\/truusk-barnskoter-for-barn-fran-5-ar-stadsskoter-med-pneumatiska-12-tums-dack-justerbar-hojd-aluminiumram-vit-120-x-58\/#primaryimage","url":"https:\/\/i0.wp.com\/truusk.store\/wp-content\/uploads\/2024\/02\/barnskoter-fran-5-ar-skoter-barnskoter-stadsskoter-barnskoter-kickboard-med-pneumatiska-dack-12-tum-gummi-aluminium-vit-120-x-58-x-85-95-cm.webp?fit=800%2C800&ssl=1","contentUrl":"https:\/\/i0.wp.com\/truusk.store\/wp-content\/uploads\/2024\/02\/barnskoter-fran-5-ar-skoter-barnskoter-stadsskoter-barnskoter-kickboard-med-pneumatiska-dack-12-tum-gummi-aluminium-vit-120-x-58-x-85-95-cm.webp?fit=800%2C800&ssl=1","width":800,"height":800,"caption":"Barnskoter Fr\u00e5n 5 \u00e5r Skoter Barnskoter Stadsskoter Barnskoter Kickboard Med Pneumatiska D\u00e4ck 12 Tum Gummi Aluminium Vit 120 X 58 X 85-95 Cm 1"},{"@type":"BreadcrumbList","@id":"https:\/\/truusk.store\/sv\/produkt\/truusk-barnskoter-for-barn-fran-5-ar-stadsskoter-med-pneumatiska-12-tums-dack-justerbar-hojd-aluminiumram-vit-120-x-58\/#breadcrumb","itemListElement":[{"@type":"ListItem","position":1,"name":"Home","item":"https:\/\/truusk.store\/sv\/"},{"@type":"ListItem","position":2,"name":"Shop","item":"https:\/\/truusk.store\/shop\/"},{"@type":"ListItem","position":3,"name":"TRUUSK Barnskoter f\u00f6r barn fr\u00e5n 5 \u00e5r &#8211; Stadsskoter med pneumatiska 12-tums d\u00e4ck &#8211; Justerbar h\u00f6jd &#8211; Aluminiumram &#8211; Vit &#8211; 120 x 58"}]},{"@type":"WebSite","@id":"https:\/\/truusk.store\/sv\/#website","url":"https:\/\/truusk.store\/sv\/","name":"TRUUSK - Hem, Tr\u00e4dg\u00e5rd & Fritid","description":"","publisher":{"@id":"https:\/\/truusk.store\/sv\/#organization"},"potentialAction":[{"@type":"SearchAction","target":{"@type":"EntryPoint","urlTemplate":"https:\/\/truusk.store\/sv\/?s={search_term_string}"},"query-input":{"@type":"PropertyValueSpecification","valueRequired":true,"valueName":"search_term_string"}}],"inLanguage":"sv-SE"},{"@type":"Organization","@id":"https:\/\/truusk.store\/sv\/#organization","name":"TRUUSK - Hem, Tr\u00e4dg\u00e5rd & Fritid","url":"https:\/\/truusk.store\/sv\/","logo":{"@type":"ImageObject","inLanguage":"sv-SE","@id":"https:\/\/truusk.store\/sv\/#\/schema\/logo\/image\/","url":"https:\/\/i0.wp.com\/truusk.store\/wp-content\/uploads\/2026\/03\/cropped-TRUUSK.png?fit=2032%2C917&ssl=1","contentUrl":"https:\/\/i0.wp.com\/truusk.store\/wp-content\/uploads\/2026\/03\/cropped-TRUUSK.png?fit=2032%2C917&ssl=1","width":2032,"height":917,"caption":"TRUUSK - Hem, Tr\u00e4dg\u00e5rd & Fritid"},"image":{"@id":"https:\/\/truusk.store\/sv\/#\/schema\/logo\/image\/"}}]}},"jetpack_sharing_enabled":true,"_links":{"self":[{"href":"https:\/\/truusk.store\/sv\/wp-json\/wp\/v2\/product\/17141","targetHints":{"allow":["GET"]}}],"collection":[{"href":"https:\/\/truusk.store\/sv\/wp-json\/wp\/v2\/product"}],"about":[{"href":"https:\/\/truusk.store\/sv\/wp-json\/wp\/v2\/types\/product"}],"wp:featuredmedia":[{"embeddable":true,"href":"https:\/\/truusk.store\/sv\/wp-json\/wp\/v2\/media\/17142"}],"wp:attachment":[{"href":"https:\/\/truusk.store\/sv\/wp-json\/wp\/v2\/media?parent=17141"}],"wp:term":[{"taxonomy":"product_brand","embeddable":true,"href":"https:\/\/truusk.store\/sv\/wp-json\/wp\/v2\/product_brand?post=17141"},{"taxonomy":"product_cat","embeddable":true,"href":"https:\/\/truusk.store\/sv\/wp-json\/wp\/v2\/product_cat?post=17141"},{"taxonomy":"product_tag","embeddable":true,"href":"https:\/\/truusk.store\/sv\/wp-json\/wp\/v2\/product_tag?post=17141"}],"curies":[{"name":"wp","href":"https:\/\/api.w.org\/{rel}","templated":true}]}}