{"id":17208,"date":"2024-02-13T13:39:50","date_gmt":"2024-02-13T12:39:50","guid":{"rendered":"https:\/\/truusk.store\/product\/katttrad-klattertrad-med-hangmatta-3-vanings-lektrad-med-kattbadd-kattskrapstolpe-med-sittplattform-sisalpelare-gra-40-x-h65-cm\/"},"modified":"2026-03-12T09:01:12","modified_gmt":"2026-03-12T08:01:12","slug":"truusk-katttrad-med-hangmatta-3-vanings-lektrad-kattbadd-skrapstolpe-sisalpelare-gra-40-x-h65-cm","status":"publish","type":"product","link":"https:\/\/truusk.store\/sv\/produkt\/truusk-katttrad-med-hangmatta-3-vanings-lektrad-kattbadd-skrapstolpe-sisalpelare-gra-40-x-h65-cm\/","title":{"rendered":"TRUUSK Katttr\u00e4d med H\u00e4ngmatta &#8211; 3-v\u00e5nings Lektr\u00e4d &#8211; Kattb\u00e4dd &#8211; Skrapstolpe &#8211; Sisalpelare &#8211; Gr\u00e5 40 x H65 cm"},"content":{"rendered":"<p>Lek och koppla av. Med skrapstolpen f\u00e5r din katt b\u00e5de och. Tillverkad av robust sp\u00e5nskiva, den \u00e4r stabil och stabil, samt s\u00e4rskilt h\u00e5llbar. Plysch\u00f6verdraget ger mysfaktorn och den \u00f6vre plattformen \u00e4r den perfekta katts\u00e4ngen tack vare b\u00e5rden. Katttr\u00e4det har \u00e4ven tv\u00e5 skrapelement gjorda av h\u00f6gkvalitativa sisalfibrer. Snabbt och enkelt monterat passar kattens dr\u00f6m kompakt in i din livsmilj\u00f6.<\/p>\n<h3>Beskrivning:<\/h3>\n<ul>\n<li>Stabil och s\u00e4ker sp\u00e5nskivakonstruktion<\/li>\n<li>Med h\u00f6gkvalitativt och mjukt plyschfodral<\/li>\n<li>Kompakta m\u00e5tt<\/li>\n<li>Enkel konstruktion<\/li>\n<\/ul>\n<h3>Teknisk data:<\/h3>\n<ul>\n<li>F\u00e4rg gr\u00e5<\/li>\n<li>Vikt: 4,9 kg<\/li>\n<li>Material: sp\u00e5nskiva, plysch, sisal<\/li>\n<li>Totalm\u00e5tt: 40 x H65 cm<\/li>\n<li>Bottenplatta: 40 x D1,5 cm<\/li>\n<li>M\u00e5tt p\u00e5 kolonnen: 9 cm<\/li>\n<li>Mellanplattformsstorlek: 28 x 1,2T cm<\/li>\n<li>\u00d6vre plattformsstorlek: 30 x 1,2T cm (utv\u00e4ndigt), 20 cm (inuti),<\/li>\n<li>Lastkapacitet (per niv\u00e5): 8 kg<\/li>\n<\/ul>\n<h3>Leveransens omfattning:<\/h3>\n<ul>\n<li>1 x skrapstolpe<\/li>\n<li>1 x Artikelinstruktioner<\/li>\n<\/ul>\n","protected":false},"excerpt":{"rendered":"<p>Lek och koppla av. Med skrapstolpen f\u00e5r din katt b\u00e5de och. Tillverkad av robust sp\u00e5nskiva, den \u00e4r stabil och stabil,&#8230;<\/p>\n","protected":false},"featured_media":17209,"template":"","meta":[],"product_brand":[],"product_cat":[573,588,589],"product_tag":[],"class_list":{"0":"post-17208","1":"product","2":"type-product","3":"status-publish","4":"has-post-thumbnail","6":"product_cat-husdjursmaterial","7":"product_cat-katttillbehor","8":"product_cat-skrapande-inlagg","10":"first","11":"instock","12":"sale","13":"taxable","14":"shipping-taxable","15":"purchasable","16":"product-type-simple"},"yoast_head":"<!-- This site is optimized with the Yoast SEO plugin v25.4 - https:\/\/yoast.com\/wordpress\/plugins\/seo\/ -->\n<title>TRUUSK Katttr\u00e4d med H\u00e4ngmatta - 3-v\u00e5nings Lektr\u00e4d - Kattb\u00e4dd - Skrapstolpe - Sisalpelare - Gr\u00e5 40 x H65 cm - TRUUSK - Hem, Tr\u00e4dg\u00e5rd &amp; Fritid<\/title>\n<meta name=\"robots\" content=\"index, follow, max-snippet:-1, max-image-preview:large, max-video-preview:-1\" \/>\n<link rel=\"canonical\" href=\"https:\/\/truusk.store\/sv\/produkt\/truusk-katttrad-med-hangmatta-3-vanings-lektrad-kattbadd-skrapstolpe-sisalpelare-gra-40-x-h65-cm\/\" \/>\n<meta property=\"og:locale\" content=\"sv_SE\" \/>\n<meta property=\"og:type\" content=\"article\" \/>\n<meta property=\"og:title\" content=\"TRUUSK Katttr\u00e4d med H\u00e4ngmatta - 3-v\u00e5nings Lektr\u00e4d - Kattb\u00e4dd - Skrapstolpe - Sisalpelare - Gr\u00e5 40 x H65 cm - TRUUSK - Hem, Tr\u00e4dg\u00e5rd &amp; Fritid\" \/>\n<meta property=\"og:description\" content=\"Lek och koppla av. Med skrapstolpen f\u00e5r din katt b\u00e5de och. Tillverkad av robust sp\u00e5nskiva, den \u00e4r stabil och stabil,...\" \/>\n<meta property=\"og:url\" content=\"https:\/\/truusk.store\/sv\/produkt\/truusk-katttrad-med-hangmatta-3-vanings-lektrad-kattbadd-skrapstolpe-sisalpelare-gra-40-x-h65-cm\/\" \/>\n<meta property=\"og:site_name\" content=\"TRUUSK - Hem, Tr\u00e4dg\u00e5rd &amp; Fritid\" \/>\n<meta property=\"article:modified_time\" content=\"2026-03-12T08:01:12+00:00\" \/>\n<meta property=\"og:image\" content=\"https:\/\/i0.wp.com\/truusk.se\/wp-content\/uploads\/2024\/02\/katttrad-klattertrad-med-hangmatta-3-vanings-lektrad-med-kattbadd-kattskrapstolpe-med-sittplattform-sisalpelare-gra-40-x-h65-cm.webp?fit=800%2C800&ssl=1\" \/>\n\t<meta property=\"og:image:width\" content=\"800\" \/>\n\t<meta property=\"og:image:height\" content=\"800\" \/>\n\t<meta property=\"og:image:type\" content=\"image\/webp\" \/>\n<meta name=\"twitter:card\" content=\"summary_large_image\" \/>\n<meta name=\"twitter:label1\" content=\"Ber\u00e4knad l\u00e4stid\" \/>\n\t<meta name=\"twitter:data1\" content=\"1 minut\" \/>\n<!-- \/ Yoast SEO plugin. -->","yoast_head_json":{"title":"TRUUSK Katttr\u00e4d med H\u00e4ngmatta - 3-v\u00e5nings Lektr\u00e4d - Kattb\u00e4dd - Skrapstolpe - Sisalpelare - Gr\u00e5 40 x H65 cm - TRUUSK - Hem, Tr\u00e4dg\u00e5rd &amp; Fritid","robots":{"index":"index","follow":"follow","max-snippet":"max-snippet:-1","max-image-preview":"max-image-preview:large","max-video-preview":"max-video-preview:-1"},"canonical":"https:\/\/truusk.store\/sv\/produkt\/truusk-katttrad-med-hangmatta-3-vanings-lektrad-kattbadd-skrapstolpe-sisalpelare-gra-40-x-h65-cm\/","og_locale":"sv_SE","og_type":"article","og_title":"TRUUSK Katttr\u00e4d med H\u00e4ngmatta - 3-v\u00e5nings Lektr\u00e4d - Kattb\u00e4dd - Skrapstolpe - Sisalpelare - Gr\u00e5 40 x H65 cm - TRUUSK - Hem, Tr\u00e4dg\u00e5rd &amp; Fritid","og_description":"Lek och koppla av. Med skrapstolpen f\u00e5r din katt b\u00e5de och. Tillverkad av robust sp\u00e5nskiva, den \u00e4r stabil och stabil,...","og_url":"https:\/\/truusk.store\/sv\/produkt\/truusk-katttrad-med-hangmatta-3-vanings-lektrad-kattbadd-skrapstolpe-sisalpelare-gra-40-x-h65-cm\/","og_site_name":"TRUUSK - Hem, Tr\u00e4dg\u00e5rd &amp; Fritid","article_modified_time":"2026-03-12T08:01:12+00:00","og_image":[{"width":800,"height":800,"url":"https:\/\/i0.wp.com\/truusk.se\/wp-content\/uploads\/2024\/02\/katttrad-klattertrad-med-hangmatta-3-vanings-lektrad-med-kattbadd-kattskrapstolpe-med-sittplattform-sisalpelare-gra-40-x-h65-cm.webp?fit=800%2C800&ssl=1","type":"image\/webp"}],"twitter_card":"summary_large_image","twitter_misc":{"Ber\u00e4knad l\u00e4stid":"1 minut"},"schema":{"@context":"https:\/\/schema.org","@graph":[{"@type":"WebPage","@id":"https:\/\/truusk.store\/sv\/produkt\/truusk-katttrad-med-hangmatta-3-vanings-lektrad-kattbadd-skrapstolpe-sisalpelare-gra-40-x-h65-cm\/","url":"https:\/\/truusk.store\/sv\/produkt\/truusk-katttrad-med-hangmatta-3-vanings-lektrad-kattbadd-skrapstolpe-sisalpelare-gra-40-x-h65-cm\/","name":"TRUUSK Katttr\u00e4d med H\u00e4ngmatta - 3-v\u00e5nings Lektr\u00e4d - Kattb\u00e4dd - Skrapstolpe - Sisalpelare - Gr\u00e5 40 x H65 cm - TRUUSK - Hem, Tr\u00e4dg\u00e5rd &amp; Fritid","isPartOf":{"@id":"https:\/\/truusk.store\/sv\/#website"},"primaryImageOfPage":{"@id":"https:\/\/truusk.store\/sv\/produkt\/truusk-katttrad-med-hangmatta-3-vanings-lektrad-kattbadd-skrapstolpe-sisalpelare-gra-40-x-h65-cm\/#primaryimage"},"image":{"@id":"https:\/\/truusk.store\/sv\/produkt\/truusk-katttrad-med-hangmatta-3-vanings-lektrad-kattbadd-skrapstolpe-sisalpelare-gra-40-x-h65-cm\/#primaryimage"},"thumbnailUrl":"https:\/\/i0.wp.com\/truusk.store\/wp-content\/uploads\/2024\/02\/katttrad-klattertrad-med-hangmatta-3-vanings-lektrad-med-kattbadd-kattskrapstolpe-med-sittplattform-sisalpelare-gra-40-x-h65-cm.webp?fit=800%2C800&ssl=1","datePublished":"2024-02-13T12:39:50+00:00","dateModified":"2026-03-12T08:01:12+00:00","breadcrumb":{"@id":"https:\/\/truusk.store\/sv\/produkt\/truusk-katttrad-med-hangmatta-3-vanings-lektrad-kattbadd-skrapstolpe-sisalpelare-gra-40-x-h65-cm\/#breadcrumb"},"inLanguage":"sv-SE","potentialAction":[{"@type":"ReadAction","target":["https:\/\/truusk.store\/sv\/produkt\/truusk-katttrad-med-hangmatta-3-vanings-lektrad-kattbadd-skrapstolpe-sisalpelare-gra-40-x-h65-cm\/"]}]},{"@type":"ImageObject","inLanguage":"sv-SE","@id":"https:\/\/truusk.store\/sv\/produkt\/truusk-katttrad-med-hangmatta-3-vanings-lektrad-kattbadd-skrapstolpe-sisalpelare-gra-40-x-h65-cm\/#primaryimage","url":"https:\/\/i0.wp.com\/truusk.store\/wp-content\/uploads\/2024\/02\/katttrad-klattertrad-med-hangmatta-3-vanings-lektrad-med-kattbadd-kattskrapstolpe-med-sittplattform-sisalpelare-gra-40-x-h65-cm.webp?fit=800%2C800&ssl=1","contentUrl":"https:\/\/i0.wp.com\/truusk.store\/wp-content\/uploads\/2024\/02\/katttrad-klattertrad-med-hangmatta-3-vanings-lektrad-med-kattbadd-kattskrapstolpe-med-sittplattform-sisalpelare-gra-40-x-h65-cm.webp?fit=800%2C800&ssl=1","width":800,"height":800,"caption":"Katttr\u00e4d Kl\u00e4ttertr\u00e4d Med H\u00e4ngmatta, 3-v\u00e5nings Lektr\u00e4d Med Kattb\u00e4dd, Kattskrapstolpe Med Sittplattform, Sisalpelare, Gr\u00e5 40 X H65 Cm 1"},{"@type":"BreadcrumbList","@id":"https:\/\/truusk.store\/sv\/produkt\/truusk-katttrad-med-hangmatta-3-vanings-lektrad-kattbadd-skrapstolpe-sisalpelare-gra-40-x-h65-cm\/#breadcrumb","itemListElement":[{"@type":"ListItem","position":1,"name":"Home","item":"https:\/\/truusk.store\/sv\/"},{"@type":"ListItem","position":2,"name":"Shop","item":"https:\/\/truusk.store\/shop\/"},{"@type":"ListItem","position":3,"name":"TRUUSK Katttr\u00e4d med H\u00e4ngmatta &#8211; 3-v\u00e5nings Lektr\u00e4d &#8211; Kattb\u00e4dd &#8211; Skrapstolpe &#8211; Sisalpelare &#8211; Gr\u00e5 40 x H65 cm"}]},{"@type":"WebSite","@id":"https:\/\/truusk.store\/sv\/#website","url":"https:\/\/truusk.store\/sv\/","name":"TRUUSK - Hem, Tr\u00e4dg\u00e5rd & Fritid","description":"","publisher":{"@id":"https:\/\/truusk.store\/sv\/#organization"},"potentialAction":[{"@type":"SearchAction","target":{"@type":"EntryPoint","urlTemplate":"https:\/\/truusk.store\/sv\/?s={search_term_string}"},"query-input":{"@type":"PropertyValueSpecification","valueRequired":true,"valueName":"search_term_string"}}],"inLanguage":"sv-SE"},{"@type":"Organization","@id":"https:\/\/truusk.store\/sv\/#organization","name":"TRUUSK - Hem, Tr\u00e4dg\u00e5rd & Fritid","url":"https:\/\/truusk.store\/sv\/","logo":{"@type":"ImageObject","inLanguage":"sv-SE","@id":"https:\/\/truusk.store\/sv\/#\/schema\/logo\/image\/","url":"https:\/\/i0.wp.com\/truusk.store\/wp-content\/uploads\/2026\/03\/cropped-TRUUSK.png?fit=2032%2C917&ssl=1","contentUrl":"https:\/\/i0.wp.com\/truusk.store\/wp-content\/uploads\/2026\/03\/cropped-TRUUSK.png?fit=2032%2C917&ssl=1","width":2032,"height":917,"caption":"TRUUSK - Hem, Tr\u00e4dg\u00e5rd & Fritid"},"image":{"@id":"https:\/\/truusk.store\/sv\/#\/schema\/logo\/image\/"}}]}},"jetpack_sharing_enabled":true,"_links":{"self":[{"href":"https:\/\/truusk.store\/sv\/wp-json\/wp\/v2\/product\/17208","targetHints":{"allow":["GET"]}}],"collection":[{"href":"https:\/\/truusk.store\/sv\/wp-json\/wp\/v2\/product"}],"about":[{"href":"https:\/\/truusk.store\/sv\/wp-json\/wp\/v2\/types\/product"}],"wp:featuredmedia":[{"embeddable":true,"href":"https:\/\/truusk.store\/sv\/wp-json\/wp\/v2\/media\/17209"}],"wp:attachment":[{"href":"https:\/\/truusk.store\/sv\/wp-json\/wp\/v2\/media?parent=17208"}],"wp:term":[{"taxonomy":"product_brand","embeddable":true,"href":"https:\/\/truusk.store\/sv\/wp-json\/wp\/v2\/product_brand?post=17208"},{"taxonomy":"product_cat","embeddable":true,"href":"https:\/\/truusk.store\/sv\/wp-json\/wp\/v2\/product_cat?post=17208"},{"taxonomy":"product_tag","embeddable":true,"href":"https:\/\/truusk.store\/sv\/wp-json\/wp\/v2\/product_tag?post=17208"}],"curies":[{"name":"wp","href":"https:\/\/api.w.org\/{rel}","templated":true}]}}