{"id":17264,"date":"2024-02-13T13:42:54","date_gmt":"2024-02-13T12:42:54","guid":{"rendered":"https:\/\/truusk.store\/product\/avslappningsstol-med-pall-360-vridbar-135-tilt-andningsskydd-78-x-825-x-109-cm-gra\/"},"modified":"2026-03-12T09:01:16","modified_gmt":"2026-03-12T08:01:16","slug":"truusk-avslappningsstol-med-pall-360-vridbar-135-tilt-andningsskydd-78-x-825-x-109-cm-gra","status":"publish","type":"product","link":"https:\/\/truusk.store\/sv\/produkt\/truusk-avslappningsstol-med-pall-360-vridbar-135-tilt-andningsskydd-78-x-825-x-109-cm-gra\/","title":{"rendered":"TRUUSK Avslappningsstol med Pall &#8211; 360\u00b0 Vridbar &#8211; 135\u00b0 Tilt &#8211; Andningsskydd &#8211; 78 x 82,5 x 109 cm &#8211; Gr\u00e5"},"content":{"rendered":"<p>Med detta set, best\u00e5ende av en vridbar TV-f\u00e5t\u00f6lj och en pall, kan du skapa en mysig och bekv\u00e4m milj\u00f6. Det extra fotst\u00f6det, den tjockt vadderade sitsen och de inbyggda armst\u00f6den ger en otroligt bekv\u00e4m plats att koppla av. Men det \u00e4r inte allt &#8211; tack vare vridknappen kan stolen lutas upp till 135 grader, vilket ger dig den perfekta m\u00f6jligheten att sl\u00e4ppa dig sj\u00e4lv och koppla av i slutet av en l\u00e5ng dag.<\/p>\n<h3>Beskrivning:<\/h3>\n<ul>\n<li>Andningsbart mikrofiberfodral till TV-stolen med pall i l\u00e4derlook<\/li>\n<li>Manuellt justerbar tiltvinkel, tilt upp till 135<\/li>\n<li>Ytterligare fotst\u00f6d f\u00f6r att slappna av i hela kroppen<\/li>\n<li>Roterar 360 grader f\u00f6r st\u00f6rre r\u00f6relsefrihet<\/li>\n<li>Gener\u00f6st vadderad sits p\u00e5 relaxstolen med f\u00e4llfunktion f\u00f6r l\u00e5ng och bekv\u00e4m sittning<\/li>\n<li>H\u00f6gt ryggst\u00f6d och breda armst\u00f6d f\u00f6r mer sittkomfort<\/li>\n<li>Montering kr\u00e4vs<\/li>\n<\/ul>\n<h3>Teknisk data:<\/h3>\n<ul>\n<li>F\u00e4rg gr\u00e5<\/li>\n<li>Material: mikrofiber (100 % polyester), poppeltr\u00e4, skum<\/li>\n<li>\u00d6vergripande m\u00e5tt (st\u00e5ende): 78W x 82,5D x 109H cm<\/li>\n<li>\u00d6vergripande m\u00e5tt (nedf\u00e4llt): 78W x 110D x 99,5H cm<\/li>\n<li>Sittm\u00e5tt: 52W x 52D x 45,5H cm<\/li>\n<li>M\u00e5tt: 49W x 40D x 42H cm<\/li>\n<li>Ryggst\u00f6dets h\u00f6jd: 63,5 cm<\/li>\n<li>Max lutningsvinkel: 135<\/li>\n<li>Stopptjocklek: 11 cm<\/li>\n<li>Max lastkapacitet: 120 kg<\/li>\n<\/ul>\n<h3>Leveransens omfattning:<\/h3>\n<ul>\n<li>1 avkopplingsstol<\/li>\n<li>1 fotpall<\/li>\n<li>1 x monteringsanvisning<\/li>\n<\/ul>\n","protected":false},"excerpt":{"rendered":"<p>Med detta set, best\u00e5ende av en vridbar TV-f\u00e5t\u00f6lj och en pall, kan du skapa en mysig och bekv\u00e4m milj\u00f6. Det&#8230;<\/p>\n","protected":false},"featured_media":17265,"template":"","meta":[],"product_brand":[],"product_cat":[521,485,524],"product_tag":[],"class_list":{"0":"post-17264","1":"product","2":"type-product","3":"status-publish","4":"has-post-thumbnail","6":"product_cat-fatolj","7":"product_cat-hus-bo","8":"product_cat-relaxstol-med-pall","10":"first","11":"instock","12":"sale","13":"taxable","14":"shipping-taxable","15":"purchasable","16":"product-type-simple"},"yoast_head":"<!-- This site is optimized with the Yoast SEO plugin v25.4 - https:\/\/yoast.com\/wordpress\/plugins\/seo\/ -->\n<title>TRUUSK Avslappningsstol med Pall - 360\u00b0 Vridbar - 135\u00b0 Tilt - Andningsskydd - 78 x 82,5 x 109 cm - Gr\u00e5 - TRUUSK - Hem, Tr\u00e4dg\u00e5rd &amp; Fritid<\/title>\n<meta name=\"robots\" content=\"index, follow, max-snippet:-1, max-image-preview:large, max-video-preview:-1\" \/>\n<link rel=\"canonical\" href=\"https:\/\/truusk.store\/sv\/produkt\/truusk-avslappningsstol-med-pall-360-vridbar-135-tilt-andningsskydd-78-x-825-x-109-cm-gra\/\" \/>\n<meta property=\"og:locale\" content=\"sv_SE\" \/>\n<meta property=\"og:type\" content=\"article\" \/>\n<meta property=\"og:title\" content=\"TRUUSK Avslappningsstol med Pall - 360\u00b0 Vridbar - 135\u00b0 Tilt - Andningsskydd - 78 x 82,5 x 109 cm - Gr\u00e5 - TRUUSK - Hem, Tr\u00e4dg\u00e5rd &amp; Fritid\" \/>\n<meta property=\"og:description\" content=\"Med detta set, best\u00e5ende av en vridbar TV-f\u00e5t\u00f6lj och en pall, kan du skapa en mysig och bekv\u00e4m milj\u00f6. Det...\" \/>\n<meta property=\"og:url\" content=\"https:\/\/truusk.store\/sv\/produkt\/truusk-avslappningsstol-med-pall-360-vridbar-135-tilt-andningsskydd-78-x-825-x-109-cm-gra\/\" \/>\n<meta property=\"og:site_name\" content=\"TRUUSK - Hem, Tr\u00e4dg\u00e5rd &amp; Fritid\" \/>\n<meta property=\"article:modified_time\" content=\"2026-03-12T08:01:16+00:00\" \/>\n<meta property=\"og:image\" content=\"https:\/\/i0.wp.com\/truusk.se\/wp-content\/uploads\/2024\/02\/avslappningsstol-med-pall-360-vridbar-135-tilt-andningsskydd-78-x-825-x-109-cm-gra.webp?fit=800%2C800&ssl=1\" \/>\n\t<meta property=\"og:image:width\" content=\"800\" \/>\n\t<meta property=\"og:image:height\" content=\"800\" \/>\n\t<meta property=\"og:image:type\" content=\"image\/webp\" \/>\n<meta name=\"twitter:card\" content=\"summary_large_image\" \/>\n<meta name=\"twitter:label1\" content=\"Ber\u00e4knad l\u00e4stid\" \/>\n\t<meta name=\"twitter:data1\" content=\"1 minut\" \/>\n<!-- \/ Yoast SEO plugin. -->","yoast_head_json":{"title":"TRUUSK Avslappningsstol med Pall - 360\u00b0 Vridbar - 135\u00b0 Tilt - Andningsskydd - 78 x 82,5 x 109 cm - Gr\u00e5 - TRUUSK - Hem, Tr\u00e4dg\u00e5rd &amp; Fritid","robots":{"index":"index","follow":"follow","max-snippet":"max-snippet:-1","max-image-preview":"max-image-preview:large","max-video-preview":"max-video-preview:-1"},"canonical":"https:\/\/truusk.store\/sv\/produkt\/truusk-avslappningsstol-med-pall-360-vridbar-135-tilt-andningsskydd-78-x-825-x-109-cm-gra\/","og_locale":"sv_SE","og_type":"article","og_title":"TRUUSK Avslappningsstol med Pall - 360\u00b0 Vridbar - 135\u00b0 Tilt - Andningsskydd - 78 x 82,5 x 109 cm - Gr\u00e5 - TRUUSK - Hem, Tr\u00e4dg\u00e5rd &amp; Fritid","og_description":"Med detta set, best\u00e5ende av en vridbar TV-f\u00e5t\u00f6lj och en pall, kan du skapa en mysig och bekv\u00e4m milj\u00f6. Det...","og_url":"https:\/\/truusk.store\/sv\/produkt\/truusk-avslappningsstol-med-pall-360-vridbar-135-tilt-andningsskydd-78-x-825-x-109-cm-gra\/","og_site_name":"TRUUSK - Hem, Tr\u00e4dg\u00e5rd &amp; Fritid","article_modified_time":"2026-03-12T08:01:16+00:00","og_image":[{"width":800,"height":800,"url":"https:\/\/i0.wp.com\/truusk.se\/wp-content\/uploads\/2024\/02\/avslappningsstol-med-pall-360-vridbar-135-tilt-andningsskydd-78-x-825-x-109-cm-gra.webp?fit=800%2C800&ssl=1","type":"image\/webp"}],"twitter_card":"summary_large_image","twitter_misc":{"Ber\u00e4knad l\u00e4stid":"1 minut"},"schema":{"@context":"https:\/\/schema.org","@graph":[{"@type":"WebPage","@id":"https:\/\/truusk.store\/sv\/produkt\/truusk-avslappningsstol-med-pall-360-vridbar-135-tilt-andningsskydd-78-x-825-x-109-cm-gra\/","url":"https:\/\/truusk.store\/sv\/produkt\/truusk-avslappningsstol-med-pall-360-vridbar-135-tilt-andningsskydd-78-x-825-x-109-cm-gra\/","name":"TRUUSK Avslappningsstol med Pall - 360\u00b0 Vridbar - 135\u00b0 Tilt - Andningsskydd - 78 x 82,5 x 109 cm - Gr\u00e5 - TRUUSK - Hem, Tr\u00e4dg\u00e5rd &amp; Fritid","isPartOf":{"@id":"https:\/\/truusk.store\/sv\/#website"},"primaryImageOfPage":{"@id":"https:\/\/truusk.store\/sv\/produkt\/truusk-avslappningsstol-med-pall-360-vridbar-135-tilt-andningsskydd-78-x-825-x-109-cm-gra\/#primaryimage"},"image":{"@id":"https:\/\/truusk.store\/sv\/produkt\/truusk-avslappningsstol-med-pall-360-vridbar-135-tilt-andningsskydd-78-x-825-x-109-cm-gra\/#primaryimage"},"thumbnailUrl":"https:\/\/i0.wp.com\/truusk.store\/wp-content\/uploads\/2024\/02\/avslappningsstol-med-pall-360-vridbar-135-tilt-andningsskydd-78-x-825-x-109-cm-gra.webp?fit=800%2C800&ssl=1","datePublished":"2024-02-13T12:42:54+00:00","dateModified":"2026-03-12T08:01:16+00:00","breadcrumb":{"@id":"https:\/\/truusk.store\/sv\/produkt\/truusk-avslappningsstol-med-pall-360-vridbar-135-tilt-andningsskydd-78-x-825-x-109-cm-gra\/#breadcrumb"},"inLanguage":"sv-SE","potentialAction":[{"@type":"ReadAction","target":["https:\/\/truusk.store\/sv\/produkt\/truusk-avslappningsstol-med-pall-360-vridbar-135-tilt-andningsskydd-78-x-825-x-109-cm-gra\/"]}]},{"@type":"ImageObject","inLanguage":"sv-SE","@id":"https:\/\/truusk.store\/sv\/produkt\/truusk-avslappningsstol-med-pall-360-vridbar-135-tilt-andningsskydd-78-x-825-x-109-cm-gra\/#primaryimage","url":"https:\/\/i0.wp.com\/truusk.store\/wp-content\/uploads\/2024\/02\/avslappningsstol-med-pall-360-vridbar-135-tilt-andningsskydd-78-x-825-x-109-cm-gra.webp?fit=800%2C800&ssl=1","contentUrl":"https:\/\/i0.wp.com\/truusk.store\/wp-content\/uploads\/2024\/02\/avslappningsstol-med-pall-360-vridbar-135-tilt-andningsskydd-78-x-825-x-109-cm-gra.webp?fit=800%2C800&ssl=1","width":800,"height":800,"caption":"Avslappningsstol Med Pall, 360 Vridbar, 135 Tilt, Andningsskydd, 78 X 82,5 X 109 Cm, Gr\u00e5 1"},{"@type":"BreadcrumbList","@id":"https:\/\/truusk.store\/sv\/produkt\/truusk-avslappningsstol-med-pall-360-vridbar-135-tilt-andningsskydd-78-x-825-x-109-cm-gra\/#breadcrumb","itemListElement":[{"@type":"ListItem","position":1,"name":"Home","item":"https:\/\/truusk.store\/sv\/"},{"@type":"ListItem","position":2,"name":"Shop","item":"https:\/\/truusk.store\/shop\/"},{"@type":"ListItem","position":3,"name":"TRUUSK Avslappningsstol med Pall &#8211; 360\u00b0 Vridbar &#8211; 135\u00b0 Tilt &#8211; Andningsskydd &#8211; 78 x 82,5 x 109 cm &#8211; Gr\u00e5"}]},{"@type":"WebSite","@id":"https:\/\/truusk.store\/sv\/#website","url":"https:\/\/truusk.store\/sv\/","name":"TRUUSK - Hem, Tr\u00e4dg\u00e5rd & Fritid","description":"","publisher":{"@id":"https:\/\/truusk.store\/sv\/#organization"},"potentialAction":[{"@type":"SearchAction","target":{"@type":"EntryPoint","urlTemplate":"https:\/\/truusk.store\/sv\/?s={search_term_string}"},"query-input":{"@type":"PropertyValueSpecification","valueRequired":true,"valueName":"search_term_string"}}],"inLanguage":"sv-SE"},{"@type":"Organization","@id":"https:\/\/truusk.store\/sv\/#organization","name":"TRUUSK - Hem, Tr\u00e4dg\u00e5rd & Fritid","url":"https:\/\/truusk.store\/sv\/","logo":{"@type":"ImageObject","inLanguage":"sv-SE","@id":"https:\/\/truusk.store\/sv\/#\/schema\/logo\/image\/","url":"https:\/\/i0.wp.com\/truusk.store\/wp-content\/uploads\/2026\/03\/cropped-TRUUSK.png?fit=2032%2C917&ssl=1","contentUrl":"https:\/\/i0.wp.com\/truusk.store\/wp-content\/uploads\/2026\/03\/cropped-TRUUSK.png?fit=2032%2C917&ssl=1","width":2032,"height":917,"caption":"TRUUSK - Hem, Tr\u00e4dg\u00e5rd & Fritid"},"image":{"@id":"https:\/\/truusk.store\/sv\/#\/schema\/logo\/image\/"}}]}},"jetpack_sharing_enabled":true,"_links":{"self":[{"href":"https:\/\/truusk.store\/sv\/wp-json\/wp\/v2\/product\/17264","targetHints":{"allow":["GET"]}}],"collection":[{"href":"https:\/\/truusk.store\/sv\/wp-json\/wp\/v2\/product"}],"about":[{"href":"https:\/\/truusk.store\/sv\/wp-json\/wp\/v2\/types\/product"}],"wp:featuredmedia":[{"embeddable":true,"href":"https:\/\/truusk.store\/sv\/wp-json\/wp\/v2\/media\/17265"}],"wp:attachment":[{"href":"https:\/\/truusk.store\/sv\/wp-json\/wp\/v2\/media?parent=17264"}],"wp:term":[{"taxonomy":"product_brand","embeddable":true,"href":"https:\/\/truusk.store\/sv\/wp-json\/wp\/v2\/product_brand?post=17264"},{"taxonomy":"product_cat","embeddable":true,"href":"https:\/\/truusk.store\/sv\/wp-json\/wp\/v2\/product_cat?post=17264"},{"taxonomy":"product_tag","embeddable":true,"href":"https:\/\/truusk.store\/sv\/wp-json\/wp\/v2\/product_tag?post=17264"}],"curies":[{"name":"wp","href":"https:\/\/api.w.org\/{rel}","templated":true}]}}