{"id":17310,"date":"2024-02-13T13:44:22","date_gmt":"2024-02-13T12:44:22","guid":{"rendered":"https:\/\/truusk.store\/product\/adirondack-tradgardsstol-med-mugghallare-tradgardsstol-balkongstol-massivt-tra-forkolat-725-x-97-x-93-cm\/"},"modified":"2026-03-12T09:01:18","modified_gmt":"2026-03-12T08:01:18","slug":"truusk-tradgardsstol-med-mugghallare-balkongstol-i-forkolat-massivt-tra-725-x-97-x-93-cm","status":"publish","type":"product","link":"https:\/\/truusk.store\/sv\/produkt\/truusk-tradgardsstol-med-mugghallare-balkongstol-i-forkolat-massivt-tra-725-x-97-x-93-cm\/","title":{"rendered":"TRUUSK Tr\u00e4dg\u00e5rdsstol Med Muggh\u00e5llare &#8211; Balkongstol i F\u00f6rkolat Massivt Tr\u00e4 &#8211; 72,5 x 97 x 93 cm"},"content":{"rendered":"<p>Denna Adirondack tr\u00e4dg\u00e5rdsstol i massivt tr\u00e4 \u00e4r ett of\u00f6rgl\u00f6mligt blickf\u00e5ng, oavsett om det \u00e4r i din tr\u00e4dg\u00e5rd, p\u00e5 balkongen eller p\u00e5 terrassen. Den ergonomiska formen och det h\u00f6ga ryggst\u00f6det s\u00e4kerst\u00e4ller en bekv\u00e4m och s\u00e4rskilt bekv\u00e4m sittupplevelse. Luta dig tillbaka p\u00e5 denna tr\u00e4stol och l\u00e5t din eftermiddag koppla av.<\/p>\n<h3>Beskrivning:<\/h3>\n<ul>\n<li>Tr\u00e4dg\u00e5rdsstol f\u00f6r inom- och utomhusbruk<\/li>\n<li>Tillverkad av massivt tr\u00e4, stabil och v\u00e4derbest\u00e4ndig<\/li>\n<li>Ergonomisk design<\/li>\n<li>S\u00e4rskilt h\u00f6gt ryggst\u00f6d f\u00f6r varaktig avkoppling<\/li>\n<li>Breda armst\u00f6d f\u00f6r mer komfort<\/li>\n<li>Enkel konstruktion<\/li>\n<\/ul>\n<h3>Teknisk data:<\/h3>\n<ul>\n<li>Material: gran<\/li>\n<li>\u00d6vergripande m\u00e5tt: 72,5W x 97D x 93H cm<\/li>\n<li>Sittyta: 50W x 50D cm<\/li>\n<li>Sitth\u00f6jd: 38 cm<\/li>\n<li>Ryggst\u00f6dsm\u00e5tt: 76L x 45W cm<\/li>\n<li>Muggh\u00e5llarens m\u00e5tt: 7,5L x 7,5W x 6H cm<\/li>\n<li>Max lastkapacitet: 150 kg<\/li>\n<li>F\u00e4rg: F\u00f6rkolad<\/li>\n<\/ul>\n<h3>Leveransens omfattning:<\/h3>\n<ul>\n<li>1 x Tr\u00e4dg\u00e5rdsstol<\/li>\n<li>1 x Monteringsanvisning<\/li>\n<\/ul>\n","protected":false},"excerpt":{"rendered":"<p>Denna Adirondack tr\u00e4dg\u00e5rdsstol i massivt tr\u00e4 \u00e4r ett of\u00f6rgl\u00f6mligt blickf\u00e5ng, oavsett om det \u00e4r i din tr\u00e4dg\u00e5rd, p\u00e5 balkongen eller&#8230;<\/p>\n","protected":false},"featured_media":17311,"template":"","meta":[],"product_brand":[],"product_cat":[435,450,452],"product_tag":[],"class_list":{"0":"post-17310","1":"product","2":"type-product","3":"status-publish","4":"has-post-thumbnail","6":"product_cat-tradgard-och-terrass","7":"product_cat-tradgardsmobler","8":"product_cat-tradgardsstolar","10":"first","11":"instock","12":"sale","13":"taxable","14":"shipping-taxable","15":"purchasable","16":"product-type-simple"},"yoast_head":"<!-- This site is optimized with the Yoast SEO plugin v25.4 - https:\/\/yoast.com\/wordpress\/plugins\/seo\/ -->\n<title>TRUUSK Tr\u00e4dg\u00e5rdsstol Med Muggh\u00e5llare - Balkongstol i F\u00f6rkolat Massivt Tr\u00e4 - 72,5 x 97 x 93 cm - TRUUSK - Hem, Tr\u00e4dg\u00e5rd &amp; Fritid<\/title>\n<meta name=\"robots\" content=\"index, follow, max-snippet:-1, max-image-preview:large, max-video-preview:-1\" \/>\n<link rel=\"canonical\" href=\"https:\/\/truusk.store\/sv\/produkt\/truusk-tradgardsstol-med-mugghallare-balkongstol-i-forkolat-massivt-tra-725-x-97-x-93-cm\/\" \/>\n<meta property=\"og:locale\" content=\"sv_SE\" \/>\n<meta property=\"og:type\" content=\"article\" \/>\n<meta property=\"og:title\" content=\"TRUUSK Tr\u00e4dg\u00e5rdsstol Med Muggh\u00e5llare - Balkongstol i F\u00f6rkolat Massivt Tr\u00e4 - 72,5 x 97 x 93 cm - TRUUSK - Hem, Tr\u00e4dg\u00e5rd &amp; Fritid\" \/>\n<meta property=\"og:description\" content=\"Denna Adirondack tr\u00e4dg\u00e5rdsstol i massivt tr\u00e4 \u00e4r ett of\u00f6rgl\u00f6mligt blickf\u00e5ng, oavsett om det \u00e4r i din tr\u00e4dg\u00e5rd, p\u00e5 balkongen eller...\" \/>\n<meta property=\"og:url\" content=\"https:\/\/truusk.store\/sv\/produkt\/truusk-tradgardsstol-med-mugghallare-balkongstol-i-forkolat-massivt-tra-725-x-97-x-93-cm\/\" \/>\n<meta property=\"og:site_name\" content=\"TRUUSK - Hem, Tr\u00e4dg\u00e5rd &amp; Fritid\" \/>\n<meta property=\"article:modified_time\" content=\"2026-03-12T08:01:18+00:00\" \/>\n<meta property=\"og:image\" content=\"https:\/\/i0.wp.com\/truusk.se\/wp-content\/uploads\/2024\/02\/adirondack-tradgardsstol-med-mugghallare-tradgardsstol-balkongstol-massivt-tra-forkolat-725-x-97-x-93-cm.webp?fit=800%2C800&ssl=1\" \/>\n\t<meta property=\"og:image:width\" content=\"800\" \/>\n\t<meta property=\"og:image:height\" content=\"800\" \/>\n\t<meta property=\"og:image:type\" content=\"image\/webp\" \/>\n<meta name=\"twitter:card\" content=\"summary_large_image\" \/>\n<meta name=\"twitter:label1\" content=\"Ber\u00e4knad l\u00e4stid\" \/>\n\t<meta name=\"twitter:data1\" content=\"1 minut\" \/>\n<!-- \/ Yoast SEO plugin. -->","yoast_head_json":{"title":"TRUUSK Tr\u00e4dg\u00e5rdsstol Med Muggh\u00e5llare - Balkongstol i F\u00f6rkolat Massivt Tr\u00e4 - 72,5 x 97 x 93 cm - TRUUSK - Hem, Tr\u00e4dg\u00e5rd &amp; Fritid","robots":{"index":"index","follow":"follow","max-snippet":"max-snippet:-1","max-image-preview":"max-image-preview:large","max-video-preview":"max-video-preview:-1"},"canonical":"https:\/\/truusk.store\/sv\/produkt\/truusk-tradgardsstol-med-mugghallare-balkongstol-i-forkolat-massivt-tra-725-x-97-x-93-cm\/","og_locale":"sv_SE","og_type":"article","og_title":"TRUUSK Tr\u00e4dg\u00e5rdsstol Med Muggh\u00e5llare - Balkongstol i F\u00f6rkolat Massivt Tr\u00e4 - 72,5 x 97 x 93 cm - TRUUSK - Hem, Tr\u00e4dg\u00e5rd &amp; Fritid","og_description":"Denna Adirondack tr\u00e4dg\u00e5rdsstol i massivt tr\u00e4 \u00e4r ett of\u00f6rgl\u00f6mligt blickf\u00e5ng, oavsett om det \u00e4r i din tr\u00e4dg\u00e5rd, p\u00e5 balkongen eller...","og_url":"https:\/\/truusk.store\/sv\/produkt\/truusk-tradgardsstol-med-mugghallare-balkongstol-i-forkolat-massivt-tra-725-x-97-x-93-cm\/","og_site_name":"TRUUSK - Hem, Tr\u00e4dg\u00e5rd &amp; Fritid","article_modified_time":"2026-03-12T08:01:18+00:00","og_image":[{"width":800,"height":800,"url":"https:\/\/i0.wp.com\/truusk.se\/wp-content\/uploads\/2024\/02\/adirondack-tradgardsstol-med-mugghallare-tradgardsstol-balkongstol-massivt-tra-forkolat-725-x-97-x-93-cm.webp?fit=800%2C800&ssl=1","type":"image\/webp"}],"twitter_card":"summary_large_image","twitter_misc":{"Ber\u00e4knad l\u00e4stid":"1 minut"},"schema":{"@context":"https:\/\/schema.org","@graph":[{"@type":"WebPage","@id":"https:\/\/truusk.store\/sv\/produkt\/truusk-tradgardsstol-med-mugghallare-balkongstol-i-forkolat-massivt-tra-725-x-97-x-93-cm\/","url":"https:\/\/truusk.store\/sv\/produkt\/truusk-tradgardsstol-med-mugghallare-balkongstol-i-forkolat-massivt-tra-725-x-97-x-93-cm\/","name":"TRUUSK Tr\u00e4dg\u00e5rdsstol Med Muggh\u00e5llare - Balkongstol i F\u00f6rkolat Massivt Tr\u00e4 - 72,5 x 97 x 93 cm - TRUUSK - Hem, Tr\u00e4dg\u00e5rd &amp; Fritid","isPartOf":{"@id":"https:\/\/truusk.store\/sv\/#website"},"primaryImageOfPage":{"@id":"https:\/\/truusk.store\/sv\/produkt\/truusk-tradgardsstol-med-mugghallare-balkongstol-i-forkolat-massivt-tra-725-x-97-x-93-cm\/#primaryimage"},"image":{"@id":"https:\/\/truusk.store\/sv\/produkt\/truusk-tradgardsstol-med-mugghallare-balkongstol-i-forkolat-massivt-tra-725-x-97-x-93-cm\/#primaryimage"},"thumbnailUrl":"https:\/\/i0.wp.com\/truusk.store\/wp-content\/uploads\/2024\/02\/adirondack-tradgardsstol-med-mugghallare-tradgardsstol-balkongstol-massivt-tra-forkolat-725-x-97-x-93-cm.webp?fit=800%2C800&ssl=1","datePublished":"2024-02-13T12:44:22+00:00","dateModified":"2026-03-12T08:01:18+00:00","breadcrumb":{"@id":"https:\/\/truusk.store\/sv\/produkt\/truusk-tradgardsstol-med-mugghallare-balkongstol-i-forkolat-massivt-tra-725-x-97-x-93-cm\/#breadcrumb"},"inLanguage":"sv-SE","potentialAction":[{"@type":"ReadAction","target":["https:\/\/truusk.store\/sv\/produkt\/truusk-tradgardsstol-med-mugghallare-balkongstol-i-forkolat-massivt-tra-725-x-97-x-93-cm\/"]}]},{"@type":"ImageObject","inLanguage":"sv-SE","@id":"https:\/\/truusk.store\/sv\/produkt\/truusk-tradgardsstol-med-mugghallare-balkongstol-i-forkolat-massivt-tra-725-x-97-x-93-cm\/#primaryimage","url":"https:\/\/i0.wp.com\/truusk.store\/wp-content\/uploads\/2024\/02\/adirondack-tradgardsstol-med-mugghallare-tradgardsstol-balkongstol-massivt-tra-forkolat-725-x-97-x-93-cm.webp?fit=800%2C800&ssl=1","contentUrl":"https:\/\/i0.wp.com\/truusk.store\/wp-content\/uploads\/2024\/02\/adirondack-tradgardsstol-med-mugghallare-tradgardsstol-balkongstol-massivt-tra-forkolat-725-x-97-x-93-cm.webp?fit=800%2C800&ssl=1","width":800,"height":800,"caption":"Adirondack Tr\u00e4dg\u00e5rdsstol Med Muggh\u00e5llare Tr\u00e4dg\u00e5rdsstol Balkongstol Massivt Tr\u00e4 F\u00f6rkolat 72,5 X 97 X 93 Cm 1"},{"@type":"BreadcrumbList","@id":"https:\/\/truusk.store\/sv\/produkt\/truusk-tradgardsstol-med-mugghallare-balkongstol-i-forkolat-massivt-tra-725-x-97-x-93-cm\/#breadcrumb","itemListElement":[{"@type":"ListItem","position":1,"name":"Home","item":"https:\/\/truusk.store\/sv\/"},{"@type":"ListItem","position":2,"name":"Shop","item":"https:\/\/truusk.store\/shop\/"},{"@type":"ListItem","position":3,"name":"TRUUSK Tr\u00e4dg\u00e5rdsstol Med Muggh\u00e5llare &#8211; Balkongstol i F\u00f6rkolat Massivt Tr\u00e4 &#8211; 72,5 x 97 x 93 cm"}]},{"@type":"WebSite","@id":"https:\/\/truusk.store\/sv\/#website","url":"https:\/\/truusk.store\/sv\/","name":"TRUUSK - Hem, Tr\u00e4dg\u00e5rd & Fritid","description":"","publisher":{"@id":"https:\/\/truusk.store\/sv\/#organization"},"potentialAction":[{"@type":"SearchAction","target":{"@type":"EntryPoint","urlTemplate":"https:\/\/truusk.store\/sv\/?s={search_term_string}"},"query-input":{"@type":"PropertyValueSpecification","valueRequired":true,"valueName":"search_term_string"}}],"inLanguage":"sv-SE"},{"@type":"Organization","@id":"https:\/\/truusk.store\/sv\/#organization","name":"TRUUSK - Hem, Tr\u00e4dg\u00e5rd & Fritid","url":"https:\/\/truusk.store\/sv\/","logo":{"@type":"ImageObject","inLanguage":"sv-SE","@id":"https:\/\/truusk.store\/sv\/#\/schema\/logo\/image\/","url":"https:\/\/i0.wp.com\/truusk.store\/wp-content\/uploads\/2026\/03\/cropped-TRUUSK.png?fit=2032%2C917&ssl=1","contentUrl":"https:\/\/i0.wp.com\/truusk.store\/wp-content\/uploads\/2026\/03\/cropped-TRUUSK.png?fit=2032%2C917&ssl=1","width":2032,"height":917,"caption":"TRUUSK - Hem, Tr\u00e4dg\u00e5rd & Fritid"},"image":{"@id":"https:\/\/truusk.store\/sv\/#\/schema\/logo\/image\/"}}]}},"jetpack_sharing_enabled":true,"_links":{"self":[{"href":"https:\/\/truusk.store\/sv\/wp-json\/wp\/v2\/product\/17310","targetHints":{"allow":["GET"]}}],"collection":[{"href":"https:\/\/truusk.store\/sv\/wp-json\/wp\/v2\/product"}],"about":[{"href":"https:\/\/truusk.store\/sv\/wp-json\/wp\/v2\/types\/product"}],"wp:featuredmedia":[{"embeddable":true,"href":"https:\/\/truusk.store\/sv\/wp-json\/wp\/v2\/media\/17311"}],"wp:attachment":[{"href":"https:\/\/truusk.store\/sv\/wp-json\/wp\/v2\/media?parent=17310"}],"wp:term":[{"taxonomy":"product_brand","embeddable":true,"href":"https:\/\/truusk.store\/sv\/wp-json\/wp\/v2\/product_brand?post=17310"},{"taxonomy":"product_cat","embeddable":true,"href":"https:\/\/truusk.store\/sv\/wp-json\/wp\/v2\/product_cat?post=17310"},{"taxonomy":"product_tag","embeddable":true,"href":"https:\/\/truusk.store\/sv\/wp-json\/wp\/v2\/product_tag?post=17310"}],"curies":[{"name":"wp","href":"https:\/\/api.w.org\/{rel}","templated":true}]}}