{"id":17432,"date":"2024-02-13T13:48:17","date_gmt":"2024-02-13T12:48:17","guid":{"rendered":"https:\/\/truusk.store\/product\/football-rebounder-kickback-goal-rebound-wall-net-for-baseball-basket-dubbelsidig-rebound-justerbar-i-5-nivaer-metallgron-svart-75-x-75-x-64-cm\/"},"modified":"2026-03-12T09:01:20","modified_gmt":"2026-03-12T08:01:20","slug":"truusk-fotbollsrebounder-kickback-mal-reboundvagg-net-for-baseball-basket-justerbar-i-5-nivaer-metallgron-svart-75-x-75-x","status":"publish","type":"product","link":"https:\/\/truusk.store\/sv\/produkt\/truusk-fotbollsrebounder-kickback-mal-reboundvagg-net-for-baseball-basket-justerbar-i-5-nivaer-metallgron-svart-75-x-75-x\/","title":{"rendered":"TRUUSK Fotbollsrebounder Kickback M\u00e5l Reboundv\u00e4gg Net F\u00f6r Baseball Basket &#8211; Justerbar I 5 Niv\u00e5er &#8211; Metallgr\u00f6n + Svart &#8211; 75 x 75 x"},"content":{"rendered":"<p>Prova detta rebound-n\u00e4t. Den returnerar bollen p\u00e5 b\u00e5da sidor och i olika vinklar f\u00f6r att kasta, skjuta och tr\u00e4na. En perfekt tr\u00e4ningsenhet f\u00f6r sporter som fotboll, tennis och cricket. Det h\u00e4r \u00e4r en fantastisk enhet som hj\u00e4lper spelare att utveckla sin noggrannhet, kraft och bollkontroll, samt hj\u00e4lper dem att f\u00f6rb\u00e4ttra passningar, m\u00e5lh\u00e5llning, nickning och skytte. Det \u00e4r mycket enkelt att montera med n\u00f6dv\u00e4ndiga installationstillbeh\u00f6r som ing\u00e5r.<\/p>\n<h3>Beskrivning:<\/h3>\n<ul>\n<li>Tillverkad av h\u00f6gkvalitativt pulverlackerat j\u00e4rnr\u00f6r, t\u00e5l intensiva st\u00f6tar<\/li>\n<li>Allv\u00e4ders PE-n\u00e4t, tv\u00e5 sidor kan fungera som return\u00e4t<\/li>\n<li>Stort rutn\u00e4t f\u00f6r fotboll, baseboll, basket<\/li>\n<li>litet rutn\u00e4t f\u00f6r tennis<\/li>\n<li>Basst\u00e5ng med 5 justerbara l\u00e4gen<\/li>\n<li>Justerbar vinkel f\u00f6r att b\u00e4ttre passa dina tr\u00e4ningsm\u00e5l<\/li>\n<li>L\u00e4tt att b\u00e4ra och f\u00f6rvara tack vare vikbar design<\/li>\n<li>Idealisk f\u00f6r olika sporter inklusive fotboll, baseboll och baskettr\u00e4ning<\/li>\n<li>Hj\u00e4lper spelaren att utveckla f\u00e4rdigheter inom omr\u00e5dena noggrannhet, kraft och bollkontroll<\/li>\n<li>Inkluderar stabilitetsankare f\u00f6r att f\u00f6rhindra att den v\u00e4lter under anv\u00e4ndning<\/li>\n<li>Ingen installation kr\u00e4vs<\/li>\n<\/ul>\n<h3>Teknisk data:<\/h3>\n<ul>\n<li>Material som anv\u00e4nds: PE-tyg, metall<\/li>\n<li>F\u00e4rg: Gr\u00e5+Gr\u00f6n+Svart<\/li>\n<li>\u00d6vergripande m\u00e5tt: 75L x 75W x 64H cm<\/li>\n<li>Stor n\u00e4tstorlek: 64L x 64W cm<\/li>\n<li>Liten n\u00e4tstorlek: 60L x 60W cm<\/li>\n<li>Vikt format: 75L x 75W x 6H cm<\/li>\n<\/ul>\n<h3>Leveransens omfattning:<\/h3>\n<ul>\n<li>1 x Rebounder-n\u00e4t<\/li>\n<li>1 x plastboll<\/li>\n<li>4 x U-formade markspetsar<\/li>\n<\/ul>\n","protected":false},"excerpt":{"rendered":"<p>Prova detta rebound-n\u00e4t. Den returnerar bollen p\u00e5 b\u00e5da sidor och i olika vinklar f\u00f6r att kasta, skjuta och tr\u00e4na. En&#8230;<\/p>\n","protected":false},"featured_media":17433,"template":"","meta":[],"product_brand":[],"product_cat":[669,647],"product_tag":[],"class_list":{"0":"post-17432","1":"product","2":"type-product","3":"status-publish","4":"has-post-thumbnail","6":"product_cat-bollsporter","7":"product_cat-sport-fritid","9":"first","10":"instock","11":"sale","12":"taxable","13":"shipping-taxable","14":"purchasable","15":"product-type-simple"},"yoast_head":"<!-- This site is optimized with the Yoast SEO plugin v25.4 - https:\/\/yoast.com\/wordpress\/plugins\/seo\/ -->\n<title>TRUUSK Fotbollsrebounder Kickback M\u00e5l Reboundv\u00e4gg Net F\u00f6r Baseball Basket - Justerbar I 5 Niv\u00e5er - Metallgr\u00f6n + Svart - 75 x 75 x - TRUUSK - Hem, Tr\u00e4dg\u00e5rd &amp; Fritid<\/title>\n<meta name=\"robots\" content=\"index, follow, max-snippet:-1, max-image-preview:large, max-video-preview:-1\" \/>\n<link rel=\"canonical\" href=\"https:\/\/truusk.store\/sv\/produkt\/truusk-fotbollsrebounder-kickback-mal-reboundvagg-net-for-baseball-basket-justerbar-i-5-nivaer-metallgron-svart-75-x-75-x\/\" \/>\n<meta property=\"og:locale\" content=\"sv_SE\" \/>\n<meta property=\"og:type\" content=\"article\" \/>\n<meta property=\"og:title\" content=\"TRUUSK Fotbollsrebounder Kickback M\u00e5l Reboundv\u00e4gg Net F\u00f6r Baseball Basket - Justerbar I 5 Niv\u00e5er - Metallgr\u00f6n + Svart - 75 x 75 x - TRUUSK - Hem, Tr\u00e4dg\u00e5rd &amp; Fritid\" \/>\n<meta property=\"og:description\" content=\"Prova detta rebound-n\u00e4t. Den returnerar bollen p\u00e5 b\u00e5da sidor och i olika vinklar f\u00f6r att kasta, skjuta och tr\u00e4na. En...\" \/>\n<meta property=\"og:url\" content=\"https:\/\/truusk.store\/sv\/produkt\/truusk-fotbollsrebounder-kickback-mal-reboundvagg-net-for-baseball-basket-justerbar-i-5-nivaer-metallgron-svart-75-x-75-x\/\" \/>\n<meta property=\"og:site_name\" content=\"TRUUSK - Hem, Tr\u00e4dg\u00e5rd &amp; Fritid\" \/>\n<meta property=\"article:modified_time\" content=\"2026-03-12T08:01:20+00:00\" \/>\n<meta property=\"og:image\" content=\"https:\/\/i0.wp.com\/truusk.se\/wp-content\/uploads\/2024\/02\/football-rebounder-kickback-goal-rebound-wall-net-for-baseball-basket-dubbelsidig-rebound-justerbar-i-5-nivaer-metallgron-svart-75-x-75-x-64-cm.webp?fit=800%2C800&ssl=1\" \/>\n\t<meta property=\"og:image:width\" content=\"800\" \/>\n\t<meta property=\"og:image:height\" content=\"800\" \/>\n\t<meta property=\"og:image:type\" content=\"image\/webp\" \/>\n<meta name=\"twitter:card\" content=\"summary_large_image\" \/>\n<meta name=\"twitter:label1\" content=\"Ber\u00e4knad l\u00e4stid\" \/>\n\t<meta name=\"twitter:data1\" content=\"1 minut\" \/>\n<!-- \/ Yoast SEO plugin. -->","yoast_head_json":{"title":"TRUUSK Fotbollsrebounder Kickback M\u00e5l Reboundv\u00e4gg Net F\u00f6r Baseball Basket - Justerbar I 5 Niv\u00e5er - Metallgr\u00f6n + Svart - 75 x 75 x - TRUUSK - Hem, Tr\u00e4dg\u00e5rd &amp; Fritid","robots":{"index":"index","follow":"follow","max-snippet":"max-snippet:-1","max-image-preview":"max-image-preview:large","max-video-preview":"max-video-preview:-1"},"canonical":"https:\/\/truusk.store\/sv\/produkt\/truusk-fotbollsrebounder-kickback-mal-reboundvagg-net-for-baseball-basket-justerbar-i-5-nivaer-metallgron-svart-75-x-75-x\/","og_locale":"sv_SE","og_type":"article","og_title":"TRUUSK Fotbollsrebounder Kickback M\u00e5l Reboundv\u00e4gg Net F\u00f6r Baseball Basket - Justerbar I 5 Niv\u00e5er - Metallgr\u00f6n + Svart - 75 x 75 x - TRUUSK - Hem, Tr\u00e4dg\u00e5rd &amp; Fritid","og_description":"Prova detta rebound-n\u00e4t. Den returnerar bollen p\u00e5 b\u00e5da sidor och i olika vinklar f\u00f6r att kasta, skjuta och tr\u00e4na. En...","og_url":"https:\/\/truusk.store\/sv\/produkt\/truusk-fotbollsrebounder-kickback-mal-reboundvagg-net-for-baseball-basket-justerbar-i-5-nivaer-metallgron-svart-75-x-75-x\/","og_site_name":"TRUUSK - Hem, Tr\u00e4dg\u00e5rd &amp; Fritid","article_modified_time":"2026-03-12T08:01:20+00:00","og_image":[{"width":800,"height":800,"url":"https:\/\/i0.wp.com\/truusk.se\/wp-content\/uploads\/2024\/02\/football-rebounder-kickback-goal-rebound-wall-net-for-baseball-basket-dubbelsidig-rebound-justerbar-i-5-nivaer-metallgron-svart-75-x-75-x-64-cm.webp?fit=800%2C800&ssl=1","type":"image\/webp"}],"twitter_card":"summary_large_image","twitter_misc":{"Ber\u00e4knad l\u00e4stid":"1 minut"},"schema":{"@context":"https:\/\/schema.org","@graph":[{"@type":"WebPage","@id":"https:\/\/truusk.store\/sv\/produkt\/truusk-fotbollsrebounder-kickback-mal-reboundvagg-net-for-baseball-basket-justerbar-i-5-nivaer-metallgron-svart-75-x-75-x\/","url":"https:\/\/truusk.store\/sv\/produkt\/truusk-fotbollsrebounder-kickback-mal-reboundvagg-net-for-baseball-basket-justerbar-i-5-nivaer-metallgron-svart-75-x-75-x\/","name":"TRUUSK Fotbollsrebounder Kickback M\u00e5l Reboundv\u00e4gg Net F\u00f6r Baseball Basket - Justerbar I 5 Niv\u00e5er - Metallgr\u00f6n + Svart - 75 x 75 x - TRUUSK - Hem, Tr\u00e4dg\u00e5rd &amp; Fritid","isPartOf":{"@id":"https:\/\/truusk.store\/sv\/#website"},"primaryImageOfPage":{"@id":"https:\/\/truusk.store\/sv\/produkt\/truusk-fotbollsrebounder-kickback-mal-reboundvagg-net-for-baseball-basket-justerbar-i-5-nivaer-metallgron-svart-75-x-75-x\/#primaryimage"},"image":{"@id":"https:\/\/truusk.store\/sv\/produkt\/truusk-fotbollsrebounder-kickback-mal-reboundvagg-net-for-baseball-basket-justerbar-i-5-nivaer-metallgron-svart-75-x-75-x\/#primaryimage"},"thumbnailUrl":"https:\/\/i0.wp.com\/truusk.store\/wp-content\/uploads\/2024\/02\/football-rebounder-kickback-goal-rebound-wall-net-for-baseball-basket-dubbelsidig-rebound-justerbar-i-5-nivaer-metallgron-svart-75-x-75-x-64-cm.webp?fit=800%2C800&ssl=1","datePublished":"2024-02-13T12:48:17+00:00","dateModified":"2026-03-12T08:01:20+00:00","breadcrumb":{"@id":"https:\/\/truusk.store\/sv\/produkt\/truusk-fotbollsrebounder-kickback-mal-reboundvagg-net-for-baseball-basket-justerbar-i-5-nivaer-metallgron-svart-75-x-75-x\/#breadcrumb"},"inLanguage":"sv-SE","potentialAction":[{"@type":"ReadAction","target":["https:\/\/truusk.store\/sv\/produkt\/truusk-fotbollsrebounder-kickback-mal-reboundvagg-net-for-baseball-basket-justerbar-i-5-nivaer-metallgron-svart-75-x-75-x\/"]}]},{"@type":"ImageObject","inLanguage":"sv-SE","@id":"https:\/\/truusk.store\/sv\/produkt\/truusk-fotbollsrebounder-kickback-mal-reboundvagg-net-for-baseball-basket-justerbar-i-5-nivaer-metallgron-svart-75-x-75-x\/#primaryimage","url":"https:\/\/i0.wp.com\/truusk.store\/wp-content\/uploads\/2024\/02\/football-rebounder-kickback-goal-rebound-wall-net-for-baseball-basket-dubbelsidig-rebound-justerbar-i-5-nivaer-metallgron-svart-75-x-75-x-64-cm.webp?fit=800%2C800&ssl=1","contentUrl":"https:\/\/i0.wp.com\/truusk.store\/wp-content\/uploads\/2024\/02\/football-rebounder-kickback-goal-rebound-wall-net-for-baseball-basket-dubbelsidig-rebound-justerbar-i-5-nivaer-metallgron-svart-75-x-75-x-64-cm.webp?fit=800%2C800&ssl=1","width":800,"height":800,"caption":"Football Rebounder Kickback Goal Rebound Wall Net F\u00f6r Baseball Basket Dubbelsidig Rebound Justerbar I 5 Niv\u00e5er Metallgr\u00f6n + Svart 75 X 75 X 64 Cm 1"},{"@type":"BreadcrumbList","@id":"https:\/\/truusk.store\/sv\/produkt\/truusk-fotbollsrebounder-kickback-mal-reboundvagg-net-for-baseball-basket-justerbar-i-5-nivaer-metallgron-svart-75-x-75-x\/#breadcrumb","itemListElement":[{"@type":"ListItem","position":1,"name":"Home","item":"https:\/\/truusk.store\/sv\/"},{"@type":"ListItem","position":2,"name":"Shop","item":"https:\/\/truusk.store\/shop\/"},{"@type":"ListItem","position":3,"name":"TRUUSK Fotbollsrebounder Kickback M\u00e5l Reboundv\u00e4gg Net F\u00f6r Baseball Basket &#8211; Justerbar I 5 Niv\u00e5er &#8211; Metallgr\u00f6n + Svart &#8211; 75 x 75 x"}]},{"@type":"WebSite","@id":"https:\/\/truusk.store\/sv\/#website","url":"https:\/\/truusk.store\/sv\/","name":"TRUUSK - Hem, Tr\u00e4dg\u00e5rd & Fritid","description":"","publisher":{"@id":"https:\/\/truusk.store\/sv\/#organization"},"potentialAction":[{"@type":"SearchAction","target":{"@type":"EntryPoint","urlTemplate":"https:\/\/truusk.store\/sv\/?s={search_term_string}"},"query-input":{"@type":"PropertyValueSpecification","valueRequired":true,"valueName":"search_term_string"}}],"inLanguage":"sv-SE"},{"@type":"Organization","@id":"https:\/\/truusk.store\/sv\/#organization","name":"TRUUSK - Hem, Tr\u00e4dg\u00e5rd & Fritid","url":"https:\/\/truusk.store\/sv\/","logo":{"@type":"ImageObject","inLanguage":"sv-SE","@id":"https:\/\/truusk.store\/sv\/#\/schema\/logo\/image\/","url":"https:\/\/i0.wp.com\/truusk.store\/wp-content\/uploads\/2026\/03\/cropped-TRUUSK.png?fit=2032%2C917&ssl=1","contentUrl":"https:\/\/i0.wp.com\/truusk.store\/wp-content\/uploads\/2026\/03\/cropped-TRUUSK.png?fit=2032%2C917&ssl=1","width":2032,"height":917,"caption":"TRUUSK - Hem, Tr\u00e4dg\u00e5rd & Fritid"},"image":{"@id":"https:\/\/truusk.store\/sv\/#\/schema\/logo\/image\/"}}]}},"jetpack_sharing_enabled":true,"_links":{"self":[{"href":"https:\/\/truusk.store\/sv\/wp-json\/wp\/v2\/product\/17432","targetHints":{"allow":["GET"]}}],"collection":[{"href":"https:\/\/truusk.store\/sv\/wp-json\/wp\/v2\/product"}],"about":[{"href":"https:\/\/truusk.store\/sv\/wp-json\/wp\/v2\/types\/product"}],"wp:featuredmedia":[{"embeddable":true,"href":"https:\/\/truusk.store\/sv\/wp-json\/wp\/v2\/media\/17433"}],"wp:attachment":[{"href":"https:\/\/truusk.store\/sv\/wp-json\/wp\/v2\/media?parent=17432"}],"wp:term":[{"taxonomy":"product_brand","embeddable":true,"href":"https:\/\/truusk.store\/sv\/wp-json\/wp\/v2\/product_brand?post=17432"},{"taxonomy":"product_cat","embeddable":true,"href":"https:\/\/truusk.store\/sv\/wp-json\/wp\/v2\/product_cat?post=17432"},{"taxonomy":"product_tag","embeddable":true,"href":"https:\/\/truusk.store\/sv\/wp-json\/wp\/v2\/product_tag?post=17432"}],"curies":[{"name":"wp","href":"https:\/\/api.w.org\/{rel}","templated":true}]}}