{"id":17452,"date":"2024-02-13T13:48:53","date_gmt":"2024-02-13T12:48:53","guid":{"rendered":"https:\/\/truusk.store\/product\/paviljong-tradgard-paviljong-partytalt-tradgardstalt-talt-dubbeltak-3x3m\/"},"modified":"2026-03-12T09:01:20","modified_gmt":"2026-03-12T08:01:20","slug":"truusk-paviljong-tradgard-partytalt-dubbeltak-3x3m-vattentat-uv-skydd-for-tradgard-och-fester","status":"publish","type":"product","link":"https:\/\/truusk.store\/sv\/produkt\/truusk-paviljong-tradgard-partytalt-dubbeltak-3x3m-vattentat-uv-skydd-for-tradgard-och-fester\/","title":{"rendered":"TRUUSK Paviljong Tr\u00e4dg\u00e5rd Partyt\u00e4lt &#8211; Dubbeltak &#8211; 3x3m &#8211; Vattent\u00e4t &#8211; UV-skydd &#8211; F\u00f6r Tr\u00e4dg\u00e5rd och Fester"},"content":{"rendered":"<p>Under denna lyxiga tr\u00e4dg\u00e5rdspaviljong i stilren design kommer du att k\u00e4nna dig bekv\u00e4m i det gr\u00f6na vid alla tillf\u00e4llen! Denna tr\u00e4dg\u00e5rdspaviljong k\u00e4nnetecknas av den starka metallramen och det vattenavvisande, praktiska dubbeltaket, som s\u00e4kerst\u00e4ller b\u00e5de god v\u00e4derbest\u00e4ndighet och idealisk ventilation. Sidov\u00e4ggarna kan \u00f6ppnas eller st\u00e4ngas variabelt och fungerar som ett utm\u00e4rkt skydd mot insekter.<\/p>\n<h3>Beskrivning:<\/h3>\n<ul>\n<li>H\u00f6gkvalitativ paviljong i stilren design<\/li>\n<li>Ger perfekt skugga f\u00f6r tr\u00e4dg\u00e5rdar och fester<\/li>\n<li>Kraftig ram av pulverlackerad metall, robust och stabil<\/li>\n<li>Dubbeltak av vattenavvisande polyester f\u00f6r god luftcirkulation<\/li>\n<li>Det mindre taket \u00e4r kl\u00e4tt med myggn\u00e4t<\/li>\n<li>8 h\u00e5l p\u00e5 kanten av taket g\u00f6r att regnvatten kan rinna bort<\/li>\n<li>4 sidopaneler av myggn\u00e4t med dragkedja, kanter dessutom sydda med polyester<\/li>\n<li>Halvcirkelformade \u00f6ppningar ger bekv\u00e4m in- och utg\u00e5ng<\/li>\n<li>8 pinnar f\u00f6r f\u00f6rankring i marken ger extra stabilitet<\/li>\n<li>Enkel konstruktion<\/li>\n<\/ul>\n<h3>Teknisk data:<\/h3>\n<ul>\n<li>Material: metall, 160g\/m polyester, myggn\u00e4t<\/li>\n<li>F\u00e4rg: Beige+svart<\/li>\n<li>\u00d6vergripande m\u00e5tt: L295 x B295 x H275 cm<\/li>\n<li>Basarea: 2,5 x 2,5 m<\/li>\n<li>Kolumnavst\u00e5nd: L173 x B173 cm<\/li>\n<li>Takfotsbredd: B16 cm<\/li>\n<li>Frih\u00f6jd: 189 cm<\/li>\n<li>Vikt: ca 25 kg<\/li>\n<\/ul>\n<h3>Leveransens omfattning:<\/h3>\n<ul>\n<li>1 x paviljong inklusive dubbeltak<\/li>\n<li>1 x Monteringsanvisning<\/li>\n<li>17 x pinnar<\/li>\n<li>Monteringsmaterial<\/li>\n<li>VIKTIGT: Vi levererar varan till trottoarkanten utan kostnad. Se till att du anger r\u00e4tt adress och telefonnummer.<\/li>\n<\/ul>\n","protected":false},"excerpt":{"rendered":"<p>Under denna lyxiga tr\u00e4dg\u00e5rdspaviljong i stilren design kommer du att k\u00e4nna dig bekv\u00e4m i det gr\u00f6na vid alla tillf\u00e4llen! Denna&#8230;<\/p>\n","protected":false},"featured_media":17453,"template":"","meta":[],"product_brand":[],"product_cat":[477,435,476],"product_tag":[],"class_list":{"0":"post-17452","1":"product","2":"type-product","3":"status-publish","4":"has-post-thumbnail","6":"product_cat-paviljonger-partytalt","7":"product_cat-tradgard-och-terrass","8":"product_cat-tradgardspaviljonger","10":"first","11":"instock","12":"sale","13":"taxable","14":"shipping-taxable","15":"purchasable","16":"product-type-simple"},"yoast_head":"<!-- This site is optimized with the Yoast SEO plugin v25.4 - https:\/\/yoast.com\/wordpress\/plugins\/seo\/ -->\n<title>TRUUSK Paviljong Tr\u00e4dg\u00e5rd Partyt\u00e4lt - Dubbeltak - 3x3m - Vattent\u00e4t - UV-skydd - F\u00f6r Tr\u00e4dg\u00e5rd och Fester - TRUUSK - Hem, Tr\u00e4dg\u00e5rd &amp; Fritid<\/title>\n<meta name=\"robots\" content=\"index, follow, max-snippet:-1, max-image-preview:large, max-video-preview:-1\" \/>\n<link rel=\"canonical\" href=\"https:\/\/truusk.store\/sv\/produkt\/truusk-paviljong-tradgard-partytalt-dubbeltak-3x3m-vattentat-uv-skydd-for-tradgard-och-fester\/\" \/>\n<meta property=\"og:locale\" content=\"sv_SE\" \/>\n<meta property=\"og:type\" content=\"article\" \/>\n<meta property=\"og:title\" content=\"TRUUSK Paviljong Tr\u00e4dg\u00e5rd Partyt\u00e4lt - Dubbeltak - 3x3m - Vattent\u00e4t - UV-skydd - F\u00f6r Tr\u00e4dg\u00e5rd och Fester - TRUUSK - Hem, Tr\u00e4dg\u00e5rd &amp; Fritid\" \/>\n<meta property=\"og:description\" content=\"Under denna lyxiga tr\u00e4dg\u00e5rdspaviljong i stilren design kommer du att k\u00e4nna dig bekv\u00e4m i det gr\u00f6na vid alla tillf\u00e4llen! Denna...\" \/>\n<meta property=\"og:url\" content=\"https:\/\/truusk.store\/sv\/produkt\/truusk-paviljong-tradgard-partytalt-dubbeltak-3x3m-vattentat-uv-skydd-for-tradgard-och-fester\/\" \/>\n<meta property=\"og:site_name\" content=\"TRUUSK - Hem, Tr\u00e4dg\u00e5rd &amp; Fritid\" \/>\n<meta property=\"article:modified_time\" content=\"2026-03-12T08:01:20+00:00\" \/>\n<meta property=\"og:image\" content=\"https:\/\/i0.wp.com\/truusk.se\/wp-content\/uploads\/2024\/02\/paviljong-tradgard-paviljong-partytalt-tradgardstalt-talt-dubbeltak-3x3m.webp?fit=800%2C800&ssl=1\" \/>\n\t<meta property=\"og:image:width\" content=\"800\" \/>\n\t<meta property=\"og:image:height\" content=\"800\" \/>\n\t<meta property=\"og:image:type\" content=\"image\/webp\" \/>\n<meta name=\"twitter:card\" content=\"summary_large_image\" \/>\n<meta name=\"twitter:label1\" content=\"Ber\u00e4knad l\u00e4stid\" \/>\n\t<meta name=\"twitter:data1\" content=\"1 minut\" \/>\n<!-- \/ Yoast SEO plugin. -->","yoast_head_json":{"title":"TRUUSK Paviljong Tr\u00e4dg\u00e5rd Partyt\u00e4lt - Dubbeltak - 3x3m - Vattent\u00e4t - UV-skydd - F\u00f6r Tr\u00e4dg\u00e5rd och Fester - TRUUSK - Hem, Tr\u00e4dg\u00e5rd &amp; Fritid","robots":{"index":"index","follow":"follow","max-snippet":"max-snippet:-1","max-image-preview":"max-image-preview:large","max-video-preview":"max-video-preview:-1"},"canonical":"https:\/\/truusk.store\/sv\/produkt\/truusk-paviljong-tradgard-partytalt-dubbeltak-3x3m-vattentat-uv-skydd-for-tradgard-och-fester\/","og_locale":"sv_SE","og_type":"article","og_title":"TRUUSK Paviljong Tr\u00e4dg\u00e5rd Partyt\u00e4lt - Dubbeltak - 3x3m - Vattent\u00e4t - UV-skydd - F\u00f6r Tr\u00e4dg\u00e5rd och Fester - TRUUSK - Hem, Tr\u00e4dg\u00e5rd &amp; Fritid","og_description":"Under denna lyxiga tr\u00e4dg\u00e5rdspaviljong i stilren design kommer du att k\u00e4nna dig bekv\u00e4m i det gr\u00f6na vid alla tillf\u00e4llen! Denna...","og_url":"https:\/\/truusk.store\/sv\/produkt\/truusk-paviljong-tradgard-partytalt-dubbeltak-3x3m-vattentat-uv-skydd-for-tradgard-och-fester\/","og_site_name":"TRUUSK - Hem, Tr\u00e4dg\u00e5rd &amp; Fritid","article_modified_time":"2026-03-12T08:01:20+00:00","og_image":[{"width":800,"height":800,"url":"https:\/\/i0.wp.com\/truusk.se\/wp-content\/uploads\/2024\/02\/paviljong-tradgard-paviljong-partytalt-tradgardstalt-talt-dubbeltak-3x3m.webp?fit=800%2C800&ssl=1","type":"image\/webp"}],"twitter_card":"summary_large_image","twitter_misc":{"Ber\u00e4knad l\u00e4stid":"1 minut"},"schema":{"@context":"https:\/\/schema.org","@graph":[{"@type":"WebPage","@id":"https:\/\/truusk.store\/sv\/produkt\/truusk-paviljong-tradgard-partytalt-dubbeltak-3x3m-vattentat-uv-skydd-for-tradgard-och-fester\/","url":"https:\/\/truusk.store\/sv\/produkt\/truusk-paviljong-tradgard-partytalt-dubbeltak-3x3m-vattentat-uv-skydd-for-tradgard-och-fester\/","name":"TRUUSK Paviljong Tr\u00e4dg\u00e5rd Partyt\u00e4lt - Dubbeltak - 3x3m - Vattent\u00e4t - UV-skydd - F\u00f6r Tr\u00e4dg\u00e5rd och Fester - TRUUSK - Hem, Tr\u00e4dg\u00e5rd &amp; Fritid","isPartOf":{"@id":"https:\/\/truusk.store\/sv\/#website"},"primaryImageOfPage":{"@id":"https:\/\/truusk.store\/sv\/produkt\/truusk-paviljong-tradgard-partytalt-dubbeltak-3x3m-vattentat-uv-skydd-for-tradgard-och-fester\/#primaryimage"},"image":{"@id":"https:\/\/truusk.store\/sv\/produkt\/truusk-paviljong-tradgard-partytalt-dubbeltak-3x3m-vattentat-uv-skydd-for-tradgard-och-fester\/#primaryimage"},"thumbnailUrl":"https:\/\/i0.wp.com\/truusk.store\/wp-content\/uploads\/2024\/02\/paviljong-tradgard-paviljong-partytalt-tradgardstalt-talt-dubbeltak-3x3m.webp?fit=800%2C800&ssl=1","datePublished":"2024-02-13T12:48:53+00:00","dateModified":"2026-03-12T08:01:20+00:00","breadcrumb":{"@id":"https:\/\/truusk.store\/sv\/produkt\/truusk-paviljong-tradgard-partytalt-dubbeltak-3x3m-vattentat-uv-skydd-for-tradgard-och-fester\/#breadcrumb"},"inLanguage":"sv-SE","potentialAction":[{"@type":"ReadAction","target":["https:\/\/truusk.store\/sv\/produkt\/truusk-paviljong-tradgard-partytalt-dubbeltak-3x3m-vattentat-uv-skydd-for-tradgard-och-fester\/"]}]},{"@type":"ImageObject","inLanguage":"sv-SE","@id":"https:\/\/truusk.store\/sv\/produkt\/truusk-paviljong-tradgard-partytalt-dubbeltak-3x3m-vattentat-uv-skydd-for-tradgard-och-fester\/#primaryimage","url":"https:\/\/i0.wp.com\/truusk.store\/wp-content\/uploads\/2024\/02\/paviljong-tradgard-paviljong-partytalt-tradgardstalt-talt-dubbeltak-3x3m.webp?fit=800%2C800&ssl=1","contentUrl":"https:\/\/i0.wp.com\/truusk.store\/wp-content\/uploads\/2024\/02\/paviljong-tradgard-paviljong-partytalt-tradgardstalt-talt-dubbeltak-3x3m.webp?fit=800%2C800&ssl=1","width":800,"height":800,"caption":"Paviljong Tr\u00e4dg\u00e5rd Paviljong Partyt\u00e4lt Tr\u00e4dg\u00e5rdst\u00e4lt T\u00e4lt Dubbeltak 3x3m 1"},{"@type":"BreadcrumbList","@id":"https:\/\/truusk.store\/sv\/produkt\/truusk-paviljong-tradgard-partytalt-dubbeltak-3x3m-vattentat-uv-skydd-for-tradgard-och-fester\/#breadcrumb","itemListElement":[{"@type":"ListItem","position":1,"name":"Home","item":"https:\/\/truusk.store\/sv\/"},{"@type":"ListItem","position":2,"name":"Shop","item":"https:\/\/truusk.store\/shop\/"},{"@type":"ListItem","position":3,"name":"TRUUSK Paviljong Tr\u00e4dg\u00e5rd Partyt\u00e4lt &#8211; Dubbeltak &#8211; 3x3m &#8211; Vattent\u00e4t &#8211; UV-skydd &#8211; F\u00f6r Tr\u00e4dg\u00e5rd och Fester"}]},{"@type":"WebSite","@id":"https:\/\/truusk.store\/sv\/#website","url":"https:\/\/truusk.store\/sv\/","name":"TRUUSK - Hem, Tr\u00e4dg\u00e5rd & Fritid","description":"","publisher":{"@id":"https:\/\/truusk.store\/sv\/#organization"},"potentialAction":[{"@type":"SearchAction","target":{"@type":"EntryPoint","urlTemplate":"https:\/\/truusk.store\/sv\/?s={search_term_string}"},"query-input":{"@type":"PropertyValueSpecification","valueRequired":true,"valueName":"search_term_string"}}],"inLanguage":"sv-SE"},{"@type":"Organization","@id":"https:\/\/truusk.store\/sv\/#organization","name":"TRUUSK - Hem, Tr\u00e4dg\u00e5rd & Fritid","url":"https:\/\/truusk.store\/sv\/","logo":{"@type":"ImageObject","inLanguage":"sv-SE","@id":"https:\/\/truusk.store\/sv\/#\/schema\/logo\/image\/","url":"https:\/\/i0.wp.com\/truusk.store\/wp-content\/uploads\/2026\/03\/cropped-TRUUSK.png?fit=2032%2C917&ssl=1","contentUrl":"https:\/\/i0.wp.com\/truusk.store\/wp-content\/uploads\/2026\/03\/cropped-TRUUSK.png?fit=2032%2C917&ssl=1","width":2032,"height":917,"caption":"TRUUSK - Hem, Tr\u00e4dg\u00e5rd & Fritid"},"image":{"@id":"https:\/\/truusk.store\/sv\/#\/schema\/logo\/image\/"}}]}},"jetpack_sharing_enabled":true,"_links":{"self":[{"href":"https:\/\/truusk.store\/sv\/wp-json\/wp\/v2\/product\/17452","targetHints":{"allow":["GET"]}}],"collection":[{"href":"https:\/\/truusk.store\/sv\/wp-json\/wp\/v2\/product"}],"about":[{"href":"https:\/\/truusk.store\/sv\/wp-json\/wp\/v2\/types\/product"}],"wp:featuredmedia":[{"embeddable":true,"href":"https:\/\/truusk.store\/sv\/wp-json\/wp\/v2\/media\/17453"}],"wp:attachment":[{"href":"https:\/\/truusk.store\/sv\/wp-json\/wp\/v2\/media?parent=17452"}],"wp:term":[{"taxonomy":"product_brand","embeddable":true,"href":"https:\/\/truusk.store\/sv\/wp-json\/wp\/v2\/product_brand?post=17452"},{"taxonomy":"product_cat","embeddable":true,"href":"https:\/\/truusk.store\/sv\/wp-json\/wp\/v2\/product_cat?post=17452"},{"taxonomy":"product_tag","embeddable":true,"href":"https:\/\/truusk.store\/sv\/wp-json\/wp\/v2\/product_tag?post=17452"}],"curies":[{"name":"wp","href":"https:\/\/api.w.org\/{rel}","templated":true}]}}