{"id":17475,"date":"2024-02-13T13:49:33","date_gmt":"2024-02-13T12:49:33","guid":{"rendered":"https:\/\/truusk.store\/product\/vaxthus-med-rundbage-6-natfonster-transparent-film-metallram-395-x-195-x-190-m-gron\/"},"modified":"2026-03-12T09:01:20","modified_gmt":"2026-03-12T08:01:20","slug":"truusk-vaxthus-med-rundbage-6-natfonster-transparent-film-metallram-395-x-195-x-190-m-gron","status":"publish","type":"product","link":"https:\/\/truusk.store\/sv\/produkt\/truusk-vaxthus-med-rundbage-6-natfonster-transparent-film-metallram-395-x-195-x-190-m-gron\/","title":{"rendered":"TRUUSK V\u00e4xthus med Rundb\u00e5ge &#8211; 6 N\u00e4tf\u00f6nster &#8211; Transparent Film &#8211; Metallram &#8211; 3,95 x 1,95 x 1,90 m &#8211; Gr\u00f6n"},"content":{"rendered":"<p>\u00c4r du en ivrig tr\u00e4dg\u00e5rdsm\u00e4stare som vill h\u00e5lla sig aktiv \u00e5ret runt? Ge dina v\u00e4xter det perfekta skyddet mot v\u00e4der och vind och skadedjur med v\u00e5rt v\u00e4xthus! V\u00e5rt rundb\u00e5gsv\u00e4xthus har en vattenavvisande och genomskinlig film och erbjuder tillr\u00e4ckligt med utrymme f\u00f6r att odla frukt, gr\u00f6nsaker och blommor. De f\u00f6rl\u00e4ngda filmkanterna kan gr\u00e4vas ner i marken f\u00f6r att \u00f6ka stabiliteten &#8211; oavsett vilken yta!<\/p>\n<h3>Beskrivning:<\/h3>\n<ul>\n<li>Rundb\u00e5gsv\u00e4xthus f\u00f6r odling och odling av v\u00e4xter<\/li>\n<li>Skyddar v\u00e4xter fr\u00e5n kyla, frost, hagel och skadedjur<\/li>\n<li>Genomskinlig och vattenavvisande film<\/li>\n<li>Ram gjord av st\u00e5lr\u00f6r: stabil och rostbest\u00e4ndig<\/li>\n<li>Bekv\u00e4m \u00e5tkomst tack vare den extra breda rulld\u00f6rren med dragkedja (endast ena sidan)<\/li>\n<li>F\u00f6nster med myggn\u00e4t s\u00e4kerst\u00e4ller god ventilation<\/li>\n<li>F\u00e4sts genom att tynga ner eller gr\u00e4va i filmens f\u00f6rl\u00e4ngda kant<\/li>\n<li>extra l\u00e5ng folie p\u00e5 sidorna och tejp f\u00f6r b\u00e4ttre f\u00e4ste<\/li>\n<li>Verktygsfri montering<\/li>\n<li>Obs: Ta bort filmen vid kraftig sn\u00f6, regn eller bl\u00e5st<\/li>\n<\/ul>\n<h3>Teknisk data:<\/h3>\n<ul>\n<li>Material: st\u00e5l, PE<\/li>\n<li>F\u00e4rg: gr\u00f6n<\/li>\n<li>\u00d6vergripande m\u00e5tt: 395L x 195W x 190H cm<\/li>\n<li>Tr: 100L x 160W cm<\/li>\n<li>Filmtjocklek: 140 g\/m<\/li>\n<\/ul>\n<h3>Leveransens omfattning:<\/h3>\n<ul>\n<li>1 x V\u00e4xthus<\/li>\n<li>1 x Monteringsanvisning<\/li>\n<li>Tillbeh\u00f6r<\/li>\n<\/ul>\n","protected":false},"excerpt":{"rendered":"<p>\u00c4r du en ivrig tr\u00e4dg\u00e5rdsm\u00e4stare som vill h\u00e5lla sig aktiv \u00e5ret runt? Ge dina v\u00e4xter det perfekta skyddet mot v\u00e4der&#8230;<\/p>\n","protected":false},"featured_media":17476,"template":"","meta":[],"product_brand":[],"product_cat":[444,435,443],"product_tag":[],"class_list":{"0":"post-17475","1":"product","2":"type-product","3":"status-publish","4":"has-post-thumbnail","6":"product_cat-filma-vaxthus","7":"product_cat-tradgard-och-terrass","8":"product_cat-vaxthus-tradgardsskotsel","10":"first","11":"instock","12":"sale","13":"taxable","14":"shipping-taxable","15":"purchasable","16":"product-type-simple"},"yoast_head":"<!-- This site is optimized with the Yoast SEO plugin v25.4 - https:\/\/yoast.com\/wordpress\/plugins\/seo\/ -->\n<title>TRUUSK V\u00e4xthus med Rundb\u00e5ge - 6 N\u00e4tf\u00f6nster - Transparent Film - Metallram - 3,95 x 1,95 x 1,90 m - Gr\u00f6n - TRUUSK - Hem, Tr\u00e4dg\u00e5rd &amp; Fritid<\/title>\n<meta name=\"robots\" content=\"index, follow, max-snippet:-1, max-image-preview:large, max-video-preview:-1\" \/>\n<link rel=\"canonical\" href=\"https:\/\/truusk.store\/sv\/produkt\/truusk-vaxthus-med-rundbage-6-natfonster-transparent-film-metallram-395-x-195-x-190-m-gron\/\" \/>\n<meta property=\"og:locale\" content=\"sv_SE\" \/>\n<meta property=\"og:type\" content=\"article\" \/>\n<meta property=\"og:title\" content=\"TRUUSK V\u00e4xthus med Rundb\u00e5ge - 6 N\u00e4tf\u00f6nster - Transparent Film - Metallram - 3,95 x 1,95 x 1,90 m - Gr\u00f6n - TRUUSK - Hem, Tr\u00e4dg\u00e5rd &amp; Fritid\" \/>\n<meta property=\"og:description\" content=\"\u00c4r du en ivrig tr\u00e4dg\u00e5rdsm\u00e4stare som vill h\u00e5lla sig aktiv \u00e5ret runt? Ge dina v\u00e4xter det perfekta skyddet mot v\u00e4der...\" \/>\n<meta property=\"og:url\" content=\"https:\/\/truusk.store\/sv\/produkt\/truusk-vaxthus-med-rundbage-6-natfonster-transparent-film-metallram-395-x-195-x-190-m-gron\/\" \/>\n<meta property=\"og:site_name\" content=\"TRUUSK - Hem, Tr\u00e4dg\u00e5rd &amp; Fritid\" \/>\n<meta property=\"article:modified_time\" content=\"2026-03-12T08:01:20+00:00\" \/>\n<meta property=\"og:image\" content=\"https:\/\/i0.wp.com\/truusk.se\/wp-content\/uploads\/2024\/02\/vaxthus-med-rundbage-6-natfonster-transparent-film-metallram-395-x-195-x-190-m-gron.webp?fit=800%2C800&ssl=1\" \/>\n\t<meta property=\"og:image:width\" content=\"800\" \/>\n\t<meta property=\"og:image:height\" content=\"800\" \/>\n\t<meta property=\"og:image:type\" content=\"image\/webp\" \/>\n<meta name=\"twitter:card\" content=\"summary_large_image\" \/>\n<meta name=\"twitter:label1\" content=\"Ber\u00e4knad l\u00e4stid\" \/>\n\t<meta name=\"twitter:data1\" content=\"1 minut\" \/>\n<!-- \/ Yoast SEO plugin. -->","yoast_head_json":{"title":"TRUUSK V\u00e4xthus med Rundb\u00e5ge - 6 N\u00e4tf\u00f6nster - Transparent Film - Metallram - 3,95 x 1,95 x 1,90 m - Gr\u00f6n - TRUUSK - Hem, Tr\u00e4dg\u00e5rd &amp; Fritid","robots":{"index":"index","follow":"follow","max-snippet":"max-snippet:-1","max-image-preview":"max-image-preview:large","max-video-preview":"max-video-preview:-1"},"canonical":"https:\/\/truusk.store\/sv\/produkt\/truusk-vaxthus-med-rundbage-6-natfonster-transparent-film-metallram-395-x-195-x-190-m-gron\/","og_locale":"sv_SE","og_type":"article","og_title":"TRUUSK V\u00e4xthus med Rundb\u00e5ge - 6 N\u00e4tf\u00f6nster - Transparent Film - Metallram - 3,95 x 1,95 x 1,90 m - Gr\u00f6n - TRUUSK - Hem, Tr\u00e4dg\u00e5rd &amp; Fritid","og_description":"\u00c4r du en ivrig tr\u00e4dg\u00e5rdsm\u00e4stare som vill h\u00e5lla sig aktiv \u00e5ret runt? Ge dina v\u00e4xter det perfekta skyddet mot v\u00e4der...","og_url":"https:\/\/truusk.store\/sv\/produkt\/truusk-vaxthus-med-rundbage-6-natfonster-transparent-film-metallram-395-x-195-x-190-m-gron\/","og_site_name":"TRUUSK - Hem, Tr\u00e4dg\u00e5rd &amp; Fritid","article_modified_time":"2026-03-12T08:01:20+00:00","og_image":[{"width":800,"height":800,"url":"https:\/\/i0.wp.com\/truusk.se\/wp-content\/uploads\/2024\/02\/vaxthus-med-rundbage-6-natfonster-transparent-film-metallram-395-x-195-x-190-m-gron.webp?fit=800%2C800&ssl=1","type":"image\/webp"}],"twitter_card":"summary_large_image","twitter_misc":{"Ber\u00e4knad l\u00e4stid":"1 minut"},"schema":{"@context":"https:\/\/schema.org","@graph":[{"@type":"WebPage","@id":"https:\/\/truusk.store\/sv\/produkt\/truusk-vaxthus-med-rundbage-6-natfonster-transparent-film-metallram-395-x-195-x-190-m-gron\/","url":"https:\/\/truusk.store\/sv\/produkt\/truusk-vaxthus-med-rundbage-6-natfonster-transparent-film-metallram-395-x-195-x-190-m-gron\/","name":"TRUUSK V\u00e4xthus med Rundb\u00e5ge - 6 N\u00e4tf\u00f6nster - Transparent Film - Metallram - 3,95 x 1,95 x 1,90 m - Gr\u00f6n - TRUUSK - Hem, Tr\u00e4dg\u00e5rd &amp; Fritid","isPartOf":{"@id":"https:\/\/truusk.store\/sv\/#website"},"primaryImageOfPage":{"@id":"https:\/\/truusk.store\/sv\/produkt\/truusk-vaxthus-med-rundbage-6-natfonster-transparent-film-metallram-395-x-195-x-190-m-gron\/#primaryimage"},"image":{"@id":"https:\/\/truusk.store\/sv\/produkt\/truusk-vaxthus-med-rundbage-6-natfonster-transparent-film-metallram-395-x-195-x-190-m-gron\/#primaryimage"},"thumbnailUrl":"https:\/\/i0.wp.com\/truusk.store\/wp-content\/uploads\/2024\/02\/vaxthus-med-rundbage-6-natfonster-transparent-film-metallram-395-x-195-x-190-m-gron.webp?fit=800%2C800&ssl=1","datePublished":"2024-02-13T12:49:33+00:00","dateModified":"2026-03-12T08:01:20+00:00","breadcrumb":{"@id":"https:\/\/truusk.store\/sv\/produkt\/truusk-vaxthus-med-rundbage-6-natfonster-transparent-film-metallram-395-x-195-x-190-m-gron\/#breadcrumb"},"inLanguage":"sv-SE","potentialAction":[{"@type":"ReadAction","target":["https:\/\/truusk.store\/sv\/produkt\/truusk-vaxthus-med-rundbage-6-natfonster-transparent-film-metallram-395-x-195-x-190-m-gron\/"]}]},{"@type":"ImageObject","inLanguage":"sv-SE","@id":"https:\/\/truusk.store\/sv\/produkt\/truusk-vaxthus-med-rundbage-6-natfonster-transparent-film-metallram-395-x-195-x-190-m-gron\/#primaryimage","url":"https:\/\/i0.wp.com\/truusk.store\/wp-content\/uploads\/2024\/02\/vaxthus-med-rundbage-6-natfonster-transparent-film-metallram-395-x-195-x-190-m-gron.webp?fit=800%2C800&ssl=1","contentUrl":"https:\/\/i0.wp.com\/truusk.store\/wp-content\/uploads\/2024\/02\/vaxthus-med-rundbage-6-natfonster-transparent-film-metallram-395-x-195-x-190-m-gron.webp?fit=800%2C800&ssl=1","width":800,"height":800,"caption":"V\u00e4xthus Med Rundb\u00e5ge, 6 N\u00e4tf\u00f6nster, Transparent Film, Metallram, 3,95 X 1,95 X 1,90 M, Gr\u00f6n 1"},{"@type":"BreadcrumbList","@id":"https:\/\/truusk.store\/sv\/produkt\/truusk-vaxthus-med-rundbage-6-natfonster-transparent-film-metallram-395-x-195-x-190-m-gron\/#breadcrumb","itemListElement":[{"@type":"ListItem","position":1,"name":"Home","item":"https:\/\/truusk.store\/sv\/"},{"@type":"ListItem","position":2,"name":"Shop","item":"https:\/\/truusk.store\/shop\/"},{"@type":"ListItem","position":3,"name":"TRUUSK V\u00e4xthus med Rundb\u00e5ge &#8211; 6 N\u00e4tf\u00f6nster &#8211; Transparent Film &#8211; Metallram &#8211; 3,95 x 1,95 x 1,90 m &#8211; Gr\u00f6n"}]},{"@type":"WebSite","@id":"https:\/\/truusk.store\/sv\/#website","url":"https:\/\/truusk.store\/sv\/","name":"TRUUSK - Hem, Tr\u00e4dg\u00e5rd & Fritid","description":"","publisher":{"@id":"https:\/\/truusk.store\/sv\/#organization"},"potentialAction":[{"@type":"SearchAction","target":{"@type":"EntryPoint","urlTemplate":"https:\/\/truusk.store\/sv\/?s={search_term_string}"},"query-input":{"@type":"PropertyValueSpecification","valueRequired":true,"valueName":"search_term_string"}}],"inLanguage":"sv-SE"},{"@type":"Organization","@id":"https:\/\/truusk.store\/sv\/#organization","name":"TRUUSK - Hem, Tr\u00e4dg\u00e5rd & Fritid","url":"https:\/\/truusk.store\/sv\/","logo":{"@type":"ImageObject","inLanguage":"sv-SE","@id":"https:\/\/truusk.store\/sv\/#\/schema\/logo\/image\/","url":"https:\/\/i0.wp.com\/truusk.store\/wp-content\/uploads\/2026\/03\/cropped-TRUUSK.png?fit=2032%2C917&ssl=1","contentUrl":"https:\/\/i0.wp.com\/truusk.store\/wp-content\/uploads\/2026\/03\/cropped-TRUUSK.png?fit=2032%2C917&ssl=1","width":2032,"height":917,"caption":"TRUUSK - Hem, Tr\u00e4dg\u00e5rd & Fritid"},"image":{"@id":"https:\/\/truusk.store\/sv\/#\/schema\/logo\/image\/"}}]}},"jetpack_sharing_enabled":true,"_links":{"self":[{"href":"https:\/\/truusk.store\/sv\/wp-json\/wp\/v2\/product\/17475","targetHints":{"allow":["GET"]}}],"collection":[{"href":"https:\/\/truusk.store\/sv\/wp-json\/wp\/v2\/product"}],"about":[{"href":"https:\/\/truusk.store\/sv\/wp-json\/wp\/v2\/types\/product"}],"wp:featuredmedia":[{"embeddable":true,"href":"https:\/\/truusk.store\/sv\/wp-json\/wp\/v2\/media\/17476"}],"wp:attachment":[{"href":"https:\/\/truusk.store\/sv\/wp-json\/wp\/v2\/media?parent=17475"}],"wp:term":[{"taxonomy":"product_brand","embeddable":true,"href":"https:\/\/truusk.store\/sv\/wp-json\/wp\/v2\/product_brand?post=17475"},{"taxonomy":"product_cat","embeddable":true,"href":"https:\/\/truusk.store\/sv\/wp-json\/wp\/v2\/product_cat?post=17475"},{"taxonomy":"product_tag","embeddable":true,"href":"https:\/\/truusk.store\/sv\/wp-json\/wp\/v2\/product_tag?post=17475"}],"curies":[{"name":"wp","href":"https:\/\/api.w.org\/{rel}","templated":true}]}}