{"id":17505,"date":"2024-02-13T13:50:45","date_gmt":"2024-02-13T12:50:45","guid":{"rendered":"https:\/\/truusk.store\/product\/tradgardsbord-sidobord-bistrobord-med-glasskiva-rund-hopfallbar-metall-45-svart\/"},"modified":"2026-03-12T09:01:21","modified_gmt":"2026-03-12T08:01:21","slug":"truusk-hopfallbart-tradgardsbord-runt-sidobord-med-glasskiva-bistrobord-metall-svart-45-cm","status":"publish","type":"product","link":"https:\/\/truusk.store\/sv\/produkt\/truusk-hopfallbart-tradgardsbord-runt-sidobord-med-glasskiva-bistrobord-metall-svart-45-cm\/","title":{"rendered":"TRUUSK Hopf\u00e4llbart Tr\u00e4dg\u00e5rdsbord &#8211; Runt Sidobord Med Glasskiva &#8211; Bistrobord &#8211; Metall &#8211; Svart &#8211; 45 cm"},"content":{"rendered":"<p>V\u00e4lj detta vackra balkongbord f\u00f6r ett unikt tillskott till din tr\u00e4dg\u00e5rd. Detta uteplatsbord \u00e4r tillverkat med en robust och h\u00e5llbar metallram, den har en bordsskiva i h\u00e4rdat glas med vattenkransar som \u00e4r fl\u00e4ckbest\u00e4ndig och l\u00e4tt att reng\u00f6ra. Med s\u00e4kerhetssp\u00e4nnet kan det f\u00f6rhindra oavsiktlig vikning f\u00f6r att \u00f6ka stabiliteten. Det \u00e4r perfekt f\u00f6r att \u00e4ta middag eller koppla av med v\u00e4nner.<\/p>\n<h3>Beskrivning:<\/h3>\n<ul>\n<li>Kompakt struktur och vacker struktur kan framh\u00e4va din tr\u00e4dg\u00e5rdsdekoration<\/li>\n<li>5 mm tjockt h\u00e4rdat vattenkrussglas \u00e4r slitstarkt och l\u00e4tt att reng\u00f6ra<\/li>\n<li>Metallramen \u00e4r tillr\u00e4ckligt h\u00e5llbar f\u00f6r att t\u00e5la regn och vind f\u00f6r utomhusbruk<\/li>\n<li>S\u00e4kerhetssp\u00e4nnet p\u00e5 benen kan f\u00f6rhindra oavsiktlig vikning och \u00f6ka stabiliteten<\/li>\n<li>Den vikbara designen g\u00f6r den enkel att transportera och f\u00f6rvara n\u00e4r den inte anv\u00e4nds<\/li>\n<li>Ytan p\u00e5 glasbordsskivan kan torkas av med en fuktig trasa, l\u00e4tt att underh\u00e5lla<\/li>\n<li>Montering kr\u00e4vs<\/li>\n<\/ul>\n<h3>Teknisk data:<\/h3>\n<ul>\n<li>Svart f\u00e4rg<\/li>\n<li>Material: metall, glas<\/li>\n<li>M\u00e5tt: 45 x 50H cm<\/li>\n<li>Vikt m\u00e5tt: 67L x 8,5W x 45H cm<\/li>\n<li>Lastkapacitet: 40 kg<\/li>\n<li>Artikelnummer: 84B-590<\/li>\n<\/ul>\n<h3>Leveransens omfattning:<\/h3>\n<ul>\n<li>1 x tr\u00e4dg\u00e5rdsbord<\/li>\n<li>1 x Instruktioner<\/li>\n<\/ul>\n","protected":false},"excerpt":{"rendered":"<p>V\u00e4lj detta vackra balkongbord f\u00f6r ett unikt tillskott till din tr\u00e4dg\u00e5rd. Detta uteplatsbord \u00e4r tillverkat med en robust och h\u00e5llbar&#8230;<\/p>\n","protected":false},"featured_media":17506,"template":"","meta":[],"product_brand":[],"product_cat":[435,457,450],"product_tag":[],"class_list":{"0":"post-17505","1":"product","2":"type-product","3":"status-publish","4":"has-post-thumbnail","6":"product_cat-tradgard-och-terrass","7":"product_cat-tradgardsbord","8":"product_cat-tradgardsmobler","10":"first","11":"instock","12":"sale","13":"taxable","14":"shipping-taxable","15":"purchasable","16":"product-type-simple"},"yoast_head":"<!-- This site is optimized with the Yoast SEO plugin v25.4 - https:\/\/yoast.com\/wordpress\/plugins\/seo\/ -->\n<title>TRUUSK Hopf\u00e4llbart Tr\u00e4dg\u00e5rdsbord - Runt Sidobord Med Glasskiva - Bistrobord - Metall - Svart - 45 cm - TRUUSK - Hem, Tr\u00e4dg\u00e5rd &amp; Fritid<\/title>\n<meta name=\"robots\" content=\"index, follow, max-snippet:-1, max-image-preview:large, max-video-preview:-1\" \/>\n<link rel=\"canonical\" href=\"https:\/\/truusk.store\/sv\/produkt\/truusk-hopfallbart-tradgardsbord-runt-sidobord-med-glasskiva-bistrobord-metall-svart-45-cm\/\" \/>\n<meta property=\"og:locale\" content=\"sv_SE\" \/>\n<meta property=\"og:type\" content=\"article\" \/>\n<meta property=\"og:title\" content=\"TRUUSK Hopf\u00e4llbart Tr\u00e4dg\u00e5rdsbord - Runt Sidobord Med Glasskiva - Bistrobord - Metall - Svart - 45 cm - TRUUSK - Hem, Tr\u00e4dg\u00e5rd &amp; Fritid\" \/>\n<meta property=\"og:description\" content=\"V\u00e4lj detta vackra balkongbord f\u00f6r ett unikt tillskott till din tr\u00e4dg\u00e5rd. Detta uteplatsbord \u00e4r tillverkat med en robust och h\u00e5llbar...\" \/>\n<meta property=\"og:url\" content=\"https:\/\/truusk.store\/sv\/produkt\/truusk-hopfallbart-tradgardsbord-runt-sidobord-med-glasskiva-bistrobord-metall-svart-45-cm\/\" \/>\n<meta property=\"og:site_name\" content=\"TRUUSK - Hem, Tr\u00e4dg\u00e5rd &amp; Fritid\" \/>\n<meta property=\"article:modified_time\" content=\"2026-03-12T08:01:21+00:00\" \/>\n<meta property=\"og:image\" content=\"https:\/\/i0.wp.com\/truusk.se\/wp-content\/uploads\/2024\/02\/tradgardsbord-sidobord-bistrobord-med-glasskiva-rund-hopfallbar-metall-45-svart.webp?fit=800%2C800&ssl=1\" \/>\n\t<meta property=\"og:image:width\" content=\"800\" \/>\n\t<meta property=\"og:image:height\" content=\"800\" \/>\n\t<meta property=\"og:image:type\" content=\"image\/webp\" \/>\n<meta name=\"twitter:card\" content=\"summary_large_image\" \/>\n<meta name=\"twitter:label1\" content=\"Ber\u00e4knad l\u00e4stid\" \/>\n\t<meta name=\"twitter:data1\" content=\"1 minut\" \/>\n<!-- \/ Yoast SEO plugin. -->","yoast_head_json":{"title":"TRUUSK Hopf\u00e4llbart Tr\u00e4dg\u00e5rdsbord - Runt Sidobord Med Glasskiva - Bistrobord - Metall - Svart - 45 cm - TRUUSK - Hem, Tr\u00e4dg\u00e5rd &amp; Fritid","robots":{"index":"index","follow":"follow","max-snippet":"max-snippet:-1","max-image-preview":"max-image-preview:large","max-video-preview":"max-video-preview:-1"},"canonical":"https:\/\/truusk.store\/sv\/produkt\/truusk-hopfallbart-tradgardsbord-runt-sidobord-med-glasskiva-bistrobord-metall-svart-45-cm\/","og_locale":"sv_SE","og_type":"article","og_title":"TRUUSK Hopf\u00e4llbart Tr\u00e4dg\u00e5rdsbord - Runt Sidobord Med Glasskiva - Bistrobord - Metall - Svart - 45 cm - TRUUSK - Hem, Tr\u00e4dg\u00e5rd &amp; Fritid","og_description":"V\u00e4lj detta vackra balkongbord f\u00f6r ett unikt tillskott till din tr\u00e4dg\u00e5rd. Detta uteplatsbord \u00e4r tillverkat med en robust och h\u00e5llbar...","og_url":"https:\/\/truusk.store\/sv\/produkt\/truusk-hopfallbart-tradgardsbord-runt-sidobord-med-glasskiva-bistrobord-metall-svart-45-cm\/","og_site_name":"TRUUSK - Hem, Tr\u00e4dg\u00e5rd &amp; Fritid","article_modified_time":"2026-03-12T08:01:21+00:00","og_image":[{"width":800,"height":800,"url":"https:\/\/i0.wp.com\/truusk.se\/wp-content\/uploads\/2024\/02\/tradgardsbord-sidobord-bistrobord-med-glasskiva-rund-hopfallbar-metall-45-svart.webp?fit=800%2C800&ssl=1","type":"image\/webp"}],"twitter_card":"summary_large_image","twitter_misc":{"Ber\u00e4knad l\u00e4stid":"1 minut"},"schema":{"@context":"https:\/\/schema.org","@graph":[{"@type":"WebPage","@id":"https:\/\/truusk.store\/sv\/produkt\/truusk-hopfallbart-tradgardsbord-runt-sidobord-med-glasskiva-bistrobord-metall-svart-45-cm\/","url":"https:\/\/truusk.store\/sv\/produkt\/truusk-hopfallbart-tradgardsbord-runt-sidobord-med-glasskiva-bistrobord-metall-svart-45-cm\/","name":"TRUUSK Hopf\u00e4llbart Tr\u00e4dg\u00e5rdsbord - Runt Sidobord Med Glasskiva - Bistrobord - Metall - Svart - 45 cm - TRUUSK - Hem, Tr\u00e4dg\u00e5rd &amp; Fritid","isPartOf":{"@id":"https:\/\/truusk.store\/sv\/#website"},"primaryImageOfPage":{"@id":"https:\/\/truusk.store\/sv\/produkt\/truusk-hopfallbart-tradgardsbord-runt-sidobord-med-glasskiva-bistrobord-metall-svart-45-cm\/#primaryimage"},"image":{"@id":"https:\/\/truusk.store\/sv\/produkt\/truusk-hopfallbart-tradgardsbord-runt-sidobord-med-glasskiva-bistrobord-metall-svart-45-cm\/#primaryimage"},"thumbnailUrl":"https:\/\/i0.wp.com\/truusk.store\/wp-content\/uploads\/2024\/02\/tradgardsbord-sidobord-bistrobord-med-glasskiva-rund-hopfallbar-metall-45-svart.webp?fit=800%2C800&ssl=1","datePublished":"2024-02-13T12:50:45+00:00","dateModified":"2026-03-12T08:01:21+00:00","breadcrumb":{"@id":"https:\/\/truusk.store\/sv\/produkt\/truusk-hopfallbart-tradgardsbord-runt-sidobord-med-glasskiva-bistrobord-metall-svart-45-cm\/#breadcrumb"},"inLanguage":"sv-SE","potentialAction":[{"@type":"ReadAction","target":["https:\/\/truusk.store\/sv\/produkt\/truusk-hopfallbart-tradgardsbord-runt-sidobord-med-glasskiva-bistrobord-metall-svart-45-cm\/"]}]},{"@type":"ImageObject","inLanguage":"sv-SE","@id":"https:\/\/truusk.store\/sv\/produkt\/truusk-hopfallbart-tradgardsbord-runt-sidobord-med-glasskiva-bistrobord-metall-svart-45-cm\/#primaryimage","url":"https:\/\/i0.wp.com\/truusk.store\/wp-content\/uploads\/2024\/02\/tradgardsbord-sidobord-bistrobord-med-glasskiva-rund-hopfallbar-metall-45-svart.webp?fit=800%2C800&ssl=1","contentUrl":"https:\/\/i0.wp.com\/truusk.store\/wp-content\/uploads\/2024\/02\/tradgardsbord-sidobord-bistrobord-med-glasskiva-rund-hopfallbar-metall-45-svart.webp?fit=800%2C800&ssl=1","width":800,"height":800,"caption":"Tr\u00e4dg\u00e5rdsbord Sidobord Bistrobord Med Glasskiva Rund Hopf\u00e4llbar Metall 45 Svart 1"},{"@type":"BreadcrumbList","@id":"https:\/\/truusk.store\/sv\/produkt\/truusk-hopfallbart-tradgardsbord-runt-sidobord-med-glasskiva-bistrobord-metall-svart-45-cm\/#breadcrumb","itemListElement":[{"@type":"ListItem","position":1,"name":"Home","item":"https:\/\/truusk.store\/sv\/"},{"@type":"ListItem","position":2,"name":"Shop","item":"https:\/\/truusk.store\/shop\/"},{"@type":"ListItem","position":3,"name":"TRUUSK Hopf\u00e4llbart Tr\u00e4dg\u00e5rdsbord &#8211; Runt Sidobord Med Glasskiva &#8211; Bistrobord &#8211; Metall &#8211; Svart &#8211; 45 cm"}]},{"@type":"WebSite","@id":"https:\/\/truusk.store\/sv\/#website","url":"https:\/\/truusk.store\/sv\/","name":"TRUUSK - Hem, Tr\u00e4dg\u00e5rd & Fritid","description":"","publisher":{"@id":"https:\/\/truusk.store\/sv\/#organization"},"potentialAction":[{"@type":"SearchAction","target":{"@type":"EntryPoint","urlTemplate":"https:\/\/truusk.store\/sv\/?s={search_term_string}"},"query-input":{"@type":"PropertyValueSpecification","valueRequired":true,"valueName":"search_term_string"}}],"inLanguage":"sv-SE"},{"@type":"Organization","@id":"https:\/\/truusk.store\/sv\/#organization","name":"TRUUSK - Hem, Tr\u00e4dg\u00e5rd & Fritid","url":"https:\/\/truusk.store\/sv\/","logo":{"@type":"ImageObject","inLanguage":"sv-SE","@id":"https:\/\/truusk.store\/sv\/#\/schema\/logo\/image\/","url":"https:\/\/i0.wp.com\/truusk.store\/wp-content\/uploads\/2026\/03\/cropped-TRUUSK.png?fit=2032%2C917&ssl=1","contentUrl":"https:\/\/i0.wp.com\/truusk.store\/wp-content\/uploads\/2026\/03\/cropped-TRUUSK.png?fit=2032%2C917&ssl=1","width":2032,"height":917,"caption":"TRUUSK - Hem, Tr\u00e4dg\u00e5rd & Fritid"},"image":{"@id":"https:\/\/truusk.store\/sv\/#\/schema\/logo\/image\/"}}]}},"jetpack_sharing_enabled":true,"_links":{"self":[{"href":"https:\/\/truusk.store\/sv\/wp-json\/wp\/v2\/product\/17505","targetHints":{"allow":["GET"]}}],"collection":[{"href":"https:\/\/truusk.store\/sv\/wp-json\/wp\/v2\/product"}],"about":[{"href":"https:\/\/truusk.store\/sv\/wp-json\/wp\/v2\/types\/product"}],"wp:featuredmedia":[{"embeddable":true,"href":"https:\/\/truusk.store\/sv\/wp-json\/wp\/v2\/media\/17506"}],"wp:attachment":[{"href":"https:\/\/truusk.store\/sv\/wp-json\/wp\/v2\/media?parent=17505"}],"wp:term":[{"taxonomy":"product_brand","embeddable":true,"href":"https:\/\/truusk.store\/sv\/wp-json\/wp\/v2\/product_brand?post=17505"},{"taxonomy":"product_cat","embeddable":true,"href":"https:\/\/truusk.store\/sv\/wp-json\/wp\/v2\/product_cat?post=17505"},{"taxonomy":"product_tag","embeddable":true,"href":"https:\/\/truusk.store\/sv\/wp-json\/wp\/v2\/product_tag?post=17505"}],"curies":[{"name":"wp","href":"https:\/\/api.w.org\/{rel}","templated":true}]}}