{"id":17544,"date":"2024-02-13T13:52:05","date_gmt":"2024-02-13T12:52:05","guid":{"rendered":"https:\/\/truusk.store\/product\/cykelvagn-for-hundar-med-universalkoppling-stal-rod-svart\/"},"modified":"2026-03-12T09:01:22","modified_gmt":"2026-03-12T08:01:22","slug":"truusk-cykelvagn-for-hundar-universalkoppling-stal-rod-svart","status":"publish","type":"product","link":"https:\/\/truusk.store\/sv\/produkt\/truusk-cykelvagn-for-hundar-universalkoppling-stal-rod-svart\/","title":{"rendered":"TRUUSK Cykelvagn f\u00f6r Hundar &#8211; Universalkoppling &#8211; St\u00e5l &#8211; R\u00f6d + Svart"},"content":{"rendered":"<p>Ta din lurviga skyddsling p\u00e5 en promenad, shoppa och till veterin\u00e4ren s\u00e4kert och bekv\u00e4mt n\u00e4r som helst: denna praktiska cykelvagn ger en oers\u00e4ttlig r\u00f6relsehj\u00e4lp om ditt husdjur redan \u00e4r \u00e4ldre eller har begr\u00e4nsad r\u00f6rlighet. Tack vare universalkopplingen kan sl\u00e4pvagnen kopplas till de flesta cyklar och vid behov kan hjulen tas bort f\u00f6r att f\u00f6rvara bilen p\u00e5 ett platsbesparande s\u00e4tt, s\u00e5 att denna sl\u00e4pvagn snabbt blir en oumb\u00e4rlig f\u00f6ljeslagare.<\/p>\n<h3>Beskrivning:<\/h3>\n<ul>\n<li>Med universalkoppling l\u00e4mplig f\u00f6r de flesta vanliga cyklar<\/li>\n<li>20&#8243; pneumatiska d\u00e4ck<\/li>\n<li>L\u00e4mplig f\u00f6r hjul upp till 28&#8243;.<\/li>\n<li>Kraftig st\u00e5lram och vattent\u00e4tt polyester\u00f6verdrag<\/li>\n<li>Fr\u00e4mre och bakre ing\u00e5ngar med dragkedjor f\u00f6r enkel ing\u00e5ng<\/li>\n<li>F\u00e4llbar dragst\u00e5ng och sidopaneler<\/li>\n<li>Hjul l\u00e4tt avtagbara f\u00f6r enkel transport och f\u00f6rvaring<\/li>\n<li>Allround myggn\u00e4t ger s\u00e4kerhet och god ventilation<\/li>\n<li>\u00c4ven l\u00e4mplig som lastvagn<\/li>\n<li>StVZO godk\u00e4nd vid eftermontering av godk\u00e4nd baklykta<\/li>\n<\/ul>\n<h3>Teknisk data:<\/h3>\n<ul>\n<li>F\u00e4rg: R\u00f6d+svart<\/li>\n<li>Material: 600D Oxford (100% polyester), st\u00e5l<\/li>\n<li>Totala m\u00e5tt (utan r\u00f6d flagga): 130L x 73W x 90H cm<\/li>\n<li>M\u00e5tt transportl\u00e5da: 78L x 55W x 65H cm<\/li>\n<li>Hjulstorlek: 20&#8243;<\/li>\n<li>Max lastkapacitet: 30 kg<\/li>\n<li>Rekommenderad ers\u00e4ttningskoppling: 5664-0001CN<\/li>\n<li>Rekommenderad cykelstorlek: 22&#8243;-28&#8243; (\u00e4ven f\u00f6r att avg\u00f6ra om kopplingen passar)<\/li>\n<\/ul>\n<h3>Leveransens omfattning:<\/h3>\n<ul>\n<li>1 x Pet Tag;<\/li>\n<\/ul>\n","protected":false},"excerpt":{"rendered":"<p>Ta din lurviga skyddsling p\u00e5 en promenad, shoppa och till veterin\u00e4ren s\u00e4kert och bekv\u00e4mt n\u00e4r som helst: denna praktiska cykelvagn&#8230;<\/p>\n","protected":false},"featured_media":17545,"template":"","meta":[],"product_brand":[],"product_cat":[574,573,575],"product_tag":[],"class_list":{"0":"post-17544","1":"product","2":"type-product","3":"status-publish","4":"has-post-thumbnail","6":"product_cat-hundtillbehor","7":"product_cat-husdjursmaterial","8":"product_cat-identitetsbricka","10":"first","11":"instock","12":"sale","13":"taxable","14":"shipping-taxable","15":"purchasable","16":"product-type-simple"},"yoast_head":"<!-- This site is optimized with the Yoast SEO plugin v25.4 - https:\/\/yoast.com\/wordpress\/plugins\/seo\/ -->\n<title>TRUUSK Cykelvagn f\u00f6r Hundar - Universalkoppling - St\u00e5l - R\u00f6d + Svart - TRUUSK - Hem, Tr\u00e4dg\u00e5rd &amp; Fritid<\/title>\n<meta name=\"robots\" content=\"index, follow, max-snippet:-1, max-image-preview:large, max-video-preview:-1\" \/>\n<link rel=\"canonical\" href=\"https:\/\/truusk.store\/sv\/produkt\/truusk-cykelvagn-for-hundar-universalkoppling-stal-rod-svart\/\" \/>\n<meta property=\"og:locale\" content=\"sv_SE\" \/>\n<meta property=\"og:type\" content=\"article\" \/>\n<meta property=\"og:title\" content=\"TRUUSK Cykelvagn f\u00f6r Hundar - Universalkoppling - St\u00e5l - R\u00f6d + Svart - TRUUSK - Hem, Tr\u00e4dg\u00e5rd &amp; Fritid\" \/>\n<meta property=\"og:description\" content=\"Ta din lurviga skyddsling p\u00e5 en promenad, shoppa och till veterin\u00e4ren s\u00e4kert och bekv\u00e4mt n\u00e4r som helst: denna praktiska cykelvagn...\" \/>\n<meta property=\"og:url\" content=\"https:\/\/truusk.store\/sv\/produkt\/truusk-cykelvagn-for-hundar-universalkoppling-stal-rod-svart\/\" \/>\n<meta property=\"og:site_name\" content=\"TRUUSK - Hem, Tr\u00e4dg\u00e5rd &amp; Fritid\" \/>\n<meta property=\"article:modified_time\" content=\"2026-03-12T08:01:22+00:00\" \/>\n<meta property=\"og:image\" content=\"https:\/\/i0.wp.com\/truusk.se\/wp-content\/uploads\/2024\/02\/cykelvagn-for-hundar-med-universalkoppling-stal-rod-svart.webp?fit=800%2C800&ssl=1\" \/>\n\t<meta property=\"og:image:width\" content=\"800\" \/>\n\t<meta property=\"og:image:height\" content=\"800\" \/>\n\t<meta property=\"og:image:type\" content=\"image\/webp\" \/>\n<meta name=\"twitter:card\" content=\"summary_large_image\" \/>\n<meta name=\"twitter:label1\" content=\"Ber\u00e4knad l\u00e4stid\" \/>\n\t<meta name=\"twitter:data1\" content=\"1 minut\" \/>\n<!-- \/ Yoast SEO plugin. -->","yoast_head_json":{"title":"TRUUSK Cykelvagn f\u00f6r Hundar - Universalkoppling - St\u00e5l - R\u00f6d + Svart - TRUUSK - Hem, Tr\u00e4dg\u00e5rd &amp; Fritid","robots":{"index":"index","follow":"follow","max-snippet":"max-snippet:-1","max-image-preview":"max-image-preview:large","max-video-preview":"max-video-preview:-1"},"canonical":"https:\/\/truusk.store\/sv\/produkt\/truusk-cykelvagn-for-hundar-universalkoppling-stal-rod-svart\/","og_locale":"sv_SE","og_type":"article","og_title":"TRUUSK Cykelvagn f\u00f6r Hundar - Universalkoppling - St\u00e5l - R\u00f6d + Svart - TRUUSK - Hem, Tr\u00e4dg\u00e5rd &amp; Fritid","og_description":"Ta din lurviga skyddsling p\u00e5 en promenad, shoppa och till veterin\u00e4ren s\u00e4kert och bekv\u00e4mt n\u00e4r som helst: denna praktiska cykelvagn...","og_url":"https:\/\/truusk.store\/sv\/produkt\/truusk-cykelvagn-for-hundar-universalkoppling-stal-rod-svart\/","og_site_name":"TRUUSK - Hem, Tr\u00e4dg\u00e5rd &amp; Fritid","article_modified_time":"2026-03-12T08:01:22+00:00","og_image":[{"width":800,"height":800,"url":"https:\/\/i0.wp.com\/truusk.se\/wp-content\/uploads\/2024\/02\/cykelvagn-for-hundar-med-universalkoppling-stal-rod-svart.webp?fit=800%2C800&ssl=1","type":"image\/webp"}],"twitter_card":"summary_large_image","twitter_misc":{"Ber\u00e4knad l\u00e4stid":"1 minut"},"schema":{"@context":"https:\/\/schema.org","@graph":[{"@type":"WebPage","@id":"https:\/\/truusk.store\/sv\/produkt\/truusk-cykelvagn-for-hundar-universalkoppling-stal-rod-svart\/","url":"https:\/\/truusk.store\/sv\/produkt\/truusk-cykelvagn-for-hundar-universalkoppling-stal-rod-svart\/","name":"TRUUSK Cykelvagn f\u00f6r Hundar - Universalkoppling - St\u00e5l - R\u00f6d + Svart - TRUUSK - Hem, Tr\u00e4dg\u00e5rd &amp; Fritid","isPartOf":{"@id":"https:\/\/truusk.store\/sv\/#website"},"primaryImageOfPage":{"@id":"https:\/\/truusk.store\/sv\/produkt\/truusk-cykelvagn-for-hundar-universalkoppling-stal-rod-svart\/#primaryimage"},"image":{"@id":"https:\/\/truusk.store\/sv\/produkt\/truusk-cykelvagn-for-hundar-universalkoppling-stal-rod-svart\/#primaryimage"},"thumbnailUrl":"https:\/\/i0.wp.com\/truusk.store\/wp-content\/uploads\/2024\/02\/cykelvagn-for-hundar-med-universalkoppling-stal-rod-svart.webp?fit=800%2C800&ssl=1","datePublished":"2024-02-13T12:52:05+00:00","dateModified":"2026-03-12T08:01:22+00:00","breadcrumb":{"@id":"https:\/\/truusk.store\/sv\/produkt\/truusk-cykelvagn-for-hundar-universalkoppling-stal-rod-svart\/#breadcrumb"},"inLanguage":"sv-SE","potentialAction":[{"@type":"ReadAction","target":["https:\/\/truusk.store\/sv\/produkt\/truusk-cykelvagn-for-hundar-universalkoppling-stal-rod-svart\/"]}]},{"@type":"ImageObject","inLanguage":"sv-SE","@id":"https:\/\/truusk.store\/sv\/produkt\/truusk-cykelvagn-for-hundar-universalkoppling-stal-rod-svart\/#primaryimage","url":"https:\/\/i0.wp.com\/truusk.store\/wp-content\/uploads\/2024\/02\/cykelvagn-for-hundar-med-universalkoppling-stal-rod-svart.webp?fit=800%2C800&ssl=1","contentUrl":"https:\/\/i0.wp.com\/truusk.store\/wp-content\/uploads\/2024\/02\/cykelvagn-for-hundar-med-universalkoppling-stal-rod-svart.webp?fit=800%2C800&ssl=1","width":800,"height":800,"caption":"Cykelvagn F\u00f6r Hundar Med Universalkoppling St\u00e5l R\u00f6d + Svart 1"},{"@type":"BreadcrumbList","@id":"https:\/\/truusk.store\/sv\/produkt\/truusk-cykelvagn-for-hundar-universalkoppling-stal-rod-svart\/#breadcrumb","itemListElement":[{"@type":"ListItem","position":1,"name":"Home","item":"https:\/\/truusk.store\/sv\/"},{"@type":"ListItem","position":2,"name":"Shop","item":"https:\/\/truusk.store\/shop\/"},{"@type":"ListItem","position":3,"name":"TRUUSK Cykelvagn f\u00f6r Hundar &#8211; Universalkoppling &#8211; St\u00e5l &#8211; R\u00f6d + Svart"}]},{"@type":"WebSite","@id":"https:\/\/truusk.store\/sv\/#website","url":"https:\/\/truusk.store\/sv\/","name":"TRUUSK - Hem, Tr\u00e4dg\u00e5rd & Fritid","description":"","publisher":{"@id":"https:\/\/truusk.store\/sv\/#organization"},"potentialAction":[{"@type":"SearchAction","target":{"@type":"EntryPoint","urlTemplate":"https:\/\/truusk.store\/sv\/?s={search_term_string}"},"query-input":{"@type":"PropertyValueSpecification","valueRequired":true,"valueName":"search_term_string"}}],"inLanguage":"sv-SE"},{"@type":"Organization","@id":"https:\/\/truusk.store\/sv\/#organization","name":"TRUUSK - Hem, Tr\u00e4dg\u00e5rd & Fritid","url":"https:\/\/truusk.store\/sv\/","logo":{"@type":"ImageObject","inLanguage":"sv-SE","@id":"https:\/\/truusk.store\/sv\/#\/schema\/logo\/image\/","url":"https:\/\/i0.wp.com\/truusk.store\/wp-content\/uploads\/2026\/03\/cropped-TRUUSK.png?fit=2032%2C917&ssl=1","contentUrl":"https:\/\/i0.wp.com\/truusk.store\/wp-content\/uploads\/2026\/03\/cropped-TRUUSK.png?fit=2032%2C917&ssl=1","width":2032,"height":917,"caption":"TRUUSK - Hem, Tr\u00e4dg\u00e5rd & Fritid"},"image":{"@id":"https:\/\/truusk.store\/sv\/#\/schema\/logo\/image\/"}}]}},"jetpack_sharing_enabled":true,"_links":{"self":[{"href":"https:\/\/truusk.store\/sv\/wp-json\/wp\/v2\/product\/17544","targetHints":{"allow":["GET"]}}],"collection":[{"href":"https:\/\/truusk.store\/sv\/wp-json\/wp\/v2\/product"}],"about":[{"href":"https:\/\/truusk.store\/sv\/wp-json\/wp\/v2\/types\/product"}],"wp:featuredmedia":[{"embeddable":true,"href":"https:\/\/truusk.store\/sv\/wp-json\/wp\/v2\/media\/17545"}],"wp:attachment":[{"href":"https:\/\/truusk.store\/sv\/wp-json\/wp\/v2\/media?parent=17544"}],"wp:term":[{"taxonomy":"product_brand","embeddable":true,"href":"https:\/\/truusk.store\/sv\/wp-json\/wp\/v2\/product_brand?post=17544"},{"taxonomy":"product_cat","embeddable":true,"href":"https:\/\/truusk.store\/sv\/wp-json\/wp\/v2\/product_cat?post=17544"},{"taxonomy":"product_tag","embeddable":true,"href":"https:\/\/truusk.store\/sv\/wp-json\/wp\/v2\/product_tag?post=17544"}],"curies":[{"name":"wp","href":"https:\/\/api.w.org\/{rel}","templated":true}]}}