{"id":17659,"date":"2024-02-13T13:55:22","date_gmt":"2024-02-13T12:55:22","guid":{"rendered":"https:\/\/truusk.store\/product\/rullbehallare-med-3-lador-arkivskap-kontorsskap-med-hjul-kontorsbehallare-med-konkavt-handtag-for-hemmakontor-stal-vit-39-x-48-x-60-cm\/"},"modified":"2026-03-12T09:01:24","modified_gmt":"2026-03-12T08:01:24","slug":"truusk-rullbehallare-med-3-lador-arkivskap-med-hjul-kontorsskap-for-hemmakontor-stal-vit-39-x-48-x-60-cm","status":"publish","type":"product","link":"https:\/\/truusk.store\/sv\/produkt\/truusk-rullbehallare-med-3-lador-arkivskap-med-hjul-kontorsskap-for-hemmakontor-stal-vit-39-x-48-x-60-cm\/","title":{"rendered":"TRUUSK Rullbeh\u00e5llare Med 3 L\u00e5dor &#8211; Arkivsk\u00e5p Med Hjul &#8211; Kontorssk\u00e5p F\u00f6r Hemmakontor &#8211; St\u00e5l &#8211; Vit &#8211; 39 x 48 x 60 cm"},"content":{"rendered":"<p>Denna kompakta rullande beh\u00e5llare \u00e4r perfekt f\u00f6r att lagra dina filer. Tack vare sin kompakta design passar den \u00e4ven under det minsta skrivbordet. Den \u00f6versta l\u00e5dan \u00e4r utrustad med en praktisk pappersfack. Pennor, kontorsmaterial och tillbeh\u00f6r kan enkelt f\u00f6rvaras i ett pappersfack. Du kan enkelt h\u00e4nga dina A4-filer i guiden till den nedre l\u00e5dan. Med denna rullande beh\u00e5llare med l\u00e5dor blir organisationen en barnlek!<\/p>\n<h3>Beskrivning:<\/h3>\n<ul>\n<li>Enkel, modern design av rullsk\u00e5pet som passar perfekt in i ditt arbetsomr\u00e5de<\/li>\n<li>2 sm\u00e5 l\u00e5dor och en stor l\u00e5da f\u00f6r dokument och andra br\u00f6dsaker<\/li>\n<li>Den stora l\u00e5dan p\u00e5 kontorscontainern ger plats f\u00f6r h\u00e4ngande mappar i A4-storlek, bokst\u00e4ver och mappar<\/li>\n<li>En justerbar pappersfack ing\u00e5r<\/li>\n<li>Alla 3 l\u00e5dor \u00e4r l\u00e5sbara f\u00f6r st\u00f6rre s\u00e4kerhet (2 nycklar ing\u00e5r)<\/li>\n<li>4 hjul i flera riktningar f\u00f6r enkel f\u00f6rflyttning, varav 2 har bromsar och ett extra hjul f\u00f6r att f\u00f6rhindra tippning<\/li>\n<li>Tillverkad av korrosionsbest\u00e4ndigt pulverlackerat st\u00e5l f\u00f6r h\u00e5llbarhet och enkel reng\u00f6ring<\/li>\n<li>L\u00e5dorna \u00e4r utrustade med h\u00f6gkvalitativa skenor f\u00f6r enkel \u00e5tkomst<\/li>\n<li>Enkel montering<\/li>\n<\/ul>\n<h3>Teknisk data:<\/h3>\n<ul>\n<li>Huvudf\u00e4rg: Vit<\/li>\n<li>Huvudmaterial: kallvalsat st\u00e5l<\/li>\n<li>\u00d6vergripande m\u00e5tt: 39L x 48W x 60H cm<\/li>\n<li>Innerm\u00e5tt p\u00e5 den lilla l\u00e5dan: 32,6L x 43,2D x 7H cm<\/li>\n<li>Innerm\u00e5tt p\u00e5 stor l\u00e5da: 32,6L x 43,2D x 24H cm<\/li>\n<li>Rekommenderad maxlast: 50 kg (totalt), 15 kg (per l\u00e5da)<\/li>\n<li>Leverans sker i ett paket<\/li>\n<\/ul>\n<h3>Leveransens omfattning:<\/h3>\n<ul>\n<li>1 x rullcontainer<\/li>\n<li>1 x manuell<\/li>\n<\/ul>\n","protected":false},"excerpt":{"rendered":"<p>Denna kompakta rullande beh\u00e5llare \u00e4r perfekt f\u00f6r att lagra dina filer. Tack vare sin kompakta design passar den \u00e4ven under&#8230;<\/p>\n","protected":false},"featured_media":17660,"template":"","meta":[],"product_brand":[],"product_cat":[533,485,528],"product_tag":[],"class_list":{"0":"post-17659","1":"product","2":"type-product","3":"status-publish","4":"has-post-thumbnail","6":"product_cat-arkivskap-rullcontainer","7":"product_cat-hus-bo","8":"product_cat-skap-byraer","10":"first","11":"instock","12":"sale","13":"taxable","14":"shipping-taxable","15":"purchasable","16":"product-type-simple"},"yoast_head":"<!-- This site is optimized with the Yoast SEO plugin v25.4 - https:\/\/yoast.com\/wordpress\/plugins\/seo\/ -->\n<title>TRUUSK Rullbeh\u00e5llare Med 3 L\u00e5dor - Arkivsk\u00e5p Med Hjul - Kontorssk\u00e5p F\u00f6r Hemmakontor - St\u00e5l - Vit - 39 x 48 x 60 cm - TRUUSK - Hem, Tr\u00e4dg\u00e5rd &amp; Fritid<\/title>\n<meta name=\"robots\" content=\"index, follow, max-snippet:-1, max-image-preview:large, max-video-preview:-1\" \/>\n<link rel=\"canonical\" href=\"https:\/\/truusk.store\/sv\/produkt\/truusk-rullbehallare-med-3-lador-arkivskap-med-hjul-kontorsskap-for-hemmakontor-stal-vit-39-x-48-x-60-cm\/\" \/>\n<meta property=\"og:locale\" content=\"sv_SE\" \/>\n<meta property=\"og:type\" content=\"article\" \/>\n<meta property=\"og:title\" content=\"TRUUSK Rullbeh\u00e5llare Med 3 L\u00e5dor - Arkivsk\u00e5p Med Hjul - Kontorssk\u00e5p F\u00f6r Hemmakontor - St\u00e5l - Vit - 39 x 48 x 60 cm - TRUUSK - Hem, Tr\u00e4dg\u00e5rd &amp; Fritid\" \/>\n<meta property=\"og:description\" content=\"Denna kompakta rullande beh\u00e5llare \u00e4r perfekt f\u00f6r att lagra dina filer. Tack vare sin kompakta design passar den \u00e4ven under...\" \/>\n<meta property=\"og:url\" content=\"https:\/\/truusk.store\/sv\/produkt\/truusk-rullbehallare-med-3-lador-arkivskap-med-hjul-kontorsskap-for-hemmakontor-stal-vit-39-x-48-x-60-cm\/\" \/>\n<meta property=\"og:site_name\" content=\"TRUUSK - Hem, Tr\u00e4dg\u00e5rd &amp; Fritid\" \/>\n<meta property=\"article:modified_time\" content=\"2026-03-12T08:01:24+00:00\" \/>\n<meta property=\"og:image\" content=\"https:\/\/i0.wp.com\/truusk.se\/wp-content\/uploads\/2024\/02\/rullbehallare-med-3-lador-arkivskap-kontorsskap-med-hjul-kontorsbehallare-med-konkavt-handtag-for-hemmakontor-stal-vit-39-x-48-x-60-cm.webp?fit=800%2C800&ssl=1\" \/>\n\t<meta property=\"og:image:width\" content=\"800\" \/>\n\t<meta property=\"og:image:height\" content=\"800\" \/>\n\t<meta property=\"og:image:type\" content=\"image\/webp\" \/>\n<meta name=\"twitter:card\" content=\"summary_large_image\" \/>\n<meta name=\"twitter:label1\" content=\"Ber\u00e4knad l\u00e4stid\" \/>\n\t<meta name=\"twitter:data1\" content=\"1 minut\" \/>\n<!-- \/ Yoast SEO plugin. -->","yoast_head_json":{"title":"TRUUSK Rullbeh\u00e5llare Med 3 L\u00e5dor - Arkivsk\u00e5p Med Hjul - Kontorssk\u00e5p F\u00f6r Hemmakontor - St\u00e5l - Vit - 39 x 48 x 60 cm - TRUUSK - Hem, Tr\u00e4dg\u00e5rd &amp; Fritid","robots":{"index":"index","follow":"follow","max-snippet":"max-snippet:-1","max-image-preview":"max-image-preview:large","max-video-preview":"max-video-preview:-1"},"canonical":"https:\/\/truusk.store\/sv\/produkt\/truusk-rullbehallare-med-3-lador-arkivskap-med-hjul-kontorsskap-for-hemmakontor-stal-vit-39-x-48-x-60-cm\/","og_locale":"sv_SE","og_type":"article","og_title":"TRUUSK Rullbeh\u00e5llare Med 3 L\u00e5dor - Arkivsk\u00e5p Med Hjul - Kontorssk\u00e5p F\u00f6r Hemmakontor - St\u00e5l - Vit - 39 x 48 x 60 cm - TRUUSK - Hem, Tr\u00e4dg\u00e5rd &amp; Fritid","og_description":"Denna kompakta rullande beh\u00e5llare \u00e4r perfekt f\u00f6r att lagra dina filer. Tack vare sin kompakta design passar den \u00e4ven under...","og_url":"https:\/\/truusk.store\/sv\/produkt\/truusk-rullbehallare-med-3-lador-arkivskap-med-hjul-kontorsskap-for-hemmakontor-stal-vit-39-x-48-x-60-cm\/","og_site_name":"TRUUSK - Hem, Tr\u00e4dg\u00e5rd &amp; Fritid","article_modified_time":"2026-03-12T08:01:24+00:00","og_image":[{"width":800,"height":800,"url":"https:\/\/i0.wp.com\/truusk.se\/wp-content\/uploads\/2024\/02\/rullbehallare-med-3-lador-arkivskap-kontorsskap-med-hjul-kontorsbehallare-med-konkavt-handtag-for-hemmakontor-stal-vit-39-x-48-x-60-cm.webp?fit=800%2C800&ssl=1","type":"image\/webp"}],"twitter_card":"summary_large_image","twitter_misc":{"Ber\u00e4knad l\u00e4stid":"1 minut"},"schema":{"@context":"https:\/\/schema.org","@graph":[{"@type":"WebPage","@id":"https:\/\/truusk.store\/sv\/produkt\/truusk-rullbehallare-med-3-lador-arkivskap-med-hjul-kontorsskap-for-hemmakontor-stal-vit-39-x-48-x-60-cm\/","url":"https:\/\/truusk.store\/sv\/produkt\/truusk-rullbehallare-med-3-lador-arkivskap-med-hjul-kontorsskap-for-hemmakontor-stal-vit-39-x-48-x-60-cm\/","name":"TRUUSK Rullbeh\u00e5llare Med 3 L\u00e5dor - Arkivsk\u00e5p Med Hjul - Kontorssk\u00e5p F\u00f6r Hemmakontor - St\u00e5l - Vit - 39 x 48 x 60 cm - TRUUSK - Hem, Tr\u00e4dg\u00e5rd &amp; Fritid","isPartOf":{"@id":"https:\/\/truusk.store\/sv\/#website"},"primaryImageOfPage":{"@id":"https:\/\/truusk.store\/sv\/produkt\/truusk-rullbehallare-med-3-lador-arkivskap-med-hjul-kontorsskap-for-hemmakontor-stal-vit-39-x-48-x-60-cm\/#primaryimage"},"image":{"@id":"https:\/\/truusk.store\/sv\/produkt\/truusk-rullbehallare-med-3-lador-arkivskap-med-hjul-kontorsskap-for-hemmakontor-stal-vit-39-x-48-x-60-cm\/#primaryimage"},"thumbnailUrl":"https:\/\/i0.wp.com\/truusk.store\/wp-content\/uploads\/2024\/02\/rullbehallare-med-3-lador-arkivskap-kontorsskap-med-hjul-kontorsbehallare-med-konkavt-handtag-for-hemmakontor-stal-vit-39-x-48-x-60-cm.webp?fit=800%2C800&ssl=1","datePublished":"2024-02-13T12:55:22+00:00","dateModified":"2026-03-12T08:01:24+00:00","breadcrumb":{"@id":"https:\/\/truusk.store\/sv\/produkt\/truusk-rullbehallare-med-3-lador-arkivskap-med-hjul-kontorsskap-for-hemmakontor-stal-vit-39-x-48-x-60-cm\/#breadcrumb"},"inLanguage":"sv-SE","potentialAction":[{"@type":"ReadAction","target":["https:\/\/truusk.store\/sv\/produkt\/truusk-rullbehallare-med-3-lador-arkivskap-med-hjul-kontorsskap-for-hemmakontor-stal-vit-39-x-48-x-60-cm\/"]}]},{"@type":"ImageObject","inLanguage":"sv-SE","@id":"https:\/\/truusk.store\/sv\/produkt\/truusk-rullbehallare-med-3-lador-arkivskap-med-hjul-kontorsskap-for-hemmakontor-stal-vit-39-x-48-x-60-cm\/#primaryimage","url":"https:\/\/i0.wp.com\/truusk.store\/wp-content\/uploads\/2024\/02\/rullbehallare-med-3-lador-arkivskap-kontorsskap-med-hjul-kontorsbehallare-med-konkavt-handtag-for-hemmakontor-stal-vit-39-x-48-x-60-cm.webp?fit=800%2C800&ssl=1","contentUrl":"https:\/\/i0.wp.com\/truusk.store\/wp-content\/uploads\/2024\/02\/rullbehallare-med-3-lador-arkivskap-kontorsskap-med-hjul-kontorsbehallare-med-konkavt-handtag-for-hemmakontor-stal-vit-39-x-48-x-60-cm.webp?fit=800%2C800&ssl=1","width":800,"height":800,"caption":"Rullbeh\u00e5llare Med 3 L\u00e5dor, Arkivsk\u00e5p, Kontorssk\u00e5p Med Hjul, Kontorsbeh\u00e5llare Med Konkavt Handtag F\u00f6r Hemmakontor, St\u00e5l, Vit, 39 X 48 X 60 Cm 1"},{"@type":"BreadcrumbList","@id":"https:\/\/truusk.store\/sv\/produkt\/truusk-rullbehallare-med-3-lador-arkivskap-med-hjul-kontorsskap-for-hemmakontor-stal-vit-39-x-48-x-60-cm\/#breadcrumb","itemListElement":[{"@type":"ListItem","position":1,"name":"Home","item":"https:\/\/truusk.store\/sv\/"},{"@type":"ListItem","position":2,"name":"Shop","item":"https:\/\/truusk.store\/shop\/"},{"@type":"ListItem","position":3,"name":"TRUUSK Rullbeh\u00e5llare Med 3 L\u00e5dor &#8211; Arkivsk\u00e5p Med Hjul &#8211; Kontorssk\u00e5p F\u00f6r Hemmakontor &#8211; St\u00e5l &#8211; Vit &#8211; 39 x 48 x 60 cm"}]},{"@type":"WebSite","@id":"https:\/\/truusk.store\/sv\/#website","url":"https:\/\/truusk.store\/sv\/","name":"TRUUSK - Hem, Tr\u00e4dg\u00e5rd & Fritid","description":"","publisher":{"@id":"https:\/\/truusk.store\/sv\/#organization"},"potentialAction":[{"@type":"SearchAction","target":{"@type":"EntryPoint","urlTemplate":"https:\/\/truusk.store\/sv\/?s={search_term_string}"},"query-input":{"@type":"PropertyValueSpecification","valueRequired":true,"valueName":"search_term_string"}}],"inLanguage":"sv-SE"},{"@type":"Organization","@id":"https:\/\/truusk.store\/sv\/#organization","name":"TRUUSK - Hem, Tr\u00e4dg\u00e5rd & Fritid","url":"https:\/\/truusk.store\/sv\/","logo":{"@type":"ImageObject","inLanguage":"sv-SE","@id":"https:\/\/truusk.store\/sv\/#\/schema\/logo\/image\/","url":"https:\/\/i0.wp.com\/truusk.store\/wp-content\/uploads\/2026\/03\/cropped-TRUUSK.png?fit=2032%2C917&ssl=1","contentUrl":"https:\/\/i0.wp.com\/truusk.store\/wp-content\/uploads\/2026\/03\/cropped-TRUUSK.png?fit=2032%2C917&ssl=1","width":2032,"height":917,"caption":"TRUUSK - Hem, Tr\u00e4dg\u00e5rd & Fritid"},"image":{"@id":"https:\/\/truusk.store\/sv\/#\/schema\/logo\/image\/"}}]}},"jetpack_sharing_enabled":true,"_links":{"self":[{"href":"https:\/\/truusk.store\/sv\/wp-json\/wp\/v2\/product\/17659","targetHints":{"allow":["GET"]}}],"collection":[{"href":"https:\/\/truusk.store\/sv\/wp-json\/wp\/v2\/product"}],"about":[{"href":"https:\/\/truusk.store\/sv\/wp-json\/wp\/v2\/types\/product"}],"wp:featuredmedia":[{"embeddable":true,"href":"https:\/\/truusk.store\/sv\/wp-json\/wp\/v2\/media\/17660"}],"wp:attachment":[{"href":"https:\/\/truusk.store\/sv\/wp-json\/wp\/v2\/media?parent=17659"}],"wp:term":[{"taxonomy":"product_brand","embeddable":true,"href":"https:\/\/truusk.store\/sv\/wp-json\/wp\/v2\/product_brand?post=17659"},{"taxonomy":"product_cat","embeddable":true,"href":"https:\/\/truusk.store\/sv\/wp-json\/wp\/v2\/product_cat?post=17659"},{"taxonomy":"product_tag","embeddable":true,"href":"https:\/\/truusk.store\/sv\/wp-json\/wp\/v2\/product_tag?post=17659"}],"curies":[{"name":"wp","href":"https:\/\/api.w.org\/{rel}","templated":true}]}}