{"id":17753,"date":"2024-02-13T13:58:04","date_gmt":"2024-02-13T12:58:04","guid":{"rendered":"https:\/\/truusk.store\/product\/fotbollsmal-fotbollsnat-set-med-2-minimal-hopfallbart-stal-tetrolon-svart-186-x-90-x-89-cm\/"},"modified":"2026-03-12T09:01:26","modified_gmt":"2026-03-12T08:01:26","slug":"truusk-fotbollsmal-set-2-minimal-hopfallbart-stalkonstruktion-tetrolonnat-svart-186x90x89-cm","status":"publish","type":"product","link":"https:\/\/truusk.store\/sv\/produkt\/truusk-fotbollsmal-set-2-minimal-hopfallbart-stalkonstruktion-tetrolonnat-svart-186x90x89-cm\/","title":{"rendered":"TRUUSK Fotbollsm\u00e5l Set &#8211; 2 Minim\u00e5l &#8211; Hopf\u00e4llbart &#8211; St\u00e5lkonstruktion &#8211; Tetrolonn\u00e4t &#8211; Svart &#8211; 186x90x89 cm"},"content":{"rendered":"<p>Detta fotbollsn\u00e4t \u00e4r idealiskt f\u00f6r alla typer av grupper eftersom det \u00e4r en fantastisk aktivitet f\u00f6r interaktion mellan f\u00f6r\u00e4ldrar och barn, v\u00e4nner eller kollegor p\u00e5 utomhusfester. Tack vare sin kompakta och l\u00e4tta b\u00e4rbara design \u00e4r den idealisk f\u00f6r alla typer av grupper. Det fr\u00e4mjar f\u00f6rm\u00e5gan att reagera snabbt, f\u00f6rb\u00e4ttrar kroppens koordination, fr\u00e4mjar r\u00f6rlighet och psykomotoriska f\u00e4rdigheter.<\/p>\n<h3>Beskrivning:<\/h3>\n<ul>\n<li>L\u00e4tt f\u00f6rem\u00e5l och b\u00e4rv\u00e4ska ing\u00e5r f\u00f6r enkel transport<\/li>\n<li>Perfekt f\u00f6r barn och vuxna som tycker om att spela fotboll<\/li>\n<li>H\u00f6gkvalitativt material f\u00f6r l\u00e5ngvarig anv\u00e4ndning<\/li>\n<li>L\u00e4tt att montera \u00e4ven f\u00f6r barn<\/li>\n<li>Inkluderar en b\u00e4rv\u00e4ska<\/li>\n<li>2 st fotbollsn\u00e4t ing\u00e5r set<\/li>\n<\/ul>\n<h3>Teknisk data:<\/h3>\n<ul>\n<li>Svart f\u00e4rg<\/li>\n<li>Material: st\u00e5lr\u00f6r, Oxford-tyg, Tetoron-tyg<\/li>\n<li>Totalstorlek: 186L x 90W x 89D cm<\/li>\n<\/ul>\n<h3>Leveransens omfattning:<\/h3>\n<ul>\n<li>2 x fotbollsm\u00e5l<\/li>\n<li>8 x J typ spik<\/li>\n<li>4 x glasfiberr\u00f6r<\/li>\n<li>1 x p\u00e5se<\/li>\n<\/ul>\n","protected":false},"excerpt":{"rendered":"<p>Detta fotbollsn\u00e4t \u00e4r idealiskt f\u00f6r alla typer av grupper eftersom det \u00e4r en fantastisk aktivitet f\u00f6r interaktion mellan f\u00f6r\u00e4ldrar och&#8230;<\/p>\n","protected":false},"featured_media":17754,"template":"","meta":[],"product_brand":[],"product_cat":[669,647],"product_tag":[],"class_list":{"0":"post-17753","1":"product","2":"type-product","3":"status-publish","4":"has-post-thumbnail","6":"product_cat-bollsporter","7":"product_cat-sport-fritid","9":"first","10":"instock","11":"sale","12":"taxable","13":"shipping-taxable","14":"purchasable","15":"product-type-simple"},"yoast_head":"<!-- This site is optimized with the Yoast SEO plugin v25.4 - https:\/\/yoast.com\/wordpress\/plugins\/seo\/ -->\n<title>TRUUSK Fotbollsm\u00e5l Set - 2 Minim\u00e5l - Hopf\u00e4llbart - St\u00e5lkonstruktion - Tetrolonn\u00e4t - Svart - 186x90x89 cm - TRUUSK - Hem, Tr\u00e4dg\u00e5rd &amp; Fritid<\/title>\n<meta name=\"robots\" content=\"index, follow, max-snippet:-1, max-image-preview:large, max-video-preview:-1\" \/>\n<link rel=\"canonical\" href=\"https:\/\/truusk.store\/sv\/produkt\/truusk-fotbollsmal-set-2-minimal-hopfallbart-stalkonstruktion-tetrolonnat-svart-186x90x89-cm\/\" \/>\n<meta property=\"og:locale\" content=\"sv_SE\" \/>\n<meta property=\"og:type\" content=\"article\" \/>\n<meta property=\"og:title\" content=\"TRUUSK Fotbollsm\u00e5l Set - 2 Minim\u00e5l - Hopf\u00e4llbart - St\u00e5lkonstruktion - Tetrolonn\u00e4t - Svart - 186x90x89 cm - TRUUSK - Hem, Tr\u00e4dg\u00e5rd &amp; Fritid\" \/>\n<meta property=\"og:description\" content=\"Detta fotbollsn\u00e4t \u00e4r idealiskt f\u00f6r alla typer av grupper eftersom det \u00e4r en fantastisk aktivitet f\u00f6r interaktion mellan f\u00f6r\u00e4ldrar och...\" \/>\n<meta property=\"og:url\" content=\"https:\/\/truusk.store\/sv\/produkt\/truusk-fotbollsmal-set-2-minimal-hopfallbart-stalkonstruktion-tetrolonnat-svart-186x90x89-cm\/\" \/>\n<meta property=\"og:site_name\" content=\"TRUUSK - Hem, Tr\u00e4dg\u00e5rd &amp; Fritid\" \/>\n<meta property=\"article:modified_time\" content=\"2026-03-12T08:01:26+00:00\" \/>\n<meta property=\"og:image\" content=\"https:\/\/i0.wp.com\/truusk.se\/wp-content\/uploads\/2024\/02\/fotbollsmal-fotbollsnat-set-med-2-minimal-hopfallbart-stal-tetrolon-svart-186-x-90-x-89-cm.webp?fit=800%2C800&ssl=1\" \/>\n\t<meta property=\"og:image:width\" content=\"800\" \/>\n\t<meta property=\"og:image:height\" content=\"800\" \/>\n\t<meta property=\"og:image:type\" content=\"image\/webp\" \/>\n<meta name=\"twitter:card\" content=\"summary_large_image\" \/>\n<meta name=\"twitter:label1\" content=\"Ber\u00e4knad l\u00e4stid\" \/>\n\t<meta name=\"twitter:data1\" content=\"1 minut\" \/>\n<!-- \/ Yoast SEO plugin. -->","yoast_head_json":{"title":"TRUUSK Fotbollsm\u00e5l Set - 2 Minim\u00e5l - Hopf\u00e4llbart - St\u00e5lkonstruktion - Tetrolonn\u00e4t - Svart - 186x90x89 cm - TRUUSK - Hem, Tr\u00e4dg\u00e5rd &amp; Fritid","robots":{"index":"index","follow":"follow","max-snippet":"max-snippet:-1","max-image-preview":"max-image-preview:large","max-video-preview":"max-video-preview:-1"},"canonical":"https:\/\/truusk.store\/sv\/produkt\/truusk-fotbollsmal-set-2-minimal-hopfallbart-stalkonstruktion-tetrolonnat-svart-186x90x89-cm\/","og_locale":"sv_SE","og_type":"article","og_title":"TRUUSK Fotbollsm\u00e5l Set - 2 Minim\u00e5l - Hopf\u00e4llbart - St\u00e5lkonstruktion - Tetrolonn\u00e4t - Svart - 186x90x89 cm - TRUUSK - Hem, Tr\u00e4dg\u00e5rd &amp; Fritid","og_description":"Detta fotbollsn\u00e4t \u00e4r idealiskt f\u00f6r alla typer av grupper eftersom det \u00e4r en fantastisk aktivitet f\u00f6r interaktion mellan f\u00f6r\u00e4ldrar och...","og_url":"https:\/\/truusk.store\/sv\/produkt\/truusk-fotbollsmal-set-2-minimal-hopfallbart-stalkonstruktion-tetrolonnat-svart-186x90x89-cm\/","og_site_name":"TRUUSK - Hem, Tr\u00e4dg\u00e5rd &amp; Fritid","article_modified_time":"2026-03-12T08:01:26+00:00","og_image":[{"width":800,"height":800,"url":"https:\/\/i0.wp.com\/truusk.se\/wp-content\/uploads\/2024\/02\/fotbollsmal-fotbollsnat-set-med-2-minimal-hopfallbart-stal-tetrolon-svart-186-x-90-x-89-cm.webp?fit=800%2C800&ssl=1","type":"image\/webp"}],"twitter_card":"summary_large_image","twitter_misc":{"Ber\u00e4knad l\u00e4stid":"1 minut"},"schema":{"@context":"https:\/\/schema.org","@graph":[{"@type":"WebPage","@id":"https:\/\/truusk.store\/sv\/produkt\/truusk-fotbollsmal-set-2-minimal-hopfallbart-stalkonstruktion-tetrolonnat-svart-186x90x89-cm\/","url":"https:\/\/truusk.store\/sv\/produkt\/truusk-fotbollsmal-set-2-minimal-hopfallbart-stalkonstruktion-tetrolonnat-svart-186x90x89-cm\/","name":"TRUUSK Fotbollsm\u00e5l Set - 2 Minim\u00e5l - Hopf\u00e4llbart - St\u00e5lkonstruktion - Tetrolonn\u00e4t - Svart - 186x90x89 cm - TRUUSK - Hem, Tr\u00e4dg\u00e5rd &amp; Fritid","isPartOf":{"@id":"https:\/\/truusk.store\/sv\/#website"},"primaryImageOfPage":{"@id":"https:\/\/truusk.store\/sv\/produkt\/truusk-fotbollsmal-set-2-minimal-hopfallbart-stalkonstruktion-tetrolonnat-svart-186x90x89-cm\/#primaryimage"},"image":{"@id":"https:\/\/truusk.store\/sv\/produkt\/truusk-fotbollsmal-set-2-minimal-hopfallbart-stalkonstruktion-tetrolonnat-svart-186x90x89-cm\/#primaryimage"},"thumbnailUrl":"https:\/\/i0.wp.com\/truusk.store\/wp-content\/uploads\/2024\/02\/fotbollsmal-fotbollsnat-set-med-2-minimal-hopfallbart-stal-tetrolon-svart-186-x-90-x-89-cm.webp?fit=800%2C800&ssl=1","datePublished":"2024-02-13T12:58:04+00:00","dateModified":"2026-03-12T08:01:26+00:00","breadcrumb":{"@id":"https:\/\/truusk.store\/sv\/produkt\/truusk-fotbollsmal-set-2-minimal-hopfallbart-stalkonstruktion-tetrolonnat-svart-186x90x89-cm\/#breadcrumb"},"inLanguage":"sv-SE","potentialAction":[{"@type":"ReadAction","target":["https:\/\/truusk.store\/sv\/produkt\/truusk-fotbollsmal-set-2-minimal-hopfallbart-stalkonstruktion-tetrolonnat-svart-186x90x89-cm\/"]}]},{"@type":"ImageObject","inLanguage":"sv-SE","@id":"https:\/\/truusk.store\/sv\/produkt\/truusk-fotbollsmal-set-2-minimal-hopfallbart-stalkonstruktion-tetrolonnat-svart-186x90x89-cm\/#primaryimage","url":"https:\/\/i0.wp.com\/truusk.store\/wp-content\/uploads\/2024\/02\/fotbollsmal-fotbollsnat-set-med-2-minimal-hopfallbart-stal-tetrolon-svart-186-x-90-x-89-cm.webp?fit=800%2C800&ssl=1","contentUrl":"https:\/\/i0.wp.com\/truusk.store\/wp-content\/uploads\/2024\/02\/fotbollsmal-fotbollsnat-set-med-2-minimal-hopfallbart-stal-tetrolon-svart-186-x-90-x-89-cm.webp?fit=800%2C800&ssl=1","width":800,"height":800,"caption":"Fotbollsm\u00e5l, Fotbollsn\u00e4t, Set Med 2 Minim\u00e5l, Hopf\u00e4llbart, St\u00e5l, Tetrolon, Svart, 186 X 90 X 89 Cm 1"},{"@type":"BreadcrumbList","@id":"https:\/\/truusk.store\/sv\/produkt\/truusk-fotbollsmal-set-2-minimal-hopfallbart-stalkonstruktion-tetrolonnat-svart-186x90x89-cm\/#breadcrumb","itemListElement":[{"@type":"ListItem","position":1,"name":"Home","item":"https:\/\/truusk.store\/sv\/"},{"@type":"ListItem","position":2,"name":"Shop","item":"https:\/\/truusk.store\/shop\/"},{"@type":"ListItem","position":3,"name":"TRUUSK Fotbollsm\u00e5l Set &#8211; 2 Minim\u00e5l &#8211; Hopf\u00e4llbart &#8211; St\u00e5lkonstruktion &#8211; Tetrolonn\u00e4t &#8211; Svart &#8211; 186x90x89 cm"}]},{"@type":"WebSite","@id":"https:\/\/truusk.store\/sv\/#website","url":"https:\/\/truusk.store\/sv\/","name":"TRUUSK - Hem, Tr\u00e4dg\u00e5rd & Fritid","description":"","publisher":{"@id":"https:\/\/truusk.store\/sv\/#organization"},"potentialAction":[{"@type":"SearchAction","target":{"@type":"EntryPoint","urlTemplate":"https:\/\/truusk.store\/sv\/?s={search_term_string}"},"query-input":{"@type":"PropertyValueSpecification","valueRequired":true,"valueName":"search_term_string"}}],"inLanguage":"sv-SE"},{"@type":"Organization","@id":"https:\/\/truusk.store\/sv\/#organization","name":"TRUUSK - Hem, Tr\u00e4dg\u00e5rd & Fritid","url":"https:\/\/truusk.store\/sv\/","logo":{"@type":"ImageObject","inLanguage":"sv-SE","@id":"https:\/\/truusk.store\/sv\/#\/schema\/logo\/image\/","url":"https:\/\/i0.wp.com\/truusk.store\/wp-content\/uploads\/2026\/03\/cropped-TRUUSK.png?fit=2032%2C917&ssl=1","contentUrl":"https:\/\/i0.wp.com\/truusk.store\/wp-content\/uploads\/2026\/03\/cropped-TRUUSK.png?fit=2032%2C917&ssl=1","width":2032,"height":917,"caption":"TRUUSK - Hem, Tr\u00e4dg\u00e5rd & Fritid"},"image":{"@id":"https:\/\/truusk.store\/sv\/#\/schema\/logo\/image\/"}}]}},"jetpack_sharing_enabled":true,"_links":{"self":[{"href":"https:\/\/truusk.store\/sv\/wp-json\/wp\/v2\/product\/17753","targetHints":{"allow":["GET"]}}],"collection":[{"href":"https:\/\/truusk.store\/sv\/wp-json\/wp\/v2\/product"}],"about":[{"href":"https:\/\/truusk.store\/sv\/wp-json\/wp\/v2\/types\/product"}],"wp:featuredmedia":[{"embeddable":true,"href":"https:\/\/truusk.store\/sv\/wp-json\/wp\/v2\/media\/17754"}],"wp:attachment":[{"href":"https:\/\/truusk.store\/sv\/wp-json\/wp\/v2\/media?parent=17753"}],"wp:term":[{"taxonomy":"product_brand","embeddable":true,"href":"https:\/\/truusk.store\/sv\/wp-json\/wp\/v2\/product_brand?post=17753"},{"taxonomy":"product_cat","embeddable":true,"href":"https:\/\/truusk.store\/sv\/wp-json\/wp\/v2\/product_cat?post=17753"},{"taxonomy":"product_tag","embeddable":true,"href":"https:\/\/truusk.store\/sv\/wp-json\/wp\/v2\/product_tag?post=17753"}],"curies":[{"name":"wp","href":"https:\/\/api.w.org\/{rel}","templated":true}]}}