{"id":17784,"date":"2024-02-13T13:58:52","date_gmt":"2024-02-13T12:58:52","guid":{"rendered":"https:\/\/truusk.store\/product\/vaxthus-tra-tidig-sang-lada-tidig-sang-vaxthus-tradgard-vaxt-box-system-for-tradgard-balkong-100-x-50-x-35-cm-natur-gran-pc-platta\/"},"modified":"2026-03-12T09:01:27","modified_gmt":"2026-03-12T08:01:27","slug":"truusk-vaxthus-i-tra-tidig-sang-lada-tradgard-vaxt-box-system-100-x-50-x-35-cm-natur-gran-pc-platta","status":"publish","type":"product","link":"https:\/\/truusk.store\/sv\/produkt\/truusk-vaxthus-i-tra-tidig-sang-lada-tradgard-vaxt-box-system-100-x-50-x-35-cm-natur-gran-pc-platta\/","title":{"rendered":"TRUUSK V\u00e4xthus i Tr\u00e4 &#8211; Tidig S\u00e4ng L\u00e5da &#8211; Tr\u00e4dg\u00e5rd &amp; V\u00e4xt Box System &#8211; 100 x 50 x 35 cm &#8211; Natur &#8211; Gran &#8211; PC-platta"},"content":{"rendered":"<p>Detta exceptionella tr\u00e4v\u00e4xthus hj\u00e4lper dina v\u00e4xter att v\u00e4xa och frodas. Den h\u00f6gkvalitativa massiva tr\u00e4ramen bildar ett p\u00e5litligt litet v\u00e4xthus. Transparenta polykarbonatpaneler m\u00f6jligg\u00f6r maximal ljustransmission samtidigt som de beh\u00e5ller v\u00e4rmen f\u00f6r tidig spirande av fr\u00f6er eller f\u00f6r att skydda v\u00e4xter sent p\u00e5 s\u00e4songen. Denna odlingsb\u00e4dd ger ett utrymme med en idealisk temperatur, dina v\u00e4xter kan njuta av solljuset och v\u00e4xa h\u00e4lsosamt.<\/p>\n<h3>Beskrivning:<\/h3>\n<ul>\n<li>Den massiva tr\u00e4ramen s\u00e4kerst\u00e4ller h\u00e5llbarhet och tillf\u00f6rlitlighet<\/li>\n<li>Transparenta polykarbonatpaneler med bra ljusgenomsl\u00e4pplighet g\u00f6r att v\u00e4xter absorberar solljus fullt ut<\/li>\n<li>\u00d6ppningsbart lock f\u00f6r att kontrollera temperaturen i v\u00e4xthuset och s\u00e4kerst\u00e4lla god ventilation<\/li>\n<li>Den \u00f6vre sluttande designen f\u00f6rhindrar ansamling av regnvatten<\/li>\n<\/ul>\n<h3>Teknisk data:<\/h3>\n<ul>\n<li>F\u00e4rg: Naturlig<\/li>\n<li>Material: gran, PC-kort<\/li>\n<li>Totala m\u00e5tt: 100L x 50W x 35\/26H cm<\/li>\n<li>Kuvertstorlek: 100L x 51W x 2,3D cm<\/li>\n<li>Inv\u00e4ndig planteringsyta: 97L x 47W cm<\/li>\n<li>Storlek p\u00e5 frontaffischtavlan: 97L x 24W x 3D cm<\/li>\n<li>Bakre skyltstorlek: 97L x 33W x 3D cm<\/li>\n<li>Sidov\u00e4ggstorlek: 50L x 3D cm<\/li>\n<\/ul>\n<h3>Leveransens omfattning:<\/h3>\n<ul>\n<li>1 x v\u00e4xthus i tr\u00e4<\/li>\n<li>1 x Instruktioner<\/li>\n<\/ul>\n","protected":false},"excerpt":{"rendered":"<p>Detta exceptionella tr\u00e4v\u00e4xthus hj\u00e4lper dina v\u00e4xter att v\u00e4xa och frodas. Den h\u00f6gkvalitativa massiva tr\u00e4ramen bildar ett p\u00e5litligt litet v\u00e4xthus. Transparenta&#8230;<\/p>\n","protected":false},"featured_media":17785,"template":"","meta":[],"product_brand":[],"product_cat":[445,435,443],"product_tag":[],"class_list":{"0":"post-17784","1":"product","2":"type-product","3":"status-publish","4":"has-post-thumbnail","6":"product_cat-kalla-ramar","7":"product_cat-tradgard-och-terrass","8":"product_cat-vaxthus-tradgardsskotsel","10":"first","11":"instock","12":"sale","13":"taxable","14":"shipping-taxable","15":"purchasable","16":"product-type-simple"},"yoast_head":"<!-- This site is optimized with the Yoast SEO plugin v25.4 - https:\/\/yoast.com\/wordpress\/plugins\/seo\/ -->\n<title>TRUUSK V\u00e4xthus i Tr\u00e4 - Tidig S\u00e4ng L\u00e5da - Tr\u00e4dg\u00e5rd &amp; V\u00e4xt Box System - 100 x 50 x 35 cm - Natur - Gran - PC-platta - TRUUSK - Hem, Tr\u00e4dg\u00e5rd &amp; Fritid<\/title>\n<meta name=\"robots\" content=\"index, follow, max-snippet:-1, max-image-preview:large, max-video-preview:-1\" \/>\n<link rel=\"canonical\" href=\"https:\/\/truusk.store\/sv\/produkt\/truusk-vaxthus-i-tra-tidig-sang-lada-tradgard-vaxt-box-system-100-x-50-x-35-cm-natur-gran-pc-platta\/\" \/>\n<meta property=\"og:locale\" content=\"sv_SE\" \/>\n<meta property=\"og:type\" content=\"article\" \/>\n<meta property=\"og:title\" content=\"TRUUSK V\u00e4xthus i Tr\u00e4 - Tidig S\u00e4ng L\u00e5da - Tr\u00e4dg\u00e5rd &amp; V\u00e4xt Box System - 100 x 50 x 35 cm - Natur - Gran - PC-platta - TRUUSK - Hem, Tr\u00e4dg\u00e5rd &amp; Fritid\" \/>\n<meta property=\"og:description\" content=\"Detta exceptionella tr\u00e4v\u00e4xthus hj\u00e4lper dina v\u00e4xter att v\u00e4xa och frodas. Den h\u00f6gkvalitativa massiva tr\u00e4ramen bildar ett p\u00e5litligt litet v\u00e4xthus. Transparenta...\" \/>\n<meta property=\"og:url\" content=\"https:\/\/truusk.store\/sv\/produkt\/truusk-vaxthus-i-tra-tidig-sang-lada-tradgard-vaxt-box-system-100-x-50-x-35-cm-natur-gran-pc-platta\/\" \/>\n<meta property=\"og:site_name\" content=\"TRUUSK - Hem, Tr\u00e4dg\u00e5rd &amp; Fritid\" \/>\n<meta property=\"article:modified_time\" content=\"2026-03-12T08:01:27+00:00\" \/>\n<meta property=\"og:image\" content=\"https:\/\/i0.wp.com\/truusk.se\/wp-content\/uploads\/2024\/02\/vaxthus-tra-tidig-sang-lada-tidig-sang-vaxthus-tradgard-vaxt-box-system-for-tradgard-balkong-100-x-50-x-35-cm-natur-gran-pc-platta.webp?fit=800%2C800&ssl=1\" \/>\n\t<meta property=\"og:image:width\" content=\"800\" \/>\n\t<meta property=\"og:image:height\" content=\"800\" \/>\n\t<meta property=\"og:image:type\" content=\"image\/webp\" \/>\n<meta name=\"twitter:card\" content=\"summary_large_image\" \/>\n<meta name=\"twitter:label1\" content=\"Ber\u00e4knad l\u00e4stid\" \/>\n\t<meta name=\"twitter:data1\" content=\"1 minut\" \/>\n<!-- \/ Yoast SEO plugin. -->","yoast_head_json":{"title":"TRUUSK V\u00e4xthus i Tr\u00e4 - Tidig S\u00e4ng L\u00e5da - Tr\u00e4dg\u00e5rd &amp; V\u00e4xt Box System - 100 x 50 x 35 cm - Natur - Gran - PC-platta - TRUUSK - Hem, Tr\u00e4dg\u00e5rd &amp; Fritid","robots":{"index":"index","follow":"follow","max-snippet":"max-snippet:-1","max-image-preview":"max-image-preview:large","max-video-preview":"max-video-preview:-1"},"canonical":"https:\/\/truusk.store\/sv\/produkt\/truusk-vaxthus-i-tra-tidig-sang-lada-tradgard-vaxt-box-system-100-x-50-x-35-cm-natur-gran-pc-platta\/","og_locale":"sv_SE","og_type":"article","og_title":"TRUUSK V\u00e4xthus i Tr\u00e4 - Tidig S\u00e4ng L\u00e5da - Tr\u00e4dg\u00e5rd &amp; V\u00e4xt Box System - 100 x 50 x 35 cm - Natur - Gran - PC-platta - TRUUSK - Hem, Tr\u00e4dg\u00e5rd &amp; Fritid","og_description":"Detta exceptionella tr\u00e4v\u00e4xthus hj\u00e4lper dina v\u00e4xter att v\u00e4xa och frodas. Den h\u00f6gkvalitativa massiva tr\u00e4ramen bildar ett p\u00e5litligt litet v\u00e4xthus. Transparenta...","og_url":"https:\/\/truusk.store\/sv\/produkt\/truusk-vaxthus-i-tra-tidig-sang-lada-tradgard-vaxt-box-system-100-x-50-x-35-cm-natur-gran-pc-platta\/","og_site_name":"TRUUSK - Hem, Tr\u00e4dg\u00e5rd &amp; Fritid","article_modified_time":"2026-03-12T08:01:27+00:00","og_image":[{"width":800,"height":800,"url":"https:\/\/i0.wp.com\/truusk.se\/wp-content\/uploads\/2024\/02\/vaxthus-tra-tidig-sang-lada-tidig-sang-vaxthus-tradgard-vaxt-box-system-for-tradgard-balkong-100-x-50-x-35-cm-natur-gran-pc-platta.webp?fit=800%2C800&ssl=1","type":"image\/webp"}],"twitter_card":"summary_large_image","twitter_misc":{"Ber\u00e4knad l\u00e4stid":"1 minut"},"schema":{"@context":"https:\/\/schema.org","@graph":[{"@type":"WebPage","@id":"https:\/\/truusk.store\/sv\/produkt\/truusk-vaxthus-i-tra-tidig-sang-lada-tradgard-vaxt-box-system-100-x-50-x-35-cm-natur-gran-pc-platta\/","url":"https:\/\/truusk.store\/sv\/produkt\/truusk-vaxthus-i-tra-tidig-sang-lada-tradgard-vaxt-box-system-100-x-50-x-35-cm-natur-gran-pc-platta\/","name":"TRUUSK V\u00e4xthus i Tr\u00e4 - Tidig S\u00e4ng L\u00e5da - Tr\u00e4dg\u00e5rd &amp; V\u00e4xt Box System - 100 x 50 x 35 cm - Natur - Gran - PC-platta - TRUUSK - Hem, Tr\u00e4dg\u00e5rd &amp; Fritid","isPartOf":{"@id":"https:\/\/truusk.store\/sv\/#website"},"primaryImageOfPage":{"@id":"https:\/\/truusk.store\/sv\/produkt\/truusk-vaxthus-i-tra-tidig-sang-lada-tradgard-vaxt-box-system-100-x-50-x-35-cm-natur-gran-pc-platta\/#primaryimage"},"image":{"@id":"https:\/\/truusk.store\/sv\/produkt\/truusk-vaxthus-i-tra-tidig-sang-lada-tradgard-vaxt-box-system-100-x-50-x-35-cm-natur-gran-pc-platta\/#primaryimage"},"thumbnailUrl":"https:\/\/i0.wp.com\/truusk.store\/wp-content\/uploads\/2024\/02\/vaxthus-tra-tidig-sang-lada-tidig-sang-vaxthus-tradgard-vaxt-box-system-for-tradgard-balkong-100-x-50-x-35-cm-natur-gran-pc-platta.webp?fit=800%2C800&ssl=1","datePublished":"2024-02-13T12:58:52+00:00","dateModified":"2026-03-12T08:01:27+00:00","breadcrumb":{"@id":"https:\/\/truusk.store\/sv\/produkt\/truusk-vaxthus-i-tra-tidig-sang-lada-tradgard-vaxt-box-system-100-x-50-x-35-cm-natur-gran-pc-platta\/#breadcrumb"},"inLanguage":"sv-SE","potentialAction":[{"@type":"ReadAction","target":["https:\/\/truusk.store\/sv\/produkt\/truusk-vaxthus-i-tra-tidig-sang-lada-tradgard-vaxt-box-system-100-x-50-x-35-cm-natur-gran-pc-platta\/"]}]},{"@type":"ImageObject","inLanguage":"sv-SE","@id":"https:\/\/truusk.store\/sv\/produkt\/truusk-vaxthus-i-tra-tidig-sang-lada-tradgard-vaxt-box-system-100-x-50-x-35-cm-natur-gran-pc-platta\/#primaryimage","url":"https:\/\/i0.wp.com\/truusk.store\/wp-content\/uploads\/2024\/02\/vaxthus-tra-tidig-sang-lada-tidig-sang-vaxthus-tradgard-vaxt-box-system-for-tradgard-balkong-100-x-50-x-35-cm-natur-gran-pc-platta.webp?fit=800%2C800&ssl=1","contentUrl":"https:\/\/i0.wp.com\/truusk.store\/wp-content\/uploads\/2024\/02\/vaxthus-tra-tidig-sang-lada-tidig-sang-vaxthus-tradgard-vaxt-box-system-for-tradgard-balkong-100-x-50-x-35-cm-natur-gran-pc-platta.webp?fit=800%2C800&ssl=1","width":800,"height":800,"caption":"V\u00e4xthus Tr\u00e4 Tidig S\u00e4ng L\u00e5da Tidig S\u00e4ng V\u00e4xthus Tr\u00e4dg\u00e5rd & V\u00e4xt Box System F\u00f6r Tr\u00e4dg\u00e5rd Balkong, 100 X 50 X 35 Cm, Natur, Gran, PC-platta 1"},{"@type":"BreadcrumbList","@id":"https:\/\/truusk.store\/sv\/produkt\/truusk-vaxthus-i-tra-tidig-sang-lada-tradgard-vaxt-box-system-100-x-50-x-35-cm-natur-gran-pc-platta\/#breadcrumb","itemListElement":[{"@type":"ListItem","position":1,"name":"Home","item":"https:\/\/truusk.store\/sv\/"},{"@type":"ListItem","position":2,"name":"Shop","item":"https:\/\/truusk.store\/shop\/"},{"@type":"ListItem","position":3,"name":"TRUUSK V\u00e4xthus i Tr\u00e4 &#8211; Tidig S\u00e4ng L\u00e5da &#8211; Tr\u00e4dg\u00e5rd &amp; V\u00e4xt Box System &#8211; 100 x 50 x 35 cm &#8211; Natur &#8211; Gran &#8211; PC-platta"}]},{"@type":"WebSite","@id":"https:\/\/truusk.store\/sv\/#website","url":"https:\/\/truusk.store\/sv\/","name":"TRUUSK - Hem, Tr\u00e4dg\u00e5rd & Fritid","description":"","publisher":{"@id":"https:\/\/truusk.store\/sv\/#organization"},"potentialAction":[{"@type":"SearchAction","target":{"@type":"EntryPoint","urlTemplate":"https:\/\/truusk.store\/sv\/?s={search_term_string}"},"query-input":{"@type":"PropertyValueSpecification","valueRequired":true,"valueName":"search_term_string"}}],"inLanguage":"sv-SE"},{"@type":"Organization","@id":"https:\/\/truusk.store\/sv\/#organization","name":"TRUUSK - Hem, Tr\u00e4dg\u00e5rd & Fritid","url":"https:\/\/truusk.store\/sv\/","logo":{"@type":"ImageObject","inLanguage":"sv-SE","@id":"https:\/\/truusk.store\/sv\/#\/schema\/logo\/image\/","url":"https:\/\/i0.wp.com\/truusk.store\/wp-content\/uploads\/2026\/03\/cropped-TRUUSK.png?fit=2032%2C917&ssl=1","contentUrl":"https:\/\/i0.wp.com\/truusk.store\/wp-content\/uploads\/2026\/03\/cropped-TRUUSK.png?fit=2032%2C917&ssl=1","width":2032,"height":917,"caption":"TRUUSK - Hem, Tr\u00e4dg\u00e5rd & Fritid"},"image":{"@id":"https:\/\/truusk.store\/sv\/#\/schema\/logo\/image\/"}}]}},"jetpack_sharing_enabled":true,"_links":{"self":[{"href":"https:\/\/truusk.store\/sv\/wp-json\/wp\/v2\/product\/17784","targetHints":{"allow":["GET"]}}],"collection":[{"href":"https:\/\/truusk.store\/sv\/wp-json\/wp\/v2\/product"}],"about":[{"href":"https:\/\/truusk.store\/sv\/wp-json\/wp\/v2\/types\/product"}],"wp:featuredmedia":[{"embeddable":true,"href":"https:\/\/truusk.store\/sv\/wp-json\/wp\/v2\/media\/17785"}],"wp:attachment":[{"href":"https:\/\/truusk.store\/sv\/wp-json\/wp\/v2\/media?parent=17784"}],"wp:term":[{"taxonomy":"product_brand","embeddable":true,"href":"https:\/\/truusk.store\/sv\/wp-json\/wp\/v2\/product_brand?post=17784"},{"taxonomy":"product_cat","embeddable":true,"href":"https:\/\/truusk.store\/sv\/wp-json\/wp\/v2\/product_cat?post=17784"},{"taxonomy":"product_tag","embeddable":true,"href":"https:\/\/truusk.store\/sv\/wp-json\/wp\/v2\/product_tag?post=17784"}],"curies":[{"name":"wp","href":"https:\/\/api.w.org\/{rel}","templated":true}]}}