{"id":17814,"date":"2024-02-13T13:59:51","date_gmt":"2024-02-13T12:59:51","guid":{"rendered":"https:\/\/truusk.store\/product\/pergola-gazebo-altantak-med-skjuttak-polyestergra-298-x-213-x-221-cm\/"},"modified":"2026-03-12T09:01:27","modified_gmt":"2026-03-12T08:01:27","slug":"truusk-pergola-gazebo-altantak-skjuttak-polyestergra-298-x-213-x-221-cm","status":"publish","type":"product","link":"https:\/\/truusk.store\/sv\/produkt\/truusk-pergola-gazebo-altantak-skjuttak-polyestergra-298-x-213-x-221-cm\/","title":{"rendered":"TRUUSK Pergola Gazebo Altantak &#8211; Skjuttak &#8211; Polyestergr\u00e5 &#8211; 298 x 213 x 221 cm"},"content":{"rendered":"<p>Med denna praktiska pergola f\u00e5r du ett skyddande tak \u00f6ver huvudet, s\u00e5 att du kan tr\u00e4ffa din familj och dina v\u00e4nner i tr\u00e4dg\u00e5rden utan bekymmer, \u00e4ven under varma dagar, och njuta av v\u00e4dret tillsammans. \u00c4ven l\u00e4tt regn kommer inte att kunna skada dig, s\u00e5 din tr\u00e4dg\u00e5rdsfest kan forts\u00e4tta ost\u00f6rt. Den h\u00e4r enkla paviljongen kan \u00e4ven anv\u00e4ndas som en praktisk kapell eller uteplats: l\u00e5t n\u00e4sta sommar komma!<\/p>\n<h3>Beskrivning:<\/h3>\n<ul>\n<li>Pergola som solskydd f\u00f6r tr\u00e4dg\u00e5rden, terrassen eller balkongen<\/li>\n<li>Robust metallram med pulverlackering f\u00f6r h\u00f6g stabilitet<\/li>\n<li>\u00d6verdrag av UV- och vattenavvisande plastmaterial<\/li>\n<li>Taket kan f\u00f6rl\u00e4ngas och f\u00f6rl\u00e4ngas med hj\u00e4lp av ett r\u00e4lssystem<\/li>\n<li>Enkel och snabb montering kr\u00e4vs<\/li>\n<\/ul>\n<h3>Teknisk data:<\/h3>\n<ul>\n<li>Material: metall, polyester<\/li>\n<li>\u00d6vergripande m\u00e5tt: 298L x 213W x 221H cm<\/li>\n<li>Kapellstorlek: 281L x 193W cm<\/li>\n<li>F\u00e4rg: Gr\u00e5+svart<\/li>\n<\/ul>\n<h3>Leveransens omfattning:<\/h3>\n<ul>\n<li>1 x pergola<\/li>\n<li>1 x taklucka<\/li>\n<li>Tillbeh\u00f6r<\/li>\n<li>1 x Monteringsanvisning<\/li>\n<\/ul>\n","protected":false},"excerpt":{"rendered":"<p>Med denna praktiska pergola f\u00e5r du ett skyddande tak \u00f6ver huvudet, s\u00e5 att du kan tr\u00e4ffa din familj och dina&#8230;<\/p>\n","protected":false},"featured_media":17815,"template":"","meta":[],"product_brand":[],"product_cat":[478,435,476],"product_tag":[],"class_list":{"0":"post-17814","1":"product","2":"type-product","3":"status-publish","4":"has-post-thumbnail","6":"product_cat-pergola","7":"product_cat-tradgard-och-terrass","8":"product_cat-tradgardspaviljonger","10":"first","11":"instock","12":"sale","13":"taxable","14":"shipping-taxable","15":"purchasable","16":"product-type-simple"},"yoast_head":"<!-- This site is optimized with the Yoast SEO plugin v25.4 - https:\/\/yoast.com\/wordpress\/plugins\/seo\/ -->\n<title>TRUUSK Pergola Gazebo Altantak - Skjuttak - Polyestergr\u00e5 - 298 x 213 x 221 cm - TRUUSK - Hem, Tr\u00e4dg\u00e5rd &amp; Fritid<\/title>\n<meta name=\"robots\" content=\"index, follow, max-snippet:-1, max-image-preview:large, max-video-preview:-1\" \/>\n<link rel=\"canonical\" href=\"https:\/\/truusk.store\/sv\/produkt\/truusk-pergola-gazebo-altantak-skjuttak-polyestergra-298-x-213-x-221-cm\/\" \/>\n<meta property=\"og:locale\" content=\"sv_SE\" \/>\n<meta property=\"og:type\" content=\"article\" \/>\n<meta property=\"og:title\" content=\"TRUUSK Pergola Gazebo Altantak - Skjuttak - Polyestergr\u00e5 - 298 x 213 x 221 cm - TRUUSK - Hem, Tr\u00e4dg\u00e5rd &amp; Fritid\" \/>\n<meta property=\"og:description\" content=\"Med denna praktiska pergola f\u00e5r du ett skyddande tak \u00f6ver huvudet, s\u00e5 att du kan tr\u00e4ffa din familj och dina...\" \/>\n<meta property=\"og:url\" content=\"https:\/\/truusk.store\/sv\/produkt\/truusk-pergola-gazebo-altantak-skjuttak-polyestergra-298-x-213-x-221-cm\/\" \/>\n<meta property=\"og:site_name\" content=\"TRUUSK - Hem, Tr\u00e4dg\u00e5rd &amp; Fritid\" \/>\n<meta property=\"article:modified_time\" content=\"2026-03-12T08:01:27+00:00\" \/>\n<meta property=\"og:image\" content=\"https:\/\/i0.wp.com\/truusk.se\/wp-content\/uploads\/2024\/02\/pergola-gazebo-altantak-med-skjuttak-polyestergra-298-x-213-x-221-cm.webp?fit=800%2C800&ssl=1\" \/>\n\t<meta property=\"og:image:width\" content=\"800\" \/>\n\t<meta property=\"og:image:height\" content=\"800\" \/>\n\t<meta property=\"og:image:type\" content=\"image\/webp\" \/>\n<meta name=\"twitter:card\" content=\"summary_large_image\" \/>\n<meta name=\"twitter:label1\" content=\"Ber\u00e4knad l\u00e4stid\" \/>\n\t<meta name=\"twitter:data1\" content=\"1 minut\" \/>\n<!-- \/ Yoast SEO plugin. -->","yoast_head_json":{"title":"TRUUSK Pergola Gazebo Altantak - Skjuttak - Polyestergr\u00e5 - 298 x 213 x 221 cm - TRUUSK - Hem, Tr\u00e4dg\u00e5rd &amp; Fritid","robots":{"index":"index","follow":"follow","max-snippet":"max-snippet:-1","max-image-preview":"max-image-preview:large","max-video-preview":"max-video-preview:-1"},"canonical":"https:\/\/truusk.store\/sv\/produkt\/truusk-pergola-gazebo-altantak-skjuttak-polyestergra-298-x-213-x-221-cm\/","og_locale":"sv_SE","og_type":"article","og_title":"TRUUSK Pergola Gazebo Altantak - Skjuttak - Polyestergr\u00e5 - 298 x 213 x 221 cm - TRUUSK - Hem, Tr\u00e4dg\u00e5rd &amp; Fritid","og_description":"Med denna praktiska pergola f\u00e5r du ett skyddande tak \u00f6ver huvudet, s\u00e5 att du kan tr\u00e4ffa din familj och dina...","og_url":"https:\/\/truusk.store\/sv\/produkt\/truusk-pergola-gazebo-altantak-skjuttak-polyestergra-298-x-213-x-221-cm\/","og_site_name":"TRUUSK - Hem, Tr\u00e4dg\u00e5rd &amp; Fritid","article_modified_time":"2026-03-12T08:01:27+00:00","og_image":[{"width":800,"height":800,"url":"https:\/\/i0.wp.com\/truusk.se\/wp-content\/uploads\/2024\/02\/pergola-gazebo-altantak-med-skjuttak-polyestergra-298-x-213-x-221-cm.webp?fit=800%2C800&ssl=1","type":"image\/webp"}],"twitter_card":"summary_large_image","twitter_misc":{"Ber\u00e4knad l\u00e4stid":"1 minut"},"schema":{"@context":"https:\/\/schema.org","@graph":[{"@type":"WebPage","@id":"https:\/\/truusk.store\/sv\/produkt\/truusk-pergola-gazebo-altantak-skjuttak-polyestergra-298-x-213-x-221-cm\/","url":"https:\/\/truusk.store\/sv\/produkt\/truusk-pergola-gazebo-altantak-skjuttak-polyestergra-298-x-213-x-221-cm\/","name":"TRUUSK Pergola Gazebo Altantak - Skjuttak - Polyestergr\u00e5 - 298 x 213 x 221 cm - TRUUSK - Hem, Tr\u00e4dg\u00e5rd &amp; Fritid","isPartOf":{"@id":"https:\/\/truusk.store\/sv\/#website"},"primaryImageOfPage":{"@id":"https:\/\/truusk.store\/sv\/produkt\/truusk-pergola-gazebo-altantak-skjuttak-polyestergra-298-x-213-x-221-cm\/#primaryimage"},"image":{"@id":"https:\/\/truusk.store\/sv\/produkt\/truusk-pergola-gazebo-altantak-skjuttak-polyestergra-298-x-213-x-221-cm\/#primaryimage"},"thumbnailUrl":"https:\/\/i0.wp.com\/truusk.store\/wp-content\/uploads\/2024\/02\/pergola-gazebo-altantak-med-skjuttak-polyestergra-298-x-213-x-221-cm.webp?fit=800%2C800&ssl=1","datePublished":"2024-02-13T12:59:51+00:00","dateModified":"2026-03-12T08:01:27+00:00","breadcrumb":{"@id":"https:\/\/truusk.store\/sv\/produkt\/truusk-pergola-gazebo-altantak-skjuttak-polyestergra-298-x-213-x-221-cm\/#breadcrumb"},"inLanguage":"sv-SE","potentialAction":[{"@type":"ReadAction","target":["https:\/\/truusk.store\/sv\/produkt\/truusk-pergola-gazebo-altantak-skjuttak-polyestergra-298-x-213-x-221-cm\/"]}]},{"@type":"ImageObject","inLanguage":"sv-SE","@id":"https:\/\/truusk.store\/sv\/produkt\/truusk-pergola-gazebo-altantak-skjuttak-polyestergra-298-x-213-x-221-cm\/#primaryimage","url":"https:\/\/i0.wp.com\/truusk.store\/wp-content\/uploads\/2024\/02\/pergola-gazebo-altantak-med-skjuttak-polyestergra-298-x-213-x-221-cm.webp?fit=800%2C800&ssl=1","contentUrl":"https:\/\/i0.wp.com\/truusk.store\/wp-content\/uploads\/2024\/02\/pergola-gazebo-altantak-med-skjuttak-polyestergra-298-x-213-x-221-cm.webp?fit=800%2C800&ssl=1","width":800,"height":800,"caption":"Pergola Gazebo Altantak Med Skjuttak Polyestergr\u00e5 298 X 213 X 221 Cm 1"},{"@type":"BreadcrumbList","@id":"https:\/\/truusk.store\/sv\/produkt\/truusk-pergola-gazebo-altantak-skjuttak-polyestergra-298-x-213-x-221-cm\/#breadcrumb","itemListElement":[{"@type":"ListItem","position":1,"name":"Home","item":"https:\/\/truusk.store\/sv\/"},{"@type":"ListItem","position":2,"name":"Shop","item":"https:\/\/truusk.store\/shop\/"},{"@type":"ListItem","position":3,"name":"TRUUSK Pergola Gazebo Altantak &#8211; Skjuttak &#8211; Polyestergr\u00e5 &#8211; 298 x 213 x 221 cm"}]},{"@type":"WebSite","@id":"https:\/\/truusk.store\/sv\/#website","url":"https:\/\/truusk.store\/sv\/","name":"TRUUSK - Hem, Tr\u00e4dg\u00e5rd & Fritid","description":"","publisher":{"@id":"https:\/\/truusk.store\/sv\/#organization"},"potentialAction":[{"@type":"SearchAction","target":{"@type":"EntryPoint","urlTemplate":"https:\/\/truusk.store\/sv\/?s={search_term_string}"},"query-input":{"@type":"PropertyValueSpecification","valueRequired":true,"valueName":"search_term_string"}}],"inLanguage":"sv-SE"},{"@type":"Organization","@id":"https:\/\/truusk.store\/sv\/#organization","name":"TRUUSK - Hem, Tr\u00e4dg\u00e5rd & Fritid","url":"https:\/\/truusk.store\/sv\/","logo":{"@type":"ImageObject","inLanguage":"sv-SE","@id":"https:\/\/truusk.store\/sv\/#\/schema\/logo\/image\/","url":"https:\/\/i0.wp.com\/truusk.store\/wp-content\/uploads\/2026\/03\/cropped-TRUUSK.png?fit=2032%2C917&ssl=1","contentUrl":"https:\/\/i0.wp.com\/truusk.store\/wp-content\/uploads\/2026\/03\/cropped-TRUUSK.png?fit=2032%2C917&ssl=1","width":2032,"height":917,"caption":"TRUUSK - Hem, Tr\u00e4dg\u00e5rd & Fritid"},"image":{"@id":"https:\/\/truusk.store\/sv\/#\/schema\/logo\/image\/"}}]}},"jetpack_sharing_enabled":true,"_links":{"self":[{"href":"https:\/\/truusk.store\/sv\/wp-json\/wp\/v2\/product\/17814","targetHints":{"allow":["GET"]}}],"collection":[{"href":"https:\/\/truusk.store\/sv\/wp-json\/wp\/v2\/product"}],"about":[{"href":"https:\/\/truusk.store\/sv\/wp-json\/wp\/v2\/types\/product"}],"wp:featuredmedia":[{"embeddable":true,"href":"https:\/\/truusk.store\/sv\/wp-json\/wp\/v2\/media\/17815"}],"wp:attachment":[{"href":"https:\/\/truusk.store\/sv\/wp-json\/wp\/v2\/media?parent=17814"}],"wp:term":[{"taxonomy":"product_brand","embeddable":true,"href":"https:\/\/truusk.store\/sv\/wp-json\/wp\/v2\/product_brand?post=17814"},{"taxonomy":"product_cat","embeddable":true,"href":"https:\/\/truusk.store\/sv\/wp-json\/wp\/v2\/product_cat?post=17814"},{"taxonomy":"product_tag","embeddable":true,"href":"https:\/\/truusk.store\/sv\/wp-json\/wp\/v2\/product_tag?post=17814"}],"curies":[{"name":"wp","href":"https:\/\/api.w.org\/{rel}","templated":true}]}}