{"id":17884,"date":"2024-02-13T14:02:06","date_gmt":"2024-02-13T13:02:06","guid":{"rendered":"https:\/\/truusk.store\/product\/set-med-2-solstolar-tradgardsstolar-tygstolar-ergonomisk-aluminiumtextin-morkgra-165-x-61-x-63-cm\/"},"modified":"2026-03-12T09:01:28","modified_gmt":"2026-03-12T08:01:28","slug":"truusk-set-med-2-ergonomiska-tradgardsstolar-morkgra-tyg-aluminiumram-matt-165-x-61-x-63-cm","status":"publish","type":"product","link":"https:\/\/truusk.store\/sv\/produkt\/truusk-set-med-2-ergonomiska-tradgardsstolar-morkgra-tyg-aluminiumram-matt-165-x-61-x-63-cm\/","title":{"rendered":"TRUUSK Set med 2 Ergonomiska Tr\u00e4dg\u00e5rdsstolar &#8211; M\u00f6rkgr\u00e5 Tyg &#8211; Aluminiumram &#8211; M\u00e5tt 165 x 61 x 63 cm"},"content":{"rendered":"<p>F\u00f6rest\u00e4ll dig f\u00f6ljande scen: varmt solsken, en mild bris, du och dina v\u00e4nner chattar vid poolen eller i en tr\u00e4dg\u00e5rd och njuter av din fritid tillsammans. Dessa tv\u00e5 solstolar \u00e4r oumb\u00e4rliga f\u00f6r ett s\u00e5dant tillf\u00e4lle. De \u00e4r designade i en elegant S-formad design, som \u00e4r ergonomiskt formad och inbjuder till avkoppling och vila. Njut av din fritid utomhus med dessa solstolar.<\/p>\n<h3>Beskrivning:<\/h3>\n<ul>\n<li>Set med 2 solstolar, perfekta f\u00f6r att njuta av fritiden med dina n\u00e4ra och k\u00e4ra<\/li>\n<li>S-formen \u00e4r ergonomiskt utformad f\u00f6r att ge stor komfort<\/li>\n<li>Aluminiumramen g\u00f6r den l\u00e4tt och l\u00e4tt att transportera<\/li>\n<li>Den vikbara designen g\u00f6r f\u00f6rvaringen enkel<\/li>\n<li>Det andningsbara meshtyget ger maximal komfort f\u00f6r avkoppling<\/li>\n<li>L\u00e4ttsk\u00f6tt och l\u00e5ngvarig<\/li>\n<li>B\u00f6jt huvuddesign, inget behov av extra kuddar<\/li>\n<li>Ingen montering kr\u00e4vs<\/li>\n<\/ul>\n<h3>Teknisk data:<\/h3>\n<ul>\n<li>F\u00e4rg: M\u00f6rkgr\u00e5<\/li>\n<li>Material: aluminium, textlinje (70% PVC, 30% polyesterfiber)<\/li>\n<li>\u00d6vergripande m\u00e5tt: 165L x 61W x 63H cm<\/li>\n<li>Vikta m\u00e5tt: 99L x 61W x 21D cm<\/li>\n<li>Sitsbredd: 54 cm<\/li>\n<li>Sitth\u00f6jd: 30 cm<\/li>\n<li>Lastkapacitet: 120 kg<\/li>\n<\/ul>\n<h3>Leveransens omfattning:<\/h3>\n<ul>\n<li>2 x tr\u00e4dg\u00e5rdsstolar<\/li>\n<li>1 x Instruktioner<\/li>\n<\/ul>\n","protected":false},"excerpt":{"rendered":"<p>F\u00f6rest\u00e4ll dig f\u00f6ljande scen: varmt solsken, en mild bris, du och dina v\u00e4nner chattar vid poolen eller i en tr\u00e4dg\u00e5rd&#8230;<\/p>\n","protected":false},"featured_media":17885,"template":"","meta":[],"product_brand":[],"product_cat":[451,435,450],"product_tag":[],"class_list":{"0":"post-17884","1":"product","2":"type-product","3":"status-publish","4":"has-post-thumbnail","6":"product_cat-solstolar","7":"product_cat-tradgard-och-terrass","8":"product_cat-tradgardsmobler","10":"first","11":"instock","12":"sale","13":"taxable","14":"shipping-taxable","15":"purchasable","16":"product-type-simple"},"yoast_head":"<!-- This site is optimized with the Yoast SEO plugin v25.4 - https:\/\/yoast.com\/wordpress\/plugins\/seo\/ -->\n<title>TRUUSK Set med 2 Ergonomiska Tr\u00e4dg\u00e5rdsstolar - M\u00f6rkgr\u00e5 Tyg - Aluminiumram - M\u00e5tt 165 x 61 x 63 cm - TRUUSK - Hem, Tr\u00e4dg\u00e5rd &amp; Fritid<\/title>\n<meta name=\"robots\" content=\"index, follow, max-snippet:-1, max-image-preview:large, max-video-preview:-1\" \/>\n<link rel=\"canonical\" href=\"https:\/\/truusk.store\/sv\/produkt\/truusk-set-med-2-ergonomiska-tradgardsstolar-morkgra-tyg-aluminiumram-matt-165-x-61-x-63-cm\/\" \/>\n<meta property=\"og:locale\" content=\"sv_SE\" \/>\n<meta property=\"og:type\" content=\"article\" \/>\n<meta property=\"og:title\" content=\"TRUUSK Set med 2 Ergonomiska Tr\u00e4dg\u00e5rdsstolar - M\u00f6rkgr\u00e5 Tyg - Aluminiumram - M\u00e5tt 165 x 61 x 63 cm - TRUUSK - Hem, Tr\u00e4dg\u00e5rd &amp; Fritid\" \/>\n<meta property=\"og:description\" content=\"F\u00f6rest\u00e4ll dig f\u00f6ljande scen: varmt solsken, en mild bris, du och dina v\u00e4nner chattar vid poolen eller i en tr\u00e4dg\u00e5rd...\" \/>\n<meta property=\"og:url\" content=\"https:\/\/truusk.store\/sv\/produkt\/truusk-set-med-2-ergonomiska-tradgardsstolar-morkgra-tyg-aluminiumram-matt-165-x-61-x-63-cm\/\" \/>\n<meta property=\"og:site_name\" content=\"TRUUSK - Hem, Tr\u00e4dg\u00e5rd &amp; Fritid\" \/>\n<meta property=\"article:modified_time\" content=\"2026-03-12T08:01:28+00:00\" \/>\n<meta property=\"og:image\" content=\"https:\/\/i0.wp.com\/truusk.se\/wp-content\/uploads\/2024\/02\/set-med-2-solstolar-tradgardsstolar-tygstolar-ergonomisk-aluminiumtextin-morkgra-165-x-61-x-63-cm.webp?fit=800%2C800&ssl=1\" \/>\n\t<meta property=\"og:image:width\" content=\"800\" \/>\n\t<meta property=\"og:image:height\" content=\"800\" \/>\n\t<meta property=\"og:image:type\" content=\"image\/webp\" \/>\n<meta name=\"twitter:card\" content=\"summary_large_image\" \/>\n<meta name=\"twitter:label1\" content=\"Ber\u00e4knad l\u00e4stid\" \/>\n\t<meta name=\"twitter:data1\" content=\"1 minut\" \/>\n<!-- \/ Yoast SEO plugin. -->","yoast_head_json":{"title":"TRUUSK Set med 2 Ergonomiska Tr\u00e4dg\u00e5rdsstolar - M\u00f6rkgr\u00e5 Tyg - Aluminiumram - M\u00e5tt 165 x 61 x 63 cm - TRUUSK - Hem, Tr\u00e4dg\u00e5rd &amp; Fritid","robots":{"index":"index","follow":"follow","max-snippet":"max-snippet:-1","max-image-preview":"max-image-preview:large","max-video-preview":"max-video-preview:-1"},"canonical":"https:\/\/truusk.store\/sv\/produkt\/truusk-set-med-2-ergonomiska-tradgardsstolar-morkgra-tyg-aluminiumram-matt-165-x-61-x-63-cm\/","og_locale":"sv_SE","og_type":"article","og_title":"TRUUSK Set med 2 Ergonomiska Tr\u00e4dg\u00e5rdsstolar - M\u00f6rkgr\u00e5 Tyg - Aluminiumram - M\u00e5tt 165 x 61 x 63 cm - TRUUSK - Hem, Tr\u00e4dg\u00e5rd &amp; Fritid","og_description":"F\u00f6rest\u00e4ll dig f\u00f6ljande scen: varmt solsken, en mild bris, du och dina v\u00e4nner chattar vid poolen eller i en tr\u00e4dg\u00e5rd...","og_url":"https:\/\/truusk.store\/sv\/produkt\/truusk-set-med-2-ergonomiska-tradgardsstolar-morkgra-tyg-aluminiumram-matt-165-x-61-x-63-cm\/","og_site_name":"TRUUSK - Hem, Tr\u00e4dg\u00e5rd &amp; Fritid","article_modified_time":"2026-03-12T08:01:28+00:00","og_image":[{"width":800,"height":800,"url":"https:\/\/i0.wp.com\/truusk.se\/wp-content\/uploads\/2024\/02\/set-med-2-solstolar-tradgardsstolar-tygstolar-ergonomisk-aluminiumtextin-morkgra-165-x-61-x-63-cm.webp?fit=800%2C800&ssl=1","type":"image\/webp"}],"twitter_card":"summary_large_image","twitter_misc":{"Ber\u00e4knad l\u00e4stid":"1 minut"},"schema":{"@context":"https:\/\/schema.org","@graph":[{"@type":"WebPage","@id":"https:\/\/truusk.store\/sv\/produkt\/truusk-set-med-2-ergonomiska-tradgardsstolar-morkgra-tyg-aluminiumram-matt-165-x-61-x-63-cm\/","url":"https:\/\/truusk.store\/sv\/produkt\/truusk-set-med-2-ergonomiska-tradgardsstolar-morkgra-tyg-aluminiumram-matt-165-x-61-x-63-cm\/","name":"TRUUSK Set med 2 Ergonomiska Tr\u00e4dg\u00e5rdsstolar - M\u00f6rkgr\u00e5 Tyg - Aluminiumram - M\u00e5tt 165 x 61 x 63 cm - TRUUSK - Hem, Tr\u00e4dg\u00e5rd &amp; Fritid","isPartOf":{"@id":"https:\/\/truusk.store\/sv\/#website"},"primaryImageOfPage":{"@id":"https:\/\/truusk.store\/sv\/produkt\/truusk-set-med-2-ergonomiska-tradgardsstolar-morkgra-tyg-aluminiumram-matt-165-x-61-x-63-cm\/#primaryimage"},"image":{"@id":"https:\/\/truusk.store\/sv\/produkt\/truusk-set-med-2-ergonomiska-tradgardsstolar-morkgra-tyg-aluminiumram-matt-165-x-61-x-63-cm\/#primaryimage"},"thumbnailUrl":"https:\/\/i0.wp.com\/truusk.store\/wp-content\/uploads\/2024\/02\/set-med-2-solstolar-tradgardsstolar-tygstolar-ergonomisk-aluminiumtextin-morkgra-165-x-61-x-63-cm.webp?fit=800%2C800&ssl=1","datePublished":"2024-02-13T13:02:06+00:00","dateModified":"2026-03-12T08:01:28+00:00","breadcrumb":{"@id":"https:\/\/truusk.store\/sv\/produkt\/truusk-set-med-2-ergonomiska-tradgardsstolar-morkgra-tyg-aluminiumram-matt-165-x-61-x-63-cm\/#breadcrumb"},"inLanguage":"sv-SE","potentialAction":[{"@type":"ReadAction","target":["https:\/\/truusk.store\/sv\/produkt\/truusk-set-med-2-ergonomiska-tradgardsstolar-morkgra-tyg-aluminiumram-matt-165-x-61-x-63-cm\/"]}]},{"@type":"ImageObject","inLanguage":"sv-SE","@id":"https:\/\/truusk.store\/sv\/produkt\/truusk-set-med-2-ergonomiska-tradgardsstolar-morkgra-tyg-aluminiumram-matt-165-x-61-x-63-cm\/#primaryimage","url":"https:\/\/i0.wp.com\/truusk.store\/wp-content\/uploads\/2024\/02\/set-med-2-solstolar-tradgardsstolar-tygstolar-ergonomisk-aluminiumtextin-morkgra-165-x-61-x-63-cm.webp?fit=800%2C800&ssl=1","contentUrl":"https:\/\/i0.wp.com\/truusk.store\/wp-content\/uploads\/2024\/02\/set-med-2-solstolar-tradgardsstolar-tygstolar-ergonomisk-aluminiumtextin-morkgra-165-x-61-x-63-cm.webp?fit=800%2C800&ssl=1","width":800,"height":800,"caption":"Set Med 2 Solstolar, Tr\u00e4dg\u00e5rdsstolar, Tygstolar, Ergonomisk Aluminiumtextin M\u00f6rkgr\u00e5 165 X 61 X 63 Cm 1"},{"@type":"BreadcrumbList","@id":"https:\/\/truusk.store\/sv\/produkt\/truusk-set-med-2-ergonomiska-tradgardsstolar-morkgra-tyg-aluminiumram-matt-165-x-61-x-63-cm\/#breadcrumb","itemListElement":[{"@type":"ListItem","position":1,"name":"Home","item":"https:\/\/truusk.store\/sv\/"},{"@type":"ListItem","position":2,"name":"Shop","item":"https:\/\/truusk.store\/shop\/"},{"@type":"ListItem","position":3,"name":"TRUUSK Set med 2 Ergonomiska Tr\u00e4dg\u00e5rdsstolar &#8211; M\u00f6rkgr\u00e5 Tyg &#8211; Aluminiumram &#8211; M\u00e5tt 165 x 61 x 63 cm"}]},{"@type":"WebSite","@id":"https:\/\/truusk.store\/sv\/#website","url":"https:\/\/truusk.store\/sv\/","name":"TRUUSK - Hem, Tr\u00e4dg\u00e5rd & Fritid","description":"","publisher":{"@id":"https:\/\/truusk.store\/sv\/#organization"},"potentialAction":[{"@type":"SearchAction","target":{"@type":"EntryPoint","urlTemplate":"https:\/\/truusk.store\/sv\/?s={search_term_string}"},"query-input":{"@type":"PropertyValueSpecification","valueRequired":true,"valueName":"search_term_string"}}],"inLanguage":"sv-SE"},{"@type":"Organization","@id":"https:\/\/truusk.store\/sv\/#organization","name":"TRUUSK - Hem, Tr\u00e4dg\u00e5rd & Fritid","url":"https:\/\/truusk.store\/sv\/","logo":{"@type":"ImageObject","inLanguage":"sv-SE","@id":"https:\/\/truusk.store\/sv\/#\/schema\/logo\/image\/","url":"https:\/\/i0.wp.com\/truusk.store\/wp-content\/uploads\/2026\/03\/cropped-TRUUSK.png?fit=2032%2C917&ssl=1","contentUrl":"https:\/\/i0.wp.com\/truusk.store\/wp-content\/uploads\/2026\/03\/cropped-TRUUSK.png?fit=2032%2C917&ssl=1","width":2032,"height":917,"caption":"TRUUSK - Hem, Tr\u00e4dg\u00e5rd & Fritid"},"image":{"@id":"https:\/\/truusk.store\/sv\/#\/schema\/logo\/image\/"}}]}},"jetpack_sharing_enabled":true,"_links":{"self":[{"href":"https:\/\/truusk.store\/sv\/wp-json\/wp\/v2\/product\/17884","targetHints":{"allow":["GET"]}}],"collection":[{"href":"https:\/\/truusk.store\/sv\/wp-json\/wp\/v2\/product"}],"about":[{"href":"https:\/\/truusk.store\/sv\/wp-json\/wp\/v2\/types\/product"}],"wp:featuredmedia":[{"embeddable":true,"href":"https:\/\/truusk.store\/sv\/wp-json\/wp\/v2\/media\/17885"}],"wp:attachment":[{"href":"https:\/\/truusk.store\/sv\/wp-json\/wp\/v2\/media?parent=17884"}],"wp:term":[{"taxonomy":"product_brand","embeddable":true,"href":"https:\/\/truusk.store\/sv\/wp-json\/wp\/v2\/product_brand?post=17884"},{"taxonomy":"product_cat","embeddable":true,"href":"https:\/\/truusk.store\/sv\/wp-json\/wp\/v2\/product_cat?post=17884"},{"taxonomy":"product_tag","embeddable":true,"href":"https:\/\/truusk.store\/sv\/wp-json\/wp\/v2\/product_tag?post=17884"}],"curies":[{"name":"wp","href":"https:\/\/api.w.org\/{rel}","templated":true}]}}