{"id":17973,"date":"2024-02-13T14:04:46","date_gmt":"2024-02-13T13:04:46","guid":{"rendered":"https:\/\/truusk.store\/product\/koksvagn-med-hjul-serveringsvagn-vagn-med-skap-krokar-och-handtag-i-rostfritt-stal-kokshjalp-koksvagn-svart-86-x-50-x-865-cm\/"},"modified":"2026-03-12T09:01:29","modified_gmt":"2026-03-12T08:01:29","slug":"truusk-koksvagn-med-hjul-serveringsvagn-med-skap-rostfritt-stal-svart-86-x-50-x-865-cm","status":"publish","type":"product","link":"https:\/\/truusk.store\/sv\/produkt\/truusk-koksvagn-med-hjul-serveringsvagn-med-skap-rostfritt-stal-svart-86-x-50-x-865-cm\/","title":{"rendered":"TRUUSK K\u00f6ksvagn Med Hjul &#8211; Serveringsvagn Med Sk\u00e5p &#8211; Rostfritt St\u00e5l &#8211; Svart &#8211; 86 x 50 x 86,5 cm"},"content":{"rendered":"<p>J\u00e4mf\u00f6rt med en vanlig k\u00f6ksb\u00e4nk i tr\u00e4 \u00e4r denna j\u00e4rntillverkade b\u00e4nk l\u00e4ttare att reng\u00f6ra och l\u00e4ttare att f\u00f6rvara. Tack vare den omt\u00e4nksamma designen har ena sidov\u00e4ggen utel\u00e4mnats s\u00e5 att du enkelt kan komma \u00e5t dina tillbeh\u00f6r n\u00e4r du lagar mat. Sex f\u00f6rkromade krokar ger f\u00f6rvaringsutrymme f\u00f6r k\u00f6kstillbeh\u00f6r. En kompakt och fullt fungerande k\u00f6ks\u00f6-vagn v\u00e4ntar p\u00e5 dig.<\/p>\n<h3>Beskrivning:<\/h3>\n<ul>\n<li>Den svarta designen g\u00f6r serveringsvagnen enkel och diskret<\/li>\n<li>Sk\u00e5p med d\u00f6rr \u00f6ppen p\u00e5 ena sidan, ger mer komfort<\/li>\n<li>Stort internt lagringsutrymme \u00e4r tillg\u00e4ngligt f\u00f6r att lagra vad du vill<\/li>\n<li>Rostskyddad topp ger dig plats f\u00f6r matlagning<\/li>\n<li>Magnetisk d\u00f6rrpanel, l\u00e4tt att \u00f6ppna och st\u00e4nga<\/li>\n<li>4 rullande hjul f\u00f6r enkel f\u00f6rflyttning, varav 2 \u00e4r l\u00e5sbara<\/li>\n<li>3 f\u00f6rkromade krokar p\u00e5 varje sida ger plats f\u00f6r upph\u00e4ngning av verktyg<\/li>\n<li>Montering kr\u00e4vs<\/li>\n<\/ul>\n<h3>Teknisk data:<\/h3>\n<ul>\n<li>Svart f\u00e4rg<\/li>\n<li>Material: j\u00e4rn, rostfritt st\u00e5l<\/li>\n<li>\u00d6vergripande m\u00e5tt: L86 x B50 x H86,5 cm<\/li>\n<li>Storlek p\u00e5 den rostfria pl\u00e5ten: L70 x B46,5 cm<\/li>\n<li>Inre f\u00f6rvaringsstorlek: L69,9 x B43 x H73 cm<\/li>\n<li>Lastkapacitet: 15 kg (rostfritt st\u00e5l), 10 kg (inv\u00e4ndigt)<\/li>\n<\/ul>\n<h3>Leveransens omfattning:<\/h3>\n<ul>\n<li>1 x k\u00f6ksvagn<\/li>\n<li>1 x Monteringsanvisning<\/li>\n<\/ul>\n","protected":false},"excerpt":{"rendered":"<p>J\u00e4mf\u00f6rt med en vanlig k\u00f6ksb\u00e4nk i tr\u00e4 \u00e4r denna j\u00e4rntillverkade b\u00e4nk l\u00e4ttare att reng\u00f6ra och l\u00e4ttare att f\u00f6rvara. Tack vare&#8230;<\/p>\n","protected":false},"featured_media":17974,"template":"","meta":[],"product_brand":[],"product_cat":[485,503,501],"product_tag":[],"class_list":{"0":"post-17973","1":"product","2":"type-product","3":"status-publish","4":"has-post-thumbnail","6":"product_cat-hus-bo","7":"product_cat-serveringsvagn","8":"product_cat-tabeller","10":"first","11":"instock","12":"sale","13":"taxable","14":"shipping-taxable","15":"purchasable","16":"product-type-simple"},"yoast_head":"<!-- This site is optimized with the Yoast SEO plugin v25.4 - https:\/\/yoast.com\/wordpress\/plugins\/seo\/ -->\n<title>TRUUSK K\u00f6ksvagn Med Hjul - Serveringsvagn Med Sk\u00e5p - Rostfritt St\u00e5l - Svart - 86 x 50 x 86,5 cm - TRUUSK - Hem, Tr\u00e4dg\u00e5rd &amp; Fritid<\/title>\n<meta name=\"robots\" content=\"index, follow, max-snippet:-1, max-image-preview:large, max-video-preview:-1\" \/>\n<link rel=\"canonical\" href=\"https:\/\/truusk.store\/sv\/produkt\/truusk-koksvagn-med-hjul-serveringsvagn-med-skap-rostfritt-stal-svart-86-x-50-x-865-cm\/\" \/>\n<meta property=\"og:locale\" content=\"sv_SE\" \/>\n<meta property=\"og:type\" content=\"article\" \/>\n<meta property=\"og:title\" content=\"TRUUSK K\u00f6ksvagn Med Hjul - Serveringsvagn Med Sk\u00e5p - Rostfritt St\u00e5l - Svart - 86 x 50 x 86,5 cm - TRUUSK - Hem, Tr\u00e4dg\u00e5rd &amp; Fritid\" \/>\n<meta property=\"og:description\" content=\"J\u00e4mf\u00f6rt med en vanlig k\u00f6ksb\u00e4nk i tr\u00e4 \u00e4r denna j\u00e4rntillverkade b\u00e4nk l\u00e4ttare att reng\u00f6ra och l\u00e4ttare att f\u00f6rvara. Tack vare...\" \/>\n<meta property=\"og:url\" content=\"https:\/\/truusk.store\/sv\/produkt\/truusk-koksvagn-med-hjul-serveringsvagn-med-skap-rostfritt-stal-svart-86-x-50-x-865-cm\/\" \/>\n<meta property=\"og:site_name\" content=\"TRUUSK - Hem, Tr\u00e4dg\u00e5rd &amp; Fritid\" \/>\n<meta property=\"article:modified_time\" content=\"2026-03-12T08:01:29+00:00\" \/>\n<meta property=\"og:image\" content=\"https:\/\/i0.wp.com\/truusk.se\/wp-content\/uploads\/2024\/02\/koksvagn-med-hjul-serveringsvagn-vagn-med-skap-krokar-och-handtag-i-rostfritt-stal-kokshjalp-koksvagn-svart-86-x-50-x-865-cm.webp?fit=800%2C800&ssl=1\" \/>\n\t<meta property=\"og:image:width\" content=\"800\" \/>\n\t<meta property=\"og:image:height\" content=\"800\" \/>\n\t<meta property=\"og:image:type\" content=\"image\/webp\" \/>\n<meta name=\"twitter:card\" content=\"summary_large_image\" \/>\n<meta name=\"twitter:label1\" content=\"Ber\u00e4knad l\u00e4stid\" \/>\n\t<meta name=\"twitter:data1\" content=\"1 minut\" \/>\n<!-- \/ Yoast SEO plugin. -->","yoast_head_json":{"title":"TRUUSK K\u00f6ksvagn Med Hjul - Serveringsvagn Med Sk\u00e5p - Rostfritt St\u00e5l - Svart - 86 x 50 x 86,5 cm - TRUUSK - Hem, Tr\u00e4dg\u00e5rd &amp; Fritid","robots":{"index":"index","follow":"follow","max-snippet":"max-snippet:-1","max-image-preview":"max-image-preview:large","max-video-preview":"max-video-preview:-1"},"canonical":"https:\/\/truusk.store\/sv\/produkt\/truusk-koksvagn-med-hjul-serveringsvagn-med-skap-rostfritt-stal-svart-86-x-50-x-865-cm\/","og_locale":"sv_SE","og_type":"article","og_title":"TRUUSK K\u00f6ksvagn Med Hjul - Serveringsvagn Med Sk\u00e5p - Rostfritt St\u00e5l - Svart - 86 x 50 x 86,5 cm - TRUUSK - Hem, Tr\u00e4dg\u00e5rd &amp; Fritid","og_description":"J\u00e4mf\u00f6rt med en vanlig k\u00f6ksb\u00e4nk i tr\u00e4 \u00e4r denna j\u00e4rntillverkade b\u00e4nk l\u00e4ttare att reng\u00f6ra och l\u00e4ttare att f\u00f6rvara. Tack vare...","og_url":"https:\/\/truusk.store\/sv\/produkt\/truusk-koksvagn-med-hjul-serveringsvagn-med-skap-rostfritt-stal-svart-86-x-50-x-865-cm\/","og_site_name":"TRUUSK - Hem, Tr\u00e4dg\u00e5rd &amp; Fritid","article_modified_time":"2026-03-12T08:01:29+00:00","og_image":[{"width":800,"height":800,"url":"https:\/\/i0.wp.com\/truusk.se\/wp-content\/uploads\/2024\/02\/koksvagn-med-hjul-serveringsvagn-vagn-med-skap-krokar-och-handtag-i-rostfritt-stal-kokshjalp-koksvagn-svart-86-x-50-x-865-cm.webp?fit=800%2C800&ssl=1","type":"image\/webp"}],"twitter_card":"summary_large_image","twitter_misc":{"Ber\u00e4knad l\u00e4stid":"1 minut"},"schema":{"@context":"https:\/\/schema.org","@graph":[{"@type":"WebPage","@id":"https:\/\/truusk.store\/sv\/produkt\/truusk-koksvagn-med-hjul-serveringsvagn-med-skap-rostfritt-stal-svart-86-x-50-x-865-cm\/","url":"https:\/\/truusk.store\/sv\/produkt\/truusk-koksvagn-med-hjul-serveringsvagn-med-skap-rostfritt-stal-svart-86-x-50-x-865-cm\/","name":"TRUUSK K\u00f6ksvagn Med Hjul - Serveringsvagn Med Sk\u00e5p - Rostfritt St\u00e5l - Svart - 86 x 50 x 86,5 cm - TRUUSK - Hem, Tr\u00e4dg\u00e5rd &amp; Fritid","isPartOf":{"@id":"https:\/\/truusk.store\/sv\/#website"},"primaryImageOfPage":{"@id":"https:\/\/truusk.store\/sv\/produkt\/truusk-koksvagn-med-hjul-serveringsvagn-med-skap-rostfritt-stal-svart-86-x-50-x-865-cm\/#primaryimage"},"image":{"@id":"https:\/\/truusk.store\/sv\/produkt\/truusk-koksvagn-med-hjul-serveringsvagn-med-skap-rostfritt-stal-svart-86-x-50-x-865-cm\/#primaryimage"},"thumbnailUrl":"https:\/\/i0.wp.com\/truusk.store\/wp-content\/uploads\/2024\/02\/koksvagn-med-hjul-serveringsvagn-vagn-med-skap-krokar-och-handtag-i-rostfritt-stal-kokshjalp-koksvagn-svart-86-x-50-x-865-cm.webp?fit=800%2C800&ssl=1","datePublished":"2024-02-13T13:04:46+00:00","dateModified":"2026-03-12T08:01:29+00:00","breadcrumb":{"@id":"https:\/\/truusk.store\/sv\/produkt\/truusk-koksvagn-med-hjul-serveringsvagn-med-skap-rostfritt-stal-svart-86-x-50-x-865-cm\/#breadcrumb"},"inLanguage":"sv-SE","potentialAction":[{"@type":"ReadAction","target":["https:\/\/truusk.store\/sv\/produkt\/truusk-koksvagn-med-hjul-serveringsvagn-med-skap-rostfritt-stal-svart-86-x-50-x-865-cm\/"]}]},{"@type":"ImageObject","inLanguage":"sv-SE","@id":"https:\/\/truusk.store\/sv\/produkt\/truusk-koksvagn-med-hjul-serveringsvagn-med-skap-rostfritt-stal-svart-86-x-50-x-865-cm\/#primaryimage","url":"https:\/\/i0.wp.com\/truusk.store\/wp-content\/uploads\/2024\/02\/koksvagn-med-hjul-serveringsvagn-vagn-med-skap-krokar-och-handtag-i-rostfritt-stal-kokshjalp-koksvagn-svart-86-x-50-x-865-cm.webp?fit=800%2C800&ssl=1","contentUrl":"https:\/\/i0.wp.com\/truusk.store\/wp-content\/uploads\/2024\/02\/koksvagn-med-hjul-serveringsvagn-vagn-med-skap-krokar-och-handtag-i-rostfritt-stal-kokshjalp-koksvagn-svart-86-x-50-x-865-cm.webp?fit=800%2C800&ssl=1","width":800,"height":800,"caption":"K\u00f6ksvagn Med Hjul, Serveringsvagn, Vagn Med Sk\u00e5p, Krokar Och Handtag I Rostfritt St\u00e5l, K\u00f6kshj\u00e4lp, K\u00f6ksvagn, Svart, 86 X 50 X 86,5 Cm 1"},{"@type":"BreadcrumbList","@id":"https:\/\/truusk.store\/sv\/produkt\/truusk-koksvagn-med-hjul-serveringsvagn-med-skap-rostfritt-stal-svart-86-x-50-x-865-cm\/#breadcrumb","itemListElement":[{"@type":"ListItem","position":1,"name":"Home","item":"https:\/\/truusk.store\/sv\/"},{"@type":"ListItem","position":2,"name":"Shop","item":"https:\/\/truusk.store\/shop\/"},{"@type":"ListItem","position":3,"name":"TRUUSK K\u00f6ksvagn Med Hjul &#8211; Serveringsvagn Med Sk\u00e5p &#8211; Rostfritt St\u00e5l &#8211; Svart &#8211; 86 x 50 x 86,5 cm"}]},{"@type":"WebSite","@id":"https:\/\/truusk.store\/sv\/#website","url":"https:\/\/truusk.store\/sv\/","name":"TRUUSK - Hem, Tr\u00e4dg\u00e5rd & Fritid","description":"","publisher":{"@id":"https:\/\/truusk.store\/sv\/#organization"},"potentialAction":[{"@type":"SearchAction","target":{"@type":"EntryPoint","urlTemplate":"https:\/\/truusk.store\/sv\/?s={search_term_string}"},"query-input":{"@type":"PropertyValueSpecification","valueRequired":true,"valueName":"search_term_string"}}],"inLanguage":"sv-SE"},{"@type":"Organization","@id":"https:\/\/truusk.store\/sv\/#organization","name":"TRUUSK - Hem, Tr\u00e4dg\u00e5rd & Fritid","url":"https:\/\/truusk.store\/sv\/","logo":{"@type":"ImageObject","inLanguage":"sv-SE","@id":"https:\/\/truusk.store\/sv\/#\/schema\/logo\/image\/","url":"https:\/\/i0.wp.com\/truusk.store\/wp-content\/uploads\/2026\/03\/cropped-TRUUSK.png?fit=2032%2C917&ssl=1","contentUrl":"https:\/\/i0.wp.com\/truusk.store\/wp-content\/uploads\/2026\/03\/cropped-TRUUSK.png?fit=2032%2C917&ssl=1","width":2032,"height":917,"caption":"TRUUSK - Hem, Tr\u00e4dg\u00e5rd & Fritid"},"image":{"@id":"https:\/\/truusk.store\/sv\/#\/schema\/logo\/image\/"}}]}},"jetpack_sharing_enabled":true,"_links":{"self":[{"href":"https:\/\/truusk.store\/sv\/wp-json\/wp\/v2\/product\/17973","targetHints":{"allow":["GET"]}}],"collection":[{"href":"https:\/\/truusk.store\/sv\/wp-json\/wp\/v2\/product"}],"about":[{"href":"https:\/\/truusk.store\/sv\/wp-json\/wp\/v2\/types\/product"}],"wp:featuredmedia":[{"embeddable":true,"href":"https:\/\/truusk.store\/sv\/wp-json\/wp\/v2\/media\/17974"}],"wp:attachment":[{"href":"https:\/\/truusk.store\/sv\/wp-json\/wp\/v2\/media?parent=17973"}],"wp:term":[{"taxonomy":"product_brand","embeddable":true,"href":"https:\/\/truusk.store\/sv\/wp-json\/wp\/v2\/product_brand?post=17973"},{"taxonomy":"product_cat","embeddable":true,"href":"https:\/\/truusk.store\/sv\/wp-json\/wp\/v2\/product_cat?post=17973"},{"taxonomy":"product_tag","embeddable":true,"href":"https:\/\/truusk.store\/sv\/wp-json\/wp\/v2\/product_tag?post=17973"}],"curies":[{"name":"wp","href":"https:\/\/api.w.org\/{rel}","templated":true}]}}