{"id":18050,"date":"2024-02-13T14:07:54","date_gmt":"2024-02-13T13:07:54","guid":{"rendered":"https:\/\/truusk.store\/product\/bantam-honsgard-bantam-hus-med-spring-stall-med-sittpinnar-hacklada-vaktel-coop-utomhus-vinterfestival-naturlig-furu-196-x-76-x-97-cm\/"},"modified":"2026-03-12T09:01:30","modified_gmt":"2026-03-12T08:01:30","slug":"truusk-honsgard-med-springstall-och-sittstanger-hacklada-vaktel-coop-vinterfestival-naturfur-196-x-76-x-97-cm","status":"publish","type":"product","link":"https:\/\/truusk.store\/sv\/produkt\/truusk-honsgard-med-springstall-och-sittstanger-hacklada-vaktel-coop-vinterfestival-naturfur-196-x-76-x-97-cm\/","title":{"rendered":"TRUUSK H\u00f6nsg\u00e5rd med Springstall och Sittst\u00e4nger &#8211; H\u00e4ckl\u00e5da &#8211; Vaktel Coop &#8211; Vinterfestival &#8211; Naturfur 196 x 76 x 97 cm"},"content":{"rendered":"<p>Dina dv\u00e4rgar kommer att \u00e4lska detta kycklinghus! Med v\u00e5ra h\u00f6nshus kan du ge dem ett eget hem som \u00e4r b\u00e5de stilrent och funktionellt. Coop med en abborre och den bifogade springan skapar ett rymligt vardagsrum f\u00f6r dina dv\u00e4rgar. En praktisk holk med f\u00e4llbart tak ger dig enkel tillg\u00e5ng till att ta ut \u00e4gg ur korgen. Asfalttaket skyddar dina dv\u00e4rgar fr\u00e5n regn och solljus.<\/p>\n<h3>Beskrivning:<\/h3>\n<ul>\n<li>Bantam h\u00f6nshus med run<\/li>\n<li>H\u00e4ckl\u00e5da f\u00f6r rymligt vardagsrum<\/li>\n<li>Kycklingarna kan enkelt ta sig in i huset via rampen<\/li>\n<li>UV-skyddande och v\u00e4derbest\u00e4ndigt asfalttak skyddar dina husdjur fr\u00e5n tuffa v\u00e4derf\u00f6rh\u00e5llanden<\/li>\n<li>H\u00e4ckl\u00e5da med f\u00e4llbart tak ger ett dedikerat utrymme f\u00f6r dina kycklingar att l\u00e4gga \u00e4gg och ett enkelt s\u00e4tt att h\u00e4mta \u00e4ggen<\/li>\n<li>Avtagbar bottenl\u00e5da f\u00f6r enkel reng\u00f6ring<\/li>\n<li>Enkel konstruktion<\/li>\n<\/ul>\n<h3>Teknisk data:<\/h3>\n<ul>\n<li>F\u00e4rg: Naturlig<\/li>\n<li>Material: massivt tr\u00e4<\/li>\n<li>\u00d6vergripande m\u00e5tt: 196L x 76W x 97H cm<\/li>\n<li>Vardagsrumsm\u00e5tt: 64L x 64W x 97H cm<\/li>\n<li>Storlek p\u00e5 husd\u00f6rren: 25,4W x 41,2H cm<\/li>\n<li>H\u00f6ger lekhage: (storlek)96,5L x 63,5W x 58H cm, (tr)43B x 50H cm<\/li>\n<li>M\u00e5tt p\u00e5 holken: 36,5L x 64W x 38H cm<\/li>\n<\/ul>\n<h3>Leveransens omfattning:<\/h3>\n<ul>\n<li>1 x bantam h\u00f6nshus<\/li>\n<li>1 x Monteringsanvisning<\/li>\n<\/ul>\n","protected":false},"excerpt":{"rendered":"<p>Dina dv\u00e4rgar kommer att \u00e4lska detta kycklinghus! Med v\u00e5ra h\u00f6nshus kan du ge dem ett eget hem som \u00e4r b\u00e5de&#8230;<\/p>\n","protected":false},"featured_media":18051,"template":"","meta":[],"product_brand":[],"product_cat":[601,602,573],"product_tag":[],"class_list":{"0":"post-18050","1":"product","2":"type-product","3":"status-publish","4":"has-post-thumbnail","6":"product_cat-fageltillbehor","7":"product_cat-honshus","8":"product_cat-husdjursmaterial","10":"first","11":"instock","12":"sale","13":"taxable","14":"shipping-taxable","15":"purchasable","16":"product-type-simple"},"yoast_head":"<!-- This site is optimized with the Yoast SEO plugin v25.4 - https:\/\/yoast.com\/wordpress\/plugins\/seo\/ -->\n<title>TRUUSK H\u00f6nsg\u00e5rd med Springstall och Sittst\u00e4nger - H\u00e4ckl\u00e5da - Vaktel Coop - Vinterfestival - Naturfur 196 x 76 x 97 cm - TRUUSK - Hem, Tr\u00e4dg\u00e5rd &amp; Fritid<\/title>\n<meta name=\"robots\" content=\"index, follow, max-snippet:-1, max-image-preview:large, max-video-preview:-1\" \/>\n<link rel=\"canonical\" href=\"https:\/\/truusk.store\/sv\/produkt\/truusk-honsgard-med-springstall-och-sittstanger-hacklada-vaktel-coop-vinterfestival-naturfur-196-x-76-x-97-cm\/\" \/>\n<meta property=\"og:locale\" content=\"sv_SE\" \/>\n<meta property=\"og:type\" content=\"article\" \/>\n<meta property=\"og:title\" content=\"TRUUSK H\u00f6nsg\u00e5rd med Springstall och Sittst\u00e4nger - H\u00e4ckl\u00e5da - Vaktel Coop - Vinterfestival - Naturfur 196 x 76 x 97 cm - TRUUSK - Hem, Tr\u00e4dg\u00e5rd &amp; Fritid\" \/>\n<meta property=\"og:description\" content=\"Dina dv\u00e4rgar kommer att \u00e4lska detta kycklinghus! Med v\u00e5ra h\u00f6nshus kan du ge dem ett eget hem som \u00e4r b\u00e5de...\" \/>\n<meta property=\"og:url\" content=\"https:\/\/truusk.store\/sv\/produkt\/truusk-honsgard-med-springstall-och-sittstanger-hacklada-vaktel-coop-vinterfestival-naturfur-196-x-76-x-97-cm\/\" \/>\n<meta property=\"og:site_name\" content=\"TRUUSK - Hem, Tr\u00e4dg\u00e5rd &amp; Fritid\" \/>\n<meta property=\"article:modified_time\" content=\"2026-03-12T08:01:30+00:00\" \/>\n<meta property=\"og:image\" content=\"https:\/\/i0.wp.com\/truusk.se\/wp-content\/uploads\/2024\/02\/bantam-honsgard-bantam-hus-med-spring-stall-med-sittpinnar-hacklada-vaktel-coop-utomhus-vinterfestival-naturlig-furu-196-x-76-x-97-cm.webp?fit=800%2C800&ssl=1\" \/>\n\t<meta property=\"og:image:width\" content=\"800\" \/>\n\t<meta property=\"og:image:height\" content=\"800\" \/>\n\t<meta property=\"og:image:type\" content=\"image\/webp\" \/>\n<meta name=\"twitter:card\" content=\"summary_large_image\" \/>\n<meta name=\"twitter:label1\" content=\"Ber\u00e4knad l\u00e4stid\" \/>\n\t<meta name=\"twitter:data1\" content=\"1 minut\" \/>\n<!-- \/ Yoast SEO plugin. -->","yoast_head_json":{"title":"TRUUSK H\u00f6nsg\u00e5rd med Springstall och Sittst\u00e4nger - H\u00e4ckl\u00e5da - Vaktel Coop - Vinterfestival - Naturfur 196 x 76 x 97 cm - TRUUSK - Hem, Tr\u00e4dg\u00e5rd &amp; Fritid","robots":{"index":"index","follow":"follow","max-snippet":"max-snippet:-1","max-image-preview":"max-image-preview:large","max-video-preview":"max-video-preview:-1"},"canonical":"https:\/\/truusk.store\/sv\/produkt\/truusk-honsgard-med-springstall-och-sittstanger-hacklada-vaktel-coop-vinterfestival-naturfur-196-x-76-x-97-cm\/","og_locale":"sv_SE","og_type":"article","og_title":"TRUUSK H\u00f6nsg\u00e5rd med Springstall och Sittst\u00e4nger - H\u00e4ckl\u00e5da - Vaktel Coop - Vinterfestival - Naturfur 196 x 76 x 97 cm - TRUUSK - Hem, Tr\u00e4dg\u00e5rd &amp; Fritid","og_description":"Dina dv\u00e4rgar kommer att \u00e4lska detta kycklinghus! Med v\u00e5ra h\u00f6nshus kan du ge dem ett eget hem som \u00e4r b\u00e5de...","og_url":"https:\/\/truusk.store\/sv\/produkt\/truusk-honsgard-med-springstall-och-sittstanger-hacklada-vaktel-coop-vinterfestival-naturfur-196-x-76-x-97-cm\/","og_site_name":"TRUUSK - Hem, Tr\u00e4dg\u00e5rd &amp; Fritid","article_modified_time":"2026-03-12T08:01:30+00:00","og_image":[{"width":800,"height":800,"url":"https:\/\/i0.wp.com\/truusk.se\/wp-content\/uploads\/2024\/02\/bantam-honsgard-bantam-hus-med-spring-stall-med-sittpinnar-hacklada-vaktel-coop-utomhus-vinterfestival-naturlig-furu-196-x-76-x-97-cm.webp?fit=800%2C800&ssl=1","type":"image\/webp"}],"twitter_card":"summary_large_image","twitter_misc":{"Ber\u00e4knad l\u00e4stid":"1 minut"},"schema":{"@context":"https:\/\/schema.org","@graph":[{"@type":"WebPage","@id":"https:\/\/truusk.store\/sv\/produkt\/truusk-honsgard-med-springstall-och-sittstanger-hacklada-vaktel-coop-vinterfestival-naturfur-196-x-76-x-97-cm\/","url":"https:\/\/truusk.store\/sv\/produkt\/truusk-honsgard-med-springstall-och-sittstanger-hacklada-vaktel-coop-vinterfestival-naturfur-196-x-76-x-97-cm\/","name":"TRUUSK H\u00f6nsg\u00e5rd med Springstall och Sittst\u00e4nger - H\u00e4ckl\u00e5da - Vaktel Coop - Vinterfestival - Naturfur 196 x 76 x 97 cm - TRUUSK - Hem, Tr\u00e4dg\u00e5rd &amp; Fritid","isPartOf":{"@id":"https:\/\/truusk.store\/sv\/#website"},"primaryImageOfPage":{"@id":"https:\/\/truusk.store\/sv\/produkt\/truusk-honsgard-med-springstall-och-sittstanger-hacklada-vaktel-coop-vinterfestival-naturfur-196-x-76-x-97-cm\/#primaryimage"},"image":{"@id":"https:\/\/truusk.store\/sv\/produkt\/truusk-honsgard-med-springstall-och-sittstanger-hacklada-vaktel-coop-vinterfestival-naturfur-196-x-76-x-97-cm\/#primaryimage"},"thumbnailUrl":"https:\/\/i0.wp.com\/truusk.store\/wp-content\/uploads\/2024\/02\/bantam-honsgard-bantam-hus-med-spring-stall-med-sittpinnar-hacklada-vaktel-coop-utomhus-vinterfestival-naturlig-furu-196-x-76-x-97-cm.webp?fit=800%2C800&ssl=1","datePublished":"2024-02-13T13:07:54+00:00","dateModified":"2026-03-12T08:01:30+00:00","breadcrumb":{"@id":"https:\/\/truusk.store\/sv\/produkt\/truusk-honsgard-med-springstall-och-sittstanger-hacklada-vaktel-coop-vinterfestival-naturfur-196-x-76-x-97-cm\/#breadcrumb"},"inLanguage":"sv-SE","potentialAction":[{"@type":"ReadAction","target":["https:\/\/truusk.store\/sv\/produkt\/truusk-honsgard-med-springstall-och-sittstanger-hacklada-vaktel-coop-vinterfestival-naturfur-196-x-76-x-97-cm\/"]}]},{"@type":"ImageObject","inLanguage":"sv-SE","@id":"https:\/\/truusk.store\/sv\/produkt\/truusk-honsgard-med-springstall-och-sittstanger-hacklada-vaktel-coop-vinterfestival-naturfur-196-x-76-x-97-cm\/#primaryimage","url":"https:\/\/i0.wp.com\/truusk.store\/wp-content\/uploads\/2024\/02\/bantam-honsgard-bantam-hus-med-spring-stall-med-sittpinnar-hacklada-vaktel-coop-utomhus-vinterfestival-naturlig-furu-196-x-76-x-97-cm.webp?fit=800%2C800&ssl=1","contentUrl":"https:\/\/i0.wp.com\/truusk.store\/wp-content\/uploads\/2024\/02\/bantam-honsgard-bantam-hus-med-spring-stall-med-sittpinnar-hacklada-vaktel-coop-utomhus-vinterfestival-naturlig-furu-196-x-76-x-97-cm.webp?fit=800%2C800&ssl=1","width":800,"height":800,"caption":"Bantam H\u00f6nsg\u00e5rd Bantam Hus Med Spring Stall Med Sittpinnar H\u00e4ckl\u00e5da Vaktel Coop Utomhus Vinterfestival Naturlig Furu 196 X 76 X 97 Cm 1"},{"@type":"BreadcrumbList","@id":"https:\/\/truusk.store\/sv\/produkt\/truusk-honsgard-med-springstall-och-sittstanger-hacklada-vaktel-coop-vinterfestival-naturfur-196-x-76-x-97-cm\/#breadcrumb","itemListElement":[{"@type":"ListItem","position":1,"name":"Home","item":"https:\/\/truusk.store\/sv\/"},{"@type":"ListItem","position":2,"name":"Shop","item":"https:\/\/truusk.store\/shop\/"},{"@type":"ListItem","position":3,"name":"TRUUSK H\u00f6nsg\u00e5rd med Springstall och Sittst\u00e4nger &#8211; H\u00e4ckl\u00e5da &#8211; Vaktel Coop &#8211; Vinterfestival &#8211; Naturfur 196 x 76 x 97 cm"}]},{"@type":"WebSite","@id":"https:\/\/truusk.store\/sv\/#website","url":"https:\/\/truusk.store\/sv\/","name":"TRUUSK - Hem, Tr\u00e4dg\u00e5rd & Fritid","description":"","publisher":{"@id":"https:\/\/truusk.store\/sv\/#organization"},"potentialAction":[{"@type":"SearchAction","target":{"@type":"EntryPoint","urlTemplate":"https:\/\/truusk.store\/sv\/?s={search_term_string}"},"query-input":{"@type":"PropertyValueSpecification","valueRequired":true,"valueName":"search_term_string"}}],"inLanguage":"sv-SE"},{"@type":"Organization","@id":"https:\/\/truusk.store\/sv\/#organization","name":"TRUUSK - Hem, Tr\u00e4dg\u00e5rd & Fritid","url":"https:\/\/truusk.store\/sv\/","logo":{"@type":"ImageObject","inLanguage":"sv-SE","@id":"https:\/\/truusk.store\/sv\/#\/schema\/logo\/image\/","url":"https:\/\/i0.wp.com\/truusk.store\/wp-content\/uploads\/2026\/03\/cropped-TRUUSK.png?fit=2032%2C917&ssl=1","contentUrl":"https:\/\/i0.wp.com\/truusk.store\/wp-content\/uploads\/2026\/03\/cropped-TRUUSK.png?fit=2032%2C917&ssl=1","width":2032,"height":917,"caption":"TRUUSK - Hem, Tr\u00e4dg\u00e5rd & Fritid"},"image":{"@id":"https:\/\/truusk.store\/sv\/#\/schema\/logo\/image\/"}}]}},"jetpack_sharing_enabled":true,"_links":{"self":[{"href":"https:\/\/truusk.store\/sv\/wp-json\/wp\/v2\/product\/18050","targetHints":{"allow":["GET"]}}],"collection":[{"href":"https:\/\/truusk.store\/sv\/wp-json\/wp\/v2\/product"}],"about":[{"href":"https:\/\/truusk.store\/sv\/wp-json\/wp\/v2\/types\/product"}],"wp:featuredmedia":[{"embeddable":true,"href":"https:\/\/truusk.store\/sv\/wp-json\/wp\/v2\/media\/18051"}],"wp:attachment":[{"href":"https:\/\/truusk.store\/sv\/wp-json\/wp\/v2\/media?parent=18050"}],"wp:term":[{"taxonomy":"product_brand","embeddable":true,"href":"https:\/\/truusk.store\/sv\/wp-json\/wp\/v2\/product_brand?post=18050"},{"taxonomy":"product_cat","embeddable":true,"href":"https:\/\/truusk.store\/sv\/wp-json\/wp\/v2\/product_cat?post=18050"},{"taxonomy":"product_tag","embeddable":true,"href":"https:\/\/truusk.store\/sv\/wp-json\/wp\/v2\/product_tag?post=18050"}],"curies":[{"name":"wp","href":"https:\/\/api.w.org\/{rel}","templated":true}]}}