{"id":18070,"date":"2024-02-13T14:08:32","date_gmt":"2024-02-13T13:08:32","guid":{"rendered":"https:\/\/truusk.store\/product\/salongstol-med-hjul-rullpall-hojdjusterbar-vridbar-salongspall-velvet-touch-foam-krom-bas-gra-35-x-35-x-49-61-cm\/"},"modified":"2026-03-12T09:01:30","modified_gmt":"2026-03-12T08:01:30","slug":"truusk-salongstol-med-hjul-rullpall-hojdjusterbar-vridbar-velvet-touch-foam-krom-bas-gra-35-x-35-x-49-61-cm","status":"publish","type":"product","link":"https:\/\/truusk.store\/sv\/produkt\/truusk-salongstol-med-hjul-rullpall-hojdjusterbar-vridbar-velvet-touch-foam-krom-bas-gra-35-x-35-x-49-61-cm\/","title":{"rendered":"TRUUSK Salongstol Med Hjul &#8211; Rullpall H\u00f6jdjusterbar &#8211; Vridbar &#8211; Velvet Touch Foam &#8211; Krom Bas &#8211; Gr\u00e5 &#8211; 35 x 35 x 49-61 cm"},"content":{"rendered":"<p>Denna eleganta salongspall ser inte bara bra ut, utan \u00e4r ocks\u00e5 s\u00e4rskilt bekv\u00e4m. Den mjuka sammeten och gener\u00f6sa stoppningen g\u00f6r denna pall till en bekv\u00e4m sits. Den robusta och tunga metallbasen s\u00e4kerst\u00e4ller en balanserad viktf\u00f6rdelning och \u00e4r s\u00e4rskilt stabil. Denna salongspall f\u00e5r sin r\u00f6rlighet fr\u00e5n sina 360 graders sv\u00e4ngbara hjul. Denna salongspall i sammetslook med tufknappsdesign ger elegans till alla rum.<\/p>\n<h3>Beskrivning:<\/h3>\n<ul>\n<li>L\u00e4mplig f\u00f6r fris\u00f6rsalonger, sk\u00f6nhetssalonger, tatueringsstudior, hem och kontor<\/li>\n<li>H\u00f6jdjusterbar f\u00f6r att m\u00f6ta olika sittst\u00e4llningsbehov<\/li>\n<li>Vacker design med sits\u00f6verdrag i sammet med tuftad knappdesign<\/li>\n<li>Sitsstoppning med h\u00f6g densitet f\u00f6r god sittkomfort<\/li>\n<li>5 sl\u00e4ta hjul f\u00f6r enkel f\u00f6rflyttning<\/li>\n<li>Montering kr\u00e4vs<\/li>\n<\/ul>\n<h3>Teknisk data:<\/h3>\n<ul>\n<li>F\u00e4rg gr\u00e5<\/li>\n<li>Material: sammetstyg (polyester), skum, krombas<\/li>\n<li>Totalstorlek: 35 x 49-61H cm<\/li>\n<li>Sitsstorlek: 35 cm<\/li>\n<li>Sitstjocklek: 8 cm<\/li>\n<li>Lastkapacitet: 100 kg<\/li>\n<\/ul>\n<h3>Leveransens omfattning:<\/h3>\n<ul>\n<li>1 x salongsstol<\/li>\n<li>1 x Instruktioner<\/li>\n<\/ul>\n","protected":false},"excerpt":{"rendered":"<p>Denna eleganta salongspall ser inte bara bra ut, utan \u00e4r ocks\u00e5 s\u00e4rskilt bekv\u00e4m. Den mjuka sammeten och gener\u00f6sa stoppningen g\u00f6r&#8230;<\/p>\n","protected":false},"featured_media":18071,"template":"","meta":[],"product_brand":[],"product_cat":[485,542,546],"product_tag":[],"class_list":{"0":"post-18070","1":"product","2":"type-product","3":"status-publish","4":"has-post-thumbnail","6":"product_cat-hus-bo","7":"product_cat-pall","8":"product_cat-rullande-pall","10":"first","11":"instock","12":"sale","13":"taxable","14":"shipping-taxable","15":"purchasable","16":"product-type-simple"},"yoast_head":"<!-- This site is optimized with the Yoast SEO plugin v25.4 - https:\/\/yoast.com\/wordpress\/plugins\/seo\/ -->\n<title>TRUUSK Salongstol Med Hjul - Rullpall H\u00f6jdjusterbar - Vridbar - Velvet Touch Foam - Krom Bas - Gr\u00e5 - 35 x 35 x 49-61 cm - TRUUSK - Hem, Tr\u00e4dg\u00e5rd &amp; Fritid<\/title>\n<meta name=\"robots\" content=\"index, follow, max-snippet:-1, max-image-preview:large, max-video-preview:-1\" \/>\n<link rel=\"canonical\" href=\"https:\/\/truusk.store\/sv\/produkt\/truusk-salongstol-med-hjul-rullpall-hojdjusterbar-vridbar-velvet-touch-foam-krom-bas-gra-35-x-35-x-49-61-cm\/\" \/>\n<meta property=\"og:locale\" content=\"sv_SE\" \/>\n<meta property=\"og:type\" content=\"article\" \/>\n<meta property=\"og:title\" content=\"TRUUSK Salongstol Med Hjul - Rullpall H\u00f6jdjusterbar - Vridbar - Velvet Touch Foam - Krom Bas - Gr\u00e5 - 35 x 35 x 49-61 cm - TRUUSK - Hem, Tr\u00e4dg\u00e5rd &amp; Fritid\" \/>\n<meta property=\"og:description\" content=\"Denna eleganta salongspall ser inte bara bra ut, utan \u00e4r ocks\u00e5 s\u00e4rskilt bekv\u00e4m. Den mjuka sammeten och gener\u00f6sa stoppningen g\u00f6r...\" \/>\n<meta property=\"og:url\" content=\"https:\/\/truusk.store\/sv\/produkt\/truusk-salongstol-med-hjul-rullpall-hojdjusterbar-vridbar-velvet-touch-foam-krom-bas-gra-35-x-35-x-49-61-cm\/\" \/>\n<meta property=\"og:site_name\" content=\"TRUUSK - Hem, Tr\u00e4dg\u00e5rd &amp; Fritid\" \/>\n<meta property=\"article:modified_time\" content=\"2026-03-12T08:01:30+00:00\" \/>\n<meta property=\"og:image\" content=\"https:\/\/i0.wp.com\/truusk.se\/wp-content\/uploads\/2024\/02\/salongstol-med-hjul-rullpall-hojdjusterbar-vridbar-salongspall-velvet-touch-foam-krom-bas-gra-35-x-35-x-49-61-cm.webp?fit=800%2C800&ssl=1\" \/>\n\t<meta property=\"og:image:width\" content=\"800\" \/>\n\t<meta property=\"og:image:height\" content=\"800\" \/>\n\t<meta property=\"og:image:type\" content=\"image\/webp\" \/>\n<meta name=\"twitter:card\" content=\"summary_large_image\" \/>\n<meta name=\"twitter:label1\" content=\"Ber\u00e4knad l\u00e4stid\" \/>\n\t<meta name=\"twitter:data1\" content=\"1 minut\" \/>\n<!-- \/ Yoast SEO plugin. -->","yoast_head_json":{"title":"TRUUSK Salongstol Med Hjul - Rullpall H\u00f6jdjusterbar - Vridbar - Velvet Touch Foam - Krom Bas - Gr\u00e5 - 35 x 35 x 49-61 cm - TRUUSK - Hem, Tr\u00e4dg\u00e5rd &amp; Fritid","robots":{"index":"index","follow":"follow","max-snippet":"max-snippet:-1","max-image-preview":"max-image-preview:large","max-video-preview":"max-video-preview:-1"},"canonical":"https:\/\/truusk.store\/sv\/produkt\/truusk-salongstol-med-hjul-rullpall-hojdjusterbar-vridbar-velvet-touch-foam-krom-bas-gra-35-x-35-x-49-61-cm\/","og_locale":"sv_SE","og_type":"article","og_title":"TRUUSK Salongstol Med Hjul - Rullpall H\u00f6jdjusterbar - Vridbar - Velvet Touch Foam - Krom Bas - Gr\u00e5 - 35 x 35 x 49-61 cm - TRUUSK - Hem, Tr\u00e4dg\u00e5rd &amp; Fritid","og_description":"Denna eleganta salongspall ser inte bara bra ut, utan \u00e4r ocks\u00e5 s\u00e4rskilt bekv\u00e4m. Den mjuka sammeten och gener\u00f6sa stoppningen g\u00f6r...","og_url":"https:\/\/truusk.store\/sv\/produkt\/truusk-salongstol-med-hjul-rullpall-hojdjusterbar-vridbar-velvet-touch-foam-krom-bas-gra-35-x-35-x-49-61-cm\/","og_site_name":"TRUUSK - Hem, Tr\u00e4dg\u00e5rd &amp; Fritid","article_modified_time":"2026-03-12T08:01:30+00:00","og_image":[{"width":800,"height":800,"url":"https:\/\/i0.wp.com\/truusk.se\/wp-content\/uploads\/2024\/02\/salongstol-med-hjul-rullpall-hojdjusterbar-vridbar-salongspall-velvet-touch-foam-krom-bas-gra-35-x-35-x-49-61-cm.webp?fit=800%2C800&ssl=1","type":"image\/webp"}],"twitter_card":"summary_large_image","twitter_misc":{"Ber\u00e4knad l\u00e4stid":"1 minut"},"schema":{"@context":"https:\/\/schema.org","@graph":[{"@type":"WebPage","@id":"https:\/\/truusk.store\/sv\/produkt\/truusk-salongstol-med-hjul-rullpall-hojdjusterbar-vridbar-velvet-touch-foam-krom-bas-gra-35-x-35-x-49-61-cm\/","url":"https:\/\/truusk.store\/sv\/produkt\/truusk-salongstol-med-hjul-rullpall-hojdjusterbar-vridbar-velvet-touch-foam-krom-bas-gra-35-x-35-x-49-61-cm\/","name":"TRUUSK Salongstol Med Hjul - Rullpall H\u00f6jdjusterbar - Vridbar - Velvet Touch Foam - Krom Bas - Gr\u00e5 - 35 x 35 x 49-61 cm - TRUUSK - Hem, Tr\u00e4dg\u00e5rd &amp; Fritid","isPartOf":{"@id":"https:\/\/truusk.store\/sv\/#website"},"primaryImageOfPage":{"@id":"https:\/\/truusk.store\/sv\/produkt\/truusk-salongstol-med-hjul-rullpall-hojdjusterbar-vridbar-velvet-touch-foam-krom-bas-gra-35-x-35-x-49-61-cm\/#primaryimage"},"image":{"@id":"https:\/\/truusk.store\/sv\/produkt\/truusk-salongstol-med-hjul-rullpall-hojdjusterbar-vridbar-velvet-touch-foam-krom-bas-gra-35-x-35-x-49-61-cm\/#primaryimage"},"thumbnailUrl":"https:\/\/i0.wp.com\/truusk.store\/wp-content\/uploads\/2024\/02\/salongstol-med-hjul-rullpall-hojdjusterbar-vridbar-salongspall-velvet-touch-foam-krom-bas-gra-35-x-35-x-49-61-cm.webp?fit=800%2C800&ssl=1","datePublished":"2024-02-13T13:08:32+00:00","dateModified":"2026-03-12T08:01:30+00:00","breadcrumb":{"@id":"https:\/\/truusk.store\/sv\/produkt\/truusk-salongstol-med-hjul-rullpall-hojdjusterbar-vridbar-velvet-touch-foam-krom-bas-gra-35-x-35-x-49-61-cm\/#breadcrumb"},"inLanguage":"sv-SE","potentialAction":[{"@type":"ReadAction","target":["https:\/\/truusk.store\/sv\/produkt\/truusk-salongstol-med-hjul-rullpall-hojdjusterbar-vridbar-velvet-touch-foam-krom-bas-gra-35-x-35-x-49-61-cm\/"]}]},{"@type":"ImageObject","inLanguage":"sv-SE","@id":"https:\/\/truusk.store\/sv\/produkt\/truusk-salongstol-med-hjul-rullpall-hojdjusterbar-vridbar-velvet-touch-foam-krom-bas-gra-35-x-35-x-49-61-cm\/#primaryimage","url":"https:\/\/i0.wp.com\/truusk.store\/wp-content\/uploads\/2024\/02\/salongstol-med-hjul-rullpall-hojdjusterbar-vridbar-salongspall-velvet-touch-foam-krom-bas-gra-35-x-35-x-49-61-cm.webp?fit=800%2C800&ssl=1","contentUrl":"https:\/\/i0.wp.com\/truusk.store\/wp-content\/uploads\/2024\/02\/salongstol-med-hjul-rullpall-hojdjusterbar-vridbar-salongspall-velvet-touch-foam-krom-bas-gra-35-x-35-x-49-61-cm.webp?fit=800%2C800&ssl=1","width":800,"height":800,"caption":"Salongstol Med Hjul Rullpall H\u00f6jdjusterbar Vridbar Salongspall Velvet Touch Foam Krom Bas Gr\u00e5 35 X 35 X 49-61 Cm 1"},{"@type":"BreadcrumbList","@id":"https:\/\/truusk.store\/sv\/produkt\/truusk-salongstol-med-hjul-rullpall-hojdjusterbar-vridbar-velvet-touch-foam-krom-bas-gra-35-x-35-x-49-61-cm\/#breadcrumb","itemListElement":[{"@type":"ListItem","position":1,"name":"Home","item":"https:\/\/truusk.store\/sv\/"},{"@type":"ListItem","position":2,"name":"Shop","item":"https:\/\/truusk.store\/shop\/"},{"@type":"ListItem","position":3,"name":"TRUUSK Salongstol Med Hjul &#8211; Rullpall H\u00f6jdjusterbar &#8211; Vridbar &#8211; Velvet Touch Foam &#8211; Krom Bas &#8211; Gr\u00e5 &#8211; 35 x 35 x 49-61 cm"}]},{"@type":"WebSite","@id":"https:\/\/truusk.store\/sv\/#website","url":"https:\/\/truusk.store\/sv\/","name":"TRUUSK - Hem, Tr\u00e4dg\u00e5rd & Fritid","description":"","publisher":{"@id":"https:\/\/truusk.store\/sv\/#organization"},"potentialAction":[{"@type":"SearchAction","target":{"@type":"EntryPoint","urlTemplate":"https:\/\/truusk.store\/sv\/?s={search_term_string}"},"query-input":{"@type":"PropertyValueSpecification","valueRequired":true,"valueName":"search_term_string"}}],"inLanguage":"sv-SE"},{"@type":"Organization","@id":"https:\/\/truusk.store\/sv\/#organization","name":"TRUUSK - Hem, Tr\u00e4dg\u00e5rd & Fritid","url":"https:\/\/truusk.store\/sv\/","logo":{"@type":"ImageObject","inLanguage":"sv-SE","@id":"https:\/\/truusk.store\/sv\/#\/schema\/logo\/image\/","url":"https:\/\/i0.wp.com\/truusk.store\/wp-content\/uploads\/2026\/03\/cropped-TRUUSK.png?fit=2032%2C917&ssl=1","contentUrl":"https:\/\/i0.wp.com\/truusk.store\/wp-content\/uploads\/2026\/03\/cropped-TRUUSK.png?fit=2032%2C917&ssl=1","width":2032,"height":917,"caption":"TRUUSK - Hem, Tr\u00e4dg\u00e5rd & Fritid"},"image":{"@id":"https:\/\/truusk.store\/sv\/#\/schema\/logo\/image\/"}}]}},"jetpack_sharing_enabled":true,"_links":{"self":[{"href":"https:\/\/truusk.store\/sv\/wp-json\/wp\/v2\/product\/18070","targetHints":{"allow":["GET"]}}],"collection":[{"href":"https:\/\/truusk.store\/sv\/wp-json\/wp\/v2\/product"}],"about":[{"href":"https:\/\/truusk.store\/sv\/wp-json\/wp\/v2\/types\/product"}],"wp:featuredmedia":[{"embeddable":true,"href":"https:\/\/truusk.store\/sv\/wp-json\/wp\/v2\/media\/18071"}],"wp:attachment":[{"href":"https:\/\/truusk.store\/sv\/wp-json\/wp\/v2\/media?parent=18070"}],"wp:term":[{"taxonomy":"product_brand","embeddable":true,"href":"https:\/\/truusk.store\/sv\/wp-json\/wp\/v2\/product_brand?post=18070"},{"taxonomy":"product_cat","embeddable":true,"href":"https:\/\/truusk.store\/sv\/wp-json\/wp\/v2\/product_cat?post=18070"},{"taxonomy":"product_tag","embeddable":true,"href":"https:\/\/truusk.store\/sv\/wp-json\/wp\/v2\/product_tag?post=18070"}],"curies":[{"name":"wp","href":"https:\/\/api.w.org\/{rel}","templated":true}]}}